{"id":19187,"date":"2024-04-08T13:23:59","date_gmt":"2024-04-08T12:23:59","guid":{"rendered":"https:\/\/www.portalp.com\/oplossingen\/perronfacades\/"},"modified":"2025-02-03T17:03:03","modified_gmt":"2025-02-03T16:03:03","slug":"perrongevels","status":"publish","type":"page","link":"https:\/\/www.portalp.com\/nl_BE\/oplossingen\/perrongevels\/","title":{"rendered":"Perrongevels"},"content":{"rendered":"<p>[et_pb_section fb_built=&#8221;1&#8243; _builder_version=&#8221;4.24.2&#8243; _module_preset=&#8221;default&#8221; background_image=&#8221;https:\/\/www.portalp.com\/wp-content\/uploads\/2024\/04\/facades-de-quai.jpg&#8221; height=&#8221;80vh&#8221; height_tablet=&#8221;80vh&#8221; height_phone=&#8221;70vh&#8221; height_last_edited=&#8221;on|desktop&#8221; custom_padding=&#8221;||||false|false&#8221; global_colors_info=&#8221;{}&#8221;][et_pb_row column_structure=&#8221;2_5,3_5&#8243; _builder_version=&#8221;4.24.2&#8243; _module_preset=&#8221;default&#8221; position_origin_a=&#8221;bottom_center&#8221; vertical_offset=&#8221;50%&#8221; width=&#8221;100%&#8221; max_width=&#8221;100%&#8221; custom_padding=&#8221;||||false|false&#8221; custom_css_main_element=&#8221;transform: translateY(-30%);&#8221; global_colors_info=&#8221;{}&#8221;][et_pb_column type=&#8221;2_5&#8243; _builder_version=&#8221;4.24.2&#8243; _module_preset=&#8221;default&#8221; background_color=&#8221;rgba(206,27,0,0.58)&#8221; background_enable_color=&#8221;off&#8221; use_background_color_gradient=&#8221;on&#8221; background_color_gradient_stops=&#8221;rgba(0,117,191,0.8) 0%|rgba(0,27,56,0.8) 100%&#8221; transform_translate=&#8221;-20px|0px&#8221; transform_translate_linked=&#8221;off&#8221; transform_skew=&#8221;20deg|0deg&#8221; transform_skew_linked=&#8221;off&#8221; custom_css_main_element=&#8221;max-width:50%;&#8221; border_radii=&#8221;on|60px|60px|60px|60px&#8221; border_radii_tablet=&#8221;on|60px|60px|60px|60px&#8221; border_radii_phone=&#8221;on|40px|40px|40px|40px&#8221; border_radii_last_edited=&#8221;on|phone&#8221; global_colors_info=&#8221;{}&#8221; custom_css_main_element_last_edited=&#8221;on|phone&#8221; custom_css_main_element_phone=&#8221;max-width: 90%;&#8221; custom_css_main_element_tablet=&#8221;max-width:50%;&#8221;][et_pb_text _builder_version=&#8221;4.27.4&#8243; _module_preset=&#8221;default&#8221; header_font=&#8221;|600|||||||&#8221; header_text_color=&#8221;#FFFFFF&#8221; header_font_size=&#8221;40px&#8221; transform_skew=&#8221;-20deg|0deg&#8221; transform_skew_linked=&#8221;off&#8221; min_height=&#8221;30vh&#8221; custom_margin=&#8221;||0px||false|false&#8221; custom_padding=&#8221;8%|10%|8%|15%|true|false&#8221; header_font_size_tablet=&#8221;40px&#8221; header_font_size_phone=&#8221;26px&#8221; header_font_size_last_edited=&#8221;on|phone&#8221; custom_css_main_element=&#8221;display:flex;||align-items: center;&#8221; global_colors_info=&#8221;{}&#8221;]<\/p>\n<h1>Perrongevels<\/h1>\n<p>[\/et_pb_text][\/et_pb_column][et_pb_column type=&#8221;3_5&#8243; _builder_version=&#8221;4.24.2&#8243; _module_preset=&#8221;default&#8221; global_colors_info=&#8221;{}&#8221;][\/et_pb_column][\/et_pb_row][\/et_pb_section][et_pb_section fb_built=&#8221;1&#8243; _builder_version=&#8221;4.24.2&#8243; _module_preset=&#8221;default&#8221; global_colors_info=&#8221;{}&#8221;][et_pb_row _builder_version=&#8221;4.24.2&#8243; _module_preset=&#8221;default&#8221; global_colors_info=&#8221;{}&#8221;][et_pb_column type=&#8221;4_4&#8243; _builder_version=&#8221;4.24.2&#8243; _module_preset=&#8221;default&#8221; global_colors_info=&#8221;{}&#8221;][et_pb_text _builder_version=&#8221;4.24.2&#8243; _module_preset=&#8221;default&#8221; text_font=&#8221;||on||||||&#8221; text_text_color=&#8221;#B49988&#8243; text_font_size=&#8221;40px&#8221; text_orientation=&#8221;center&#8221; custom_css_free_form=&#8221;selector .et_pb_text_inner {||  display: inline-block;||}||||selector p::before {||  content: url(&#8216;https:\/\/www.portalp.com\/wp-content\/uploads\/2024\/04\/guillemet-ouverture-1.jpg&#8217;);||  margin-right:15px;||}||||selector p::after {||  content: url(&#8216;https:\/\/www.portalp.com\/wp-content\/uploads\/2024\/04\/guillemet-fermeture-1.jpg&#8217;);||  margin-left:15px;||}&#8221; global_colors_info=&#8221;{}&#8221;]<\/p>\n<p>Because <strong style=\"color: #005b94;\">Availability<\/strong> And <strong style=\"color: #005b94;\">Safety<\/strong><br \/>Are More Than <strong style=\"color: #005b94;\">French<\/strong> Luxury<\/p>\n<p>[\/et_pb_text][et_pb_text _builder_version=&#8221;4.24.2&#8243; _module_preset=&#8221;default&#8221; text_orientation=&#8221;center&#8221; global_colors_info=&#8221;{}&#8221;]<\/p>\n<h2>Geautomatiseerde openingsoplossingen voor spoorweginfrastructuren<\/h2>\n<p>Portalp Railway heeft meer dan 60 jaar ervaring in geautomatiseerde openingen, aangepast aan een specifieke internationale markt: het spoorwegvervoer.<\/p>\n<p>[\/et_pb_text][et_pb_text _builder_version=&#8221;4.27.4&#8243; _module_preset=&#8221;default&#8221; text_orientation=&#8221;center&#8221; hover_enabled=&#8221;0&#8243; global_colors_info=&#8221;{}&#8221; sticky_enabled=&#8221;0&#8243;]<\/p>\n<h2>Een reeks op maat gemaakte perrongevels voor de metro<\/h2>\n<p>Portalp biedt een totaaloplossing voor perrongevels, bestaande uit \u00e9\u00e9n of meer perrondeurmodules, hun bedieningsmodules, \u00e9\u00e9n paniekbalk en perroneinddeuren. Tot slot omvatten onze perrongevels ook specifieke klapdeuren voor bestuurders.<\/p>\n<p>[\/et_pb_text][et_pb_button button_url=&#8221;https:\/\/railway.portalp.com&#8221; url_new_window=&#8221;on&#8221; button_text=&#8221;Ontdek onze website over spoorwegen &#8221; module_class=&#8221;link-to-railway&#8221; _builder_version=&#8221;4.24.2&#8243; _module_preset=&#8221;default&#8221; button_icon=&#8221;&#xf35d;||fa||900&#8243; button_on_hover=&#8221;off&#8221; global_colors_info=&#8221;{}&#8221;][\/et_pb_button][\/et_pb_column][\/et_pb_row][\/et_pb_section][et_pb_section fb_built=&#8221;1&#8243; _builder_version=&#8221;4.24.2&#8243; _module_preset=&#8221;default&#8221; background_color=&#8221;#E4DAD3&#8243; global_colors_info=&#8221;{}&#8221;][et_pb_row _builder_version=&#8221;4.24.2&#8243; _module_preset=&#8221;default&#8221; global_colors_info=&#8221;{}&#8221;][et_pb_column type=&#8221;4_4&#8243; _builder_version=&#8221;4.24.2&#8243; _module_preset=&#8221;default&#8221; global_colors_info=&#8221;{}&#8221;][et_pb_text _builder_version=&#8221;4.27.4&#8243; _module_preset=&#8221;default&#8221; text_orientation=&#8221;center&#8221; global_colors_info=&#8221;{}&#8221;]<\/p>\n<h2>Complete oplossingen voor perrongevels van Portalp<\/h2>\n<p>[\/et_pb_text][\/et_pb_column][\/et_pb_row][et_pb_row column_structure=&#8221;1_3,1_3,1_3&#8243; make_equal=&#8221;on&#8221; _builder_version=&#8221;4.24.2&#8243; _module_preset=&#8221;default&#8221; global_colors_info=&#8221;{}&#8221;][et_pb_column type=&#8221;1_3&#8243; _builder_version=&#8221;4.24.2&#8243; _module_preset=&#8221;default&#8221; background_color=&#8221;#FFFFFF&#8221; link_option_url=&#8221;https:\/\/railway.portalp.com\/facades-de-quai\/portes-palieres-quai-hautes\/&#8221; link_option_url_new_window=&#8221;on&#8221; border_radii=&#8221;on|15px|15px|15px|15px&#8221; global_colors_info=&#8221;{}&#8221;][et_pb_image src=&#8221;https:\/\/www.portalp.com\/wp-content\/uploads\/2024\/04\/porte-paliere-quai-haute.jpg&#8221; alt=&#8221;Hoge platformdeuren&#8221; _builder_version=&#8221;4.24.2&#8243; _module_preset=&#8221;default&#8221; global_colors_info=&#8221;{}&#8221;][\/et_pb_image][et_pb_text _builder_version=&#8221;4.24.2&#8243; _module_preset=&#8221;default&#8221; header_3_text_align=&#8221;center&#8221; header_3_text_color=&#8221;#005B94&#8243; text_orientation=&#8221;center&#8221; custom_margin=&#8221;|20px|20px|20px|false|true&#8221; global_colors_info=&#8221;{}&#8221;]<\/p>\n<h3>Hoge platformdeuren<\/h3>\n<p>Onze hoge perrondeuren maken de toegang voor auto\u2019s gemakkelijker en veiliger, moderniseren de infrastructuur en verbeteren de warmte- en geluidsisolatie.<\/p>\n<p>[\/et_pb_text][\/et_pb_column][et_pb_column type=&#8221;1_3&#8243; _builder_version=&#8221;4.24.2&#8243; _module_preset=&#8221;default&#8221; background_color=&#8221;#FFFFFF&#8221; link_option_url=&#8221;https:\/\/railway.portalp.com\/facades-de-quai\/portes-palieres-quai-basses\/&#8221; link_option_url_new_window=&#8221;on&#8221; border_radii=&#8221;on|15px|15px|15px|15px&#8221; global_colors_info=&#8221;{}&#8221;][et_pb_image src=&#8221;https:\/\/www.portalp.com\/wp-content\/uploads\/2024\/04\/porte-paliere-quai-basse.jpg&#8221; alt=&#8221;Lage platformdeuren&#8221; _builder_version=&#8221;4.24.2&#8243; _module_preset=&#8221;default&#8221; global_colors_info=&#8221;{}&#8221;][\/et_pb_image][et_pb_text _builder_version=&#8221;4.24.2&#8243; _module_preset=&#8221;default&#8221; header_3_text_align=&#8221;center&#8221; header_3_text_color=&#8221;#005B94&#8243; text_orientation=&#8221;center&#8221; custom_margin=&#8221;|20px|20px|20px|false|true&#8221; global_colors_info=&#8221;{}&#8221;]<\/p>\n<h3>Lage platformdeuren<\/h3>\n<p>Onze lage perrondeuren bieden een gemakkelijke en veilige toegang voor auto\u2019s en zijn geschikt voor buitenstations en kleine voorzieningen.<\/p>\n<p>[\/et_pb_text][\/et_pb_column][et_pb_column type=&#8221;1_3&#8243; _builder_version=&#8221;4.24.2&#8243; _module_preset=&#8221;default&#8221; background_color=&#8221;#FFFFFF&#8221; link_option_url=&#8221;https:\/\/railway.portalp.com\/facades-de-quai\/portes-extremite-de-quai\/&#8221; link_option_url_new_window=&#8221;on&#8221; border_radii=&#8221;on|15px|15px|15px|15px&#8221; global_colors_info=&#8221;{}&#8221;][et_pb_image src=&#8221;https:\/\/www.portalp.com\/wp-content\/uploads\/2024\/04\/porte-extremite-quai.jpg&#8221; alt=&#8221;Dock einddeuren&#8221; _builder_version=&#8221;4.24.2&#8243; _module_preset=&#8221;default&#8221; global_colors_info=&#8221;{}&#8221;][\/et_pb_image][et_pb_text _builder_version=&#8221;4.27.2&#8243; _module_preset=&#8221;default&#8221; header_3_text_align=&#8221;center&#8221; header_3_text_color=&#8221;#005B94&#8243; text_orientation=&#8221;center&#8221; custom_margin=&#8221;|20px|20px|20px|false|true&#8221; global_colors_info=&#8221;{}&#8221;]<\/p>\n<h3>Perronafsluitdeuren<\/h3>\n<p>Perronafsluitdeuren beperken de toegang tot spoorwegtunnels tot bevoegde personen en maken evacuatie van de tunnels in noodgevallen mogelijk.<\/p>\n<p>[\/et_pb_text][\/et_pb_column][\/et_pb_row][et_pb_row column_structure=&#8221;1_3,1_3,1_3&#8243; make_equal=&#8221;on&#8221; _builder_version=&#8221;4.24.2&#8243; _module_preset=&#8221;default&#8221; global_colors_info=&#8221;{}&#8221;][et_pb_column type=&#8221;1_3&#8243; _builder_version=&#8221;4.24.2&#8243; _module_preset=&#8221;default&#8221; background_color=&#8221;#FFFFFF&#8221; link_option_url=&#8221;https:\/\/railway.portalp.com\/facades-de-quai\/push-bar\/&#8221; link_option_url_new_window=&#8221;on&#8221; border_radii=&#8221;on|15px|15px|15px|15px&#8221; global_colors_info=&#8221;{}&#8221;][et_pb_image src=&#8221;https:\/\/www.portalp.com\/wp-content\/uploads\/2024\/04\/push-bar-facade-quai.jpg&#8221; alt=&#8221;Push bar&#8221; _builder_version=&#8221;4.24.2&#8243; _module_preset=&#8221;default&#8221; global_colors_info=&#8221;{}&#8221;][\/et_pb_image][et_pb_text _builder_version=&#8221;4.24.2&#8243; _module_preset=&#8221;default&#8221; header_3_text_align=&#8221;center&#8221; header_3_text_color=&#8221;#005B94&#8243; text_orientation=&#8221;center&#8221; custom_margin=&#8221;|20px|20px|20px|false|true&#8221; global_colors_info=&#8221;{}&#8221;]<\/p>\n<h3>Push bar<\/h3>\n<p>Het duwstangsysteem voor noodzwenkdeuren is door Portalp ontwikkeld in overeenstemming met EN 1125 om een snelle en effici\u00ebnte evacuatie uit het metroperron mogelijk te maken.<\/p>\n<p>[\/et_pb_text][\/et_pb_column][et_pb_column type=&#8221;1_3&#8243; _builder_version=&#8221;4.24.2&#8243; _module_preset=&#8221;default&#8221; background_color=&#8221;#FFFFFF&#8221; link_option_url=&#8221;https:\/\/railway.portalp.com\/solutions-metallerie\/&#8221; link_option_url_new_window=&#8221;on&#8221; border_radii=&#8221;on|15px|15px|15px|15px&#8221; global_colors_info=&#8221;{}&#8221;][et_pb_image src=&#8221;https:\/\/www.portalp.com\/wp-content\/uploads\/2024\/04\/portillon-acces.jpg&#8221; alt=&#8221;Toegangspoort&#8221; _builder_version=&#8221;4.24.2&#8243; _module_preset=&#8221;default&#8221; global_colors_info=&#8221;{}&#8221;][\/et_pb_image][et_pb_text _builder_version=&#8221;4.24.2&#8243; _module_preset=&#8221;default&#8221; header_3_text_align=&#8221;center&#8221; header_3_text_color=&#8221;#005B94&#8243; text_orientation=&#8221;center&#8221; custom_margin=&#8221;|20px|20px|20px|false|true&#8221; global_colors_info=&#8221;{}&#8221;]<\/p>\n<h3>Uitrusting en oplossingen voor metaalbewerking<\/h3>\n<p>Met onze expertise in staalconstructie en andere spoorwegoplossingen ontwikkelen wij apparatuur om de ervaring van reizigers en spoorwegpersoneel te verbeteren.<\/p>\n<p>[\/et_pb_text][\/et_pb_column][et_pb_column type=&#8221;1_3&#8243; _builder_version=&#8221;4.24.2&#8243; _module_preset=&#8221;default&#8221; background_color=&#8221;#FFFFFF&#8221; link_option_url=&#8221;https:\/\/railway.portalp.com\/services\/maintenance\/&#8221; link_option_url_new_window=&#8221;on&#8221; border_radii=&#8221;on|15px|15px|15px|15px&#8221; global_colors_info=&#8221;{}&#8221;][et_pb_image src=&#8221;https:\/\/www.portalp.com\/wp-content\/uploads\/2024\/04\/maintenance-facade-quai.jpg&#8221; alt=&#8221;Installatie en onderhoud&#8221; _builder_version=&#8221;4.24.2&#8243; _module_preset=&#8221;default&#8221; global_colors_info=&#8221;{}&#8221;][\/et_pb_image][et_pb_text _builder_version=&#8221;4.24.2&#8243; _module_preset=&#8221;default&#8221; header_3_text_align=&#8221;center&#8221; header_3_text_color=&#8221;#005B94&#8243; text_orientation=&#8221;center&#8221; custom_margin=&#8221;|20px|20px|20px|false|true&#8221; global_colors_info=&#8221;{}&#8221;]<\/p>\n<h3>Installatie en onderhoud<\/h3>\n<p>Dankzij onze zakelijke expertise en flexibiliteit kunnen wij uw Portalp Railway of multi-brand oplossingen installeren en onderhouden.<\/p>\n<p>[\/et_pb_text][\/et_pb_column][\/et_pb_row][et_pb_row _builder_version=&#8221;4.24.2&#8243; _module_preset=&#8221;default&#8221; global_colors_info=&#8221;{}&#8221;][et_pb_column type=&#8221;4_4&#8243; _builder_version=&#8221;4.24.2&#8243; _module_preset=&#8221;default&#8221; global_colors_info=&#8221;{}&#8221;][et_pb_button button_url=&#8221;https:\/\/railway.portalp.com\/&#8221; url_new_window=&#8221;on&#8221; button_text=&#8221;Ontdek onze website over spoorwegen &#8221; module_class=&#8221;link-to-railway&#8221; _builder_version=&#8221;4.24.2&#8243; _module_preset=&#8221;default&#8221; button_icon=&#8221;&#xf35d;||fa||900&#8243; button_on_hover=&#8221;off&#8221; global_colors_info=&#8221;{}&#8221;][\/et_pb_button][\/et_pb_column][\/et_pb_row][\/et_pb_section]<\/p>\n","protected":false},"excerpt":{"rendered":"<p>PerrongevelsBecause Availability And SafetyAre More Than French LuxuryGeautomatiseerde openingsoplossingen voor spoorweginfrastructuren Portalp Railway heeft meer dan 60 jaar ervaring in geautomatiseerde openingen, aangepast aan een specifieke internationale markt: het spoorwegvervoer.Een reeks op maat gemaakte perrongevels voor de metro Portalp biedt een totaaloplossing voor perrongevels, bestaande uit \u00e9\u00e9n of meer perrondeurmodules, hun bedieningsmodules, \u00e9\u00e9n paniekbalk en [&hellip;]<\/p>\n","protected":false},"author":1,"featured_media":7032,"parent":19181,"menu_order":0,"comment_status":"closed","ping_status":"closed","template":"","meta":{"_et_pb_use_builder":"on","_et_pb_old_content":"","_et_gb_content_width":"","footnotes":""},"class_list":["post-19187","page","type-page","status-publish","has-post-thumbnail","hentry"],"yoast_head":"<!-- This site is optimized with the Yoast SEO plugin v27.4 - https:\/\/yoast.com\/product\/yoast-seo-wordpress\/ -->\n<title>Perrongevels | Portalp<\/title>\n<meta name=\"description\" content=\"Ontdek onze geautomatiseerde perrongeveloplossingen, ontworpen om de veiligheid en effici\u00ebntie van spoorweginfrastructuren te verbeteren.\" \/>\n<meta name=\"robots\" content=\"index, follow, max-snippet:-1, max-image-preview:large, max-video-preview:-1\" \/>\n<link rel=\"canonical\" href=\"https:\/\/www.portalp.com\/nl_BE\/oplossingen\/perrongevels\/\" \/>\n<meta property=\"og:locale\" content=\"nl_BE\" \/>\n<meta property=\"og:type\" content=\"article\" \/>\n<meta property=\"og:title\" content=\"Perrongevels | Portalp\" \/>\n<meta property=\"og:description\" content=\"Ontdek onze geautomatiseerde perrongeveloplossingen, ontworpen om de veiligheid en effici\u00ebntie van spoorweginfrastructuren te verbeteren.\" \/>\n<meta property=\"og:url\" content=\"https:\/\/www.portalp.com\/nl_BE\/oplossingen\/perrongevels\/\" \/>\n<meta property=\"og:site_name\" content=\"Portalp\" \/>\n<meta property=\"article:modified_time\" content=\"2025-02-03T16:03:03+00:00\" \/>\n<meta property=\"og:image\" content=\"https:\/\/www.portalp.com\/wp-content\/uploads\/2024\/07\/portalp_solutions_facades_de_quai_ferroviaire.jpg\" \/>\n\t<meta property=\"og:image:width\" content=\"500\" \/>\n\t<meta property=\"og:image:height\" content=\"500\" \/>\n\t<meta property=\"og:image:type\" content=\"image\/jpeg\" \/>\n<meta name=\"twitter:card\" content=\"summary_large_image\" \/>\n<meta name=\"twitter:label1\" content=\"Geschatte leestijd\" \/>\n\t<meta name=\"twitter:data1\" content=\"3 minuten\" \/>\n<script type=\"application\/ld+json\" class=\"yoast-schema-graph\">{\"@context\":\"https:\\\/\\\/schema.org\",\"@graph\":[{\"@type\":\"WebPage\",\"@id\":\"https:\\\/\\\/www.portalp.com\\\/nl_BE\\\/oplossingen\\\/perrongevels\\\/\",\"url\":\"https:\\\/\\\/www.portalp.com\\\/nl_BE\\\/oplossingen\\\/perrongevels\\\/\",\"name\":\"Perrongevels | Portalp\",\"isPartOf\":{\"@id\":\"https:\\\/\\\/www.portalp.com\\\/nl_BE\\\/#website\"},\"primaryImageOfPage\":{\"@id\":\"https:\\\/\\\/www.portalp.com\\\/nl_BE\\\/oplossingen\\\/perrongevels\\\/#primaryimage\"},\"image\":{\"@id\":\"https:\\\/\\\/www.portalp.com\\\/nl_BE\\\/oplossingen\\\/perrongevels\\\/#primaryimage\"},\"thumbnailUrl\":\"https:\\\/\\\/www.portalp.com\\\/wp-content\\\/uploads\\\/2024\\\/07\\\/portalp_solutions_facades_de_quai_ferroviaire.jpg\",\"datePublished\":\"2024-04-08T12:23:59+00:00\",\"dateModified\":\"2025-02-03T16:03:03+00:00\",\"description\":\"Ontdek onze geautomatiseerde perrongeveloplossingen, ontworpen om de veiligheid en effici\u00ebntie van spoorweginfrastructuren te verbeteren.\",\"breadcrumb\":{\"@id\":\"https:\\\/\\\/www.portalp.com\\\/nl_BE\\\/oplossingen\\\/perrongevels\\\/#breadcrumb\"},\"inLanguage\":\"nl-BE\",\"potentialAction\":[{\"@type\":\"ReadAction\",\"target\":[\"https:\\\/\\\/www.portalp.com\\\/nl_BE\\\/oplossingen\\\/perrongevels\\\/\"]}]},{\"@type\":\"ImageObject\",\"inLanguage\":\"nl-BE\",\"@id\":\"https:\\\/\\\/www.portalp.com\\\/nl_BE\\\/oplossingen\\\/perrongevels\\\/#primaryimage\",\"url\":\"https:\\\/\\\/www.portalp.com\\\/wp-content\\\/uploads\\\/2024\\\/07\\\/portalp_solutions_facades_de_quai_ferroviaire.jpg\",\"contentUrl\":\"https:\\\/\\\/www.portalp.com\\\/wp-content\\\/uploads\\\/2024\\\/07\\\/portalp_solutions_facades_de_quai_ferroviaire.jpg\",\"width\":500,\"height\":500,\"caption\":\"Fa\u00e7ade de quai\"},{\"@type\":\"BreadcrumbList\",\"@id\":\"https:\\\/\\\/www.portalp.com\\\/nl_BE\\\/oplossingen\\\/perrongevels\\\/#breadcrumb\",\"itemListElement\":[{\"@type\":\"ListItem\",\"position\":1,\"name\":\"Home\",\"item\":\"https:\\\/\\\/www.portalp.com\\\/nl_BE\\\/\"},{\"@type\":\"ListItem\",\"position\":2,\"name\":\"Oplossingen\",\"item\":\"https:\\\/\\\/www.portalp.com\\\/nl_BE\\\/oplossingen\\\/\"},{\"@type\":\"ListItem\",\"position\":3,\"name\":\"Perrongevels\"}]},{\"@type\":\"WebSite\",\"@id\":\"https:\\\/\\\/www.portalp.com\\\/nl_BE\\\/#website\",\"url\":\"https:\\\/\\\/www.portalp.com\\\/nl_BE\\\/\",\"name\":\"Portalp\",\"description\":\"\",\"publisher\":{\"@id\":\"https:\\\/\\\/www.portalp.com\\\/nl_BE\\\/#organization\"},\"potentialAction\":[{\"@type\":\"SearchAction\",\"target\":{\"@type\":\"EntryPoint\",\"urlTemplate\":\"https:\\\/\\\/www.portalp.com\\\/nl_BE\\\/?s={search_term_string}\"},\"query-input\":{\"@type\":\"PropertyValueSpecification\",\"valueRequired\":true,\"valueName\":\"search_term_string\"}}],\"inLanguage\":\"nl-BE\"},{\"@type\":\"Organization\",\"@id\":\"https:\\\/\\\/www.portalp.com\\\/nl_BE\\\/#organization\",\"name\":\"Portalp\",\"url\":\"https:\\\/\\\/www.portalp.com\\\/nl_BE\\\/\",\"logo\":{\"@type\":\"ImageObject\",\"inLanguage\":\"nl-BE\",\"@id\":\"https:\\\/\\\/www.portalp.com\\\/nl_BE\\\/#\\\/schema\\\/logo\\\/image\\\/\",\"url\":\"https:\\\/\\\/www.portalp.com\\\/wp-content\\\/uploads\\\/2024\\\/05\\\/Logo-PORTALP_coul-72.png\",\"contentUrl\":\"https:\\\/\\\/www.portalp.com\\\/wp-content\\\/uploads\\\/2024\\\/05\\\/Logo-PORTALP_coul-72.png\",\"width\":375,\"height\":142,\"caption\":\"Portalp\"},\"image\":{\"@id\":\"https:\\\/\\\/www.portalp.com\\\/nl_BE\\\/#\\\/schema\\\/logo\\\/image\\\/\"},\"sameAs\":[\"https:\\\/\\\/www.linkedin.com\\\/company\\\/portalp\"]}]}<\/script>\n<!-- \/ Yoast SEO plugin. -->","yoast_head_json":{"title":"Perrongevels | Portalp","description":"Ontdek onze geautomatiseerde perrongeveloplossingen, ontworpen om de veiligheid en effici\u00ebntie van spoorweginfrastructuren te verbeteren.","robots":{"index":"index","follow":"follow","max-snippet":"max-snippet:-1","max-image-preview":"max-image-preview:large","max-video-preview":"max-video-preview:-1"},"canonical":"https:\/\/www.portalp.com\/nl_BE\/oplossingen\/perrongevels\/","og_locale":"nl_BE","og_type":"article","og_title":"Perrongevels | Portalp","og_description":"Ontdek onze geautomatiseerde perrongeveloplossingen, ontworpen om de veiligheid en effici\u00ebntie van spoorweginfrastructuren te verbeteren.","og_url":"https:\/\/www.portalp.com\/nl_BE\/oplossingen\/perrongevels\/","og_site_name":"Portalp","article_modified_time":"2025-02-03T16:03:03+00:00","og_image":[{"width":500,"height":500,"url":"https:\/\/www.portalp.com\/wp-content\/uploads\/2024\/07\/portalp_solutions_facades_de_quai_ferroviaire.jpg","type":"image\/jpeg"}],"twitter_card":"summary_large_image","twitter_misc":{"Geschatte leestijd":"3 minuten"},"schema":{"@context":"https:\/\/schema.org","@graph":[{"@type":"WebPage","@id":"https:\/\/www.portalp.com\/nl_BE\/oplossingen\/perrongevels\/","url":"https:\/\/www.portalp.com\/nl_BE\/oplossingen\/perrongevels\/","name":"Perrongevels | Portalp","isPartOf":{"@id":"https:\/\/www.portalp.com\/nl_BE\/#website"},"primaryImageOfPage":{"@id":"https:\/\/www.portalp.com\/nl_BE\/oplossingen\/perrongevels\/#primaryimage"},"image":{"@id":"https:\/\/www.portalp.com\/nl_BE\/oplossingen\/perrongevels\/#primaryimage"},"thumbnailUrl":"https:\/\/www.portalp.com\/wp-content\/uploads\/2024\/07\/portalp_solutions_facades_de_quai_ferroviaire.jpg","datePublished":"2024-04-08T12:23:59+00:00","dateModified":"2025-02-03T16:03:03+00:00","description":"Ontdek onze geautomatiseerde perrongeveloplossingen, ontworpen om de veiligheid en effici\u00ebntie van spoorweginfrastructuren te verbeteren.","breadcrumb":{"@id":"https:\/\/www.portalp.com\/nl_BE\/oplossingen\/perrongevels\/#breadcrumb"},"inLanguage":"nl-BE","potentialAction":[{"@type":"ReadAction","target":["https:\/\/www.portalp.com\/nl_BE\/oplossingen\/perrongevels\/"]}]},{"@type":"ImageObject","inLanguage":"nl-BE","@id":"https:\/\/www.portalp.com\/nl_BE\/oplossingen\/perrongevels\/#primaryimage","url":"https:\/\/www.portalp.com\/wp-content\/uploads\/2024\/07\/portalp_solutions_facades_de_quai_ferroviaire.jpg","contentUrl":"https:\/\/www.portalp.com\/wp-content\/uploads\/2024\/07\/portalp_solutions_facades_de_quai_ferroviaire.jpg","width":500,"height":500,"caption":"Fa\u00e7ade de quai"},{"@type":"BreadcrumbList","@id":"https:\/\/www.portalp.com\/nl_BE\/oplossingen\/perrongevels\/#breadcrumb","itemListElement":[{"@type":"ListItem","position":1,"name":"Home","item":"https:\/\/www.portalp.com\/nl_BE\/"},{"@type":"ListItem","position":2,"name":"Oplossingen","item":"https:\/\/www.portalp.com\/nl_BE\/oplossingen\/"},{"@type":"ListItem","position":3,"name":"Perrongevels"}]},{"@type":"WebSite","@id":"https:\/\/www.portalp.com\/nl_BE\/#website","url":"https:\/\/www.portalp.com\/nl_BE\/","name":"Portalp","description":"","publisher":{"@id":"https:\/\/www.portalp.com\/nl_BE\/#organization"},"potentialAction":[{"@type":"SearchAction","target":{"@type":"EntryPoint","urlTemplate":"https:\/\/www.portalp.com\/nl_BE\/?s={search_term_string}"},"query-input":{"@type":"PropertyValueSpecification","valueRequired":true,"valueName":"search_term_string"}}],"inLanguage":"nl-BE"},{"@type":"Organization","@id":"https:\/\/www.portalp.com\/nl_BE\/#organization","name":"Portalp","url":"https:\/\/www.portalp.com\/nl_BE\/","logo":{"@type":"ImageObject","inLanguage":"nl-BE","@id":"https:\/\/www.portalp.com\/nl_BE\/#\/schema\/logo\/image\/","url":"https:\/\/www.portalp.com\/wp-content\/uploads\/2024\/05\/Logo-PORTALP_coul-72.png","contentUrl":"https:\/\/www.portalp.com\/wp-content\/uploads\/2024\/05\/Logo-PORTALP_coul-72.png","width":375,"height":142,"caption":"Portalp"},"image":{"@id":"https:\/\/www.portalp.com\/nl_BE\/#\/schema\/logo\/image\/"},"sameAs":["https:\/\/www.linkedin.com\/company\/portalp"]}]}},"_links":{"self":[{"href":"https:\/\/www.portalp.com\/nl_BE\/wp-json\/wp\/v2\/pages\/19187","targetHints":{"allow":["GET"]}}],"collection":[{"href":"https:\/\/www.portalp.com\/nl_BE\/wp-json\/wp\/v2\/pages"}],"about":[{"href":"https:\/\/www.portalp.com\/nl_BE\/wp-json\/wp\/v2\/types\/page"}],"author":[{"embeddable":true,"href":"https:\/\/www.portalp.com\/nl_BE\/wp-json\/wp\/v2\/users\/1"}],"replies":[{"embeddable":true,"href":"https:\/\/www.portalp.com\/nl_BE\/wp-json\/wp\/v2\/comments?post=19187"}],"version-history":[{"count":0,"href":"https:\/\/www.portalp.com\/nl_BE\/wp-json\/wp\/v2\/pages\/19187\/revisions"}],"up":[{"embeddable":true,"href":"https:\/\/www.portalp.com\/nl_BE\/wp-json\/wp\/v2\/pages\/19181"}],"wp:featuredmedia":[{"embeddable":true,"href":"https:\/\/www.portalp.com\/nl_BE\/wp-json\/wp\/v2\/media\/7032"}],"wp:attachment":[{"href":"https:\/\/www.portalp.com\/nl_BE\/wp-json\/wp\/v2\/media?parent=19187"}],"curies":[{"name":"wp","href":"https:\/\/api.w.org\/{rel}","templated":true}]}}