{"id":39577,"date":"2024-03-04T13:49:18","date_gmt":"2024-03-04T12:49:18","guid":{"rendered":"https:\/\/www.portalp.com\/mercati\/"},"modified":"2025-05-20T15:58:22","modified_gmt":"2025-05-20T14:58:22","slug":"mercati","status":"publish","type":"page","link":"https:\/\/www.portalp.com\/it\/mercati\/","title":{"rendered":"Mercati"},"content":{"rendered":"<p>[et_pb_section fb_built=&#8221;1&#8243; _builder_version=&#8221;4.27.4&#8243; _module_preset=&#8221;default&#8221; background_color=&#8221;#E4DAD3&#8243; custom_margin=&#8221;100px||||false|false&#8221; custom_margin_tablet=&#8221;110px||||false|false&#8221; custom_margin_phone=&#8221;60px||||false|false&#8221; custom_margin_last_edited=&#8221;on|phone&#8221; custom_padding=&#8221;||||true|false&#8221; custom_css_free_form=&#8221;selector .et_pb_blurb_container {||  background-color: rgba(255,255,255,0.4);||  margin-top: 10px;||  overflow: hidden;||  border-radius: 10px;||}||||selector .et_pb_blurb_description {||  background-color: #B49988;||  transform: skew(-20deg) translateX(-5px);||  transform-origin: top;||  border-radius: 10px;||  height: 100%;||  transition: linear-gradient 2s ease;||    padding: 10px 20px;||}||||selector h2 {||  font-size:18px;||  transform: skew(20deg);||  transform-origin: top;||  background-color: #B49988;||  color: #fff;||  width:95%||}&#8221; locked=&#8221;off&#8221; global_colors_info=&#8221;{}&#8221;][et_pb_row _builder_version=&#8221;4.24.2&#8243; _module_preset=&#8221;default&#8221; global_colors_info=&#8221;{}&#8221;][et_pb_column type=&#8221;4_4&#8243; _builder_version=&#8221;4.24.2&#8243; _module_preset=&#8221;default&#8221; global_colors_info=&#8221;{}&#8221;][et_pb_text disabled_on=&#8221;off|off|off&#8221; _builder_version=&#8221;4.27.4&#8243; _module_preset=&#8221;default&#8221; text_font_size=&#8221;0.8em&#8221; hover_enabled=&#8221;0&#8243; saved_tabs=&#8221;all&#8221; global_colors_info=&#8221;{}&#8221; sticky_enabled=&#8221;0&#8243;]<\/p>\n<span><span><a href=\"https:\/\/www.portalp.com\/it\/\">Home<\/a><\/span><\/span>\n<p>[\/et_pb_text][\/et_pb_column][\/et_pb_row][et_pb_row module_id=&#8221;page-mere-marches&#8221; _builder_version=&#8221;4.24.2&#8243; _module_preset=&#8221;default&#8221; global_colors_info=&#8221;{}&#8221;][et_pb_column type=&#8221;4_4&#8243; _builder_version=&#8221;4.24.2&#8243; _module_preset=&#8221;default&#8221; global_colors_info=&#8221;{}&#8221;][et_pb_text _builder_version=&#8221;4.27.4&#8243; _module_preset=&#8221;default&#8221; header_font=&#8221;||||||||&#8221; header_text_color=&#8221;#005B94&#8243; custom_margin=&#8221;||32px|||&#8221; hover_enabled=&#8221;0&#8243; global_colors_info=&#8221;{}&#8221; sticky_enabled=&#8221;0&#8243;]<\/p>\n<h1 style=\"text-align: center;\">I Suoi mercati<\/h1>\n<p>[\/et_pb_text][et_pb_text _builder_version=&#8221;4.27.4&#8243; _module_preset=&#8221;default&#8221; text_text_color=&#8221;#005B94&#8243; width=&#8221;80%&#8221; width_tablet=&#8221;80%&#8221; width_phone=&#8221;80%&#8221; width_last_edited=&#8221;on|desktop&#8221; module_alignment=&#8221;center&#8221; global_colors_info=&#8221;{}&#8221;]<\/p>\n<p style=\"text-align: center;\">Offriamo soluzioni di accesso automatizzato personalizzate, progettate per soddisfare i requisiti specifici e i vincoli tecnici di ciascuno dei Suoi settori di attivit\u00e0.<\/p>\n<p>[\/et_pb_text][\/et_pb_column][\/et_pb_row][et_pb_row column_structure=&#8221;1_5,1_5,1_5,1_5,1_5&#8243; use_custom_gutter=&#8221;on&#8221; gutter_width=&#8221;2&#8243; _builder_version=&#8221;4.24.2&#8243; _module_preset=&#8221;default&#8221; global_colors_info=&#8221;{}&#8221;][et_pb_column type=&#8221;1_5&#8243; _builder_version=&#8221;4.24.2&#8243; _module_preset=&#8221;default&#8221; global_colors_info=&#8221;{}&#8221;][et_pb_blurb image=&#8221;https:\/\/www.portalp.com\/wp-content\/uploads\/2024\/03\/salles-prores.jpg&#8221; alt=&#8221;Operatore in sala sterile&#8221; _builder_version=&#8221;4.27.4&#8243; _dynamic_attributes=&#8221;link_option_url&#8221; _module_preset=&#8221;default&#8221; header_level=&#8221;h2&#8243; animation=&#8221;off&#8221; link_option_url=&#8221;@ET-DC@eyJkeW5hbWljIjp0cnVlLCJjb250ZW50IjoicG9zdF9saW5rX3VybF9wYWdlIiwic2V0dGluZ3MiOnsicG9zdF9pZCI6IjIwMzkiLCJlbmFibGVfaHRtbCI6Im9mZiJ9fQ==@&#8221; custom_css_blurb_image=&#8221;margin: 0;&#8221; border_radii_image=&#8221;on|15px|15px|15px|15px&#8221; global_colors_info=&#8221;{}&#8221;]<\/p>\n<h2>Sala <br \/>sterile<\/h2>\n<p>[\/et_pb_blurb][\/et_pb_column][et_pb_column type=&#8221;1_5&#8243; _builder_version=&#8221;4.24.2&#8243; _module_preset=&#8221;default&#8221; global_colors_info=&#8221;{}&#8221;][et_pb_blurb image=&#8221;https:\/\/www.portalp.com\/wp-content\/uploads\/2024\/05\/sante-hospitalier-scaled.jpg&#8221; alt=&#8221;Portalp opera nel settore sanitario e ospedaliero, dotando le infrastrutture di porte automatiche e altri sistemi di accesso automatizzati.&#8221; _builder_version=&#8221;4.27.4&#8243; _dynamic_attributes=&#8221;link_option_url&#8221; _module_preset=&#8221;default&#8221; header_level=&#8221;h2&#8243; animation=&#8221;off&#8221; link_option_url=&#8221;@ET-DC@eyJkeW5hbWljIjp0cnVlLCJjb250ZW50IjoicG9zdF9saW5rX3VybF9wYWdlIiwic2V0dGluZ3MiOnsicG9zdF9pZCI6Ijk4NzAiLCJlbmFibGVfaHRtbCI6Im9mZiJ9fQ==@&#8221; custom_css_blurb_image=&#8221;margin: 0;&#8221; border_radii_image=&#8221;on|15px|15px|15px|15px&#8221; global_colors_info=&#8221;{}&#8221;]<\/p>\n<h2>Salute<br \/>Ospedale<\/h2>\n<p>[\/et_pb_blurb][\/et_pb_column][et_pb_column type=&#8221;1_5&#8243; _builder_version=&#8221;4.24.2&#8243; _module_preset=&#8221;default&#8221; global_colors_info=&#8221;{}&#8221;][et_pb_blurb image=&#8221;https:\/\/www.portalp.com\/wp-content\/uploads\/2024\/05\/archi-entreprise-generale.jpg&#8221; alt=&#8221;Architetti intorno a un piano&#8221; _builder_version=&#8221;4.27.4&#8243; _dynamic_attributes=&#8221;link_option_url&#8221; _module_preset=&#8221;default&#8221; header_level=&#8221;h2&#8243; animation=&#8221;off&#8221; link_option_url=&#8221;@ET-DC@eyJkeW5hbWljIjp0cnVlLCJjb250ZW50IjoicG9zdF9saW5rX3VybF9wYWdlIiwic2V0dGluZ3MiOnsicG9zdF9pZCI6IjE4NzUiLCJlbmFibGVfaHRtbCI6Im9mZiJ9fQ==@&#8221; custom_css_blurb_image=&#8221;margin: 0;&#8221; border_radii_image=&#8221;on|15px|15px|15px|15px&#8221; global_colors_info=&#8221;{}&#8221;]<\/p>\n<h2>Architetti<br \/>Imprese generali<\/h2>\n<p>[\/et_pb_blurb][\/et_pb_column][et_pb_column type=&#8221;1_5&#8243; _builder_version=&#8221;4.24.2&#8243; _module_preset=&#8221;default&#8221; global_colors_info=&#8221;{}&#8221;][et_pb_blurb image=&#8221;https:\/\/www.portalp.com\/wp-content\/uploads\/2024\/05\/industries.jpg&#8221; alt=&#8221;Operatore di produzione&#8221; _builder_version=&#8221;4.27.4&#8243; _dynamic_attributes=&#8221;link_option_url&#8221; _module_preset=&#8221;default&#8221; header_level=&#8221;h2&#8243; animation=&#8221;off&#8221; link_option_url=&#8221;@ET-DC@eyJkeW5hbWljIjp0cnVlLCJjb250ZW50IjoicG9zdF9saW5rX3VybF9wYWdlIiwic2V0dGluZ3MiOnsicG9zdF9pZCI6IjExNzU1IiwiZW5hYmxlX2h0bWwiOiJvZmYifX0=@&#8221; custom_css_blurb_image=&#8221;margin: 0;&#8221; border_radii_image=&#8221;on|15px|15px|15px|15px&#8221; global_colors_info=&#8221;{}&#8221;]<\/p>\n<h2>Industrie<br \/><span style=\"color: #b49988;\">&#8211;<\/span><\/h2>\n<p>[\/et_pb_blurb][\/et_pb_column][et_pb_column type=&#8221;1_5&#8243; _builder_version=&#8221;4.24.2&#8243; _module_preset=&#8221;default&#8221; global_colors_info=&#8221;{}&#8221;][et_pb_blurb image=&#8221;https:\/\/www.portalp.com\/wp-content\/uploads\/2024\/05\/bancaire.jpg&#8221; alt=&#8221;Un&apos;intervista tra un uomo e una donna&#8221; _builder_version=&#8221;4.27.4&#8243; _dynamic_attributes=&#8221;link_option_url&#8221; _module_preset=&#8221;default&#8221; header_level=&#8221;h2&#8243; animation=&#8221;off&#8221; link_option_url=&#8221;@ET-DC@eyJkeW5hbWljIjp0cnVlLCJjb250ZW50IjoicG9zdF9saW5rX3VybF9wYWdlIiwic2V0dGluZ3MiOnsicG9zdF9pZCI6IjEyMzM5IiwiZW5hYmxlX2h0bWwiOiJvZmYifX0=@&#8221; custom_css_blurb_image=&#8221;margin: 0;&#8221; border_radii_image=&#8221;on|15px|15px|15px|15px&#8221; global_colors_info=&#8221;{}&#8221;]<\/p>\n<h2>Settore <br \/>bancario<\/h2>\n<p>[\/et_pb_blurb][\/et_pb_column][\/et_pb_row][et_pb_row column_structure=&#8221;1_5,1_5,1_5,1_5,1_5&#8243; use_custom_gutter=&#8221;on&#8221; gutter_width=&#8221;2&#8243; _builder_version=&#8221;4.24.2&#8243; _module_preset=&#8221;default&#8221; global_colors_info=&#8221;{}&#8221;][et_pb_column type=&#8221;1_5&#8243; _builder_version=&#8221;4.24.2&#8243; _module_preset=&#8221;default&#8221; global_colors_info=&#8221;{}&#8221;][et_pb_blurb image=&#8221;https:\/\/www.portalp.com\/wp-content\/uploads\/2024\/05\/administration-tertiaire.jpg&#8221; alt=&#8221;Dipendenti che chiacchierano intorno a una scrivania&#8221; _builder_version=&#8221;4.27.4&#8243; _dynamic_attributes=&#8221;link_option_url&#8221; _module_preset=&#8221;default&#8221; header_level=&#8221;h2&#8243; animation=&#8221;off&#8221; link_option_url=&#8221;@ET-DC@eyJkeW5hbWljIjp0cnVlLCJjb250ZW50IjoicG9zdF9saW5rX3VybF9wYWdlIiwic2V0dGluZ3MiOnsicG9zdF9pZCI6IjE4ODUiLCJlbmFibGVfaHRtbCI6Im9mZiJ9fQ==@&#8221; custom_css_blurb_image=&#8221;margin: 0;&#8221; border_radii_image=&#8221;on|15px|15px|15px|15px&#8221; global_colors_info=&#8221;{}&#8221;]<\/p>\n<h2>Autorit\u00e0 pubbliche<br \/>Autorit\u00e0 locali<\/h2>\n<p>[\/et_pb_blurb][\/et_pb_column][et_pb_column type=&#8221;1_5&#8243; _builder_version=&#8221;4.24.2&#8243; _module_preset=&#8221;default&#8221; global_colors_info=&#8221;{}&#8221;][et_pb_blurb image=&#8221;https:\/\/www.portalp.com\/wp-content\/uploads\/2024\/03\/commerces.jpg&#8221; alt=&#8221;Coppia in un centro commerciale&#8221; _builder_version=&#8221;4.27.4&#8243; _dynamic_attributes=&#8221;link_option_url&#8221; _module_preset=&#8221;default&#8221; header_level=&#8221;h2&#8243; animation=&#8221;off&#8221; link_option_url=&#8221;@ET-DC@eyJkeW5hbWljIjp0cnVlLCJjb250ZW50IjoicG9zdF9saW5rX3VybF9wYWdlIiwic2V0dGluZ3MiOnsicG9zdF9pZCI6IjE4ODgiLCJlbmFibGVfaHRtbCI6Im9mZiJ9fQ==@&#8221; custom_css_blurb_image=&#8221;margin: 0;&#8221; border_radii_image=&#8221;on|15px|15px|15px|15px&#8221; global_colors_info=&#8221;{}&#8221;]<\/p>\n<h2>Negozi<br \/><span style=\"color: #b49988;\">&#8211;<\/span><\/h2>\n<p>[\/et_pb_blurb][\/et_pb_column][et_pb_column type=&#8221;1_5&#8243; _builder_version=&#8221;4.24.2&#8243; _module_preset=&#8221;default&#8221; global_colors_info=&#8221;{}&#8221;][et_pb_blurb image=&#8221;https:\/\/www.portalp.com\/wp-content\/uploads\/2024\/05\/hotellerie-restauration.jpg&#8221; alt=&#8221;Cameriera che apparecchia in un ristorante&#8221; _builder_version=&#8221;4.27.4&#8243; _dynamic_attributes=&#8221;link_option_url&#8221; _module_preset=&#8221;default&#8221; header_level=&#8221;h2&#8243; animation=&#8221;off&#8221; link_option_url=&#8221;@ET-DC@eyJkeW5hbWljIjp0cnVlLCJjb250ZW50IjoicG9zdF9saW5rX3VybF9wYWdlIiwic2V0dGluZ3MiOnsicG9zdF9pZCI6IjE4OTEiLCJlbmFibGVfaHRtbCI6Im9mZiJ9fQ==@&#8221; custom_css_blurb_image=&#8221;margin: 0;&#8221; border_radii_image=&#8221;on|15px|15px|15px|15px&#8221; global_colors_info=&#8221;{}&#8221;]<\/p>\n<h2>Hotel<br \/>Ristorazione<\/h2>\n<p>[\/et_pb_blurb][\/et_pb_column][et_pb_column type=&#8221;1_5&#8243; _builder_version=&#8221;4.24.2&#8243; _module_preset=&#8221;default&#8221; global_colors_info=&#8221;{}&#8221;][et_pb_blurb image=&#8221;https:\/\/www.portalp.com\/wp-content\/uploads\/2024\/07\/portalp_solutions_facades_de_quai_ferroviaire.jpg&#8221; alt=&#8221;Porte di banchina&#8221; _builder_version=&#8221;4.27.4&#8243; _dynamic_attributes=&#8221;link_option_url&#8221; _module_preset=&#8221;default&#8221; header_level=&#8221;h2&#8243; animation=&#8221;off&#8221; link_option_url=&#8221;@ET-DC@eyJkeW5hbWljIjp0cnVlLCJjb250ZW50IjoicG9zdF9saW5rX3VybF9wYWdlIiwic2V0dGluZ3MiOnsicG9zdF9pZCI6IjE2NDEiLCJlbmFibGVfaHRtbCI6Im9mZiJ9fQ==@&#8221; custom_css_blurb_image=&#8221;margin: 0;&#8221; border_radii_image=&#8221;on|15px|15px|15px|15px&#8221; global_colors_info=&#8221;{}&#8221;]<\/p>\n<h2>Trasporto <br \/>ferroviario<\/h2>\n<p>[\/et_pb_blurb][\/et_pb_column][et_pb_column type=&#8221;1_5&#8243; _builder_version=&#8221;4.24.2&#8243; _module_preset=&#8221;default&#8221; global_colors_info=&#8221;{}&#8221;][et_pb_blurb image=&#8221;https:\/\/www.portalp.com\/wp-content\/uploads\/2024\/05\/copropriete.jpg&#8221; alt=&#8221;Portalp protegge e automatizza gli ingressi dei condomini e degli edifici multifamiliari&#8221; _builder_version=&#8221;4.27.4&#8243; _dynamic_attributes=&#8221;link_option_url&#8221; _module_preset=&#8221;default&#8221; header_level=&#8221;h2&#8243; animation=&#8221;off&#8221; link_option_url=&#8221;@ET-DC@eyJkeW5hbWljIjp0cnVlLCJjb250ZW50IjoicG9zdF9saW5rX3VybF9wYWdlIiwic2V0dGluZ3MiOnsicG9zdF9pZCI6IjE4OTUiLCJlbmFibGVfaHRtbCI6Im9mZiJ9fQ==@&#8221; custom_css_blurb_image=&#8221;margin: 0;&#8221; border_radii_image=&#8221;on|15px|15px|15px|15px&#8221; global_colors_info=&#8221;{}&#8221;]<\/p>\n<h2>Amministratori <br \/>di condominio<\/h2>\n<p>[\/et_pb_blurb][\/et_pb_column][\/et_pb_row][\/et_pb_section]<\/p>\n","protected":false},"excerpt":{"rendered":"<p><span><span><a href=\"https:\/\/www.portalp.com\/it\/\">Home<\/a><\/span><\/span>I Suoi mercatiOffriamo soluzioni di accesso automatizzato personalizzate, progettate per soddisfare i requisiti specifici e i vincoli tecnici di ciascuno dei Suoi settori di attivit\u00e0.Sala sterileSaluteOspedaleArchitettiImprese generaliIndustrie-Settore bancarioAutorit\u00e0 pubblicheAutorit\u00e0 localiNegozi-HotelRistorazioneTrasporto ferroviarioAmministratori di condominio<\/p>\n","protected":false},"author":1,"featured_media":39583,"parent":0,"menu_order":0,"comment_status":"closed","ping_status":"closed","template":"","meta":{"_et_pb_use_builder":"on","_et_pb_old_content":"","_et_gb_content_width":"","footnotes":""},"class_list":["post-39577","page","type-page","status-publish","has-post-thumbnail","hentry"],"yoast_head":"<!-- This site is optimized with the Yoast SEO plugin v27.4 - https:\/\/yoast.com\/product\/yoast-seo-wordpress\/ -->\n<title>Mercati | Portalp<\/title>\n<meta name=\"description\" content=\"Soluzioni di accesso automatizzato su misura, progettate per soddisfare i requisiti specifici e i vincoli tecnici di ogni settore di attivit\u00e0.\" \/>\n<meta name=\"robots\" content=\"index, follow, max-snippet:-1, max-image-preview:large, max-video-preview:-1\" \/>\n<link rel=\"canonical\" href=\"https:\/\/www.portalp.com\/it\/mercati\/\" \/>\n<meta property=\"og:locale\" content=\"it_IT\" \/>\n<meta property=\"og:type\" content=\"article\" \/>\n<meta property=\"og:title\" content=\"Mercati | Portalp\" \/>\n<meta property=\"og:description\" content=\"Soluzioni di accesso automatizzato su misura, progettate per soddisfare i requisiti specifici e i vincoli tecnici di ogni settore di attivit\u00e0.\" \/>\n<meta property=\"og:url\" content=\"https:\/\/www.portalp.com\/it\/mercati\/\" \/>\n<meta property=\"og:site_name\" content=\"Portalp\" \/>\n<meta property=\"article:modified_time\" content=\"2025-05-20T14:58:22+00:00\" \/>\n<meta property=\"og:image\" content=\"https:\/\/www.portalp.com\/wp-content\/uploads\/2024\/11\/solutions_portesauto_api_portalp_1.jpg\" \/>\n\t<meta property=\"og:image:width\" content=\"1000\" \/>\n\t<meta property=\"og:image:height\" content=\"1000\" \/>\n\t<meta property=\"og:image:type\" content=\"image\/jpeg\" \/>\n<meta name=\"twitter:card\" content=\"summary_large_image\" \/>\n<meta name=\"twitter:label1\" content=\"Tempo di lettura stimato\" \/>\n\t<meta name=\"twitter:data1\" content=\"3 minuti\" \/>\n<script type=\"application\/ld+json\" class=\"yoast-schema-graph\">{\"@context\":\"https:\\\/\\\/schema.org\",\"@graph\":[{\"@type\":\"WebPage\",\"@id\":\"https:\\\/\\\/www.portalp.com\\\/it\\\/mercati\\\/\",\"url\":\"https:\\\/\\\/www.portalp.com\\\/it\\\/mercati\\\/\",\"name\":\"Mercati | Portalp\",\"isPartOf\":{\"@id\":\"https:\\\/\\\/www.portalp.com\\\/it\\\/#website\"},\"primaryImageOfPage\":{\"@id\":\"https:\\\/\\\/www.portalp.com\\\/it\\\/mercati\\\/#primaryimage\"},\"image\":{\"@id\":\"https:\\\/\\\/www.portalp.com\\\/it\\\/mercati\\\/#primaryimage\"},\"thumbnailUrl\":\"https:\\\/\\\/www.portalp.com\\\/wp-content\\\/uploads\\\/2024\\\/11\\\/solutions_portesauto_api_portalp_1.jpg\",\"datePublished\":\"2024-03-04T12:49:18+00:00\",\"dateModified\":\"2025-05-20T14:58:22+00:00\",\"description\":\"Soluzioni di accesso automatizzato su misura, progettate per soddisfare i requisiti specifici e i vincoli tecnici di ogni settore di attivit\u00e0.\",\"breadcrumb\":{\"@id\":\"https:\\\/\\\/www.portalp.com\\\/it\\\/mercati\\\/#breadcrumb\"},\"inLanguage\":\"it-IT\",\"potentialAction\":[{\"@type\":\"ReadAction\",\"target\":[\"https:\\\/\\\/www.portalp.com\\\/it\\\/mercati\\\/\"]}]},{\"@type\":\"ImageObject\",\"inLanguage\":\"it-IT\",\"@id\":\"https:\\\/\\\/www.portalp.com\\\/it\\\/mercati\\\/#primaryimage\",\"url\":\"https:\\\/\\\/www.portalp.com\\\/wp-content\\\/uploads\\\/2024\\\/11\\\/solutions_portesauto_api_portalp_1.jpg\",\"contentUrl\":\"https:\\\/\\\/www.portalp.com\\\/wp-content\\\/uploads\\\/2024\\\/11\\\/solutions_portesauto_api_portalp_1.jpg\",\"width\":1000,\"height\":1000,\"caption\":\"Portale API per l'apertura automatica delle porte\"},{\"@type\":\"BreadcrumbList\",\"@id\":\"https:\\\/\\\/www.portalp.com\\\/it\\\/mercati\\\/#breadcrumb\",\"itemListElement\":[{\"@type\":\"ListItem\",\"position\":1,\"name\":\"Home\",\"item\":\"https:\\\/\\\/www.portalp.com\\\/it\\\/\"},{\"@type\":\"ListItem\",\"position\":2,\"name\":\"Mercati\"}]},{\"@type\":\"WebSite\",\"@id\":\"https:\\\/\\\/www.portalp.com\\\/it\\\/#website\",\"url\":\"https:\\\/\\\/www.portalp.com\\\/it\\\/\",\"name\":\"Portalp\",\"description\":\"\",\"publisher\":{\"@id\":\"https:\\\/\\\/www.portalp.com\\\/it\\\/#organization\"},\"potentialAction\":[{\"@type\":\"SearchAction\",\"target\":{\"@type\":\"EntryPoint\",\"urlTemplate\":\"https:\\\/\\\/www.portalp.com\\\/it\\\/?s={search_term_string}\"},\"query-input\":{\"@type\":\"PropertyValueSpecification\",\"valueRequired\":true,\"valueName\":\"search_term_string\"}}],\"inLanguage\":\"it-IT\"},{\"@type\":\"Organization\",\"@id\":\"https:\\\/\\\/www.portalp.com\\\/it\\\/#organization\",\"name\":\"Portalp\",\"url\":\"https:\\\/\\\/www.portalp.com\\\/it\\\/\",\"logo\":{\"@type\":\"ImageObject\",\"inLanguage\":\"it-IT\",\"@id\":\"https:\\\/\\\/www.portalp.com\\\/it\\\/#\\\/schema\\\/logo\\\/image\\\/\",\"url\":\"https:\\\/\\\/www.portalp.com\\\/wp-content\\\/uploads\\\/2024\\\/05\\\/Logo-PORTALP_coul-72.png\",\"contentUrl\":\"https:\\\/\\\/www.portalp.com\\\/wp-content\\\/uploads\\\/2024\\\/05\\\/Logo-PORTALP_coul-72.png\",\"width\":375,\"height\":142,\"caption\":\"Portalp\"},\"image\":{\"@id\":\"https:\\\/\\\/www.portalp.com\\\/it\\\/#\\\/schema\\\/logo\\\/image\\\/\"},\"sameAs\":[\"https:\\\/\\\/www.linkedin.com\\\/company\\\/portalp\"]}]}<\/script>\n<!-- \/ Yoast SEO plugin. -->","yoast_head_json":{"title":"Mercati | Portalp","description":"Soluzioni di accesso automatizzato su misura, progettate per soddisfare i requisiti specifici e i vincoli tecnici di ogni settore di attivit\u00e0.","robots":{"index":"index","follow":"follow","max-snippet":"max-snippet:-1","max-image-preview":"max-image-preview:large","max-video-preview":"max-video-preview:-1"},"canonical":"https:\/\/www.portalp.com\/it\/mercati\/","og_locale":"it_IT","og_type":"article","og_title":"Mercati | Portalp","og_description":"Soluzioni di accesso automatizzato su misura, progettate per soddisfare i requisiti specifici e i vincoli tecnici di ogni settore di attivit\u00e0.","og_url":"https:\/\/www.portalp.com\/it\/mercati\/","og_site_name":"Portalp","article_modified_time":"2025-05-20T14:58:22+00:00","og_image":[{"width":1000,"height":1000,"url":"https:\/\/www.portalp.com\/wp-content\/uploads\/2024\/11\/solutions_portesauto_api_portalp_1.jpg","type":"image\/jpeg"}],"twitter_card":"summary_large_image","twitter_misc":{"Tempo di lettura stimato":"3 minuti"},"schema":{"@context":"https:\/\/schema.org","@graph":[{"@type":"WebPage","@id":"https:\/\/www.portalp.com\/it\/mercati\/","url":"https:\/\/www.portalp.com\/it\/mercati\/","name":"Mercati | Portalp","isPartOf":{"@id":"https:\/\/www.portalp.com\/it\/#website"},"primaryImageOfPage":{"@id":"https:\/\/www.portalp.com\/it\/mercati\/#primaryimage"},"image":{"@id":"https:\/\/www.portalp.com\/it\/mercati\/#primaryimage"},"thumbnailUrl":"https:\/\/www.portalp.com\/wp-content\/uploads\/2024\/11\/solutions_portesauto_api_portalp_1.jpg","datePublished":"2024-03-04T12:49:18+00:00","dateModified":"2025-05-20T14:58:22+00:00","description":"Soluzioni di accesso automatizzato su misura, progettate per soddisfare i requisiti specifici e i vincoli tecnici di ogni settore di attivit\u00e0.","breadcrumb":{"@id":"https:\/\/www.portalp.com\/it\/mercati\/#breadcrumb"},"inLanguage":"it-IT","potentialAction":[{"@type":"ReadAction","target":["https:\/\/www.portalp.com\/it\/mercati\/"]}]},{"@type":"ImageObject","inLanguage":"it-IT","@id":"https:\/\/www.portalp.com\/it\/mercati\/#primaryimage","url":"https:\/\/www.portalp.com\/wp-content\/uploads\/2024\/11\/solutions_portesauto_api_portalp_1.jpg","contentUrl":"https:\/\/www.portalp.com\/wp-content\/uploads\/2024\/11\/solutions_portesauto_api_portalp_1.jpg","width":1000,"height":1000,"caption":"Portale API per l'apertura automatica delle porte"},{"@type":"BreadcrumbList","@id":"https:\/\/www.portalp.com\/it\/mercati\/#breadcrumb","itemListElement":[{"@type":"ListItem","position":1,"name":"Home","item":"https:\/\/www.portalp.com\/it\/"},{"@type":"ListItem","position":2,"name":"Mercati"}]},{"@type":"WebSite","@id":"https:\/\/www.portalp.com\/it\/#website","url":"https:\/\/www.portalp.com\/it\/","name":"Portalp","description":"","publisher":{"@id":"https:\/\/www.portalp.com\/it\/#organization"},"potentialAction":[{"@type":"SearchAction","target":{"@type":"EntryPoint","urlTemplate":"https:\/\/www.portalp.com\/it\/?s={search_term_string}"},"query-input":{"@type":"PropertyValueSpecification","valueRequired":true,"valueName":"search_term_string"}}],"inLanguage":"it-IT"},{"@type":"Organization","@id":"https:\/\/www.portalp.com\/it\/#organization","name":"Portalp","url":"https:\/\/www.portalp.com\/it\/","logo":{"@type":"ImageObject","inLanguage":"it-IT","@id":"https:\/\/www.portalp.com\/it\/#\/schema\/logo\/image\/","url":"https:\/\/www.portalp.com\/wp-content\/uploads\/2024\/05\/Logo-PORTALP_coul-72.png","contentUrl":"https:\/\/www.portalp.com\/wp-content\/uploads\/2024\/05\/Logo-PORTALP_coul-72.png","width":375,"height":142,"caption":"Portalp"},"image":{"@id":"https:\/\/www.portalp.com\/it\/#\/schema\/logo\/image\/"},"sameAs":["https:\/\/www.linkedin.com\/company\/portalp"]}]}},"_links":{"self":[{"href":"https:\/\/www.portalp.com\/it\/wp-json\/wp\/v2\/pages\/39577","targetHints":{"allow":["GET"]}}],"collection":[{"href":"https:\/\/www.portalp.com\/it\/wp-json\/wp\/v2\/pages"}],"about":[{"href":"https:\/\/www.portalp.com\/it\/wp-json\/wp\/v2\/types\/page"}],"author":[{"embeddable":true,"href":"https:\/\/www.portalp.com\/it\/wp-json\/wp\/v2\/users\/1"}],"replies":[{"embeddable":true,"href":"https:\/\/www.portalp.com\/it\/wp-json\/wp\/v2\/comments?post=39577"}],"version-history":[{"count":0,"href":"https:\/\/www.portalp.com\/it\/wp-json\/wp\/v2\/pages\/39577\/revisions"}],"wp:featuredmedia":[{"embeddable":true,"href":"https:\/\/www.portalp.com\/it\/wp-json\/wp\/v2\/media\/39583"}],"wp:attachment":[{"href":"https:\/\/www.portalp.com\/it\/wp-json\/wp\/v2\/media?parent=39577"}],"curies":[{"name":"wp","href":"https:\/\/api.w.org\/{rel}","templated":true}]}}