{"id":39521,"date":"2024-08-14T13:08:32","date_gmt":"2024-08-14T12:08:32","guid":{"rendered":"https:\/\/www.portalp.com\/industria\/"},"modified":"2025-05-20T15:37:49","modified_gmt":"2025-05-20T14:37:49","slug":"industrie","status":"publish","type":"page","link":"https:\/\/www.portalp.com\/it\/mercati\/industrie\/","title":{"rendered":"Industrie"},"content":{"rendered":"<p>[et_pb_section fb_built=&#8221;1&#8243; custom_padding_last_edited=&#8221;on|desktop&#8221; _builder_version=&#8221;4.27.2&#8243; _module_preset=&#8221;default&#8221; use_background_color_gradient=&#8221;on&#8221; background_color_gradient_stops=&#8221;rgba(0,0,0,0.7) 0%|rgba(41,196,169,0) 100%&#8221; background_color_gradient_overlays_image=&#8221;on&#8221; background_image=&#8221;https:\/\/www.portalp.com\/wp-content\/uploads\/2024\/08\/portalp_marche-industriel.jpg&#8221; background_position=&#8221;top_center&#8221; height=&#8221;75vh&#8221; custom_margin=&#8221;110px||||false|false&#8221; custom_margin_tablet=&#8221;110px||||false|false&#8221; custom_margin_phone=&#8221;70px||||false|false&#8221; custom_margin_last_edited=&#8221;on|phone&#8221; custom_padding=&#8221;||||true|false&#8221; custom_padding_tablet=&#8221;8%||8%||true|false&#8221; custom_padding_phone=&#8221;||||true|false&#8221; global_colors_info=&#8221;{}&#8221;][et_pb_row _builder_version=&#8221;4.24.2&#8243; _module_preset=&#8221;default&#8221; custom_margin=&#8221;||||false|false&#8221; custom_margin_tablet=&#8221;||||false|false&#8221; custom_margin_phone=&#8221;15%|auto||auto|false|false&#8221; custom_margin_last_edited=&#8221;on|phone&#8221; custom_padding=&#8221;0px||0px||true|false&#8221; global_colors_info=&#8221;{}&#8221;][et_pb_column type=&#8221;4_4&#8243; _builder_version=&#8221;4.24.2&#8243; _module_preset=&#8221;default&#8221; global_colors_info=&#8221;{}&#8221;][et_pb_text _builder_version=&#8221;4.27.2&#8243; _module_preset=&#8221;default&#8221; header_font=&#8221;|700|||||||&#8221; header_text_align=&#8221;center&#8221; header_text_color=&#8221;#FFFFFF&#8221; custom_margin=&#8221;||0px||false|false&#8221; global_colors_info=&#8221;{}&#8221;]<\/p>\n<h1>Settore industriale<\/h1>\n<p>[\/et_pb_text][et_pb_text _builder_version=&#8221;4.24.2&#8243; _module_preset=&#8221;default&#8221; text_text_color=&#8221;#FFFFFF&#8221; text_font_size=&#8221;25px&#8221; text_orientation=&#8221;center&#8221; global_colors_info=&#8221;{}&#8221;]<\/p>\n<p>Soluzioni affidabili per ottimizzare i flussi industriali<\/p>\n<p>[\/et_pb_text][\/et_pb_column][\/et_pb_row][\/et_pb_section][et_pb_section fb_built=&#8221;1&#8243; _builder_version=&#8221;4.24.2&#8243; _module_preset=&#8221;default&#8221; custom_padding=&#8221;0px||61px||false|false&#8221; global_colors_info=&#8221;{}&#8221;][et_pb_row _builder_version=&#8221;4.24.2&#8243; _module_preset=&#8221;default&#8221; custom_padding=&#8221;0px||||false|false&#8221; global_colors_info=&#8221;{}&#8221;][et_pb_column type=&#8221;4_4&#8243; _builder_version=&#8221;4.24.2&#8243; _module_preset=&#8221;default&#8221; global_colors_info=&#8221;{}&#8221;][et_pb_button button_url=&#8221;@ET-DC@eyJkeW5hbWljIjp0cnVlLCJjb250ZW50IjoicG9zdF9saW5rX3VybF9wYWdlIiwic2V0dGluZ3MiOnsicG9zdF9pZCI6IjEzMjkifX0=@&#8221; button_text=&#8221;Ci contatti&#8221; _builder_version=&#8221;4.27.4&#8243; _dynamic_attributes=&#8221;button_url&#8221; _module_preset=&#8221;default&#8221; button_border_width=&#8221;5px&#8221; button_border_color=&#8221;#FFFFFF&#8221; transform_translate=&#8221;0px|-50%&#8221; transform_translate_linked=&#8221;off&#8221; custom_margin=&#8221;||0px||false|false&#8221; custom_padding=&#8221;15px||15px||true|false&#8221; hover_enabled=&#8221;0&#8243; global_colors_info=&#8221;{}&#8221; button_border_color__hover_enabled=&#8221;on|hover&#8221; button_border_color__hover=&#8221;#FFFFFF&#8221; sticky_enabled=&#8221;0&#8243;][\/et_pb_button][et_pb_text disabled_on=&#8221;on|off|off&#8221; _builder_version=&#8221;4.24.2&#8243; _module_preset=&#8221;default&#8221; text_font_size=&#8221;0.8em&#8221; saved_tabs=&#8221;all&#8221; global_colors_info=&#8221;{}&#8221;]<\/p>\n<span><span><a href=\"https:\/\/www.portalp.com\/it\/\">Home<\/a><\/span><\/span>\n<p>[\/et_pb_text][et_pb_text _builder_version=&#8221;4.24.2&#8243; _module_preset=&#8221;default&#8221; text_font=&#8221;|600|||||||&#8221; text_text_color=&#8221;#005B94&#8243; text_orientation=&#8221;center&#8221; global_colors_info=&#8221;{}&#8221;]<\/p>\n<p>Con oltre 60 anni di esperienza nel settore industriale, Portalp si impegna a fornire soluzioni industriali affidabili e di alta qualit\u00e0, perfettamente adattate alle vostre esigenze.<\/p>\n<p>La nostra missione \u00e8 quella di supportarvi nelle Sue sfide e di soddisfare i requisiti di affidabilit\u00e0 e disponibilit\u00e0 delle Sue apparecchiature, garantendo prestazioni ottimali nel rispetto delle normative e degli standard in vigore.<\/p>\n<p>[\/et_pb_text][\/et_pb_column][\/et_pb_row][\/et_pb_section][et_pb_section fb_built=&#8221;1&#8243; disabled_on=&#8221;off|off|off&#8221; _builder_version=&#8221;4.24.2&#8243; _module_preset=&#8221;default&#8221; background_color=&#8221;#E4DAD3&#8243; global_colors_info=&#8221;{}&#8221;][et_pb_row _builder_version=&#8221;4.24.2&#8243; _module_preset=&#8221;default&#8221; width_tablet=&#8221;&#8221; width_phone=&#8221;&#8221; width_last_edited=&#8221;on|phone&#8221; global_colors_info=&#8221;{}&#8221;][et_pb_column type=&#8221;4_4&#8243; _builder_version=&#8221;4.24.2&#8243; _module_preset=&#8221;default&#8221; global_colors_info=&#8221;{}&#8221;][et_pb_text _builder_version=&#8221;4.24.2&#8243; _module_preset=&#8221;default&#8221; global_colors_info=&#8221;{}&#8221;]<\/p>\n<h2>Soluzioni su misura per tutte le Sue esigenze:<\/h2>\n<p>[\/et_pb_text][dica_divi_carousel item_width_tablet=&#8221;23%&#8221; item_width_phone=&#8221;75%&#8221; item_width_last_edited=&#8221;on|phone&#8221; arrow_nav=&#8221;on&#8221; dot_nav=&#8221;on&#8221; equal_height=&#8221;on&#8221; advanced_effect=&#8221;1&#8243; overlay_color_field_bgcolor=&#8221;rgba(255,255,255,0.85)&#8221; admin_label=&#8221;Maillage produits&#8221; module_class=&#8221;carousel-type-1&#8243; _builder_version=&#8221;4.27.4&#8243; _dynamic_attributes=&#8221;link_option_url&#8221; _module_preset=&#8221;default&#8221; border_radii_image=&#8221;on|15px|15px|15px|15px&#8221; global_module=&#8221;27230&#8243; saved_tabs=&#8221;all&#8221; locked=&#8221;off&#8221; global_colors_info=&#8221;{}&#8221;][dica_divi_carouselitem admin_label=&#8221;Portes automatiques pi\u00e9tonnes&#8221; button_url_new_window=&#8221;1&#8243; image=&#8221;https:\/\/www.portalp.com\/wp-content\/uploads\/2024\/04\/porte-automatique-pietonne-station-ski.jpg&#8221; image_alt=&#8221;Porte pedonali automatiche&#8221; _builder_version=&#8221;4.27.4&#8243; _dynamic_attributes=&#8221;link_option_url&#8221; _module_preset=&#8221;default&#8221; link_option_url=&#8221;@ET-DC@eyJkeW5hbWljIjp0cnVlLCJjb250ZW50IjoicG9zdF9saW5rX3VybF9wYWdlIiwic2V0dGluZ3MiOnsicG9zdF9pZCI6IjE2NjcifX0=@&#8221; global_colors_info=&#8221;{}&#8221;]<\/p>\n<p>Tutte le nostre porte pedonali automatiche<\/p>\n<p>[\/dica_divi_carouselitem][dica_divi_carouselitem admin_label=&#8221;Porte scorrevoli automatiche&#8221; button_url_new_window=&#8221;1&#8243; image=&#8221;https:\/\/www.portalp.com\/wp-content\/uploads\/2024\/08\/portalp_porte_automatique_coulissante_1.jpg&#8221; image_alt=&#8221;Porte industriale&#8221; _builder_version=&#8221;4.27.4&#8243; _dynamic_attributes=&#8221;link_option_url&#8221; _module_preset=&#8221;default&#8221; link_option_url=&#8221;@ET-DC@eyJkeW5hbWljIjp0cnVlLCJjb250ZW50IjoicG9zdF9saW5rX3VybF9wYWdlIiwic2V0dGluZ3MiOnsicG9zdF9pZCI6IjM4NDc2In19@&#8221; global_colors_info=&#8221;{}&#8221;]<\/p>\n<p>Porte scorrevoli<br \/>automatiche<\/p>\n<p>[\/dica_divi_carouselitem][dica_divi_carouselitem admin_label=&#8221;Porte dell&#8217;ospedale&#8221; button_url_new_window=&#8221;1&#8243; image=&#8221;https:\/\/www.portalp.com\/wp-content\/uploads\/2024\/07\/portalp_porte_automatiche_ospedale.jpg&#8221; image_alt=&#8221;Tenda in metallo per negozio&#8221; _builder_version=&#8221;4.27.4&#8243; _dynamic_attributes=&#8221;link_option_url&#8221; _module_preset=&#8221;default&#8221; link_option_url=&#8221;@ET-DC@eyJkeW5hbWljIjp0cnVlLCJjb250ZW50IjoicG9zdF9saW5rX3VybF9wYWdlIiwic2V0dGluZ3MiOnsicG9zdF9pZCI6IjI1MzA0In19@&#8221; global_colors_info=&#8221;{}&#8221;]<\/p>\n<p>Porte dell&#8217;ospedale<\/p>\n<p>[\/dica_divi_carouselitem][dica_divi_carouselitem admin_label=&#8221;Porta tagliafuoco automatica&#8221; button_url_new_window=&#8221;1&#8243; image=&#8221;https:\/\/www.portalp.com\/wp-content\/uploads\/2024\/07\/porta-tagliafuoco-automatica.jpg&#8221; image_alt=&#8221;Porta tagliafuoco automatica&#8221; _builder_version=&#8221;4.27.4&#8243; _dynamic_attributes=&#8221;link_option_url&#8221; _module_preset=&#8221;default&#8221; link_option_url=&#8221;@ET-DC@eyJkeW5hbWljIjp0cnVlLCJjb250ZW50IjoicG9zdF9saW5rX3VybF9wYWdlIiwic2V0dGluZ3MiOnsicG9zdF9pZCI6IjIyMzM3In19@&#8221; global_colors_info=&#8221;{}&#8221;]<\/p>\n<p>Porta tagliafuoco automatica<\/p>\n<p>[\/dica_divi_carouselitem][dica_divi_carouselitem admin_label=&#8221;Porte antipanico automatiche&#8221; button_url_new_window=&#8221;1&#8243; image=&#8221;https:\/\/www.portalp.com\/wp-content\/uploads\/2024\/11\/solutions_portesauto_api_portalp_1.jpg&#8221; image_alt=&#8221;Porta tagliafuoco automatica&#8221; _builder_version=&#8221;4.27.4&#8243; _dynamic_attributes=&#8221;link_option_url&#8221; _module_preset=&#8221;default&#8221; link_option_url=&#8221;@ET-DC@eyJkeW5hbWljIjp0cnVlLCJjb250ZW50IjoicG9zdF9saW5rX3VybF9wYWdlIiwic2V0dGluZ3MiOnsicG9zdF9pZCI6IjM4Njc3In19@&#8221; global_colors_info=&#8221;{}&#8221;]<\/p>\n<p>Porte antipanico automatiche<\/p>\n<p>[\/dica_divi_carouselitem][\/dica_divi_carousel][\/et_pb_column][\/et_pb_row][et_pb_row column_structure=&#8221;1_3,1_3,1_3&#8243; make_equal=&#8221;on&#8221; _builder_version=&#8221;4.27.4&#8243; _module_preset=&#8221;default&#8221; custom_css_free_form=&#8221;selector .et_pb_button {||  width:100%;||}&#8221; global_module=&#8221;41938&#8243; saved_tabs=&#8221;all&#8221; locked=&#8221;off&#8221; global_colors_info=&#8221;{}&#8221;][et_pb_column type=&#8221;1_3&#8243; _builder_version=&#8221;4.24.2&#8243; _module_preset=&#8221;default&#8221; global_colors_info=&#8221;{}&#8221;][et_pb_button button_url=&#8221;@ET-DC@eyJkeW5hbWljIjp0cnVlLCJjb250ZW50IjoicG9zdF9saW5rX3VybF9wYWdlIiwic2V0dGluZ3MiOnsicG9zdF9pZCI6IjI2NjgifX0=@&#8221; button_text=&#8221;Guida alla selezione&#8221; disabled_on=&#8221;off|off|off&#8221; _builder_version=&#8221;4.27.4&#8243; _dynamic_attributes=&#8221;button_url&#8221; _module_preset=&#8221;default&#8221; button_text_color=&#8221;#B49988&#8243; button_bg_color=&#8221;#E4DAD3&#8243; button_bg_color_gradient_stops=&#8221;rgba(255,255,255,0) 0%|rgba(255,255,255,0) 100%&#8221; button_border_width=&#8221;2px&#8221; button_border_color=&#8221;#B49988&#8243; global_colors_info=&#8221;{}&#8221; button_text_color__hover_enabled=&#8221;on|hover&#8221; button_text_color__hover=&#8221;#FFFFFF&#8221; button_bg_color__hover_enabled=&#8221;on|hover&#8221; button_bg_color__hover=&#8221;#B49988&#8243; button_bg_enable_color__hover=&#8221;on&#8221;][\/et_pb_button][\/et_pb_column][et_pb_column type=&#8221;1_3&#8243; _builder_version=&#8221;4.24.2&#8243; _module_preset=&#8221;default&#8221; custom_css_free_form=&#8221;selector .et_pb_button_module_wrapper {||  height:100%;||}&#8221; global_colors_info=&#8221;{}&#8221;][et_pb_button button_url=&#8221;@ET-DC@eyJkeW5hbWljIjp0cnVlLCJjb250ZW50IjoicG9zdF9saW5rX3VybF9wYWdlIiwic2V0dGluZ3MiOnsicG9zdF9pZCI6IjQxNDMifX0=@&#8221; button_text=&#8221;Richieda un preventivo&#8221; _builder_version=&#8221;4.27.4&#8243; _dynamic_attributes=&#8221;button_url&#8221; _module_preset=&#8221;default&#8221; global_colors_info=&#8221;{}&#8221;][\/et_pb_button][\/et_pb_column][et_pb_column type=&#8221;1_3&#8243; _builder_version=&#8221;4.24.2&#8243; _module_preset=&#8221;default&#8221; global_colors_info=&#8221;{}&#8221;][et_pb_button button_url=&#8221;@ET-DC@eyJkeW5hbWljIjp0cnVlLCJjb250ZW50IjoicG9zdF9saW5rX3VybF9wYWdlIiwic2V0dGluZ3MiOnsicG9zdF9pZCI6IjEyNTc1In19@&#8221; button_text=&#8221;BIM &#8211; Modellazione 3D&#8221; _builder_version=&#8221;4.27.2&#8243; _dynamic_attributes=&#8221;button_url&#8221; _module_preset=&#8221;default&#8221; button_text_color=&#8221;#B49988&#8243; button_bg_color=&#8221;#E4DAD3&#8243; button_bg_color_gradient_stops=&#8221;rgba(255,255,255,0) 0%|rgba(255,255,255,0) 100%&#8221; button_border_width=&#8221;2px&#8221; button_border_color=&#8221;#B49988&#8243; button_icon=&#8221;&#xf1b2;||fa||900&#8243; button_icon_placement=&#8221;left&#8221; button_on_hover=&#8221;off&#8221; global_colors_info=&#8221;{}&#8221; button_text_color__hover_enabled=&#8221;on|hover&#8221; button_text_color__hover=&#8221;#FFFFFF&#8221; button_bg_color__hover_enabled=&#8221;on|hover&#8221; button_bg_color__hover=&#8221;#B49988&#8243; button_bg_enable_color__hover=&#8221;on&#8221;][\/et_pb_button][\/et_pb_column][\/et_pb_row][\/et_pb_section][et_pb_section fb_built=&#8221;1&#8243; _builder_version=&#8221;4.27.4&#8243; _module_preset=&#8221;default&#8221; background_color=&#8221;#FFFFFF&#8221; global_colors_info=&#8221;{}&#8221;][et_pb_row _builder_version=&#8221;4.24.2&#8243; _module_preset=&#8221;default&#8221; global_colors_info=&#8221;{}&#8221;][et_pb_column type=&#8221;4_4&#8243; _builder_version=&#8221;4.24.2&#8243; _module_preset=&#8221;default&#8221; global_colors_info=&#8221;{}&#8221;][et_pb_text _builder_version=&#8221;4.24.2&#8243; _module_preset=&#8221;default&#8221; global_colors_info=&#8221;{}&#8221;]<\/p>\n<h2>Certificazioni Portalp<\/h2>\n<p>[\/et_pb_text][dica_divi_carousel show_items_desktop=&#8221;5&#8243; show_items_mobile=&#8221;3&#8243; loop=&#8221;on&#8221; autoplay=&#8221;on&#8221; scroller_effect=&#8221;on&#8221; advanced_effect=&#8221;1&#8243; overlay_color_field_bgcolor=&#8221;rgba(255,255,255,0.85)&#8221; _builder_version=&#8221;4.24.2&#8243; _module_preset=&#8221;default&#8221; global_colors_info=&#8221;{}&#8221;][dica_divi_carouselitem admin_label=&#8221;ECOVADIS&#8221; button_url_new_window=&#8221;1&#8243; image=&#8221;https:\/\/www.portalp.com\/wp-content\/uploads\/2024\/08\/portalp-certification-ecovadis-2024.png&#8221; _builder_version=&#8221;4.24.2&#8243; _module_preset=&#8221;default&#8221; global_colors_info=&#8221;{}&#8221;][\/dica_divi_carouselitem][dica_divi_carouselitem button_url_new_window=&#8221;1&#8243; image=&#8221;https:\/\/www.portalp.com\/wp-content\/uploads\/2024\/04\/origine-france-garantie.png&#8221; _builder_version=&#8221;4.24.2&#8243; _module_preset=&#8221;default&#8221; global_colors_info=&#8221;{}&#8221;][\/dica_divi_carouselitem][dica_divi_carouselitem button_url_new_window=&#8221;1&#8243; image=&#8221;https:\/\/www.portalp.com\/wp-content\/uploads\/2024\/04\/qualibat.png&#8221; _builder_version=&#8221;4.24.2&#8243; _module_preset=&#8221;default&#8221; global_colors_info=&#8221;{}&#8221;][\/dica_divi_carouselitem][dica_divi_carouselitem button_url_new_window=&#8221;1&#8243; image=&#8221;https:\/\/www.portalp.com\/wp-content\/uploads\/2024\/04\/socotec-iso-9001-45001.png&#8221; _builder_version=&#8221;4.24.2&#8243; _module_preset=&#8221;default&#8221; global_colors_info=&#8221;{}&#8221;][\/dica_divi_carouselitem][dica_divi_carouselitem admin_label=&#8221;AFAQ&#8221; button_url_new_window=&#8221;1&#8243; image=&#8221;https:\/\/www.portalp.com\/wp-content\/uploads\/2024\/08\/portalp-certification-afaq-iso-9001-14001.png&#8221; _builder_version=&#8221;4.24.2&#8243; _module_preset=&#8221;default&#8221; global_colors_info=&#8221;{}&#8221;][\/dica_divi_carouselitem][\/dica_divi_carousel][\/et_pb_column][\/et_pb_row][et_pb_row _builder_version=&#8221;4.24.2&#8243; _module_preset=&#8221;default&#8221; global_colors_info=&#8221;{}&#8221;][et_pb_column type=&#8221;4_4&#8243; _builder_version=&#8221;4.24.2&#8243; _module_preset=&#8221;default&#8221; global_colors_info=&#8221;{}&#8221;][et_pb_button button_url=&#8221;@ET-DC@eyJkeW5hbWljIjp0cnVlLCJjb250ZW50IjoicG9zdF9saW5rX3VybF9wYWdlIiwic2V0dGluZ3MiOnsicG9zdF9pZCI6IjE3ODg0In19@&#8221; button_text=&#8221;Veda tutte le nostre certificazioni&#8221; _builder_version=&#8221;4.27.4&#8243; _dynamic_attributes=&#8221;button_url&#8221; _module_preset=&#8221;default&#8221; hover_enabled=&#8221;0&#8243; global_colors_info=&#8221;{}&#8221; sticky_enabled=&#8221;0&#8243;][\/et_pb_button][\/et_pb_column][\/et_pb_row][\/et_pb_section]<\/p>\n","protected":false},"excerpt":{"rendered":"<p>Settore industrialeSoluzioni affidabili per ottimizzare i flussi industriali<span><span><a href=\"https:\/\/www.portalp.com\/it\/\">Home<\/a><\/span><\/span>Con oltre 60 anni di esperienza nel settore industriale, Portalp si impegna a fornire soluzioni industriali affidabili e di alta qualit\u00e0, perfettamente adattate alle vostre esigenze. La nostra missione \u00e8 quella di supportarvi nelle Sue sfide e di soddisfare i requisiti di affidabilit\u00e0 e disponibilit\u00e0 delle Sue apparecchiature, [&hellip;]<\/p>\n","protected":false},"author":1,"featured_media":3657,"parent":39577,"menu_order":0,"comment_status":"closed","ping_status":"closed","template":"","meta":{"_et_pb_use_builder":"on","_et_pb_old_content":"","_et_gb_content_width":"","footnotes":""},"class_list":["post-39521","page","type-page","status-publish","has-post-thumbnail","hentry"],"yoast_head":"<!-- This site is optimized with the Yoast SEO plugin v27.4 - https:\/\/yoast.com\/product\/yoast-seo-wordpress\/ -->\n<title>Industrie | Portalp<\/title>\n<meta name=\"description\" content=\"Da 60 anni Portalp \u00e8 specializzata in accessi industriali automatizzati, garantendo servizi personalizzati e affidabili per ottimizzare i Suoi processi.\" \/>\n<meta name=\"robots\" content=\"index, follow, max-snippet:-1, max-image-preview:large, max-video-preview:-1\" \/>\n<link rel=\"canonical\" href=\"https:\/\/www.portalp.com\/it\/mercati\/industrie\/\" \/>\n<meta property=\"og:locale\" content=\"it_IT\" \/>\n<meta property=\"og:type\" content=\"article\" \/>\n<meta property=\"og:title\" content=\"Industrie | Portalp\" \/>\n<meta property=\"og:description\" content=\"Da 60 anni Portalp \u00e8 specializzata in accessi industriali automatizzati, garantendo servizi personalizzati e affidabili per ottimizzare i Suoi processi.\" \/>\n<meta property=\"og:url\" content=\"https:\/\/www.portalp.com\/it\/mercati\/industrie\/\" \/>\n<meta property=\"og:site_name\" content=\"Portalp\" \/>\n<meta property=\"article:modified_time\" content=\"2025-05-20T14:37:49+00:00\" \/>\n<meta property=\"og:image\" content=\"https:\/\/www.portalp.com\/wp-content\/uploads\/2024\/05\/industries.jpg\" \/>\n\t<meta property=\"og:image:width\" content=\"831\" \/>\n\t<meta property=\"og:image:height\" content=\"813\" \/>\n\t<meta property=\"og:image:type\" content=\"image\/jpeg\" \/>\n<meta name=\"twitter:card\" content=\"summary_large_image\" \/>\n<meta name=\"twitter:label1\" content=\"Tempo di lettura stimato\" \/>\n\t<meta name=\"twitter:data1\" content=\"3 minuti\" \/>\n<script type=\"application\/ld+json\" class=\"yoast-schema-graph\">{\"@context\":\"https:\\\/\\\/schema.org\",\"@graph\":[{\"@type\":\"WebPage\",\"@id\":\"https:\\\/\\\/www.portalp.com\\\/it\\\/mercati\\\/industrie\\\/\",\"url\":\"https:\\\/\\\/www.portalp.com\\\/it\\\/mercati\\\/industrie\\\/\",\"name\":\"Industrie | Portalp\",\"isPartOf\":{\"@id\":\"https:\\\/\\\/www.portalp.com\\\/it\\\/#website\"},\"primaryImageOfPage\":{\"@id\":\"https:\\\/\\\/www.portalp.com\\\/it\\\/mercati\\\/industrie\\\/#primaryimage\"},\"image\":{\"@id\":\"https:\\\/\\\/www.portalp.com\\\/it\\\/mercati\\\/industrie\\\/#primaryimage\"},\"thumbnailUrl\":\"https:\\\/\\\/www.portalp.com\\\/wp-content\\\/uploads\\\/2024\\\/05\\\/industries.jpg\",\"datePublished\":\"2024-08-14T12:08:32+00:00\",\"dateModified\":\"2025-05-20T14:37:49+00:00\",\"description\":\"Da 60 anni Portalp \u00e8 specializzata in accessi industriali automatizzati, garantendo servizi personalizzati e affidabili per ottimizzare i Suoi processi.\",\"breadcrumb\":{\"@id\":\"https:\\\/\\\/www.portalp.com\\\/it\\\/mercati\\\/industrie\\\/#breadcrumb\"},\"inLanguage\":\"it-IT\",\"potentialAction\":[{\"@type\":\"ReadAction\",\"target\":[\"https:\\\/\\\/www.portalp.com\\\/it\\\/mercati\\\/industrie\\\/\"]}]},{\"@type\":\"ImageObject\",\"inLanguage\":\"it-IT\",\"@id\":\"https:\\\/\\\/www.portalp.com\\\/it\\\/mercati\\\/industrie\\\/#primaryimage\",\"url\":\"https:\\\/\\\/www.portalp.com\\\/wp-content\\\/uploads\\\/2024\\\/05\\\/industries.jpg\",\"contentUrl\":\"https:\\\/\\\/www.portalp.com\\\/wp-content\\\/uploads\\\/2024\\\/05\\\/industries.jpg\",\"width\":831,\"height\":813,\"caption\":\"Operatore di produzione\"},{\"@type\":\"BreadcrumbList\",\"@id\":\"https:\\\/\\\/www.portalp.com\\\/it\\\/mercati\\\/industrie\\\/#breadcrumb\",\"itemListElement\":[{\"@type\":\"ListItem\",\"position\":1,\"name\":\"Home\",\"item\":\"https:\\\/\\\/www.portalp.com\\\/it\\\/\"},{\"@type\":\"ListItem\",\"position\":2,\"name\":\"Mercati\",\"item\":\"https:\\\/\\\/www.portalp.com\\\/it\\\/mercati\\\/\"},{\"@type\":\"ListItem\",\"position\":3,\"name\":\"Industrie\"}]},{\"@type\":\"WebSite\",\"@id\":\"https:\\\/\\\/www.portalp.com\\\/it\\\/#website\",\"url\":\"https:\\\/\\\/www.portalp.com\\\/it\\\/\",\"name\":\"Portalp\",\"description\":\"\",\"publisher\":{\"@id\":\"https:\\\/\\\/www.portalp.com\\\/it\\\/#organization\"},\"potentialAction\":[{\"@type\":\"SearchAction\",\"target\":{\"@type\":\"EntryPoint\",\"urlTemplate\":\"https:\\\/\\\/www.portalp.com\\\/it\\\/?s={search_term_string}\"},\"query-input\":{\"@type\":\"PropertyValueSpecification\",\"valueRequired\":true,\"valueName\":\"search_term_string\"}}],\"inLanguage\":\"it-IT\"},{\"@type\":\"Organization\",\"@id\":\"https:\\\/\\\/www.portalp.com\\\/it\\\/#organization\",\"name\":\"Portalp\",\"url\":\"https:\\\/\\\/www.portalp.com\\\/it\\\/\",\"logo\":{\"@type\":\"ImageObject\",\"inLanguage\":\"it-IT\",\"@id\":\"https:\\\/\\\/www.portalp.com\\\/it\\\/#\\\/schema\\\/logo\\\/image\\\/\",\"url\":\"https:\\\/\\\/www.portalp.com\\\/wp-content\\\/uploads\\\/2024\\\/05\\\/Logo-PORTALP_coul-72.png\",\"contentUrl\":\"https:\\\/\\\/www.portalp.com\\\/wp-content\\\/uploads\\\/2024\\\/05\\\/Logo-PORTALP_coul-72.png\",\"width\":375,\"height\":142,\"caption\":\"Portalp\"},\"image\":{\"@id\":\"https:\\\/\\\/www.portalp.com\\\/it\\\/#\\\/schema\\\/logo\\\/image\\\/\"},\"sameAs\":[\"https:\\\/\\\/www.linkedin.com\\\/company\\\/portalp\"]}]}<\/script>\n<!-- \/ Yoast SEO plugin. -->","yoast_head_json":{"title":"Industrie | Portalp","description":"Da 60 anni Portalp \u00e8 specializzata in accessi industriali automatizzati, garantendo servizi personalizzati e affidabili per ottimizzare i Suoi processi.","robots":{"index":"index","follow":"follow","max-snippet":"max-snippet:-1","max-image-preview":"max-image-preview:large","max-video-preview":"max-video-preview:-1"},"canonical":"https:\/\/www.portalp.com\/it\/mercati\/industrie\/","og_locale":"it_IT","og_type":"article","og_title":"Industrie | Portalp","og_description":"Da 60 anni Portalp \u00e8 specializzata in accessi industriali automatizzati, garantendo servizi personalizzati e affidabili per ottimizzare i Suoi processi.","og_url":"https:\/\/www.portalp.com\/it\/mercati\/industrie\/","og_site_name":"Portalp","article_modified_time":"2025-05-20T14:37:49+00:00","og_image":[{"width":831,"height":813,"url":"https:\/\/www.portalp.com\/wp-content\/uploads\/2024\/05\/industries.jpg","type":"image\/jpeg"}],"twitter_card":"summary_large_image","twitter_misc":{"Tempo di lettura stimato":"3 minuti"},"schema":{"@context":"https:\/\/schema.org","@graph":[{"@type":"WebPage","@id":"https:\/\/www.portalp.com\/it\/mercati\/industrie\/","url":"https:\/\/www.portalp.com\/it\/mercati\/industrie\/","name":"Industrie | Portalp","isPartOf":{"@id":"https:\/\/www.portalp.com\/it\/#website"},"primaryImageOfPage":{"@id":"https:\/\/www.portalp.com\/it\/mercati\/industrie\/#primaryimage"},"image":{"@id":"https:\/\/www.portalp.com\/it\/mercati\/industrie\/#primaryimage"},"thumbnailUrl":"https:\/\/www.portalp.com\/wp-content\/uploads\/2024\/05\/industries.jpg","datePublished":"2024-08-14T12:08:32+00:00","dateModified":"2025-05-20T14:37:49+00:00","description":"Da 60 anni Portalp \u00e8 specializzata in accessi industriali automatizzati, garantendo servizi personalizzati e affidabili per ottimizzare i Suoi processi.","breadcrumb":{"@id":"https:\/\/www.portalp.com\/it\/mercati\/industrie\/#breadcrumb"},"inLanguage":"it-IT","potentialAction":[{"@type":"ReadAction","target":["https:\/\/www.portalp.com\/it\/mercati\/industrie\/"]}]},{"@type":"ImageObject","inLanguage":"it-IT","@id":"https:\/\/www.portalp.com\/it\/mercati\/industrie\/#primaryimage","url":"https:\/\/www.portalp.com\/wp-content\/uploads\/2024\/05\/industries.jpg","contentUrl":"https:\/\/www.portalp.com\/wp-content\/uploads\/2024\/05\/industries.jpg","width":831,"height":813,"caption":"Operatore di produzione"},{"@type":"BreadcrumbList","@id":"https:\/\/www.portalp.com\/it\/mercati\/industrie\/#breadcrumb","itemListElement":[{"@type":"ListItem","position":1,"name":"Home","item":"https:\/\/www.portalp.com\/it\/"},{"@type":"ListItem","position":2,"name":"Mercati","item":"https:\/\/www.portalp.com\/it\/mercati\/"},{"@type":"ListItem","position":3,"name":"Industrie"}]},{"@type":"WebSite","@id":"https:\/\/www.portalp.com\/it\/#website","url":"https:\/\/www.portalp.com\/it\/","name":"Portalp","description":"","publisher":{"@id":"https:\/\/www.portalp.com\/it\/#organization"},"potentialAction":[{"@type":"SearchAction","target":{"@type":"EntryPoint","urlTemplate":"https:\/\/www.portalp.com\/it\/?s={search_term_string}"},"query-input":{"@type":"PropertyValueSpecification","valueRequired":true,"valueName":"search_term_string"}}],"inLanguage":"it-IT"},{"@type":"Organization","@id":"https:\/\/www.portalp.com\/it\/#organization","name":"Portalp","url":"https:\/\/www.portalp.com\/it\/","logo":{"@type":"ImageObject","inLanguage":"it-IT","@id":"https:\/\/www.portalp.com\/it\/#\/schema\/logo\/image\/","url":"https:\/\/www.portalp.com\/wp-content\/uploads\/2024\/05\/Logo-PORTALP_coul-72.png","contentUrl":"https:\/\/www.portalp.com\/wp-content\/uploads\/2024\/05\/Logo-PORTALP_coul-72.png","width":375,"height":142,"caption":"Portalp"},"image":{"@id":"https:\/\/www.portalp.com\/it\/#\/schema\/logo\/image\/"},"sameAs":["https:\/\/www.linkedin.com\/company\/portalp"]}]}},"_links":{"self":[{"href":"https:\/\/www.portalp.com\/it\/wp-json\/wp\/v2\/pages\/39521","targetHints":{"allow":["GET"]}}],"collection":[{"href":"https:\/\/www.portalp.com\/it\/wp-json\/wp\/v2\/pages"}],"about":[{"href":"https:\/\/www.portalp.com\/it\/wp-json\/wp\/v2\/types\/page"}],"author":[{"embeddable":true,"href":"https:\/\/www.portalp.com\/it\/wp-json\/wp\/v2\/users\/1"}],"replies":[{"embeddable":true,"href":"https:\/\/www.portalp.com\/it\/wp-json\/wp\/v2\/comments?post=39521"}],"version-history":[{"count":0,"href":"https:\/\/www.portalp.com\/it\/wp-json\/wp\/v2\/pages\/39521\/revisions"}],"up":[{"embeddable":true,"href":"https:\/\/www.portalp.com\/it\/wp-json\/wp\/v2\/pages\/39577"}],"wp:featuredmedia":[{"embeddable":true,"href":"https:\/\/www.portalp.com\/it\/wp-json\/wp\/v2\/media\/3657"}],"wp:attachment":[{"href":"https:\/\/www.portalp.com\/it\/wp-json\/wp\/v2\/media?parent=39521"}],"curies":[{"name":"wp","href":"https:\/\/api.w.org\/{rel}","templated":true}]}}