{"id":25029,"date":"2024-09-30T14:56:08","date_gmt":"2024-09-30T13:56:08","guid":{"rendered":"https:\/\/www.portalp.com\/protection-des-donnees-personnelles\/"},"modified":"2025-02-13T16:44:42","modified_gmt":"2025-02-13T15:44:42","slug":"protection-des-donnees-personnelles","status":"publish","type":"page","link":"https:\/\/www.portalp.com\/fr_gl\/protection-des-donnees-personnelles\/","title":{"rendered":"Protection des donn\u00e9es personnelles"},"content":{"rendered":"<p>[et_pb_section fb_built=&#8221;1&#8243; _builder_version=&#8221;4.24.2&#8243; _module_preset=&#8221;default&#8221; custom_margin=&#8221;110px||||false|false&#8221; custom_margin_tablet=&#8221;110px||||false|false&#8221; custom_margin_phone=&#8221;70px||||false|false&#8221; custom_margin_last_edited=&#8221;on|phone&#8221; global_colors_info=&#8221;{}&#8221;][et_pb_row _builder_version=&#8221;4.24.2&#8243; _module_preset=&#8221;default&#8221; global_colors_info=&#8221;{}&#8221;][et_pb_column type=&#8221;4_4&#8243; _builder_version=&#8221;4.24.2&#8243; _module_preset=&#8221;default&#8221; global_colors_info=&#8221;{}&#8221;][et_pb_text _builder_version=&#8221;4.24.2&#8243; _module_preset=&#8221;default&#8221; header_text_align=&#8221;center&#8221; header_text_color=&#8221;#005B94&#8243; global_colors_info=&#8221;{}&#8221;]<\/p>\n<h1>Protection des donn\u00e9es personnelles<\/h1>\n<p>[\/et_pb_text][et_pb_text _builder_version=&#8221;4.24.2&#8243; _module_preset=&#8221;default&#8221; header_2_text_align=&#8221;left&#8221; global_colors_info=&#8221;{}&#8221;]<\/p>\n<h2>Responsable du traitement des donn\u00e9es<\/h2>\n<p>Le responsable du traitement des donn\u00e9es collect\u00e9es sur ce site est <strong>Portalp France SAS<\/strong>, situ\u00e9 au 4, rue des Charpentiers, Zone Industrielle, 95330 DOMONT \u2013 France.<br \/>Pour toute question relative \u00e0 la protection de vos donn\u00e9es personnelles, vous pouvez nous contacter par email \u00e0 <a rel=\"noopener\">info@portalp.com<\/a> ou par courrier \u00e0 l&#8217;adresse ci-dessus.<\/p>\n<p>[\/et_pb_text][et_pb_text _builder_version=&#8221;4.27.4&#8243; _module_preset=&#8221;default&#8221; header_2_text_align=&#8221;left&#8221; hover_enabled=&#8221;0&#8243; global_colors_info=&#8221;{}&#8221; sticky_enabled=&#8221;0&#8243;]<\/p>\n<h2>Donn\u00e9es personnelles collect\u00e9es<\/h2>\n<p>Lors de l&#8217;utilisation de notre site, certaines donn\u00e9es personnelles peuvent \u00eatre collect\u00e9es et trait\u00e9es dans les cas suivants :<\/p>\n<ul>\n<li><strong>Navigation sur le site<br \/><\/strong>Les donn\u00e9es de connexion navigation suivantes sont collect\u00e9es durant votre visite : \n<ul>\n<li>Adresse IP anonymis\u00e9e : votre adresse IP est partiellement anonymis\u00e9e afin de d\u00e9terminer votre localisation de mani\u00e8re moins pr\u00e9cise.<\/li>\n<li>P\u00e9riph\u00e9riques et navigateur utilis\u00e9s : ces donn\u00e9es sont collect\u00e9es \u00e0 des fins statistiques afin d&#8217;am\u00e9liorer la conception du site et offrir une exp\u00e9rience utilisateur optimale.<\/li>\n<\/ul>\n<\/li>\n<li><strong>Formulaires de contact<br \/><\/strong>En remplissant nos formulaires, les donn\u00e9es suivantes peuvent \u00eatre recueillies :\n<ul>\n<li>Votre nom,<\/li>\n<li>Votre pr\u00e9nom,<\/li>\n<li>Votre adresse email,<\/li>\n<li>Votre num\u00e9ro de t\u00e9l\u00e9phone,<\/li>\n<li>Votre soci\u00e9t\u00e9 et son num\u00e9ro de Siret,<\/li>\n<li>Votre message.<\/li>\n<\/ul>\n<\/li>\n<li><strong>Candidatures<\/strong><br \/>Les formulaires utilis\u00e9s pour l\u2019envoi de candidatures peuvent nous amener \u00e0 collecter \u00e9galement : \n<ul>\n<li>Votre CV<\/li>\n<li>Votre lettre de motivation<\/li>\n<\/ul>\n<\/li>\n<\/ul>\n<p>[\/et_pb_text][et_pb_text _builder_version=&#8221;4.27.4&#8243; _module_preset=&#8221;default&#8221; header_2_text_align=&#8221;left&#8221; hover_enabled=&#8221;0&#8243; global_colors_info=&#8221;{}&#8221; sticky_enabled=&#8221;0&#8243;]<\/p>\n<h2>Finalit\u00e9s du traitement<\/h2>\n<p>Les donn\u00e9es collect\u00e9es sont trait\u00e9es pour les finalit\u00e9s suivantes :<\/p>\n<ul>\n<li>R\u00e9pondre \u00e0 vos demandes et messages envoy\u00e9s via les formulaires de contact.<\/li>\n<li>Am\u00e9liorer l\u2019exp\u00e9rience utilisateur sur le site \u00e0 travers l\u2019analyse de donn\u00e9es de navigation.<\/li>\n<li>Traiter et g\u00e9rer vos candidatures \u00e0 nos offres d&#8217;emploi.<\/li>\n<\/ul>\n<p>[\/et_pb_text][et_pb_text _builder_version=&#8221;4.27.4&#8243; _module_preset=&#8221;default&#8221; header_2_text_align=&#8221;left&#8221; hover_enabled=&#8221;0&#8243; global_colors_info=&#8221;{}&#8221; sticky_enabled=&#8221;0&#8243;]<\/p>\n<h2>Stockage et partage des donn\u00e9es<\/h2>\n<p>Les donn\u00e9es recueillies via les formulaires du site web de Portalp sont stock\u00e9es sur nos serveurs bas\u00e9s en France.<\/p>\n<p>Les donn\u00e9es de navigation sont quant \u00e0 elles stock\u00e9es sur les serveurs s\u00e9curis\u00e9s de la soci\u00e9t\u00e9 Matomo (solution d\u2019analyse web), bas\u00e9s en Allemagne.<\/p>\n<p>Les donn\u00e9es recueillies sont strictement utilis\u00e9es par <strong>Portalp<\/strong> et ses distributeurs partenaires. Aucune donn\u00e9e n\u2019est partag\u00e9e avec des tiers, sauf dans le cas d&#8217;une obligation l\u00e9gale. <\/p>\n<p>[\/et_pb_text][et_pb_text _builder_version=&#8221;4.24.2&#8243; _module_preset=&#8221;default&#8221; header_2_text_align=&#8221;left&#8221; global_colors_info=&#8221;{}&#8221;]<\/p>\n<h2>Dur\u00e9e de conservation des donn\u00e9es<\/h2>\n<p>Vos donn\u00e9es personnelles sont conserv\u00e9es uniquement pour la dur\u00e9e n\u00e9cessaire \u00e0 la r\u00e9alisation des finalit\u00e9s pour lesquelles elles ont \u00e9t\u00e9 collect\u00e9es :<\/p>\n<ul>\n<li><strong>Donn\u00e9es de connexion<\/strong> : conserv\u00e9es pendant 13 mois.<\/li>\n<li><strong>Formulaires de contact<\/strong> : conserv\u00e9es pendant 3 ans \u00e0 compter du dernier contact.<\/li>\n<li><strong>Candidatures<\/strong> : conserv\u00e9es pendant 2 ans apr\u00e8s le dernier contact si la candidature n&#8217;a pas \u00e9t\u00e9 retenue.<\/li>\n<\/ul>\n<p>En fin de p\u00e9riode de conservation, les donn\u00e9es sont supprim\u00e9es ou anonymis\u00e9es, sauf si une dur\u00e9e de conservation sp\u00e9cifique est impos\u00e9e par la loi.<\/p>\n<p>[\/et_pb_text][et_pb_text _builder_version=&#8221;4.24.2&#8243; _module_preset=&#8221;default&#8221; header_2_text_align=&#8221;left&#8221; global_colors_info=&#8221;{}&#8221;]<\/p>\n<h2>Vos droits<\/h2>\n<p>Conform\u00e9ment \u00e0 la loi &#8220;Informatique et Libert\u00e9s&#8221; du 6 janvier 1978 modifi\u00e9e et au RGPD (R\u00e8glement G\u00e9n\u00e9ral sur la Protection des Donn\u00e9es), vous disposez des droits suivants concernant vos donn\u00e9es :<\/p>\n<ul>\n<li><strong>Droit d&#8217;acc\u00e8s<\/strong> : vous pouvez obtenir une copie des donn\u00e9es que nous d\u00e9tenons \u00e0 votre sujet.<\/li>\n<li><strong>Droit de rectification<\/strong> : vous pouvez demander \u00e0 rectifier des donn\u00e9es inexactes.<\/li>\n<li><strong>Droit \u00e0 l\u2019effacement<\/strong> : vous pouvez demander la suppression de vos donn\u00e9es, sous certaines conditions.<\/li>\n<li><strong>Droit \u00e0 la limitation<\/strong> : vous pouvez demander de limiter le traitement de vos donn\u00e9es dans certains cas.<\/li>\n<li><strong>Droit \u00e0 la portabilit\u00e9<\/strong> : vous pouvez recevoir les donn\u00e9es que vous nous avez fournies dans un format structur\u00e9.<\/li>\n<li><strong>Droit d\u2019opposition<\/strong> : vous pouvez vous opposer \u00e0 tout moment \u00e0 l\u2019utilisation de vos donn\u00e9es \u00e0 des fins commerciales.<\/li>\n<\/ul>\n<p>Pour exercer ces droits, contactez-nous \u00e0 <a rel=\"noopener\">info@portalp.com<\/a> ou par courrier postal \u00e0 <strong>Portalp France SAS \u2013 4, rue des Charpentiers, 95330 DOMONT \u2013 France<\/strong>.<\/p>\n<p>[\/et_pb_text][et_pb_text _builder_version=&#8221;4.24.2&#8243; _module_preset=&#8221;default&#8221; header_2_text_align=&#8221;left&#8221; global_colors_info=&#8221;{}&#8221;]<\/p>\n<h2>S\u00e9curit\u00e9 des donn\u00e9es<\/h2>\n<p>Nous mettons en place des mesures techniques, physiques et organisationnelles appropri\u00e9es pour prot\u00e9ger vos donn\u00e9es personnelles contre tout acc\u00e8s non autoris\u00e9, toute modification, divulgation ou destruction. Cela inclut, entre autres, le chiffrement des donn\u00e9es sensibles, les pare-feu et l\u2019acc\u00e8s restreint aux informations. <\/p>\n<p>[\/et_pb_text][et_pb_text _builder_version=&#8221;4.27.4&#8243; _module_preset=&#8221;default&#8221; header_2_text_align=&#8221;left&#8221; hover_enabled=&#8221;0&#8243; global_colors_info=&#8221;{}&#8221; sticky_enabled=&#8221;0&#8243;]<\/p>\n<h2>Transferts internationaux<\/h2>\n<p>Les donn\u00e9es collect\u00e9es, via nos formulaires, sont conserv\u00e9es sur nos serveurs bas\u00e9s en France. Les donn\u00e9es de navigation sont, quant \u00e0 elles, stock\u00e9es sur les serveurs de Matomo bas\u00e9s en Allemagne. <\/p>\n<p>Aucune de ces donn\u00e9es ne fait l\u2019objet d\u2019un transfert vers d\u2019autres pays.<\/p>\n<p>[\/et_pb_text][et_pb_text _builder_version=&#8221;4.27.4&#8243; _module_preset=&#8221;default&#8221; header_2_text_align=&#8221;left&#8221; header_3_text_color=&#8221;#005B94&#8243; hover_enabled=&#8221;0&#8243; global_colors_info=&#8221;{}&#8221; sticky_enabled=&#8221;0&#8243;]<\/p>\n<h2>Cookies<\/h2>\n<h3>Qu\u2019est-ce qu\u2019un cookie ?<\/h3>\n<p>Un cookie est un petit fichier texte d\u00e9pos\u00e9 sur votre appareil (ordinateur, tablette, smartphone) lorsque vous naviguez sur un site web. Il permet notamment de collecter des informations sur votre navigation, de personnaliser votre exp\u00e9rience utilisateur et de proposer des contenus adapt\u00e9s. <\/p>\n<h3>Types de cookies utilis\u00e9s<\/h3>\n<p>Nous n&#8217;utilisons que des cookies strictement n\u00e9cessaires au bon fonctionnement du site web et \u00e0 la s\u00e9curit\u00e9 de ce dernier : <\/p>\n<ul>\n<li><em>wp-wpml_current_language<\/em> et <em>language-switcher-display<\/em> : cookies destin\u00e9 \u00e0 enregistrer la version courante du site web (choix de la langue).<\/li>\n<li><em>Recaptcha <\/em>: cookie permettant de prot\u00e9ger le site web des spams.<\/li>\n<\/ul>\n<h3>Gestion des cookies<\/h3>\n<p>Vous pouvez \u00e0 tout moment choisir de d\u00e9sactiver ou de supprimer les cookies via les param\u00e8tres de votre navigateur. Toutefois, certaines fonctionnalit\u00e9s du site pourraient \u00eatre affect\u00e9es. <\/p>\n<p>[\/et_pb_text][et_pb_text _builder_version=&#8221;4.24.2&#8243; _module_preset=&#8221;default&#8221; header_2_text_align=&#8221;left&#8221; global_colors_info=&#8221;{}&#8221;]<\/p>\n<h2>Mises \u00e0 jour de la politique<\/h2>\n<p>Nous nous r\u00e9servons le droit de modifier cette politique de protection des donn\u00e9es personnelles \u00e0 tout moment. Les modifications entreront en vigueur d\u00e8s leur publication sur cette page. <\/p>\n<p>[\/et_pb_text][\/et_pb_column][\/et_pb_row][\/et_pb_section]<\/p>\n","protected":false},"excerpt":{"rendered":"<p>Protection des donn\u00e9es personnellesResponsable du traitement des donn\u00e9es Le responsable du traitement des donn\u00e9es collect\u00e9es sur ce site est Portalp France SAS, situ\u00e9 au 4, rue des Charpentiers, Zone Industrielle, 95330 DOMONT \u2013 France.Pour toute question relative \u00e0 la protection de vos donn\u00e9es personnelles, vous pouvez nous contacter par email \u00e0 info@portalp.com ou par courrier [&hellip;]<\/p>\n","protected":false},"author":1,"featured_media":0,"parent":0,"menu_order":0,"comment_status":"closed","ping_status":"closed","template":"","meta":{"_et_pb_use_builder":"on","_et_pb_old_content":"","_et_gb_content_width":"","footnotes":""},"class_list":["post-25029","page","type-page","status-publish","hentry"],"yoast_head":"<!-- This site is optimized with the Yoast SEO plugin v27.4 - https:\/\/yoast.com\/product\/yoast-seo-wordpress\/ -->\n<title>Protection des donn\u00e9es personnelles | Portalp<\/title>\n<meta name=\"description\" content=\"D\u00e9couvrez comment Portalp prot\u00e8ge vos donn\u00e9es personnelles, en respectant la confidentialit\u00e9 et les normes RGPD pour garantir votre s\u00e9curit\u00e9 et votre confiance.\" \/>\n<meta name=\"robots\" content=\"index, follow, max-snippet:-1, max-image-preview:large, max-video-preview:-1\" \/>\n<link rel=\"canonical\" href=\"https:\/\/www.portalp.com\/fr_gl\/protection-des-donnees-personnelles\/\" \/>\n<meta property=\"og:locale\" content=\"fr_FR\" \/>\n<meta property=\"og:type\" content=\"article\" \/>\n<meta property=\"og:title\" content=\"Protection des donn\u00e9es personnelles | Portalp\" \/>\n<meta property=\"og:description\" content=\"D\u00e9couvrez comment Portalp prot\u00e8ge vos donn\u00e9es personnelles, en respectant la confidentialit\u00e9 et les normes RGPD pour garantir votre s\u00e9curit\u00e9 et votre confiance.\" \/>\n<meta property=\"og:url\" content=\"https:\/\/www.portalp.com\/fr_gl\/protection-des-donnees-personnelles\/\" \/>\n<meta property=\"og:site_name\" content=\"Portalp\" \/>\n<meta property=\"article:modified_time\" content=\"2025-02-13T15:44:42+00:00\" \/>\n<meta property=\"og:image\" content=\"https:\/\/www.portalp.com\/wp-content\/uploads\/2024\/05\/Logo-PORTALP_coul-72.png\" \/>\n\t<meta property=\"og:image:width\" content=\"375\" \/>\n\t<meta property=\"og:image:height\" content=\"142\" \/>\n\t<meta property=\"og:image:type\" content=\"image\/png\" \/>\n<meta name=\"twitter:card\" content=\"summary_large_image\" \/>\n<meta name=\"twitter:label1\" content=\"Est. reading time\" \/>\n\t<meta name=\"twitter:data1\" content=\"5 minutes\" \/>\n<script type=\"application\/ld+json\" class=\"yoast-schema-graph\">{\"@context\":\"https:\\\/\\\/schema.org\",\"@graph\":[{\"@type\":\"WebPage\",\"@id\":\"https:\\\/\\\/www.portalp.com\\\/fr_gl\\\/protection-des-donnees-personnelles\\\/\",\"url\":\"https:\\\/\\\/www.portalp.com\\\/fr_gl\\\/protection-des-donnees-personnelles\\\/\",\"name\":\"Protection des donn\u00e9es personnelles | Portalp\",\"isPartOf\":{\"@id\":\"https:\\\/\\\/www.portalp.com\\\/fr_gl\\\/#website\"},\"datePublished\":\"2024-09-30T13:56:08+00:00\",\"dateModified\":\"2025-02-13T15:44:42+00:00\",\"description\":\"D\u00e9couvrez comment Portalp prot\u00e8ge vos donn\u00e9es personnelles, en respectant la confidentialit\u00e9 et les normes RGPD pour garantir votre s\u00e9curit\u00e9 et votre confiance.\",\"breadcrumb\":{\"@id\":\"https:\\\/\\\/www.portalp.com\\\/fr_gl\\\/protection-des-donnees-personnelles\\\/#breadcrumb\"},\"inLanguage\":\"fr\",\"potentialAction\":[{\"@type\":\"ReadAction\",\"target\":[\"https:\\\/\\\/www.portalp.com\\\/fr_gl\\\/protection-des-donnees-personnelles\\\/\"]}]},{\"@type\":\"BreadcrumbList\",\"@id\":\"https:\\\/\\\/www.portalp.com\\\/fr_gl\\\/protection-des-donnees-personnelles\\\/#breadcrumb\",\"itemListElement\":[{\"@type\":\"ListItem\",\"position\":1,\"name\":\"Accueil\",\"item\":\"https:\\\/\\\/www.portalp.com\\\/fr_gl\\\/\"},{\"@type\":\"ListItem\",\"position\":2,\"name\":\"Protection des donn\u00e9es personnelles\"}]},{\"@type\":\"WebSite\",\"@id\":\"https:\\\/\\\/www.portalp.com\\\/fr_gl\\\/#website\",\"url\":\"https:\\\/\\\/www.portalp.com\\\/fr_gl\\\/\",\"name\":\"Portalp\",\"description\":\"\",\"publisher\":{\"@id\":\"https:\\\/\\\/www.portalp.com\\\/fr_gl\\\/#organization\"},\"potentialAction\":[{\"@type\":\"SearchAction\",\"target\":{\"@type\":\"EntryPoint\",\"urlTemplate\":\"https:\\\/\\\/www.portalp.com\\\/fr_gl\\\/?s={search_term_string}\"},\"query-input\":{\"@type\":\"PropertyValueSpecification\",\"valueRequired\":true,\"valueName\":\"search_term_string\"}}],\"inLanguage\":\"fr\"},{\"@type\":\"Organization\",\"@id\":\"https:\\\/\\\/www.portalp.com\\\/fr_gl\\\/#organization\",\"name\":\"Portalp\",\"url\":\"https:\\\/\\\/www.portalp.com\\\/fr_gl\\\/\",\"logo\":{\"@type\":\"ImageObject\",\"inLanguage\":\"fr\",\"@id\":\"https:\\\/\\\/www.portalp.com\\\/fr_gl\\\/#\\\/schema\\\/logo\\\/image\\\/\",\"url\":\"https:\\\/\\\/www.portalp.com\\\/wp-content\\\/uploads\\\/2024\\\/05\\\/Logo-PORTALP_coul-72.png\",\"contentUrl\":\"https:\\\/\\\/www.portalp.com\\\/wp-content\\\/uploads\\\/2024\\\/05\\\/Logo-PORTALP_coul-72.png\",\"width\":375,\"height\":142,\"caption\":\"Portalp\"},\"image\":{\"@id\":\"https:\\\/\\\/www.portalp.com\\\/fr_gl\\\/#\\\/schema\\\/logo\\\/image\\\/\"},\"sameAs\":[\"https:\\\/\\\/www.linkedin.com\\\/company\\\/portalp\"]}]}<\/script>\n<!-- \/ Yoast SEO plugin. -->","yoast_head_json":{"title":"Protection des donn\u00e9es personnelles | Portalp","description":"D\u00e9couvrez comment Portalp prot\u00e8ge vos donn\u00e9es personnelles, en respectant la confidentialit\u00e9 et les normes RGPD pour garantir votre s\u00e9curit\u00e9 et votre confiance.","robots":{"index":"index","follow":"follow","max-snippet":"max-snippet:-1","max-image-preview":"max-image-preview:large","max-video-preview":"max-video-preview:-1"},"canonical":"https:\/\/www.portalp.com\/fr_gl\/protection-des-donnees-personnelles\/","og_locale":"fr_FR","og_type":"article","og_title":"Protection des donn\u00e9es personnelles | Portalp","og_description":"D\u00e9couvrez comment Portalp prot\u00e8ge vos donn\u00e9es personnelles, en respectant la confidentialit\u00e9 et les normes RGPD pour garantir votre s\u00e9curit\u00e9 et votre confiance.","og_url":"https:\/\/www.portalp.com\/fr_gl\/protection-des-donnees-personnelles\/","og_site_name":"Portalp","article_modified_time":"2025-02-13T15:44:42+00:00","og_image":[{"width":375,"height":142,"url":"https:\/\/www.portalp.com\/wp-content\/uploads\/2024\/05\/Logo-PORTALP_coul-72.png","type":"image\/png"}],"twitter_card":"summary_large_image","twitter_misc":{"Est. reading time":"5 minutes"},"schema":{"@context":"https:\/\/schema.org","@graph":[{"@type":"WebPage","@id":"https:\/\/www.portalp.com\/fr_gl\/protection-des-donnees-personnelles\/","url":"https:\/\/www.portalp.com\/fr_gl\/protection-des-donnees-personnelles\/","name":"Protection des donn\u00e9es personnelles | Portalp","isPartOf":{"@id":"https:\/\/www.portalp.com\/fr_gl\/#website"},"datePublished":"2024-09-30T13:56:08+00:00","dateModified":"2025-02-13T15:44:42+00:00","description":"D\u00e9couvrez comment Portalp prot\u00e8ge vos donn\u00e9es personnelles, en respectant la confidentialit\u00e9 et les normes RGPD pour garantir votre s\u00e9curit\u00e9 et votre confiance.","breadcrumb":{"@id":"https:\/\/www.portalp.com\/fr_gl\/protection-des-donnees-personnelles\/#breadcrumb"},"inLanguage":"fr","potentialAction":[{"@type":"ReadAction","target":["https:\/\/www.portalp.com\/fr_gl\/protection-des-donnees-personnelles\/"]}]},{"@type":"BreadcrumbList","@id":"https:\/\/www.portalp.com\/fr_gl\/protection-des-donnees-personnelles\/#breadcrumb","itemListElement":[{"@type":"ListItem","position":1,"name":"Accueil","item":"https:\/\/www.portalp.com\/fr_gl\/"},{"@type":"ListItem","position":2,"name":"Protection des donn\u00e9es personnelles"}]},{"@type":"WebSite","@id":"https:\/\/www.portalp.com\/fr_gl\/#website","url":"https:\/\/www.portalp.com\/fr_gl\/","name":"Portalp","description":"","publisher":{"@id":"https:\/\/www.portalp.com\/fr_gl\/#organization"},"potentialAction":[{"@type":"SearchAction","target":{"@type":"EntryPoint","urlTemplate":"https:\/\/www.portalp.com\/fr_gl\/?s={search_term_string}"},"query-input":{"@type":"PropertyValueSpecification","valueRequired":true,"valueName":"search_term_string"}}],"inLanguage":"fr"},{"@type":"Organization","@id":"https:\/\/www.portalp.com\/fr_gl\/#organization","name":"Portalp","url":"https:\/\/www.portalp.com\/fr_gl\/","logo":{"@type":"ImageObject","inLanguage":"fr","@id":"https:\/\/www.portalp.com\/fr_gl\/#\/schema\/logo\/image\/","url":"https:\/\/www.portalp.com\/wp-content\/uploads\/2024\/05\/Logo-PORTALP_coul-72.png","contentUrl":"https:\/\/www.portalp.com\/wp-content\/uploads\/2024\/05\/Logo-PORTALP_coul-72.png","width":375,"height":142,"caption":"Portalp"},"image":{"@id":"https:\/\/www.portalp.com\/fr_gl\/#\/schema\/logo\/image\/"},"sameAs":["https:\/\/www.linkedin.com\/company\/portalp"]}]}},"_links":{"self":[{"href":"https:\/\/www.portalp.com\/fr_gl\/wp-json\/wp\/v2\/pages\/25029","targetHints":{"allow":["GET"]}}],"collection":[{"href":"https:\/\/www.portalp.com\/fr_gl\/wp-json\/wp\/v2\/pages"}],"about":[{"href":"https:\/\/www.portalp.com\/fr_gl\/wp-json\/wp\/v2\/types\/page"}],"author":[{"embeddable":true,"href":"https:\/\/www.portalp.com\/fr_gl\/wp-json\/wp\/v2\/users\/1"}],"replies":[{"embeddable":true,"href":"https:\/\/www.portalp.com\/fr_gl\/wp-json\/wp\/v2\/comments?post=25029"}],"version-history":[{"count":0,"href":"https:\/\/www.portalp.com\/fr_gl\/wp-json\/wp\/v2\/pages\/25029\/revisions"}],"wp:attachment":[{"href":"https:\/\/www.portalp.com\/fr_gl\/wp-json\/wp\/v2\/media?parent=25029"}],"curies":[{"name":"wp","href":"https:\/\/api.w.org\/{rel}","templated":true}]}}