{"id":20485,"date":"2024-04-12T12:51:23","date_gmt":"2024-04-12T11:51:23","guid":{"rendered":"https:\/\/www.portalp.com\/solutions\/portes-automatiques\/"},"modified":"2025-07-08T13:51:00","modified_gmt":"2025-07-08T12:51:00","slug":"portes-automatiques","status":"publish","type":"page","link":"https:\/\/www.portalp.com\/fr_gl\/solutions\/portes-automatiques\/","title":{"rendered":"Portes automatiques"},"content":{"rendered":"<p>[et_pb_section fb_built=&#8221;1&#8243; custom_padding_last_edited=&#8221;on|phone&#8221; _builder_version=&#8221;4.24.2&#8243; _module_preset=&#8221;default&#8221; background_color=&#8221;#E4DAD3&#8243; custom_margin=&#8221;100px||||false|false&#8221; custom_margin_tablet=&#8221;110px||||false|false&#8221; custom_margin_phone=&#8221;60px||||false|false&#8221; custom_margin_last_edited=&#8221;on|phone&#8221; custom_padding=&#8221;20px||20px||true|false&#8221; custom_padding_tablet=&#8221;8%||8%||true|false&#8221; custom_padding_phone=&#8221;||||false|false&#8221; global_colors_info=&#8221;{}&#8221;][et_pb_row _builder_version=&#8221;4.24.2&#8243; _module_preset=&#8221;default&#8221; custom_margin=&#8221;|auto|2px|auto|false|false&#8221; global_colors_info=&#8221;{}&#8221;][et_pb_column type=&#8221;4_4&#8243; _builder_version=&#8221;4.24.2&#8243; _module_preset=&#8221;default&#8221; global_colors_info=&#8221;{}&#8221;][et_pb_text disabled_on=&#8221;off|off|off&#8221; _builder_version=&#8221;4.24.2&#8243; _module_preset=&#8221;default&#8221; text_font_size=&#8221;0.8em&#8221; saved_tabs=&#8221;all&#8221; global_colors_info=&#8221;{}&#8221;]<\/p>\n<span><span><a href=\"https:\/\/www.portalp.com\/fr_gl\/\">Accueil<\/a><\/span><\/span>\n<p>[\/et_pb_text][et_pb_text _builder_version=&#8221;4.24.2&#8243; _module_preset=&#8221;default&#8221; header_text_color=&#8221;#005B94&#8243; custom_margin=&#8221;||30px||false|false&#8221; custom_padding=&#8221;||||true|false&#8221; global_colors_info=&#8221;{}&#8221;]<\/p>\n<h1 style=\"text-align: center;\">Portes automatiques<\/h1>\n<p>[\/et_pb_text][et_pb_text _builder_version=&#8221;4.27.4&#8243; _module_preset=&#8221;default&#8221; locked=&#8221;off&#8221; global_colors_info=&#8221;{}&#8221;]<\/p>\n<p>Portalp, <strong>expert en solutions d\u2019acc\u00e8s automatis\u00e9s<\/strong> depuis plus de 60 ans, vous propose une gamme compl\u00e8te de <strong>portes automatiques adapt\u00e9es \u00e0 tous vos besoins<\/strong>. Que ce soit pour des portes pi\u00e9tonnes ou des op\u00e9rateurs de portes battantes, nous combinons performance, design et s\u00e9curit\u00e9.<\/p>\n<p>D\u00e9couvrez des solutions innovantes con\u00e7ues pour <strong>optimiser vos flux<\/strong>, garantir un <strong>acc\u00e8s s\u00e9curis\u00e9<\/strong> et s\u2019int\u00e9grer harmonieusement \u00e0 votre environnement.<\/p>\n<p>[\/et_pb_text][\/et_pb_column][\/et_pb_row][et_pb_row _builder_version=&#8221;4.24.2&#8243; _module_preset=&#8221;default&#8221; width_tablet=&#8221;&#8221; width_phone=&#8221;&#8221; width_last_edited=&#8221;on|phone&#8221; custom_padding=&#8221;||0px|10px|false|false&#8221; locked=&#8221;off&#8221; global_colors_info=&#8221;{}&#8221;][et_pb_column type=&#8221;4_4&#8243; _builder_version=&#8221;4.24.2&#8243; _module_preset=&#8221;default&#8221; global_colors_info=&#8221;{}&#8221;][dica_divi_carousel item_width_tablet=&#8221;23%&#8221; item_width_phone=&#8221;75%&#8221; item_width_last_edited=&#8221;on|phone&#8221; show_items_desktop=&#8221;3&#8243; arrow_nav=&#8221;on&#8221; dot_nav=&#8221;on&#8221; equal_height=&#8221;on&#8221; advanced_effect=&#8221;1&#8243; dots_color=&#8221;#FFFFFF&#8221; overlay_color_field_bgcolor=&#8221;rgba(255,255,255,0.85)&#8221; carousel_container_padding=&#8221;||||false|false&#8221; innercontent_padding=&#8221;||||false|false&#8221; item_padding=&#8221;||50px||false|false&#8221; image_container_padding=&#8221;||||false|false&#8221; content_container_margin=&#8221;20px||20px||false|true&#8221; module_class=&#8221;carousel-with-text&#8221; _builder_version=&#8221;4.27.4&#8243; _module_preset=&#8221;default&#8221; title_font=&#8221;|600|||||||&#8221; title_text_align=&#8221;center&#8221; title_text_color=&#8221;#005B94&#8243; title_font_size=&#8221;18px&#8221; body_text_align=&#8221;center&#8221; body_text_color=&#8221;#706F6F&#8221; custom_margin=&#8221;||44px|||&#8221; custom_padding=&#8221;||||false|false&#8221; custom_css_free_form=&#8221;selector h4 {||  font-weight:600;||  color: #005b94;||}&#8221; custom_css_button=&#8221;position: absolute;||bottom: 15px;||left: 50%;||transform: translateX(-50%);&#8221; global_colors_info=&#8221;{}&#8221; custom_css_carousel_item_last_edited=&#8221;on|phone&#8221;][dica_divi_carouselitem title=&#8221;Portes automatiques pi\u00e9tonnes&#8221; button_url_new_window=&#8221;1&#8243; image=&#8221;https:\/\/www.portalp.com\/wp-content\/uploads\/2024\/05\/pages_portes_automatiques_portes_pietonnes.jpg&#8221; content_padding=&#8221;|15px||15px|false|true&#8221; _builder_version=&#8221;4.27.2&#8243; _dynamic_attributes=&#8221;link_option_url&#8221; _module_preset=&#8221;default&#8221; body_text_align=&#8221;center&#8221; body_text_color=&#8221;#706F6F&#8221; background_color=&#8221;#FFFFFF&#8221; background_enable_color=&#8221;on&#8221; custom_button=&#8221;on&#8221; button_text_color=&#8221;#FFFFFF&#8221; button_bg_use_color_gradient=&#8221;on&#8221; button_bg_color_gradient_direction=&#8221;90deg&#8221; button_bg_color_gradient_stops=&#8221;#0075bf 0%|#004876 100%&#8221; button_border_width=&#8221;0px&#8221; button_border_radius=&#8221;50px&#8221; button_use_icon=&#8221;off&#8221; button_alignment=&#8221;center&#8221; link_option_url=&#8221;@ET-DC@eyJkeW5hbWljIjp0cnVlLCJjb250ZW50IjoicG9zdF9saW5rX3VybF9wYWdlIiwic2V0dGluZ3MiOnsicG9zdF9pZCI6IjE2NjcifX0=@&#8221; border_radii_item=&#8221;on|10px|10px|10px|10px&#8221; global_colors_info=&#8221;{}&#8221;]<\/p>\n<p class=\"carousel-btn\" style=\"color:#fff!important\">En savoir +<\/p>\n<p>[\/dica_divi_carouselitem][dica_divi_carouselitem title=&#8221;Portes pour h\u00f4pital et salle propre&#8221; button_url_new_window=&#8221;1&#8243; image=&#8221;https:\/\/www.portalp.com\/wp-content\/uploads\/2024\/07\/portalp_hospitalier.jpg&#8221; image_alt=&#8221;Portes automatiques dans un h\u00f4pital&#8221; content_padding=&#8221;|15px||15px|false|true&#8221; _builder_version=&#8221;4.27.4&#8243; _dynamic_attributes=&#8221;link_option_url&#8221; _module_preset=&#8221;default&#8221; body_text_align=&#8221;center&#8221; body_text_color=&#8221;#706F6F&#8221; background_color=&#8221;#FFFFFF&#8221; background_enable_color=&#8221;on&#8221; custom_button=&#8221;on&#8221; button_text_color=&#8221;#FFFFFF&#8221; button_bg_use_color_gradient=&#8221;on&#8221; button_bg_color_gradient_direction=&#8221;90deg&#8221; button_bg_color_gradient_stops=&#8221;#0075bf 0%|#004876 100%&#8221; button_border_width=&#8221;0px&#8221; button_border_radius=&#8221;50px&#8221; button_use_icon=&#8221;off&#8221; button_alignment=&#8221;center&#8221; link_option_url=&#8221;@ET-DC@eyJkeW5hbWljIjp0cnVlLCJjb250ZW50IjoicG9zdF9saW5rX3VybF9wYWdlIiwic2V0dGluZ3MiOnsicG9zdF9pZCI6IjcwOTQifX0=@&#8221; border_radii_item=&#8221;on|10px|10px|10px|10px&#8221; global_colors_info=&#8221;{}&#8221;]<\/p>\n<p class=\"carousel-btn\" style=\"color:#fff!important\">En savoir +<\/p>\n<p>[\/dica_divi_carouselitem][dica_divi_carouselitem title=&#8221;Op\u00e9rateur de porte battante&#8221; button_url_new_window=&#8221;1&#8243; image=&#8221;https:\/\/www.portalp.com\/wp-content\/uploads\/2024\/05\/pages_portes_automatiques_operateur_porte_battante-1.jpg&#8221; content_padding=&#8221;|15px||15px|false|true&#8221; _builder_version=&#8221;4.27.2&#8243; _dynamic_attributes=&#8221;link_option_url&#8221; _module_preset=&#8221;default&#8221; background_color=&#8221;#FFFFFF&#8221; background_enable_color=&#8221;on&#8221; custom_button=&#8221;on&#8221; button_text_color=&#8221;#FFFFFF&#8221; button_bg_use_color_gradient=&#8221;on&#8221; button_bg_color_gradient_direction=&#8221;90deg&#8221; button_bg_color_gradient_stops=&#8221;#0075bf 0%|#004876 100%&#8221; button_border_width=&#8221;0px&#8221; button_border_radius=&#8221;50px&#8221; button_use_icon=&#8221;off&#8221; button_alignment=&#8221;center&#8221; link_option_url=&#8221;@ET-DC@eyJkeW5hbWljIjp0cnVlLCJjb250ZW50IjoicG9zdF9saW5rX3VybF9wYWdlIiwic2V0dGluZ3MiOnsicG9zdF9pZCI6Ijg4ODIifX0=@&#8221; border_radii_item=&#8221;on|10px|10px|10px|10px&#8221; global_colors_info=&#8221;{}&#8221;]<\/p>\n<p class=\"carousel-btn\" style=\"color:#fff!important\">En savoir +<\/p>\n<p>[\/dica_divi_carouselitem][\/dica_divi_carousel][et_pb_button button_url=&#8221;@ET-DC@eyJkeW5hbWljIjp0cnVlLCJjb250ZW50IjoicG9zdF9saW5rX3VybF9wYWdlIiwic2V0dGluZ3MiOnsicG9zdF9pZCI6IjEzMjkifX0=@&#8221; button_text=&#8221;Contactez-nous&#8221; _builder_version=&#8221;4.27.2&#8243; _dynamic_attributes=&#8221;button_url&#8221; _module_preset=&#8221;default&#8221; global_colors_info=&#8221;{}&#8221;][\/et_pb_button][\/et_pb_column][\/et_pb_row][\/et_pb_section]<\/p>\n","protected":false},"excerpt":{"rendered":"<p><span><span><a href=\"https:\/\/www.portalp.com\/fr_gl\/\">Accueil<\/a><\/span><\/span>Portes automatiquesPortalp, expert en solutions d\u2019acc\u00e8s automatis\u00e9s depuis plus de 60 ans, vous propose une gamme compl\u00e8te de portes automatiques adapt\u00e9es \u00e0 tous vos besoins. Que ce soit pour des portes pi\u00e9tonnes ou des op\u00e9rateurs de portes battantes, nous combinons performance, design et s\u00e9curit\u00e9. D\u00e9couvrez des solutions innovantes con\u00e7ues pour optimiser vos flux, garantir un [&hellip;]<\/p>\n","protected":false},"author":1,"featured_media":24189,"parent":20444,"menu_order":0,"comment_status":"closed","ping_status":"closed","template":"","meta":{"_et_pb_use_builder":"on","_et_pb_old_content":"","_et_gb_content_width":"","footnotes":""},"class_list":["post-20485","page","type-page","status-publish","has-post-thumbnail","hentry"],"yoast_head":"<!-- This site is optimized with the Yoast SEO plugin v27.4 - https:\/\/yoast.com\/product\/yoast-seo-wordpress\/ -->\n<title>Portes automatiques | Portalp<\/title>\n<meta name=\"description\" content=\"Portes automatiques : des solutions sur-mesure de portes automatiques pi\u00e9tonnes adapt\u00e9es \u00e0 vos secteurs d&#039;activit\u00e9, fabriqu\u00e9es en France.\" \/>\n<meta name=\"robots\" content=\"index, follow, max-snippet:-1, max-image-preview:large, max-video-preview:-1\" \/>\n<link rel=\"canonical\" href=\"https:\/\/www.portalp.com\/fr_gl\/solutions\/portes-automatiques\/\" \/>\n<meta property=\"og:locale\" content=\"fr_FR\" \/>\n<meta property=\"og:type\" content=\"article\" \/>\n<meta property=\"og:title\" content=\"Portes automatiques | Portalp\" \/>\n<meta property=\"og:description\" content=\"Portes automatiques : des solutions sur-mesure de portes automatiques pi\u00e9tonnes adapt\u00e9es \u00e0 vos secteurs d&#039;activit\u00e9, fabriqu\u00e9es en France.\" \/>\n<meta property=\"og:url\" content=\"https:\/\/www.portalp.com\/fr_gl\/solutions\/portes-automatiques\/\" \/>\n<meta property=\"og:site_name\" content=\"Portalp\" \/>\n<meta property=\"article:modified_time\" content=\"2025-07-08T12:51:00+00:00\" \/>\n<meta property=\"og:image\" content=\"https:\/\/www.portalp.com\/wp-content\/uploads\/2024\/11\/portalp_club_des_sports_courchevel_realisation5.jpg\" \/>\n\t<meta property=\"og:image:width\" content=\"800\" \/>\n\t<meta property=\"og:image:height\" content=\"600\" \/>\n\t<meta property=\"og:image:type\" content=\"image\/jpeg\" \/>\n<meta name=\"twitter:card\" content=\"summary_large_image\" \/>\n<meta name=\"twitter:label1\" content=\"Est. reading time\" \/>\n\t<meta name=\"twitter:data1\" content=\"2 minutes\" \/>\n<script type=\"application\/ld+json\" class=\"yoast-schema-graph\">{\"@context\":\"https:\\\/\\\/schema.org\",\"@graph\":[{\"@type\":\"WebPage\",\"@id\":\"https:\\\/\\\/www.portalp.com\\\/fr_gl\\\/solutions\\\/portes-automatiques\\\/\",\"url\":\"https:\\\/\\\/www.portalp.com\\\/fr_gl\\\/solutions\\\/portes-automatiques\\\/\",\"name\":\"Portes automatiques | Portalp\",\"isPartOf\":{\"@id\":\"https:\\\/\\\/www.portalp.com\\\/fr_gl\\\/#website\"},\"primaryImageOfPage\":{\"@id\":\"https:\\\/\\\/www.portalp.com\\\/fr_gl\\\/solutions\\\/portes-automatiques\\\/#primaryimage\"},\"image\":{\"@id\":\"https:\\\/\\\/www.portalp.com\\\/fr_gl\\\/solutions\\\/portes-automatiques\\\/#primaryimage\"},\"thumbnailUrl\":\"https:\\\/\\\/www.portalp.com\\\/wp-content\\\/uploads\\\/2024\\\/11\\\/portalp_club_des_sports_courchevel_realisation5.jpg\",\"datePublished\":\"2024-04-12T11:51:23+00:00\",\"dateModified\":\"2025-07-08T12:51:00+00:00\",\"description\":\"Portes automatiques : des solutions sur-mesure de portes automatiques pi\u00e9tonnes adapt\u00e9es \u00e0 vos secteurs d'activit\u00e9, fabriqu\u00e9es en France.\",\"breadcrumb\":{\"@id\":\"https:\\\/\\\/www.portalp.com\\\/fr_gl\\\/solutions\\\/portes-automatiques\\\/#breadcrumb\"},\"inLanguage\":\"fr\",\"potentialAction\":[{\"@type\":\"ReadAction\",\"target\":[\"https:\\\/\\\/www.portalp.com\\\/fr_gl\\\/solutions\\\/portes-automatiques\\\/\"]}]},{\"@type\":\"ImageObject\",\"inLanguage\":\"fr\",\"@id\":\"https:\\\/\\\/www.portalp.com\\\/fr_gl\\\/solutions\\\/portes-automatiques\\\/#primaryimage\",\"url\":\"https:\\\/\\\/www.portalp.com\\\/wp-content\\\/uploads\\\/2024\\\/11\\\/portalp_club_des_sports_courchevel_realisation5.jpg\",\"contentUrl\":\"https:\\\/\\\/www.portalp.com\\\/wp-content\\\/uploads\\\/2024\\\/11\\\/portalp_club_des_sports_courchevel_realisation5.jpg\",\"width\":800,\"height\":600,\"caption\":\"R\u00e9alisation Portalp porte automatique du Club de sports de Courchevel\"},{\"@type\":\"BreadcrumbList\",\"@id\":\"https:\\\/\\\/www.portalp.com\\\/fr_gl\\\/solutions\\\/portes-automatiques\\\/#breadcrumb\",\"itemListElement\":[{\"@type\":\"ListItem\",\"position\":1,\"name\":\"Accueil\",\"item\":\"https:\\\/\\\/www.portalp.com\\\/fr_gl\\\/\"},{\"@type\":\"ListItem\",\"position\":2,\"name\":\"Solutions\",\"item\":\"https:\\\/\\\/www.portalp.com\\\/fr_gl\\\/solutions\\\/\"},{\"@type\":\"ListItem\",\"position\":3,\"name\":\"Portes automatiques\"}]},{\"@type\":\"WebSite\",\"@id\":\"https:\\\/\\\/www.portalp.com\\\/fr_gl\\\/#website\",\"url\":\"https:\\\/\\\/www.portalp.com\\\/fr_gl\\\/\",\"name\":\"Portalp\",\"description\":\"\",\"publisher\":{\"@id\":\"https:\\\/\\\/www.portalp.com\\\/fr_gl\\\/#organization\"},\"potentialAction\":[{\"@type\":\"SearchAction\",\"target\":{\"@type\":\"EntryPoint\",\"urlTemplate\":\"https:\\\/\\\/www.portalp.com\\\/fr_gl\\\/?s={search_term_string}\"},\"query-input\":{\"@type\":\"PropertyValueSpecification\",\"valueRequired\":true,\"valueName\":\"search_term_string\"}}],\"inLanguage\":\"fr\"},{\"@type\":\"Organization\",\"@id\":\"https:\\\/\\\/www.portalp.com\\\/fr_gl\\\/#organization\",\"name\":\"Portalp\",\"url\":\"https:\\\/\\\/www.portalp.com\\\/fr_gl\\\/\",\"logo\":{\"@type\":\"ImageObject\",\"inLanguage\":\"fr\",\"@id\":\"https:\\\/\\\/www.portalp.com\\\/fr_gl\\\/#\\\/schema\\\/logo\\\/image\\\/\",\"url\":\"https:\\\/\\\/www.portalp.com\\\/wp-content\\\/uploads\\\/2024\\\/05\\\/Logo-PORTALP_coul-72.png\",\"contentUrl\":\"https:\\\/\\\/www.portalp.com\\\/wp-content\\\/uploads\\\/2024\\\/05\\\/Logo-PORTALP_coul-72.png\",\"width\":375,\"height\":142,\"caption\":\"Portalp\"},\"image\":{\"@id\":\"https:\\\/\\\/www.portalp.com\\\/fr_gl\\\/#\\\/schema\\\/logo\\\/image\\\/\"},\"sameAs\":[\"https:\\\/\\\/www.linkedin.com\\\/company\\\/portalp\"]}]}<\/script>\n<!-- \/ Yoast SEO plugin. -->","yoast_head_json":{"title":"Portes automatiques | Portalp","description":"Portes automatiques : des solutions sur-mesure de portes automatiques pi\u00e9tonnes adapt\u00e9es \u00e0 vos secteurs d'activit\u00e9, fabriqu\u00e9es en France.","robots":{"index":"index","follow":"follow","max-snippet":"max-snippet:-1","max-image-preview":"max-image-preview:large","max-video-preview":"max-video-preview:-1"},"canonical":"https:\/\/www.portalp.com\/fr_gl\/solutions\/portes-automatiques\/","og_locale":"fr_FR","og_type":"article","og_title":"Portes automatiques | Portalp","og_description":"Portes automatiques : des solutions sur-mesure de portes automatiques pi\u00e9tonnes adapt\u00e9es \u00e0 vos secteurs d'activit\u00e9, fabriqu\u00e9es en France.","og_url":"https:\/\/www.portalp.com\/fr_gl\/solutions\/portes-automatiques\/","og_site_name":"Portalp","article_modified_time":"2025-07-08T12:51:00+00:00","og_image":[{"width":800,"height":600,"url":"https:\/\/www.portalp.com\/wp-content\/uploads\/2024\/11\/portalp_club_des_sports_courchevel_realisation5.jpg","type":"image\/jpeg"}],"twitter_card":"summary_large_image","twitter_misc":{"Est. reading time":"2 minutes"},"schema":{"@context":"https:\/\/schema.org","@graph":[{"@type":"WebPage","@id":"https:\/\/www.portalp.com\/fr_gl\/solutions\/portes-automatiques\/","url":"https:\/\/www.portalp.com\/fr_gl\/solutions\/portes-automatiques\/","name":"Portes automatiques | Portalp","isPartOf":{"@id":"https:\/\/www.portalp.com\/fr_gl\/#website"},"primaryImageOfPage":{"@id":"https:\/\/www.portalp.com\/fr_gl\/solutions\/portes-automatiques\/#primaryimage"},"image":{"@id":"https:\/\/www.portalp.com\/fr_gl\/solutions\/portes-automatiques\/#primaryimage"},"thumbnailUrl":"https:\/\/www.portalp.com\/wp-content\/uploads\/2024\/11\/portalp_club_des_sports_courchevel_realisation5.jpg","datePublished":"2024-04-12T11:51:23+00:00","dateModified":"2025-07-08T12:51:00+00:00","description":"Portes automatiques : des solutions sur-mesure de portes automatiques pi\u00e9tonnes adapt\u00e9es \u00e0 vos secteurs d'activit\u00e9, fabriqu\u00e9es en France.","breadcrumb":{"@id":"https:\/\/www.portalp.com\/fr_gl\/solutions\/portes-automatiques\/#breadcrumb"},"inLanguage":"fr","potentialAction":[{"@type":"ReadAction","target":["https:\/\/www.portalp.com\/fr_gl\/solutions\/portes-automatiques\/"]}]},{"@type":"ImageObject","inLanguage":"fr","@id":"https:\/\/www.portalp.com\/fr_gl\/solutions\/portes-automatiques\/#primaryimage","url":"https:\/\/www.portalp.com\/wp-content\/uploads\/2024\/11\/portalp_club_des_sports_courchevel_realisation5.jpg","contentUrl":"https:\/\/www.portalp.com\/wp-content\/uploads\/2024\/11\/portalp_club_des_sports_courchevel_realisation5.jpg","width":800,"height":600,"caption":"R\u00e9alisation Portalp porte automatique du Club de sports de Courchevel"},{"@type":"BreadcrumbList","@id":"https:\/\/www.portalp.com\/fr_gl\/solutions\/portes-automatiques\/#breadcrumb","itemListElement":[{"@type":"ListItem","position":1,"name":"Accueil","item":"https:\/\/www.portalp.com\/fr_gl\/"},{"@type":"ListItem","position":2,"name":"Solutions","item":"https:\/\/www.portalp.com\/fr_gl\/solutions\/"},{"@type":"ListItem","position":3,"name":"Portes automatiques"}]},{"@type":"WebSite","@id":"https:\/\/www.portalp.com\/fr_gl\/#website","url":"https:\/\/www.portalp.com\/fr_gl\/","name":"Portalp","description":"","publisher":{"@id":"https:\/\/www.portalp.com\/fr_gl\/#organization"},"potentialAction":[{"@type":"SearchAction","target":{"@type":"EntryPoint","urlTemplate":"https:\/\/www.portalp.com\/fr_gl\/?s={search_term_string}"},"query-input":{"@type":"PropertyValueSpecification","valueRequired":true,"valueName":"search_term_string"}}],"inLanguage":"fr"},{"@type":"Organization","@id":"https:\/\/www.portalp.com\/fr_gl\/#organization","name":"Portalp","url":"https:\/\/www.portalp.com\/fr_gl\/","logo":{"@type":"ImageObject","inLanguage":"fr","@id":"https:\/\/www.portalp.com\/fr_gl\/#\/schema\/logo\/image\/","url":"https:\/\/www.portalp.com\/wp-content\/uploads\/2024\/05\/Logo-PORTALP_coul-72.png","contentUrl":"https:\/\/www.portalp.com\/wp-content\/uploads\/2024\/05\/Logo-PORTALP_coul-72.png","width":375,"height":142,"caption":"Portalp"},"image":{"@id":"https:\/\/www.portalp.com\/fr_gl\/#\/schema\/logo\/image\/"},"sameAs":["https:\/\/www.linkedin.com\/company\/portalp"]}]}},"_links":{"self":[{"href":"https:\/\/www.portalp.com\/fr_gl\/wp-json\/wp\/v2\/pages\/20485","targetHints":{"allow":["GET"]}}],"collection":[{"href":"https:\/\/www.portalp.com\/fr_gl\/wp-json\/wp\/v2\/pages"}],"about":[{"href":"https:\/\/www.portalp.com\/fr_gl\/wp-json\/wp\/v2\/types\/page"}],"author":[{"embeddable":true,"href":"https:\/\/www.portalp.com\/fr_gl\/wp-json\/wp\/v2\/users\/1"}],"replies":[{"embeddable":true,"href":"https:\/\/www.portalp.com\/fr_gl\/wp-json\/wp\/v2\/comments?post=20485"}],"version-history":[{"count":0,"href":"https:\/\/www.portalp.com\/fr_gl\/wp-json\/wp\/v2\/pages\/20485\/revisions"}],"up":[{"embeddable":true,"href":"https:\/\/www.portalp.com\/fr_gl\/wp-json\/wp\/v2\/pages\/20444"}],"wp:featuredmedia":[{"embeddable":true,"href":"https:\/\/www.portalp.com\/fr_gl\/wp-json\/wp\/v2\/media\/24189"}],"wp:attachment":[{"href":"https:\/\/www.portalp.com\/fr_gl\/wp-json\/wp\/v2\/media?parent=20485"}],"curies":[{"name":"wp","href":"https:\/\/api.w.org\/{rel}","templated":true}]}}