{"id":19208,"date":"2024-04-08T13:23:59","date_gmt":"2024-04-08T12:23:59","guid":{"rendered":"https:\/\/www.portalp.com\/facades-de-quai\/"},"modified":"2024-11-25T16:37:46","modified_gmt":"2024-11-25T15:37:46","slug":"facades-de-quai","status":"publish","type":"page","link":"https:\/\/www.portalp.com\/fr_gl\/solutions\/facades-de-quai\/","title":{"rendered":"Fa\u00e7ades de quai"},"content":{"rendered":"<p>[et_pb_section fb_built=&#8221;1&#8243; _builder_version=&#8221;4.24.2&#8243; _module_preset=&#8221;default&#8221; background_image=&#8221;https:\/\/www.portalp.com\/wp-content\/uploads\/2024\/04\/facades-de-quai.jpg&#8221; height=&#8221;80vh&#8221; height_tablet=&#8221;80vh&#8221; height_phone=&#8221;70vh&#8221; height_last_edited=&#8221;on|desktop&#8221; custom_padding=&#8221;||||false|false&#8221; global_colors_info=&#8221;{}&#8221;][et_pb_row column_structure=&#8221;2_5,3_5&#8243; _builder_version=&#8221;4.24.2&#8243; _module_preset=&#8221;default&#8221; position_origin_a=&#8221;bottom_center&#8221; vertical_offset=&#8221;50%&#8221; width=&#8221;100%&#8221; max_width=&#8221;100%&#8221; custom_padding=&#8221;||||false|false&#8221; custom_css_main_element=&#8221;transform: translateY(-30%);&#8221; global_colors_info=&#8221;{}&#8221;][et_pb_column type=&#8221;2_5&#8243; _builder_version=&#8221;4.24.2&#8243; _module_preset=&#8221;default&#8221; background_color=&#8221;rgba(206,27,0,0.58)&#8221; background_enable_color=&#8221;off&#8221; use_background_color_gradient=&#8221;on&#8221; background_color_gradient_stops=&#8221;rgba(0,117,191,0.8) 0%|rgba(0,27,56,0.8) 100%&#8221; transform_translate=&#8221;-20px|0px&#8221; transform_translate_linked=&#8221;off&#8221; transform_skew=&#8221;20deg|0deg&#8221; transform_skew_linked=&#8221;off&#8221; custom_css_main_element=&#8221;max-width:50%;&#8221; border_radii=&#8221;on|60px|60px|60px|60px&#8221; border_radii_tablet=&#8221;on|60px|60px|60px|60px&#8221; border_radii_phone=&#8221;on|40px|40px|40px|40px&#8221; border_radii_last_edited=&#8221;on|phone&#8221; global_colors_info=&#8221;{}&#8221; custom_css_main_element_last_edited=&#8221;on|phone&#8221; custom_css_main_element_phone=&#8221;max-width: 90%;&#8221; custom_css_main_element_tablet=&#8221;max-width:50%;&#8221;][et_pb_text _builder_version=&#8221;4.24.2&#8243; _module_preset=&#8221;default&#8221; header_font=&#8221;|600|||||||&#8221; header_text_color=&#8221;#FFFFFF&#8221; header_font_size=&#8221;40px&#8221; transform_skew=&#8221;-20deg|0deg&#8221; transform_skew_linked=&#8221;off&#8221; min_height=&#8221;30vh&#8221; custom_margin=&#8221;||0px||false|false&#8221; custom_padding=&#8221;8%|10%|8%|15%|true|false&#8221; header_font_size_tablet=&#8221;40px&#8221; header_font_size_phone=&#8221;26px&#8221; header_font_size_last_edited=&#8221;on|phone&#8221; custom_css_main_element=&#8221;display:flex;||align-items: center;&#8221; global_colors_info=&#8221;{}&#8221;]<\/p>\n<h1>Les fa\u00e7ades de quai<\/h1>\n<p>[\/et_pb_text][\/et_pb_column][et_pb_column type=&#8221;3_5&#8243; _builder_version=&#8221;4.24.2&#8243; _module_preset=&#8221;default&#8221; global_colors_info=&#8221;{}&#8221;][\/et_pb_column][\/et_pb_row][\/et_pb_section][et_pb_section fb_built=&#8221;1&#8243; _builder_version=&#8221;4.24.2&#8243; _module_preset=&#8221;default&#8221; global_colors_info=&#8221;{}&#8221;][et_pb_row _builder_version=&#8221;4.24.2&#8243; _module_preset=&#8221;default&#8221; global_colors_info=&#8221;{}&#8221;][et_pb_column type=&#8221;4_4&#8243; _builder_version=&#8221;4.24.2&#8243; _module_preset=&#8221;default&#8221; global_colors_info=&#8221;{}&#8221;][et_pb_text _builder_version=&#8221;4.24.2&#8243; _module_preset=&#8221;default&#8221; text_font=&#8221;||on||||||&#8221; text_text_color=&#8221;#B49988&#8243; text_font_size=&#8221;40px&#8221; text_orientation=&#8221;center&#8221; custom_css_free_form=&#8221;selector .et_pb_text_inner {||  display: inline-block;||}||||selector p::before {||  content: url(&#8216;https:\/\/www.portalp.com\/wp-content\/uploads\/2024\/04\/guillemet-ouverture-1.jpg&#8217;);||  margin-right:15px;||}||||selector p::after {||  content: url(&#8216;https:\/\/www.portalp.com\/wp-content\/uploads\/2024\/04\/guillemet-fermeture-1.jpg&#8217;);||  margin-left:15px;||}&#8221; global_colors_info=&#8221;{}&#8221;]<\/p>\n<p>Because <strong style=\"color: #005b94;\">Availability<\/strong> And <strong style=\"color: #005b94;\">Safety<\/strong><br \/>Are More Than <strong style=\"color: #005b94;\">French<\/strong> Luxury<\/p>\n<p>[\/et_pb_text][et_pb_text _builder_version=&#8221;4.24.2&#8243; _module_preset=&#8221;default&#8221; text_orientation=&#8221;center&#8221; global_colors_info=&#8221;{}&#8221;]<\/p>\n<h2>Solutions d&#8217;ouvertures automatis\u00e9es pour les infrastructures ferroviaires<\/h2>\n<p>Portalp Railway, c&#8217;est une expertise m\u00e9tier de plus de 60 ans dans les automatismes d&#8217;ouvertures adapt\u00e9e \u00e0 un march\u00e9 international sp\u00e9cifique : les transports ferroviaires.<\/p>\n<p>[\/et_pb_text][et_pb_text _builder_version=&#8221;4.24.2&#8243; _module_preset=&#8221;default&#8221; text_orientation=&#8221;center&#8221; global_colors_info=&#8221;{}&#8221;]<\/p>\n<h2>Une offre de fa\u00e7ades de quai de m\u00e9tro sur mesure<\/h2>\n<p>Portalp Railway apporte une solution globale de fa\u00e7ades de quai, compos\u00e9es d&#8217;un ou plusieurs modules de portes pali\u00e8res de quai, de leurs modules de commande, d&#8217;une barre antipanique et de portes d&#8217;extr\u00e9mit\u00e9 de quai.<\/p>\n<p>[\/et_pb_text][et_pb_button button_url=&#8221;https:\/\/railway.portalp.com&#8221; url_new_window=&#8221;on&#8221; button_text=&#8221;D\u00e9couvrir notre site web d\u00e9di\u00e9 au railway &#8221; module_class=&#8221;link-to-railway&#8221; _builder_version=&#8221;4.24.2&#8243; _module_preset=&#8221;default&#8221; button_icon=&#8221;&#xf35d;||fa||900&#8243; button_on_hover=&#8221;off&#8221; global_colors_info=&#8221;{}&#8221;][\/et_pb_button][\/et_pb_column][\/et_pb_row][\/et_pb_section][et_pb_section fb_built=&#8221;1&#8243; _builder_version=&#8221;4.24.2&#8243; _module_preset=&#8221;default&#8221; background_color=&#8221;#E4DAD3&#8243; global_colors_info=&#8221;{}&#8221;][et_pb_row _builder_version=&#8221;4.24.2&#8243; _module_preset=&#8221;default&#8221; global_colors_info=&#8221;{}&#8221;][et_pb_column type=&#8221;4_4&#8243; _builder_version=&#8221;4.24.2&#8243; _module_preset=&#8221;default&#8221; global_colors_info=&#8221;{}&#8221;][et_pb_text _builder_version=&#8221;4.24.2&#8243; _module_preset=&#8221;default&#8221; text_orientation=&#8221;center&#8221; global_colors_info=&#8221;{}&#8221;]<\/p>\n<h2>Des solutions de fa\u00e7ades de quai compl\u00e8tes<\/h2>\n<p>[\/et_pb_text][\/et_pb_column][\/et_pb_row][et_pb_row column_structure=&#8221;1_3,1_3,1_3&#8243; make_equal=&#8221;on&#8221; _builder_version=&#8221;4.24.2&#8243; _module_preset=&#8221;default&#8221; global_colors_info=&#8221;{}&#8221;][et_pb_column type=&#8221;1_3&#8243; _builder_version=&#8221;4.24.2&#8243; _module_preset=&#8221;default&#8221; background_color=&#8221;#FFFFFF&#8221; link_option_url=&#8221;https:\/\/railway.portalp.com\/facades-de-quai\/portes-palieres-quai-hautes\/&#8221; link_option_url_new_window=&#8221;on&#8221; border_radii=&#8221;on|15px|15px|15px|15px&#8221; global_colors_info=&#8221;{}&#8221;][et_pb_image src=&#8221;https:\/\/www.portalp.com\/wp-content\/uploads\/2024\/04\/porte-paliere-quai-haute.jpg&#8221; alt=&#8221;Porte pali\u00e8re de quai haute&#8221; _builder_version=&#8221;4.24.2&#8243; _module_preset=&#8221;default&#8221; global_colors_info=&#8221;{}&#8221;][\/et_pb_image][et_pb_text _builder_version=&#8221;4.24.2&#8243; _module_preset=&#8221;default&#8221; header_3_text_align=&#8221;center&#8221; header_3_text_color=&#8221;#005B94&#8243; text_orientation=&#8221;center&#8221; custom_margin=&#8221;|20px|20px|20px|false|true&#8221; global_colors_info=&#8221;{}&#8221;]<\/p>\n<h3>Portes pali\u00e8res de quai hautes<\/h3>\n<p>Nos portes pali\u00e8res de quai hautes facilitent et s\u00e9curisent l&#8217;acc\u00e8s aux voitures, modernisent les infrastructures et permettent un gain d&#8217;isolation thermique et phonique.<\/p>\n<p>[\/et_pb_text][\/et_pb_column][et_pb_column type=&#8221;1_3&#8243; _builder_version=&#8221;4.24.2&#8243; _module_preset=&#8221;default&#8221; background_color=&#8221;#FFFFFF&#8221; link_option_url=&#8221;https:\/\/railway.portalp.com\/facades-de-quai\/portes-palieres-quai-basses\/&#8221; link_option_url_new_window=&#8221;on&#8221; border_radii=&#8221;on|15px|15px|15px|15px&#8221; global_colors_info=&#8221;{}&#8221;][et_pb_image src=&#8221;https:\/\/www.portalp.com\/wp-content\/uploads\/2024\/04\/porte-paliere-quai-basse.jpg&#8221; alt=&#8221;Porte pali\u00e8re de quai basse&#8221; _builder_version=&#8221;4.24.2&#8243; _module_preset=&#8221;default&#8221; global_colors_info=&#8221;{}&#8221;][\/et_pb_image][et_pb_text _builder_version=&#8221;4.24.2&#8243; _module_preset=&#8221;default&#8221; header_3_text_align=&#8221;center&#8221; header_3_text_color=&#8221;#005B94&#8243; text_orientation=&#8221;center&#8221; custom_margin=&#8221;|20px|20px|20px|false|true&#8221; global_colors_info=&#8221;{}&#8221;]<\/p>\n<h3>Portes pali\u00e8res de quai basses<\/h3>\n<p>Nos portes pali\u00e8res de quai basses facilitent et s\u00e9curisent l&#8217;acc\u00e8s aux voitures tout en \u00e9tant adapt\u00e9es aux gares ext\u00e9rieures et aux petites infrastructures.<\/p>\n<p>[\/et_pb_text][\/et_pb_column][et_pb_column type=&#8221;1_3&#8243; _builder_version=&#8221;4.24.2&#8243; _module_preset=&#8221;default&#8221; background_color=&#8221;#FFFFFF&#8221; link_option_url=&#8221;https:\/\/railway.portalp.com\/facades-de-quai\/portes-extremite-de-quai\/&#8221; link_option_url_new_window=&#8221;on&#8221; border_radii=&#8221;on|15px|15px|15px|15px&#8221; global_colors_info=&#8221;{}&#8221;][et_pb_image src=&#8221;https:\/\/www.portalp.com\/wp-content\/uploads\/2024\/04\/porte-extremite-quai.jpg&#8221; alt=&#8221;Porte d&#8217;extr\u00e9mit\u00e9 de quai&#8221; _builder_version=&#8221;4.27.2&#8243; _module_preset=&#8221;default&#8221; global_colors_info=&#8221;{}&#8221;][\/et_pb_image][et_pb_text _builder_version=&#8221;4.27.2&#8243; _module_preset=&#8221;default&#8221; header_3_text_align=&#8221;center&#8221; header_3_text_color=&#8221;#005B94&#8243; text_orientation=&#8221;center&#8221; custom_margin=&#8221;|20px|20px|20px|false|true&#8221; global_colors_info=&#8221;{}&#8221;]<\/p>\n<h3>Portes d&#8217;extr\u00e9mit\u00e9 de quai<\/h3>\n<p>Les portes d&#8217;extr\u00e9mit\u00e9 de quai r\u00e9servent l&#8217;acc\u00e8s aux tunnels ferroviaires aux seules personnes autoris\u00e9es et permettent l&#8217;\u00e9vacuation des tunnels en cas d&#8217;urgence.<\/p>\n<p>[\/et_pb_text][\/et_pb_column][\/et_pb_row][et_pb_row column_structure=&#8221;1_3,1_3,1_3&#8243; make_equal=&#8221;on&#8221; _builder_version=&#8221;4.24.2&#8243; _module_preset=&#8221;default&#8221; global_colors_info=&#8221;{}&#8221;][et_pb_column type=&#8221;1_3&#8243; _builder_version=&#8221;4.24.2&#8243; _module_preset=&#8221;default&#8221; background_color=&#8221;#FFFFFF&#8221; link_option_url=&#8221;https:\/\/railway.portalp.com\/facades-de-quai\/push-bar\/&#8221; link_option_url_new_window=&#8221;on&#8221; border_radii=&#8221;on|15px|15px|15px|15px&#8221; global_colors_info=&#8221;{}&#8221;][et_pb_image src=&#8221;https:\/\/www.portalp.com\/wp-content\/uploads\/2024\/04\/push-bar-facade-quai.jpg&#8221; alt=&#8221;Push bar de fa\u00e7ade de quai&#8221; _builder_version=&#8221;4.24.2&#8243; _module_preset=&#8221;default&#8221; global_colors_info=&#8221;{}&#8221;][\/et_pb_image][et_pb_text _builder_version=&#8221;4.24.2&#8243; _module_preset=&#8221;default&#8221; header_3_text_align=&#8221;center&#8221; header_3_text_color=&#8221;#005B94&#8243; text_orientation=&#8221;center&#8221; custom_margin=&#8221;|20px|20px|20px|false|true&#8221; global_colors_info=&#8221;{}&#8221;]<\/p>\n<h3>Push bar<\/h3>\n<p>Le syst\u00e8me push bar adapt\u00e9 aux portes battantes de secours a \u00e9t\u00e9 d\u00e9velopp\u00e9 par Portalp selon la norme EN 1125 dans le but de permettre l&#8217;\u00e9vacuation rapide et efficace du quai de m\u00e9tro.<\/p>\n<p>[\/et_pb_text][\/et_pb_column][et_pb_column type=&#8221;1_3&#8243; _builder_version=&#8221;4.24.2&#8243; _module_preset=&#8221;default&#8221; background_color=&#8221;#FFFFFF&#8221; link_option_url=&#8221;https:\/\/railway.portalp.com\/solutions-metallerie\/&#8221; link_option_url_new_window=&#8221;on&#8221; border_radii=&#8221;on|15px|15px|15px|15px&#8221; global_colors_info=&#8221;{}&#8221;][et_pb_image src=&#8221;https:\/\/www.portalp.com\/wp-content\/uploads\/2024\/04\/portillon-acces.jpg&#8221; alt=&#8221;Portillon d&#8217;acc\u00e8s&#8221; _builder_version=&#8221;4.24.2&#8243; _module_preset=&#8221;default&#8221; global_colors_info=&#8221;{}&#8221;][\/et_pb_image][et_pb_text _builder_version=&#8221;4.24.2&#8243; _module_preset=&#8221;default&#8221; header_3_text_align=&#8221;center&#8221; header_3_text_color=&#8221;#005B94&#8243; text_orientation=&#8221;center&#8221; custom_margin=&#8221;|20px|20px|20px|false|true&#8221; global_colors_info=&#8221;{}&#8221;]<\/p>\n<h3>\u00c9quipements et solutions m\u00e9tallerie<\/h3>\n<p>Gr\u00e2ce \u00e0 nos comp\u00e9tences en constructions m\u00e9talliques et autres solutions ferroviaires, nous d\u00e9veloppons des \u00e9quipements destin\u00e9s \u00e0 am\u00e9liorer l&#8217;exp\u00e9rience des passagers et du personnel ferroviaire.<\/p>\n<p>[\/et_pb_text][\/et_pb_column][et_pb_column type=&#8221;1_3&#8243; _builder_version=&#8221;4.24.2&#8243; _module_preset=&#8221;default&#8221; background_color=&#8221;#FFFFFF&#8221; link_option_url=&#8221;https:\/\/railway.portalp.com\/services\/maintenance\/&#8221; link_option_url_new_window=&#8221;on&#8221; border_radii=&#8221;on|15px|15px|15px|15px&#8221; global_colors_info=&#8221;{}&#8221;][et_pb_image src=&#8221;https:\/\/www.portalp.com\/wp-content\/uploads\/2024\/04\/maintenance-facade-quai.jpg&#8221; alt=&#8221;Maintenance de fa\u00e7ades de quai&#8221; _builder_version=&#8221;4.24.2&#8243; _module_preset=&#8221;default&#8221; global_colors_info=&#8221;{}&#8221;][\/et_pb_image][et_pb_text _builder_version=&#8221;4.24.2&#8243; _module_preset=&#8221;default&#8221; header_3_text_align=&#8221;center&#8221; header_3_text_color=&#8221;#005B94&#8243; text_orientation=&#8221;center&#8221; custom_margin=&#8221;|20px|20px|20px|false|true&#8221; global_colors_info=&#8221;{}&#8221;]<\/p>\n<h3>Installation et maintenance<\/h3>\n<p>Notre expertise m\u00e9tier et notre agilit\u00e9 nous permettent d&#8217;installer et d&#8217;assurer la maintenance de vos solutions Portalp Railway ou multimarques.<\/p>\n<p>[\/et_pb_text][\/et_pb_column][\/et_pb_row][et_pb_row _builder_version=&#8221;4.24.2&#8243; _module_preset=&#8221;default&#8221; global_colors_info=&#8221;{}&#8221;][et_pb_column type=&#8221;4_4&#8243; _builder_version=&#8221;4.24.2&#8243; _module_preset=&#8221;default&#8221; global_colors_info=&#8221;{}&#8221;][et_pb_button button_url=&#8221;https:\/\/railway.portalp.com\/&#8221; url_new_window=&#8221;on&#8221; button_text=&#8221;D\u00e9couvrir notre site web d\u00e9di\u00e9 au railway &#8221; module_class=&#8221;link-to-railway&#8221; _builder_version=&#8221;4.24.2&#8243; _module_preset=&#8221;default&#8221; button_icon=&#8221;&#xf35d;||fa||900&#8243; button_on_hover=&#8221;off&#8221; global_colors_info=&#8221;{}&#8221;][\/et_pb_button][\/et_pb_column][\/et_pb_row][\/et_pb_section]<\/p>\n","protected":false},"excerpt":{"rendered":"<p>Les fa\u00e7ades de quaiBecause Availability And SafetyAre More Than French LuxurySolutions d&#8217;ouvertures automatis\u00e9es pour les infrastructures ferroviaires Portalp Railway, c&#8217;est une expertise m\u00e9tier de plus de 60 ans dans les automatismes d&#8217;ouvertures adapt\u00e9e \u00e0 un march\u00e9 international sp\u00e9cifique : les transports ferroviaires.Une offre de fa\u00e7ades de quai de m\u00e9tro sur mesure Portalp Railway apporte une [&hellip;]<\/p>\n","protected":false},"author":1,"featured_media":7036,"parent":20444,"menu_order":0,"comment_status":"closed","ping_status":"closed","template":"","meta":{"_et_pb_use_builder":"on","_et_pb_old_content":"","_et_gb_content_width":"","footnotes":""},"class_list":["post-19208","page","type-page","status-publish","has-post-thumbnail","hentry"],"yoast_head":"<!-- This site is optimized with the Yoast SEO plugin v27.4 - https:\/\/yoast.com\/product\/yoast-seo-wordpress\/ -->\n<title>Fa\u00e7ades de quai | Portalp<\/title>\n<meta name=\"description\" content=\"D\u00e9couvrez nos solutions de fa\u00e7ades de quai automatis\u00e9es, con\u00e7ues pour am\u00e9liorer la s\u00e9curit\u00e9 et l&#039;efficacit\u00e9 dans les stations de m\u00e9tro.\" \/>\n<meta name=\"robots\" content=\"index, follow, max-snippet:-1, max-image-preview:large, max-video-preview:-1\" \/>\n<link rel=\"canonical\" href=\"https:\/\/www.portalp.com\/fr_gl\/solutions\/facades-de-quai\/\" \/>\n<meta property=\"og:locale\" content=\"fr_FR\" \/>\n<meta property=\"og:type\" content=\"article\" \/>\n<meta property=\"og:title\" content=\"Fa\u00e7ades de quai | Portalp\" \/>\n<meta property=\"og:description\" content=\"D\u00e9couvrez nos solutions de fa\u00e7ades de quai automatis\u00e9es, con\u00e7ues pour am\u00e9liorer la s\u00e9curit\u00e9 et l&#039;efficacit\u00e9 dans les stations de m\u00e9tro.\" \/>\n<meta property=\"og:url\" content=\"https:\/\/www.portalp.com\/fr_gl\/solutions\/facades-de-quai\/\" \/>\n<meta property=\"og:site_name\" content=\"Portalp\" \/>\n<meta property=\"article:modified_time\" content=\"2024-11-25T15:37:46+00:00\" \/>\n<meta property=\"og:image\" content=\"https:\/\/www.portalp.com\/wp-content\/uploads\/2024\/07\/portalp_solutions_facades_de_quai_ferroviaire.jpg\" \/>\n\t<meta property=\"og:image:width\" content=\"500\" \/>\n\t<meta property=\"og:image:height\" content=\"500\" \/>\n\t<meta property=\"og:image:type\" content=\"image\/jpeg\" \/>\n<meta name=\"twitter:card\" content=\"summary_large_image\" \/>\n<meta name=\"twitter:label1\" content=\"Est. reading time\" \/>\n\t<meta name=\"twitter:data1\" content=\"3 minutes\" \/>\n<script type=\"application\/ld+json\" class=\"yoast-schema-graph\">{\"@context\":\"https:\\\/\\\/schema.org\",\"@graph\":[{\"@type\":\"WebPage\",\"@id\":\"https:\\\/\\\/www.portalp.com\\\/fr_gl\\\/solutions\\\/facades-de-quai\\\/\",\"url\":\"https:\\\/\\\/www.portalp.com\\\/fr_gl\\\/solutions\\\/facades-de-quai\\\/\",\"name\":\"Fa\u00e7ades de quai | Portalp\",\"isPartOf\":{\"@id\":\"https:\\\/\\\/www.portalp.com\\\/fr_gl\\\/#website\"},\"primaryImageOfPage\":{\"@id\":\"https:\\\/\\\/www.portalp.com\\\/fr_gl\\\/solutions\\\/facades-de-quai\\\/#primaryimage\"},\"image\":{\"@id\":\"https:\\\/\\\/www.portalp.com\\\/fr_gl\\\/solutions\\\/facades-de-quai\\\/#primaryimage\"},\"thumbnailUrl\":\"https:\\\/\\\/www.portalp.com\\\/wp-content\\\/uploads\\\/2024\\\/07\\\/portalp_solutions_facades_de_quai_ferroviaire.jpg\",\"datePublished\":\"2024-04-08T12:23:59+00:00\",\"dateModified\":\"2024-11-25T15:37:46+00:00\",\"description\":\"D\u00e9couvrez nos solutions de fa\u00e7ades de quai automatis\u00e9es, con\u00e7ues pour am\u00e9liorer la s\u00e9curit\u00e9 et l'efficacit\u00e9 dans les stations de m\u00e9tro.\",\"breadcrumb\":{\"@id\":\"https:\\\/\\\/www.portalp.com\\\/fr_gl\\\/solutions\\\/facades-de-quai\\\/#breadcrumb\"},\"inLanguage\":\"fr\",\"potentialAction\":[{\"@type\":\"ReadAction\",\"target\":[\"https:\\\/\\\/www.portalp.com\\\/fr_gl\\\/solutions\\\/facades-de-quai\\\/\"]}]},{\"@type\":\"ImageObject\",\"inLanguage\":\"fr\",\"@id\":\"https:\\\/\\\/www.portalp.com\\\/fr_gl\\\/solutions\\\/facades-de-quai\\\/#primaryimage\",\"url\":\"https:\\\/\\\/www.portalp.com\\\/wp-content\\\/uploads\\\/2024\\\/07\\\/portalp_solutions_facades_de_quai_ferroviaire.jpg\",\"contentUrl\":\"https:\\\/\\\/www.portalp.com\\\/wp-content\\\/uploads\\\/2024\\\/07\\\/portalp_solutions_facades_de_quai_ferroviaire.jpg\",\"width\":500,\"height\":500,\"caption\":\"Fa\u00e7ade de quai\"},{\"@type\":\"BreadcrumbList\",\"@id\":\"https:\\\/\\\/www.portalp.com\\\/fr_gl\\\/solutions\\\/facades-de-quai\\\/#breadcrumb\",\"itemListElement\":[{\"@type\":\"ListItem\",\"position\":1,\"name\":\"Accueil\",\"item\":\"https:\\\/\\\/www.portalp.com\\\/fr_gl\\\/\"},{\"@type\":\"ListItem\",\"position\":2,\"name\":\"Solutions\",\"item\":\"https:\\\/\\\/www.portalp.com\\\/fr_gl\\\/solutions\\\/\"},{\"@type\":\"ListItem\",\"position\":3,\"name\":\"Fa\u00e7ades de quai\"}]},{\"@type\":\"WebSite\",\"@id\":\"https:\\\/\\\/www.portalp.com\\\/fr_gl\\\/#website\",\"url\":\"https:\\\/\\\/www.portalp.com\\\/fr_gl\\\/\",\"name\":\"Portalp\",\"description\":\"\",\"publisher\":{\"@id\":\"https:\\\/\\\/www.portalp.com\\\/fr_gl\\\/#organization\"},\"potentialAction\":[{\"@type\":\"SearchAction\",\"target\":{\"@type\":\"EntryPoint\",\"urlTemplate\":\"https:\\\/\\\/www.portalp.com\\\/fr_gl\\\/?s={search_term_string}\"},\"query-input\":{\"@type\":\"PropertyValueSpecification\",\"valueRequired\":true,\"valueName\":\"search_term_string\"}}],\"inLanguage\":\"fr\"},{\"@type\":\"Organization\",\"@id\":\"https:\\\/\\\/www.portalp.com\\\/fr_gl\\\/#organization\",\"name\":\"Portalp\",\"url\":\"https:\\\/\\\/www.portalp.com\\\/fr_gl\\\/\",\"logo\":{\"@type\":\"ImageObject\",\"inLanguage\":\"fr\",\"@id\":\"https:\\\/\\\/www.portalp.com\\\/fr_gl\\\/#\\\/schema\\\/logo\\\/image\\\/\",\"url\":\"https:\\\/\\\/www.portalp.com\\\/wp-content\\\/uploads\\\/2024\\\/05\\\/Logo-PORTALP_coul-72.png\",\"contentUrl\":\"https:\\\/\\\/www.portalp.com\\\/wp-content\\\/uploads\\\/2024\\\/05\\\/Logo-PORTALP_coul-72.png\",\"width\":375,\"height\":142,\"caption\":\"Portalp\"},\"image\":{\"@id\":\"https:\\\/\\\/www.portalp.com\\\/fr_gl\\\/#\\\/schema\\\/logo\\\/image\\\/\"},\"sameAs\":[\"https:\\\/\\\/www.linkedin.com\\\/company\\\/portalp\"]}]}<\/script>\n<!-- \/ Yoast SEO plugin. -->","yoast_head_json":{"title":"Fa\u00e7ades de quai | Portalp","description":"D\u00e9couvrez nos solutions de fa\u00e7ades de quai automatis\u00e9es, con\u00e7ues pour am\u00e9liorer la s\u00e9curit\u00e9 et l'efficacit\u00e9 dans les stations de m\u00e9tro.","robots":{"index":"index","follow":"follow","max-snippet":"max-snippet:-1","max-image-preview":"max-image-preview:large","max-video-preview":"max-video-preview:-1"},"canonical":"https:\/\/www.portalp.com\/fr_gl\/solutions\/facades-de-quai\/","og_locale":"fr_FR","og_type":"article","og_title":"Fa\u00e7ades de quai | Portalp","og_description":"D\u00e9couvrez nos solutions de fa\u00e7ades de quai automatis\u00e9es, con\u00e7ues pour am\u00e9liorer la s\u00e9curit\u00e9 et l'efficacit\u00e9 dans les stations de m\u00e9tro.","og_url":"https:\/\/www.portalp.com\/fr_gl\/solutions\/facades-de-quai\/","og_site_name":"Portalp","article_modified_time":"2024-11-25T15:37:46+00:00","og_image":[{"width":500,"height":500,"url":"https:\/\/www.portalp.com\/wp-content\/uploads\/2024\/07\/portalp_solutions_facades_de_quai_ferroviaire.jpg","type":"image\/jpeg"}],"twitter_card":"summary_large_image","twitter_misc":{"Est. reading time":"3 minutes"},"schema":{"@context":"https:\/\/schema.org","@graph":[{"@type":"WebPage","@id":"https:\/\/www.portalp.com\/fr_gl\/solutions\/facades-de-quai\/","url":"https:\/\/www.portalp.com\/fr_gl\/solutions\/facades-de-quai\/","name":"Fa\u00e7ades de quai | Portalp","isPartOf":{"@id":"https:\/\/www.portalp.com\/fr_gl\/#website"},"primaryImageOfPage":{"@id":"https:\/\/www.portalp.com\/fr_gl\/solutions\/facades-de-quai\/#primaryimage"},"image":{"@id":"https:\/\/www.portalp.com\/fr_gl\/solutions\/facades-de-quai\/#primaryimage"},"thumbnailUrl":"https:\/\/www.portalp.com\/wp-content\/uploads\/2024\/07\/portalp_solutions_facades_de_quai_ferroviaire.jpg","datePublished":"2024-04-08T12:23:59+00:00","dateModified":"2024-11-25T15:37:46+00:00","description":"D\u00e9couvrez nos solutions de fa\u00e7ades de quai automatis\u00e9es, con\u00e7ues pour am\u00e9liorer la s\u00e9curit\u00e9 et l'efficacit\u00e9 dans les stations de m\u00e9tro.","breadcrumb":{"@id":"https:\/\/www.portalp.com\/fr_gl\/solutions\/facades-de-quai\/#breadcrumb"},"inLanguage":"fr","potentialAction":[{"@type":"ReadAction","target":["https:\/\/www.portalp.com\/fr_gl\/solutions\/facades-de-quai\/"]}]},{"@type":"ImageObject","inLanguage":"fr","@id":"https:\/\/www.portalp.com\/fr_gl\/solutions\/facades-de-quai\/#primaryimage","url":"https:\/\/www.portalp.com\/wp-content\/uploads\/2024\/07\/portalp_solutions_facades_de_quai_ferroviaire.jpg","contentUrl":"https:\/\/www.portalp.com\/wp-content\/uploads\/2024\/07\/portalp_solutions_facades_de_quai_ferroviaire.jpg","width":500,"height":500,"caption":"Fa\u00e7ade de quai"},{"@type":"BreadcrumbList","@id":"https:\/\/www.portalp.com\/fr_gl\/solutions\/facades-de-quai\/#breadcrumb","itemListElement":[{"@type":"ListItem","position":1,"name":"Accueil","item":"https:\/\/www.portalp.com\/fr_gl\/"},{"@type":"ListItem","position":2,"name":"Solutions","item":"https:\/\/www.portalp.com\/fr_gl\/solutions\/"},{"@type":"ListItem","position":3,"name":"Fa\u00e7ades de quai"}]},{"@type":"WebSite","@id":"https:\/\/www.portalp.com\/fr_gl\/#website","url":"https:\/\/www.portalp.com\/fr_gl\/","name":"Portalp","description":"","publisher":{"@id":"https:\/\/www.portalp.com\/fr_gl\/#organization"},"potentialAction":[{"@type":"SearchAction","target":{"@type":"EntryPoint","urlTemplate":"https:\/\/www.portalp.com\/fr_gl\/?s={search_term_string}"},"query-input":{"@type":"PropertyValueSpecification","valueRequired":true,"valueName":"search_term_string"}}],"inLanguage":"fr"},{"@type":"Organization","@id":"https:\/\/www.portalp.com\/fr_gl\/#organization","name":"Portalp","url":"https:\/\/www.portalp.com\/fr_gl\/","logo":{"@type":"ImageObject","inLanguage":"fr","@id":"https:\/\/www.portalp.com\/fr_gl\/#\/schema\/logo\/image\/","url":"https:\/\/www.portalp.com\/wp-content\/uploads\/2024\/05\/Logo-PORTALP_coul-72.png","contentUrl":"https:\/\/www.portalp.com\/wp-content\/uploads\/2024\/05\/Logo-PORTALP_coul-72.png","width":375,"height":142,"caption":"Portalp"},"image":{"@id":"https:\/\/www.portalp.com\/fr_gl\/#\/schema\/logo\/image\/"},"sameAs":["https:\/\/www.linkedin.com\/company\/portalp"]}]}},"_links":{"self":[{"href":"https:\/\/www.portalp.com\/fr_gl\/wp-json\/wp\/v2\/pages\/19208","targetHints":{"allow":["GET"]}}],"collection":[{"href":"https:\/\/www.portalp.com\/fr_gl\/wp-json\/wp\/v2\/pages"}],"about":[{"href":"https:\/\/www.portalp.com\/fr_gl\/wp-json\/wp\/v2\/types\/page"}],"author":[{"embeddable":true,"href":"https:\/\/www.portalp.com\/fr_gl\/wp-json\/wp\/v2\/users\/1"}],"replies":[{"embeddable":true,"href":"https:\/\/www.portalp.com\/fr_gl\/wp-json\/wp\/v2\/comments?post=19208"}],"version-history":[{"count":0,"href":"https:\/\/www.portalp.com\/fr_gl\/wp-json\/wp\/v2\/pages\/19208\/revisions"}],"up":[{"embeddable":true,"href":"https:\/\/www.portalp.com\/fr_gl\/wp-json\/wp\/v2\/pages\/20444"}],"wp:featuredmedia":[{"embeddable":true,"href":"https:\/\/www.portalp.com\/fr_gl\/wp-json\/wp\/v2\/media\/7036"}],"wp:attachment":[{"href":"https:\/\/www.portalp.com\/fr_gl\/wp-json\/wp\/v2\/media?parent=19208"}],"curies":[{"name":"wp","href":"https:\/\/api.w.org\/{rel}","templated":true}]}}