{"id":47207,"date":"2025-07-17T13:40:47","date_gmt":"2025-07-17T12:40:47","guid":{"rendered":"https:\/\/www.portalp.com\/?page_id=47207"},"modified":"2025-07-25T12:26:17","modified_gmt":"2025-07-25T11:26:17","slug":"menuiserie","status":"publish","type":"page","link":"https:\/\/www.portalp.com\/fr_LU\/solutions\/menuiserie\/","title":{"rendered":"Menuiserie"},"content":{"rendered":"<p>[et_pb_section fb_built=&#8221;1&#8243; custom_padding_last_edited=&#8221;on|phone&#8221; _builder_version=&#8221;4.24.2&#8243; _module_preset=&#8221;default&#8221; custom_margin=&#8221;80px||||false|false&#8221; custom_margin_tablet=&#8221;80px||||false|false&#8221; custom_margin_phone=&#8221;0px||||false|false&#8221; custom_margin_last_edited=&#8221;on|phone&#8221; custom_padding=&#8221;||||true|false&#8221; custom_padding_tablet=&#8221;||||true|false&#8221; custom_padding_phone=&#8221;100px||||false|false&#8221; global_colors_info=&#8221;{}&#8221;][et_pb_row _builder_version=&#8221;4.24.2&#8243; _module_preset=&#8221;default&#8221; global_colors_info=&#8221;{}&#8221;][et_pb_column type=&#8221;4_4&#8243; _builder_version=&#8221;4.24.2&#8243; _module_preset=&#8221;default&#8221; global_colors_info=&#8221;{}&#8221;][et_pb_text disabled_on=&#8221;off|off|off&#8221; _builder_version=&#8221;4.27.4&#8243; _module_preset=&#8221;default&#8221; text_font_size=&#8221;0.8em&#8221; saved_tabs=&#8221;all&#8221; global_colors_info=&#8221;{}&#8221;]<\/p>\n<div>\n<div><a href=\"https:\/\/www.portalp.com\/fr_LU\/\">Accueil<\/a> \u00bb <a href=\"https:\/\/www.portalp.com\/fr_LU\/solutions\/\">Solutions<\/a> \u00bb Menuiserie<\/div>\n<\/div>\n<p>[\/et_pb_text][\/et_pb_column][\/et_pb_row][et_pb_row column_structure=&#8221;1_2,1_2&#8243; use_custom_gutter=&#8221;on&#8221; gutter_width=&#8221;2&#8243; module_id=&#8221;product-page-details&#8221; _builder_version=&#8221;4.27.4&#8243; _module_preset=&#8221;default&#8221; width_tablet=&#8221;&#8221; width_phone=&#8221;100%&#8221; width_last_edited=&#8221;on|phone&#8221; module_alignment=&#8221;center&#8221; custom_margin=&#8221;||||false|false&#8221; custom_margin_tablet=&#8221;||||false|false&#8221; custom_margin_phone=&#8221;|0px||0px|false|true&#8221; custom_margin_last_edited=&#8221;on|phone&#8221; global_colors_info=&#8221;{}&#8221; custom_css_main_element_last_edited=&#8221;on|tablet&#8221;][et_pb_column type=&#8221;1_2&#8243; _builder_version=&#8221;4.24.2&#8243; _module_preset=&#8221;default&#8221; global_colors_info=&#8221;{}&#8221;][et_pb_image src=&#8221;https:\/\/www.portalp.com\/wp-content\/uploads\/2025\/07\/technicien-serrurier-portalp.jpg&#8221; _builder_version=&#8221;4.27.4&#8243; _module_preset=&#8221;default&#8221; alt=&#8221;Technicien intervenant sur une menuiserie&#8221; hover_enabled=&#8221;0&#8243; sticky_enabled=&#8221;0&#8243; border_radii=&#8221;on|10px|10px|10px|10px&#8221;][\/et_pb_image][\/et_pb_column][et_pb_column type=&#8221;1_2&#8243; _builder_version=&#8221;4.24.2&#8243; _module_preset=&#8221;default&#8221; global_colors_info=&#8221;{}&#8221;][et_pb_text _builder_version=&#8221;4.27.4&#8243; _module_preset=&#8221;default&#8221; header_font=&#8221;|700|||||||&#8221; header_text_color=&#8221;#005B94&#8243; custom_margin=&#8221;||12px|||&#8221; global_colors_info=&#8221;{}&#8221;]<\/p>\n<h1>Menuiserie<\/h1>\n<p>[\/et_pb_text][et_pb_text module_id=&#8221;product-page-intro&#8221; _builder_version=&#8221;4.27.4&#8243; _module_preset=&#8221;default&#8221; text_text_color=&#8221;#005B94&#8243; header_2_font=&#8221;||||||||&#8221; header_2_text_align=&#8221;left&#8221; header_2_font_size=&#8221;18px&#8221; custom_margin=&#8221;||24px|||&#8221; header_2_text_align_tablet=&#8221;left&#8221; header_2_text_align_phone=&#8221;center&#8221; header_2_text_align_last_edited=&#8221;on|desktop&#8221; text_orientation_tablet=&#8221;&#8221; text_orientation_phone=&#8221;center&#8221; text_orientation_last_edited=&#8221;on|phone&#8221; global_colors_info=&#8221;{}&#8221;]<\/p>\n<h2>Entretien et remplacement de vos \u00e9l\u00e9ments de menuiserie pour plus de s\u00e9curit\u00e9 et de confort<\/h2>\n<p>[\/et_pb_text][et_pb_text _builder_version=&#8221;4.27.4&#8243; _module_preset=&#8221;default&#8221; header_3_text_color=&#8221;#005B94&#8243; global_colors_info=&#8221;{}&#8221;]<\/p>\n<h3>Description<\/h3>\n<p>Entretenez vos installations gr\u00e2ce \u00e0 notre gamme compl\u00e8te de services d\u00e9di\u00e9e \u00e0 l&#8217;entretien, la r\u00e9paration et le remplacement de vos menuiseries ext\u00e9rieures.<\/p>\n<p>Nous intervenons sur tout type de portes, fen\u00eatres et \u00e9l\u00e9ments de quincaillerie pour garantir leur bon fonctionnement, leur s\u00e9curit\u00e9 et leur durabilit\u00e9.<\/p>\n<ul>\n<li>Remplacement de quincaillerie,<\/li>\n<li>R\u00e9glage et entretien des portes int\u00e9rieures et ext\u00e9rieures,<\/li>\n<li>Intervention sur portes coupe-feu : remplacement de ponts thermiques, charni\u00e8res&#8230;<\/li>\n<li>R\u00e9novation et ajustement de portes et fen\u00eatres en aluminium ou en bois,<\/li>\n<li>Am\u00e9lioration des acc\u00e8s int\u00e9rieurs : bureaux, sanitaires, zones techniques.<\/li>\n<\/ul>\n<p>[\/et_pb_text][et_pb_code module_id=&#8221;product-cta&#8221; _builder_version=&#8221;4.27.4&#8243; _module_preset=&#8221;default&#8221; saved_tabs=&#8221;all&#8221; global_colors_info=&#8221;{}&#8221;]<\/p>\n<div><!-- [et_pb_line_break_holder] -->  <a href=\"https:\/\/www.portalp.com\/fr_LU\/contacts\/demander-un-devis\/\"><img decoding=\"async\" src=\"https:\/\/www.portalp.com\/wp-content\/uploads\/2024\/03\/demander-un-devis.png\" width=\"90px\"><!-- [et_pb_line_break_holder] -->  <pee style=\"font-style:italic;color:#005b94\">Demander un devis<\/pee><\/a><!-- [et_pb_line_break_holder] --><\/div>\n<p><!-- [et_pb_line_break_holder] --><\/p>\n<div><!-- [et_pb_line_break_holder] -->    <a href=\"https:\/\/www.portalp.com\/fr_LU\/realisations\/\"><img decoding=\"async\" src=\"https:\/\/www.portalp.com\/wp-content\/uploads\/2024\/03\/visualiser.png\" width=\"90px\"><!-- [et_pb_line_break_holder] -->  <pee style=\"font-style:italic;color:#005b94\">D\u00e9couvrir nos r\u00e9alisations<\/pee><\/a><!-- [et_pb_line_break_holder] --><\/div>\n<p><!-- [et_pb_line_break_holder] --><\/p>\n<div><!-- [et_pb_line_break_holder] -->  <a href=\"https:\/\/www.portalp.com\/fr_LU\/outils-et-supports\/guide-de-choix\/\"><img decoding=\"async\" src=\"https:\/\/www.portalp.com\/wp-content\/uploads\/2024\/03\/guide-choix.png\" width=\"90px\"><!-- [et_pb_line_break_holder] -->  <pee style=\"font-style:italic;color:#005b94\">Comment choisir ma porte automatique ?<\/pee><\/a><!-- [et_pb_line_break_holder] --><\/div>\n<p>[\/et_pb_code][\/et_pb_column][\/et_pb_row][\/et_pb_section]<\/p>\n","protected":false},"excerpt":{"rendered":"<p>Accueil \u00bb Solutions \u00bb Menuiserie MenuiserieEntretien et remplacement de vos \u00e9l\u00e9ments de menuiserie pour plus de s\u00e9curit\u00e9 et de confortDescription Entretenez vos installations gr\u00e2ce \u00e0 notre gamme compl\u00e8te de services d\u00e9di\u00e9e \u00e0 l&#8217;entretien, la r\u00e9paration et le remplacement de vos menuiseries ext\u00e9rieures. Nous intervenons sur tout type de portes, fen\u00eatres et \u00e9l\u00e9ments de quincaillerie pour [&hellip;]<\/p>\n","protected":false},"author":1,"featured_media":0,"parent":20445,"menu_order":0,"comment_status":"closed","ping_status":"closed","template":"","meta":{"_et_pb_use_builder":"on","_et_pb_old_content":"","_et_gb_content_width":"","footnotes":""},"class_list":["post-47207","page","type-page","status-publish","hentry"],"yoast_head":"<!-- This site is optimized with the Yoast SEO plugin v27.4 - https:\/\/yoast.com\/product\/yoast-seo-wordpress\/ -->\n<title>Menuiserie | Portalp<\/title>\n<meta name=\"description\" content=\"D\u00e9couvrez notre gamme compl\u00e8te de services pour toutes vos menuiseries int\u00e9rieures et ext\u00e9rieures.\" \/>\n<meta name=\"robots\" content=\"index, follow, max-snippet:-1, max-image-preview:large, max-video-preview:-1\" \/>\n<link rel=\"canonical\" href=\"https:\/\/www.portalp.com\/fr_LU\/solutions\/menuiserie\/\" \/>\n<meta property=\"og:locale\" content=\"fr_FR\" \/>\n<meta property=\"og:type\" content=\"article\" \/>\n<meta property=\"og:title\" content=\"Menuiserie | Portalp\" \/>\n<meta property=\"og:description\" content=\"D\u00e9couvrez notre gamme compl\u00e8te de services pour toutes vos menuiseries int\u00e9rieures et ext\u00e9rieures.\" \/>\n<meta property=\"og:url\" content=\"https:\/\/www.portalp.com\/fr_LU\/solutions\/menuiserie\/\" \/>\n<meta property=\"og:site_name\" content=\"Portalp\" \/>\n<meta property=\"article:modified_time\" content=\"2025-07-25T11:26:17+00:00\" \/>\n<meta property=\"og:image\" content=\"https:\/\/www.portalp.com\/wp-content\/uploads\/2024\/03\/demander-un-devis.png\" \/>\n<meta name=\"twitter:card\" content=\"summary_large_image\" \/>\n<meta name=\"twitter:label1\" content=\"Est. reading time\" \/>\n\t<meta name=\"twitter:data1\" content=\"2 minutes\" \/>\n<script type=\"application\/ld+json\" class=\"yoast-schema-graph\">{\"@context\":\"https:\\\/\\\/schema.org\",\"@graph\":[{\"@type\":\"WebPage\",\"@id\":\"https:\\\/\\\/www.portalp.com\\\/fr_LU\\\/solutions\\\/menuiserie\\\/\",\"url\":\"https:\\\/\\\/www.portalp.com\\\/fr_LU\\\/solutions\\\/menuiserie\\\/\",\"name\":\"Menuiserie | Portalp\",\"isPartOf\":{\"@id\":\"https:\\\/\\\/www.portalp.com\\\/fr_LU\\\/#website\"},\"primaryImageOfPage\":{\"@id\":\"https:\\\/\\\/www.portalp.com\\\/fr_LU\\\/solutions\\\/menuiserie\\\/#primaryimage\"},\"image\":{\"@id\":\"https:\\\/\\\/www.portalp.com\\\/fr_LU\\\/solutions\\\/menuiserie\\\/#primaryimage\"},\"thumbnailUrl\":\"https:\\\/\\\/www.portalp.com\\\/wp-content\\\/uploads\\\/2024\\\/03\\\/demander-un-devis.png\",\"datePublished\":\"2025-07-17T12:40:47+00:00\",\"dateModified\":\"2025-07-25T11:26:17+00:00\",\"description\":\"D\u00e9couvrez notre gamme compl\u00e8te de services pour toutes vos menuiseries int\u00e9rieures et ext\u00e9rieures.\",\"breadcrumb\":{\"@id\":\"https:\\\/\\\/www.portalp.com\\\/fr_LU\\\/solutions\\\/menuiserie\\\/#breadcrumb\"},\"inLanguage\":\"fr-LU\",\"potentialAction\":[{\"@type\":\"ReadAction\",\"target\":[\"https:\\\/\\\/www.portalp.com\\\/fr_LU\\\/solutions\\\/menuiserie\\\/\"]}]},{\"@type\":\"ImageObject\",\"inLanguage\":\"fr-LU\",\"@id\":\"https:\\\/\\\/www.portalp.com\\\/fr_LU\\\/solutions\\\/menuiserie\\\/#primaryimage\",\"url\":\"https:\\\/\\\/www.portalp.com\\\/wp-content\\\/uploads\\\/2024\\\/03\\\/demander-un-devis.png\",\"contentUrl\":\"https:\\\/\\\/www.portalp.com\\\/wp-content\\\/uploads\\\/2024\\\/03\\\/demander-un-devis.png\"},{\"@type\":\"BreadcrumbList\",\"@id\":\"https:\\\/\\\/www.portalp.com\\\/fr_LU\\\/solutions\\\/menuiserie\\\/#breadcrumb\",\"itemListElement\":[{\"@type\":\"ListItem\",\"position\":1,\"name\":\"Accueil\",\"item\":\"https:\\\/\\\/www.portalp.com\\\/fr_LU\\\/\"},{\"@type\":\"ListItem\",\"position\":2,\"name\":\"Solutions\",\"item\":\"https:\\\/\\\/www.portalp.com\\\/fr_LU\\\/solutions\\\/\"},{\"@type\":\"ListItem\",\"position\":3,\"name\":\"Menuiserie\"}]},{\"@type\":\"WebSite\",\"@id\":\"https:\\\/\\\/www.portalp.com\\\/fr_LU\\\/#website\",\"url\":\"https:\\\/\\\/www.portalp.com\\\/fr_LU\\\/\",\"name\":\"Portalp\",\"description\":\"\",\"publisher\":{\"@id\":\"https:\\\/\\\/www.portalp.com\\\/fr_LU\\\/#organization\"},\"potentialAction\":[{\"@type\":\"SearchAction\",\"target\":{\"@type\":\"EntryPoint\",\"urlTemplate\":\"https:\\\/\\\/www.portalp.com\\\/fr_LU\\\/?s={search_term_string}\"},\"query-input\":{\"@type\":\"PropertyValueSpecification\",\"valueRequired\":true,\"valueName\":\"search_term_string\"}}],\"inLanguage\":\"fr-LU\"},{\"@type\":\"Organization\",\"@id\":\"https:\\\/\\\/www.portalp.com\\\/fr_LU\\\/#organization\",\"name\":\"Portalp\",\"url\":\"https:\\\/\\\/www.portalp.com\\\/fr_LU\\\/\",\"logo\":{\"@type\":\"ImageObject\",\"inLanguage\":\"fr-LU\",\"@id\":\"https:\\\/\\\/www.portalp.com\\\/fr_LU\\\/#\\\/schema\\\/logo\\\/image\\\/\",\"url\":\"https:\\\/\\\/www.portalp.com\\\/wp-content\\\/uploads\\\/2024\\\/05\\\/Logo-PORTALP_coul-72.png\",\"contentUrl\":\"https:\\\/\\\/www.portalp.com\\\/wp-content\\\/uploads\\\/2024\\\/05\\\/Logo-PORTALP_coul-72.png\",\"width\":375,\"height\":142,\"caption\":\"Portalp\"},\"image\":{\"@id\":\"https:\\\/\\\/www.portalp.com\\\/fr_LU\\\/#\\\/schema\\\/logo\\\/image\\\/\"},\"sameAs\":[\"https:\\\/\\\/www.linkedin.com\\\/company\\\/portalp\"]}]}<\/script>\n<!-- \/ Yoast SEO plugin. -->","yoast_head_json":{"title":"Menuiserie | Portalp","description":"D\u00e9couvrez notre gamme compl\u00e8te de services pour toutes vos menuiseries int\u00e9rieures et ext\u00e9rieures.","robots":{"index":"index","follow":"follow","max-snippet":"max-snippet:-1","max-image-preview":"max-image-preview:large","max-video-preview":"max-video-preview:-1"},"canonical":"https:\/\/www.portalp.com\/fr_LU\/solutions\/menuiserie\/","og_locale":"fr_FR","og_type":"article","og_title":"Menuiserie | Portalp","og_description":"D\u00e9couvrez notre gamme compl\u00e8te de services pour toutes vos menuiseries int\u00e9rieures et ext\u00e9rieures.","og_url":"https:\/\/www.portalp.com\/fr_LU\/solutions\/menuiserie\/","og_site_name":"Portalp","article_modified_time":"2025-07-25T11:26:17+00:00","og_image":[{"url":"https:\/\/www.portalp.com\/wp-content\/uploads\/2024\/03\/demander-un-devis.png","type":"","width":"","height":""}],"twitter_card":"summary_large_image","twitter_misc":{"Est. reading time":"2 minutes"},"schema":{"@context":"https:\/\/schema.org","@graph":[{"@type":"WebPage","@id":"https:\/\/www.portalp.com\/fr_LU\/solutions\/menuiserie\/","url":"https:\/\/www.portalp.com\/fr_LU\/solutions\/menuiserie\/","name":"Menuiserie | Portalp","isPartOf":{"@id":"https:\/\/www.portalp.com\/fr_LU\/#website"},"primaryImageOfPage":{"@id":"https:\/\/www.portalp.com\/fr_LU\/solutions\/menuiserie\/#primaryimage"},"image":{"@id":"https:\/\/www.portalp.com\/fr_LU\/solutions\/menuiserie\/#primaryimage"},"thumbnailUrl":"https:\/\/www.portalp.com\/wp-content\/uploads\/2024\/03\/demander-un-devis.png","datePublished":"2025-07-17T12:40:47+00:00","dateModified":"2025-07-25T11:26:17+00:00","description":"D\u00e9couvrez notre gamme compl\u00e8te de services pour toutes vos menuiseries int\u00e9rieures et ext\u00e9rieures.","breadcrumb":{"@id":"https:\/\/www.portalp.com\/fr_LU\/solutions\/menuiserie\/#breadcrumb"},"inLanguage":"fr-LU","potentialAction":[{"@type":"ReadAction","target":["https:\/\/www.portalp.com\/fr_LU\/solutions\/menuiserie\/"]}]},{"@type":"ImageObject","inLanguage":"fr-LU","@id":"https:\/\/www.portalp.com\/fr_LU\/solutions\/menuiserie\/#primaryimage","url":"https:\/\/www.portalp.com\/wp-content\/uploads\/2024\/03\/demander-un-devis.png","contentUrl":"https:\/\/www.portalp.com\/wp-content\/uploads\/2024\/03\/demander-un-devis.png"},{"@type":"BreadcrumbList","@id":"https:\/\/www.portalp.com\/fr_LU\/solutions\/menuiserie\/#breadcrumb","itemListElement":[{"@type":"ListItem","position":1,"name":"Accueil","item":"https:\/\/www.portalp.com\/fr_LU\/"},{"@type":"ListItem","position":2,"name":"Solutions","item":"https:\/\/www.portalp.com\/fr_LU\/solutions\/"},{"@type":"ListItem","position":3,"name":"Menuiserie"}]},{"@type":"WebSite","@id":"https:\/\/www.portalp.com\/fr_LU\/#website","url":"https:\/\/www.portalp.com\/fr_LU\/","name":"Portalp","description":"","publisher":{"@id":"https:\/\/www.portalp.com\/fr_LU\/#organization"},"potentialAction":[{"@type":"SearchAction","target":{"@type":"EntryPoint","urlTemplate":"https:\/\/www.portalp.com\/fr_LU\/?s={search_term_string}"},"query-input":{"@type":"PropertyValueSpecification","valueRequired":true,"valueName":"search_term_string"}}],"inLanguage":"fr-LU"},{"@type":"Organization","@id":"https:\/\/www.portalp.com\/fr_LU\/#organization","name":"Portalp","url":"https:\/\/www.portalp.com\/fr_LU\/","logo":{"@type":"ImageObject","inLanguage":"fr-LU","@id":"https:\/\/www.portalp.com\/fr_LU\/#\/schema\/logo\/image\/","url":"https:\/\/www.portalp.com\/wp-content\/uploads\/2024\/05\/Logo-PORTALP_coul-72.png","contentUrl":"https:\/\/www.portalp.com\/wp-content\/uploads\/2024\/05\/Logo-PORTALP_coul-72.png","width":375,"height":142,"caption":"Portalp"},"image":{"@id":"https:\/\/www.portalp.com\/fr_LU\/#\/schema\/logo\/image\/"},"sameAs":["https:\/\/www.linkedin.com\/company\/portalp"]}]}},"_links":{"self":[{"href":"https:\/\/www.portalp.com\/fr_LU\/wp-json\/wp\/v2\/pages\/47207","targetHints":{"allow":["GET"]}}],"collection":[{"href":"https:\/\/www.portalp.com\/fr_LU\/wp-json\/wp\/v2\/pages"}],"about":[{"href":"https:\/\/www.portalp.com\/fr_LU\/wp-json\/wp\/v2\/types\/page"}],"author":[{"embeddable":true,"href":"https:\/\/www.portalp.com\/fr_LU\/wp-json\/wp\/v2\/users\/1"}],"replies":[{"embeddable":true,"href":"https:\/\/www.portalp.com\/fr_LU\/wp-json\/wp\/v2\/comments?post=47207"}],"version-history":[{"count":0,"href":"https:\/\/www.portalp.com\/fr_LU\/wp-json\/wp\/v2\/pages\/47207\/revisions"}],"up":[{"embeddable":true,"href":"https:\/\/www.portalp.com\/fr_LU\/wp-json\/wp\/v2\/pages\/20445"}],"wp:attachment":[{"href":"https:\/\/www.portalp.com\/fr_LU\/wp-json\/wp\/v2\/media?parent=47207"}],"curies":[{"name":"wp","href":"https:\/\/api.w.org\/{rel}","templated":true}]}}