{"id":45750,"date":"2024-04-12T12:54:32","date_gmt":"2024-04-12T11:54:32","guid":{"rendered":"https:\/\/www.portalp.com\/solutions\/acces-parking\/"},"modified":"2025-06-18T10:22:20","modified_gmt":"2025-06-18T09:22:20","slug":"acces-parking","status":"publish","type":"page","link":"https:\/\/www.portalp.com\/fr_LU\/solutions\/acces-parking\/","title":{"rendered":"Acc\u00e8s parking"},"content":{"rendered":"<p>[et_pb_section fb_built=&#8221;1&#8243; custom_padding_last_edited=&#8221;on|phone&#8221; _builder_version=&#8221;4.27.4&#8243; _module_preset=&#8221;default&#8221; background_color=&#8221;#E4DAD3&#8243; custom_padding=&#8221;8%||8%||true|false&#8221; custom_padding_tablet=&#8221;8%||8%||true|false&#8221; custom_padding_phone=&#8221;25%||||false|false&#8221; hover_enabled=&#8221;0&#8243; global_colors_info=&#8221;{}&#8221; sticky_enabled=&#8221;0&#8243;][et_pb_row _builder_version=&#8221;4.24.2&#8243; _module_preset=&#8221;default&#8221; custom_margin=&#8221;|auto|2px|auto|false|false&#8221; global_colors_info=&#8221;{}&#8221;][et_pb_column type=&#8221;4_4&#8243; _builder_version=&#8221;4.24.2&#8243; _module_preset=&#8221;default&#8221; global_colors_info=&#8221;{}&#8221;][et_pb_text disabled_on=&#8221;off|off|off&#8221; _builder_version=&#8221;4.27.4&#8243; _module_preset=&#8221;default&#8221; text_font_size=&#8221;0.8em&#8221; saved_tabs=&#8221;all&#8221; global_colors_info=&#8221;{}&#8221;]<\/p>\n<span><span><a href=\"https:\/\/www.portalp.com\/fr_LU\/\">Accueil<\/a><\/span><\/span>\n<p>[\/et_pb_text][et_pb_text _builder_version=&#8221;4.24.2&#8243; _module_preset=&#8221;default&#8221; header_text_color=&#8221;#005B94&#8243; custom_margin=&#8221;||35px|||&#8221; custom_padding=&#8221;||||true|false&#8221; global_colors_info=&#8221;{}&#8221;]<\/p>\n<h1 style=\"text-align: center;\">Acc\u00e8s parking<\/h1>\n<p>[\/et_pb_text][et_pb_text _builder_version=&#8221;4.24.2&#8243; _module_preset=&#8221;default&#8221; header_2_font=&#8221;||||||||&#8221; custom_margin=&#8221;||10px||false|false&#8221; custom_padding=&#8221;||10px||false|false&#8221; custom_css_free_form=&#8221;selector h2 {||  font-weight:400;||}&#8221; global_colors_info=&#8221;{}&#8221;]D\u00e9couvrez nos solutions compl\u00e8tes pour la <strong>gestion et la s\u00e9curisation des espaces de stationnement<\/strong>.<\/p>\n<p>Nous vous proposons une gamme de produits alliant robustesse et performance : <strong>portails coulissants et basculants<\/strong>, <strong>barri\u00e8res de parking<\/strong> et <strong>portes de garages industrielles et r\u00e9sidentielles<\/strong>. <\/p>\n<p>Que ce soit pour <strong>optimiser l&#8217;acc\u00e8s<\/strong>, <strong>s\u00e9curiser vos installations<\/strong> ou <strong>am\u00e9liorer la fluidit\u00e9 des mouvements<\/strong>, nos \u00e9quipements sont con\u00e7us pour r\u00e9pondre aux exigences des environnements les plus exigeants.[\/et_pb_text][et_pb_button button_text=&#8221;Contactez-nous&#8221; _builder_version=&#8221;4.24.2&#8243; _module_preset=&#8221;default&#8221; global_colors_info=&#8221;{}&#8221;][\/et_pb_button][\/et_pb_column][\/et_pb_row][et_pb_row _builder_version=&#8221;4.24.2&#8243; _module_preset=&#8221;default&#8221; width_tablet=&#8221;&#8221; width_phone=&#8221;&#8221; width_last_edited=&#8221;on|phone&#8221; custom_padding=&#8221;||0px|10px|false|false&#8221; locked=&#8221;off&#8221; global_colors_info=&#8221;{}&#8221;][et_pb_column type=&#8221;4_4&#8243; _builder_version=&#8221;4.24.2&#8243; _module_preset=&#8221;default&#8221; global_colors_info=&#8221;{}&#8221;][et_pb_text _builder_version=&#8221;4.24.2&#8243; _module_preset=&#8221;default&#8221; header_3_font=&#8221;|300|||||||&#8221; header_3_text_align=&#8221;center&#8221; header_3_text_color=&#8221;#005B94&#8243; custom_css_free_form=&#8221;selector h3 {||  font-weight:700;||}&#8221; global_colors_info=&#8221;{}&#8221;]<\/p>\n<h2>Retrouvez l&#8217;int\u00e9gralit\u00e9 de notre offre de  barri\u00e8res, portails et portes de garages :<\/h2>\n<p>[\/et_pb_text][dica_divi_carousel item_width_tablet=&#8221;23%&#8221; item_width_phone=&#8221;75%&#8221; item_width_last_edited=&#8221;on|phone&#8221; arrow_nav=&#8221;on&#8221; dot_nav=&#8221;on&#8221; equal_height=&#8221;on&#8221; advanced_effect=&#8221;1&#8243; dots_color=&#8221;#FFFFFF&#8221; overlay_color_field_bgcolor=&#8221;rgba(255,255,255,0.85)&#8221; carousel_container_padding=&#8221;||||false|false&#8221; innercontent_padding=&#8221;||||false|false&#8221; item_padding=&#8221;||50px||false|false&#8221; image_container_padding=&#8221;||||false|false&#8221; content_container_margin=&#8221;20px||20px||false|true&#8221; module_class=&#8221;carousel-with-text&#8221; _builder_version=&#8221;4.27.4&#8243; _module_preset=&#8221;default&#8221; title_font=&#8221;|600|||||||&#8221; title_text_align=&#8221;center&#8221; title_text_color=&#8221;#005B94&#8243; title_font_size=&#8221;18px&#8221; body_text_align=&#8221;center&#8221; body_text_color=&#8221;#706F6F&#8221; custom_margin=&#8221;||44px|||&#8221; custom_padding=&#8221;||||false|false&#8221; custom_css_free_form=&#8221;selector h4 {||  font-weight:600;||  color: #005b94;||}&#8221; custom_css_button=&#8221;position: absolute;||bottom: 15px;||left: 50%;||transform: translateX(-50%);&#8221; global_colors_info=&#8221;{}&#8221; custom_css_carousel_item_last_edited=&#8221;on|phone&#8221;][dica_divi_carouselitem title=&#8221;Barri\u00e8res de parking&#8221; button_url_new_window=&#8221;1&#8243; image=&#8221;https:\/\/www.portalp.com\/wp-content\/uploads\/2024\/09\/solutions_accesparking_barrieres_1.jpg&#8221; image_alt=&#8221;Barri\u00e8re levante automatique&#8221; content_padding=&#8221;|15px||15px|false|true&#8221; _builder_version=&#8221;4.27.4&#8243; _dynamic_attributes=&#8221;link_option_url&#8221; _module_preset=&#8221;default&#8221; body_text_align=&#8221;center&#8221; body_text_color=&#8221;#706F6F&#8221; background_color=&#8221;#FFFFFF&#8221; background_enable_color=&#8221;on&#8221; custom_button=&#8221;on&#8221; button_text_color=&#8221;#FFFFFF&#8221; button_bg_use_color_gradient=&#8221;on&#8221; button_bg_color_gradient_direction=&#8221;90deg&#8221; button_bg_color_gradient_stops=&#8221;#0075bf 0%|#004876 100%&#8221; button_border_width=&#8221;0px&#8221; button_border_radius=&#8221;50px&#8221; button_use_icon=&#8221;off&#8221; button_alignment=&#8221;center&#8221; link_option_url=&#8221;@ET-DC@eyJkeW5hbWljIjp0cnVlLCJjb250ZW50IjoicG9zdF9saW5rX3VybF9wYWdlIiwic2V0dGluZ3MiOnsicG9zdF9pZCI6IjE0NjE0In19@&#8221; border_radii_item=&#8221;on|10px|10px|10px|10px&#8221; global_colors_info=&#8221;{}&#8221;]<\/p>\n<p>Optimisez la <strong>gestion de vos acc\u00e8s<\/strong> et assurez une <strong>s\u00e9curit\u00e9 accrue<\/strong> avec nos barri\u00e8res automatiques de parking gr\u00e2ce au contr\u00f4le des entr\u00e9es et sorties.<\/p>\n<p class=\"carousel-btn\" style=\"color: #fff!important;\">En savoir +<\/p>\n<p>[\/dica_divi_carouselitem][dica_divi_carouselitem title=&#8221;Portails automatiques industriels&#8221; button_url_new_window=&#8221;1&#8243; image=&#8221;https:\/\/www.portalp.com\/wp-content\/uploads\/2024\/09\/portalp_solutions_portails.jpg&#8221; image_alt=&#8221;Portail coulissant \u00e0 l&#8217;entr\u00e9e d&#8217;un parking&#8221; content_padding=&#8221;|15px||15px|false|true&#8221; _builder_version=&#8221;4.27.4&#8243; _dynamic_attributes=&#8221;link_option_url&#8221; _module_preset=&#8221;default&#8221; background_color=&#8221;#FFFFFF&#8221; background_enable_color=&#8221;on&#8221; custom_button=&#8221;on&#8221; button_text_color=&#8221;#FFFFFF&#8221; button_bg_use_color_gradient=&#8221;on&#8221; button_bg_color_gradient_direction=&#8221;90deg&#8221; button_bg_color_gradient_stops=&#8221;#0075bf 0%|#004876 100%&#8221; button_border_width=&#8221;0px&#8221; button_border_radius=&#8221;50px&#8221; button_use_icon=&#8221;off&#8221; button_alignment=&#8221;center&#8221; link_option_url=&#8221;@ET-DC@eyJkeW5hbWljIjp0cnVlLCJjb250ZW50IjoicG9zdF9saW5rX3VybF9wYWdlIiwic2V0dGluZ3MiOnsicG9zdF9pZCI6IjE0NzI4In19@&#8221; border_radii_item=&#8221;on|10px|10px|10px|10px&#8221; global_colors_info=&#8221;{}&#8221;]<\/p>\n<p>Le portail automatique autoportant offre un fonctionnement fluide <strong>sans rail au sol<\/strong>, tout en permettant une grande largeur d\u2019ouverture.<\/p>\n<p class=\"carousel-btn\" style=\"color: #fff!important;\">En savoir +<\/p>\n<p>[\/dica_divi_carouselitem][dica_divi_carouselitem title=&#8221;Portails automatiques r\u00e9sidentiels&#8221; button_url_new_window=&#8221;1&#8243; image=&#8221;https:\/\/www.portalp.com\/wp-content\/uploads\/2024\/09\/portalp_solutions_portails_collectifs.jpg&#8221; image_alt=&#8221;Portail coulissant \u00e0 l&#8217;entr\u00e9e d&#8217;un h\u00f4tel restaurant&#8221; content_padding=&#8221;|15px||15px|false|true&#8221; _builder_version=&#8221;4.27.4&#8243; _dynamic_attributes=&#8221;link_option_url&#8221; _module_preset=&#8221;default&#8221; background_color=&#8221;#FFFFFF&#8221; background_enable_color=&#8221;on&#8221; custom_button=&#8221;on&#8221; button_text_color=&#8221;#FFFFFF&#8221; button_bg_use_color_gradient=&#8221;on&#8221; button_bg_color_gradient_direction=&#8221;90deg&#8221; button_bg_color_gradient_stops=&#8221;#0075bf 0%|#004876 100%&#8221; button_border_width=&#8221;0px&#8221; button_border_radius=&#8221;50px&#8221; button_use_icon=&#8221;off&#8221; button_alignment=&#8221;center&#8221; link_option_url=&#8221;@ET-DC@eyJkeW5hbWljIjp0cnVlLCJjb250ZW50IjoicG9zdF9saW5rX3VybF9wYWdlIiwic2V0dGluZ3MiOnsicG9zdF9pZCI6IjE0OTIxIn19@&#8221; border_radii_item=&#8221;on|10px|10px|10px|10px&#8221; global_colors_info=&#8221;{}&#8221;]<\/p>\n<p>S\u00e9curisez vos b\u00e2timents et fluidifiez les acc\u00e8s gr\u00e2ce \u00e0 des <strong>portails battants ou coulissants<\/strong> personnalisables.<\/p>\n<p class=\"carousel-btn\" style=\"color: #fff!important;\">En savoir +<\/p>\n<p>[\/dica_divi_carouselitem][dica_divi_carouselitem title=&#8221;Porte de garage basculante&#8221; button_url_new_window=&#8221;1&#8243; image=&#8221;https:\/\/www.portalp.com\/wp-content\/uploads\/2024\/09\/portalp_solutions_acces_parking_porte_basculante.jpg&#8221; image_alt=&#8221;Porte de garage basculante&#8221; content_padding=&#8221;|15px||15px|false|true&#8221; _builder_version=&#8221;4.27.4&#8243; _dynamic_attributes=&#8221;link_option_url&#8221; _module_preset=&#8221;default&#8221; background_color=&#8221;#FFFFFF&#8221; background_enable_color=&#8221;on&#8221; custom_button=&#8221;on&#8221; button_text_color=&#8221;#FFFFFF&#8221; button_bg_use_color_gradient=&#8221;on&#8221; button_bg_color_gradient_direction=&#8221;90deg&#8221; button_bg_color_gradient_stops=&#8221;#0075bf 0%|#004876 100%&#8221; button_border_width=&#8221;0px&#8221; button_border_radius=&#8221;50px&#8221; button_use_icon=&#8221;off&#8221; button_alignment=&#8221;center&#8221; link_option_url=&#8221;@ET-DC@eyJkeW5hbWljIjp0cnVlLCJjb250ZW50IjoicG9zdF9saW5rX3VybF9wYWdlIiwic2V0dGluZ3MiOnsicG9zdF9pZCI6IjE1MDEwIn19@&#8221; border_radii_item=&#8221;on|10px|10px|10px|10px&#8221; global_colors_info=&#8221;{}&#8221;]<\/p>\n<p>La porte de garage basculante offre une solution robuste et s\u00e9curis\u00e9e, avec un <strong>gain de place optimis\u00e9<\/strong> gr\u00e2ce \u00e0 son d\u00e9gagement lat\u00e9ral minimal.<\/p>\n<p class=\"carousel-btn\" style=\"color: #fff!important;\">En savoir +<\/p>\n<p>[\/dica_divi_carouselitem][dica_divi_carouselitem title=&#8221;Porte de garage accord\u00e9on&#8221; button_url_new_window=&#8221;1&#8243; image=&#8221;https:\/\/www.portalp.com\/wp-content\/uploads\/2024\/09\/solution-acces-parking-porte-accordeon-2-961x641px.jpg&#8221; image_alt=&#8221;Porte accord\u00e9on \u00e0 l&#8217;entr\u00e9e d&#8217;un parking&#8221; content_padding=&#8221;|15px||15px|false|true&#8221; _builder_version=&#8221;4.27.4&#8243; _dynamic_attributes=&#8221;link_option_url&#8221; _module_preset=&#8221;default&#8221; body_text_align=&#8221;center&#8221; body_text_color=&#8221;#706F6F&#8221; background_color=&#8221;#FFFFFF&#8221; background_enable_color=&#8221;on&#8221; custom_button=&#8221;on&#8221; button_text_color=&#8221;#FFFFFF&#8221; button_bg_use_color_gradient=&#8221;on&#8221; button_bg_color_gradient_direction=&#8221;90deg&#8221; button_bg_color_gradient_stops=&#8221;#0075bf 0%|#004876 100%&#8221; button_border_width=&#8221;0px&#8221; button_border_radius=&#8221;50px&#8221; button_use_icon=&#8221;off&#8221; button_alignment=&#8221;center&#8221; link_option_url=&#8221;@ET-DC@eyJkeW5hbWljIjp0cnVlLCJjb250ZW50IjoicG9zdF9saW5rX3VybF9wYWdlIiwic2V0dGluZ3MiOnsicG9zdF9pZCI6IjE1MTI1In19@&#8221; border_radii_item=&#8221;on|10px|10px|10px|10px&#8221; global_colors_info=&#8221;{}&#8221;]<\/p>\n<p>La porte de garage pliante combine praticit\u00e9 et s\u00e9curit\u00e9, avec un <strong>d\u00e9gagement lat\u00e9ral minimal<\/strong> gr\u00e2ce \u00e0 ses panneaux repliables.<\/p>\n<p class=\"carousel-btn\" style=\"color: #fff!important;\">En savoir +<\/p>\n<p>[\/dica_divi_carouselitem][dica_divi_carouselitem title=&#8221;Contr\u00f4le d&#8217;acc\u00e8s pi\u00e9ton&#8221; button_url_new_window=&#8221;1&#8243; image=&#8221;https:\/\/www.portalp.com\/wp-content\/uploads\/2024\/09\/portalp_solutions_portails_acces_pieton.jpg&#8221; image_alt=&#8221;Couloirs de passage s\u00e9curis\u00e9s&#8221; content_padding=&#8221;|15px||15px|false|true&#8221; _builder_version=&#8221;4.27.4&#8243; _dynamic_attributes=&#8221;link_option_url&#8221; _module_preset=&#8221;default&#8221; body_text_align=&#8221;center&#8221; body_text_color=&#8221;#706F6F&#8221; background_color=&#8221;#FFFFFF&#8221; background_enable_color=&#8221;on&#8221; custom_button=&#8221;on&#8221; button_text_color=&#8221;#FFFFFF&#8221; button_bg_use_color_gradient=&#8221;on&#8221; button_bg_color_gradient_direction=&#8221;90deg&#8221; button_bg_color_gradient_stops=&#8221;#0075bf 0%|#004876 100%&#8221; button_border_width=&#8221;0px&#8221; button_border_radius=&#8221;50px&#8221; button_use_icon=&#8221;off&#8221; button_alignment=&#8221;center&#8221; link_option_url=&#8221;@ET-DC@eyJkeW5hbWljIjp0cnVlLCJjb250ZW50IjoicG9zdF9saW5rX3VybF9wYWdlIiwic2V0dGluZ3MiOnsicG9zdF9pZCI6Ijk5MyJ9fQ==@&#8221; border_radii_item=&#8221;on|10px|10px|10px|10px&#8221; global_colors_info=&#8221;{}&#8221;]<\/p>\n<p>Contr\u00f4lez et r\u00e9gulez l\u2019acc\u00e8s pi\u00e9tons \u00e0 vos parkings et aux entr\u00e9es principales.<\/p>\n<p class=\"carousel-btn\" style=\"color: #fff!important;\">En savoir +<\/p>\n<p>[\/dica_divi_carouselitem][\/dica_divi_carousel][et_pb_button button_url=&#8221;@ET-DC@eyJkeW5hbWljIjp0cnVlLCJjb250ZW50IjoicG9zdF9saW5rX3VybF9wYWdlIiwic2V0dGluZ3MiOnsicG9zdF9pZCI6IjgyNSJ9fQ==@&#8221; button_text=&#8221;D\u00e9couvrez notre offre de contr\u00f4le d&#8217;acc\u00e8s&#8221; _builder_version=&#8221;4.27.2&#8243; _dynamic_attributes=&#8221;button_url&#8221; _module_preset=&#8221;default&#8221; global_colors_info=&#8221;{}&#8221;][\/et_pb_button][\/et_pb_column][\/et_pb_row][\/et_pb_section]<\/p>\n","protected":false},"excerpt":{"rendered":"<p><span><span><a href=\"https:\/\/www.portalp.com\/fr_LU\/\">Accueil<\/a><\/span><\/span>Acc\u00e8s parkingD\u00e9couvrez nos solutions compl\u00e8tes pour la gestion et la s\u00e9curisation des espaces de stationnement. Nous vous proposons une gamme de produits alliant robustesse et performance : portails coulissants et basculants, barri\u00e8res de parking et portes de garages industrielles et r\u00e9sidentielles. Que ce soit pour optimiser l&#8217;acc\u00e8s, s\u00e9curiser vos installations ou am\u00e9liorer la fluidit\u00e9 des [&hellip;]<\/p>\n","protected":false},"author":1,"featured_media":15230,"parent":20445,"menu_order":0,"comment_status":"closed","ping_status":"closed","template":"","meta":{"_et_pb_use_builder":"on","_et_pb_old_content":"","_et_gb_content_width":"","footnotes":""},"class_list":["post-45750","page","type-page","status-publish","has-post-thumbnail","hentry"],"yoast_head":"<!-- This site is optimized with the Yoast SEO plugin v27.4 - https:\/\/yoast.com\/product\/yoast-seo-wordpress\/ -->\n<title>Acc\u00e8s parking | Portalp<\/title>\n<meta name=\"description\" content=\"D\u00e9couvrez nos solutions pour la gestion et la s\u00e9curisation des espaces de stationnement, avec une gamme de produits alliant robustesse et performance.\" \/>\n<meta name=\"robots\" content=\"index, follow, max-snippet:-1, max-image-preview:large, max-video-preview:-1\" \/>\n<link rel=\"canonical\" href=\"https:\/\/www.portalp.com\/fr_LU\/solutions\/acces-parking\/\" \/>\n<meta property=\"og:locale\" content=\"fr_FR\" \/>\n<meta property=\"og:type\" content=\"article\" \/>\n<meta property=\"og:title\" content=\"Acc\u00e8s parking | Portalp\" \/>\n<meta property=\"og:description\" content=\"D\u00e9couvrez nos solutions pour la gestion et la s\u00e9curisation des espaces de stationnement, avec une gamme de produits alliant robustesse et performance.\" \/>\n<meta property=\"og:url\" content=\"https:\/\/www.portalp.com\/fr_LU\/solutions\/acces-parking\/\" \/>\n<meta property=\"og:site_name\" content=\"Portalp\" \/>\n<meta property=\"article:modified_time\" content=\"2025-06-18T09:22:20+00:00\" \/>\n<meta property=\"og:image\" content=\"https:\/\/www.portalp.com\/wp-content\/uploads\/2024\/09\/solutions_accesparking_barrieres1.jpg\" \/>\n\t<meta property=\"og:image:width\" content=\"1000\" \/>\n\t<meta property=\"og:image:height\" content=\"1000\" \/>\n\t<meta property=\"og:image:type\" content=\"image\/jpeg\" \/>\n<meta name=\"twitter:card\" content=\"summary_large_image\" \/>\n<meta name=\"twitter:label1\" content=\"Est. reading time\" \/>\n\t<meta name=\"twitter:data1\" content=\"3 minutes\" \/>\n<script type=\"application\/ld+json\" class=\"yoast-schema-graph\">{\"@context\":\"https:\\\/\\\/schema.org\",\"@graph\":[{\"@type\":\"WebPage\",\"@id\":\"https:\\\/\\\/www.portalp.com\\\/fr_LU\\\/solutions\\\/acces-parking\\\/\",\"url\":\"https:\\\/\\\/www.portalp.com\\\/fr_LU\\\/solutions\\\/acces-parking\\\/\",\"name\":\"Acc\u00e8s parking | Portalp\",\"isPartOf\":{\"@id\":\"https:\\\/\\\/www.portalp.com\\\/fr_LU\\\/#website\"},\"primaryImageOfPage\":{\"@id\":\"https:\\\/\\\/www.portalp.com\\\/fr_LU\\\/solutions\\\/acces-parking\\\/#primaryimage\"},\"image\":{\"@id\":\"https:\\\/\\\/www.portalp.com\\\/fr_LU\\\/solutions\\\/acces-parking\\\/#primaryimage\"},\"thumbnailUrl\":\"https:\\\/\\\/www.portalp.com\\\/wp-content\\\/uploads\\\/2024\\\/09\\\/solutions_accesparking_barrieres1.jpg\",\"datePublished\":\"2024-04-12T11:54:32+00:00\",\"dateModified\":\"2025-06-18T09:22:20+00:00\",\"description\":\"D\u00e9couvrez nos solutions pour la gestion et la s\u00e9curisation des espaces de stationnement, avec une gamme de produits alliant robustesse et performance.\",\"breadcrumb\":{\"@id\":\"https:\\\/\\\/www.portalp.com\\\/fr_LU\\\/solutions\\\/acces-parking\\\/#breadcrumb\"},\"inLanguage\":\"fr-LU\",\"potentialAction\":[{\"@type\":\"ReadAction\",\"target\":[\"https:\\\/\\\/www.portalp.com\\\/fr_LU\\\/solutions\\\/acces-parking\\\/\"]}]},{\"@type\":\"ImageObject\",\"inLanguage\":\"fr-LU\",\"@id\":\"https:\\\/\\\/www.portalp.com\\\/fr_LU\\\/solutions\\\/acces-parking\\\/#primaryimage\",\"url\":\"https:\\\/\\\/www.portalp.com\\\/wp-content\\\/uploads\\\/2024\\\/09\\\/solutions_accesparking_barrieres1.jpg\",\"contentUrl\":\"https:\\\/\\\/www.portalp.com\\\/wp-content\\\/uploads\\\/2024\\\/09\\\/solutions_accesparking_barrieres1.jpg\",\"width\":1000,\"height\":1000,\"caption\":\"Barri\u00e8re automatique de parking ferm\u00e9e\"},{\"@type\":\"BreadcrumbList\",\"@id\":\"https:\\\/\\\/www.portalp.com\\\/fr_LU\\\/solutions\\\/acces-parking\\\/#breadcrumb\",\"itemListElement\":[{\"@type\":\"ListItem\",\"position\":1,\"name\":\"Accueil\",\"item\":\"https:\\\/\\\/www.portalp.com\\\/fr_LU\\\/\"},{\"@type\":\"ListItem\",\"position\":2,\"name\":\"Solutions\",\"item\":\"https:\\\/\\\/www.portalp.com\\\/fr_LU\\\/solutions\\\/\"},{\"@type\":\"ListItem\",\"position\":3,\"name\":\"Acc\u00e8s parking\"}]},{\"@type\":\"WebSite\",\"@id\":\"https:\\\/\\\/www.portalp.com\\\/fr_LU\\\/#website\",\"url\":\"https:\\\/\\\/www.portalp.com\\\/fr_LU\\\/\",\"name\":\"Portalp\",\"description\":\"\",\"publisher\":{\"@id\":\"https:\\\/\\\/www.portalp.com\\\/fr_LU\\\/#organization\"},\"potentialAction\":[{\"@type\":\"SearchAction\",\"target\":{\"@type\":\"EntryPoint\",\"urlTemplate\":\"https:\\\/\\\/www.portalp.com\\\/fr_LU\\\/?s={search_term_string}\"},\"query-input\":{\"@type\":\"PropertyValueSpecification\",\"valueRequired\":true,\"valueName\":\"search_term_string\"}}],\"inLanguage\":\"fr-LU\"},{\"@type\":\"Organization\",\"@id\":\"https:\\\/\\\/www.portalp.com\\\/fr_LU\\\/#organization\",\"name\":\"Portalp\",\"url\":\"https:\\\/\\\/www.portalp.com\\\/fr_LU\\\/\",\"logo\":{\"@type\":\"ImageObject\",\"inLanguage\":\"fr-LU\",\"@id\":\"https:\\\/\\\/www.portalp.com\\\/fr_LU\\\/#\\\/schema\\\/logo\\\/image\\\/\",\"url\":\"https:\\\/\\\/www.portalp.com\\\/wp-content\\\/uploads\\\/2024\\\/05\\\/Logo-PORTALP_coul-72.png\",\"contentUrl\":\"https:\\\/\\\/www.portalp.com\\\/wp-content\\\/uploads\\\/2024\\\/05\\\/Logo-PORTALP_coul-72.png\",\"width\":375,\"height\":142,\"caption\":\"Portalp\"},\"image\":{\"@id\":\"https:\\\/\\\/www.portalp.com\\\/fr_LU\\\/#\\\/schema\\\/logo\\\/image\\\/\"},\"sameAs\":[\"https:\\\/\\\/www.linkedin.com\\\/company\\\/portalp\"]}]}<\/script>\n<!-- \/ Yoast SEO plugin. -->","yoast_head_json":{"title":"Acc\u00e8s parking | Portalp","description":"D\u00e9couvrez nos solutions pour la gestion et la s\u00e9curisation des espaces de stationnement, avec une gamme de produits alliant robustesse et performance.","robots":{"index":"index","follow":"follow","max-snippet":"max-snippet:-1","max-image-preview":"max-image-preview:large","max-video-preview":"max-video-preview:-1"},"canonical":"https:\/\/www.portalp.com\/fr_LU\/solutions\/acces-parking\/","og_locale":"fr_FR","og_type":"article","og_title":"Acc\u00e8s parking | Portalp","og_description":"D\u00e9couvrez nos solutions pour la gestion et la s\u00e9curisation des espaces de stationnement, avec une gamme de produits alliant robustesse et performance.","og_url":"https:\/\/www.portalp.com\/fr_LU\/solutions\/acces-parking\/","og_site_name":"Portalp","article_modified_time":"2025-06-18T09:22:20+00:00","og_image":[{"width":1000,"height":1000,"url":"https:\/\/www.portalp.com\/wp-content\/uploads\/2024\/09\/solutions_accesparking_barrieres1.jpg","type":"image\/jpeg"}],"twitter_card":"summary_large_image","twitter_misc":{"Est. reading time":"3 minutes"},"schema":{"@context":"https:\/\/schema.org","@graph":[{"@type":"WebPage","@id":"https:\/\/www.portalp.com\/fr_LU\/solutions\/acces-parking\/","url":"https:\/\/www.portalp.com\/fr_LU\/solutions\/acces-parking\/","name":"Acc\u00e8s parking | Portalp","isPartOf":{"@id":"https:\/\/www.portalp.com\/fr_LU\/#website"},"primaryImageOfPage":{"@id":"https:\/\/www.portalp.com\/fr_LU\/solutions\/acces-parking\/#primaryimage"},"image":{"@id":"https:\/\/www.portalp.com\/fr_LU\/solutions\/acces-parking\/#primaryimage"},"thumbnailUrl":"https:\/\/www.portalp.com\/wp-content\/uploads\/2024\/09\/solutions_accesparking_barrieres1.jpg","datePublished":"2024-04-12T11:54:32+00:00","dateModified":"2025-06-18T09:22:20+00:00","description":"D\u00e9couvrez nos solutions pour la gestion et la s\u00e9curisation des espaces de stationnement, avec une gamme de produits alliant robustesse et performance.","breadcrumb":{"@id":"https:\/\/www.portalp.com\/fr_LU\/solutions\/acces-parking\/#breadcrumb"},"inLanguage":"fr-LU","potentialAction":[{"@type":"ReadAction","target":["https:\/\/www.portalp.com\/fr_LU\/solutions\/acces-parking\/"]}]},{"@type":"ImageObject","inLanguage":"fr-LU","@id":"https:\/\/www.portalp.com\/fr_LU\/solutions\/acces-parking\/#primaryimage","url":"https:\/\/www.portalp.com\/wp-content\/uploads\/2024\/09\/solutions_accesparking_barrieres1.jpg","contentUrl":"https:\/\/www.portalp.com\/wp-content\/uploads\/2024\/09\/solutions_accesparking_barrieres1.jpg","width":1000,"height":1000,"caption":"Barri\u00e8re automatique de parking ferm\u00e9e"},{"@type":"BreadcrumbList","@id":"https:\/\/www.portalp.com\/fr_LU\/solutions\/acces-parking\/#breadcrumb","itemListElement":[{"@type":"ListItem","position":1,"name":"Accueil","item":"https:\/\/www.portalp.com\/fr_LU\/"},{"@type":"ListItem","position":2,"name":"Solutions","item":"https:\/\/www.portalp.com\/fr_LU\/solutions\/"},{"@type":"ListItem","position":3,"name":"Acc\u00e8s parking"}]},{"@type":"WebSite","@id":"https:\/\/www.portalp.com\/fr_LU\/#website","url":"https:\/\/www.portalp.com\/fr_LU\/","name":"Portalp","description":"","publisher":{"@id":"https:\/\/www.portalp.com\/fr_LU\/#organization"},"potentialAction":[{"@type":"SearchAction","target":{"@type":"EntryPoint","urlTemplate":"https:\/\/www.portalp.com\/fr_LU\/?s={search_term_string}"},"query-input":{"@type":"PropertyValueSpecification","valueRequired":true,"valueName":"search_term_string"}}],"inLanguage":"fr-LU"},{"@type":"Organization","@id":"https:\/\/www.portalp.com\/fr_LU\/#organization","name":"Portalp","url":"https:\/\/www.portalp.com\/fr_LU\/","logo":{"@type":"ImageObject","inLanguage":"fr-LU","@id":"https:\/\/www.portalp.com\/fr_LU\/#\/schema\/logo\/image\/","url":"https:\/\/www.portalp.com\/wp-content\/uploads\/2024\/05\/Logo-PORTALP_coul-72.png","contentUrl":"https:\/\/www.portalp.com\/wp-content\/uploads\/2024\/05\/Logo-PORTALP_coul-72.png","width":375,"height":142,"caption":"Portalp"},"image":{"@id":"https:\/\/www.portalp.com\/fr_LU\/#\/schema\/logo\/image\/"},"sameAs":["https:\/\/www.linkedin.com\/company\/portalp"]}]}},"_links":{"self":[{"href":"https:\/\/www.portalp.com\/fr_LU\/wp-json\/wp\/v2\/pages\/45750","targetHints":{"allow":["GET"]}}],"collection":[{"href":"https:\/\/www.portalp.com\/fr_LU\/wp-json\/wp\/v2\/pages"}],"about":[{"href":"https:\/\/www.portalp.com\/fr_LU\/wp-json\/wp\/v2\/types\/page"}],"author":[{"embeddable":true,"href":"https:\/\/www.portalp.com\/fr_LU\/wp-json\/wp\/v2\/users\/1"}],"replies":[{"embeddable":true,"href":"https:\/\/www.portalp.com\/fr_LU\/wp-json\/wp\/v2\/comments?post=45750"}],"version-history":[{"count":0,"href":"https:\/\/www.portalp.com\/fr_LU\/wp-json\/wp\/v2\/pages\/45750\/revisions"}],"up":[{"embeddable":true,"href":"https:\/\/www.portalp.com\/fr_LU\/wp-json\/wp\/v2\/pages\/20445"}],"wp:featuredmedia":[{"embeddable":true,"href":"https:\/\/www.portalp.com\/fr_LU\/wp-json\/wp\/v2\/media\/15230"}],"wp:attachment":[{"href":"https:\/\/www.portalp.com\/fr_LU\/wp-json\/wp\/v2\/media?parent=45750"}],"curies":[{"name":"wp","href":"https:\/\/api.w.org\/{rel}","templated":true}]}}