{"id":45377,"date":"2024-05-17T06:52:38","date_gmt":"2024-05-17T05:52:38","guid":{"rendered":"https:\/\/www.portalp.com\/solutions\/portes-automatiques\/portes-industrielles-automatiques\/"},"modified":"2025-06-13T15:24:05","modified_gmt":"2025-06-13T14:24:05","slug":"industrielles","status":"publish","type":"page","link":"https:\/\/www.portalp.com\/fr_LU\/solutions\/portes-automatiques\/industrielles\/","title":{"rendered":"Portes industrielles automatiques"},"content":{"rendered":"<p>[et_pb_section fb_built=&#8221;1&#8243; custom_padding_last_edited=&#8221;on|phone&#8221; _builder_version=&#8221;4.24.2&#8243; _module_preset=&#8221;default&#8221; background_color=&#8221;#E4DAD3&#8243; custom_padding=&#8221;8%||0%||false|false&#8221; custom_padding_tablet=&#8221;8%||8%||true|false&#8221; custom_padding_phone=&#8221;25%||||false|false&#8221; global_colors_info=&#8221;{}&#8221;][et_pb_row _builder_version=&#8221;4.24.2&#8243; _module_preset=&#8221;default&#8221; custom_margin=&#8221;|auto|2px|auto|false|false&#8221; global_colors_info=&#8221;{}&#8221;][et_pb_column type=&#8221;4_4&#8243; _builder_version=&#8221;4.24.2&#8243; _module_preset=&#8221;default&#8221; global_colors_info=&#8221;{}&#8221;][et_pb_text disabled_on=&#8221;off|off|off&#8221; _builder_version=&#8221;4.27.4&#8243; _module_preset=&#8221;default&#8221; text_font_size=&#8221;0.8em&#8221; saved_tabs=&#8221;all&#8221; global_colors_info=&#8221;{}&#8221;]<\/p>\n<span><span><a href=\"https:\/\/www.portalp.com\/fr_LU\/\">Accueil<\/a><\/span><\/span>\n<p>[\/et_pb_text][et_pb_text _builder_version=&#8221;4.24.2&#8243; _module_preset=&#8221;default&#8221; header_text_color=&#8221;#005B94&#8243; custom_margin=&#8221;||35px|||&#8221; custom_padding=&#8221;||||true|false&#8221; global_colors_info=&#8221;{}&#8221;]<\/p>\n<h1 style=\"text-align: center;\">Portes industrielles automatiques<\/h1>\n<p>[\/et_pb_text][et_pb_text _builder_version=&#8221;4.24.2&#8243; _module_preset=&#8221;default&#8221; header_2_font=&#8221;||||||||&#8221; custom_margin=&#8221;||10px||false|false&#8221; custom_padding=&#8221;||10px||false|false&#8221; custom_css_free_form=&#8221;selector h2 {||  font-weight:400;||}&#8221; global_colors_info=&#8221;{}&#8221;]<\/p>\n<p>Notre gamme de portes industrielles est disponible avec une <strong>multitude d&#8217;options<\/strong> et <strong>de configurations<\/strong>, offrant une adaptabilit\u00e9 optimale pour une vari\u00e9t\u00e9 d&#8217;applications.<br \/>Id\u00e9ales pour<strong> les entrep\u00f4ts, les usines <\/strong>et<strong> les centres logistiques<\/strong>, nos portes industrielles robustes et fiables r\u00e9pondent aux <strong>exigences sp\u00e9cifiques de chaque environnement<\/strong>, assurant efficacit\u00e9 et s\u00e9curit\u00e9.<\/p>\n<p>[\/et_pb_text][et_pb_button button_url=&#8221;@ET-DC@eyJkeW5hbWljIjp0cnVlLCJjb250ZW50IjoicG9zdF9saW5rX3VybF9wYWdlIiwic2V0dGluZ3MiOnsicG9zdF9pZCI6IjEzMjkifX0=@&#8221; button_text=&#8221;Contactez-nous&#8221; _builder_version=&#8221;4.27.2&#8243; _dynamic_attributes=&#8221;button_url&#8221; _module_preset=&#8221;default&#8221; global_colors_info=&#8221;{}&#8221;][\/et_pb_button][\/et_pb_column][\/et_pb_row][et_pb_row _builder_version=&#8221;4.24.2&#8243; _module_preset=&#8221;default&#8221; width_tablet=&#8221;&#8221; width_phone=&#8221;&#8221; width_last_edited=&#8221;on|phone&#8221; custom_padding=&#8221;||0px|10px|false|false&#8221; locked=&#8221;off&#8221; global_colors_info=&#8221;{}&#8221;][et_pb_column type=&#8221;4_4&#8243; _builder_version=&#8221;4.24.2&#8243; _module_preset=&#8221;default&#8221; global_colors_info=&#8221;{}&#8221;][et_pb_text _builder_version=&#8221;4.24.2&#8243; _module_preset=&#8221;default&#8221; header_3_font=&#8221;|300|||||||&#8221; header_3_text_align=&#8221;center&#8221; header_3_text_color=&#8221;#005B94&#8243; custom_css_free_form=&#8221;selector h3 {||  font-weight:700;||}&#8221; global_colors_info=&#8221;{}&#8221;]<\/p>\n<h2>Retrouvez l&#8217;int\u00e9gralit\u00e9 de notre gamme et leurs diff\u00e9rentes configurations :<\/h2>\n<p>[\/et_pb_text][dica_divi_carousel item_width_tablet=&#8221;23%&#8221; item_width_phone=&#8221;75%&#8221; item_width_last_edited=&#8221;on|phone&#8221; arrow_nav=&#8221;on&#8221; dot_nav=&#8221;on&#8221; equal_height=&#8221;on&#8221; advanced_effect=&#8221;1&#8243; dots_color=&#8221;#FFFFFF&#8221; overlay_color_field_bgcolor=&#8221;rgba(255,255,255,0.85)&#8221; carousel_container_padding=&#8221;||||false|false&#8221; innercontent_padding=&#8221;||||false|false&#8221; item_padding=&#8221;||50px||false|false&#8221; image_container_padding=&#8221;||||false|false&#8221; content_container_margin=&#8221;20px||20px||false|true&#8221; module_class=&#8221;carousel-with-text&#8221; _builder_version=&#8221;4.27.4&#8243; _module_preset=&#8221;default&#8221; title_font=&#8221;|600|||||||&#8221; title_text_align=&#8221;center&#8221; title_text_color=&#8221;#005B94&#8243; title_font_size=&#8221;18px&#8221; body_text_align=&#8221;center&#8221; body_text_color=&#8221;#706F6F&#8221; custom_margin=&#8221;||44px|||&#8221; custom_padding=&#8221;||||false|false&#8221; hover_enabled=&#8221;0&#8243; custom_css_free_form=&#8221;selector h4 {||  font-weight:600;||  color: #005b94;||}&#8221; custom_css_button=&#8221;position: absolute;||bottom: 15px;||left: 50%;||transform: translateX(-50%);&#8221; global_colors_info=&#8221;{}&#8221; custom_css_carousel_item_last_edited=&#8221;on|phone&#8221; sticky_enabled=&#8221;0&#8243;][dica_divi_carouselitem title=&#8221;Portes souples empilables grandes dimensions&#8221; button_url_new_window=&#8221;1&#8243; image=&#8221;https:\/\/www.portalp.com\/wp-content\/uploads\/2024\/06\/portalp_porte_indus_souple_empilable_grande_dimension.jpg&#8221; image_alt=&#8221;Porte empilable grandes dimensions&#8221; content_padding=&#8221;|15px||15px|false|true&#8221; _builder_version=&#8221;4.27.4&#8243; _dynamic_attributes=&#8221;link_option_url&#8221; _module_preset=&#8221;default&#8221; body_text_align=&#8221;center&#8221; body_text_color=&#8221;#706F6F&#8221; background_color=&#8221;#FFFFFF&#8221; background_enable_color=&#8221;on&#8221; custom_button=&#8221;on&#8221; button_text_color=&#8221;#FFFFFF&#8221; button_bg_use_color_gradient=&#8221;on&#8221; button_bg_color_gradient_direction=&#8221;90deg&#8221; button_bg_color_gradient_stops=&#8221;#0075bf 0%|#004876 100%&#8221; button_border_width=&#8221;0px&#8221; button_border_radius=&#8221;50px&#8221; button_use_icon=&#8221;off&#8221; button_alignment=&#8221;center&#8221; link_option_url=&#8221;@ET-DC@eyJkeW5hbWljIjp0cnVlLCJjb250ZW50IjoicG9zdF9saW5rX3VybF9wYWdlIiwic2V0dGluZ3MiOnsicG9zdF9pZCI6IjIzNzkwIn19@&#8221; border_radii_item=&#8221;on|10px|10px|10px|10px&#8221; global_colors_info=&#8221;{}&#8221;]<\/p>\n<p>Con\u00e7ues pour les grandes ouvertures tout en restant simples \u00e0 entretenir, elles r\u00e9sistent aux vents forts et aux intemp\u00e9ries.<\/p>\n<p class=\"carousel-btn\" style=\"color: #fff!important;\">En savoir +<\/p>\n<p>[\/dica_divi_carouselitem][dica_divi_carouselitem title=&#8221;Portes sectionnelles isol\u00e9es, vitr\u00e9es et semi-vitr\u00e9es&#8221; button_url_new_window=&#8221;1&#8243; image=&#8221;https:\/\/www.portalp.com\/wp-content\/uploads\/2024\/07\/portalp_alpha_deuren.jpg&#8221; image_alt=&#8221;Porte sectionnelle vitr\u00e9e d&#8217;une caserne de pompiers&#8221; content_padding=&#8221;|15px||15px|false|true&#8221; _builder_version=&#8221;4.27.4&#8243; _dynamic_attributes=&#8221;link_option_url&#8221; _module_preset=&#8221;default&#8221; background_color=&#8221;#FFFFFF&#8221; background_enable_color=&#8221;on&#8221; custom_button=&#8221;on&#8221; button_text_color=&#8221;#FFFFFF&#8221; button_bg_use_color_gradient=&#8221;on&#8221; button_bg_color_gradient_direction=&#8221;90deg&#8221; button_bg_color_gradient_stops=&#8221;#0075bf 0%|#004876 100%&#8221; button_border_width=&#8221;0px&#8221; button_border_radius=&#8221;50px&#8221; button_use_icon=&#8221;off&#8221; button_alignment=&#8221;center&#8221; link_option_url=&#8221;@ET-DC@eyJkeW5hbWljIjp0cnVlLCJjb250ZW50IjoicG9zdF9saW5rX3VybF9wYWdlIiwic2V0dGluZ3MiOnsicG9zdF9pZCI6IjIzOTAwIn19@&#8221; border_radii_item=&#8221;on|10px|10px|10px|10px&#8221; global_colors_info=&#8221;{}&#8221;]<\/p>\n<p>Portes sectionnelles polyvalentes compos\u00e9es de panneaux de diff\u00e9rentes \u00e9paisseurs et de divers remplissages.<\/p>\n<p class=\"carousel-btn\" style=\"color: #fff!important;\">En savoir +<\/p>\n<p>[\/dica_divi_carouselitem][dica_divi_carouselitem title=&#8221;Portes sectionnelles empilables&#8221; button_url_new_window=&#8221;1&#8243; image=&#8221;https:\/\/www.portalp.com\/wp-content\/uploads\/2024\/07\/portalp_rolflex_empilable-1024&#215;683.jpg&#8221; image_alt=&#8221;Porte sectionnelle empilable&#8221; content_padding=&#8221;|15px||15px|false|true&#8221; _builder_version=&#8221;4.27.4&#8243; _dynamic_attributes=&#8221;link_option_url&#8221; _module_preset=&#8221;default&#8221; background_color=&#8221;#FFFFFF&#8221; background_enable_color=&#8221;on&#8221; custom_button=&#8221;on&#8221; button_text_color=&#8221;#FFFFFF&#8221; button_bg_use_color_gradient=&#8221;on&#8221; button_bg_color_gradient_direction=&#8221;90deg&#8221; button_bg_color_gradient_stops=&#8221;#0075bf 0%|#004876 100%&#8221; button_border_width=&#8221;0px&#8221; button_border_radius=&#8221;50px&#8221; button_use_icon=&#8221;off&#8221; button_alignment=&#8221;center&#8221; link_option_url=&#8221;@ET-DC@eyJkeW5hbWljIjp0cnVlLCJjb250ZW50IjoicG9zdF9saW5rX3VybF9wYWdlIiwic2V0dGluZ3MiOnsicG9zdF9pZCI6IjIzOTA1In19@&#8221; border_radii_item=&#8221;on|10px|10px|10px|10px&#8221; global_colors_info=&#8221;{}&#8221;]<\/p>\n<p>Portes id\u00e9ales pour les espaces industriels encombr\u00e9s ou \u00e0 hauteur limit\u00e9e gr\u00e2ce \u00e0 sa conception sans rails de refoulement.<\/p>\n<p>&nbsp;<\/p>\n<p class=\"carousel-btn\" style=\"color: #fff!important;\">En savoir +<\/p>\n<p>[\/dica_divi_carouselitem][dica_divi_carouselitem title=&#8221;Portes sectionnelles coupe-feu&#8221; subtitle_tag=&#8221;h4&#8243; button_url_new_window=&#8221;1&#8243; image=&#8221;https:\/\/www.portalp.com\/wp-content\/uploads\/2024\/08\/portalp_protect_coupe_feu.jpg&#8221; image_alt=&#8221;Porte sectionnelle coupe-feu&#8221; content_padding=&#8221;|15px||15px|false|true&#8221; _builder_version=&#8221;4.27.4&#8243; _dynamic_attributes=&#8221;link_option_url&#8221; _module_preset=&#8221;default&#8221; header_level=&#8221;h1&#8243; header_text_color=&#8221;#005B94&#8243; subtitle_text_color=&#8221;#005B94&#8243; background_color=&#8221;#FFFFFF&#8221; background_enable_color=&#8221;on&#8221; custom_button=&#8221;on&#8221; button_text_color=&#8221;#FFFFFF&#8221; button_bg_use_color_gradient=&#8221;on&#8221; button_bg_color_gradient_direction=&#8221;90deg&#8221; button_bg_color_gradient_stops=&#8221;#0075bf 0%|#004876 100%&#8221; button_border_width=&#8221;0px&#8221; button_border_radius=&#8221;50px&#8221; button_use_icon=&#8221;off&#8221; button_alignment=&#8221;center&#8221; link_option_url=&#8221;@ET-DC@eyJkeW5hbWljIjp0cnVlLCJjb250ZW50IjoicG9zdF9saW5rX3VybF9wYWdlIiwic2V0dGluZ3MiOnsicG9zdF9pZCI6IjE3NjE3In19@&#8221; border_radii_item=&#8221;on|10px|10px|10px|10px&#8221; global_colors_info=&#8221;{}&#8221;]<\/p>\n<p>Portes garantissant une protection incendie maximale avec des classes de r\u00e9sistance certifi\u00e9es EI1-60 et EI1-90.<\/p>\n<p class=\"carousel-btn\" style=\"color: #fff!important;\">Nous contacter<\/p>\n<p>[\/dica_divi_carouselitem][dica_divi_carouselitem title=&#8221;Portes sectionnelles acoustiques&#8221; subtitle_tag=&#8221;h4&#8243; button_url_new_window=&#8221;1&#8243; image=&#8221;https:\/\/www.portalp.com\/wp-content\/uploads\/2024\/08\/portalp_protect_acoustique.jpg&#8221; image_alt=&#8221;Porte sectionnelle acoustique&#8221; content_padding=&#8221;|15px||15px|false|true&#8221; _builder_version=&#8221;4.27.4&#8243; _dynamic_attributes=&#8221;link_option_url&#8221; _module_preset=&#8221;default&#8221; header_level=&#8221;h1&#8243; header_text_color=&#8221;#005B94&#8243; subtitle_text_color=&#8221;#005B94&#8243; background_color=&#8221;#FFFFFF&#8221; background_enable_color=&#8221;on&#8221; custom_button=&#8221;on&#8221; button_text_color=&#8221;#FFFFFF&#8221; button_bg_use_color_gradient=&#8221;on&#8221; button_bg_color_gradient_direction=&#8221;90deg&#8221; button_bg_color_gradient_stops=&#8221;#0075bf 0%|#004876 100%&#8221; button_border_width=&#8221;0px&#8221; button_border_radius=&#8221;50px&#8221; button_use_icon=&#8221;off&#8221; button_alignment=&#8221;center&#8221; link_option_url=&#8221;@ET-DC@eyJkeW5hbWljIjp0cnVlLCJjb250ZW50IjoicG9zdF9saW5rX3VybF9wYWdlIiwic2V0dGluZ3MiOnsicG9zdF9pZCI6IjQxNDMifX0=@&#8221; border_radii_item=&#8221;on|10px|10px|10px|10px&#8221; global_colors_info=&#8221;{}&#8221;]<\/p>\n<p>Portes insonorisantes offrant une isolation acoustique optimale pour les environnements les plus exigeants.<\/p>\n<p class=\"carousel-btn\" style=\"color: #fff!important;\">Nous contacter<\/p>\n<p>[\/dica_divi_carouselitem][dica_divi_carouselitem title=&#8221;\u00c9quipements de quai&#8221; subtitle_tag=&#8221;h4&#8243; button_url_new_window=&#8221;1&#8243; image=&#8221;https:\/\/www.portalp.com\/wp-content\/uploads\/2024\/09\/portalp_equipements_de_quai.jpg&#8221; image_alt=&#8221;Porte sectionnelle acoustique&#8221; content_padding=&#8221;|15px||15px|false|true&#8221; _builder_version=&#8221;4.27.4&#8243; _dynamic_attributes=&#8221;link_option_url&#8221; _module_preset=&#8221;default&#8221; header_level=&#8221;h1&#8243; header_text_color=&#8221;#005B94&#8243; subtitle_text_color=&#8221;#005B94&#8243; background_color=&#8221;#FFFFFF&#8221; background_enable_color=&#8221;on&#8221; custom_button=&#8221;on&#8221; button_text_color=&#8221;#FFFFFF&#8221; button_bg_use_color_gradient=&#8221;on&#8221; button_bg_color_gradient_direction=&#8221;90deg&#8221; button_bg_color_gradient_stops=&#8221;#0075bf 0%|#004876 100%&#8221; button_border_width=&#8221;0px&#8221; button_border_radius=&#8221;50px&#8221; button_use_icon=&#8221;off&#8221; button_alignment=&#8221;center&#8221; link_option_url=&#8221;@ET-DC@eyJkeW5hbWljIjp0cnVlLCJjb250ZW50IjoicG9zdF9saW5rX3VybF9wYWdlIiwic2V0dGluZ3MiOnsicG9zdF9pZCI6IjQxNDMifX0=@&#8221; hover_enabled=&#8221;0&#8243; border_radii_item=&#8221;on|10px|10px|10px|10px&#8221; global_colors_info=&#8221;{}&#8221; sticky_enabled=&#8221;0&#8243; alt=&#8221;Equipements de quai Portalp&#8221; title_text=&#8221;portalp_equipements_de_quai&#8221;]<\/p>\n<p>Des \u00e9quipements de quai performants, con\u00e7us pour am\u00e9liorer l&#8217;efficacit\u00e9 et la s\u00e9curit\u00e9 de vos op\u00e9rations de chargement et de d\u00e9chargement.<\/p>\n<p class=\"carousel-btn\" style=\"color: #fff!important;\">Nous contacter<\/p>\n<p>[\/dica_divi_carouselitem][\/dica_divi_carousel][\/et_pb_column][\/et_pb_row][\/et_pb_section]<\/p>\n","protected":false},"excerpt":{"rendered":"<p><span><span><a href=\"https:\/\/www.portalp.com\/fr_LU\/\">Accueil<\/a><\/span><\/span>Portes industrielles automatiquesNotre gamme de portes industrielles est disponible avec une multitude d&#8217;options et de configurations, offrant une adaptabilit\u00e9 optimale pour une vari\u00e9t\u00e9 d&#8217;applications.Id\u00e9ales pour les entrep\u00f4ts, les usines et les centres logistiques, nos portes industrielles robustes et fiables r\u00e9pondent aux exigences sp\u00e9cifiques de chaque environnement, assurant efficacit\u00e9 et s\u00e9curit\u00e9.Retrouvez l&#8217;int\u00e9gralit\u00e9 de notre gamme et [&hellip;]<\/p>\n","protected":false},"author":1,"featured_media":10327,"parent":20477,"menu_order":0,"comment_status":"closed","ping_status":"closed","template":"","meta":{"_et_pb_use_builder":"on","_et_pb_old_content":"","_et_gb_content_width":"","footnotes":""},"class_list":["post-45377","page","type-page","status-publish","has-post-thumbnail","hentry"],"yoast_head":"<!-- This site is optimized with the Yoast SEO plugin v27.4 - https:\/\/yoast.com\/product\/yoast-seo-wordpress\/ -->\n<title>Portes industrielles automatiques | Portalp<\/title>\n<meta name=\"description\" content=\"Retrouvez notre gamme de portes industrielles, avec une multitude d\u2019options et de configurations, offrant une adaptabilit\u00e9 optimale pour une vari\u00e9t\u00e9 d\u2019applications.\" \/>\n<meta name=\"robots\" content=\"index, follow, max-snippet:-1, max-image-preview:large, max-video-preview:-1\" \/>\n<link rel=\"canonical\" href=\"https:\/\/www.portalp.com\/fr_LU\/solutions\/portes-automatiques\/industrielles\/\" \/>\n<meta property=\"og:locale\" content=\"fr_FR\" \/>\n<meta property=\"og:type\" content=\"article\" \/>\n<meta property=\"og:title\" content=\"Portes industrielles automatiques | Portalp\" \/>\n<meta property=\"og:description\" content=\"Retrouvez notre gamme de portes industrielles, avec une multitude d\u2019options et de configurations, offrant une adaptabilit\u00e9 optimale pour une vari\u00e9t\u00e9 d\u2019applications.\" \/>\n<meta property=\"og:url\" content=\"https:\/\/www.portalp.com\/fr_LU\/solutions\/portes-automatiques\/industrielles\/\" \/>\n<meta property=\"og:site_name\" content=\"Portalp\" \/>\n<meta property=\"article:modified_time\" content=\"2025-06-13T14:24:05+00:00\" \/>\n<meta property=\"og:image\" content=\"https:\/\/www.portalp.com\/wp-content\/uploads\/2024\/08\/portalp_porte_indus_semi_rigide_4.jpg\" \/>\n\t<meta property=\"og:image:width\" content=\"1440\" \/>\n\t<meta property=\"og:image:height\" content=\"1440\" \/>\n\t<meta property=\"og:image:type\" content=\"image\/jpeg\" \/>\n<meta name=\"twitter:card\" content=\"summary_large_image\" \/>\n<meta name=\"twitter:label1\" content=\"Est. reading time\" \/>\n\t<meta name=\"twitter:data1\" content=\"3 minutes\" \/>\n<script type=\"application\/ld+json\" class=\"yoast-schema-graph\">{\"@context\":\"https:\\\/\\\/schema.org\",\"@graph\":[{\"@type\":\"WebPage\",\"@id\":\"https:\\\/\\\/www.portalp.com\\\/fr_LU\\\/solutions\\\/portes-automatiques\\\/industrielles\\\/\",\"url\":\"https:\\\/\\\/www.portalp.com\\\/fr_LU\\\/solutions\\\/portes-automatiques\\\/industrielles\\\/\",\"name\":\"Portes industrielles automatiques | Portalp\",\"isPartOf\":{\"@id\":\"https:\\\/\\\/www.portalp.com\\\/fr_LU\\\/#website\"},\"primaryImageOfPage\":{\"@id\":\"https:\\\/\\\/www.portalp.com\\\/fr_LU\\\/solutions\\\/portes-automatiques\\\/industrielles\\\/#primaryimage\"},\"image\":{\"@id\":\"https:\\\/\\\/www.portalp.com\\\/fr_LU\\\/solutions\\\/portes-automatiques\\\/industrielles\\\/#primaryimage\"},\"thumbnailUrl\":\"https:\\\/\\\/www.portalp.com\\\/wp-content\\\/uploads\\\/2024\\\/08\\\/portalp_porte_indus_semi_rigide_4.jpg\",\"datePublished\":\"2024-05-17T05:52:38+00:00\",\"dateModified\":\"2025-06-13T14:24:05+00:00\",\"description\":\"Retrouvez notre gamme de portes industrielles, avec une multitude d\u2019options et de configurations, offrant une adaptabilit\u00e9 optimale pour une vari\u00e9t\u00e9 d\u2019applications.\",\"breadcrumb\":{\"@id\":\"https:\\\/\\\/www.portalp.com\\\/fr_LU\\\/solutions\\\/portes-automatiques\\\/industrielles\\\/#breadcrumb\"},\"inLanguage\":\"fr-LU\",\"potentialAction\":[{\"@type\":\"ReadAction\",\"target\":[\"https:\\\/\\\/www.portalp.com\\\/fr_LU\\\/solutions\\\/portes-automatiques\\\/industrielles\\\/\"]}]},{\"@type\":\"ImageObject\",\"inLanguage\":\"fr-LU\",\"@id\":\"https:\\\/\\\/www.portalp.com\\\/fr_LU\\\/solutions\\\/portes-automatiques\\\/industrielles\\\/#primaryimage\",\"url\":\"https:\\\/\\\/www.portalp.com\\\/wp-content\\\/uploads\\\/2024\\\/08\\\/portalp_porte_indus_semi_rigide_4.jpg\",\"contentUrl\":\"https:\\\/\\\/www.portalp.com\\\/wp-content\\\/uploads\\\/2024\\\/08\\\/portalp_porte_indus_semi_rigide_4.jpg\",\"width\":1440,\"height\":1440,\"caption\":\"Portalp porte industrielle Efaflex semi rigide, avec profil\u00e9s aluminium et tablier semi transparent, ferm\u00e9e et ouverte\"},{\"@type\":\"BreadcrumbList\",\"@id\":\"https:\\\/\\\/www.portalp.com\\\/fr_LU\\\/solutions\\\/portes-automatiques\\\/industrielles\\\/#breadcrumb\",\"itemListElement\":[{\"@type\":\"ListItem\",\"position\":1,\"name\":\"Accueil\",\"item\":\"https:\\\/\\\/www.portalp.com\\\/fr_LU\\\/\"},{\"@type\":\"ListItem\",\"position\":2,\"name\":\"Solutions\",\"item\":\"https:\\\/\\\/www.portalp.com\\\/fr_LU\\\/solutions\\\/\"},{\"@type\":\"ListItem\",\"position\":3,\"name\":\"Portes automatiques\",\"item\":\"https:\\\/\\\/www.portalp.com\\\/fr_LU\\\/solutions\\\/portes-automatiques\\\/\"},{\"@type\":\"ListItem\",\"position\":4,\"name\":\"Portes industrielles automatiques\"}]},{\"@type\":\"WebSite\",\"@id\":\"https:\\\/\\\/www.portalp.com\\\/fr_LU\\\/#website\",\"url\":\"https:\\\/\\\/www.portalp.com\\\/fr_LU\\\/\",\"name\":\"Portalp\",\"description\":\"\",\"publisher\":{\"@id\":\"https:\\\/\\\/www.portalp.com\\\/fr_LU\\\/#organization\"},\"potentialAction\":[{\"@type\":\"SearchAction\",\"target\":{\"@type\":\"EntryPoint\",\"urlTemplate\":\"https:\\\/\\\/www.portalp.com\\\/fr_LU\\\/?s={search_term_string}\"},\"query-input\":{\"@type\":\"PropertyValueSpecification\",\"valueRequired\":true,\"valueName\":\"search_term_string\"}}],\"inLanguage\":\"fr-LU\"},{\"@type\":\"Organization\",\"@id\":\"https:\\\/\\\/www.portalp.com\\\/fr_LU\\\/#organization\",\"name\":\"Portalp\",\"url\":\"https:\\\/\\\/www.portalp.com\\\/fr_LU\\\/\",\"logo\":{\"@type\":\"ImageObject\",\"inLanguage\":\"fr-LU\",\"@id\":\"https:\\\/\\\/www.portalp.com\\\/fr_LU\\\/#\\\/schema\\\/logo\\\/image\\\/\",\"url\":\"https:\\\/\\\/www.portalp.com\\\/wp-content\\\/uploads\\\/2024\\\/05\\\/Logo-PORTALP_coul-72.png\",\"contentUrl\":\"https:\\\/\\\/www.portalp.com\\\/wp-content\\\/uploads\\\/2024\\\/05\\\/Logo-PORTALP_coul-72.png\",\"width\":375,\"height\":142,\"caption\":\"Portalp\"},\"image\":{\"@id\":\"https:\\\/\\\/www.portalp.com\\\/fr_LU\\\/#\\\/schema\\\/logo\\\/image\\\/\"},\"sameAs\":[\"https:\\\/\\\/www.linkedin.com\\\/company\\\/portalp\"]}]}<\/script>\n<!-- \/ Yoast SEO plugin. -->","yoast_head_json":{"title":"Portes industrielles automatiques | Portalp","description":"Retrouvez notre gamme de portes industrielles, avec une multitude d\u2019options et de configurations, offrant une adaptabilit\u00e9 optimale pour une vari\u00e9t\u00e9 d\u2019applications.","robots":{"index":"index","follow":"follow","max-snippet":"max-snippet:-1","max-image-preview":"max-image-preview:large","max-video-preview":"max-video-preview:-1"},"canonical":"https:\/\/www.portalp.com\/fr_LU\/solutions\/portes-automatiques\/industrielles\/","og_locale":"fr_FR","og_type":"article","og_title":"Portes industrielles automatiques | Portalp","og_description":"Retrouvez notre gamme de portes industrielles, avec une multitude d\u2019options et de configurations, offrant une adaptabilit\u00e9 optimale pour une vari\u00e9t\u00e9 d\u2019applications.","og_url":"https:\/\/www.portalp.com\/fr_LU\/solutions\/portes-automatiques\/industrielles\/","og_site_name":"Portalp","article_modified_time":"2025-06-13T14:24:05+00:00","og_image":[{"width":1440,"height":1440,"url":"https:\/\/www.portalp.com\/wp-content\/uploads\/2024\/08\/portalp_porte_indus_semi_rigide_4.jpg","type":"image\/jpeg"}],"twitter_card":"summary_large_image","twitter_misc":{"Est. reading time":"3 minutes"},"schema":{"@context":"https:\/\/schema.org","@graph":[{"@type":"WebPage","@id":"https:\/\/www.portalp.com\/fr_LU\/solutions\/portes-automatiques\/industrielles\/","url":"https:\/\/www.portalp.com\/fr_LU\/solutions\/portes-automatiques\/industrielles\/","name":"Portes industrielles automatiques | Portalp","isPartOf":{"@id":"https:\/\/www.portalp.com\/fr_LU\/#website"},"primaryImageOfPage":{"@id":"https:\/\/www.portalp.com\/fr_LU\/solutions\/portes-automatiques\/industrielles\/#primaryimage"},"image":{"@id":"https:\/\/www.portalp.com\/fr_LU\/solutions\/portes-automatiques\/industrielles\/#primaryimage"},"thumbnailUrl":"https:\/\/www.portalp.com\/wp-content\/uploads\/2024\/08\/portalp_porte_indus_semi_rigide_4.jpg","datePublished":"2024-05-17T05:52:38+00:00","dateModified":"2025-06-13T14:24:05+00:00","description":"Retrouvez notre gamme de portes industrielles, avec une multitude d\u2019options et de configurations, offrant une adaptabilit\u00e9 optimale pour une vari\u00e9t\u00e9 d\u2019applications.","breadcrumb":{"@id":"https:\/\/www.portalp.com\/fr_LU\/solutions\/portes-automatiques\/industrielles\/#breadcrumb"},"inLanguage":"fr-LU","potentialAction":[{"@type":"ReadAction","target":["https:\/\/www.portalp.com\/fr_LU\/solutions\/portes-automatiques\/industrielles\/"]}]},{"@type":"ImageObject","inLanguage":"fr-LU","@id":"https:\/\/www.portalp.com\/fr_LU\/solutions\/portes-automatiques\/industrielles\/#primaryimage","url":"https:\/\/www.portalp.com\/wp-content\/uploads\/2024\/08\/portalp_porte_indus_semi_rigide_4.jpg","contentUrl":"https:\/\/www.portalp.com\/wp-content\/uploads\/2024\/08\/portalp_porte_indus_semi_rigide_4.jpg","width":1440,"height":1440,"caption":"Portalp porte industrielle Efaflex semi rigide, avec profil\u00e9s aluminium et tablier semi transparent, ferm\u00e9e et ouverte"},{"@type":"BreadcrumbList","@id":"https:\/\/www.portalp.com\/fr_LU\/solutions\/portes-automatiques\/industrielles\/#breadcrumb","itemListElement":[{"@type":"ListItem","position":1,"name":"Accueil","item":"https:\/\/www.portalp.com\/fr_LU\/"},{"@type":"ListItem","position":2,"name":"Solutions","item":"https:\/\/www.portalp.com\/fr_LU\/solutions\/"},{"@type":"ListItem","position":3,"name":"Portes automatiques","item":"https:\/\/www.portalp.com\/fr_LU\/solutions\/portes-automatiques\/"},{"@type":"ListItem","position":4,"name":"Portes industrielles automatiques"}]},{"@type":"WebSite","@id":"https:\/\/www.portalp.com\/fr_LU\/#website","url":"https:\/\/www.portalp.com\/fr_LU\/","name":"Portalp","description":"","publisher":{"@id":"https:\/\/www.portalp.com\/fr_LU\/#organization"},"potentialAction":[{"@type":"SearchAction","target":{"@type":"EntryPoint","urlTemplate":"https:\/\/www.portalp.com\/fr_LU\/?s={search_term_string}"},"query-input":{"@type":"PropertyValueSpecification","valueRequired":true,"valueName":"search_term_string"}}],"inLanguage":"fr-LU"},{"@type":"Organization","@id":"https:\/\/www.portalp.com\/fr_LU\/#organization","name":"Portalp","url":"https:\/\/www.portalp.com\/fr_LU\/","logo":{"@type":"ImageObject","inLanguage":"fr-LU","@id":"https:\/\/www.portalp.com\/fr_LU\/#\/schema\/logo\/image\/","url":"https:\/\/www.portalp.com\/wp-content\/uploads\/2024\/05\/Logo-PORTALP_coul-72.png","contentUrl":"https:\/\/www.portalp.com\/wp-content\/uploads\/2024\/05\/Logo-PORTALP_coul-72.png","width":375,"height":142,"caption":"Portalp"},"image":{"@id":"https:\/\/www.portalp.com\/fr_LU\/#\/schema\/logo\/image\/"},"sameAs":["https:\/\/www.linkedin.com\/company\/portalp"]}]}},"_links":{"self":[{"href":"https:\/\/www.portalp.com\/fr_LU\/wp-json\/wp\/v2\/pages\/45377","targetHints":{"allow":["GET"]}}],"collection":[{"href":"https:\/\/www.portalp.com\/fr_LU\/wp-json\/wp\/v2\/pages"}],"about":[{"href":"https:\/\/www.portalp.com\/fr_LU\/wp-json\/wp\/v2\/types\/page"}],"author":[{"embeddable":true,"href":"https:\/\/www.portalp.com\/fr_LU\/wp-json\/wp\/v2\/users\/1"}],"replies":[{"embeddable":true,"href":"https:\/\/www.portalp.com\/fr_LU\/wp-json\/wp\/v2\/comments?post=45377"}],"version-history":[{"count":0,"href":"https:\/\/www.portalp.com\/fr_LU\/wp-json\/wp\/v2\/pages\/45377\/revisions"}],"up":[{"embeddable":true,"href":"https:\/\/www.portalp.com\/fr_LU\/wp-json\/wp\/v2\/pages\/20477"}],"wp:featuredmedia":[{"embeddable":true,"href":"https:\/\/www.portalp.com\/fr_LU\/wp-json\/wp\/v2\/media\/10327"}],"wp:attachment":[{"href":"https:\/\/www.portalp.com\/fr_LU\/wp-json\/wp\/v2\/media?parent=45377"}],"curies":[{"name":"wp","href":"https:\/\/api.w.org\/{rel}","templated":true}]}}