{"id":19758,"date":"2024-08-28T08:52:26","date_gmt":"2024-08-28T07:52:26","guid":{"rendered":"https:\/\/www.portalp.com\/services\/bim-modelisation\/"},"modified":"2025-10-15T09:48:29","modified_gmt":"2025-10-15T08:48:29","slug":"bim-modelisation","status":"publish","type":"page","link":"https:\/\/www.portalp.com\/fr_LU\/services\/bim-modelisation\/","title":{"rendered":"BIM &#038; mod\u00e9lisation"},"content":{"rendered":"<p>[et_pb_section fb_built=&#8221;1&#8243; custom_padding_last_edited=&#8221;on|phone&#8221; _builder_version=&#8221;4.24.2&#8243; _module_preset=&#8221;default&#8221; use_background_color_gradient=&#8221;on&#8221; background_color_gradient_stops=&#8221;#ffffff 0%|rgba(41,196,169,0) 60%&#8221; background_color_gradient_overlays_image=&#8221;on&#8221; background_image=&#8221;https:\/\/www.portalp.com\/wp-content\/uploads\/2024\/08\/BIM_modelisation.jpg&#8221; background_position=&#8221;top_center&#8221; height=&#8221;80vh&#8221; custom_padding=&#8221;8%||8%||true|false&#8221; custom_padding_tablet=&#8221;8%||8%||true|false&#8221; custom_padding_phone=&#8221;12%||12%||true|false&#8221; global_colors_info=&#8221;{}&#8221;][et_pb_row _builder_version=&#8221;4.24.2&#8243; _module_preset=&#8221;default&#8221; custom_margin=&#8221;||||false|false&#8221; custom_margin_tablet=&#8221;||||false|false&#8221; custom_margin_phone=&#8221;15%|auto||auto|false|false&#8221; custom_margin_last_edited=&#8221;on|phone&#8221; custom_padding=&#8221;0px||0px||true|false&#8221; global_colors_info=&#8221;{}&#8221;][et_pb_column type=&#8221;4_4&#8243; _builder_version=&#8221;4.24.2&#8243; _module_preset=&#8221;default&#8221; global_colors_info=&#8221;{}&#8221;][et_pb_text _builder_version=&#8221;4.24.2&#8243; _module_preset=&#8221;default&#8221; header_font=&#8221;|700|||||||&#8221; header_text_align=&#8221;center&#8221; header_text_color=&#8221;#005B94&#8243; custom_margin=&#8221;||0px||false|false&#8221; header_text_shadow_style=&#8221;preset3&#8243; header_text_shadow_color=&#8221;#FFFFFF&#8221; global_colors_info=&#8221;{}&#8221;]<\/p>\n<h1>BIM et mod\u00e9lisation<\/h1>\n<p>[\/et_pb_text][et_pb_text _builder_version=&#8221;4.24.2&#8243; _module_preset=&#8221;default&#8221; text_text_color=&#8221;#005B94&#8243; text_font_size=&#8221;30px&#8221; text_orientation=&#8221;center&#8221; text_text_shadow_style=&#8221;preset3&#8243; text_text_shadow_color=&#8221;#FFFFFF&#8221; global_colors_info=&#8221;{}&#8221;]<\/p>\n<p>Des solutions avanc\u00e9es et innovantes pour vos projets de construction<\/p>\n<p>[\/et_pb_text][\/et_pb_column][\/et_pb_row][\/et_pb_section][et_pb_section fb_built=&#8221;1&#8243; _builder_version=&#8221;4.24.2&#8243; _module_preset=&#8221;default&#8221; custom_padding=&#8221;0px||61px||false|false&#8221; global_colors_info=&#8221;{}&#8221;][et_pb_row _builder_version=&#8221;4.24.2&#8243; _module_preset=&#8221;default&#8221; custom_padding=&#8221;0px||||false|false&#8221; global_colors_info=&#8221;{}&#8221;][et_pb_column type=&#8221;4_4&#8243; _builder_version=&#8221;4.24.2&#8243; _module_preset=&#8221;default&#8221; global_colors_info=&#8221;{}&#8221;][et_pb_button button_url=&#8221;https:\/\/www.bimobject.com\/fr\/portalp?location=lu&#8221; url_new_window=&#8221;on&#8221; button_text=&#8221;Retrouvez nos plans BIM&#8221; _builder_version=&#8221;4.27.2&#8243; _module_preset=&#8221;default&#8221; button_border_width=&#8221;5px&#8221; button_border_color=&#8221;#FFFFFF&#8221; transform_translate=&#8221;0px|-50%&#8221; transform_translate_linked=&#8221;off&#8221; custom_margin=&#8221;||0px||false|false&#8221; custom_padding=&#8221;15px||15px||true|false&#8221; global_colors_info=&#8221;{}&#8221; button_border_color__hover_enabled=&#8221;on|hover&#8221; button_border_color__hover=&#8221;#FFFFFF&#8221;][\/et_pb_button][et_pb_text disabled_on=&#8221;off|off|off&#8221; _builder_version=&#8221;4.27.2&#8243; _module_preset=&#8221;default&#8221; text_font_size=&#8221;0.8em&#8221; disabled=&#8221;on&#8221; saved_tabs=&#8221;all&#8221; global_colors_info=&#8221;{}&#8221;]<\/p>\n<span><span><a href=\"https:\/\/www.portalp.com\/fr_LU\/\">Accueil<\/a><\/span><\/span>\n<p>[\/et_pb_text][et_pb_text _builder_version=&#8221;4.24.2&#8243; _module_preset=&#8221;default&#8221; text_font=&#8221;|600|||||||&#8221; text_text_color=&#8221;#005B94&#8243; text_orientation=&#8221;center&#8221; global_colors_info=&#8221;{}&#8221;]<\/p>\n<p>Chez Portalp, nous vous accompagnons dans vos projets de construction gr\u00e2ce \u00e0 notre expertise en mod\u00e9lisation BIM (Building Information Modeling).<br \/>\nDe la conception \u00e0 la livraison, nos mod\u00e8les num\u00e9riques complets permettent de r\u00e9duire les risques, d&#8217;optimiser la coordination des \u00e9quipes, et d\u2019assurer la conformit\u00e9 de vos projets de construction.<\/p>\n<p><strong>Acc\u00e9l\u00e9rez vos projets, gagnez en pr\u00e9cision et r\u00e9duisez les erreurs.<\/strong><\/p>\n<p>[\/et_pb_text][\/et_pb_column][\/et_pb_row][et_pb_row _builder_version=&#8221;4.24.2&#8243; _module_preset=&#8221;default&#8221; global_colors_info=&#8221;{}&#8221;][et_pb_column type=&#8221;4_4&#8243; _builder_version=&#8221;4.24.2&#8243; _module_preset=&#8221;default&#8221; global_colors_info=&#8221;{}&#8221;][dica_divi_carousel show_items_desktop=&#8221;3&#8243; arrow_nav=&#8221;on&#8221; dot_nav=&#8221;on&#8221; item_spacing=&#8221;80&#8243; advanced_effect=&#8221;1&#8243; overlay_color_field_bgcolor=&#8221;rgba(255,255,255,0.85)&#8221; item_padding=&#8221;30px|20px|30px|20px|true|true&#8221; _builder_version=&#8221;4.24.2&#8243; _module_preset=&#8221;default&#8221; body_text_align=&#8221;center&#8221; body_text_color=&#8221;#706F6F&#8221; border_radii_item=&#8221;on|15px|15px|15px|15px&#8221; global_colors_info=&#8221;{}&#8221;][dica_divi_carouselitem button_url_new_window=&#8221;1&#8243; _builder_version=&#8221;4.24.2&#8243; _module_preset=&#8221;default&#8221; background_color=&#8221;#E4DAD3&#8243; background_enable_color=&#8221;on&#8221; global_colors_info=&#8221;{}&#8221;]<\/p>\n<h2 style=\"color: #005b94;\">Consulting BIM<\/h2>\n<hr style=\"border-width: 0; height: 2px; background-color: #e4dad3;\" \/>\n<p>Conseils sur la mise en \u0153uvre et l\u2019optimisation du BIM dans vos projets<\/p>\n<p>[\/dica_divi_carouselitem][dica_divi_carouselitem button_url_new_window=&#8221;1&#8243; _builder_version=&#8221;4.24.2&#8243; _module_preset=&#8221;default&#8221; background_color=&#8221;#E4DAD3&#8243; background_enable_color=&#8221;on&#8221; global_colors_info=&#8221;{}&#8221;]<\/p>\n<h2 style=\"color: #005b94;\">Accompagnement projet<\/h2>\n<hr style=\"border-width: 0; height: 2px; background-color: #e4dad3;\" \/>\n<p>Nos experts vous accompagnent sur l&#8217;ensemble de votre projet de construction<\/p>\n<p>[\/dica_divi_carouselitem][dica_divi_carouselitem button_url_new_window=&#8221;1&#8243; _builder_version=&#8221;4.24.2&#8243; _module_preset=&#8221;default&#8221; background_color=&#8221;#E4DAD3&#8243; background_enable_color=&#8221;on&#8221; global_colors_info=&#8221;{}&#8221;]<\/p>\n<h2 style=\"color: #005b94;\">Personnalisation des plans<\/h2>\n<hr style=\"border-width: 0; height: 2px; background-color: #e4dad3;\" \/>\n<p>Adaptation des mod\u00e8les BIM \u00e0 vos besoins sp\u00e9cifiques.<\/p>\n<p>[\/dica_divi_carouselitem][\/dica_divi_carousel][\/et_pb_column][\/et_pb_row][et_pb_row column_structure=&#8221;1_3,1_3,1_3&#8243; make_equal=&#8221;on&#8221; _builder_version=&#8221;4.24.2&#8243; _module_preset=&#8221;default&#8221; locked=&#8221;off&#8221; global_colors_info=&#8221;{}&#8221;][et_pb_column type=&#8221;1_3&#8243; _builder_version=&#8221;4.24.2&#8243; _module_preset=&#8221;default&#8221; global_colors_info=&#8221;{}&#8221;][et_pb_code _builder_version=&#8221;4.27.2&#8243; _dynamic_attributes=&#8221;link_option_url&#8221; _module_preset=&#8221;default&#8221; height=&#8221;100%&#8221; custom_padding=&#8221;10px|10px|10px|10px|true|true&#8221; link_option_url=&#8221;@ET-DC@eyJkeW5hbWljIjp0cnVlLCJjb250ZW50IjoicG9zdF9saW5rX3VybF9wYWdlIiwic2V0dGluZ3MiOnsicG9zdF9pZCI6IjE4NzUifX0=@&#8221; custom_css_main_element=&#8221;display: flex;||align-items: center;||justify-content: center&#8221; custom_css_free_form=&#8221;selector {||  text-align:center;||}||selector a {||  color: #b49988;||}&#8221; border_radii=&#8221;on|50px|50px|50px|50px&#8221; border_width_all=&#8221;2px&#8221; border_color_all=&#8221;#B49988&#8243; global_colors_info=&#8221;{}&#8221;]<a>Espace architectes<!\u2013- [et_pb_br_holder] -\u2013> et entreprises g\u00e9n\u00e9rales<\/a>[\/et_pb_code][\/et_pb_column][et_pb_column type=&#8221;1_3&#8243; _builder_version=&#8221;4.24.2&#8243; _module_preset=&#8221;default&#8221; custom_css_free_form=&#8221;selector .et_pb_button_module_wrapper {||  height:100%;||}&#8221; global_colors_info=&#8221;{}&#8221;][et_pb_code _builder_version=&#8221;4.27.2&#8243; _module_preset=&#8221;default&#8221; use_background_color_gradient=&#8221;on&#8221; background_color_gradient_direction=&#8221;90deg&#8221; background_color_gradient_stops=&#8221;#0075bf 1%|#004876 100%&#8221; height=&#8221;100%&#8221; custom_padding=&#8221;10px|10px|10px|10px|true|true&#8221; link_option_url=&#8221;https:\/\/www.bimobject.com\/fr\/portalp?location=lu&#8221; custom_css_main_element=&#8221;display: flex;||align-items: center;||justify-content: center;&#8221; custom_css_free_form=&#8221;selector {||  text-align:center;||}||||selector a {||  color: #fff;||}&#8221; border_radii=&#8221;on|50px|50px|50px|50px&#8221; border_width_all=&#8221;2px&#8221; border_color_all=&#8221;#E4DAD3&#8243; global_colors_info=&#8221;{}&#8221;]<a>Plans BIM<\/a>[\/et_pb_code][\/et_pb_column][et_pb_column type=&#8221;1_3&#8243; _builder_version=&#8221;4.24.2&#8243; _module_preset=&#8221;default&#8221; global_colors_info=&#8221;{}&#8221;][et_pb_code _builder_version=&#8221;4.27.2&#8243; _dynamic_attributes=&#8221;link_option_url&#8221; _module_preset=&#8221;default&#8221; height=&#8221;100%&#8221; custom_padding=&#8221;10px|10px|10px|10px|true|true&#8221; link_option_url=&#8221;@ET-DC@eyJkeW5hbWljIjp0cnVlLCJjb250ZW50IjoicG9zdF9saW5rX3VybF9wYWdlIiwic2V0dGluZ3MiOnsicG9zdF9pZCI6IjE2OTQxIn19@&#8221; custom_css_main_element=&#8221;display: flex;||align-items: center;||justify-content: center;&#8221; custom_css_free_form=&#8221;selector a {||  color: #b49988;||}&#8221; border_radii=&#8221;on|50px|50px|50px|50px&#8221; border_width_all=&#8221;2px&#8221; border_color_all=&#8221;#B49988&#8243; global_colors_info=&#8221;{}&#8221;]<a>CCTP et download center<\/a>[\/et_pb_code][\/et_pb_column][\/et_pb_row][\/et_pb_section][et_pb_section fb_built=&#8221;1&#8243; _builder_version=&#8221;4.24.2&#8243; _module_preset=&#8221;default&#8221; background_color=&#8221;#E4DAD3&#8243; global_colors_info=&#8221;{}&#8221;][et_pb_row _builder_version=&#8221;4.24.2&#8243; _module_preset=&#8221;default&#8221; global_colors_info=&#8221;{}&#8221;][et_pb_column type=&#8221;4_4&#8243; _builder_version=&#8221;4.24.2&#8243; _module_preset=&#8221;default&#8221; global_colors_info=&#8221;{}&#8221;][et_pb_text _builder_version=&#8221;4.24.2&#8243; _module_preset=&#8221;default&#8221; global_colors_info=&#8221;{}&#8221;]<\/p>\n<h2>Des produits certifi\u00e9s Origine France Garantie :<\/h2>\n<p>[\/et_pb_text][\/et_pb_column][\/et_pb_row][et_pb_row column_structure=&#8221;1_2,1_2&#8243; disabled_on=&#8221;off|off|off&#8221; _builder_version=&#8221;4.24.2&#8243; _module_preset=&#8221;default&#8221; global_colors_info=&#8221;{}&#8221;][et_pb_column type=&#8221;1_2&#8243; _builder_version=&#8221;4.24.2&#8243; _module_preset=&#8221;default&#8221; global_colors_info=&#8221;{}&#8221;][et_pb_text _builder_version=&#8221;4.27.4&#8243; _module_preset=&#8221;default&#8221; global_colors_info=&#8221;{}&#8221;]<\/p>\n<p>Nos portes automatiques, op\u00e9rateurs de portes battantes et fa\u00e7ades de quai sont con\u00e7us et produits en France pr\u00e8s de Grenoble (Is\u00e8re)<\/p>\n<p>Cette certification t\u00e9moigne de notre volont\u00e9 in\u00e9branlable d\u2019offrir \u00e0 nos clients des solutions dont l\u2019origine est claire et incontestable.<\/p>\n<p>La labellisation atteste de notre engagement envers une production locale et de qualit\u00e9, participant ainsi \u00e0 la dynamisation de l\u2019\u00e9conomie fran\u00e7aise<\/p>\n<p>[\/et_pb_text][\/et_pb_column][et_pb_column type=&#8221;1_2&#8243; _builder_version=&#8221;4.24.2&#8243; _module_preset=&#8221;default&#8221; global_colors_info=&#8221;{}&#8221;][et_pb_image src=&#8221;https:\/\/www.portalp.com\/wp-content\/uploads\/2024\/07\/ofg-logo-1.png&#8221; alt=&#8221;Origine France Garantie&#8221; title_text=&#8221;ofg-logo&#8221; align=&#8221;center&#8221; _builder_version=&#8221;4.24.2&#8243; _module_preset=&#8221;default&#8221; custom_padding=&#8221;|||0px||&#8221; global_colors_info=&#8221;{}&#8221;][\/et_pb_image][\/et_pb_column][\/et_pb_row][\/et_pb_section][et_pb_section fb_built=&#8221;1&#8243; _builder_version=&#8221;4.24.2&#8243; _module_preset=&#8221;default&#8221; global_colors_info=&#8221;{}&#8221;][et_pb_row _builder_version=&#8221;4.24.2&#8243; _module_preset=&#8221;default&#8221; global_colors_info=&#8221;{}&#8221;][et_pb_column type=&#8221;4_4&#8243; _builder_version=&#8221;4.24.2&#8243; _module_preset=&#8221;default&#8221; global_colors_info=&#8221;{}&#8221;][et_pb_text _builder_version=&#8221;4.24.2&#8243; _module_preset=&#8221;default&#8221; global_colors_info=&#8221;{}&#8221;]<\/p>\n<h2>Les certifications Portalp<\/h2>\n<p>[\/et_pb_text][dica_divi_carousel show_items_desktop=&#8221;5&#8243; show_items_mobile=&#8221;3&#8243; loop=&#8221;on&#8221; autoplay=&#8221;on&#8221; scroller_effect=&#8221;on&#8221; advanced_effect=&#8221;1&#8243; overlay_color_field_bgcolor=&#8221;rgba(255,255,255,0.85)&#8221; _builder_version=&#8221;4.27.4&#8243; _module_preset=&#8221;default&#8221; hover_enabled=&#8221;0&#8243; global_colors_info=&#8221;{}&#8221; sticky_enabled=&#8221;0&#8243; item_vertical_align=&#8221;center&#8221;][dica_divi_carouselitem button_url_new_window=&#8221;1&#8243; image=&#8221;https:\/\/www.portalp.com\/wp-content\/uploads\/2024\/04\/ecovadis-silver-2023.png&#8221; _builder_version=&#8221;4.24.2&#8243; _module_preset=&#8221;default&#8221; global_colors_info=&#8221;{}&#8221;][\/dica_divi_carouselitem][dica_divi_carouselitem button_url_new_window=&#8221;1&#8243; image=&#8221;https:\/\/www.portalp.com\/wp-content\/uploads\/2024\/04\/origine-france-garantie.png&#8221; _builder_version=&#8221;4.24.2&#8243; _module_preset=&#8221;default&#8221; global_colors_info=&#8221;{}&#8221;][\/dica_divi_carouselitem][dica_divi_carouselitem button_url_new_window=&#8221;1&#8243; image=&#8221;https:\/\/www.portalp.com\/wp-content\/uploads\/2024\/04\/qualibat.png&#8221; _builder_version=&#8221;4.24.2&#8243; _module_preset=&#8221;default&#8221; global_colors_info=&#8221;{}&#8221;][\/dica_divi_carouselitem][dica_divi_carouselitem button_url_new_window=&#8221;1&#8243; image=&#8221;https:\/\/www.portalp.com\/wp-content\/uploads\/2025\/10\/socotec-iso-9001-45001.jpg&#8221; _builder_version=&#8221;4.27.4&#8243; _module_preset=&#8221;default&#8221; hover_enabled=&#8221;0&#8243; global_colors_info=&#8221;{}&#8221; alt=&#8221;Logo Socotec Iso 9001 &#038; Iso 45001&#8243; sticky_enabled=&#8221;0&#8243;][\/dica_divi_carouselitem][dica_divi_carouselitem button_url_new_window=&#8221;1&#8243; image=&#8221;https:\/\/www.portalp.com\/wp-content\/uploads\/2024\/04\/afaq-iso9001-iso45001.png&#8221; _builder_version=&#8221;4.24.2&#8243; _module_preset=&#8221;default&#8221; global_colors_info=&#8221;{}&#8221;][\/dica_divi_carouselitem][\/dica_divi_carousel][\/et_pb_column][\/et_pb_row][et_pb_row _builder_version=&#8221;4.24.2&#8243; _module_preset=&#8221;default&#8221; global_colors_info=&#8221;{}&#8221;][et_pb_column type=&#8221;4_4&#8243; _builder_version=&#8221;4.24.2&#8243; _module_preset=&#8221;default&#8221; global_colors_info=&#8221;{}&#8221;][et_pb_button button_url=&#8221;@ET-DC@eyJkeW5hbWljIjp0cnVlLCJjb250ZW50IjoicG9zdF9saW5rX3VybF9wYWdlIiwic2V0dGluZ3MiOnsicG9zdF9pZCI6IjE1ODU0In19@&#8221; button_text=&#8221;Retrouvez toutes nos certifications&#8221; _builder_version=&#8221;4.27.2&#8243; _dynamic_attributes=&#8221;button_url&#8221; _module_preset=&#8221;default&#8221; global_colors_info=&#8221;{}&#8221;][\/et_pb_button][\/et_pb_column][\/et_pb_row][\/et_pb_section]<\/p>\n","protected":false},"excerpt":{"rendered":"<p>BIM et mod\u00e9lisationDes solutions avanc\u00e9es et innovantes pour vos projets de construction<span><span><a href=\"https:\/\/www.portalp.com\/fr_LU\/\">Accueil<\/a><\/span><\/span>Chez Portalp, nous vous accompagnons dans vos projets de construction gr\u00e2ce \u00e0 notre expertise en mod\u00e9lisation BIM (Building Information Modeling). De la conception \u00e0 la livraison, nos mod\u00e8les num\u00e9riques complets permettent de r\u00e9duire les risques, d&#8217;optimiser la coordination des \u00e9quipes, et d\u2019assurer la conformit\u00e9 [&hellip;]<\/p>\n","protected":false},"author":1,"featured_media":17866,"parent":18075,"menu_order":0,"comment_status":"closed","ping_status":"closed","template":"","meta":{"_et_pb_use_builder":"on","_et_pb_old_content":"","_et_gb_content_width":"","footnotes":""},"class_list":["post-19758","page","type-page","status-publish","has-post-thumbnail","hentry"],"yoast_head":"<!-- This site is optimized with the Yoast SEO plugin v27.4 - https:\/\/yoast.com\/product\/yoast-seo-wordpress\/ -->\n<title>BIM &amp; mod\u00e9lisation | Portalp<\/title>\n<meta name=\"description\" content=\"Chez Portalp, nous vous accompagnons dans vos projets de construction gr\u00e2ce \u00e0 notre expertise en mod\u00e9lisation BIM (Building Information Modeling).\" \/>\n<meta name=\"robots\" content=\"index, follow, max-snippet:-1, max-image-preview:large, max-video-preview:-1\" \/>\n<link rel=\"canonical\" href=\"https:\/\/www.portalp.com\/fr_LU\/services\/bim-modelisation\/\" \/>\n<meta property=\"og:locale\" content=\"fr_FR\" \/>\n<meta property=\"og:type\" content=\"article\" \/>\n<meta property=\"og:title\" content=\"BIM &amp; mod\u00e9lisation | Portalp\" \/>\n<meta property=\"og:description\" content=\"Chez Portalp, nous vous accompagnons dans vos projets de construction gr\u00e2ce \u00e0 notre expertise en mod\u00e9lisation BIM (Building Information Modeling).\" \/>\n<meta property=\"og:url\" content=\"https:\/\/www.portalp.com\/fr_LU\/services\/bim-modelisation\/\" \/>\n<meta property=\"og:site_name\" content=\"Portalp\" \/>\n<meta property=\"article:modified_time\" content=\"2025-10-15T08:48:29+00:00\" \/>\n<meta property=\"og:image\" content=\"https:\/\/www.portalp.com\/wp-content\/uploads\/2024\/10\/BIM_modelisation.jpg\" \/>\n\t<meta property=\"og:image:width\" content=\"1028\" \/>\n\t<meta property=\"og:image:height\" content=\"686\" \/>\n\t<meta property=\"og:image:type\" content=\"image\/jpeg\" \/>\n<meta name=\"twitter:card\" content=\"summary_large_image\" \/>\n<meta name=\"twitter:label1\" content=\"Est. reading time\" \/>\n\t<meta name=\"twitter:data1\" content=\"3 minutes\" \/>\n<script type=\"application\/ld+json\" class=\"yoast-schema-graph\">{\"@context\":\"https:\\\/\\\/schema.org\",\"@graph\":[{\"@type\":\"WebPage\",\"@id\":\"https:\\\/\\\/www.portalp.com\\\/fr_LU\\\/services\\\/bim-modelisation\\\/\",\"url\":\"https:\\\/\\\/www.portalp.com\\\/fr_LU\\\/services\\\/bim-modelisation\\\/\",\"name\":\"BIM & mod\u00e9lisation | Portalp\",\"isPartOf\":{\"@id\":\"https:\\\/\\\/www.portalp.com\\\/fr_LU\\\/#website\"},\"primaryImageOfPage\":{\"@id\":\"https:\\\/\\\/www.portalp.com\\\/fr_LU\\\/services\\\/bim-modelisation\\\/#primaryimage\"},\"image\":{\"@id\":\"https:\\\/\\\/www.portalp.com\\\/fr_LU\\\/services\\\/bim-modelisation\\\/#primaryimage\"},\"thumbnailUrl\":\"https:\\\/\\\/www.portalp.com\\\/wp-content\\\/uploads\\\/2024\\\/10\\\/BIM_modelisation.jpg\",\"datePublished\":\"2024-08-28T07:52:26+00:00\",\"dateModified\":\"2025-10-15T08:48:29+00:00\",\"description\":\"Chez Portalp, nous vous accompagnons dans vos projets de construction gr\u00e2ce \u00e0 notre expertise en mod\u00e9lisation BIM (Building Information Modeling).\",\"breadcrumb\":{\"@id\":\"https:\\\/\\\/www.portalp.com\\\/fr_LU\\\/services\\\/bim-modelisation\\\/#breadcrumb\"},\"inLanguage\":\"fr-LU\",\"potentialAction\":[{\"@type\":\"ReadAction\",\"target\":[\"https:\\\/\\\/www.portalp.com\\\/fr_LU\\\/services\\\/bim-modelisation\\\/\"]}]},{\"@type\":\"ImageObject\",\"inLanguage\":\"fr-LU\",\"@id\":\"https:\\\/\\\/www.portalp.com\\\/fr_LU\\\/services\\\/bim-modelisation\\\/#primaryimage\",\"url\":\"https:\\\/\\\/www.portalp.com\\\/wp-content\\\/uploads\\\/2024\\\/10\\\/BIM_modelisation.jpg\",\"contentUrl\":\"https:\\\/\\\/www.portalp.com\\\/wp-content\\\/uploads\\\/2024\\\/10\\\/BIM_modelisation.jpg\",\"width\":1028,\"height\":686,\"caption\":\"Mod\u00e9lisation BIM\"},{\"@type\":\"BreadcrumbList\",\"@id\":\"https:\\\/\\\/www.portalp.com\\\/fr_LU\\\/services\\\/bim-modelisation\\\/#breadcrumb\",\"itemListElement\":[{\"@type\":\"ListItem\",\"position\":1,\"name\":\"Accueil\",\"item\":\"https:\\\/\\\/www.portalp.com\\\/fr_LU\\\/\"},{\"@type\":\"ListItem\",\"position\":2,\"name\":\"Services\",\"item\":\"https:\\\/\\\/www.portalp.com\\\/fr_LU\\\/services\\\/\"},{\"@type\":\"ListItem\",\"position\":3,\"name\":\"BIM &#038; mod\u00e9lisation\"}]},{\"@type\":\"WebSite\",\"@id\":\"https:\\\/\\\/www.portalp.com\\\/fr_LU\\\/#website\",\"url\":\"https:\\\/\\\/www.portalp.com\\\/fr_LU\\\/\",\"name\":\"Portalp\",\"description\":\"\",\"publisher\":{\"@id\":\"https:\\\/\\\/www.portalp.com\\\/fr_LU\\\/#organization\"},\"potentialAction\":[{\"@type\":\"SearchAction\",\"target\":{\"@type\":\"EntryPoint\",\"urlTemplate\":\"https:\\\/\\\/www.portalp.com\\\/fr_LU\\\/?s={search_term_string}\"},\"query-input\":{\"@type\":\"PropertyValueSpecification\",\"valueRequired\":true,\"valueName\":\"search_term_string\"}}],\"inLanguage\":\"fr-LU\"},{\"@type\":\"Organization\",\"@id\":\"https:\\\/\\\/www.portalp.com\\\/fr_LU\\\/#organization\",\"name\":\"Portalp\",\"url\":\"https:\\\/\\\/www.portalp.com\\\/fr_LU\\\/\",\"logo\":{\"@type\":\"ImageObject\",\"inLanguage\":\"fr-LU\",\"@id\":\"https:\\\/\\\/www.portalp.com\\\/fr_LU\\\/#\\\/schema\\\/logo\\\/image\\\/\",\"url\":\"https:\\\/\\\/www.portalp.com\\\/wp-content\\\/uploads\\\/2024\\\/05\\\/Logo-PORTALP_coul-72.png\",\"contentUrl\":\"https:\\\/\\\/www.portalp.com\\\/wp-content\\\/uploads\\\/2024\\\/05\\\/Logo-PORTALP_coul-72.png\",\"width\":375,\"height\":142,\"caption\":\"Portalp\"},\"image\":{\"@id\":\"https:\\\/\\\/www.portalp.com\\\/fr_LU\\\/#\\\/schema\\\/logo\\\/image\\\/\"},\"sameAs\":[\"https:\\\/\\\/www.linkedin.com\\\/company\\\/portalp\"]}]}<\/script>\n<!-- \/ Yoast SEO plugin. -->","yoast_head_json":{"title":"BIM & mod\u00e9lisation | Portalp","description":"Chez Portalp, nous vous accompagnons dans vos projets de construction gr\u00e2ce \u00e0 notre expertise en mod\u00e9lisation BIM (Building Information Modeling).","robots":{"index":"index","follow":"follow","max-snippet":"max-snippet:-1","max-image-preview":"max-image-preview:large","max-video-preview":"max-video-preview:-1"},"canonical":"https:\/\/www.portalp.com\/fr_LU\/services\/bim-modelisation\/","og_locale":"fr_FR","og_type":"article","og_title":"BIM & mod\u00e9lisation | Portalp","og_description":"Chez Portalp, nous vous accompagnons dans vos projets de construction gr\u00e2ce \u00e0 notre expertise en mod\u00e9lisation BIM (Building Information Modeling).","og_url":"https:\/\/www.portalp.com\/fr_LU\/services\/bim-modelisation\/","og_site_name":"Portalp","article_modified_time":"2025-10-15T08:48:29+00:00","og_image":[{"width":1028,"height":686,"url":"https:\/\/www.portalp.com\/wp-content\/uploads\/2024\/10\/BIM_modelisation.jpg","type":"image\/jpeg"}],"twitter_card":"summary_large_image","twitter_misc":{"Est. reading time":"3 minutes"},"schema":{"@context":"https:\/\/schema.org","@graph":[{"@type":"WebPage","@id":"https:\/\/www.portalp.com\/fr_LU\/services\/bim-modelisation\/","url":"https:\/\/www.portalp.com\/fr_LU\/services\/bim-modelisation\/","name":"BIM & mod\u00e9lisation | Portalp","isPartOf":{"@id":"https:\/\/www.portalp.com\/fr_LU\/#website"},"primaryImageOfPage":{"@id":"https:\/\/www.portalp.com\/fr_LU\/services\/bim-modelisation\/#primaryimage"},"image":{"@id":"https:\/\/www.portalp.com\/fr_LU\/services\/bim-modelisation\/#primaryimage"},"thumbnailUrl":"https:\/\/www.portalp.com\/wp-content\/uploads\/2024\/10\/BIM_modelisation.jpg","datePublished":"2024-08-28T07:52:26+00:00","dateModified":"2025-10-15T08:48:29+00:00","description":"Chez Portalp, nous vous accompagnons dans vos projets de construction gr\u00e2ce \u00e0 notre expertise en mod\u00e9lisation BIM (Building Information Modeling).","breadcrumb":{"@id":"https:\/\/www.portalp.com\/fr_LU\/services\/bim-modelisation\/#breadcrumb"},"inLanguage":"fr-LU","potentialAction":[{"@type":"ReadAction","target":["https:\/\/www.portalp.com\/fr_LU\/services\/bim-modelisation\/"]}]},{"@type":"ImageObject","inLanguage":"fr-LU","@id":"https:\/\/www.portalp.com\/fr_LU\/services\/bim-modelisation\/#primaryimage","url":"https:\/\/www.portalp.com\/wp-content\/uploads\/2024\/10\/BIM_modelisation.jpg","contentUrl":"https:\/\/www.portalp.com\/wp-content\/uploads\/2024\/10\/BIM_modelisation.jpg","width":1028,"height":686,"caption":"Mod\u00e9lisation BIM"},{"@type":"BreadcrumbList","@id":"https:\/\/www.portalp.com\/fr_LU\/services\/bim-modelisation\/#breadcrumb","itemListElement":[{"@type":"ListItem","position":1,"name":"Accueil","item":"https:\/\/www.portalp.com\/fr_LU\/"},{"@type":"ListItem","position":2,"name":"Services","item":"https:\/\/www.portalp.com\/fr_LU\/services\/"},{"@type":"ListItem","position":3,"name":"BIM &#038; mod\u00e9lisation"}]},{"@type":"WebSite","@id":"https:\/\/www.portalp.com\/fr_LU\/#website","url":"https:\/\/www.portalp.com\/fr_LU\/","name":"Portalp","description":"","publisher":{"@id":"https:\/\/www.portalp.com\/fr_LU\/#organization"},"potentialAction":[{"@type":"SearchAction","target":{"@type":"EntryPoint","urlTemplate":"https:\/\/www.portalp.com\/fr_LU\/?s={search_term_string}"},"query-input":{"@type":"PropertyValueSpecification","valueRequired":true,"valueName":"search_term_string"}}],"inLanguage":"fr-LU"},{"@type":"Organization","@id":"https:\/\/www.portalp.com\/fr_LU\/#organization","name":"Portalp","url":"https:\/\/www.portalp.com\/fr_LU\/","logo":{"@type":"ImageObject","inLanguage":"fr-LU","@id":"https:\/\/www.portalp.com\/fr_LU\/#\/schema\/logo\/image\/","url":"https:\/\/www.portalp.com\/wp-content\/uploads\/2024\/05\/Logo-PORTALP_coul-72.png","contentUrl":"https:\/\/www.portalp.com\/wp-content\/uploads\/2024\/05\/Logo-PORTALP_coul-72.png","width":375,"height":142,"caption":"Portalp"},"image":{"@id":"https:\/\/www.portalp.com\/fr_LU\/#\/schema\/logo\/image\/"},"sameAs":["https:\/\/www.linkedin.com\/company\/portalp"]}]}},"_links":{"self":[{"href":"https:\/\/www.portalp.com\/fr_LU\/wp-json\/wp\/v2\/pages\/19758","targetHints":{"allow":["GET"]}}],"collection":[{"href":"https:\/\/www.portalp.com\/fr_LU\/wp-json\/wp\/v2\/pages"}],"about":[{"href":"https:\/\/www.portalp.com\/fr_LU\/wp-json\/wp\/v2\/types\/page"}],"author":[{"embeddable":true,"href":"https:\/\/www.portalp.com\/fr_LU\/wp-json\/wp\/v2\/users\/1"}],"replies":[{"embeddable":true,"href":"https:\/\/www.portalp.com\/fr_LU\/wp-json\/wp\/v2\/comments?post=19758"}],"version-history":[{"count":0,"href":"https:\/\/www.portalp.com\/fr_LU\/wp-json\/wp\/v2\/pages\/19758\/revisions"}],"up":[{"embeddable":true,"href":"https:\/\/www.portalp.com\/fr_LU\/wp-json\/wp\/v2\/pages\/18075"}],"wp:featuredmedia":[{"embeddable":true,"href":"https:\/\/www.portalp.com\/fr_LU\/wp-json\/wp\/v2\/media\/17866"}],"wp:attachment":[{"href":"https:\/\/www.portalp.com\/fr_LU\/wp-json\/wp\/v2\/media?parent=19758"}],"curies":[{"name":"wp","href":"https:\/\/api.w.org\/{rel}","templated":true}]}}