{"id":21911,"date":"2024-10-25T13:51:12","date_gmt":"2024-10-25T12:51:12","guid":{"rendered":"https:\/\/www.portalp.com\/entreprise\/actualites\/"},"modified":"2025-01-07T15:20:49","modified_gmt":"2025-01-07T14:20:49","slug":"actualites","status":"publish","type":"page","link":"https:\/\/www.portalp.com\/fr_BE\/entreprise\/actualites\/","title":{"rendered":"Actualit\u00e9s"},"content":{"rendered":"<p>[et_pb_section fb_built=\u00a0\u00bb1&Prime; _builder_version=\u00a0\u00bb4.24.2&Prime; _module_preset=\u00a0\u00bb_initial\u00a0\u00bb background_color=\u00a0\u00bb#E4DAD3&Prime; custom_margin=\u00a0\u00bb110px||||false|false\u00a0\u00bb global_colors_info=\u00a0\u00bb{}\u00a0\u00bb][et_pb_row _builder_version=\u00a0\u00bb4.24.2&Prime; _module_preset=\u00a0\u00bb_initial\u00a0\u00bb global_colors_info=\u00a0\u00bb{}\u00a0\u00bb][et_pb_column type=\u00a0\u00bb4_4&Prime; _builder_version=\u00a0\u00bb4.24.2&Prime; _module_preset=\u00a0\u00bbdefault\u00a0\u00bb global_colors_info=\u00a0\u00bb{}\u00a0\u00bb][et_pb_text _builder_version=\u00a0\u00bb4.24.2&Prime; _module_preset=\u00a0\u00bb_initial\u00a0\u00bb header_text_align=\u00a0\u00bbcenter\u00a0\u00bb header_text_color=\u00a0\u00bb#005B94&Prime; global_colors_info=\u00a0\u00bb{}\u00a0\u00bb]<\/p>\n<h1>Retrouvez toutes les actualit\u00e9s du Groupe Portalp !<\/h1>\n<p>[\/et_pb_text][et_pb_blog posts_number=\u00a0\u00bb9&Prime; include_categories=\u00a0\u00bb46&Prime; meta_date=\u00a0\u00bbd\/m\/Y\u00a0\u00bb excerpt_length=\u00a0\u00bb200&Prime; _builder_version=\u00a0\u00bb4.24.2&Prime; _module_preset=\u00a0\u00bb_initial\u00a0\u00bb global_colors_info=\u00a0\u00bb{}\u00a0\u00bb][\/et_pb_blog][et_pb_button button_url=\u00a0\u00bbhttps:\/\/railway.portalp.com\u00a0\u00bb url_new_window=\u00a0\u00bbon\u00a0\u00bb button_text=\u00a0\u00bbD\u00e9couvrir notre site d\u00e9di\u00e9 au railway\u00a0\u00bb _builder_version=\u00a0\u00bb4.27.2&Prime; _module_preset=\u00a0\u00bb_initial\u00a0\u00bb global_colors_info=\u00a0\u00bb{}\u00a0\u00bb][\/et_pb_button][\/et_pb_column][\/et_pb_row][\/et_pb_section]<\/p>\n","protected":false},"excerpt":{"rendered":"<p>Retrouvez toutes les actualit\u00e9s du Groupe Portalp !<\/p>\n","protected":false},"author":1,"featured_media":21292,"parent":21315,"menu_order":0,"comment_status":"closed","ping_status":"closed","template":"","meta":{"_et_pb_use_builder":"on","_et_pb_old_content":"","_et_gb_content_width":"","footnotes":""},"class_list":["post-21911","page","type-page","status-publish","has-post-thumbnail","hentry"],"yoast_head":"<!-- This site is optimized with the Yoast SEO plugin v27.4 - https:\/\/yoast.com\/product\/yoast-seo-wordpress\/ -->\n<title>Actualit\u00e9s | Portalp<\/title>\n<meta name=\"description\" content=\"D\u00e9couvrez les derni\u00e8res actualit\u00e9s du Groupe Portalp : innovations, projets, et engagements qui fa\u00e7onnent l\u2019avenir des acc\u00e8s automatis\u00e9s.\" \/>\n<meta name=\"robots\" content=\"index, follow, max-snippet:-1, max-image-preview:large, max-video-preview:-1\" \/>\n<link rel=\"canonical\" href=\"https:\/\/www.portalp.com\/fr_BE\/entreprise\/actualites\/\" \/>\n<meta property=\"og:locale\" content=\"fr_FR\" \/>\n<meta property=\"og:type\" content=\"article\" \/>\n<meta property=\"og:title\" content=\"Actualit\u00e9s | Portalp\" \/>\n<meta property=\"og:description\" content=\"D\u00e9couvrez les derni\u00e8res actualit\u00e9s du Groupe Portalp : innovations, projets, et engagements qui fa\u00e7onnent l\u2019avenir des acc\u00e8s automatis\u00e9s.\" \/>\n<meta property=\"og:url\" content=\"https:\/\/www.portalp.com\/fr_BE\/entreprise\/actualites\/\" \/>\n<meta property=\"og:site_name\" content=\"Portalp\" \/>\n<meta property=\"article:modified_time\" content=\"2025-01-07T14:20:49+00:00\" \/>\n<meta property=\"og:image\" content=\"https:\/\/www.portalp.com\/wp-content\/uploads\/2024\/10\/campus-accueil.jpg\" \/>\n\t<meta property=\"og:image:width\" content=\"600\" \/>\n\t<meta property=\"og:image:height\" content=\"400\" \/>\n\t<meta property=\"og:image:type\" content=\"image\/jpeg\" \/>\n<meta name=\"twitter:card\" content=\"summary_large_image\" \/>\n<meta name=\"twitter:label1\" content=\"Dur\u00e9e de lecture est.\" \/>\n\t<meta name=\"twitter:data1\" content=\"4 minutes\" \/>\n<script type=\"application\/ld+json\" class=\"yoast-schema-graph\">{\"@context\":\"https:\\\/\\\/schema.org\",\"@graph\":[{\"@type\":\"WebPage\",\"@id\":\"https:\\\/\\\/www.portalp.com\\\/fr_BE\\\/entreprise\\\/actualites\\\/\",\"url\":\"https:\\\/\\\/www.portalp.com\\\/fr_BE\\\/entreprise\\\/actualites\\\/\",\"name\":\"Actualit\u00e9s | Portalp\",\"isPartOf\":{\"@id\":\"https:\\\/\\\/www.portalp.com\\\/fr_BE\\\/#website\"},\"primaryImageOfPage\":{\"@id\":\"https:\\\/\\\/www.portalp.com\\\/fr_BE\\\/entreprise\\\/actualites\\\/#primaryimage\"},\"image\":{\"@id\":\"https:\\\/\\\/www.portalp.com\\\/fr_BE\\\/entreprise\\\/actualites\\\/#primaryimage\"},\"thumbnailUrl\":\"https:\\\/\\\/www.portalp.com\\\/wp-content\\\/uploads\\\/2024\\\/10\\\/campus-accueil.jpg\",\"datePublished\":\"2024-10-25T12:51:12+00:00\",\"dateModified\":\"2025-01-07T14:20:49+00:00\",\"description\":\"D\u00e9couvrez les derni\u00e8res actualit\u00e9s du Groupe Portalp : innovations, projets, et engagements qui fa\u00e7onnent l\u2019avenir des acc\u00e8s automatis\u00e9s.\",\"breadcrumb\":{\"@id\":\"https:\\\/\\\/www.portalp.com\\\/fr_BE\\\/entreprise\\\/actualites\\\/#breadcrumb\"},\"inLanguage\":\"fr-BE\",\"potentialAction\":[{\"@type\":\"ReadAction\",\"target\":[\"https:\\\/\\\/www.portalp.com\\\/fr_BE\\\/entreprise\\\/actualites\\\/\"]}]},{\"@type\":\"ImageObject\",\"inLanguage\":\"fr-BE\",\"@id\":\"https:\\\/\\\/www.portalp.com\\\/fr_BE\\\/entreprise\\\/actualites\\\/#primaryimage\",\"url\":\"https:\\\/\\\/www.portalp.com\\\/wp-content\\\/uploads\\\/2024\\\/10\\\/campus-accueil.jpg\",\"contentUrl\":\"https:\\\/\\\/www.portalp.com\\\/wp-content\\\/uploads\\\/2024\\\/10\\\/campus-accueil.jpg\",\"width\":600,\"height\":400,\"caption\":\"Campus Portalp\"},{\"@type\":\"BreadcrumbList\",\"@id\":\"https:\\\/\\\/www.portalp.com\\\/fr_BE\\\/entreprise\\\/actualites\\\/#breadcrumb\",\"itemListElement\":[{\"@type\":\"ListItem\",\"position\":1,\"name\":\"Accueil\",\"item\":\"https:\\\/\\\/www.portalp.com\\\/fr_BE\\\/\"},{\"@type\":\"ListItem\",\"position\":2,\"name\":\"Entreprise\",\"item\":\"https:\\\/\\\/www.portalp.com\\\/fr_BE\\\/entreprise\\\/\"},{\"@type\":\"ListItem\",\"position\":3,\"name\":\"Actualit\u00e9s\"}]},{\"@type\":\"WebSite\",\"@id\":\"https:\\\/\\\/www.portalp.com\\\/fr_BE\\\/#website\",\"url\":\"https:\\\/\\\/www.portalp.com\\\/fr_BE\\\/\",\"name\":\"Portalp\",\"description\":\"\",\"publisher\":{\"@id\":\"https:\\\/\\\/www.portalp.com\\\/fr_BE\\\/#organization\"},\"potentialAction\":[{\"@type\":\"SearchAction\",\"target\":{\"@type\":\"EntryPoint\",\"urlTemplate\":\"https:\\\/\\\/www.portalp.com\\\/fr_BE\\\/?s={search_term_string}\"},\"query-input\":{\"@type\":\"PropertyValueSpecification\",\"valueRequired\":true,\"valueName\":\"search_term_string\"}}],\"inLanguage\":\"fr-BE\"},{\"@type\":\"Organization\",\"@id\":\"https:\\\/\\\/www.portalp.com\\\/fr_BE\\\/#organization\",\"name\":\"Portalp\",\"url\":\"https:\\\/\\\/www.portalp.com\\\/fr_BE\\\/\",\"logo\":{\"@type\":\"ImageObject\",\"inLanguage\":\"fr-BE\",\"@id\":\"https:\\\/\\\/www.portalp.com\\\/fr_BE\\\/#\\\/schema\\\/logo\\\/image\\\/\",\"url\":\"https:\\\/\\\/www.portalp.com\\\/wp-content\\\/uploads\\\/2024\\\/05\\\/Logo-PORTALP_coul-72.png\",\"contentUrl\":\"https:\\\/\\\/www.portalp.com\\\/wp-content\\\/uploads\\\/2024\\\/05\\\/Logo-PORTALP_coul-72.png\",\"width\":375,\"height\":142,\"caption\":\"Portalp\"},\"image\":{\"@id\":\"https:\\\/\\\/www.portalp.com\\\/fr_BE\\\/#\\\/schema\\\/logo\\\/image\\\/\"},\"sameAs\":[\"https:\\\/\\\/www.linkedin.com\\\/company\\\/portalp\"]}]}<\/script>\n<!-- \/ Yoast SEO plugin. -->","yoast_head_json":{"title":"Actualit\u00e9s | Portalp","description":"D\u00e9couvrez les derni\u00e8res actualit\u00e9s du Groupe Portalp : innovations, projets, et engagements qui fa\u00e7onnent l\u2019avenir des acc\u00e8s automatis\u00e9s.","robots":{"index":"index","follow":"follow","max-snippet":"max-snippet:-1","max-image-preview":"max-image-preview:large","max-video-preview":"max-video-preview:-1"},"canonical":"https:\/\/www.portalp.com\/fr_BE\/entreprise\/actualites\/","og_locale":"fr_FR","og_type":"article","og_title":"Actualit\u00e9s | Portalp","og_description":"D\u00e9couvrez les derni\u00e8res actualit\u00e9s du Groupe Portalp : innovations, projets, et engagements qui fa\u00e7onnent l\u2019avenir des acc\u00e8s automatis\u00e9s.","og_url":"https:\/\/www.portalp.com\/fr_BE\/entreprise\/actualites\/","og_site_name":"Portalp","article_modified_time":"2025-01-07T14:20:49+00:00","og_image":[{"width":600,"height":400,"url":"https:\/\/www.portalp.com\/wp-content\/uploads\/2024\/10\/campus-accueil.jpg","type":"image\/jpeg"}],"twitter_card":"summary_large_image","twitter_misc":{"Dur\u00e9e de lecture est.":"4 minutes"},"schema":{"@context":"https:\/\/schema.org","@graph":[{"@type":"WebPage","@id":"https:\/\/www.portalp.com\/fr_BE\/entreprise\/actualites\/","url":"https:\/\/www.portalp.com\/fr_BE\/entreprise\/actualites\/","name":"Actualit\u00e9s | Portalp","isPartOf":{"@id":"https:\/\/www.portalp.com\/fr_BE\/#website"},"primaryImageOfPage":{"@id":"https:\/\/www.portalp.com\/fr_BE\/entreprise\/actualites\/#primaryimage"},"image":{"@id":"https:\/\/www.portalp.com\/fr_BE\/entreprise\/actualites\/#primaryimage"},"thumbnailUrl":"https:\/\/www.portalp.com\/wp-content\/uploads\/2024\/10\/campus-accueil.jpg","datePublished":"2024-10-25T12:51:12+00:00","dateModified":"2025-01-07T14:20:49+00:00","description":"D\u00e9couvrez les derni\u00e8res actualit\u00e9s du Groupe Portalp : innovations, projets, et engagements qui fa\u00e7onnent l\u2019avenir des acc\u00e8s automatis\u00e9s.","breadcrumb":{"@id":"https:\/\/www.portalp.com\/fr_BE\/entreprise\/actualites\/#breadcrumb"},"inLanguage":"fr-BE","potentialAction":[{"@type":"ReadAction","target":["https:\/\/www.portalp.com\/fr_BE\/entreprise\/actualites\/"]}]},{"@type":"ImageObject","inLanguage":"fr-BE","@id":"https:\/\/www.portalp.com\/fr_BE\/entreprise\/actualites\/#primaryimage","url":"https:\/\/www.portalp.com\/wp-content\/uploads\/2024\/10\/campus-accueil.jpg","contentUrl":"https:\/\/www.portalp.com\/wp-content\/uploads\/2024\/10\/campus-accueil.jpg","width":600,"height":400,"caption":"Campus Portalp"},{"@type":"BreadcrumbList","@id":"https:\/\/www.portalp.com\/fr_BE\/entreprise\/actualites\/#breadcrumb","itemListElement":[{"@type":"ListItem","position":1,"name":"Accueil","item":"https:\/\/www.portalp.com\/fr_BE\/"},{"@type":"ListItem","position":2,"name":"Entreprise","item":"https:\/\/www.portalp.com\/fr_BE\/entreprise\/"},{"@type":"ListItem","position":3,"name":"Actualit\u00e9s"}]},{"@type":"WebSite","@id":"https:\/\/www.portalp.com\/fr_BE\/#website","url":"https:\/\/www.portalp.com\/fr_BE\/","name":"Portalp","description":"","publisher":{"@id":"https:\/\/www.portalp.com\/fr_BE\/#organization"},"potentialAction":[{"@type":"SearchAction","target":{"@type":"EntryPoint","urlTemplate":"https:\/\/www.portalp.com\/fr_BE\/?s={search_term_string}"},"query-input":{"@type":"PropertyValueSpecification","valueRequired":true,"valueName":"search_term_string"}}],"inLanguage":"fr-BE"},{"@type":"Organization","@id":"https:\/\/www.portalp.com\/fr_BE\/#organization","name":"Portalp","url":"https:\/\/www.portalp.com\/fr_BE\/","logo":{"@type":"ImageObject","inLanguage":"fr-BE","@id":"https:\/\/www.portalp.com\/fr_BE\/#\/schema\/logo\/image\/","url":"https:\/\/www.portalp.com\/wp-content\/uploads\/2024\/05\/Logo-PORTALP_coul-72.png","contentUrl":"https:\/\/www.portalp.com\/wp-content\/uploads\/2024\/05\/Logo-PORTALP_coul-72.png","width":375,"height":142,"caption":"Portalp"},"image":{"@id":"https:\/\/www.portalp.com\/fr_BE\/#\/schema\/logo\/image\/"},"sameAs":["https:\/\/www.linkedin.com\/company\/portalp"]}]}},"_links":{"self":[{"href":"https:\/\/www.portalp.com\/fr_BE\/wp-json\/wp\/v2\/pages\/21911","targetHints":{"allow":["GET"]}}],"collection":[{"href":"https:\/\/www.portalp.com\/fr_BE\/wp-json\/wp\/v2\/pages"}],"about":[{"href":"https:\/\/www.portalp.com\/fr_BE\/wp-json\/wp\/v2\/types\/page"}],"author":[{"embeddable":true,"href":"https:\/\/www.portalp.com\/fr_BE\/wp-json\/wp\/v2\/users\/1"}],"replies":[{"embeddable":true,"href":"https:\/\/www.portalp.com\/fr_BE\/wp-json\/wp\/v2\/comments?post=21911"}],"version-history":[{"count":0,"href":"https:\/\/www.portalp.com\/fr_BE\/wp-json\/wp\/v2\/pages\/21911\/revisions"}],"up":[{"embeddable":true,"href":"https:\/\/www.portalp.com\/fr_BE\/wp-json\/wp\/v2\/pages\/21315"}],"wp:featuredmedia":[{"embeddable":true,"href":"https:\/\/www.portalp.com\/fr_BE\/wp-json\/wp\/v2\/media\/21292"}],"wp:attachment":[{"href":"https:\/\/www.portalp.com\/fr_BE\/wp-json\/wp\/v2\/media?parent=21911"}],"curies":[{"name":"wp","href":"https:\/\/api.w.org\/{rel}","templated":true}]}}