{"id":18073,"date":"2024-03-04T13:49:36","date_gmt":"2024-03-04T12:49:36","guid":{"rendered":"https:\/\/www.portalp.com\/services\/"},"modified":"2026-04-22T15:10:55","modified_gmt":"2026-04-22T14:10:55","slug":"services","status":"publish","type":"page","link":"https:\/\/www.portalp.com\/fr_BE\/services\/","title":{"rendered":"Services"},"content":{"rendered":"<p>[et_pb_section fb_built=\u00a0\u00bb1&Prime; custom_padding_last_edited=\u00a0\u00bbon|phone\u00a0\u00bb _builder_version=\u00a0\u00bb4.24.2&Prime; _module_preset=\u00a0\u00bbdefault\u00a0\u00bb background_color=\u00a0\u00bb#E4DAD3&Prime; custom_padding=\u00a0\u00bb8%||0%||false|false\u00a0\u00bb custom_padding_tablet=\u00a0\u00bb8%||8%||true|false\u00a0\u00bb custom_padding_phone=\u00a0\u00bb25%||||false|false\u00a0\u00bb global_colors_info=\u00a0\u00bb{}\u00a0\u00bb][et_pb_row _builder_version=\u00a0\u00bb4.24.2&Prime; _module_preset=\u00a0\u00bbdefault\u00a0\u00bb custom_padding=\u00a0\u00bb0px||20px||false|false\u00a0\u00bb global_colors_info=\u00a0\u00bb{}\u00a0\u00bb][et_pb_column type=\u00a0\u00bb4_4&Prime; _builder_version=\u00a0\u00bb4.24.2&Prime; _module_preset=\u00a0\u00bbdefault\u00a0\u00bb global_colors_info=\u00a0\u00bb{}\u00a0\u00bb][et_pb_text disabled_on=\u00a0\u00bboff|off|off\u00a0\u00bb _builder_version=\u00a0\u00bb4.27.2&Prime; _module_preset=\u00a0\u00bbdefault\u00a0\u00bb text_font_size=\u00a0\u00bb0.8em\u00a0\u00bb disabled=\u00a0\u00bbon\u00a0\u00bb saved_tabs=\u00a0\u00bball\u00a0\u00bb global_colors_info=\u00a0\u00bb{}\u00a0\u00bb]<\/p>\n<span><span><a href=\"https:\/\/www.portalp.com\/fr_BE\/\">Accueil<\/a><\/span><\/span>\n<p>[\/et_pb_text][\/et_pb_column][\/et_pb_row][et_pb_row _builder_version=\u00a0\u00bb4.24.2&Prime; _module_preset=\u00a0\u00bbdefault\u00a0\u00bb custom_margin=\u00a0\u00bb|auto|2px|auto|false|false\u00a0\u00bb global_colors_info=\u00a0\u00bb{}\u00a0\u00bb][et_pb_column type=\u00a0\u00bb4_4&Prime; _builder_version=\u00a0\u00bb4.24.2&Prime; _module_preset=\u00a0\u00bbdefault\u00a0\u00bb global_colors_info=\u00a0\u00bb{}\u00a0\u00bb][et_pb_text _builder_version=\u00a0\u00bb4.27.2&Prime; _module_preset=\u00a0\u00bbdefault\u00a0\u00bb header_text_color=\u00a0\u00bb#005B94&Prime; custom_margin=\u00a0\u00bb||35px|||\u00a0\u00bb custom_padding=\u00a0\u00bb||||true|false\u00a0\u00bb global_colors_info=\u00a0\u00bb{}\u00a0\u00bb]<\/p>\n<h1 style=\"text-align: center;\">Les services Portalp<\/h1>\n<p>[\/et_pb_text][et_pb_text _builder_version=\u00a0\u00bb4.27.5&Prime; _module_preset=\u00a0\u00bbdefault\u00a0\u00bb text_orientation=\u00a0\u00bbcenter\u00a0\u00bb hover_enabled=\u00a0\u00bb0&Prime; sticky_enabled=\u00a0\u00bb0&Prime;]<\/p>\n<p>Portalp vous accompagne \u00e0 chaque \u00e9tape du cycle de vie de vos portes automatiques : installation, maintenance et d\u00e9pannage.<br \/>D\u00e9couvrez l\u2019ensemble de nos services d\u00e9di\u00e9s \u00e0 la performance et \u00e0 la continuit\u00e9 de vos acc\u00e8s.<\/p>\n<p>[\/et_pb_text][\/et_pb_column][\/et_pb_row][et_pb_row _builder_version=\u00a0\u00bb4.27.2&Prime; _module_preset=\u00a0\u00bbdefault\u00a0\u00bb width_tablet=\u00a0\u00bb\u00a0\u00bb width_phone=\u00a0\u00bb\u00a0\u00bb width_last_edited=\u00a0\u00bbon|phone\u00a0\u00bb custom_padding=\u00a0\u00bb||0px|10px|false|false\u00a0\u00bb locked=\u00a0\u00bboff\u00a0\u00bb global_colors_info=\u00a0\u00bb{}\u00a0\u00bb][et_pb_column type=\u00a0\u00bb4_4&Prime; _builder_version=\u00a0\u00bb4.24.2&Prime; _module_preset=\u00a0\u00bbdefault\u00a0\u00bb global_colors_info=\u00a0\u00bb{}\u00a0\u00bb][dica_divi_carousel item_width_tablet=\u00a0\u00bb23%\u00a0\u00bb item_width_phone=\u00a0\u00bb75%\u00a0\u00bb item_width_last_edited=\u00a0\u00bbon|phone\u00a0\u00bb arrow_nav=\u00a0\u00bbon\u00a0\u00bb dot_nav=\u00a0\u00bbon\u00a0\u00bb equal_height=\u00a0\u00bbon\u00a0\u00bb advanced_effect=\u00a0\u00bb1&Prime; dots_color=\u00a0\u00bb#FFFFFF\u00a0\u00bb overlay_color_field_bgcolor=\u00a0\u00bbrgba(255,255,255,0.85)\u00a0\u00bb carousel_container_padding=\u00a0\u00bb||||false|false\u00a0\u00bb innercontent_padding=\u00a0\u00bb||||false|false\u00a0\u00bb item_padding=\u00a0\u00bb||50px||false|false\u00a0\u00bb image_container_padding=\u00a0\u00bb||||false|false\u00a0\u00bb content_container_margin=\u00a0\u00bb20px||20px||false|true\u00a0\u00bb module_class=\u00a0\u00bbcarousel-with-text\u00a0\u00bb _builder_version=\u00a0\u00bb4.27.5&Prime; _module_preset=\u00a0\u00bbdefault\u00a0\u00bb title_font=\u00a0\u00bb|600|||||||\u00a0\u00bb title_text_align=\u00a0\u00bbcenter\u00a0\u00bb title_text_color=\u00a0\u00bb#005B94&Prime; title_font_size=\u00a0\u00bb18px\u00a0\u00bb body_text_align=\u00a0\u00bbcenter\u00a0\u00bb body_text_color=\u00a0\u00bb#706F6F\u00a0\u00bb custom_margin=\u00a0\u00bb||44px|||\u00a0\u00bb custom_padding=\u00a0\u00bb||||false|false\u00a0\u00bb custom_css_free_form=\u00a0\u00bbselector h4 {||  font-weight:600;||  color: #005b94;||}\u00a0\u00bb custom_css_button=\u00a0\u00bbposition: absolute;||bottom: 15px;||left: 50%;||transform: translateX(-50%);\u00a0\u00bb global_colors_info=\u00a0\u00bb{}\u00a0\u00bb custom_css_carousel_item_last_edited=\u00a0\u00bbon|phone\u00a0\u00bb][dica_divi_carouselitem title=\u00a0\u00bbMaintenance\u00a0\u00bb button_url_new_window=\u00a0\u00bb1&Prime; image=\u00a0\u00bbhttps:\/\/www.portalp.com\/wp-content\/uploads\/2025\/03\/maintenance-porte-automatique-portalp.jpg\u00a0\u00bb image_alt=\u00a0\u00bbMaintenance d&rsquo;une porte automatique par un technicien Portalp\u00a0\u00bb content_padding=\u00a0\u00bb|15px||15px|false|true\u00a0\u00bb _builder_version=\u00a0\u00bb4.27.5&Prime; _dynamic_attributes=\u00a0\u00bblink_option_url\u00a0\u00bb _module_preset=\u00a0\u00bbdefault\u00a0\u00bb body_text_align=\u00a0\u00bbcenter\u00a0\u00bb body_text_color=\u00a0\u00bb#706F6F\u00a0\u00bb background_color=\u00a0\u00bb#FFFFFF\u00a0\u00bb background_enable_color=\u00a0\u00bbon\u00a0\u00bb custom_button=\u00a0\u00bbon\u00a0\u00bb button_text_color=\u00a0\u00bb#FFFFFF\u00a0\u00bb button_bg_use_color_gradient=\u00a0\u00bbon\u00a0\u00bb button_bg_color_gradient_direction=\u00a0\u00bb90deg\u00a0\u00bb button_bg_color_gradient_stops=\u00a0\u00bb#0075bf 0%|#004876 100%\u00a0\u00bb button_border_width=\u00a0\u00bb0px\u00a0\u00bb button_border_radius=\u00a0\u00bb50px\u00a0\u00bb button_use_icon=\u00a0\u00bboff\u00a0\u00bb button_alignment=\u00a0\u00bbcenter\u00a0\u00bb link_option_url=\u00a0\u00bb@ET-DC@eyJkeW5hbWljIjp0cnVlLCJjb250ZW50IjoicG9zdF9saW5rX3VybF9wYWdlIiwic2V0dGluZ3MiOnsicG9zdF9pZCI6IjEzNjkifX0=@\u00a0\u00bb border_radii_item=\u00a0\u00bbon|10px|10px|10px|10px\u00a0\u00bb global_colors_info=\u00a0\u00bb{}\u00a0\u00bb]<\/p>\n<p class=\"carousel-btn\" style=\"color: #fff!important;\">En savoir +<\/p>\n<p>[\/dica_divi_carouselitem][dica_divi_carouselitem title=\u00a0\u00bbD\u00e9pannage\u00a0\u00bb button_url_new_window=\u00a0\u00bb1&Prime; image=\u00a0\u00bbhttps:\/\/www.portalp.com\/wp-content\/uploads\/2026\/04\/technicien-vehicule.jpg\u00a0\u00bb image_alt=\u00a0\u00bbTechnicien Portalp en intervention de d\u00e9pannage\u00a0\u00bb content_padding=\u00a0\u00bb|15px||15px|false|true\u00a0\u00bb _builder_version=\u00a0\u00bb4.27.5&Prime; _dynamic_attributes=\u00a0\u00bblink_option_url\u00a0\u00bb _module_preset=\u00a0\u00bbdefault\u00a0\u00bb body_text_align=\u00a0\u00bbcenter\u00a0\u00bb body_text_color=\u00a0\u00bb#706F6F\u00a0\u00bb background_color=\u00a0\u00bb#FFFFFF\u00a0\u00bb background_enable_color=\u00a0\u00bbon\u00a0\u00bb custom_button=\u00a0\u00bbon\u00a0\u00bb button_text_color=\u00a0\u00bb#FFFFFF\u00a0\u00bb button_bg_use_color_gradient=\u00a0\u00bbon\u00a0\u00bb button_bg_color_gradient_direction=\u00a0\u00bb90deg\u00a0\u00bb button_bg_color_gradient_stops=\u00a0\u00bb#0075bf 0%|#004876 100%\u00a0\u00bb button_border_width=\u00a0\u00bb0px\u00a0\u00bb button_border_radius=\u00a0\u00bb50px\u00a0\u00bb button_use_icon=\u00a0\u00bboff\u00a0\u00bb button_alignment=\u00a0\u00bbcenter\u00a0\u00bb link_option_url=\u00a0\u00bb@ET-DC@eyJkeW5hbWljIjp0cnVlLCJjb250ZW50IjoicG9zdF9saW5rX3VybF9wYWdlIiwic2V0dGluZ3MiOnsicG9zdF9pZCI6IjU2MjY5In19@\u00a0\u00bb border_radii_item=\u00a0\u00bbon|10px|10px|10px|10px\u00a0\u00bb global_colors_info=\u00a0\u00bb{}\u00a0\u00bb]<\/p>\n<p class=\"carousel-btn\" style=\"color: #fff!important;\">En savoir +<\/p>\n<p>[\/dica_divi_carouselitem][dica_divi_carouselitem title=\u00a0\u00bbOutils et supports\u00a0\u00bb button_url_new_window=\u00a0\u00bb1&Prime; image=\u00a0\u00bbhttps:\/\/www.portalp.com\/wp-content\/uploads\/2024\/09\/entreprise-carrieres-metiers-agence-et-terrain-tech-maintenance.jpg\u00a0\u00bb content_padding=\u00a0\u00bb|15px||15px|false|true\u00a0\u00bb _builder_version=\u00a0\u00bb4.27.2&Prime; _dynamic_attributes=\u00a0\u00bblink_option_url\u00a0\u00bb _module_preset=\u00a0\u00bbdefault\u00a0\u00bb background_color=\u00a0\u00bb#FFFFFF\u00a0\u00bb background_enable_color=\u00a0\u00bbon\u00a0\u00bb custom_button=\u00a0\u00bbon\u00a0\u00bb button_text_color=\u00a0\u00bb#FFFFFF\u00a0\u00bb button_bg_use_color_gradient=\u00a0\u00bbon\u00a0\u00bb button_bg_color_gradient_direction=\u00a0\u00bb90deg\u00a0\u00bb button_bg_color_gradient_stops=\u00a0\u00bb#0075bf 0%|#004876 100%\u00a0\u00bb button_border_width=\u00a0\u00bb0px\u00a0\u00bb button_border_radius=\u00a0\u00bb50px\u00a0\u00bb button_use_icon=\u00a0\u00bboff\u00a0\u00bb button_alignment=\u00a0\u00bbcenter\u00a0\u00bb link_option_url=\u00a0\u00bb@ET-DC@eyJkeW5hbWljIjp0cnVlLCJjb250ZW50IjoicG9zdF9saW5rX3VybF9wYWdlIiwic2V0dGluZ3MiOnsicG9zdF9pZCI6IjkzMTkifX0=@\u00a0\u00bb border_radii_item=\u00a0\u00bbon|10px|10px|10px|10px\u00a0\u00bb global_colors_info=\u00a0\u00bb{}\u00a0\u00bb]<\/p>\n<p class=\"carousel-btn\" style=\"color:#fff!important\">En savoir +<\/p>\n<p>[\/dica_divi_carouselitem][dica_divi_carouselitem title=\u00a0\u00bbBIM &#038; mod\u00e9lisation\u00a0\u00bb subtitle_tag=\u00a0\u00bbh4&Prime; button_url_new_window=\u00a0\u00bb1&Prime; image=\u00a0\u00bbhttps:\/\/www.portalp.com\/wp-content\/uploads\/2024\/10\/BIM_modelisation.jpg\u00a0\u00bb content_padding=\u00a0\u00bb|15px||15px|false|true\u00a0\u00bb _builder_version=\u00a0\u00bb4.27.2&Prime; _dynamic_attributes=\u00a0\u00bblink_option_url\u00a0\u00bb _module_preset=\u00a0\u00bbdefault\u00a0\u00bb header_level=\u00a0\u00bbh1&Prime; header_text_color=\u00a0\u00bb#005B94&Prime; subtitle_text_color=\u00a0\u00bb#005B94&Prime; background_color=\u00a0\u00bb#FFFFFF\u00a0\u00bb background_enable_color=\u00a0\u00bbon\u00a0\u00bb custom_button=\u00a0\u00bbon\u00a0\u00bb button_text_color=\u00a0\u00bb#FFFFFF\u00a0\u00bb button_bg_use_color_gradient=\u00a0\u00bbon\u00a0\u00bb button_bg_color_gradient_direction=\u00a0\u00bb90deg\u00a0\u00bb button_bg_color_gradient_stops=\u00a0\u00bb#0075bf 0%|#004876 100%\u00a0\u00bb button_border_width=\u00a0\u00bb0px\u00a0\u00bb button_border_radius=\u00a0\u00bb50px\u00a0\u00bb button_use_icon=\u00a0\u00bboff\u00a0\u00bb button_alignment=\u00a0\u00bbcenter\u00a0\u00bb link_option_url=\u00a0\u00bb@ET-DC@eyJkeW5hbWljIjp0cnVlLCJjb250ZW50IjoicG9zdF9saW5rX3VybF9wYWdlIiwic2V0dGluZ3MiOnsicG9zdF9pZCI6IjEyNTc1In19@\u00a0\u00bb border_radii_item=\u00a0\u00bbon|10px|10px|10px|10px\u00a0\u00bb global_colors_info=\u00a0\u00bb{}\u00a0\u00bb]<\/p>\n<p class=\"carousel-btn\" style=\"color:#fff!important\">En savoir +<\/p>\n<p>[\/dica_divi_carouselitem][\/dica_divi_carousel][\/et_pb_column][\/et_pb_row][\/et_pb_section]<\/p>\n","protected":false},"excerpt":{"rendered":"<p><span><span><a href=\"https:\/\/www.portalp.com\/fr_BE\/\">Accueil<\/a><\/span><\/span>Les services PortalpPortalp vous accompagne \u00e0 chaque \u00e9tape du cycle de vie de vos portes automatiques : installation, maintenance et d\u00e9pannage.D\u00e9couvrez l\u2019ensemble de nos services d\u00e9di\u00e9s \u00e0 la performance et \u00e0 la continuit\u00e9 de vos acc\u00e8s.<div class=\"et_pb_module dica_divi_carousel dica_divi_carousel_0 \u00bbcarousel-with-text\">\n\t\t\t\t\n\t\t\t\t\n\t\t\t\t\n\t\t\t\t\n\t\t\t\t\n\t\t\t\t\n\t\t\t\t<div class=\"et_pb_module_inner\">\n\t\t\t\t\t<div class=\"dica-container  desktop_middle-inside tablet_middle-inside mobile_middle-inside\" data-props='{\"desktop\":\"4\",\"tablet\":\"3\",\"mobile\":\"1\",\"speed\":\"500\",\"arrow\":\"\\u00bbon\",\"dots\":\"\\u00bbon\",\"autoplay\":\"off\",\"autoSpeed\":\"1000\",\"loop\":\"off\",\"item_spacing\":\"30\",\"center_mode\":\"off\",\"slider_effec\":\"\\u00bb1&Prime;\",\"cover_rotate\":\"50\",\"pause_onhover\":\"off\",\"multislide\":\"off\",\"cfshadow\":\"on\",\"order\":\"0\",\"lazyload\":\"off\",\"lazybefore\":\"off\",\"scroller_effect\":\"off\",\"autowidth\":\"off\",\"item_spacing_tablet\":\"30\",\"item_spacing_phone\":\"30\",\"scroller_speed\":\"4000\",\"hashNavigation\":\"off\",\"simulatetouch\":\"off\",\"allowtouchmove\":\"off\",\"slide_row\":\"1\",\"slide_row_tablet\":\"1\",\"slide_row_phone\":\"1\",\"keyboard\":\"off\",\"mousewheel\":\"off\",\"autoplay_viewport\":\"\"}'>\n\t\t\t\t\t\t\t \t<div class=\"swiper-container\" >\n\t\t\t\t\t\t\t\t\t<div class=\"swiper-wrapper\"><\/div>\t\n\t\t\t\t\t\t\t\t<\/div>\t\n\t\t\t\t\t\t\t\t\n\t\t\t\t\t\t\t\t\t\t\t\t\t\t\n\t\t\t\t\t\t\t<\/div>\n\t\t\t\t<\/div>\n\t\t\t<\/div><\/p>\n","protected":false},"author":1,"featured_media":17776,"parent":0,"menu_order":0,"comment_status":"closed","ping_status":"closed","template":"","meta":{"_et_pb_use_builder":"on","_et_pb_old_content":"","_et_gb_content_width":"","footnotes":""},"class_list":["post-18073","page","type-page","status-publish","has-post-thumbnail","hentry"],"yoast_head":"<!-- This site is optimized with the Yoast SEO plugin v27.4 - https:\/\/yoast.com\/product\/yoast-seo-wordpress\/ -->\n<title>Services | Portalp<\/title>\n<meta name=\"description\" content=\"Portalp accompagne ses clients tout au long du cycle de vie de leurs installations : la pose, la maintenance et le d\u00e9pannage de tous les automatismes d\u2019acc\u00e8s.\" \/>\n<meta name=\"robots\" content=\"index, follow, max-snippet:-1, max-image-preview:large, max-video-preview:-1\" \/>\n<link rel=\"canonical\" href=\"https:\/\/www.portalp.com\/fr_BE\/services\/\" \/>\n<meta property=\"og:locale\" content=\"fr_FR\" \/>\n<meta property=\"og:type\" content=\"article\" \/>\n<meta property=\"og:title\" content=\"Services | Portalp\" \/>\n<meta property=\"og:description\" content=\"Portalp accompagne ses clients tout au long du cycle de vie de leurs installations : la pose, la maintenance et le d\u00e9pannage de tous les automatismes d\u2019acc\u00e8s.\" \/>\n<meta property=\"og:url\" content=\"https:\/\/www.portalp.com\/fr_BE\/services\/\" \/>\n<meta property=\"og:site_name\" content=\"Portalp\" \/>\n<meta property=\"article:modified_time\" content=\"2026-04-22T14:10:55+00:00\" \/>\n<meta property=\"og:image\" content=\"https:\/\/www.portalp.com\/wp-content\/uploads\/2024\/10\/Maintenance.jpg\" \/>\n\t<meta property=\"og:image:width\" content=\"961\" \/>\n\t<meta property=\"og:image:height\" content=\"641\" \/>\n\t<meta property=\"og:image:type\" content=\"image\/jpeg\" \/>\n<meta name=\"twitter:card\" content=\"summary_large_image\" \/>\n<meta name=\"twitter:label1\" content=\"Dur\u00e9e de lecture est.\" \/>\n\t<meta name=\"twitter:data1\" content=\"1 minute\" \/>\n<script type=\"application\/ld+json\" class=\"yoast-schema-graph\">{\"@context\":\"https:\\\/\\\/schema.org\",\"@graph\":[{\"@type\":\"WebPage\",\"@id\":\"https:\\\/\\\/www.portalp.com\\\/fr_BE\\\/services\\\/\",\"url\":\"https:\\\/\\\/www.portalp.com\\\/fr_BE\\\/services\\\/\",\"name\":\"Services | Portalp\",\"isPartOf\":{\"@id\":\"https:\\\/\\\/www.portalp.com\\\/fr_BE\\\/#website\"},\"primaryImageOfPage\":{\"@id\":\"https:\\\/\\\/www.portalp.com\\\/fr_BE\\\/services\\\/#primaryimage\"},\"image\":{\"@id\":\"https:\\\/\\\/www.portalp.com\\\/fr_BE\\\/services\\\/#primaryimage\"},\"thumbnailUrl\":\"https:\\\/\\\/www.portalp.com\\\/wp-content\\\/uploads\\\/2024\\\/10\\\/Maintenance.jpg\",\"datePublished\":\"2024-03-04T12:49:36+00:00\",\"dateModified\":\"2026-04-22T14:10:55+00:00\",\"description\":\"Portalp accompagne ses clients tout au long du cycle de vie de leurs installations : la pose, la maintenance et le d\u00e9pannage de tous les automatismes d\u2019acc\u00e8s.\",\"breadcrumb\":{\"@id\":\"https:\\\/\\\/www.portalp.com\\\/fr_BE\\\/services\\\/#breadcrumb\"},\"inLanguage\":\"fr-BE\",\"potentialAction\":[{\"@type\":\"ReadAction\",\"target\":[\"https:\\\/\\\/www.portalp.com\\\/fr_BE\\\/services\\\/\"]}]},{\"@type\":\"ImageObject\",\"inLanguage\":\"fr-BE\",\"@id\":\"https:\\\/\\\/www.portalp.com\\\/fr_BE\\\/services\\\/#primaryimage\",\"url\":\"https:\\\/\\\/www.portalp.com\\\/wp-content\\\/uploads\\\/2024\\\/10\\\/Maintenance.jpg\",\"contentUrl\":\"https:\\\/\\\/www.portalp.com\\\/wp-content\\\/uploads\\\/2024\\\/10\\\/Maintenance.jpg\",\"width\":961,\"height\":641,\"caption\":\"Maintenance de vos portes automatiques\"},{\"@type\":\"BreadcrumbList\",\"@id\":\"https:\\\/\\\/www.portalp.com\\\/fr_BE\\\/services\\\/#breadcrumb\",\"itemListElement\":[{\"@type\":\"ListItem\",\"position\":1,\"name\":\"Accueil\",\"item\":\"https:\\\/\\\/www.portalp.com\\\/fr_BE\\\/\"},{\"@type\":\"ListItem\",\"position\":2,\"name\":\"Services\"}]},{\"@type\":\"WebSite\",\"@id\":\"https:\\\/\\\/www.portalp.com\\\/fr_BE\\\/#website\",\"url\":\"https:\\\/\\\/www.portalp.com\\\/fr_BE\\\/\",\"name\":\"Portalp\",\"description\":\"\",\"publisher\":{\"@id\":\"https:\\\/\\\/www.portalp.com\\\/fr_BE\\\/#organization\"},\"potentialAction\":[{\"@type\":\"SearchAction\",\"target\":{\"@type\":\"EntryPoint\",\"urlTemplate\":\"https:\\\/\\\/www.portalp.com\\\/fr_BE\\\/?s={search_term_string}\"},\"query-input\":{\"@type\":\"PropertyValueSpecification\",\"valueRequired\":true,\"valueName\":\"search_term_string\"}}],\"inLanguage\":\"fr-BE\"},{\"@type\":\"Organization\",\"@id\":\"https:\\\/\\\/www.portalp.com\\\/fr_BE\\\/#organization\",\"name\":\"Portalp\",\"url\":\"https:\\\/\\\/www.portalp.com\\\/fr_BE\\\/\",\"logo\":{\"@type\":\"ImageObject\",\"inLanguage\":\"fr-BE\",\"@id\":\"https:\\\/\\\/www.portalp.com\\\/fr_BE\\\/#\\\/schema\\\/logo\\\/image\\\/\",\"url\":\"https:\\\/\\\/www.portalp.com\\\/wp-content\\\/uploads\\\/2024\\\/05\\\/Logo-PORTALP_coul-72.png\",\"contentUrl\":\"https:\\\/\\\/www.portalp.com\\\/wp-content\\\/uploads\\\/2024\\\/05\\\/Logo-PORTALP_coul-72.png\",\"width\":375,\"height\":142,\"caption\":\"Portalp\"},\"image\":{\"@id\":\"https:\\\/\\\/www.portalp.com\\\/fr_BE\\\/#\\\/schema\\\/logo\\\/image\\\/\"},\"sameAs\":[\"https:\\\/\\\/www.linkedin.com\\\/company\\\/portalp\"]}]}<\/script>\n<!-- \/ Yoast SEO plugin. -->","yoast_head_json":{"title":"Services | Portalp","description":"Portalp accompagne ses clients tout au long du cycle de vie de leurs installations : la pose, la maintenance et le d\u00e9pannage de tous les automatismes d\u2019acc\u00e8s.","robots":{"index":"index","follow":"follow","max-snippet":"max-snippet:-1","max-image-preview":"max-image-preview:large","max-video-preview":"max-video-preview:-1"},"canonical":"https:\/\/www.portalp.com\/fr_BE\/services\/","og_locale":"fr_FR","og_type":"article","og_title":"Services | Portalp","og_description":"Portalp accompagne ses clients tout au long du cycle de vie de leurs installations : la pose, la maintenance et le d\u00e9pannage de tous les automatismes d\u2019acc\u00e8s.","og_url":"https:\/\/www.portalp.com\/fr_BE\/services\/","og_site_name":"Portalp","article_modified_time":"2026-04-22T14:10:55+00:00","og_image":[{"width":961,"height":641,"url":"https:\/\/www.portalp.com\/wp-content\/uploads\/2024\/10\/Maintenance.jpg","type":"image\/jpeg"}],"twitter_card":"summary_large_image","twitter_misc":{"Dur\u00e9e de lecture est.":"1 minute"},"schema":{"@context":"https:\/\/schema.org","@graph":[{"@type":"WebPage","@id":"https:\/\/www.portalp.com\/fr_BE\/services\/","url":"https:\/\/www.portalp.com\/fr_BE\/services\/","name":"Services | Portalp","isPartOf":{"@id":"https:\/\/www.portalp.com\/fr_BE\/#website"},"primaryImageOfPage":{"@id":"https:\/\/www.portalp.com\/fr_BE\/services\/#primaryimage"},"image":{"@id":"https:\/\/www.portalp.com\/fr_BE\/services\/#primaryimage"},"thumbnailUrl":"https:\/\/www.portalp.com\/wp-content\/uploads\/2024\/10\/Maintenance.jpg","datePublished":"2024-03-04T12:49:36+00:00","dateModified":"2026-04-22T14:10:55+00:00","description":"Portalp accompagne ses clients tout au long du cycle de vie de leurs installations : la pose, la maintenance et le d\u00e9pannage de tous les automatismes d\u2019acc\u00e8s.","breadcrumb":{"@id":"https:\/\/www.portalp.com\/fr_BE\/services\/#breadcrumb"},"inLanguage":"fr-BE","potentialAction":[{"@type":"ReadAction","target":["https:\/\/www.portalp.com\/fr_BE\/services\/"]}]},{"@type":"ImageObject","inLanguage":"fr-BE","@id":"https:\/\/www.portalp.com\/fr_BE\/services\/#primaryimage","url":"https:\/\/www.portalp.com\/wp-content\/uploads\/2024\/10\/Maintenance.jpg","contentUrl":"https:\/\/www.portalp.com\/wp-content\/uploads\/2024\/10\/Maintenance.jpg","width":961,"height":641,"caption":"Maintenance de vos portes automatiques"},{"@type":"BreadcrumbList","@id":"https:\/\/www.portalp.com\/fr_BE\/services\/#breadcrumb","itemListElement":[{"@type":"ListItem","position":1,"name":"Accueil","item":"https:\/\/www.portalp.com\/fr_BE\/"},{"@type":"ListItem","position":2,"name":"Services"}]},{"@type":"WebSite","@id":"https:\/\/www.portalp.com\/fr_BE\/#website","url":"https:\/\/www.portalp.com\/fr_BE\/","name":"Portalp","description":"","publisher":{"@id":"https:\/\/www.portalp.com\/fr_BE\/#organization"},"potentialAction":[{"@type":"SearchAction","target":{"@type":"EntryPoint","urlTemplate":"https:\/\/www.portalp.com\/fr_BE\/?s={search_term_string}"},"query-input":{"@type":"PropertyValueSpecification","valueRequired":true,"valueName":"search_term_string"}}],"inLanguage":"fr-BE"},{"@type":"Organization","@id":"https:\/\/www.portalp.com\/fr_BE\/#organization","name":"Portalp","url":"https:\/\/www.portalp.com\/fr_BE\/","logo":{"@type":"ImageObject","inLanguage":"fr-BE","@id":"https:\/\/www.portalp.com\/fr_BE\/#\/schema\/logo\/image\/","url":"https:\/\/www.portalp.com\/wp-content\/uploads\/2024\/05\/Logo-PORTALP_coul-72.png","contentUrl":"https:\/\/www.portalp.com\/wp-content\/uploads\/2024\/05\/Logo-PORTALP_coul-72.png","width":375,"height":142,"caption":"Portalp"},"image":{"@id":"https:\/\/www.portalp.com\/fr_BE\/#\/schema\/logo\/image\/"},"sameAs":["https:\/\/www.linkedin.com\/company\/portalp"]}]}},"_links":{"self":[{"href":"https:\/\/www.portalp.com\/fr_BE\/wp-json\/wp\/v2\/pages\/18073","targetHints":{"allow":["GET"]}}],"collection":[{"href":"https:\/\/www.portalp.com\/fr_BE\/wp-json\/wp\/v2\/pages"}],"about":[{"href":"https:\/\/www.portalp.com\/fr_BE\/wp-json\/wp\/v2\/types\/page"}],"author":[{"embeddable":true,"href":"https:\/\/www.portalp.com\/fr_BE\/wp-json\/wp\/v2\/users\/1"}],"replies":[{"embeddable":true,"href":"https:\/\/www.portalp.com\/fr_BE\/wp-json\/wp\/v2\/comments?post=18073"}],"version-history":[{"count":0,"href":"https:\/\/www.portalp.com\/fr_BE\/wp-json\/wp\/v2\/pages\/18073\/revisions"}],"wp:featuredmedia":[{"embeddable":true,"href":"https:\/\/www.portalp.com\/fr_BE\/wp-json\/wp\/v2\/media\/17776"}],"wp:attachment":[{"href":"https:\/\/www.portalp.com\/fr_BE\/wp-json\/wp\/v2\/media?parent=18073"}],"curies":[{"name":"wp","href":"https:\/\/api.w.org\/{rel}","templated":true}]}}