{"id":17387,"date":"2024-03-04T13:49:18","date_gmt":"2024-03-04T12:49:18","guid":{"rendered":"https:\/\/www.portalp.com\/marches\/"},"modified":"2024-12-16T09:40:25","modified_gmt":"2024-12-16T08:40:25","slug":"marches","status":"publish","type":"page","link":"https:\/\/www.portalp.com\/fr_BE\/marches\/","title":{"rendered":"March\u00e9s"},"content":{"rendered":"<p>[et_pb_section fb_built=\u00a0\u00bb1&Prime; _builder_version=\u00a0\u00bb4.27.2&Prime; _module_preset=\u00a0\u00bbdefault\u00a0\u00bb background_color=\u00a0\u00bb#E4DAD3&Prime; custom_margin=\u00a0\u00bb110px||||false|false\u00a0\u00bb custom_margin_tablet=\u00a0\u00bb110px||||false|false\u00a0\u00bb custom_margin_phone=\u00a0\u00bb70px||||false|false\u00a0\u00bb custom_margin_last_edited=\u00a0\u00bbon|phone\u00a0\u00bb custom_padding=\u00a0\u00bb||||true|false\u00a0\u00bb custom_css_free_form=\u00a0\u00bbselector .et_pb_blurb_container {||  background-color: rgba(255,255,255,0.4);||  margin-top: 10px;||  overflow: hidden;||  border-radius: 10px;||}||||selector .et_pb_blurb_description {||  background-color: #B49988;||  transform: skew(-20deg) translateX(-5px);||  transform-origin: top;||  border-radius: 10px;||  height: 100%;||  transition: linear-gradient 2s ease;||    padding: 10px 20px;||}||||selector h2 {||  font-size:18px;||  transform: skew(20deg);||  transform-origin: top;||  background-color: #B49988;||  color: #fff;||  width:95%||}\u00a0\u00bb global_colors_info=\u00a0\u00bb{}\u00a0\u00bb locked=\u00a0\u00bboff\u00a0\u00bb][et_pb_row _builder_version=\u00a0\u00bb4.24.2&Prime; _module_preset=\u00a0\u00bbdefault\u00a0\u00bb global_colors_info=\u00a0\u00bb{}\u00a0\u00bb][et_pb_column type=\u00a0\u00bb4_4&Prime; _builder_version=\u00a0\u00bb4.24.2&Prime; _module_preset=\u00a0\u00bbdefault\u00a0\u00bb global_colors_info=\u00a0\u00bb{}\u00a0\u00bb][et_pb_text disabled_on=\u00a0\u00bboff|off|off\u00a0\u00bb _builder_version=\u00a0\u00bb4.24.2&Prime; _module_preset=\u00a0\u00bbdefault\u00a0\u00bb text_font_size=\u00a0\u00bb0.8em\u00a0\u00bb saved_tabs=\u00a0\u00bball\u00a0\u00bb global_colors_info=\u00a0\u00bb{}\u00a0\u00bb]<\/p>\n<span><span><a href=\"https:\/\/www.portalp.com\/fr_BE\/\">Accueil<\/a><\/span><\/span>\n<p>[\/et_pb_text][\/et_pb_column][\/et_pb_row][et_pb_row module_id=\u00a0\u00bbpage-mere-marches\u00a0\u00bb _builder_version=\u00a0\u00bb4.24.2&Prime; _module_preset=\u00a0\u00bbdefault\u00a0\u00bb global_colors_info=\u00a0\u00bb{}\u00a0\u00bb][et_pb_column type=\u00a0\u00bb4_4&Prime; _builder_version=\u00a0\u00bb4.24.2&Prime; _module_preset=\u00a0\u00bbdefault\u00a0\u00bb global_colors_info=\u00a0\u00bb{}\u00a0\u00bb][et_pb_text _builder_version=\u00a0\u00bb4.27.4&Prime; _module_preset=\u00a0\u00bbdefault\u00a0\u00bb header_font=\u00a0\u00bb|700|||||||\u00a0\u00bb header_text_color=\u00a0\u00bb#005B94&Prime; custom_margin=\u00a0\u00bb||32px|||\u00a0\u00bb hover_enabled=\u00a0\u00bb0&Prime; global_colors_info=\u00a0\u00bb{}\u00a0\u00bb sticky_enabled=\u00a0\u00bb0&Prime;]<\/p>\n<h1 style=\"text-align: center;\">Vos march\u00e9s<\/h1>\n<p>[\/et_pb_text][et_pb_text _builder_version=\u00a0\u00bb4.27.4&Prime; _module_preset=\u00a0\u00bbdefault\u00a0\u00bb text_text_color=\u00a0\u00bb#005B94&Prime; width=\u00a0\u00bb80%\u00a0\u00bb width_tablet=\u00a0\u00bb80%\u00a0\u00bb width_phone=\u00a0\u00bb80%\u00a0\u00bb width_last_edited=\u00a0\u00bbon|desktop\u00a0\u00bb module_alignment=\u00a0\u00bbcenter\u00a0\u00bb hover_enabled=\u00a0\u00bb0&Prime; global_colors_info=\u00a0\u00bb{}\u00a0\u00bb sticky_enabled=\u00a0\u00bb0&Prime;]<\/p>\n<p style=\"text-align: center;\">Nous vous proposons des solutions d\u2019acc\u00e8s automatis\u00e9es sur mesure, con\u00e7ues pour r\u00e9pondre aux sp\u00e9cificit\u00e9s et aux contraintes techniques de chacun de vos secteurs d\u2019activit\u00e9.<\/p>\n<p>[\/et_pb_text][\/et_pb_column][\/et_pb_row][et_pb_row column_structure=\u00a0\u00bb1_5,1_5,1_5,1_5,1_5&Prime; use_custom_gutter=\u00a0\u00bbon\u00a0\u00bb gutter_width=\u00a0\u00bb2&Prime; _builder_version=\u00a0\u00bb4.24.2&Prime; _module_preset=\u00a0\u00bbdefault\u00a0\u00bb global_colors_info=\u00a0\u00bb{}\u00a0\u00bb][et_pb_column type=\u00a0\u00bb1_5&Prime; _builder_version=\u00a0\u00bb4.24.2&Prime; _module_preset=\u00a0\u00bbdefault\u00a0\u00bb global_colors_info=\u00a0\u00bb{}\u00a0\u00bb][et_pb_blurb image=\u00a0\u00bbhttps:\/\/www.portalp.com\/wp-content\/uploads\/2024\/03\/salles-prores.jpg\u00a0\u00bb alt=\u00a0\u00bbOperator in a clean room\u00a0\u00bb _builder_version=\u00a0\u00bb4.27.4&Prime; _dynamic_attributes=\u00a0\u00bblink_option_url\u00a0\u00bb _module_preset=\u00a0\u00bbdefault\u00a0\u00bb header_level=\u00a0\u00bbh2&Prime; animation=\u00a0\u00bboff\u00a0\u00bb link_option_url=\u00a0\u00bb@ET-DC@eyJkeW5hbWljIjp0cnVlLCJjb250ZW50IjoicG9zdF9saW5rX3VybF9wYWdlIiwic2V0dGluZ3MiOnsicG9zdF9pZCI6IjIwMzkiLCJlbmFibGVfaHRtbCI6Im9mZiJ9fQ==@\u00a0\u00bb hover_enabled=\u00a0\u00bb0&Prime; custom_css_blurb_image=\u00a0\u00bbmargin: 0;\u00a0\u00bb border_radii_image=\u00a0\u00bbon|15px|15px|15px|15px\u00a0\u00bb global_colors_info=\u00a0\u00bb{}\u00a0\u00bb sticky_enabled=\u00a0\u00bb0&Prime;]<\/p>\n<h2>Salles<br \/>propres<\/h2>\n<p>[\/et_pb_blurb][\/et_pb_column][et_pb_column type=\u00a0\u00bb1_5&Prime; _builder_version=\u00a0\u00bb4.24.2&Prime; _module_preset=\u00a0\u00bbdefault\u00a0\u00bb global_colors_info=\u00a0\u00bb{}\u00a0\u00bb][et_pb_blurb image=\u00a0\u00bbhttps:\/\/www.portalp.com\/wp-content\/uploads\/2024\/05\/sante-hospitalier-scaled.jpg\u00a0\u00bb alt=\u00a0\u00bbPortalp works in the health and hospital sectors, equipping infrastructures with automatic doors and other automated access systems.\u00a0\u00bb _builder_version=\u00a0\u00bb4.27.4&Prime; _dynamic_attributes=\u00a0\u00bblink_option_url\u00a0\u00bb _module_preset=\u00a0\u00bbdefault\u00a0\u00bb header_level=\u00a0\u00bbh2&Prime; animation=\u00a0\u00bboff\u00a0\u00bb link_option_url=\u00a0\u00bb@ET-DC@eyJkeW5hbWljIjp0cnVlLCJjb250ZW50IjoicG9zdF9saW5rX3VybF9wYWdlIiwic2V0dGluZ3MiOnsicG9zdF9pZCI6Ijk4NzAiLCJlbmFibGVfaHRtbCI6Im9mZiJ9fQ==@\u00a0\u00bb hover_enabled=\u00a0\u00bb0&Prime; custom_css_blurb_image=\u00a0\u00bbmargin: 0;\u00a0\u00bb border_radii_image=\u00a0\u00bbon|15px|15px|15px|15px\u00a0\u00bb global_colors_info=\u00a0\u00bb{}\u00a0\u00bb sticky_enabled=\u00a0\u00bb0&Prime;]<\/p>\n<h2>Sant\u00e9<br \/>Hospitalier<\/h2>\n<p>[\/et_pb_blurb][\/et_pb_column][et_pb_column type=\u00a0\u00bb1_5&Prime; _builder_version=\u00a0\u00bb4.24.2&Prime; _module_preset=\u00a0\u00bbdefault\u00a0\u00bb global_colors_info=\u00a0\u00bb{}\u00a0\u00bb][et_pb_blurb image=\u00a0\u00bbhttps:\/\/www.portalp.com\/wp-content\/uploads\/2024\/05\/archi-entreprise-generale.jpg\u00a0\u00bb alt=\u00a0\u00bbArchitects around a plan\u00a0\u00bb _builder_version=\u00a0\u00bb4.27.4&Prime; _dynamic_attributes=\u00a0\u00bblink_option_url\u00a0\u00bb _module_preset=\u00a0\u00bbdefault\u00a0\u00bb header_level=\u00a0\u00bbh2&Prime; animation=\u00a0\u00bboff\u00a0\u00bb link_option_url=\u00a0\u00bb@ET-DC@eyJkeW5hbWljIjp0cnVlLCJjb250ZW50IjoicG9zdF9saW5rX3VybF9wYWdlIiwic2V0dGluZ3MiOnsicG9zdF9pZCI6IjE4NzUiLCJlbmFibGVfaHRtbCI6Im9mZiJ9fQ==@\u00a0\u00bb hover_enabled=\u00a0\u00bb0&Prime; custom_css_blurb_image=\u00a0\u00bbmargin: 0;\u00a0\u00bb border_radii_image=\u00a0\u00bbon|15px|15px|15px|15px\u00a0\u00bb global_colors_info=\u00a0\u00bb{}\u00a0\u00bb sticky_enabled=\u00a0\u00bb0&Prime;]<\/p>\n<h2>Architectes<br \/>Entreprises g\u00e9n\u00e9rales<\/h2>\n<p>[\/et_pb_blurb][\/et_pb_column][et_pb_column type=\u00a0\u00bb1_5&Prime; _builder_version=\u00a0\u00bb4.24.2&Prime; _module_preset=\u00a0\u00bbdefault\u00a0\u00bb global_colors_info=\u00a0\u00bb{}\u00a0\u00bb][et_pb_blurb image=\u00a0\u00bbhttps:\/\/www.portalp.com\/wp-content\/uploads\/2024\/05\/industries.jpg\u00a0\u00bb alt=\u00a0\u00bbProduction operator\u00a0\u00bb _builder_version=\u00a0\u00bb4.27.4&Prime; _dynamic_attributes=\u00a0\u00bblink_option_url\u00a0\u00bb _module_preset=\u00a0\u00bbdefault\u00a0\u00bb header_level=\u00a0\u00bbh2&Prime; animation=\u00a0\u00bboff\u00a0\u00bb link_option_url=\u00a0\u00bb@ET-DC@eyJkeW5hbWljIjp0cnVlLCJjb250ZW50IjoicG9zdF9saW5rX3VybF9wYWdlIiwic2V0dGluZ3MiOnsicG9zdF9pZCI6IjExNzU1IiwiZW5hYmxlX2h0bWwiOiJvZmYifX0=@\u00a0\u00bb hover_enabled=\u00a0\u00bb0&Prime; custom_css_blurb_image=\u00a0\u00bbmargin: 0;\u00a0\u00bb border_radii_image=\u00a0\u00bbon|15px|15px|15px|15px\u00a0\u00bb global_colors_info=\u00a0\u00bb{}\u00a0\u00bb sticky_enabled=\u00a0\u00bb0&Prime;]<\/p>\n<h2>Industries<br \/><span style=\"color: #b49988;\">&#8211;<\/span><\/h2>\n<p>[\/et_pb_blurb][\/et_pb_column][et_pb_column type=\u00a0\u00bb1_5&Prime; _builder_version=\u00a0\u00bb4.24.2&Prime; _module_preset=\u00a0\u00bbdefault\u00a0\u00bb global_colors_info=\u00a0\u00bb{}\u00a0\u00bb][et_pb_blurb image=\u00a0\u00bbhttps:\/\/www.portalp.com\/wp-content\/uploads\/2024\/05\/bancaire.jpg\u00a0\u00bb alt=\u00a0\u00bbAn interview between a man and a woman\u00a0\u00bb _builder_version=\u00a0\u00bb4.27.4&Prime; _dynamic_attributes=\u00a0\u00bblink_option_url\u00a0\u00bb _module_preset=\u00a0\u00bbdefault\u00a0\u00bb header_level=\u00a0\u00bbh2&Prime; animation=\u00a0\u00bboff\u00a0\u00bb link_option_url=\u00a0\u00bb@ET-DC@eyJkeW5hbWljIjp0cnVlLCJjb250ZW50IjoicG9zdF9saW5rX3VybF9wYWdlIiwic2V0dGluZ3MiOnsicG9zdF9pZCI6IjEyMzM5IiwiZW5hYmxlX2h0bWwiOiJvZmYifX0=@\u00a0\u00bb hover_enabled=\u00a0\u00bb0&Prime; custom_css_blurb_image=\u00a0\u00bbmargin: 0;\u00a0\u00bb border_radii_image=\u00a0\u00bbon|15px|15px|15px|15px\u00a0\u00bb global_colors_info=\u00a0\u00bb{}\u00a0\u00bb sticky_enabled=\u00a0\u00bb0&Prime;]<\/p>\n<h2>Secteur<br \/>bancaire<\/h2>\n<p>[\/et_pb_blurb][\/et_pb_column][\/et_pb_row][et_pb_row column_structure=\u00a0\u00bb1_5,1_5,1_5,1_5,1_5&Prime; use_custom_gutter=\u00a0\u00bbon\u00a0\u00bb gutter_width=\u00a0\u00bb2&Prime; _builder_version=\u00a0\u00bb4.24.2&Prime; _module_preset=\u00a0\u00bbdefault\u00a0\u00bb global_colors_info=\u00a0\u00bb{}\u00a0\u00bb][et_pb_column type=\u00a0\u00bb1_5&Prime; _builder_version=\u00a0\u00bb4.24.2&Prime; _module_preset=\u00a0\u00bbdefault\u00a0\u00bb global_colors_info=\u00a0\u00bb{}\u00a0\u00bb][et_pb_blurb image=\u00a0\u00bbhttps:\/\/www.portalp.com\/wp-content\/uploads\/2024\/05\/administration-tertiaire.jpg\u00a0\u00bb alt=\u00a0\u00bbEmployees chatting around a desk\u00a0\u00bb _builder_version=\u00a0\u00bb4.27.4&Prime; _dynamic_attributes=\u00a0\u00bblink_option_url\u00a0\u00bb _module_preset=\u00a0\u00bbdefault\u00a0\u00bb header_level=\u00a0\u00bbh2&Prime; animation=\u00a0\u00bboff\u00a0\u00bb link_option_url=\u00a0\u00bb@ET-DC@eyJkeW5hbWljIjp0cnVlLCJjb250ZW50IjoicG9zdF9saW5rX3VybF9wYWdlIiwic2V0dGluZ3MiOnsicG9zdF9pZCI6IjE4ODUiLCJlbmFibGVfaHRtbCI6Im9mZiJ9fQ==@\u00a0\u00bb hover_enabled=\u00a0\u00bb0&Prime; custom_css_blurb_image=\u00a0\u00bbmargin: 0;\u00a0\u00bb border_radii_image=\u00a0\u00bbon|15px|15px|15px|15px\u00a0\u00bb global_colors_info=\u00a0\u00bb{}\u00a0\u00bb sticky_enabled=\u00a0\u00bb0&Prime;]<\/p>\n<h2>Administrations<br \/>Collectivit\u00e9s<\/h2>\n<p>[\/et_pb_blurb][\/et_pb_column][et_pb_column type=\u00a0\u00bb1_5&Prime; _builder_version=\u00a0\u00bb4.24.2&Prime; _module_preset=\u00a0\u00bbdefault\u00a0\u00bb global_colors_info=\u00a0\u00bb{}\u00a0\u00bb][et_pb_blurb image=\u00a0\u00bbhttps:\/\/www.portalp.com\/wp-content\/uploads\/2024\/03\/commerces.jpg\u00a0\u00bb alt=\u00a0\u00bbCouple in a shopping centre\u00a0\u00bb _builder_version=\u00a0\u00bb4.27.4&Prime; _dynamic_attributes=\u00a0\u00bblink_option_url\u00a0\u00bb _module_preset=\u00a0\u00bbdefault\u00a0\u00bb header_level=\u00a0\u00bbh2&Prime; animation=\u00a0\u00bboff\u00a0\u00bb link_option_url=\u00a0\u00bb@ET-DC@eyJkeW5hbWljIjp0cnVlLCJjb250ZW50IjoicG9zdF9saW5rX3VybF9wYWdlIiwic2V0dGluZ3MiOnsicG9zdF9pZCI6IjE4ODgiLCJlbmFibGVfaHRtbCI6Im9mZiJ9fQ==@\u00a0\u00bb hover_enabled=\u00a0\u00bb0&Prime; custom_css_blurb_image=\u00a0\u00bbmargin: 0;\u00a0\u00bb border_radii_image=\u00a0\u00bbon|15px|15px|15px|15px\u00a0\u00bb global_colors_info=\u00a0\u00bb{}\u00a0\u00bb sticky_enabled=\u00a0\u00bb0&Prime;]<\/p>\n<h2>Commerces<br \/><span style=\"color: #b49988;\">&#8211;<\/span><\/h2>\n<p>[\/et_pb_blurb][\/et_pb_column][et_pb_column type=\u00a0\u00bb1_5&Prime; _builder_version=\u00a0\u00bb4.24.2&Prime; _module_preset=\u00a0\u00bbdefault\u00a0\u00bb global_colors_info=\u00a0\u00bb{}\u00a0\u00bb][et_pb_blurb image=\u00a0\u00bbhttps:\/\/www.portalp.com\/wp-content\/uploads\/2024\/05\/hotellerie-restauration.jpg\u00a0\u00bb alt=\u00a0\u00bbWaitress setting the table in a restaurant\u00a0\u00bb _builder_version=\u00a0\u00bb4.27.4&Prime; _dynamic_attributes=\u00a0\u00bblink_option_url\u00a0\u00bb _module_preset=\u00a0\u00bbdefault\u00a0\u00bb header_level=\u00a0\u00bbh2&Prime; animation=\u00a0\u00bboff\u00a0\u00bb link_option_url=\u00a0\u00bb@ET-DC@eyJkeW5hbWljIjp0cnVlLCJjb250ZW50IjoicG9zdF9saW5rX3VybF9wYWdlIiwic2V0dGluZ3MiOnsicG9zdF9pZCI6IjE4OTEiLCJlbmFibGVfaHRtbCI6Im9mZiJ9fQ==@\u00a0\u00bb hover_enabled=\u00a0\u00bb0&Prime; custom_css_blurb_image=\u00a0\u00bbmargin: 0;\u00a0\u00bb border_radii_image=\u00a0\u00bbon|15px|15px|15px|15px\u00a0\u00bb global_colors_info=\u00a0\u00bb{}\u00a0\u00bb sticky_enabled=\u00a0\u00bb0&Prime;]<\/p>\n<h2>H\u00f4tellerie<br \/>Restauration<\/h2>\n<p>[\/et_pb_blurb][\/et_pb_column][et_pb_column type=\u00a0\u00bb1_5&Prime; _builder_version=\u00a0\u00bb4.24.2&Prime; _module_preset=\u00a0\u00bbdefault\u00a0\u00bb global_colors_info=\u00a0\u00bb{}\u00a0\u00bb][et_pb_blurb image=\u00a0\u00bbhttps:\/\/www.portalp.com\/wp-content\/uploads\/2024\/07\/portalp_solutions_facades_de_quai_ferroviaire.jpg\u00a0\u00bb alt=\u00a0\u00bbPlatform screen doors\u00a0\u00bb _builder_version=\u00a0\u00bb4.27.4&Prime; _dynamic_attributes=\u00a0\u00bblink_option_url\u00a0\u00bb _module_preset=\u00a0\u00bbdefault\u00a0\u00bb header_level=\u00a0\u00bbh2&Prime; animation=\u00a0\u00bboff\u00a0\u00bb link_option_url=\u00a0\u00bb@ET-DC@eyJkeW5hbWljIjp0cnVlLCJjb250ZW50IjoicG9zdF9saW5rX3VybF9wYWdlIiwic2V0dGluZ3MiOnsicG9zdF9pZCI6IjE2NDEiLCJlbmFibGVfaHRtbCI6Im9mZiJ9fQ==@\u00a0\u00bb hover_enabled=\u00a0\u00bb0&Prime; custom_css_blurb_image=\u00a0\u00bbmargin: 0;\u00a0\u00bb border_radii_image=\u00a0\u00bbon|15px|15px|15px|15px\u00a0\u00bb global_colors_info=\u00a0\u00bb{}\u00a0\u00bb sticky_enabled=\u00a0\u00bb0&Prime;]<\/p>\n<h2>Transport<br \/>ferroviaire<\/h2>\n<p>[\/et_pb_blurb][\/et_pb_column][et_pb_column type=\u00a0\u00bb1_5&Prime; _builder_version=\u00a0\u00bb4.24.2&Prime; _module_preset=\u00a0\u00bbdefault\u00a0\u00bb global_colors_info=\u00a0\u00bb{}\u00a0\u00bb][et_pb_blurb image=\u00a0\u00bbhttps:\/\/www.portalp.com\/wp-content\/uploads\/2024\/05\/copropriete.jpg\u00a0\u00bb alt=\u00a0\u00bbPortalp secures and automates the entrances to condominiums and multi-family buildings\u00a0\u00bb _builder_version=\u00a0\u00bb4.27.4&Prime; _dynamic_attributes=\u00a0\u00bblink_option_url\u00a0\u00bb _module_preset=\u00a0\u00bbdefault\u00a0\u00bb header_level=\u00a0\u00bbh2&Prime; animation=\u00a0\u00bboff\u00a0\u00bb link_option_url=\u00a0\u00bb@ET-DC@eyJkeW5hbWljIjp0cnVlLCJjb250ZW50IjoicG9zdF9saW5rX3VybF9wYWdlIiwic2V0dGluZ3MiOnsicG9zdF9pZCI6IjE4OTUiLCJlbmFibGVfaHRtbCI6Im9mZiJ9fQ==@\u00a0\u00bb hover_enabled=\u00a0\u00bb0&Prime; custom_css_blurb_image=\u00a0\u00bbmargin: 0;\u00a0\u00bb border_radii_image=\u00a0\u00bbon|15px|15px|15px|15px\u00a0\u00bb global_colors_info=\u00a0\u00bb{}\u00a0\u00bb sticky_enabled=\u00a0\u00bb0&Prime;]<\/p>\n<h2>Syndics<br \/>Copropri\u00e9t\u00e9s<\/h2>\n<p>[\/et_pb_blurb][\/et_pb_column][\/et_pb_row][\/et_pb_section]<\/p>\n","protected":false},"excerpt":{"rendered":"<p><span><span><a href=\"https:\/\/www.portalp.com\/fr_BE\/\">Accueil<\/a><\/span><\/span>Vos march\u00e9sNous vous proposons des solutions d\u2019acc\u00e8s automatis\u00e9es sur mesure, con\u00e7ues pour r\u00e9pondre aux sp\u00e9cificit\u00e9s et aux contraintes techniques de chacun de vos secteurs d\u2019activit\u00e9.SallespropresSant\u00e9HospitalierArchitectesEntreprises g\u00e9n\u00e9ralesIndustries-SecteurbancaireAdministrationsCollectivit\u00e9sCommerces-H\u00f4tellerieRestaurationTransportferroviaireSyndicsCopropri\u00e9t\u00e9s<\/p>\n","protected":false},"author":1,"featured_media":27056,"parent":0,"menu_order":0,"comment_status":"closed","ping_status":"closed","template":"","meta":{"_et_pb_use_builder":"on","_et_pb_old_content":"","_et_gb_content_width":"","footnotes":""},"class_list":["post-17387","page","type-page","status-publish","has-post-thumbnail","hentry"],"yoast_head":"<!-- This site is optimized with the Yoast SEO plugin v27.4 - https:\/\/yoast.com\/product\/yoast-seo-wordpress\/ -->\n<title>March\u00e9s | Portalp<\/title>\n<meta name=\"description\" content=\"Des solutions d&#039;acc\u00e8s automatis\u00e9es sur mesure, con\u00e7ues pour r\u00e9pondre aux sp\u00e9cificit\u00e9s et aux contraintes techniques de chacun de vos secteurs d&#039;activit\u00e9.\" \/>\n<meta name=\"robots\" content=\"index, follow, max-snippet:-1, max-image-preview:large, max-video-preview:-1\" \/>\n<link rel=\"canonical\" href=\"https:\/\/www.portalp.com\/fr_BE\/marches\/\" \/>\n<meta property=\"og:locale\" content=\"fr_FR\" \/>\n<meta property=\"og:type\" content=\"article\" \/>\n<meta property=\"og:title\" content=\"March\u00e9s | Portalp\" \/>\n<meta property=\"og:description\" content=\"Des solutions d&#039;acc\u00e8s automatis\u00e9es sur mesure, con\u00e7ues pour r\u00e9pondre aux sp\u00e9cificit\u00e9s et aux contraintes techniques de chacun de vos secteurs d&#039;activit\u00e9.\" \/>\n<meta property=\"og:url\" content=\"https:\/\/www.portalp.com\/fr_BE\/marches\/\" \/>\n<meta property=\"og:site_name\" content=\"Portalp\" \/>\n<meta property=\"article:modified_time\" content=\"2024-12-16T08:40:25+00:00\" \/>\n<meta property=\"og:image\" content=\"https:\/\/www.portalp.com\/wp-content\/uploads\/2024\/11\/solutions_portesauto_api_portalp_1.jpg\" \/>\n\t<meta property=\"og:image:width\" content=\"1000\" \/>\n\t<meta property=\"og:image:height\" content=\"1000\" \/>\n\t<meta property=\"og:image:type\" content=\"image\/jpeg\" \/>\n<meta name=\"twitter:card\" content=\"summary_large_image\" \/>\n<meta name=\"twitter:label1\" content=\"Dur\u00e9e de lecture est.\" \/>\n\t<meta name=\"twitter:data1\" content=\"4 minutes\" \/>\n<script type=\"application\/ld+json\" class=\"yoast-schema-graph\">{\"@context\":\"https:\\\/\\\/schema.org\",\"@graph\":[{\"@type\":\"WebPage\",\"@id\":\"https:\\\/\\\/www.portalp.com\\\/fr_BE\\\/marches\\\/\",\"url\":\"https:\\\/\\\/www.portalp.com\\\/fr_BE\\\/marches\\\/\",\"name\":\"March\u00e9s | Portalp\",\"isPartOf\":{\"@id\":\"https:\\\/\\\/www.portalp.com\\\/fr_BE\\\/#website\"},\"primaryImageOfPage\":{\"@id\":\"https:\\\/\\\/www.portalp.com\\\/fr_BE\\\/marches\\\/#primaryimage\"},\"image\":{\"@id\":\"https:\\\/\\\/www.portalp.com\\\/fr_BE\\\/marches\\\/#primaryimage\"},\"thumbnailUrl\":\"https:\\\/\\\/www.portalp.com\\\/wp-content\\\/uploads\\\/2024\\\/11\\\/solutions_portesauto_api_portalp_1.jpg\",\"datePublished\":\"2024-03-04T12:49:18+00:00\",\"dateModified\":\"2024-12-16T08:40:25+00:00\",\"description\":\"Des solutions d'acc\u00e8s automatis\u00e9es sur mesure, con\u00e7ues pour r\u00e9pondre aux sp\u00e9cificit\u00e9s et aux contraintes techniques de chacun de vos secteurs d'activit\u00e9.\",\"breadcrumb\":{\"@id\":\"https:\\\/\\\/www.portalp.com\\\/fr_BE\\\/marches\\\/#breadcrumb\"},\"inLanguage\":\"fr-BE\",\"potentialAction\":[{\"@type\":\"ReadAction\",\"target\":[\"https:\\\/\\\/www.portalp.com\\\/fr_BE\\\/marches\\\/\"]}]},{\"@type\":\"ImageObject\",\"inLanguage\":\"fr-BE\",\"@id\":\"https:\\\/\\\/www.portalp.com\\\/fr_BE\\\/marches\\\/#primaryimage\",\"url\":\"https:\\\/\\\/www.portalp.com\\\/wp-content\\\/uploads\\\/2024\\\/11\\\/solutions_portesauto_api_portalp_1.jpg\",\"contentUrl\":\"https:\\\/\\\/www.portalp.com\\\/wp-content\\\/uploads\\\/2024\\\/11\\\/solutions_portesauto_api_portalp_1.jpg\",\"width\":1000,\"height\":1000,\"caption\":\"Portes automatiques API ouvertes Portalp\"},{\"@type\":\"BreadcrumbList\",\"@id\":\"https:\\\/\\\/www.portalp.com\\\/fr_BE\\\/marches\\\/#breadcrumb\",\"itemListElement\":[{\"@type\":\"ListItem\",\"position\":1,\"name\":\"Accueil\",\"item\":\"https:\\\/\\\/www.portalp.com\\\/fr_BE\\\/\"},{\"@type\":\"ListItem\",\"position\":2,\"name\":\"March\u00e9s\"}]},{\"@type\":\"WebSite\",\"@id\":\"https:\\\/\\\/www.portalp.com\\\/fr_BE\\\/#website\",\"url\":\"https:\\\/\\\/www.portalp.com\\\/fr_BE\\\/\",\"name\":\"Portalp\",\"description\":\"\",\"publisher\":{\"@id\":\"https:\\\/\\\/www.portalp.com\\\/fr_BE\\\/#organization\"},\"potentialAction\":[{\"@type\":\"SearchAction\",\"target\":{\"@type\":\"EntryPoint\",\"urlTemplate\":\"https:\\\/\\\/www.portalp.com\\\/fr_BE\\\/?s={search_term_string}\"},\"query-input\":{\"@type\":\"PropertyValueSpecification\",\"valueRequired\":true,\"valueName\":\"search_term_string\"}}],\"inLanguage\":\"fr-BE\"},{\"@type\":\"Organization\",\"@id\":\"https:\\\/\\\/www.portalp.com\\\/fr_BE\\\/#organization\",\"name\":\"Portalp\",\"url\":\"https:\\\/\\\/www.portalp.com\\\/fr_BE\\\/\",\"logo\":{\"@type\":\"ImageObject\",\"inLanguage\":\"fr-BE\",\"@id\":\"https:\\\/\\\/www.portalp.com\\\/fr_BE\\\/#\\\/schema\\\/logo\\\/image\\\/\",\"url\":\"https:\\\/\\\/www.portalp.com\\\/wp-content\\\/uploads\\\/2024\\\/05\\\/Logo-PORTALP_coul-72.png\",\"contentUrl\":\"https:\\\/\\\/www.portalp.com\\\/wp-content\\\/uploads\\\/2024\\\/05\\\/Logo-PORTALP_coul-72.png\",\"width\":375,\"height\":142,\"caption\":\"Portalp\"},\"image\":{\"@id\":\"https:\\\/\\\/www.portalp.com\\\/fr_BE\\\/#\\\/schema\\\/logo\\\/image\\\/\"},\"sameAs\":[\"https:\\\/\\\/www.linkedin.com\\\/company\\\/portalp\"]}]}<\/script>\n<!-- \/ Yoast SEO plugin. -->","yoast_head_json":{"title":"March\u00e9s | Portalp","description":"Des solutions d'acc\u00e8s automatis\u00e9es sur mesure, con\u00e7ues pour r\u00e9pondre aux sp\u00e9cificit\u00e9s et aux contraintes techniques de chacun de vos secteurs d'activit\u00e9.","robots":{"index":"index","follow":"follow","max-snippet":"max-snippet:-1","max-image-preview":"max-image-preview:large","max-video-preview":"max-video-preview:-1"},"canonical":"https:\/\/www.portalp.com\/fr_BE\/marches\/","og_locale":"fr_FR","og_type":"article","og_title":"March\u00e9s | Portalp","og_description":"Des solutions d'acc\u00e8s automatis\u00e9es sur mesure, con\u00e7ues pour r\u00e9pondre aux sp\u00e9cificit\u00e9s et aux contraintes techniques de chacun de vos secteurs d'activit\u00e9.","og_url":"https:\/\/www.portalp.com\/fr_BE\/marches\/","og_site_name":"Portalp","article_modified_time":"2024-12-16T08:40:25+00:00","og_image":[{"width":1000,"height":1000,"url":"https:\/\/www.portalp.com\/wp-content\/uploads\/2024\/11\/solutions_portesauto_api_portalp_1.jpg","type":"image\/jpeg"}],"twitter_card":"summary_large_image","twitter_misc":{"Dur\u00e9e de lecture est.":"4 minutes"},"schema":{"@context":"https:\/\/schema.org","@graph":[{"@type":"WebPage","@id":"https:\/\/www.portalp.com\/fr_BE\/marches\/","url":"https:\/\/www.portalp.com\/fr_BE\/marches\/","name":"March\u00e9s | Portalp","isPartOf":{"@id":"https:\/\/www.portalp.com\/fr_BE\/#website"},"primaryImageOfPage":{"@id":"https:\/\/www.portalp.com\/fr_BE\/marches\/#primaryimage"},"image":{"@id":"https:\/\/www.portalp.com\/fr_BE\/marches\/#primaryimage"},"thumbnailUrl":"https:\/\/www.portalp.com\/wp-content\/uploads\/2024\/11\/solutions_portesauto_api_portalp_1.jpg","datePublished":"2024-03-04T12:49:18+00:00","dateModified":"2024-12-16T08:40:25+00:00","description":"Des solutions d'acc\u00e8s automatis\u00e9es sur mesure, con\u00e7ues pour r\u00e9pondre aux sp\u00e9cificit\u00e9s et aux contraintes techniques de chacun de vos secteurs d'activit\u00e9.","breadcrumb":{"@id":"https:\/\/www.portalp.com\/fr_BE\/marches\/#breadcrumb"},"inLanguage":"fr-BE","potentialAction":[{"@type":"ReadAction","target":["https:\/\/www.portalp.com\/fr_BE\/marches\/"]}]},{"@type":"ImageObject","inLanguage":"fr-BE","@id":"https:\/\/www.portalp.com\/fr_BE\/marches\/#primaryimage","url":"https:\/\/www.portalp.com\/wp-content\/uploads\/2024\/11\/solutions_portesauto_api_portalp_1.jpg","contentUrl":"https:\/\/www.portalp.com\/wp-content\/uploads\/2024\/11\/solutions_portesauto_api_portalp_1.jpg","width":1000,"height":1000,"caption":"Portes automatiques API ouvertes Portalp"},{"@type":"BreadcrumbList","@id":"https:\/\/www.portalp.com\/fr_BE\/marches\/#breadcrumb","itemListElement":[{"@type":"ListItem","position":1,"name":"Accueil","item":"https:\/\/www.portalp.com\/fr_BE\/"},{"@type":"ListItem","position":2,"name":"March\u00e9s"}]},{"@type":"WebSite","@id":"https:\/\/www.portalp.com\/fr_BE\/#website","url":"https:\/\/www.portalp.com\/fr_BE\/","name":"Portalp","description":"","publisher":{"@id":"https:\/\/www.portalp.com\/fr_BE\/#organization"},"potentialAction":[{"@type":"SearchAction","target":{"@type":"EntryPoint","urlTemplate":"https:\/\/www.portalp.com\/fr_BE\/?s={search_term_string}"},"query-input":{"@type":"PropertyValueSpecification","valueRequired":true,"valueName":"search_term_string"}}],"inLanguage":"fr-BE"},{"@type":"Organization","@id":"https:\/\/www.portalp.com\/fr_BE\/#organization","name":"Portalp","url":"https:\/\/www.portalp.com\/fr_BE\/","logo":{"@type":"ImageObject","inLanguage":"fr-BE","@id":"https:\/\/www.portalp.com\/fr_BE\/#\/schema\/logo\/image\/","url":"https:\/\/www.portalp.com\/wp-content\/uploads\/2024\/05\/Logo-PORTALP_coul-72.png","contentUrl":"https:\/\/www.portalp.com\/wp-content\/uploads\/2024\/05\/Logo-PORTALP_coul-72.png","width":375,"height":142,"caption":"Portalp"},"image":{"@id":"https:\/\/www.portalp.com\/fr_BE\/#\/schema\/logo\/image\/"},"sameAs":["https:\/\/www.linkedin.com\/company\/portalp"]}]}},"_links":{"self":[{"href":"https:\/\/www.portalp.com\/fr_BE\/wp-json\/wp\/v2\/pages\/17387","targetHints":{"allow":["GET"]}}],"collection":[{"href":"https:\/\/www.portalp.com\/fr_BE\/wp-json\/wp\/v2\/pages"}],"about":[{"href":"https:\/\/www.portalp.com\/fr_BE\/wp-json\/wp\/v2\/types\/page"}],"author":[{"embeddable":true,"href":"https:\/\/www.portalp.com\/fr_BE\/wp-json\/wp\/v2\/users\/1"}],"replies":[{"embeddable":true,"href":"https:\/\/www.portalp.com\/fr_BE\/wp-json\/wp\/v2\/comments?post=17387"}],"version-history":[{"count":0,"href":"https:\/\/www.portalp.com\/fr_BE\/wp-json\/wp\/v2\/pages\/17387\/revisions"}],"wp:featuredmedia":[{"embeddable":true,"href":"https:\/\/www.portalp.com\/fr_BE\/wp-json\/wp\/v2\/media\/27056"}],"wp:attachment":[{"href":"https:\/\/www.portalp.com\/fr_BE\/wp-json\/wp\/v2\/media?parent=17387"}],"curies":[{"name":"wp","href":"https:\/\/api.w.org\/{rel}","templated":true}]}}