{"id":37963,"date":"2024-07-22T09:20:02","date_gmt":"2024-07-22T08:20:02","guid":{"rendered":"https:\/\/www.portalp.com\/herramientas-y-medios\/"},"modified":"2025-02-14T15:52:06","modified_gmt":"2025-02-14T14:52:06","slug":"herramientas-y-medios","status":"publish","type":"page","link":"https:\/\/www.portalp.com\/es_ES\/herramientas-y-medios\/","title":{"rendered":"Herramientas y medios"},"content":{"rendered":"<p>[et_pb_section fb_built=\u00bb1&#8243; _builder_version=\u00bb4.24.2&#8243; _module_preset=\u00bbdefault\u00bb background_color=\u00bb#e4dad3&#8243; custom_padding=\u00bb5%||5%||true|false\u00bb scroll_scaling=\u00bb0|50|50|100|80%|100%|100&#8243; locked=\u00bboff\u00bb global_colors_info=\u00bb{}\u00bb][et_pb_row _builder_version=\u00bb4.27.2&#8243; _module_preset=\u00bbdefault\u00bb custom_margin=\u00bb||100px||false|false\u00bb custom_margin_tablet=\u00bb||100px||false|false\u00bb custom_margin_phone=\u00bb||30px||false|false\u00bb custom_margin_last_edited=\u00bbon|phone\u00bb custom_padding=\u00bb100px||0px||false|false\u00bb global_colors_info=\u00bb{}\u00bb][et_pb_column type=\u00bb4_4&#8243; _builder_version=\u00bb4.24.2&#8243; _module_preset=\u00bbdefault\u00bb global_colors_info=\u00bb{}\u00bb][et_pb_text disabled_on=\u00bboff|off|off\u00bb _builder_version=\u00bb4.27.2&#8243; _module_preset=\u00bbdefault\u00bb text_font_size=\u00bb0.8em\u00bb saved_tabs=\u00bball\u00bb global_colors_info=\u00bb{}\u00bb]<\/p>\n<span><span><a href=\"https:\/\/www.portalp.com\/es_ES\/\">Inicio<\/a><\/span><\/span>\n<p>[\/et_pb_text][et_pb_text _builder_version=\u00bb4.27.2&#8243; _module_preset=\u00bbdefault\u00bb header_text_color=\u00bb#005B94&#8243; global_colors_info=\u00bb{}\u00bb]<\/p>\n<h1 style=\"text-align: center;\">Herramientas y medios<\/h1>\n<p>[\/et_pb_text][\/et_pb_column][\/et_pb_row][et_pb_row column_structure=\u00bb1_4,1_2,1_4&#8243; use_custom_gutter=\u00bbon\u00bb gutter_width=\u00bb1&#8243; make_equal=\u00bbon\u00bb _builder_version=\u00bb4.27.4&#8243; _module_preset=\u00bbdefault\u00bb background_enable_color=\u00bboff\u00bb overflow-x=\u00bbvisible\u00bb overflow-y=\u00bbvisible\u00bb custom_margin=\u00bb||||false|false\u00bb custom_padding=\u00bb18px||10px||false|false\u00bb border_radii=\u00bboff|10px|10px||\u00bb global_colors_info=\u00bb{}\u00bb][et_pb_column type=\u00bb1_4&#8243; _builder_version=\u00bb4.27.2&#8243; _module_preset=\u00bbdefault\u00bb background_color=\u00bb#FFFFFF\u00bb parallax=\u00bbon\u00bb overflow-x=\u00bbvisible\u00bb overflow-y=\u00bbvisible\u00bb scroll_vertical_motion=\u00bb0|50|50|100|0.3|0|0&#8243; background_color_phone=\u00bbRGBA(255,255,255,0)\u00bb background_last_edited=\u00bbon|phone\u00bb background_enable_color_phone=\u00bbon\u00bb border_radii=\u00bboff|15px|||15px\u00bb global_colors_info=\u00bb{}\u00bb][et_pb_image src=\u00bbhttps:\/\/www.portalp.com\/wp-content\/uploads\/2024\/05\/porte-coulissante-double-sans-capot-1.png\u00bb alt=\u00bbPuerta corredera doble sin tapa\u00bb disabled_on=\u00bbon|off|off\u00bb _builder_version=\u00bb4.27.2&#8243; _module_preset=\u00bbdefault\u00bb transform_translate=\u00bb0px|-60px\u00bb transform_translate_linked=\u00bboff\u00bb max_width=\u00bb80%\u00bb module_alignment=\u00bbcenter\u00bb animation_style=\u00bbslide\u00bb animation_direction=\u00bbbottom\u00bb animation_intensity_slide=\u00bb5%\u00bb custom_css_main_element=\u00bbposition: absolute;\u00bb global_colors_info=\u00bb{}\u00bb][\/et_pb_image][\/et_pb_column][et_pb_column type=\u00bb1_2&#8243; _builder_version=\u00bb4.27.2&#8243; _module_preset=\u00bbdefault\u00bb background_color=\u00bb#FFFFFF\u00bb border_radii=\u00bboff||15px|15px|\u00bb border_radii_tablet=\u00bboff||15px|15px|\u00bb border_radii_phone=\u00bbon|15px|15px|15px|15px\u00bb border_radii_last_edited=\u00bbon|desktop\u00bb global_colors_info=\u00bb{}\u00bb][et_pb_text _builder_version=\u00bb4.24.2&#8243; _module_preset=\u00bbdefault\u00bb custom_padding=\u00bb20px|20px|20px|20px|true|true\u00bb global_colors_info=\u00bb{}\u00bb]<\/p>\n<p><span style=\"font-size: 1.1em; font-weight: 600; text-align: center;\">\u00bfNo sabes c\u00f3mo elegir la puerta autom\u00e1tica adecuada a tus necesidades? <\/span><\/p>\n<p>Desde el mecanismo de accionamiento hasta las hojas, sin olvidar las carcasas, las opciones y los mandos, las diferentes configuraciones, la instalaci\u00f3n y el mantenimiento&#8230;<\/p>\n<p>Explore los componentes clave de nuestras soluciones y encuentre la puerta perfecta para sus necesidades.<\/p>\n<p>[\/et_pb_text][et_pb_button button_url=\u00bb@ET-DC@eyJkeW5hbWljIjp0cnVlLCJjb250ZW50IjoicG9zdF9saW5rX3VybF9wYWdlIiwic2V0dGluZ3MiOnsicG9zdF9pZCI6IjI2NjgifX0=@\u00bb button_text=\u00bbDescubre nuestra gu\u00eda\u00bb _builder_version=\u00bb4.27.2&#8243; _dynamic_attributes=\u00bbbutton_url\u00bb _module_preset=\u00bbdefault\u00bb custom_margin=\u00bb||20px||false|false\u00bb global_colors_info=\u00bb{}\u00bb][\/et_pb_button][\/et_pb_column][et_pb_column type=\u00bb1_4&#8243; _builder_version=\u00bb4.27.4&#8243; _dynamic_attributes=\u00bblink_option_url\u00bb _module_preset=\u00bbdefault\u00bb background_color=\u00bb#FFFFFF\u00bb custom_padding=\u00bb|15px||15px|false|true\u00bb custom_padding_tablet=\u00bb|15px||15px|false|true\u00bb custom_padding_phone=\u00bb30px|0px||0px|false|true\u00bb custom_padding_last_edited=\u00bbon|phone\u00bb link_option_url=\u00bb@ET-DC@eyJkeW5hbWljIjp0cnVlLCJjb250ZW50IjoicG9zdF9saW5rX3VybF9wYWdlIiwic2V0dGluZ3MiOnsicG9zdF9pZCI6IjE2OTQxIn19@\u00bb background_last_edited=\u00bbon|phone\u00bb background_enable_color_phone=\u00bboff\u00bb custom_css_main_element=\u00bbmargin-left:20px;||padding-bottom:20px;\u00bb border_radii=\u00bbon|15px|15px|15px|15px\u00bb global_colors_info=\u00bb{}\u00bb custom_css_main_element_tablet=\u00bbmargin-left:20px;||padding-bottom:20px;\u00bb custom_css_main_element_phone=\u00bbmargin-left:20px;||padding-bottom:20px;\u00bb custom_css_main_element_last_edited=\u00bbon|phone\u00bb][et_pb_image src=\u00bbhttps:\/\/www.portalp.com\/wp-content\/uploads\/2025\/02\/telechargement.png\u00bb alt=\u00bbDescargar pictograma\u00bb _builder_version=\u00bb4.27.4&#8243; _module_preset=\u00bbdefault\u00bb max_width=\u00bb80%\u00bb max_width_tablet=\u00bb80%\u00bb max_width_phone=\u00bb100%\u00bb max_width_last_edited=\u00bbon|phone\u00bb module_alignment=\u00bbcenter\u00bb hover_enabled=\u00bb0&#8243; global_colors_info=\u00bb{}\u00bb sticky_enabled=\u00bb0&#8243;][\/et_pb_image][et_pb_button button_url=\u00bb@ET-DC@eyJkeW5hbWljIjp0cnVlLCJjb250ZW50IjoicG9zdF9saW5rX3VybF9wYWdlIiwic2V0dGluZ3MiOnsicG9zdF9pZCI6IjE2OTQxIn19@\u00bb button_text=\u00bbDownload center\u00bb _builder_version=\u00bb4.27.2&#8243; _dynamic_attributes=\u00bbbutton_url\u00bb _module_preset=\u00bbdefault\u00bb custom_margin=\u00bb15px||||false|false\u00bb global_colors_info=\u00bb{}\u00bb][\/et_pb_button][\/et_pb_column][\/et_pb_row][et_pb_row column_structure=\u00bb1_4,1_4,1_4,1_4&#8243; make_equal=\u00bbon\u00bb disabled_on=\u00bbon|on|on\u00bb module_class=\u00bbalign-btn-bottom\u00bb _builder_version=\u00bb4.24.2&#8243; _module_preset=\u00bbdefault\u00bb custom_margin=\u00bb48px|auto||auto||\u00bb custom_css_free_form=\u00bb@media(min-width:479px) {||    selector .et_pb_text {||    position:absolute;||    left:50%;||    transform:translateX(-50%);||    width:100%;||    top:0;||  }||}\u00bb disabled=\u00bbon\u00bb global_colors_info=\u00bb{}\u00bb][et_pb_column type=\u00bb1_4&#8243; _builder_version=\u00bb4.24.2&#8243; _dynamic_attributes=\u00bblink_option_url\u00bb _module_preset=\u00bbdefault\u00bb custom_padding=\u00bb70px||||false|false\u00bb custom_padding_tablet=\u00bb70px||||false|false\u00bb custom_padding_phone=\u00bb20px||||false|false\u00bb custom_padding_last_edited=\u00bbon|phone\u00bb link_option_url=\u00bb@ET-DC@eyJkeW5hbWljIjp0cnVlLCJjb250ZW50IjoicG9zdF9saW5rX3VybF9wYWdlIiwic2V0dGluZ3MiOnsicG9zdF9pZCI6IjE2OTQxIn19@\u00bb global_colors_info=\u00bb{}\u00bb][et_pb_text _builder_version=\u00bb4.24.2&#8243; _module_preset=\u00bbdefault\u00bb custom_margin=\u00bb||||false|false\u00bb custom_margin_tablet=\u00bb||||false|false\u00bb custom_margin_phone=\u00bb||10px||false|false\u00bb custom_margin_last_edited=\u00bbon|phone\u00bb global_colors_info=\u00bb{}\u00bb]<\/p>\n<h2>Download center<\/h2>\n<p>[\/et_pb_text][et_pb_image src=\u00bbhttps:\/\/www.portalp.com\/wp-content\/uploads\/2024\/07\/telechargement.png\u00bb alt=\u00bbDescargar\u00bb _builder_version=\u00bb4.24.2&#8243; _module_preset=\u00bbdefault\u00bb global_colors_info=\u00bb{}\u00bb][\/et_pb_image][et_pb_button button_text=\u00bbM\u00e1s informaci\u00f3n\u00bb module_class=\u00bbcentered-btn\u00bb _builder_version=\u00bb4.24.2&#8243; _module_preset=\u00bbdefault\u00bb position_origin_a=\u00bbbottom_left\u00bb custom_margin=\u00bb||||false|false\u00bb global_colors_info=\u00bb{}\u00bb][\/et_pb_button][\/et_pb_column][et_pb_column type=\u00bb1_4&#8243; _builder_version=\u00bb4.24.2&#8243; _module_preset=\u00bbdefault\u00bb custom_padding=\u00bb70px||||false|false\u00bb custom_padding_tablet=\u00bb70px||||false|false\u00bb custom_padding_phone=\u00bb30px||||false|false\u00bb custom_padding_last_edited=\u00bbon|phone\u00bb global_colors_info=\u00bb{}\u00bb][et_pb_text _builder_version=\u00bb4.24.2&#8243; _module_preset=\u00bbdefault\u00bb custom_margin=\u00bb||||false|false\u00bb custom_margin_tablet=\u00bb||||false|false\u00bb custom_margin_phone=\u00bb||10px||false|false\u00bb custom_margin_last_edited=\u00bbon|phone\u00bb global_colors_info=\u00bb{}\u00bb]<\/p>\n<h2>Reglamentos y normas<\/h2>\n<p>[\/et_pb_text][et_pb_image src=\u00bbhttps:\/\/www.portalp.com\/wp-content\/uploads\/2024\/07\/reglementations-normes.png\u00bb alt=\u00bbReglamentos y normas\u00bb _builder_version=\u00bb4.24.2&#8243; _module_preset=\u00bbdefault\u00bb custom_margin=\u00bb||||false|false\u00bb global_colors_info=\u00bb{}\u00bb][\/et_pb_image][et_pb_button button_text=\u00bbM\u00e1s informaci\u00f3n\u00bb module_class=\u00bbcentered-btn\u00bb _builder_version=\u00bb4.24.2&#8243; _module_preset=\u00bbdefault\u00bb position_origin_a=\u00bbbottom_left\u00bb custom_margin=\u00bb||||false|false\u00bb custom_css_free_form=\u00bbselector .et_pb_button_module_wrapper {||  position:absolute;||  left:50%;||  transform:translateX(-50%);||  width:100%;||}\u00bb global_colors_info=\u00bb{}\u00bb][\/et_pb_button][\/et_pb_column][et_pb_column type=\u00bb1_4&#8243; _builder_version=\u00bb4.24.2&#8243; _module_preset=\u00bbdefault\u00bb custom_padding=\u00bb70px||||false|false\u00bb custom_padding_tablet=\u00bb70px||||false|false\u00bb custom_padding_phone=\u00bb30px||||false|false\u00bb custom_padding_last_edited=\u00bbon|phone\u00bb global_colors_info=\u00bb{}\u00bb][et_pb_text _builder_version=\u00bb4.24.2&#8243; _module_preset=\u00bbdefault\u00bb custom_margin=\u00bb||||false|false\u00bb custom_margin_tablet=\u00bb||||false|false\u00bb custom_margin_phone=\u00bb||10px||false|false\u00bb custom_margin_last_edited=\u00bbon|phone\u00bb global_colors_info=\u00bb{}\u00bb]<\/p>\n<h2>Glosario<\/h2>\n<p>[\/et_pb_text][et_pb_image src=\u00bbhttps:\/\/www.portalp.com\/wp-content\/uploads\/2024\/07\/glossaire.png\u00bb alt=\u00bbGlosario\u00bb _builder_version=\u00bb4.24.2&#8243; _module_preset=\u00bbdefault\u00bb custom_margin=\u00bb||||false|false\u00bb global_colors_info=\u00bb{}\u00bb][\/et_pb_image][et_pb_button button_text=\u00bbM\u00e1s informaci\u00f3n\u00bb admin_label=\u00bbBouton\u00bb module_class=\u00bbcentered-btn\u00bb _builder_version=\u00bb4.24.2&#8243; _module_preset=\u00bbdefault\u00bb position_origin_a=\u00bbbottom_left\u00bb custom_margin=\u00bb||||false|false\u00bb custom_css_free_form=\u00bbselector .et_pb_button_module_wrapper {||  position:absolute;||  left:50%;||  transform:translateX(-50%);||  width:100%;||}\u00bb global_colors_info=\u00bb{}\u00bb][\/et_pb_button][\/et_pb_column][et_pb_column type=\u00bb1_4&#8243; _builder_version=\u00bb4.24.2&#8243; _module_preset=\u00bbdefault\u00bb custom_padding=\u00bb70px||||false|false\u00bb custom_padding_tablet=\u00bb70px||||false|false\u00bb custom_padding_phone=\u00bb30px||||false|false\u00bb custom_padding_last_edited=\u00bbon|phone\u00bb global_colors_info=\u00bb{}\u00bb][et_pb_text _builder_version=\u00bb4.24.2&#8243; _module_preset=\u00bbdefault\u00bb custom_margin=\u00bb||||false|false\u00bb custom_margin_tablet=\u00bb||||false|false\u00bb custom_margin_phone=\u00bb||10px||false|false\u00bb custom_margin_last_edited=\u00bbon|phone\u00bb global_colors_info=\u00bb{}\u00bb]<\/p>\n<h2>Preguntas frecuentes<\/h2>\n<p>[\/et_pb_text][et_pb_image src=\u00bbhttps:\/\/www.portalp.com\/wp-content\/uploads\/2024\/07\/faq.png\u00bb alt=\u00bbPreguntas frecuentes\u00bb _builder_version=\u00bb4.24.2&#8243; _module_preset=\u00bbdefault\u00bb custom_margin=\u00bb||||false|false\u00bb global_colors_info=\u00bb{}\u00bb][\/et_pb_image][et_pb_button button_text=\u00bbM\u00e1s informaci\u00f3n\u00bb module_class=\u00bbcentered-btn\u00bb _builder_version=\u00bb4.24.2&#8243; _module_preset=\u00bbdefault\u00bb position_origin_a=\u00bbbottom_left\u00bb custom_margin=\u00bb||||false|false\u00bb custom_css_free_form=\u00bbselector .et_pb_button_module_wrapper {||  position:absolute;||  left:50%;||  transform:translateX(-50%);||  width:100%;||}\u00bb global_colors_info=\u00bb{}\u00bb][\/et_pb_button][\/et_pb_column][\/et_pb_row][\/et_pb_section]<\/p>\n","protected":false},"excerpt":{"rendered":"<p><span><span><a href=\"https:\/\/www.portalp.com\/es_ES\/\">Inicio<\/a><\/span><\/span>Herramientas y medios\u00bfNo sabes c\u00f3mo elegir la puerta autom\u00e1tica adecuada a tus necesidades? Desde el mecanismo de accionamiento hasta las hojas, sin olvidar las carcasas, las opciones y los mandos, las diferentes configuraciones, la instalaci\u00f3n y el mantenimiento&#8230; Explore los componentes clave de nuestras soluciones y encuentre la puerta perfecta para sus necesidades.Download centerReglamentos y [&hellip;]<\/p>\n","protected":false},"author":1,"featured_media":0,"parent":0,"menu_order":0,"comment_status":"closed","ping_status":"closed","template":"","meta":{"_et_pb_use_builder":"on","_et_pb_old_content":"","_et_gb_content_width":"","footnotes":""},"class_list":["post-37963","page","type-page","status-publish","hentry"],"yoast_head":"<!-- This site is optimized with the Yoast SEO plugin v27.4 - https:\/\/yoast.com\/product\/yoast-seo-wordpress\/ -->\n<title>Herramientas y medios | Portalp<\/title>\n<meta name=\"description\" content=\"Acceda a nuestra gu\u00eda de selecci\u00f3n y descargue recursos que le ayudar\u00e1n a elegir y optimizar sus soluciones de automatizaci\u00f3n de puertas.\" \/>\n<meta name=\"robots\" content=\"index, follow, max-snippet:-1, max-image-preview:large, max-video-preview:-1\" \/>\n<link rel=\"canonical\" href=\"https:\/\/www.portalp.com\/es_ES\/herramientas-y-medios\/\" \/>\n<meta property=\"og:locale\" content=\"es_ES\" \/>\n<meta property=\"og:type\" content=\"article\" \/>\n<meta property=\"og:title\" content=\"Herramientas y medios | Portalp\" \/>\n<meta property=\"og:description\" content=\"Acceda a nuestra gu\u00eda de selecci\u00f3n y descargue recursos que le ayudar\u00e1n a elegir y optimizar sus soluciones de automatizaci\u00f3n de puertas.\" \/>\n<meta property=\"og:url\" content=\"https:\/\/www.portalp.com\/es_ES\/herramientas-y-medios\/\" \/>\n<meta property=\"og:site_name\" content=\"Portalp\" \/>\n<meta property=\"article:modified_time\" content=\"2025-02-14T14:52:06+00:00\" \/>\n<meta property=\"og:image\" content=\"https:\/\/www.portalp.com\/wp-content\/uploads\/2024\/05\/Logo-PORTALP_coul-72.png\" \/>\n\t<meta property=\"og:image:width\" content=\"375\" \/>\n\t<meta property=\"og:image:height\" content=\"142\" \/>\n\t<meta property=\"og:image:type\" content=\"image\/png\" \/>\n<meta name=\"twitter:card\" content=\"summary_large_image\" \/>\n<meta name=\"twitter:label1\" content=\"Tiempo de lectura\" \/>\n\t<meta name=\"twitter:data1\" content=\"1 minuto\" \/>\n<script type=\"application\/ld+json\" class=\"yoast-schema-graph\">{\"@context\":\"https:\\\/\\\/schema.org\",\"@graph\":[{\"@type\":\"WebPage\",\"@id\":\"https:\\\/\\\/www.portalp.com\\\/es_ES\\\/herramientas-y-medios\\\/\",\"url\":\"https:\\\/\\\/www.portalp.com\\\/es_ES\\\/herramientas-y-medios\\\/\",\"name\":\"Herramientas y medios | Portalp\",\"isPartOf\":{\"@id\":\"https:\\\/\\\/www.portalp.com\\\/es_ES\\\/#website\"},\"datePublished\":\"2024-07-22T08:20:02+00:00\",\"dateModified\":\"2025-02-14T14:52:06+00:00\",\"description\":\"Acceda a nuestra gu\u00eda de selecci\u00f3n y descargue recursos que le ayudar\u00e1n a elegir y optimizar sus soluciones de automatizaci\u00f3n de puertas.\",\"breadcrumb\":{\"@id\":\"https:\\\/\\\/www.portalp.com\\\/es_ES\\\/herramientas-y-medios\\\/#breadcrumb\"},\"inLanguage\":\"es\",\"potentialAction\":[{\"@type\":\"ReadAction\",\"target\":[\"https:\\\/\\\/www.portalp.com\\\/es_ES\\\/herramientas-y-medios\\\/\"]}]},{\"@type\":\"BreadcrumbList\",\"@id\":\"https:\\\/\\\/www.portalp.com\\\/es_ES\\\/herramientas-y-medios\\\/#breadcrumb\",\"itemListElement\":[{\"@type\":\"ListItem\",\"position\":1,\"name\":\"Inicio\",\"item\":\"https:\\\/\\\/www.portalp.com\\\/es_ES\\\/\"},{\"@type\":\"ListItem\",\"position\":2,\"name\":\"Herramientas y medios\"}]},{\"@type\":\"WebSite\",\"@id\":\"https:\\\/\\\/www.portalp.com\\\/es_ES\\\/#website\",\"url\":\"https:\\\/\\\/www.portalp.com\\\/es_ES\\\/\",\"name\":\"Portalp\",\"description\":\"\",\"publisher\":{\"@id\":\"https:\\\/\\\/www.portalp.com\\\/es_ES\\\/#organization\"},\"potentialAction\":[{\"@type\":\"SearchAction\",\"target\":{\"@type\":\"EntryPoint\",\"urlTemplate\":\"https:\\\/\\\/www.portalp.com\\\/es_ES\\\/?s={search_term_string}\"},\"query-input\":{\"@type\":\"PropertyValueSpecification\",\"valueRequired\":true,\"valueName\":\"search_term_string\"}}],\"inLanguage\":\"es\"},{\"@type\":\"Organization\",\"@id\":\"https:\\\/\\\/www.portalp.com\\\/es_ES\\\/#organization\",\"name\":\"Portalp\",\"url\":\"https:\\\/\\\/www.portalp.com\\\/es_ES\\\/\",\"logo\":{\"@type\":\"ImageObject\",\"inLanguage\":\"es\",\"@id\":\"https:\\\/\\\/www.portalp.com\\\/es_ES\\\/#\\\/schema\\\/logo\\\/image\\\/\",\"url\":\"https:\\\/\\\/www.portalp.com\\\/wp-content\\\/uploads\\\/2024\\\/05\\\/Logo-PORTALP_coul-72.png\",\"contentUrl\":\"https:\\\/\\\/www.portalp.com\\\/wp-content\\\/uploads\\\/2024\\\/05\\\/Logo-PORTALP_coul-72.png\",\"width\":375,\"height\":142,\"caption\":\"Portalp\"},\"image\":{\"@id\":\"https:\\\/\\\/www.portalp.com\\\/es_ES\\\/#\\\/schema\\\/logo\\\/image\\\/\"},\"sameAs\":[\"https:\\\/\\\/www.linkedin.com\\\/company\\\/portalp\"]}]}<\/script>\n<!-- \/ Yoast SEO plugin. -->","yoast_head_json":{"title":"Herramientas y medios | Portalp","description":"Acceda a nuestra gu\u00eda de selecci\u00f3n y descargue recursos que le ayudar\u00e1n a elegir y optimizar sus soluciones de automatizaci\u00f3n de puertas.","robots":{"index":"index","follow":"follow","max-snippet":"max-snippet:-1","max-image-preview":"max-image-preview:large","max-video-preview":"max-video-preview:-1"},"canonical":"https:\/\/www.portalp.com\/es_ES\/herramientas-y-medios\/","og_locale":"es_ES","og_type":"article","og_title":"Herramientas y medios | Portalp","og_description":"Acceda a nuestra gu\u00eda de selecci\u00f3n y descargue recursos que le ayudar\u00e1n a elegir y optimizar sus soluciones de automatizaci\u00f3n de puertas.","og_url":"https:\/\/www.portalp.com\/es_ES\/herramientas-y-medios\/","og_site_name":"Portalp","article_modified_time":"2025-02-14T14:52:06+00:00","og_image":[{"width":375,"height":142,"url":"https:\/\/www.portalp.com\/wp-content\/uploads\/2024\/05\/Logo-PORTALP_coul-72.png","type":"image\/png"}],"twitter_card":"summary_large_image","twitter_misc":{"Tiempo de lectura":"1 minuto"},"schema":{"@context":"https:\/\/schema.org","@graph":[{"@type":"WebPage","@id":"https:\/\/www.portalp.com\/es_ES\/herramientas-y-medios\/","url":"https:\/\/www.portalp.com\/es_ES\/herramientas-y-medios\/","name":"Herramientas y medios | Portalp","isPartOf":{"@id":"https:\/\/www.portalp.com\/es_ES\/#website"},"datePublished":"2024-07-22T08:20:02+00:00","dateModified":"2025-02-14T14:52:06+00:00","description":"Acceda a nuestra gu\u00eda de selecci\u00f3n y descargue recursos que le ayudar\u00e1n a elegir y optimizar sus soluciones de automatizaci\u00f3n de puertas.","breadcrumb":{"@id":"https:\/\/www.portalp.com\/es_ES\/herramientas-y-medios\/#breadcrumb"},"inLanguage":"es","potentialAction":[{"@type":"ReadAction","target":["https:\/\/www.portalp.com\/es_ES\/herramientas-y-medios\/"]}]},{"@type":"BreadcrumbList","@id":"https:\/\/www.portalp.com\/es_ES\/herramientas-y-medios\/#breadcrumb","itemListElement":[{"@type":"ListItem","position":1,"name":"Inicio","item":"https:\/\/www.portalp.com\/es_ES\/"},{"@type":"ListItem","position":2,"name":"Herramientas y medios"}]},{"@type":"WebSite","@id":"https:\/\/www.portalp.com\/es_ES\/#website","url":"https:\/\/www.portalp.com\/es_ES\/","name":"Portalp","description":"","publisher":{"@id":"https:\/\/www.portalp.com\/es_ES\/#organization"},"potentialAction":[{"@type":"SearchAction","target":{"@type":"EntryPoint","urlTemplate":"https:\/\/www.portalp.com\/es_ES\/?s={search_term_string}"},"query-input":{"@type":"PropertyValueSpecification","valueRequired":true,"valueName":"search_term_string"}}],"inLanguage":"es"},{"@type":"Organization","@id":"https:\/\/www.portalp.com\/es_ES\/#organization","name":"Portalp","url":"https:\/\/www.portalp.com\/es_ES\/","logo":{"@type":"ImageObject","inLanguage":"es","@id":"https:\/\/www.portalp.com\/es_ES\/#\/schema\/logo\/image\/","url":"https:\/\/www.portalp.com\/wp-content\/uploads\/2024\/05\/Logo-PORTALP_coul-72.png","contentUrl":"https:\/\/www.portalp.com\/wp-content\/uploads\/2024\/05\/Logo-PORTALP_coul-72.png","width":375,"height":142,"caption":"Portalp"},"image":{"@id":"https:\/\/www.portalp.com\/es_ES\/#\/schema\/logo\/image\/"},"sameAs":["https:\/\/www.linkedin.com\/company\/portalp"]}]}},"_links":{"self":[{"href":"https:\/\/www.portalp.com\/es_ES\/wp-json\/wp\/v2\/pages\/37963","targetHints":{"allow":["GET"]}}],"collection":[{"href":"https:\/\/www.portalp.com\/es_ES\/wp-json\/wp\/v2\/pages"}],"about":[{"href":"https:\/\/www.portalp.com\/es_ES\/wp-json\/wp\/v2\/types\/page"}],"author":[{"embeddable":true,"href":"https:\/\/www.portalp.com\/es_ES\/wp-json\/wp\/v2\/users\/1"}],"replies":[{"embeddable":true,"href":"https:\/\/www.portalp.com\/es_ES\/wp-json\/wp\/v2\/comments?post=37963"}],"version-history":[{"count":0,"href":"https:\/\/www.portalp.com\/es_ES\/wp-json\/wp\/v2\/pages\/37963\/revisions"}],"wp:attachment":[{"href":"https:\/\/www.portalp.com\/es_ES\/wp-json\/wp\/v2\/media?parent=37963"}],"curies":[{"name":"wp","href":"https:\/\/api.w.org\/{rel}","templated":true}]}}