{"id":19273,"date":"2024-04-08T13:23:59","date_gmt":"2024-04-08T12:23:59","guid":{"rendered":"https:\/\/www.portalp.com\/soluciones\/fachadas-de-anden\/"},"modified":"2024-11-25T16:42:55","modified_gmt":"2024-11-25T15:42:55","slug":"fachadas-de-anden","status":"publish","type":"page","link":"https:\/\/www.portalp.com\/es_ES\/soluciones\/fachadas-de-anden\/","title":{"rendered":"Fachadas de and\u00e9n"},"content":{"rendered":"<p>[et_pb_section fb_built=\u00bb1&#8243; _builder_version=\u00bb4.24.2&#8243; _module_preset=\u00bbdefault\u00bb background_image=\u00bbhttps:\/\/www.portalp.com\/wp-content\/uploads\/2024\/04\/facades-de-quai.jpg\u00bb height=\u00bb80vh\u00bb height_tablet=\u00bb80vh\u00bb height_phone=\u00bb70vh\u00bb height_last_edited=\u00bbon|desktop\u00bb custom_padding=\u00bb||||false|false\u00bb global_colors_info=\u00bb{}\u00bb][et_pb_row column_structure=\u00bb2_5,3_5&#8243; _builder_version=\u00bb4.24.2&#8243; _module_preset=\u00bbdefault\u00bb position_origin_a=\u00bbbottom_center\u00bb vertical_offset=\u00bb50%\u00bb width=\u00bb100%\u00bb max_width=\u00bb100%\u00bb custom_padding=\u00bb||||false|false\u00bb custom_css_main_element=\u00bbtransform: translateY(-30%);\u00bb global_colors_info=\u00bb{}\u00bb][et_pb_column type=\u00bb2_5&#8243; _builder_version=\u00bb4.24.2&#8243; _module_preset=\u00bbdefault\u00bb background_color=\u00bbrgba(206,27,0,0.58)\u00bb background_enable_color=\u00bboff\u00bb use_background_color_gradient=\u00bbon\u00bb background_color_gradient_stops=\u00bbrgba(0,117,191,0.8) 0%|rgba(0,27,56,0.8) 100%\u00bb transform_translate=\u00bb-20px|0px\u00bb transform_translate_linked=\u00bboff\u00bb transform_skew=\u00bb20deg|0deg\u00bb transform_skew_linked=\u00bboff\u00bb custom_css_main_element=\u00bbmax-width:50%;\u00bb border_radii=\u00bbon|60px|60px|60px|60px\u00bb border_radii_tablet=\u00bbon|60px|60px|60px|60px\u00bb border_radii_phone=\u00bbon|40px|40px|40px|40px\u00bb border_radii_last_edited=\u00bbon|phone\u00bb global_colors_info=\u00bb{}\u00bb custom_css_main_element_last_edited=\u00bbon|phone\u00bb custom_css_main_element_phone=\u00bbmax-width: 90%;\u00bb custom_css_main_element_tablet=\u00bbmax-width:50%;\u00bb][et_pb_text _builder_version=\u00bb4.24.2&#8243; _module_preset=\u00bbdefault\u00bb header_font=\u00bb|600|||||||\u00bb header_text_color=\u00bb#FFFFFF\u00bb header_font_size=\u00bb40px\u00bb transform_skew=\u00bb-20deg|0deg\u00bb transform_skew_linked=\u00bboff\u00bb min_height=\u00bb30vh\u00bb custom_margin=\u00bb||0px||false|false\u00bb custom_padding=\u00bb8%|10%|8%|15%|true|false\u00bb header_font_size_tablet=\u00bb40px\u00bb header_font_size_phone=\u00bb26px\u00bb header_font_size_last_edited=\u00bbon|phone\u00bb custom_css_main_element=\u00bbdisplay:flex;||align-items: center;\u00bb global_colors_info=\u00bb{}\u00bb]<\/p>\n<h1>Fachadas de and\u00e9n<\/h1>\n<p>[\/et_pb_text][\/et_pb_column][et_pb_column type=\u00bb3_5&#8243; _builder_version=\u00bb4.24.2&#8243; _module_preset=\u00bbdefault\u00bb global_colors_info=\u00bb{}\u00bb][\/et_pb_column][\/et_pb_row][\/et_pb_section][et_pb_section fb_built=\u00bb1&#8243; _builder_version=\u00bb4.24.2&#8243; _module_preset=\u00bbdefault\u00bb global_colors_info=\u00bb{}\u00bb][et_pb_row _builder_version=\u00bb4.24.2&#8243; _module_preset=\u00bbdefault\u00bb global_colors_info=\u00bb{}\u00bb][et_pb_column type=\u00bb4_4&#8243; _builder_version=\u00bb4.24.2&#8243; _module_preset=\u00bbdefault\u00bb global_colors_info=\u00bb{}\u00bb][et_pb_text _builder_version=\u00bb4.24.2&#8243; _module_preset=\u00bbdefault\u00bb text_font=\u00bb||on||||||\u00bb text_text_color=\u00bb#B49988&#8243; text_font_size=\u00bb40px\u00bb text_orientation=\u00bbcenter\u00bb custom_css_free_form=\u00bbselector .et_pb_text_inner {||  display: inline-block;||}||||selector p::before {||  content: url(&#8216;https:\/\/www.portalp.com\/wp-content\/uploads\/2024\/04\/guillemet-ouverture-1.jpg&#8217;);||  margin-right:15px;||}||||selector p::after {||  content: url(&#8216;https:\/\/www.portalp.com\/wp-content\/uploads\/2024\/04\/guillemet-fermeture-1.jpg&#8217;);||  margin-left:15px;||}\u00bb global_colors_info=\u00bb{}\u00bb]<\/p>\n<p>Because <strong style=\"color: #005b94;\">Availability<\/strong> And <strong style=\"color: #005b94;\">Safety<\/strong><br \/>Are More Than <strong style=\"color: #005b94;\">French<\/strong> Luxury<\/p>\n<p>[\/et_pb_text][et_pb_text _builder_version=\u00bb4.24.2&#8243; _module_preset=\u00bbdefault\u00bb text_orientation=\u00bbcenter\u00bb global_colors_info=\u00bb{}\u00bb]<\/p>\n<h2>Soluciones de apertura automatizada para infraestructuras ferroviarias<\/h2>\n<p>Portalp Railway cuenta con m\u00e1s de 60 a\u00f1os de experiencia en los automatismos de apertura adaptados a un mercado internacional espec\u00edfico: el transporte ferroviario.<\/p>\n<p>[\/et_pb_text][et_pb_text _builder_version=\u00bb4.24.2&#8243; _module_preset=\u00bbdefault\u00bb text_orientation=\u00bbcenter\u00bb global_colors_info=\u00bb{}\u00bb]<\/p>\n<h2>Una gama de fachadas de and\u00e9n de metro a medida<\/h2>\n<p>Portalp ofrece una soluci\u00f3n global para fachadas de and\u00e9n, compuesta por uno o varios m\u00f3dulos de puertas de and\u00e9n, sus m\u00f3dulos de control, una barra antip\u00e1nico y puertas de fin de and\u00e9n. Por \u00faltimo, nuestras soluciones de fachada de and\u00e9n tambi\u00e9n incluyen puertas batientes espec\u00edficas para los conductores.<\/p>\n<p>[\/et_pb_text][et_pb_button button_url=\u00bbhttps:\/\/railway.portalp.com\u00bb url_new_window=\u00bbon\u00bb button_text=\u00bbDescubra nuestra web dedicada al ferrocarril \u00bb module_class=\u00bblink-to-railway\u00bb _builder_version=\u00bb4.24.2&#8243; _module_preset=\u00bbdefault\u00bb button_icon=\u00bb&#xf35d;||fa||900&#8243; button_on_hover=\u00bboff\u00bb global_colors_info=\u00bb{}\u00bb][\/et_pb_button][\/et_pb_column][\/et_pb_row][\/et_pb_section][et_pb_section fb_built=\u00bb1&#8243; _builder_version=\u00bb4.24.2&#8243; _module_preset=\u00bbdefault\u00bb background_color=\u00bb#E4DAD3&#8243; global_colors_info=\u00bb{}\u00bb][et_pb_row _builder_version=\u00bb4.24.2&#8243; _module_preset=\u00bbdefault\u00bb global_colors_info=\u00bb{}\u00bb][et_pb_column type=\u00bb4_4&#8243; _builder_version=\u00bb4.24.2&#8243; _module_preset=\u00bbdefault\u00bb global_colors_info=\u00bb{}\u00bb][et_pb_text _builder_version=\u00bb4.24.2&#8243; _module_preset=\u00bbdefault\u00bb text_orientation=\u00bbcenter\u00bb global_colors_info=\u00bb{}\u00bb]<\/p>\n<h2>Soluciones de puertas de and\u00e9n completas<\/h2>\n<p>[\/et_pb_text][\/et_pb_column][\/et_pb_row][et_pb_row column_structure=\u00bb1_3,1_3,1_3&#8243; make_equal=\u00bbon\u00bb _builder_version=\u00bb4.24.2&#8243; _module_preset=\u00bbdefault\u00bb global_colors_info=\u00bb{}\u00bb][et_pb_column type=\u00bb1_3&#8243; _builder_version=\u00bb4.24.2&#8243; _module_preset=\u00bbdefault\u00bb background_color=\u00bb#FFFFFF\u00bb link_option_url=\u00bbhttps:\/\/railway.portalp.com\/facades-de-quai\/portes-palieres-quai-hautes\/\u00bb link_option_url_new_window=\u00bbon\u00bb border_radii=\u00bbon|15px|15px|15px|15px\u00bb global_colors_info=\u00bb{}\u00bb][et_pb_image src=\u00bbhttps:\/\/www.portalp.com\/wp-content\/uploads\/2024\/04\/porte-paliere-quai-haute.jpg\u00bb alt=\u00bbPuertas de and\u00e9n altura completa\u00bb _builder_version=\u00bb4.24.2&#8243; _module_preset=\u00bbdefault\u00bb global_colors_info=\u00bb{}\u00bb][\/et_pb_image][et_pb_text _builder_version=\u00bb4.24.2&#8243; _module_preset=\u00bbdefault\u00bb header_3_text_align=\u00bbcenter\u00bb header_3_text_color=\u00bb#005B94&#8243; text_orientation=\u00bbcenter\u00bb custom_margin=\u00bb|20px|20px|20px|false|true\u00bb global_colors_info=\u00bb{}\u00bb]<\/p>\n<h3>Puertas de and\u00e9n altura completa<\/h3>\n<p>Nuestras puertas de and\u00e9n altura completa facilitan y hacen m\u00e1s segura la entrada a los vagones, modernizan la infraestructura y mejoran el aislamiento t\u00e9rmico y ac\u00fastico.<\/p>\n<p>[\/et_pb_text][\/et_pb_column][et_pb_column type=\u00bb1_3&#8243; _builder_version=\u00bb4.24.2&#8243; _module_preset=\u00bbdefault\u00bb background_color=\u00bb#FFFFFF\u00bb link_option_url=\u00bbhttps:\/\/railway.portalp.com\/facades-de-quai\/portes-palieres-quai-basses\/\u00bb link_option_url_new_window=\u00bbon\u00bb border_radii=\u00bbon|15px|15px|15px|15px\u00bb global_colors_info=\u00bb{}\u00bb][et_pb_image src=\u00bbhttps:\/\/www.portalp.com\/wp-content\/uploads\/2024\/04\/porte-paliere-quai-basse.jpg\u00bb alt=\u00bbPuertas de and\u00e9n media altura\u00bb _builder_version=\u00bb4.24.2&#8243; _module_preset=\u00bbdefault\u00bb global_colors_info=\u00bb{}\u00bb][\/et_pb_image][et_pb_text _builder_version=\u00bb4.24.2&#8243; _module_preset=\u00bbdefault\u00bb header_3_text_align=\u00bbcenter\u00bb header_3_text_color=\u00bb#005B94&#8243; text_orientation=\u00bbcenter\u00bb custom_margin=\u00bb|20px|20px|20px|false|true\u00bb global_colors_info=\u00bb{}\u00bb]<\/p>\n<h3>Puertas de and\u00e9n media altura<\/h3>\n<p>Nuestras puertas de and\u00e9n media altura proporcionan un acceso f\u00e1cil y seguro a los vagones y son adecuadas para estaciones al aire libre e instalaciones peque\u00f1as.<\/p>\n<p>[\/et_pb_text][\/et_pb_column][et_pb_column type=\u00bb1_3&#8243; _builder_version=\u00bb4.24.2&#8243; _module_preset=\u00bbdefault\u00bb background_color=\u00bb#FFFFFF\u00bb link_option_url=\u00bbhttps:\/\/railway.portalp.com\/facades-de-quai\/portes-extremite-de-quai\/\u00bb link_option_url_new_window=\u00bbon\u00bb border_radii=\u00bbon|15px|15px|15px|15px\u00bb global_colors_info=\u00bb{}\u00bb][et_pb_image src=\u00bbhttps:\/\/www.portalp.com\/wp-content\/uploads\/2024\/04\/porte-extremite-quai.jpg\u00bb alt=\u00bbPuertas de fin de and\u00e9n\u00bb _builder_version=\u00bb4.24.2&#8243; _module_preset=\u00bbdefault\u00bb global_colors_info=\u00bb{}\u00bb][\/et_pb_image][et_pb_text _builder_version=\u00bb4.27.2&#8243; _module_preset=\u00bbdefault\u00bb header_3_text_align=\u00bbcenter\u00bb header_3_text_color=\u00bb#005B94&#8243; text_orientation=\u00bbcenter\u00bb custom_margin=\u00bb|20px|20px|20px|false|true\u00bb global_colors_info=\u00bb{}\u00bb]<\/p>\n<h3>Puerta de fin de and\u00e9n<\/h3>\n<p>Las puertas de fin de and\u00e9n restringen el acceso a los t\u00faneles ferroviarios \u00fanicamente a las personas autorizadas y permiten la evacuaci\u00f3n de los t\u00faneles en caso de emergencia.<\/p>\n<p>[\/et_pb_text][\/et_pb_column][\/et_pb_row][et_pb_row column_structure=\u00bb1_3,1_3,1_3&#8243; make_equal=\u00bbon\u00bb _builder_version=\u00bb4.24.2&#8243; _module_preset=\u00bbdefault\u00bb global_colors_info=\u00bb{}\u00bb][et_pb_column type=\u00bb1_3&#8243; _builder_version=\u00bb4.24.2&#8243; _module_preset=\u00bbdefault\u00bb background_color=\u00bb#FFFFFF\u00bb link_option_url=\u00bbhttps:\/\/railway.portalp.com\/facades-de-quai\/push-bar\/\u00bb link_option_url_new_window=\u00bbon\u00bb border_radii=\u00bbon|15px|15px|15px|15px\u00bb global_colors_info=\u00bb{}\u00bb][et_pb_image src=\u00bbhttps:\/\/www.portalp.com\/wp-content\/uploads\/2024\/04\/push-bar-facade-quai.jpg\u00bb alt=\u00bbPush bar<br \/>\u00bb _builder_version=\u00bb4.24.2&#8243; _module_preset=\u00bbdefault\u00bb global_colors_info=\u00bb{}\u00bb][\/et_pb_image][et_pb_text _builder_version=\u00bb4.24.2&#8243; _module_preset=\u00bbdefault\u00bb header_3_text_align=\u00bbcenter\u00bb header_3_text_color=\u00bb#005B94&#8243; text_orientation=\u00bbcenter\u00bb custom_margin=\u00bb|20px|20px|20px|false|true\u00bb global_colors_info=\u00bb{}\u00bb]<\/p>\n<h3>Push bar<\/h3>\n<p>El sistema de barras de empuje para puertas batientes de emergencia ha sido desarrollado por Portalp de conformidad con la norma EN 1125 para permitir una evacuaci\u00f3n r\u00e1pida y eficaz desde el and\u00e9n del metro.<\/p>\n<p>[\/et_pb_text][\/et_pb_column][et_pb_column type=\u00bb1_3&#8243; _builder_version=\u00bb4.24.2&#8243; _module_preset=\u00bbdefault\u00bb background_color=\u00bb#FFFFFF\u00bb link_option_url=\u00bbhttps:\/\/railway.portalp.com\/solutions-metallerie\/\u00bb link_option_url_new_window=\u00bbon\u00bb border_radii=\u00bbon|15px|15px|15px|15px\u00bb global_colors_info=\u00bb{}\u00bb][et_pb_image src=\u00bbhttps:\/\/www.portalp.com\/wp-content\/uploads\/2024\/04\/portillon-acces.jpg\u00bb alt=\u00bbPuerta de acceso\u00bb _builder_version=\u00bb4.24.2&#8243; _module_preset=\u00bbdefault\u00bb global_colors_info=\u00bb{}\u00bb][\/et_pb_image][et_pb_text _builder_version=\u00bb4.24.2&#8243; _module_preset=\u00bbdefault\u00bb header_3_text_align=\u00bbcenter\u00bb header_3_text_color=\u00bb#005B94&#8243; text_orientation=\u00bbcenter\u00bb custom_margin=\u00bb|20px|20px|20px|false|true\u00bb global_colors_info=\u00bb{}\u00bb]<\/p>\n<h3>Equipos y soluciones en carpinteria metalica<\/h3>\n<p>Con nuestra experiencia en construcciones met\u00e1licas y otras soluciones ferroviarias, desarrollamos equipos para mejorar la experiencia de los pasajeros y el personal ferroviario.<\/p>\n<p>[\/et_pb_text][\/et_pb_column][et_pb_column type=\u00bb1_3&#8243; _builder_version=\u00bb4.24.2&#8243; _module_preset=\u00bbdefault\u00bb background_color=\u00bb#FFFFFF\u00bb link_option_url=\u00bbhttps:\/\/railway.portalp.com\/services\/maintenance\/\u00bb link_option_url_new_window=\u00bbon\u00bb border_radii=\u00bbon|15px|15px|15px|15px\u00bb global_colors_info=\u00bb{}\u00bb][et_pb_image src=\u00bbhttps:\/\/www.portalp.com\/wp-content\/uploads\/2024\/04\/maintenance-facade-quai.jpg\u00bb alt=\u00bbMantenimiento de los fachadas de and\u00e9n\u00bb _builder_version=\u00bb4.24.2&#8243; _module_preset=\u00bbdefault\u00bb global_colors_info=\u00bb{}\u00bb][\/et_pb_image][et_pb_text _builder_version=\u00bb4.24.2&#8243; _module_preset=\u00bbdefault\u00bb header_3_text_align=\u00bbcenter\u00bb header_3_text_color=\u00bb#005B94&#8243; text_orientation=\u00bbcenter\u00bb custom_margin=\u00bb|20px|20px|20px|false|true\u00bb global_colors_info=\u00bb{}\u00bb]<\/p>\n<h3>Instalaci\u00f3n y mantenimiento<\/h3>\n<p>Nuestra experiencia profesional y nuestra agilidad nos permiten instalar y mantener sus soluciones Portalp Railway o multimarca.<\/p>\n<p>[\/et_pb_text][\/et_pb_column][\/et_pb_row][et_pb_row _builder_version=\u00bb4.24.2&#8243; _module_preset=\u00bbdefault\u00bb global_colors_info=\u00bb{}\u00bb][et_pb_column type=\u00bb4_4&#8243; _builder_version=\u00bb4.24.2&#8243; _module_preset=\u00bbdefault\u00bb global_colors_info=\u00bb{}\u00bb][et_pb_button button_url=\u00bbhttps:\/\/railway.portalp.com\/\u00bb url_new_window=\u00bbon\u00bb button_text=\u00bbDescubra nuestra web dedicada al ferrocarril \u00bb module_class=\u00bblink-to-railway\u00bb _builder_version=\u00bb4.24.2&#8243; _module_preset=\u00bbdefault\u00bb button_icon=\u00bb&#xf35d;||fa||900&#8243; button_on_hover=\u00bboff\u00bb global_colors_info=\u00bb{}\u00bb][\/et_pb_button][\/et_pb_column][\/et_pb_row][\/et_pb_section]<\/p>\n","protected":false},"excerpt":{"rendered":"<p>Fachadas de and\u00e9nBecause Availability And SafetyAre More Than French LuxurySoluciones de apertura automatizada para infraestructuras ferroviarias Portalp Railway cuenta con m\u00e1s de 60 a\u00f1os de experiencia en los automatismos de apertura adaptados a un mercado internacional espec\u00edfico: el transporte ferroviario.Una gama de fachadas de and\u00e9n de metro a medida Portalp ofrece una soluci\u00f3n global para [&hellip;]<\/p>\n","protected":false},"author":1,"featured_media":7040,"parent":19198,"menu_order":0,"comment_status":"closed","ping_status":"closed","template":"","meta":{"_et_pb_use_builder":"on","_et_pb_old_content":"","_et_gb_content_width":"","footnotes":""},"class_list":["post-19273","page","type-page","status-publish","has-post-thumbnail","hentry"],"yoast_head":"<!-- This site is optimized with the Yoast SEO plugin v27.4 - https:\/\/yoast.com\/product\/yoast-seo-wordpress\/ -->\n<title>Fachadas de and\u00e9n | Portalp<\/title>\n<meta name=\"description\" content=\"Descubra nuestras soluciones automatizadas de fachada de and\u00e9n, dise\u00f1adas para mejorar la seguridad y la eficacia de las infraestructuras ferroviarias.\" \/>\n<meta name=\"robots\" content=\"index, follow, max-snippet:-1, max-image-preview:large, max-video-preview:-1\" \/>\n<link rel=\"canonical\" href=\"https:\/\/www.portalp.com\/es_ES\/soluciones\/fachadas-de-anden\/\" \/>\n<meta property=\"og:locale\" content=\"es_ES\" \/>\n<meta property=\"og:type\" content=\"article\" \/>\n<meta property=\"og:title\" content=\"Fachadas de and\u00e9n | Portalp\" \/>\n<meta property=\"og:description\" content=\"Descubra nuestras soluciones automatizadas de fachada de and\u00e9n, dise\u00f1adas para mejorar la seguridad y la eficacia de las infraestructuras ferroviarias.\" \/>\n<meta property=\"og:url\" content=\"https:\/\/www.portalp.com\/es_ES\/soluciones\/fachadas-de-anden\/\" \/>\n<meta property=\"og:site_name\" content=\"Portalp\" \/>\n<meta property=\"article:modified_time\" content=\"2024-11-25T15:42:55+00:00\" \/>\n<meta property=\"og:image\" content=\"https:\/\/www.portalp.com\/wp-content\/uploads\/2024\/07\/portalp_solutions_facades_de_quai_ferroviaire.jpg\" \/>\n\t<meta property=\"og:image:width\" content=\"500\" \/>\n\t<meta property=\"og:image:height\" content=\"500\" \/>\n\t<meta property=\"og:image:type\" content=\"image\/jpeg\" \/>\n<meta name=\"twitter:card\" content=\"summary_large_image\" \/>\n<meta name=\"twitter:label1\" content=\"Tiempo de lectura\" \/>\n\t<meta name=\"twitter:data1\" content=\"4 minutos\" \/>\n<script type=\"application\/ld+json\" class=\"yoast-schema-graph\">{\"@context\":\"https:\\\/\\\/schema.org\",\"@graph\":[{\"@type\":\"WebPage\",\"@id\":\"https:\\\/\\\/www.portalp.com\\\/es_ES\\\/soluciones\\\/fachadas-de-anden\\\/\",\"url\":\"https:\\\/\\\/www.portalp.com\\\/es_ES\\\/soluciones\\\/fachadas-de-anden\\\/\",\"name\":\"Fachadas de and\u00e9n | Portalp\",\"isPartOf\":{\"@id\":\"https:\\\/\\\/www.portalp.com\\\/es_ES\\\/#website\"},\"primaryImageOfPage\":{\"@id\":\"https:\\\/\\\/www.portalp.com\\\/es_ES\\\/soluciones\\\/fachadas-de-anden\\\/#primaryimage\"},\"image\":{\"@id\":\"https:\\\/\\\/www.portalp.com\\\/es_ES\\\/soluciones\\\/fachadas-de-anden\\\/#primaryimage\"},\"thumbnailUrl\":\"https:\\\/\\\/www.portalp.com\\\/wp-content\\\/uploads\\\/2024\\\/07\\\/portalp_solutions_facades_de_quai_ferroviaire.jpg\",\"datePublished\":\"2024-04-08T12:23:59+00:00\",\"dateModified\":\"2024-11-25T15:42:55+00:00\",\"description\":\"Descubra nuestras soluciones automatizadas de fachada de and\u00e9n, dise\u00f1adas para mejorar la seguridad y la eficacia de las infraestructuras ferroviarias.\",\"breadcrumb\":{\"@id\":\"https:\\\/\\\/www.portalp.com\\\/es_ES\\\/soluciones\\\/fachadas-de-anden\\\/#breadcrumb\"},\"inLanguage\":\"es\",\"potentialAction\":[{\"@type\":\"ReadAction\",\"target\":[\"https:\\\/\\\/www.portalp.com\\\/es_ES\\\/soluciones\\\/fachadas-de-anden\\\/\"]}]},{\"@type\":\"ImageObject\",\"inLanguage\":\"es\",\"@id\":\"https:\\\/\\\/www.portalp.com\\\/es_ES\\\/soluciones\\\/fachadas-de-anden\\\/#primaryimage\",\"url\":\"https:\\\/\\\/www.portalp.com\\\/wp-content\\\/uploads\\\/2024\\\/07\\\/portalp_solutions_facades_de_quai_ferroviaire.jpg\",\"contentUrl\":\"https:\\\/\\\/www.portalp.com\\\/wp-content\\\/uploads\\\/2024\\\/07\\\/portalp_solutions_facades_de_quai_ferroviaire.jpg\",\"width\":500,\"height\":500,\"caption\":\"Fa\u00e7ade de quai\"},{\"@type\":\"BreadcrumbList\",\"@id\":\"https:\\\/\\\/www.portalp.com\\\/es_ES\\\/soluciones\\\/fachadas-de-anden\\\/#breadcrumb\",\"itemListElement\":[{\"@type\":\"ListItem\",\"position\":1,\"name\":\"Inicio\",\"item\":\"https:\\\/\\\/www.portalp.com\\\/es_ES\\\/\"},{\"@type\":\"ListItem\",\"position\":2,\"name\":\"Soluciones\",\"item\":\"https:\\\/\\\/www.portalp.com\\\/es_ES\\\/soluciones\\\/\"},{\"@type\":\"ListItem\",\"position\":3,\"name\":\"Fachadas de and\u00e9n\"}]},{\"@type\":\"WebSite\",\"@id\":\"https:\\\/\\\/www.portalp.com\\\/es_ES\\\/#website\",\"url\":\"https:\\\/\\\/www.portalp.com\\\/es_ES\\\/\",\"name\":\"Portalp\",\"description\":\"\",\"publisher\":{\"@id\":\"https:\\\/\\\/www.portalp.com\\\/es_ES\\\/#organization\"},\"potentialAction\":[{\"@type\":\"SearchAction\",\"target\":{\"@type\":\"EntryPoint\",\"urlTemplate\":\"https:\\\/\\\/www.portalp.com\\\/es_ES\\\/?s={search_term_string}\"},\"query-input\":{\"@type\":\"PropertyValueSpecification\",\"valueRequired\":true,\"valueName\":\"search_term_string\"}}],\"inLanguage\":\"es\"},{\"@type\":\"Organization\",\"@id\":\"https:\\\/\\\/www.portalp.com\\\/es_ES\\\/#organization\",\"name\":\"Portalp\",\"url\":\"https:\\\/\\\/www.portalp.com\\\/es_ES\\\/\",\"logo\":{\"@type\":\"ImageObject\",\"inLanguage\":\"es\",\"@id\":\"https:\\\/\\\/www.portalp.com\\\/es_ES\\\/#\\\/schema\\\/logo\\\/image\\\/\",\"url\":\"https:\\\/\\\/www.portalp.com\\\/wp-content\\\/uploads\\\/2024\\\/05\\\/Logo-PORTALP_coul-72.png\",\"contentUrl\":\"https:\\\/\\\/www.portalp.com\\\/wp-content\\\/uploads\\\/2024\\\/05\\\/Logo-PORTALP_coul-72.png\",\"width\":375,\"height\":142,\"caption\":\"Portalp\"},\"image\":{\"@id\":\"https:\\\/\\\/www.portalp.com\\\/es_ES\\\/#\\\/schema\\\/logo\\\/image\\\/\"},\"sameAs\":[\"https:\\\/\\\/www.linkedin.com\\\/company\\\/portalp\"]}]}<\/script>\n<!-- \/ Yoast SEO plugin. -->","yoast_head_json":{"title":"Fachadas de and\u00e9n | Portalp","description":"Descubra nuestras soluciones automatizadas de fachada de and\u00e9n, dise\u00f1adas para mejorar la seguridad y la eficacia de las infraestructuras ferroviarias.","robots":{"index":"index","follow":"follow","max-snippet":"max-snippet:-1","max-image-preview":"max-image-preview:large","max-video-preview":"max-video-preview:-1"},"canonical":"https:\/\/www.portalp.com\/es_ES\/soluciones\/fachadas-de-anden\/","og_locale":"es_ES","og_type":"article","og_title":"Fachadas de and\u00e9n | Portalp","og_description":"Descubra nuestras soluciones automatizadas de fachada de and\u00e9n, dise\u00f1adas para mejorar la seguridad y la eficacia de las infraestructuras ferroviarias.","og_url":"https:\/\/www.portalp.com\/es_ES\/soluciones\/fachadas-de-anden\/","og_site_name":"Portalp","article_modified_time":"2024-11-25T15:42:55+00:00","og_image":[{"width":500,"height":500,"url":"https:\/\/www.portalp.com\/wp-content\/uploads\/2024\/07\/portalp_solutions_facades_de_quai_ferroviaire.jpg","type":"image\/jpeg"}],"twitter_card":"summary_large_image","twitter_misc":{"Tiempo de lectura":"4 minutos"},"schema":{"@context":"https:\/\/schema.org","@graph":[{"@type":"WebPage","@id":"https:\/\/www.portalp.com\/es_ES\/soluciones\/fachadas-de-anden\/","url":"https:\/\/www.portalp.com\/es_ES\/soluciones\/fachadas-de-anden\/","name":"Fachadas de and\u00e9n | Portalp","isPartOf":{"@id":"https:\/\/www.portalp.com\/es_ES\/#website"},"primaryImageOfPage":{"@id":"https:\/\/www.portalp.com\/es_ES\/soluciones\/fachadas-de-anden\/#primaryimage"},"image":{"@id":"https:\/\/www.portalp.com\/es_ES\/soluciones\/fachadas-de-anden\/#primaryimage"},"thumbnailUrl":"https:\/\/www.portalp.com\/wp-content\/uploads\/2024\/07\/portalp_solutions_facades_de_quai_ferroviaire.jpg","datePublished":"2024-04-08T12:23:59+00:00","dateModified":"2024-11-25T15:42:55+00:00","description":"Descubra nuestras soluciones automatizadas de fachada de and\u00e9n, dise\u00f1adas para mejorar la seguridad y la eficacia de las infraestructuras ferroviarias.","breadcrumb":{"@id":"https:\/\/www.portalp.com\/es_ES\/soluciones\/fachadas-de-anden\/#breadcrumb"},"inLanguage":"es","potentialAction":[{"@type":"ReadAction","target":["https:\/\/www.portalp.com\/es_ES\/soluciones\/fachadas-de-anden\/"]}]},{"@type":"ImageObject","inLanguage":"es","@id":"https:\/\/www.portalp.com\/es_ES\/soluciones\/fachadas-de-anden\/#primaryimage","url":"https:\/\/www.portalp.com\/wp-content\/uploads\/2024\/07\/portalp_solutions_facades_de_quai_ferroviaire.jpg","contentUrl":"https:\/\/www.portalp.com\/wp-content\/uploads\/2024\/07\/portalp_solutions_facades_de_quai_ferroviaire.jpg","width":500,"height":500,"caption":"Fa\u00e7ade de quai"},{"@type":"BreadcrumbList","@id":"https:\/\/www.portalp.com\/es_ES\/soluciones\/fachadas-de-anden\/#breadcrumb","itemListElement":[{"@type":"ListItem","position":1,"name":"Inicio","item":"https:\/\/www.portalp.com\/es_ES\/"},{"@type":"ListItem","position":2,"name":"Soluciones","item":"https:\/\/www.portalp.com\/es_ES\/soluciones\/"},{"@type":"ListItem","position":3,"name":"Fachadas de and\u00e9n"}]},{"@type":"WebSite","@id":"https:\/\/www.portalp.com\/es_ES\/#website","url":"https:\/\/www.portalp.com\/es_ES\/","name":"Portalp","description":"","publisher":{"@id":"https:\/\/www.portalp.com\/es_ES\/#organization"},"potentialAction":[{"@type":"SearchAction","target":{"@type":"EntryPoint","urlTemplate":"https:\/\/www.portalp.com\/es_ES\/?s={search_term_string}"},"query-input":{"@type":"PropertyValueSpecification","valueRequired":true,"valueName":"search_term_string"}}],"inLanguage":"es"},{"@type":"Organization","@id":"https:\/\/www.portalp.com\/es_ES\/#organization","name":"Portalp","url":"https:\/\/www.portalp.com\/es_ES\/","logo":{"@type":"ImageObject","inLanguage":"es","@id":"https:\/\/www.portalp.com\/es_ES\/#\/schema\/logo\/image\/","url":"https:\/\/www.portalp.com\/wp-content\/uploads\/2024\/05\/Logo-PORTALP_coul-72.png","contentUrl":"https:\/\/www.portalp.com\/wp-content\/uploads\/2024\/05\/Logo-PORTALP_coul-72.png","width":375,"height":142,"caption":"Portalp"},"image":{"@id":"https:\/\/www.portalp.com\/es_ES\/#\/schema\/logo\/image\/"},"sameAs":["https:\/\/www.linkedin.com\/company\/portalp"]}]}},"_links":{"self":[{"href":"https:\/\/www.portalp.com\/es_ES\/wp-json\/wp\/v2\/pages\/19273","targetHints":{"allow":["GET"]}}],"collection":[{"href":"https:\/\/www.portalp.com\/es_ES\/wp-json\/wp\/v2\/pages"}],"about":[{"href":"https:\/\/www.portalp.com\/es_ES\/wp-json\/wp\/v2\/types\/page"}],"author":[{"embeddable":true,"href":"https:\/\/www.portalp.com\/es_ES\/wp-json\/wp\/v2\/users\/1"}],"replies":[{"embeddable":true,"href":"https:\/\/www.portalp.com\/es_ES\/wp-json\/wp\/v2\/comments?post=19273"}],"version-history":[{"count":0,"href":"https:\/\/www.portalp.com\/es_ES\/wp-json\/wp\/v2\/pages\/19273\/revisions"}],"up":[{"embeddable":true,"href":"https:\/\/www.portalp.com\/es_ES\/wp-json\/wp\/v2\/pages\/19198"}],"wp:featuredmedia":[{"embeddable":true,"href":"https:\/\/www.portalp.com\/es_ES\/wp-json\/wp\/v2\/media\/7040"}],"wp:attachment":[{"href":"https:\/\/www.portalp.com\/es_ES\/wp-json\/wp\/v2\/media?parent=19273"}],"curies":[{"name":"wp","href":"https:\/\/api.w.org\/{rel}","templated":true}]}}