{"id":19227,"date":"2024-04-12T12:51:23","date_gmt":"2024-04-12T11:51:23","guid":{"rendered":"https:\/\/www.portalp.com\/soluciones\/puertas-automaticas\/"},"modified":"2025-07-10T13:57:34","modified_gmt":"2025-07-10T12:57:34","slug":"puertas-automaticas","status":"publish","type":"page","link":"https:\/\/www.portalp.com\/es_ES\/soluciones\/puertas-automaticas\/","title":{"rendered":"Puertas autom\u00e1ticas"},"content":{"rendered":"<p>[et_pb_section fb_built=\u00bb1&#8243; custom_padding_last_edited=\u00bbon|phone\u00bb _builder_version=\u00bb4.24.2&#8243; _module_preset=\u00bbdefault\u00bb background_color=\u00bb#E4DAD3&#8243; custom_margin=\u00bb110px||||false|false\u00bb custom_margin_tablet=\u00bb110px||||false|false\u00bb custom_margin_phone=\u00bb60px||||false|false\u00bb custom_margin_last_edited=\u00bbon|phone\u00bb custom_padding=\u00bb||||true|false\u00bb custom_padding_tablet=\u00bb8%||8%||true|false\u00bb custom_padding_phone=\u00bb||||false|false\u00bb global_colors_info=\u00bb{}\u00bb][et_pb_row _builder_version=\u00bb4.24.2&#8243; _module_preset=\u00bbdefault\u00bb custom_margin=\u00bb|auto|2px|auto|false|false\u00bb global_colors_info=\u00bb{}\u00bb][et_pb_column type=\u00bb4_4&#8243; _builder_version=\u00bb4.24.2&#8243; _module_preset=\u00bbdefault\u00bb global_colors_info=\u00bb{}\u00bb][et_pb_text _builder_version=\u00bb4.24.2&#8243; _module_preset=\u00bbdefault\u00bb text_font_size=\u00bb0.8em\u00bb saved_tabs=\u00bball\u00bb global_colors_info=\u00bb{}\u00bb]<\/p>\n<span><span><a href=\"https:\/\/www.portalp.com\/es_ES\/\">Inicio<\/a><\/span><\/span>\n<p>[\/et_pb_text][et_pb_text _builder_version=\u00bb4.24.2&#8243; _module_preset=\u00bbdefault\u00bb header_text_color=\u00bb#005B94&#8243; custom_margin=\u00bb||0px|||\u00bb custom_padding=\u00bb||||true|false\u00bb global_colors_info=\u00bb{}\u00bb]<\/p>\n<h1 style=\"text-align: center;\">Puertas autom\u00e1ticas<\/h1>\n<p>[\/et_pb_text][\/et_pb_column][\/et_pb_row][et_pb_row _builder_version=\u00bb4.24.2&#8243; _module_preset=\u00bbdefault\u00bb width_tablet=\u00bb\u00bb width_phone=\u00bb\u00bb width_last_edited=\u00bbon|phone\u00bb custom_padding=\u00bb0px||0px|10px|false|false\u00bb locked=\u00bboff\u00bb global_colors_info=\u00bb{}\u00bb][et_pb_column type=\u00bb4_4&#8243; _builder_version=\u00bb4.24.2&#8243; _module_preset=\u00bbdefault\u00bb global_colors_info=\u00bb{}\u00bb][dica_divi_carousel item_width_tablet=\u00bb23%\u00bb item_width_phone=\u00bb75%\u00bb item_width_last_edited=\u00bbon|phone\u00bb show_items_desktop=\u00bb3&#8243; arrow_nav=\u00bbon\u00bb dot_nav=\u00bbon\u00bb equal_height=\u00bbon\u00bb advanced_effect=\u00bb1&#8243; dots_color=\u00bb#FFFFFF\u00bb overlay_color_field_bgcolor=\u00bbrgba(255,255,255,0.85)\u00bb carousel_container_padding=\u00bb||||false|false\u00bb innercontent_padding=\u00bb||||false|false\u00bb item_padding=\u00bb||50px||false|false\u00bb image_container_padding=\u00bb||||false|false\u00bb content_container_margin=\u00bb20px||20px||false|true\u00bb module_class=\u00bbcarousel-with-text\u00bb _builder_version=\u00bb4.27.4&#8243; _module_preset=\u00bbdefault\u00bb title_font=\u00bb|600|||||||\u00bb title_text_align=\u00bbcenter\u00bb title_text_color=\u00bb#005B94&#8243; title_font_size=\u00bb18px\u00bb body_text_align=\u00bbcenter\u00bb body_text_color=\u00bb#706F6F\u00bb custom_margin=\u00bb||44px|||\u00bb custom_padding=\u00bb||||false|false\u00bb hover_enabled=\u00bb0&#8243; custom_css_free_form=\u00bbselector h4 {||  font-weight:600;||  color: #005b94;||}\u00bb custom_css_button=\u00bbposition: absolute;||bottom: 15px;||left: 50%;||transform: translateX(-50%);\u00bb global_colors_info=\u00bb{}\u00bb custom_css_carousel_item_last_edited=\u00bbon|phone\u00bb sticky_enabled=\u00bb0&#8243;][dica_divi_carouselitem title=\u00bbPuertas autom\u00e1ticas peatonales\u00bb button_url_new_window=\u00bb1&#8243; image=\u00bbhttps:\/\/www.portalp.com\/wp-content\/uploads\/2024\/05\/pages_portes_automatiques_portes_pietonnes.jpg\u00bb content_padding=\u00bb|15px||15px|false|true\u00bb _builder_version=\u00bb4.27.4&#8243; _dynamic_attributes=\u00bblink_option_url\u00bb _module_preset=\u00bbdefault\u00bb header_level=\u00bbh2&#8243; body_text_align=\u00bbcenter\u00bb body_text_color=\u00bb#706F6F\u00bb background_color=\u00bb#FFFFFF\u00bb background_enable_color=\u00bbon\u00bb custom_button=\u00bbon\u00bb button_text_color=\u00bb#FFFFFF\u00bb button_bg_use_color_gradient=\u00bbon\u00bb button_bg_color_gradient_direction=\u00bb90deg\u00bb button_bg_color_gradient_stops=\u00bb#0075bf 0%|#004876 100%\u00bb button_border_width=\u00bb0px\u00bb button_border_radius=\u00bb50px\u00bb button_use_icon=\u00bboff\u00bb button_alignment=\u00bbcenter\u00bb link_option_url=\u00bb@ET-DC@eyJkeW5hbWljIjp0cnVlLCJjb250ZW50IjoicG9zdF9saW5rX3VybF9wYWdlIiwic2V0dGluZ3MiOnsicG9zdF9pZCI6IjE2NjcifX0=@\u00bb border_radii_item=\u00bbon|10px|10px|10px|10px\u00bb global_colors_info=\u00bb{}\u00bb]<\/p>\n<p class=\"carousel-btn\" style=\"color: #fff!important;\">M\u00e1s informaci\u00f3n<\/p>\n<p>[\/dica_divi_carouselitem][dica_divi_carouselitem title=\u00bbPuertas para hospitales y salas limpias\u00bb button_url_new_window=\u00bb1&#8243; image=\u00bbhttps:\/\/www.portalp.com\/wp-content\/uploads\/2024\/07\/portalp_hospitalier.jpg\u00bb image_alt=\u00bbPuertas autom\u00e1ticas en un hospital\u00bb content_padding=\u00bb|15px||15px|false|true\u00bb _builder_version=\u00bb4.27.4&#8243; _dynamic_attributes=\u00bblink_option_url\u00bb _module_preset=\u00bbdefault\u00bb header_level=\u00bbh2&#8243; body_text_align=\u00bbcenter\u00bb body_text_color=\u00bb#706F6F\u00bb background_color=\u00bb#FFFFFF\u00bb background_enable_color=\u00bbon\u00bb custom_button=\u00bbon\u00bb button_text_color=\u00bb#FFFFFF\u00bb button_bg_use_color_gradient=\u00bbon\u00bb button_bg_color_gradient_direction=\u00bb90deg\u00bb button_bg_color_gradient_stops=\u00bb#0075bf 0%|#004876 100%\u00bb button_border_width=\u00bb0px\u00bb button_border_radius=\u00bb50px\u00bb button_use_icon=\u00bboff\u00bb button_alignment=\u00bbcenter\u00bb link_option_url=\u00bb@ET-DC@eyJkeW5hbWljIjp0cnVlLCJjb250ZW50IjoicG9zdF9saW5rX3VybF9wYWdlIiwic2V0dGluZ3MiOnsicG9zdF9pZCI6IjIwMTMyIn19@\u00bb border_radii_item=\u00bbon|10px|10px|10px|10px\u00bb global_colors_info=\u00bb{}\u00bb]<\/p>\n<p class=\"carousel-btn\" style=\"color: #fff!important;\">M\u00e1s informaci\u00f3n<\/p>\n<p>[\/dica_divi_carouselitem][dica_divi_carouselitem title=\u00bbOperador de puerta batiente\u00bb button_url_new_window=\u00bb1&#8243; image=\u00bbhttps:\/\/www.portalp.com\/wp-content\/uploads\/2024\/05\/pages_portes_automatiques_operateur_porte_battante-1.jpg\u00bb content_padding=\u00bb|15px||15px|false|true\u00bb _builder_version=\u00bb4.27.2&#8243; _dynamic_attributes=\u00bblink_option_url\u00bb _module_preset=\u00bbdefault\u00bb header_level=\u00bbh2&#8243; body_text_align=\u00bbcenter\u00bb body_text_color=\u00bb#706F6F\u00bb background_color=\u00bb#FFFFFF\u00bb background_enable_color=\u00bbon\u00bb custom_button=\u00bbon\u00bb button_text_color=\u00bb#FFFFFF\u00bb button_bg_use_color_gradient=\u00bbon\u00bb button_bg_color_gradient_direction=\u00bb90deg\u00bb button_bg_color_gradient_stops=\u00bb#0075bf 0%|#004876 100%\u00bb button_border_width=\u00bb0px\u00bb button_border_radius=\u00bb50px\u00bb button_use_icon=\u00bboff\u00bb button_alignment=\u00bbcenter\u00bb link_option_url=\u00bb@ET-DC@eyJkeW5hbWljIjp0cnVlLCJjb250ZW50IjoicG9zdF9saW5rX3VybF9wYWdlIiwic2V0dGluZ3MiOnsicG9zdF9pZCI6Ijg4ODIifX0=@\u00bb border_radii_item=\u00bbon|10px|10px|10px|10px\u00bb global_colors_info=\u00bb{}\u00bb]<\/p>\n<p class=\"carousel-btn\" style=\"color:#fff!important\">M\u00e1s informaci\u00f3n<\/p>\n<p>[\/dica_divi_carouselitem][\/dica_divi_carousel][et_pb_button button_url=\u00bb@ET-DC@eyJkeW5hbWljIjp0cnVlLCJjb250ZW50IjoicG9zdF9saW5rX3VybF9wYWdlIiwic2V0dGluZ3MiOnsicG9zdF9pZCI6IjE3MjQwIn19@\u00bb button_text=\u00bbContacta con nosotros\u00bb _builder_version=\u00bb4.27.2&#8243; _dynamic_attributes=\u00bbbutton_url\u00bb _module_preset=\u00bbdefault\u00bb global_colors_info=\u00bb{}\u00bb][\/et_pb_button][\/et_pb_column][\/et_pb_row][\/et_pb_section]<\/p>\n","protected":false},"excerpt":{"rendered":"<p><span><span><a href=\"https:\/\/www.portalp.com\/es_ES\/\">Inicio<\/a><\/span><\/span>Puertas autom\u00e1ticas<div class=\"et_pb_module dica_divi_carousel dica_divi_carousel_0 carousel-with-text\">\n\t\t\t\t\n\t\t\t\t\n\t\t\t\t\n\t\t\t\t\n\t\t\t\t\n\t\t\t\t\n\t\t\t\t<div class=\"et_pb_module_inner\">\n\t\t\t\t\t<div class=\"dica-container  desktop_middle-inside tablet_middle-inside mobile_middle-inside\" data-props='{\"desktop\":\"3\",\"tablet\":\"3\",\"mobile\":\"1\",\"speed\":\"500\",\"arrow\":\"on\",\"dots\":\"on\",\"autoplay\":\"off\",\"autoSpeed\":\"1000\",\"loop\":\"off\",\"item_spacing\":\"30\",\"center_mode\":\"off\",\"slider_effec\":\"1\",\"cover_rotate\":\"50\",\"pause_onhover\":\"off\",\"multislide\":\"off\",\"cfshadow\":\"on\",\"order\":\"0\",\"lazyload\":\"off\",\"lazybefore\":\"off\",\"scroller_effect\":\"off\",\"autowidth\":\"off\",\"item_spacing_tablet\":\"30\",\"item_spacing_phone\":\"30\",\"scroller_speed\":\"4000\",\"hashNavigation\":\"off\",\"simulatetouch\":\"off\",\"allowtouchmove\":\"off\",\"slide_row\":\"1\",\"slide_row_tablet\":\"1\",\"slide_row_phone\":\"1\",\"keyboard\":\"off\",\"mousewheel\":\"off\",\"autoplay_viewport\":\"\"}'>\n\t\t\t\t\t\t\t \t<div class=\"swiper-container\" >\n\t\t\t\t\t\t\t\t\t<div class=\"swiper-wrapper\"><\/div>\t\n\t\t\t\t\t\t\t\t<\/div>\t\n\t\t\t\t\t\t\t\t<div class=\"swiper-buttton-container\"><div class=\"swiper-button-prev dica-prev-btn-0\" data-icon=\"4\"><\/div><div class=\"swiper-button-next dica-next-btn-0\" data-icon=\"5\"><\/div><\/div>\n\t\t\t\t\t\t\t\t<div class=\"swiper-pagination dica-paination-0\"><\/div>\t\t\t\t\t\t\n\t\t\t\t\t\t\t<\/div>\n\t\t\t\t<\/div>\n\t\t\t<\/div><div class=\"et_pb_module dica_divi_carouselitem dica_divi_carouselitem_0\">\n\t\t\t\t\n\t\t\t\t\n\t\t\t\t\n\t\t\t\t\n\t\t\t\t\n\t\t\t\t\n\t\t\t\t<div class=\"et_pb_module_inner\">\n\t\t\t\t\t <div class=\"dica-item image_top\"   data-hash=\"dica_divi_carouselitem_0\">\n\t\t\t\t\t\t\t\t\t<div class=\"dica-image-container\"><span class=\"image\"><img decoding=\"async\" src=\"\u00bbhttps:\/\/www.portalp.com\/wp-content\/uploads\/2024\/05\/pages_portes_automatiques_portes_pietonnes.jpg\u00bb\" srcset=\"\" alt=\"\" class=\"dica-item-image\" width=\"f\" height=\"u\"\/><\/span><\/div>\n\t\t\t\t\t\t\t\t\t<div class=\"dica-item-content\"><h4 class=\"item-title\">\u00bbPuertas<\/h4>        <\/div>\n\t\t\t\t\t\t\t<\/div>\n\t\t\t\t<\/div>\n\t\t\t<\/div><\/p>\n","protected":false},"author":1,"featured_media":24192,"parent":19198,"menu_order":0,"comment_status":"closed","ping_status":"closed","template":"","meta":{"_et_pb_use_builder":"on","_et_pb_old_content":"","_et_gb_content_width":"","footnotes":""},"class_list":["post-19227","page","type-page","status-publish","has-post-thumbnail","hentry"],"yoast_head":"<!-- This site is optimized with the Yoast SEO plugin v27.4 - https:\/\/yoast.com\/product\/yoast-seo-wordpress\/ -->\n<title>Puertas autom\u00e1ticas | Portalp<\/title>\n<meta name=\"description\" content=\"Puertas autom\u00e1ticas: soluciones personalizadas de puertas autom\u00e1ticas peatonales adaptadas a su sector, fabricadas en Francia.\" \/>\n<meta name=\"robots\" content=\"index, follow, max-snippet:-1, max-image-preview:large, max-video-preview:-1\" \/>\n<link rel=\"canonical\" href=\"https:\/\/www.portalp.com\/es_ES\/soluciones\/puertas-automaticas\/\" \/>\n<meta property=\"og:locale\" content=\"es_ES\" \/>\n<meta property=\"og:type\" content=\"article\" \/>\n<meta property=\"og:title\" content=\"Puertas autom\u00e1ticas | Portalp\" \/>\n<meta property=\"og:description\" content=\"Puertas autom\u00e1ticas: soluciones personalizadas de puertas autom\u00e1ticas peatonales adaptadas a su sector, fabricadas en Francia.\" \/>\n<meta property=\"og:url\" content=\"https:\/\/www.portalp.com\/es_ES\/soluciones\/puertas-automaticas\/\" \/>\n<meta property=\"og:site_name\" content=\"Portalp\" \/>\n<meta property=\"article:modified_time\" content=\"2025-07-10T12:57:34+00:00\" \/>\n<meta property=\"og:image\" content=\"https:\/\/www.portalp.com\/wp-content\/uploads\/2024\/11\/portalp_club_des_sports_courchevel_realisation5.jpg\" \/>\n\t<meta property=\"og:image:width\" content=\"800\" \/>\n\t<meta property=\"og:image:height\" content=\"600\" \/>\n\t<meta property=\"og:image:type\" content=\"image\/jpeg\" \/>\n<meta name=\"twitter:card\" content=\"summary_large_image\" \/>\n<meta name=\"twitter:label1\" content=\"Tiempo de lectura\" \/>\n\t<meta name=\"twitter:data1\" content=\"1 minuto\" \/>\n<script type=\"application\/ld+json\" class=\"yoast-schema-graph\">{\"@context\":\"https:\\\/\\\/schema.org\",\"@graph\":[{\"@type\":\"WebPage\",\"@id\":\"https:\\\/\\\/www.portalp.com\\\/es_ES\\\/soluciones\\\/puertas-automaticas\\\/\",\"url\":\"https:\\\/\\\/www.portalp.com\\\/es_ES\\\/soluciones\\\/puertas-automaticas\\\/\",\"name\":\"Puertas autom\u00e1ticas | Portalp\",\"isPartOf\":{\"@id\":\"https:\\\/\\\/www.portalp.com\\\/es_ES\\\/#website\"},\"primaryImageOfPage\":{\"@id\":\"https:\\\/\\\/www.portalp.com\\\/es_ES\\\/soluciones\\\/puertas-automaticas\\\/#primaryimage\"},\"image\":{\"@id\":\"https:\\\/\\\/www.portalp.com\\\/es_ES\\\/soluciones\\\/puertas-automaticas\\\/#primaryimage\"},\"thumbnailUrl\":\"https:\\\/\\\/www.portalp.com\\\/wp-content\\\/uploads\\\/2024\\\/11\\\/portalp_club_des_sports_courchevel_realisation5.jpg\",\"datePublished\":\"2024-04-12T11:51:23+00:00\",\"dateModified\":\"2025-07-10T12:57:34+00:00\",\"description\":\"Puertas autom\u00e1ticas: soluciones personalizadas de puertas autom\u00e1ticas peatonales adaptadas a su sector, fabricadas en Francia.\",\"breadcrumb\":{\"@id\":\"https:\\\/\\\/www.portalp.com\\\/es_ES\\\/soluciones\\\/puertas-automaticas\\\/#breadcrumb\"},\"inLanguage\":\"es\",\"potentialAction\":[{\"@type\":\"ReadAction\",\"target\":[\"https:\\\/\\\/www.portalp.com\\\/es_ES\\\/soluciones\\\/puertas-automaticas\\\/\"]}]},{\"@type\":\"ImageObject\",\"inLanguage\":\"es\",\"@id\":\"https:\\\/\\\/www.portalp.com\\\/es_ES\\\/soluciones\\\/puertas-automaticas\\\/#primaryimage\",\"url\":\"https:\\\/\\\/www.portalp.com\\\/wp-content\\\/uploads\\\/2024\\\/11\\\/portalp_club_des_sports_courchevel_realisation5.jpg\",\"contentUrl\":\"https:\\\/\\\/www.portalp.com\\\/wp-content\\\/uploads\\\/2024\\\/11\\\/portalp_club_des_sports_courchevel_realisation5.jpg\",\"width\":800,\"height\":600,\"caption\":\"R\u00e9alisation Portalp porte automatique du Club de sports de Courchevel\"},{\"@type\":\"BreadcrumbList\",\"@id\":\"https:\\\/\\\/www.portalp.com\\\/es_ES\\\/soluciones\\\/puertas-automaticas\\\/#breadcrumb\",\"itemListElement\":[{\"@type\":\"ListItem\",\"position\":1,\"name\":\"Inicio\",\"item\":\"https:\\\/\\\/www.portalp.com\\\/es_ES\\\/\"},{\"@type\":\"ListItem\",\"position\":2,\"name\":\"Soluciones\",\"item\":\"https:\\\/\\\/www.portalp.com\\\/es_ES\\\/soluciones\\\/\"},{\"@type\":\"ListItem\",\"position\":3,\"name\":\"Puertas autom\u00e1ticas\"}]},{\"@type\":\"WebSite\",\"@id\":\"https:\\\/\\\/www.portalp.com\\\/es_ES\\\/#website\",\"url\":\"https:\\\/\\\/www.portalp.com\\\/es_ES\\\/\",\"name\":\"Portalp\",\"description\":\"\",\"publisher\":{\"@id\":\"https:\\\/\\\/www.portalp.com\\\/es_ES\\\/#organization\"},\"potentialAction\":[{\"@type\":\"SearchAction\",\"target\":{\"@type\":\"EntryPoint\",\"urlTemplate\":\"https:\\\/\\\/www.portalp.com\\\/es_ES\\\/?s={search_term_string}\"},\"query-input\":{\"@type\":\"PropertyValueSpecification\",\"valueRequired\":true,\"valueName\":\"search_term_string\"}}],\"inLanguage\":\"es\"},{\"@type\":\"Organization\",\"@id\":\"https:\\\/\\\/www.portalp.com\\\/es_ES\\\/#organization\",\"name\":\"Portalp\",\"url\":\"https:\\\/\\\/www.portalp.com\\\/es_ES\\\/\",\"logo\":{\"@type\":\"ImageObject\",\"inLanguage\":\"es\",\"@id\":\"https:\\\/\\\/www.portalp.com\\\/es_ES\\\/#\\\/schema\\\/logo\\\/image\\\/\",\"url\":\"https:\\\/\\\/www.portalp.com\\\/wp-content\\\/uploads\\\/2024\\\/05\\\/Logo-PORTALP_coul-72.png\",\"contentUrl\":\"https:\\\/\\\/www.portalp.com\\\/wp-content\\\/uploads\\\/2024\\\/05\\\/Logo-PORTALP_coul-72.png\",\"width\":375,\"height\":142,\"caption\":\"Portalp\"},\"image\":{\"@id\":\"https:\\\/\\\/www.portalp.com\\\/es_ES\\\/#\\\/schema\\\/logo\\\/image\\\/\"},\"sameAs\":[\"https:\\\/\\\/www.linkedin.com\\\/company\\\/portalp\"]}]}<\/script>\n<!-- \/ Yoast SEO plugin. -->","yoast_head_json":{"title":"Puertas autom\u00e1ticas | Portalp","description":"Puertas autom\u00e1ticas: soluciones personalizadas de puertas autom\u00e1ticas peatonales adaptadas a su sector, fabricadas en Francia.","robots":{"index":"index","follow":"follow","max-snippet":"max-snippet:-1","max-image-preview":"max-image-preview:large","max-video-preview":"max-video-preview:-1"},"canonical":"https:\/\/www.portalp.com\/es_ES\/soluciones\/puertas-automaticas\/","og_locale":"es_ES","og_type":"article","og_title":"Puertas autom\u00e1ticas | Portalp","og_description":"Puertas autom\u00e1ticas: soluciones personalizadas de puertas autom\u00e1ticas peatonales adaptadas a su sector, fabricadas en Francia.","og_url":"https:\/\/www.portalp.com\/es_ES\/soluciones\/puertas-automaticas\/","og_site_name":"Portalp","article_modified_time":"2025-07-10T12:57:34+00:00","og_image":[{"width":800,"height":600,"url":"https:\/\/www.portalp.com\/wp-content\/uploads\/2024\/11\/portalp_club_des_sports_courchevel_realisation5.jpg","type":"image\/jpeg"}],"twitter_card":"summary_large_image","twitter_misc":{"Tiempo de lectura":"1 minuto"},"schema":{"@context":"https:\/\/schema.org","@graph":[{"@type":"WebPage","@id":"https:\/\/www.portalp.com\/es_ES\/soluciones\/puertas-automaticas\/","url":"https:\/\/www.portalp.com\/es_ES\/soluciones\/puertas-automaticas\/","name":"Puertas autom\u00e1ticas | Portalp","isPartOf":{"@id":"https:\/\/www.portalp.com\/es_ES\/#website"},"primaryImageOfPage":{"@id":"https:\/\/www.portalp.com\/es_ES\/soluciones\/puertas-automaticas\/#primaryimage"},"image":{"@id":"https:\/\/www.portalp.com\/es_ES\/soluciones\/puertas-automaticas\/#primaryimage"},"thumbnailUrl":"https:\/\/www.portalp.com\/wp-content\/uploads\/2024\/11\/portalp_club_des_sports_courchevel_realisation5.jpg","datePublished":"2024-04-12T11:51:23+00:00","dateModified":"2025-07-10T12:57:34+00:00","description":"Puertas autom\u00e1ticas: soluciones personalizadas de puertas autom\u00e1ticas peatonales adaptadas a su sector, fabricadas en Francia.","breadcrumb":{"@id":"https:\/\/www.portalp.com\/es_ES\/soluciones\/puertas-automaticas\/#breadcrumb"},"inLanguage":"es","potentialAction":[{"@type":"ReadAction","target":["https:\/\/www.portalp.com\/es_ES\/soluciones\/puertas-automaticas\/"]}]},{"@type":"ImageObject","inLanguage":"es","@id":"https:\/\/www.portalp.com\/es_ES\/soluciones\/puertas-automaticas\/#primaryimage","url":"https:\/\/www.portalp.com\/wp-content\/uploads\/2024\/11\/portalp_club_des_sports_courchevel_realisation5.jpg","contentUrl":"https:\/\/www.portalp.com\/wp-content\/uploads\/2024\/11\/portalp_club_des_sports_courchevel_realisation5.jpg","width":800,"height":600,"caption":"R\u00e9alisation Portalp porte automatique du Club de sports de Courchevel"},{"@type":"BreadcrumbList","@id":"https:\/\/www.portalp.com\/es_ES\/soluciones\/puertas-automaticas\/#breadcrumb","itemListElement":[{"@type":"ListItem","position":1,"name":"Inicio","item":"https:\/\/www.portalp.com\/es_ES\/"},{"@type":"ListItem","position":2,"name":"Soluciones","item":"https:\/\/www.portalp.com\/es_ES\/soluciones\/"},{"@type":"ListItem","position":3,"name":"Puertas autom\u00e1ticas"}]},{"@type":"WebSite","@id":"https:\/\/www.portalp.com\/es_ES\/#website","url":"https:\/\/www.portalp.com\/es_ES\/","name":"Portalp","description":"","publisher":{"@id":"https:\/\/www.portalp.com\/es_ES\/#organization"},"potentialAction":[{"@type":"SearchAction","target":{"@type":"EntryPoint","urlTemplate":"https:\/\/www.portalp.com\/es_ES\/?s={search_term_string}"},"query-input":{"@type":"PropertyValueSpecification","valueRequired":true,"valueName":"search_term_string"}}],"inLanguage":"es"},{"@type":"Organization","@id":"https:\/\/www.portalp.com\/es_ES\/#organization","name":"Portalp","url":"https:\/\/www.portalp.com\/es_ES\/","logo":{"@type":"ImageObject","inLanguage":"es","@id":"https:\/\/www.portalp.com\/es_ES\/#\/schema\/logo\/image\/","url":"https:\/\/www.portalp.com\/wp-content\/uploads\/2024\/05\/Logo-PORTALP_coul-72.png","contentUrl":"https:\/\/www.portalp.com\/wp-content\/uploads\/2024\/05\/Logo-PORTALP_coul-72.png","width":375,"height":142,"caption":"Portalp"},"image":{"@id":"https:\/\/www.portalp.com\/es_ES\/#\/schema\/logo\/image\/"},"sameAs":["https:\/\/www.linkedin.com\/company\/portalp"]}]}},"_links":{"self":[{"href":"https:\/\/www.portalp.com\/es_ES\/wp-json\/wp\/v2\/pages\/19227","targetHints":{"allow":["GET"]}}],"collection":[{"href":"https:\/\/www.portalp.com\/es_ES\/wp-json\/wp\/v2\/pages"}],"about":[{"href":"https:\/\/www.portalp.com\/es_ES\/wp-json\/wp\/v2\/types\/page"}],"author":[{"embeddable":true,"href":"https:\/\/www.portalp.com\/es_ES\/wp-json\/wp\/v2\/users\/1"}],"replies":[{"embeddable":true,"href":"https:\/\/www.portalp.com\/es_ES\/wp-json\/wp\/v2\/comments?post=19227"}],"version-history":[{"count":0,"href":"https:\/\/www.portalp.com\/es_ES\/wp-json\/wp\/v2\/pages\/19227\/revisions"}],"up":[{"embeddable":true,"href":"https:\/\/www.portalp.com\/es_ES\/wp-json\/wp\/v2\/pages\/19198"}],"wp:featuredmedia":[{"embeddable":true,"href":"https:\/\/www.portalp.com\/es_ES\/wp-json\/wp\/v2\/media\/24192"}],"wp:attachment":[{"href":"https:\/\/www.portalp.com\/es_ES\/wp-json\/wp\/v2\/media?parent=19227"}],"curies":[{"name":"wp","href":"https:\/\/api.w.org\/{rel}","templated":true}]}}