{"id":37966,"date":"2024-07-22T09:20:02","date_gmt":"2024-07-22T08:20:02","guid":{"rendered":"https:\/\/www.portalp.com\/herramientas-y-medios\/"},"modified":"2025-02-11T09:55:14","modified_gmt":"2025-02-11T08:55:14","slug":"herramientas-y-medios","status":"publish","type":"page","link":"https:\/\/www.portalp.com\/es\/herramientas-y-medios\/","title":{"rendered":"Herramientas y medios"},"content":{"rendered":"<p>[et_pb_section fb_built=&#8221;1&#8243; _builder_version=&#8221;4.24.2&#8243; _module_preset=&#8221;default&#8221; background_color=&#8221;#e4dad3&#8243; custom_padding=&#8221;5%||5%||true|false&#8221; scroll_scaling=&#8221;0|50|50|100|80%|100%|100&#8243; locked=&#8221;off&#8221; global_colors_info=&#8221;{}&#8221;][et_pb_row _builder_version=&#8221;4.27.2&#8243; _module_preset=&#8221;default&#8221; custom_margin=&#8221;||100px||false|false&#8221; custom_margin_tablet=&#8221;||100px||false|false&#8221; custom_margin_phone=&#8221;||30px||false|false&#8221; custom_margin_last_edited=&#8221;on|phone&#8221; custom_padding=&#8221;100px||0px||false|false&#8221; global_colors_info=&#8221;{}&#8221;][et_pb_column type=&#8221;4_4&#8243; _builder_version=&#8221;4.24.2&#8243; _module_preset=&#8221;default&#8221; global_colors_info=&#8221;{}&#8221;][et_pb_text disabled_on=&#8221;off|off|off&#8221; _builder_version=&#8221;4.27.2&#8243; _module_preset=&#8221;default&#8221; text_font_size=&#8221;0.8em&#8221; global_module=&#8221;4477&#8243; saved_tabs=&#8221;all&#8221; global_colors_info=&#8221;{}&#8221;]<\/p>\n<span><span><a href=\"https:\/\/www.portalp.com\/es\/\">Inicio<\/a><\/span><\/span>\n<p>[\/et_pb_text][et_pb_text _builder_version=&#8221;4.27.2&#8243; _module_preset=&#8221;default&#8221; header_text_color=&#8221;#005B94&#8243; hover_enabled=&#8221;0&#8243; global_colors_info=&#8221;{}&#8221; sticky_enabled=&#8221;0&#8243;]<\/p>\n<h1 style=\"text-align: center;\">Herramientas y medios<\/h1>\n<p>[\/et_pb_text][\/et_pb_column][\/et_pb_row][et_pb_row column_structure=&#8221;1_4,1_2,1_4&#8243; use_custom_gutter=&#8221;on&#8221; gutter_width=&#8221;1&#8243; make_equal=&#8221;on&#8221; _builder_version=&#8221;4.27.2&#8243; _module_preset=&#8221;default&#8221; background_enable_color=&#8221;off&#8221; overflow-x=&#8221;visible&#8221; overflow-y=&#8221;visible&#8221; custom_margin=&#8221;||||false|false&#8221; custom_padding=&#8221;18px||10px||false|false&#8221; border_radii=&#8221;off|10px|10px||&#8221; global_colors_info=&#8221;{}&#8221;][et_pb_column type=&#8221;1_4&#8243; _builder_version=&#8221;4.27.2&#8243; _module_preset=&#8221;default&#8221; background_color=&#8221;#FFFFFF&#8221; parallax=&#8221;on&#8221; overflow-x=&#8221;visible&#8221; overflow-y=&#8221;visible&#8221; scroll_vertical_motion=&#8221;0|50|50|100|0.3|0|0&#8243; background_color_phone=&#8221;RGBA(255,255,255,0)&#8221; background_last_edited=&#8221;on|phone&#8221; background_enable_color_phone=&#8221;on&#8221; border_radii=&#8221;off|15px|||15px&#8221; global_colors_info=&#8221;{}&#8221;][et_pb_image src=&#8221;https:\/\/www.portalp.com\/wp-content\/uploads\/2024\/05\/porte-coulissante-double-sans-capot-1.png&#8221; alt=&#8221;Puerta corredera doble sin tapa&#8221; disabled_on=&#8221;on|off|off&#8221; _builder_version=&#8221;4.27.2&#8243; _module_preset=&#8221;default&#8221; transform_translate=&#8221;0px|-60px&#8221; transform_translate_linked=&#8221;off&#8221; max_width=&#8221;80%&#8221; module_alignment=&#8221;center&#8221; animation_style=&#8221;slide&#8221; animation_direction=&#8221;bottom&#8221; animation_intensity_slide=&#8221;5%&#8221; custom_css_main_element=&#8221;position: absolute;&#8221; global_colors_info=&#8221;{}&#8221;][\/et_pb_image][\/et_pb_column][et_pb_column type=&#8221;1_2&#8243; _builder_version=&#8221;4.27.2&#8243; _module_preset=&#8221;default&#8221; background_color=&#8221;#FFFFFF&#8221; border_radii=&#8221;off||15px|15px|&#8221; border_radii_tablet=&#8221;off||15px|15px|&#8221; border_radii_phone=&#8221;on|15px|15px|15px|15px&#8221; border_radii_last_edited=&#8221;on|desktop&#8221; global_colors_info=&#8221;{}&#8221;][et_pb_text _builder_version=&#8221;4.24.2&#8243; _module_preset=&#8221;default&#8221; custom_padding=&#8221;20px|20px|20px|20px|true|true&#8221; global_colors_info=&#8221;{}&#8221;]<\/p>\n<p><span style=\"font-size: 1.1em; font-weight: 600; text-align: center;\">\u00bfNo sabes c\u00f3mo elegir la puerta autom\u00e1tica adecuada a tus necesidades?  <\/span><\/p>\n<p>Desde el mecanismo de accionamiento hasta las hojas, sin olvidar las carcasas, las opciones y los mandos, las diferentes configuraciones, la instalaci\u00f3n y el mantenimiento&#8230;<\/p>\n<p>Explore los componentes clave de nuestras soluciones y encuentre la puerta perfecta para sus necesidades.<\/p>\n<p>[\/et_pb_text][et_pb_button button_url=&#8221;@ET-DC@eyJkeW5hbWljIjp0cnVlLCJjb250ZW50IjoicG9zdF9saW5rX3VybF9wYWdlIiwic2V0dGluZ3MiOnsicG9zdF9pZCI6IjI2NjgifX0=@&#8221; button_text=&#8221;Descubre nuestra gu\u00eda&#8221; _builder_version=&#8221;4.27.2&#8243; _dynamic_attributes=&#8221;button_url&#8221; _module_preset=&#8221;default&#8221; custom_margin=&#8221;||20px||false|false&#8221; global_colors_info=&#8221;{}&#8221;][\/et_pb_button][\/et_pb_column][et_pb_column type=&#8221;1_4&#8243; _builder_version=&#8221;4.27.2&#8243; _dynamic_attributes=&#8221;link_option_url&#8221; _module_preset=&#8221;default&#8221; custom_padding=&#8221;|15px||15px|false|true&#8221; custom_padding_tablet=&#8221;|15px||15px|false|true&#8221; custom_padding_phone=&#8221;30px|0px||0px|false|true&#8221; custom_padding_last_edited=&#8221;on|phone&#8221; link_option_url=&#8221;@ET-DC@eyJkeW5hbWljIjp0cnVlLCJjb250ZW50IjoicG9zdF9saW5rX3VybF9wYWdlIiwic2V0dGluZ3MiOnsicG9zdF9pZCI6IjE2OTQxIn19@&#8221; global_colors_info=&#8221;{}&#8221;][et_pb_image src=&#8221;https:\/\/www.portalp.com\/wp-content\/uploads\/2024\/07\/telechargement.png&#8221; alt=&#8221;Descargar&#8221; _builder_version=&#8221;4.27.2&#8243; _module_preset=&#8221;default&#8221; max_width=&#8221;80%&#8221; max_width_tablet=&#8221;80%&#8221; max_width_phone=&#8221;100%&#8221; max_width_last_edited=&#8221;on|phone&#8221; module_alignment=&#8221;center&#8221; global_colors_info=&#8221;{}&#8221;][\/et_pb_image][et_pb_button button_url=&#8221;@ET-DC@eyJkeW5hbWljIjp0cnVlLCJjb250ZW50IjoicG9zdF9saW5rX3VybF9wYWdlIiwic2V0dGluZ3MiOnsicG9zdF9pZCI6IjE2OTQxIn19@&#8221; button_text=&#8221;Download center&#8221; _builder_version=&#8221;4.27.2&#8243; _dynamic_attributes=&#8221;button_url&#8221; _module_preset=&#8221;default&#8221; custom_margin=&#8221;15px||||false|false&#8221; global_colors_info=&#8221;{}&#8221;][\/et_pb_button][\/et_pb_column][\/et_pb_row][et_pb_row column_structure=&#8221;1_4,1_4,1_4,1_4&#8243; make_equal=&#8221;on&#8221; disabled_on=&#8221;on|on|on&#8221; module_class=&#8221;align-btn-bottom&#8221; _builder_version=&#8221;4.24.2&#8243; _module_preset=&#8221;default&#8221; custom_margin=&#8221;48px|auto||auto||&#8221; custom_css_free_form=&#8221;@media(min-width:479px) {||    selector .et_pb_text {||    position:absolute;||    left:50%;||    transform:translateX(-50%);||    width:100%;||    top:0;||  }||}&#8221; disabled=&#8221;on&#8221; global_colors_info=&#8221;{}&#8221;][et_pb_column type=&#8221;1_4&#8243; _builder_version=&#8221;4.24.2&#8243; _dynamic_attributes=&#8221;link_option_url&#8221; _module_preset=&#8221;default&#8221; custom_padding=&#8221;70px||||false|false&#8221; custom_padding_tablet=&#8221;70px||||false|false&#8221; custom_padding_phone=&#8221;20px||||false|false&#8221; custom_padding_last_edited=&#8221;on|phone&#8221; link_option_url=&#8221;@ET-DC@eyJkeW5hbWljIjp0cnVlLCJjb250ZW50IjoicG9zdF9saW5rX3VybF9wYWdlIiwic2V0dGluZ3MiOnsicG9zdF9pZCI6IjE2OTQxIn19@&#8221; global_colors_info=&#8221;{}&#8221;][et_pb_text _builder_version=&#8221;4.24.2&#8243; _module_preset=&#8221;default&#8221; custom_margin=&#8221;||||false|false&#8221; custom_margin_tablet=&#8221;||||false|false&#8221; custom_margin_phone=&#8221;||10px||false|false&#8221; custom_margin_last_edited=&#8221;on|phone&#8221; global_colors_info=&#8221;{}&#8221;]<\/p>\n<h2>Download center<\/h2>\n<p>[\/et_pb_text][et_pb_image src=&#8221;https:\/\/www.portalp.com\/wp-content\/uploads\/2024\/07\/telechargement.png&#8221; alt=&#8221;Descargar&#8221; _builder_version=&#8221;4.24.2&#8243; _module_preset=&#8221;default&#8221; global_colors_info=&#8221;{}&#8221;][\/et_pb_image][et_pb_button button_text=&#8221;M\u00e1s informaci\u00f3n&#8221; module_class=&#8221;centered-btn&#8221; _builder_version=&#8221;4.24.2&#8243; _module_preset=&#8221;default&#8221; position_origin_a=&#8221;bottom_left&#8221; custom_margin=&#8221;||||false|false&#8221; global_colors_info=&#8221;{}&#8221;][\/et_pb_button][\/et_pb_column][et_pb_column type=&#8221;1_4&#8243; _builder_version=&#8221;4.24.2&#8243; _module_preset=&#8221;default&#8221; custom_padding=&#8221;70px||||false|false&#8221; custom_padding_tablet=&#8221;70px||||false|false&#8221; custom_padding_phone=&#8221;30px||||false|false&#8221; custom_padding_last_edited=&#8221;on|phone&#8221; global_colors_info=&#8221;{}&#8221;][et_pb_text _builder_version=&#8221;4.24.2&#8243; _module_preset=&#8221;default&#8221; custom_margin=&#8221;||||false|false&#8221; custom_margin_tablet=&#8221;||||false|false&#8221; custom_margin_phone=&#8221;||10px||false|false&#8221; custom_margin_last_edited=&#8221;on|phone&#8221; global_colors_info=&#8221;{}&#8221;]<\/p>\n<h2>Reglamentos y normas<\/h2>\n<p>[\/et_pb_text][et_pb_image src=&#8221;https:\/\/www.portalp.com\/wp-content\/uploads\/2024\/07\/reglementations-normes.png&#8221; alt=&#8221;Reglamentos y normas&#8221; _builder_version=&#8221;4.24.2&#8243; _module_preset=&#8221;default&#8221; custom_margin=&#8221;||||false|false&#8221; global_colors_info=&#8221;{}&#8221;][\/et_pb_image][et_pb_button button_text=&#8221;M\u00e1s informaci\u00f3n&#8221; module_class=&#8221;centered-btn&#8221; _builder_version=&#8221;4.24.2&#8243; _module_preset=&#8221;default&#8221; position_origin_a=&#8221;bottom_left&#8221; custom_margin=&#8221;||||false|false&#8221; custom_css_free_form=&#8221;selector .et_pb_button_module_wrapper {||  position:absolute;||  left:50%;||  transform:translateX(-50%);||  width:100%;||}&#8221; global_colors_info=&#8221;{}&#8221;][\/et_pb_button][\/et_pb_column][et_pb_column type=&#8221;1_4&#8243; _builder_version=&#8221;4.24.2&#8243; _module_preset=&#8221;default&#8221; custom_padding=&#8221;70px||||false|false&#8221; custom_padding_tablet=&#8221;70px||||false|false&#8221; custom_padding_phone=&#8221;30px||||false|false&#8221; custom_padding_last_edited=&#8221;on|phone&#8221; global_colors_info=&#8221;{}&#8221;][et_pb_text _builder_version=&#8221;4.24.2&#8243; _module_preset=&#8221;default&#8221; custom_margin=&#8221;||||false|false&#8221; custom_margin_tablet=&#8221;||||false|false&#8221; custom_margin_phone=&#8221;||10px||false|false&#8221; custom_margin_last_edited=&#8221;on|phone&#8221; global_colors_info=&#8221;{}&#8221;]<\/p>\n<h2>Glosario<\/h2>\n<p>[\/et_pb_text][et_pb_image src=&#8221;https:\/\/www.portalp.com\/wp-content\/uploads\/2024\/07\/glossaire.png&#8221; alt=&#8221;Glosario&#8221; _builder_version=&#8221;4.24.2&#8243; _module_preset=&#8221;default&#8221; custom_margin=&#8221;||||false|false&#8221; global_colors_info=&#8221;{}&#8221;][\/et_pb_image][et_pb_button button_text=&#8221;M\u00e1s informaci\u00f3n&#8221; admin_label=&#8221;Bouton&#8221; module_class=&#8221;centered-btn&#8221; _builder_version=&#8221;4.24.2&#8243; _module_preset=&#8221;default&#8221; position_origin_a=&#8221;bottom_left&#8221; custom_margin=&#8221;||||false|false&#8221; custom_css_free_form=&#8221;selector .et_pb_button_module_wrapper {||  position:absolute;||  left:50%;||  transform:translateX(-50%);||  width:100%;||}&#8221; global_colors_info=&#8221;{}&#8221;][\/et_pb_button][\/et_pb_column][et_pb_column type=&#8221;1_4&#8243; _builder_version=&#8221;4.24.2&#8243; _module_preset=&#8221;default&#8221; custom_padding=&#8221;70px||||false|false&#8221; custom_padding_tablet=&#8221;70px||||false|false&#8221; custom_padding_phone=&#8221;30px||||false|false&#8221; custom_padding_last_edited=&#8221;on|phone&#8221; global_colors_info=&#8221;{}&#8221;][et_pb_text _builder_version=&#8221;4.24.2&#8243; _module_preset=&#8221;default&#8221; custom_margin=&#8221;||||false|false&#8221; custom_margin_tablet=&#8221;||||false|false&#8221; custom_margin_phone=&#8221;||10px||false|false&#8221; custom_margin_last_edited=&#8221;on|phone&#8221; global_colors_info=&#8221;{}&#8221;]<\/p>\n<h2>Preguntas frecuentes<\/h2>\n<p>[\/et_pb_text][et_pb_image src=&#8221;https:\/\/www.portalp.com\/wp-content\/uploads\/2024\/07\/faq.png&#8221; alt=&#8221;Preguntas frecuentes&#8221; _builder_version=&#8221;4.24.2&#8243; _module_preset=&#8221;default&#8221; custom_margin=&#8221;||||false|false&#8221; global_colors_info=&#8221;{}&#8221;][\/et_pb_image][et_pb_button button_text=&#8221;M\u00e1s informaci\u00f3n&#8221; module_class=&#8221;centered-btn&#8221; _builder_version=&#8221;4.24.2&#8243; _module_preset=&#8221;default&#8221; position_origin_a=&#8221;bottom_left&#8221; custom_margin=&#8221;||||false|false&#8221; custom_css_free_form=&#8221;selector .et_pb_button_module_wrapper {||  position:absolute;||  left:50%;||  transform:translateX(-50%);||  width:100%;||}&#8221; global_colors_info=&#8221;{}&#8221;][\/et_pb_button][\/et_pb_column][\/et_pb_row][\/et_pb_section]<\/p>\n","protected":false},"excerpt":{"rendered":"<p><span><span><a href=\"https:\/\/www.portalp.com\/es\/\">Inicio<\/a><\/span><\/span> Herramientas y medios\u00bfNo sabes c\u00f3mo elegir la puerta autom\u00e1tica adecuada a tus necesidades? Desde el mecanismo de accionamiento hasta las hojas, sin olvidar las carcasas, las opciones y los mandos, las diferentes configuraciones, la instalaci\u00f3n y el mantenimiento&#8230; Explore los componentes clave de nuestras soluciones y encuentre la puerta perfecta para sus necesidades.Download centerReglamentos [&hellip;]<\/p>\n","protected":false},"author":1,"featured_media":0,"parent":0,"menu_order":0,"comment_status":"closed","ping_status":"closed","template":"","meta":{"_et_pb_use_builder":"on","_et_pb_old_content":"","_et_gb_content_width":"","footnotes":""},"class_list":["post-37966","page","type-page","status-publish","hentry"],"yoast_head":"<!-- This site is optimized with the Yoast SEO plugin v27.4 - https:\/\/yoast.com\/product\/yoast-seo-wordpress\/ -->\n<title>Herramientas y medios | Portalp<\/title>\n<meta name=\"description\" content=\"Acceda a nuestra gu\u00eda de selecci\u00f3n y descargue recursos que le ayudar\u00e1n a elegir y optimizar sus soluciones de automatizaci\u00f3n de puertas.\" \/>\n<meta name=\"robots\" content=\"index, follow, max-snippet:-1, max-image-preview:large, max-video-preview:-1\" \/>\n<link rel=\"canonical\" href=\"https:\/\/www.portalp.com\/es\/herramientas-y-medios\/\" \/>\n<meta property=\"og:locale\" content=\"es_ES\" \/>\n<meta property=\"og:type\" content=\"article\" \/>\n<meta property=\"og:title\" content=\"Herramientas y medios | Portalp\" \/>\n<meta property=\"og:description\" content=\"Acceda a nuestra gu\u00eda de selecci\u00f3n y descargue recursos que le ayudar\u00e1n a elegir y optimizar sus soluciones de automatizaci\u00f3n de puertas.\" \/>\n<meta property=\"og:url\" content=\"https:\/\/www.portalp.com\/es\/herramientas-y-medios\/\" \/>\n<meta property=\"og:site_name\" content=\"Portalp\" \/>\n<meta property=\"article:modified_time\" content=\"2025-02-11T08:55:14+00:00\" \/>\n<meta property=\"og:image\" content=\"https:\/\/www.portalp.com\/wp-content\/uploads\/2024\/05\/Logo-PORTALP_coul-72.png\" \/>\n\t<meta property=\"og:image:width\" content=\"375\" \/>\n\t<meta property=\"og:image:height\" content=\"142\" \/>\n\t<meta property=\"og:image:type\" content=\"image\/png\" \/>\n<meta name=\"twitter:card\" content=\"summary_large_image\" \/>\n<meta name=\"twitter:label1\" content=\"Est. reading time\" \/>\n\t<meta name=\"twitter:data1\" content=\"6 minutes\" \/>\n<script type=\"application\/ld+json\" class=\"yoast-schema-graph\">{\"@context\":\"https:\\\/\\\/schema.org\",\"@graph\":[{\"@type\":\"WebPage\",\"@id\":\"https:\\\/\\\/www.portalp.com\\\/es\\\/herramientas-y-medios\\\/\",\"url\":\"https:\\\/\\\/www.portalp.com\\\/es\\\/herramientas-y-medios\\\/\",\"name\":\"Herramientas y medios | Portalp\",\"isPartOf\":{\"@id\":\"https:\\\/\\\/www.portalp.com\\\/es\\\/#website\"},\"datePublished\":\"2024-07-22T08:20:02+00:00\",\"dateModified\":\"2025-02-11T08:55:14+00:00\",\"description\":\"Acceda a nuestra gu\u00eda de selecci\u00f3n y descargue recursos que le ayudar\u00e1n a elegir y optimizar sus soluciones de automatizaci\u00f3n de puertas.\",\"breadcrumb\":{\"@id\":\"https:\\\/\\\/www.portalp.com\\\/es\\\/herramientas-y-medios\\\/#breadcrumb\"},\"inLanguage\":\"es\",\"potentialAction\":[{\"@type\":\"ReadAction\",\"target\":[\"https:\\\/\\\/www.portalp.com\\\/es\\\/herramientas-y-medios\\\/\"]}]},{\"@type\":\"BreadcrumbList\",\"@id\":\"https:\\\/\\\/www.portalp.com\\\/es\\\/herramientas-y-medios\\\/#breadcrumb\",\"itemListElement\":[{\"@type\":\"ListItem\",\"position\":1,\"name\":\"Inicio\",\"item\":\"https:\\\/\\\/www.portalp.com\\\/es\\\/\"},{\"@type\":\"ListItem\",\"position\":2,\"name\":\"Herramientas y medios\"}]},{\"@type\":\"WebSite\",\"@id\":\"https:\\\/\\\/www.portalp.com\\\/es\\\/#website\",\"url\":\"https:\\\/\\\/www.portalp.com\\\/es\\\/\",\"name\":\"Portalp\",\"description\":\"\",\"publisher\":{\"@id\":\"https:\\\/\\\/www.portalp.com\\\/es\\\/#organization\"},\"potentialAction\":[{\"@type\":\"SearchAction\",\"target\":{\"@type\":\"EntryPoint\",\"urlTemplate\":\"https:\\\/\\\/www.portalp.com\\\/es\\\/?s={search_term_string}\"},\"query-input\":{\"@type\":\"PropertyValueSpecification\",\"valueRequired\":true,\"valueName\":\"search_term_string\"}}],\"inLanguage\":\"es\"},{\"@type\":\"Organization\",\"@id\":\"https:\\\/\\\/www.portalp.com\\\/es\\\/#organization\",\"name\":\"Portalp\",\"url\":\"https:\\\/\\\/www.portalp.com\\\/es\\\/\",\"logo\":{\"@type\":\"ImageObject\",\"inLanguage\":\"es\",\"@id\":\"https:\\\/\\\/www.portalp.com\\\/es\\\/#\\\/schema\\\/logo\\\/image\\\/\",\"url\":\"https:\\\/\\\/www.portalp.com\\\/wp-content\\\/uploads\\\/2024\\\/05\\\/Logo-PORTALP_coul-72.png\",\"contentUrl\":\"https:\\\/\\\/www.portalp.com\\\/wp-content\\\/uploads\\\/2024\\\/05\\\/Logo-PORTALP_coul-72.png\",\"width\":375,\"height\":142,\"caption\":\"Portalp\"},\"image\":{\"@id\":\"https:\\\/\\\/www.portalp.com\\\/es\\\/#\\\/schema\\\/logo\\\/image\\\/\"},\"sameAs\":[\"https:\\\/\\\/www.linkedin.com\\\/company\\\/portalp\"]}]}<\/script>\n<!-- \/ Yoast SEO plugin. -->","yoast_head_json":{"title":"Herramientas y medios | Portalp","description":"Acceda a nuestra gu\u00eda de selecci\u00f3n y descargue recursos que le ayudar\u00e1n a elegir y optimizar sus soluciones de automatizaci\u00f3n de puertas.","robots":{"index":"index","follow":"follow","max-snippet":"max-snippet:-1","max-image-preview":"max-image-preview:large","max-video-preview":"max-video-preview:-1"},"canonical":"https:\/\/www.portalp.com\/es\/herramientas-y-medios\/","og_locale":"es_ES","og_type":"article","og_title":"Herramientas y medios | Portalp","og_description":"Acceda a nuestra gu\u00eda de selecci\u00f3n y descargue recursos que le ayudar\u00e1n a elegir y optimizar sus soluciones de automatizaci\u00f3n de puertas.","og_url":"https:\/\/www.portalp.com\/es\/herramientas-y-medios\/","og_site_name":"Portalp","article_modified_time":"2025-02-11T08:55:14+00:00","og_image":[{"width":375,"height":142,"url":"https:\/\/www.portalp.com\/wp-content\/uploads\/2024\/05\/Logo-PORTALP_coul-72.png","type":"image\/png"}],"twitter_card":"summary_large_image","twitter_misc":{"Est. reading time":"6 minutes"},"schema":{"@context":"https:\/\/schema.org","@graph":[{"@type":"WebPage","@id":"https:\/\/www.portalp.com\/es\/herramientas-y-medios\/","url":"https:\/\/www.portalp.com\/es\/herramientas-y-medios\/","name":"Herramientas y medios | Portalp","isPartOf":{"@id":"https:\/\/www.portalp.com\/es\/#website"},"datePublished":"2024-07-22T08:20:02+00:00","dateModified":"2025-02-11T08:55:14+00:00","description":"Acceda a nuestra gu\u00eda de selecci\u00f3n y descargue recursos que le ayudar\u00e1n a elegir y optimizar sus soluciones de automatizaci\u00f3n de puertas.","breadcrumb":{"@id":"https:\/\/www.portalp.com\/es\/herramientas-y-medios\/#breadcrumb"},"inLanguage":"es","potentialAction":[{"@type":"ReadAction","target":["https:\/\/www.portalp.com\/es\/herramientas-y-medios\/"]}]},{"@type":"BreadcrumbList","@id":"https:\/\/www.portalp.com\/es\/herramientas-y-medios\/#breadcrumb","itemListElement":[{"@type":"ListItem","position":1,"name":"Inicio","item":"https:\/\/www.portalp.com\/es\/"},{"@type":"ListItem","position":2,"name":"Herramientas y medios"}]},{"@type":"WebSite","@id":"https:\/\/www.portalp.com\/es\/#website","url":"https:\/\/www.portalp.com\/es\/","name":"Portalp","description":"","publisher":{"@id":"https:\/\/www.portalp.com\/es\/#organization"},"potentialAction":[{"@type":"SearchAction","target":{"@type":"EntryPoint","urlTemplate":"https:\/\/www.portalp.com\/es\/?s={search_term_string}"},"query-input":{"@type":"PropertyValueSpecification","valueRequired":true,"valueName":"search_term_string"}}],"inLanguage":"es"},{"@type":"Organization","@id":"https:\/\/www.portalp.com\/es\/#organization","name":"Portalp","url":"https:\/\/www.portalp.com\/es\/","logo":{"@type":"ImageObject","inLanguage":"es","@id":"https:\/\/www.portalp.com\/es\/#\/schema\/logo\/image\/","url":"https:\/\/www.portalp.com\/wp-content\/uploads\/2024\/05\/Logo-PORTALP_coul-72.png","contentUrl":"https:\/\/www.portalp.com\/wp-content\/uploads\/2024\/05\/Logo-PORTALP_coul-72.png","width":375,"height":142,"caption":"Portalp"},"image":{"@id":"https:\/\/www.portalp.com\/es\/#\/schema\/logo\/image\/"},"sameAs":["https:\/\/www.linkedin.com\/company\/portalp"]}]}},"_links":{"self":[{"href":"https:\/\/www.portalp.com\/es\/wp-json\/wp\/v2\/pages\/37966","targetHints":{"allow":["GET"]}}],"collection":[{"href":"https:\/\/www.portalp.com\/es\/wp-json\/wp\/v2\/pages"}],"about":[{"href":"https:\/\/www.portalp.com\/es\/wp-json\/wp\/v2\/types\/page"}],"author":[{"embeddable":true,"href":"https:\/\/www.portalp.com\/es\/wp-json\/wp\/v2\/users\/1"}],"replies":[{"embeddable":true,"href":"https:\/\/www.portalp.com\/es\/wp-json\/wp\/v2\/comments?post=37966"}],"version-history":[{"count":0,"href":"https:\/\/www.portalp.com\/es\/wp-json\/wp\/v2\/pages\/37966\/revisions"}],"wp:attachment":[{"href":"https:\/\/www.portalp.com\/es\/wp-json\/wp\/v2\/media?parent=37966"}],"curies":[{"name":"wp","href":"https:\/\/api.w.org\/{rel}","templated":true}]}}