{"id":25341,"date":"2024-09-30T14:56:08","date_gmt":"2024-09-30T13:56:08","guid":{"rendered":"https:\/\/www.portalp.com\/proteccion-de-datos-personales\/"},"modified":"2025-02-14T10:26:59","modified_gmt":"2025-02-14T09:26:59","slug":"proteccion-de-datos-personales","status":"publish","type":"page","link":"https:\/\/www.portalp.com\/es\/proteccion-de-datos-personales\/","title":{"rendered":"Protecci\u00f3n de datos personales"},"content":{"rendered":"<p>[et_pb_section fb_built=&#8221;1&#8243; _builder_version=&#8221;4.24.2&#8243; _module_preset=&#8221;default&#8221; custom_margin=&#8221;110px||||false|false&#8221; custom_margin_tablet=&#8221;110px||||false|false&#8221; custom_margin_phone=&#8221;70px||||false|false&#8221; custom_margin_last_edited=&#8221;on|phone&#8221; global_colors_info=&#8221;{}&#8221;][et_pb_row _builder_version=&#8221;4.24.2&#8243; _module_preset=&#8221;default&#8221; global_colors_info=&#8221;{}&#8221;][et_pb_column type=&#8221;4_4&#8243; _builder_version=&#8221;4.24.2&#8243; _module_preset=&#8221;default&#8221; global_colors_info=&#8221;{}&#8221;][et_pb_text _builder_version=&#8221;4.24.2&#8243; _module_preset=&#8221;default&#8221; header_text_align=&#8221;center&#8221; header_text_color=&#8221;#005B94&#8243; global_colors_info=&#8221;{}&#8221;]<\/p>\n<h1>Protecci\u00f3n de datos personales<\/h1>\n<p>[\/et_pb_text][et_pb_text _builder_version=&#8221;4.24.2&#8243; _module_preset=&#8221;default&#8221; header_2_text_align=&#8221;left&#8221; global_colors_info=&#8221;{}&#8221;]<\/p>\n<h2>Controlador de datos<\/h2>\n<p>El responsable del tratamiento de los datos recogidos en este sitio es <strong>Portalp France SAS<\/strong>, con domicilio social en 4, rue des Charpentiers, Zone Industrielle, 95330 DOMONT &#8211; Francia.<br \/>Si tiene alguna pregunta sobre la protecci\u00f3n de sus datos personales, puede ponerse en contacto con nosotros por correo electr\u00f3nico en la direcci\u00f3n <a rel=\"noopener\">info@portalp.com<\/a> o por correo postal en la direcci\u00f3n arriba indicada.<\/p>\n<p>[\/et_pb_text][et_pb_text _builder_version=&#8221;4.27.4&#8243; _module_preset=&#8221;default&#8221; header_2_text_align=&#8221;left&#8221; hover_enabled=&#8221;0&#8243; global_colors_info=&#8221;{}&#8221; sticky_enabled=&#8221;0&#8243;]<\/p>\n<h2>Datos personales recogidos<\/h2>\n<p>Cuando usted utiliza nuestro sitio, pueden recogerse y tratarse determinados datos personales en los siguientes casos:<\/p>\n<ul>\n<li><strong>Navegaci\u00f3n por el sitio<br \/><\/strong>Durante su visita se recopilan los siguientes datos de conexi\u00f3n de navegaci\u00f3n: \n<ul>\n<li>Direcci\u00f3n IP anonimizada: su direcci\u00f3n IP se anonimiza parcialmente para determinar su ubicaci\u00f3n con menos precisi\u00f3n.<\/li>\n<li>Dispositivos y navegadores utilizados: estos datos se recogen con fines estad\u00edsticos para mejorar el dise\u00f1o del sitio y ofrecer una experiencia de usuario \u00f3ptima.<\/li>\n<\/ul>\n<\/li>\n<li><strong>Formularios de contacto<br \/><\/strong>Al rellenar nuestros formularios, pueden recogerse los siguientes datos:\n<ul>\n<li>Su nombre,<\/li>\n<li>Su nombre,<\/li>\n<li>Tu direcci\u00f3n de correo electr\u00f3nico,<\/li>\n<li>Su n\u00famero de tel\u00e9fono,<\/li>\n<li>Su empresa y su n\u00famero Siret,<\/li>\n<li>Tu mensaje.<\/li>\n<\/ul>\n<\/li>\n<li><strong>Solicitudes<br \/><\/strong>Los formularios utilizados para enviar solicitudes tambi\u00e9n pueden llevarnos a recopilar : \n<ul>\n<li>Su CV<\/li>\n<li>Su carta de presentaci\u00f3n<\/li>\n<\/ul>\n<\/li>\n<\/ul>\n<p>[\/et_pb_text][et_pb_text _builder_version=&#8221;4.27.4&#8243; _module_preset=&#8221;default&#8221; header_2_text_align=&#8221;left&#8221; hover_enabled=&#8221;0&#8243; global_colors_info=&#8221;{}&#8221; sticky_enabled=&#8221;0&#8243;]<\/p>\n<h2>Finalidad del tratamiento<\/h2>\n<p>Los datos recogidos se procesan para los siguientes fines:<\/p>\n<ul>\n<li>Responder a sus solicitudes y mensajes enviados a trav\u00e9s de los formularios de contacto.<\/li>\n<li>Mejorar la experiencia del usuario en el sitio mediante el an\u00e1lisis de los datos de navegaci\u00f3n.<\/li>\n<li>Procesar y gestionar sus solicitudes para nuestras ofertas de empleo.<\/li>\n<\/ul>\n<p>[\/et_pb_text][et_pb_text _builder_version=&#8221;4.27.4&#8243; _module_preset=&#8221;default&#8221; header_2_text_align=&#8221;left&#8221; hover_enabled=&#8221;0&#8243; global_colors_info=&#8221;{}&#8221; sticky_enabled=&#8221;0&#8243;]<\/p>\n<h2>Almacenamiento e intercambio de datos<\/h2>\n<p>Los datos recogidos a trav\u00e9s de los formularios del sitio web Portalp se almacenan en nuestros servidores situados en Francia.<\/p>\n<p>Los datos de navegaci\u00f3n se almacenan en los servidores seguros de Matomo (soluci\u00f3n de an\u00e1lisis web), con sede en Alemania.<\/p>\n<p>Los datos recogidos son utilizados estrictamente por <strong>Portalp <\/strong>y sus socios distribuidores. No se comparte ning\u00fan dato con terceros, salvo en caso de obligaci\u00f3n legal. <\/p>\n<p>[\/et_pb_text][et_pb_text _builder_version=&#8221;4.24.2&#8243; _module_preset=&#8221;default&#8221; header_2_text_align=&#8221;left&#8221; global_colors_info=&#8221;{}&#8221;]<\/p>\n<h2>Per\u00edodo de conservaci\u00f3n de los datos<\/h2>\n<p>Sus datos personales s\u00f3lo se conservar\u00e1n durante el tiempo necesario para los fines para los que fueron recogidos:<\/p>\n<ul>\n<li><strong>Datos de conexi\u00f3n<\/strong>: se conservan durante 13 meses.<\/li>\n<li><strong>Formularios de contacto<\/strong>: se conservan durante 3 a\u00f1os a partir del \u00faltimo contacto.<\/li>\n<li><strong>Solicitudes<\/strong>: se conservan durante 2 a\u00f1os tras el \u00faltimo contacto si la solicitud no prospera.<\/li>\n<\/ul>\n<p>Al final del periodo de conservaci\u00f3n, los datos se suprimen o se hacen an\u00f3nimos, a menos que la ley imponga un periodo de conservaci\u00f3n espec\u00edfico.<\/p>\n<p>[\/et_pb_text][et_pb_text _builder_version=&#8221;4.24.2&#8243; _module_preset=&#8221;default&#8221; header_2_text_align=&#8221;left&#8221; global_colors_info=&#8221;{}&#8221;]<\/p>\n<h2>Sus derechos<\/h2>\n<p>De conformidad con la Ley francesa de Protecci\u00f3n de Datos modificada de 6 de enero de 1978 y el Reglamento General de Protecci\u00f3n de Datos (RGPD), usted tiene los siguientes derechos con respecto a sus datos:<\/p>\n<ul>\n<li><strong>Derecho de acceso<\/strong>: puede obtener una copia de los datos que tenemos sobre usted.<\/li>\n<li><strong>Derecho de rectificaci\u00f3n<\/strong>: puede solicitar que se rectifiquen los datos inexactos.<\/li>\n<li><strong>Derecho de supresi\u00f3n<\/strong>: puede solicitar la supresi\u00f3n de sus datos, bajo determinadas condiciones.<\/li>\n<li><strong>Derecho de restricci\u00f3n<\/strong>: puede solicitar que se restrinja el tratamiento de sus datos en determinados casos.<\/li>\n<li><strong>Derecho a la portabilidad<\/strong>: puede recibir los datos que ha facilitado en un formato estructurado.<\/li>\n<li><strong>Derecho de oposici\u00f3n<\/strong>: puede oponerse en cualquier momento a la utilizaci\u00f3n de sus datos con fines comerciales.<\/li>\n<\/ul>\n<p>Para ejercer estos derechos, p\u00f3ngase en contacto con nosotros en <a rel=\"noopener\">info@portalp.com<\/a> o por correo postal a <strong>Portalp France SAS \u2013 4, rue des Charpentiers, 95330 DOMONT \u2013 France<\/strong>.<\/p>\n<p>[\/et_pb_text][et_pb_text _builder_version=&#8221;4.24.2&#8243; _module_preset=&#8221;default&#8221; header_2_text_align=&#8221;left&#8221; global_colors_info=&#8221;{}&#8221;]<\/p>\n<h2>Seguridad de los datos<\/h2>\n<p>Aplicamos medidas t\u00e9cnicas, f\u00edsicas y organizativas adecuadas para proteger sus datos personales contra el acceso no autorizado, la modificaci\u00f3n, la divulgaci\u00f3n o la destrucci\u00f3n. Esto incluye, entre otras cosas, el cifrado de datos sensibles, cortafuegos y acceso restringido a la informaci\u00f3n. <\/p>\n<p>[\/et_pb_text][et_pb_text _builder_version=&#8221;4.27.4&#8243; _module_preset=&#8221;default&#8221; header_2_text_align=&#8221;left&#8221; hover_enabled=&#8221;0&#8243; global_colors_info=&#8221;{}&#8221; sticky_enabled=&#8221;0&#8243;]<\/p>\n<h2>Transferencias internacionales<\/h2>\n<p>Los datos recogidos a trav\u00e9s de nuestros formularios se almacenan en nuestros servidores ubicados en Francia. Los datos de navegaci\u00f3n se almacenan en los servidores de Matomo ubicados en Alemania. <\/p>\n<p>Ninguno de estos datos se transfiere a otros pa\u00edses.<\/p>\n<p>[\/et_pb_text][et_pb_text _builder_version=&#8221;4.27.4&#8243; _module_preset=&#8221;default&#8221; header_2_text_align=&#8221;left&#8221; header_3_text_color=&#8221;#005B94&#8243; hover_enabled=&#8221;0&#8243; global_colors_info=&#8221;{}&#8221; sticky_enabled=&#8221;0&#8243;]<\/p>\n<h2>Cookies<\/h2>\n<h3>\u00bfQu\u00e9 es una galleta?<\/h3>\n<p>Una cookie es un peque\u00f1o archivo de texto que se almacena en su dispositivo (ordenador, tableta, tel\u00e9fono inteligente) cuando navega por un sitio web. Se utiliza para recopilar informaci\u00f3n sobre sus h\u00e1bitos de navegaci\u00f3n, personalizar su experiencia de usuario y ofrecerle contenidos adaptados. <\/p>\n<h3>Tipos de cookies utilizadas<\/h3>\n<p>S\u00f3lo utilizamos las cookies estrictamente necesarias para que el sitio web funcione correctamente y para garantizar su seguridad: <\/p>\n<ul>\n<li><em>wp-wpml_current_language<\/em> y <em>language-switcher-display<\/em>: cookies utilizadas para guardar la versi\u00f3n actual del sitio web (elecci\u00f3n de idioma).<\/li>\n<li><em>Recaptcha <\/em>: cookie utilizada para proteger el sitio web contra el spam.<\/li>\n<\/ul>\n<h3>Gesti\u00f3n de cookies<\/h3>\n<p>Puede optar por desactivar o eliminar las cookies en cualquier momento a trav\u00e9s de la configuraci\u00f3n de su navegador. Sin embargo, algunas de las funciones del sitio pueden verse afectadas. <\/p>\n<p>[\/et_pb_text][et_pb_text _builder_version=&#8221;4.24.2&#8243; _module_preset=&#8221;default&#8221; header_2_text_align=&#8221;left&#8221; global_colors_info=&#8221;{}&#8221;]<\/p>\n<h2>Actualizaciones pol\u00edticas<\/h2>\n<p>Nos reservamos el derecho a modificar esta pol\u00edtica de privacidad en cualquier momento. Los cambios entrar\u00e1n en vigor en cuanto se publiquen en esta p\u00e1gina. <\/p>\n<p>[\/et_pb_text][\/et_pb_column][\/et_pb_row][\/et_pb_section]<\/p>\n","protected":false},"excerpt":{"rendered":"<p>Protecci\u00f3n de datos personalesControlador de datos El responsable del tratamiento de los datos recogidos en este sitio es Portalp France SAS, con domicilio social en 4, rue des Charpentiers, Zone Industrielle, 95330 DOMONT &#8211; Francia.Si tiene alguna pregunta sobre la protecci\u00f3n de sus datos personales, puede ponerse en contacto con nosotros por correo electr\u00f3nico en [&hellip;]<\/p>\n","protected":false},"author":1,"featured_media":0,"parent":0,"menu_order":0,"comment_status":"closed","ping_status":"closed","template":"","meta":{"_et_pb_use_builder":"on","_et_pb_old_content":"","_et_gb_content_width":"","footnotes":""},"class_list":["post-25341","page","type-page","status-publish","hentry"],"yoast_head":"<!-- This site is optimized with the Yoast SEO plugin v27.4 - https:\/\/yoast.com\/product\/yoast-seo-wordpress\/ -->\n<title>Protecci\u00f3n de datos personales | Portalp<\/title>\n<meta name=\"description\" content=\"Descubra c\u00f3mo Portalp protege sus datos personales, respetando la confidencialidad y las normas RGPD para garantizar su seguridad y confianza.\" \/>\n<meta name=\"robots\" content=\"index, follow, max-snippet:-1, max-image-preview:large, max-video-preview:-1\" \/>\n<link rel=\"canonical\" href=\"https:\/\/www.portalp.com\/es\/proteccion-de-datos-personales\/\" \/>\n<meta property=\"og:locale\" content=\"es_ES\" \/>\n<meta property=\"og:type\" content=\"article\" \/>\n<meta property=\"og:title\" content=\"Protecci\u00f3n de datos personales | Portalp\" \/>\n<meta property=\"og:description\" content=\"Descubra c\u00f3mo Portalp protege sus datos personales, respetando la confidencialidad y las normas RGPD para garantizar su seguridad y confianza.\" \/>\n<meta property=\"og:url\" content=\"https:\/\/www.portalp.com\/es\/proteccion-de-datos-personales\/\" \/>\n<meta property=\"og:site_name\" content=\"Portalp\" \/>\n<meta property=\"article:modified_time\" content=\"2025-02-14T09:26:59+00:00\" \/>\n<meta property=\"og:image\" content=\"https:\/\/www.portalp.com\/wp-content\/uploads\/2024\/05\/Logo-PORTALP_coul-72.png\" \/>\n\t<meta property=\"og:image:width\" content=\"375\" \/>\n\t<meta property=\"og:image:height\" content=\"142\" \/>\n\t<meta property=\"og:image:type\" content=\"image\/png\" \/>\n<meta name=\"twitter:card\" content=\"summary_large_image\" \/>\n<meta name=\"twitter:label1\" content=\"Est. reading time\" \/>\n\t<meta name=\"twitter:data1\" content=\"5 minutes\" \/>\n<script type=\"application\/ld+json\" class=\"yoast-schema-graph\">{\"@context\":\"https:\\\/\\\/schema.org\",\"@graph\":[{\"@type\":\"WebPage\",\"@id\":\"https:\\\/\\\/www.portalp.com\\\/es\\\/proteccion-de-datos-personales\\\/\",\"url\":\"https:\\\/\\\/www.portalp.com\\\/es\\\/proteccion-de-datos-personales\\\/\",\"name\":\"Protecci\u00f3n de datos personales | Portalp\",\"isPartOf\":{\"@id\":\"https:\\\/\\\/www.portalp.com\\\/es\\\/#website\"},\"datePublished\":\"2024-09-30T13:56:08+00:00\",\"dateModified\":\"2025-02-14T09:26:59+00:00\",\"description\":\"Descubra c\u00f3mo Portalp protege sus datos personales, respetando la confidencialidad y las normas RGPD para garantizar su seguridad y confianza.\",\"breadcrumb\":{\"@id\":\"https:\\\/\\\/www.portalp.com\\\/es\\\/proteccion-de-datos-personales\\\/#breadcrumb\"},\"inLanguage\":\"es\",\"potentialAction\":[{\"@type\":\"ReadAction\",\"target\":[\"https:\\\/\\\/www.portalp.com\\\/es\\\/proteccion-de-datos-personales\\\/\"]}]},{\"@type\":\"BreadcrumbList\",\"@id\":\"https:\\\/\\\/www.portalp.com\\\/es\\\/proteccion-de-datos-personales\\\/#breadcrumb\",\"itemListElement\":[{\"@type\":\"ListItem\",\"position\":1,\"name\":\"Inicio\",\"item\":\"https:\\\/\\\/www.portalp.com\\\/es\\\/\"},{\"@type\":\"ListItem\",\"position\":2,\"name\":\"Protecci\u00f3n de datos personales\"}]},{\"@type\":\"WebSite\",\"@id\":\"https:\\\/\\\/www.portalp.com\\\/es\\\/#website\",\"url\":\"https:\\\/\\\/www.portalp.com\\\/es\\\/\",\"name\":\"Portalp\",\"description\":\"\",\"publisher\":{\"@id\":\"https:\\\/\\\/www.portalp.com\\\/es\\\/#organization\"},\"potentialAction\":[{\"@type\":\"SearchAction\",\"target\":{\"@type\":\"EntryPoint\",\"urlTemplate\":\"https:\\\/\\\/www.portalp.com\\\/es\\\/?s={search_term_string}\"},\"query-input\":{\"@type\":\"PropertyValueSpecification\",\"valueRequired\":true,\"valueName\":\"search_term_string\"}}],\"inLanguage\":\"es\"},{\"@type\":\"Organization\",\"@id\":\"https:\\\/\\\/www.portalp.com\\\/es\\\/#organization\",\"name\":\"Portalp\",\"url\":\"https:\\\/\\\/www.portalp.com\\\/es\\\/\",\"logo\":{\"@type\":\"ImageObject\",\"inLanguage\":\"es\",\"@id\":\"https:\\\/\\\/www.portalp.com\\\/es\\\/#\\\/schema\\\/logo\\\/image\\\/\",\"url\":\"https:\\\/\\\/www.portalp.com\\\/wp-content\\\/uploads\\\/2024\\\/05\\\/Logo-PORTALP_coul-72.png\",\"contentUrl\":\"https:\\\/\\\/www.portalp.com\\\/wp-content\\\/uploads\\\/2024\\\/05\\\/Logo-PORTALP_coul-72.png\",\"width\":375,\"height\":142,\"caption\":\"Portalp\"},\"image\":{\"@id\":\"https:\\\/\\\/www.portalp.com\\\/es\\\/#\\\/schema\\\/logo\\\/image\\\/\"},\"sameAs\":[\"https:\\\/\\\/www.linkedin.com\\\/company\\\/portalp\"]}]}<\/script>\n<!-- \/ Yoast SEO plugin. -->","yoast_head_json":{"title":"Protecci\u00f3n de datos personales | Portalp","description":"Descubra c\u00f3mo Portalp protege sus datos personales, respetando la confidencialidad y las normas RGPD para garantizar su seguridad y confianza.","robots":{"index":"index","follow":"follow","max-snippet":"max-snippet:-1","max-image-preview":"max-image-preview:large","max-video-preview":"max-video-preview:-1"},"canonical":"https:\/\/www.portalp.com\/es\/proteccion-de-datos-personales\/","og_locale":"es_ES","og_type":"article","og_title":"Protecci\u00f3n de datos personales | Portalp","og_description":"Descubra c\u00f3mo Portalp protege sus datos personales, respetando la confidencialidad y las normas RGPD para garantizar su seguridad y confianza.","og_url":"https:\/\/www.portalp.com\/es\/proteccion-de-datos-personales\/","og_site_name":"Portalp","article_modified_time":"2025-02-14T09:26:59+00:00","og_image":[{"width":375,"height":142,"url":"https:\/\/www.portalp.com\/wp-content\/uploads\/2024\/05\/Logo-PORTALP_coul-72.png","type":"image\/png"}],"twitter_card":"summary_large_image","twitter_misc":{"Est. reading time":"5 minutes"},"schema":{"@context":"https:\/\/schema.org","@graph":[{"@type":"WebPage","@id":"https:\/\/www.portalp.com\/es\/proteccion-de-datos-personales\/","url":"https:\/\/www.portalp.com\/es\/proteccion-de-datos-personales\/","name":"Protecci\u00f3n de datos personales | Portalp","isPartOf":{"@id":"https:\/\/www.portalp.com\/es\/#website"},"datePublished":"2024-09-30T13:56:08+00:00","dateModified":"2025-02-14T09:26:59+00:00","description":"Descubra c\u00f3mo Portalp protege sus datos personales, respetando la confidencialidad y las normas RGPD para garantizar su seguridad y confianza.","breadcrumb":{"@id":"https:\/\/www.portalp.com\/es\/proteccion-de-datos-personales\/#breadcrumb"},"inLanguage":"es","potentialAction":[{"@type":"ReadAction","target":["https:\/\/www.portalp.com\/es\/proteccion-de-datos-personales\/"]}]},{"@type":"BreadcrumbList","@id":"https:\/\/www.portalp.com\/es\/proteccion-de-datos-personales\/#breadcrumb","itemListElement":[{"@type":"ListItem","position":1,"name":"Inicio","item":"https:\/\/www.portalp.com\/es\/"},{"@type":"ListItem","position":2,"name":"Protecci\u00f3n de datos personales"}]},{"@type":"WebSite","@id":"https:\/\/www.portalp.com\/es\/#website","url":"https:\/\/www.portalp.com\/es\/","name":"Portalp","description":"","publisher":{"@id":"https:\/\/www.portalp.com\/es\/#organization"},"potentialAction":[{"@type":"SearchAction","target":{"@type":"EntryPoint","urlTemplate":"https:\/\/www.portalp.com\/es\/?s={search_term_string}"},"query-input":{"@type":"PropertyValueSpecification","valueRequired":true,"valueName":"search_term_string"}}],"inLanguage":"es"},{"@type":"Organization","@id":"https:\/\/www.portalp.com\/es\/#organization","name":"Portalp","url":"https:\/\/www.portalp.com\/es\/","logo":{"@type":"ImageObject","inLanguage":"es","@id":"https:\/\/www.portalp.com\/es\/#\/schema\/logo\/image\/","url":"https:\/\/www.portalp.com\/wp-content\/uploads\/2024\/05\/Logo-PORTALP_coul-72.png","contentUrl":"https:\/\/www.portalp.com\/wp-content\/uploads\/2024\/05\/Logo-PORTALP_coul-72.png","width":375,"height":142,"caption":"Portalp"},"image":{"@id":"https:\/\/www.portalp.com\/es\/#\/schema\/logo\/image\/"},"sameAs":["https:\/\/www.linkedin.com\/company\/portalp"]}]}},"_links":{"self":[{"href":"https:\/\/www.portalp.com\/es\/wp-json\/wp\/v2\/pages\/25341","targetHints":{"allow":["GET"]}}],"collection":[{"href":"https:\/\/www.portalp.com\/es\/wp-json\/wp\/v2\/pages"}],"about":[{"href":"https:\/\/www.portalp.com\/es\/wp-json\/wp\/v2\/types\/page"}],"author":[{"embeddable":true,"href":"https:\/\/www.portalp.com\/es\/wp-json\/wp\/v2\/users\/1"}],"replies":[{"embeddable":true,"href":"https:\/\/www.portalp.com\/es\/wp-json\/wp\/v2\/comments?post=25341"}],"version-history":[{"count":0,"href":"https:\/\/www.portalp.com\/es\/wp-json\/wp\/v2\/pages\/25341\/revisions"}],"wp:attachment":[{"href":"https:\/\/www.portalp.com\/es\/wp-json\/wp\/v2\/media?parent=25341"}],"curies":[{"name":"wp","href":"https:\/\/api.w.org\/{rel}","templated":true}]}}