{"id":19556,"date":"2024-05-30T14:13:18","date_gmt":"2024-05-30T13:13:18","guid":{"rendered":"https:\/\/www.portalp.com\/centro-de-produccion\/"},"modified":"2024-12-16T16:53:10","modified_gmt":"2024-12-16T15:53:10","slug":"centro-de-produccion","status":"publish","type":"page","link":"https:\/\/www.portalp.com\/es\/empresa\/centro-de-produccion\/","title":{"rendered":"Centro de producci\u00f3n"},"content":{"rendered":"<p>[et_pb_section fb_built=&#8221;1&#8243; custom_padding_last_edited=&#8221;on|phone&#8221; _builder_version=&#8221;4.24.2&#8243; _module_preset=&#8221;default&#8221; background_image=&#8221;https:\/\/www.portalp.com\/wp-content\/uploads\/2024\/05\/campus-portalp-vue-aerienne.jpg&#8221; height=&#8221;75vh&#8221; custom_margin=&#8221;110px||||false|false&#8221; custom_padding=&#8221;40px||40px||true|false&#8221; custom_padding_tablet=&#8221;5%||5%||true|false&#8221; custom_padding_phone=&#8221;20%||20%||true|false&#8221; background_last_edited=&#8221;on|phone&#8221; background_position_phone=&#8221;center_right&#8221; locked=&#8221;off&#8221; global_colors_info=&#8221;{}&#8221;][et_pb_row _builder_version=&#8221;4.24.2&#8243; _module_preset=&#8221;default&#8221; global_colors_info=&#8221;{}&#8221;][et_pb_column type=&#8221;4_4&#8243; _builder_version=&#8221;4.24.2&#8243; _module_preset=&#8221;default&#8221; global_colors_info=&#8221;{}&#8221;][et_pb_text _builder_version=&#8221;4.24.2&#8243; _module_preset=&#8221;default&#8221; header_text_color=&#8221;#FFFFFF&#8221; global_colors_info=&#8221;{}&#8221;]<\/p>\n<h1 style=\"text-align: center;\">El centro de producci\u00f3n<\/h1>\n<p>[\/et_pb_text][\/et_pb_column][\/et_pb_row][et_pb_row column_structure=&#8221;1_2,1_2&#8243; _builder_version=&#8221;4.24.2&#8243; _module_preset=&#8221;default&#8221; custom_padding=&#8221;15px||15px||true|false&#8221; global_colors_info=&#8221;{}&#8221;][et_pb_column type=&#8221;1_2&#8243; _builder_version=&#8221;4.24.2&#8243; _module_preset=&#8221;default&#8221; background_enable_color=&#8221;off&#8221; custom_padding=&#8221;20px|20px|20px|20px|true|true&#8221; border_radii=&#8221;on|15px|15px|15px|15px&#8221; global_colors_info=&#8221;{}&#8221;][et_pb_text _builder_version=&#8221;4.24.2&#8243; _module_preset=&#8221;default&#8221; background_color=&#8221;rgba(255,255,255,0.9)&#8221; custom_padding=&#8221;20px|20px|20px|20px|true|true&#8221; border_radii=&#8221;on|15px|15px|15px|15px&#8221; global_colors_info=&#8221;{}&#8221;]<\/p>\n<p>El centro de producci\u00f3n Portalp es una planta de 8000 m2 dedicada a la producci\u00f3n de sus puertas autom\u00e1ticas y otros sistemas autom\u00e1ticos de acceso.<\/p>\n<p>Desde esta plataforma, se env\u00edan sus productos a sus centros de trabajo y a nuestras agencias en Francia y en m\u00e1s de 40 pa\u00edses.<\/p>\n<p>Para ofrecerle productos de m\u00e1xima calidad, todos nuestros procesos se someten a rigurosos controles de calidad diarios y a auditor\u00edas peri\u00f3dicas, todo ello con el objetivo general de satisfacer al cliente.<\/p>\n<p>Desde Is\u00e8re se exportan los conocimientos franceses, pero \u00bfc\u00f3mo?<\/p>\n<p>[\/et_pb_text][\/et_pb_column][et_pb_column type=&#8221;1_2&#8243; _builder_version=&#8221;4.24.2&#8243; _module_preset=&#8221;default&#8221; global_colors_info=&#8221;{}&#8221;][\/et_pb_column][\/et_pb_row][\/et_pb_section][et_pb_section fb_built=&#8221;1&#8243; _builder_version=&#8221;4.27.4&#8243; _module_preset=&#8221;default&#8221; background_color=&#8221;#E4DAD3&#8243; global_colors_info=&#8221;{}&#8221; locked=&#8221;off&#8221;][et_pb_row _builder_version=&#8221;4.24.2&#8243; _module_preset=&#8221;default&#8221; global_colors_info=&#8221;{}&#8221;][et_pb_column type=&#8221;4_4&#8243; _builder_version=&#8221;4.24.2&#8243; _module_preset=&#8221;default&#8221; global_colors_info=&#8221;{}&#8221;][et_pb_text _builder_version=&#8221;4.27.4&#8243; _module_preset=&#8221;default&#8221; hover_enabled=&#8221;0&#8243; global_colors_info=&#8221;{}&#8221; sticky_enabled=&#8221;0&#8243;]<\/p>\n<h2>Un compromiso demostrado con la calidad y la seguridad<\/h2>\n<p>[\/et_pb_text][et_pb_text _builder_version=&#8221;4.24.2&#8243; _module_preset=&#8221;default&#8221; text_orientation=&#8221;center&#8221; global_colors_info=&#8221;{}&#8221;]<\/p>\n<p>Todos nuestros procesos, con certificaci\u00f3n ISO 9001 desde 2003, est\u00e1n sujetos a un proceso de mejora continua para garantizar la calidad de nuestros productos y servicios.<\/p>\n<p>Gracias a nuestro equipo especializado en calidad de la producci\u00f3n y a la autoinspecci\u00f3n visual y dimensional, nuestros productos se supervisan meticulosamente durante todo el proceso para garantizar que cumplen con especificaciones concretas.<\/p>\n<p>Los puestos de trabajo, herramientas, m\u00e1quinas y equipos tambi\u00e9n se revisan a diario, tanto por motivos de calidad como de seguridad.<\/p>\n<p>[\/et_pb_text][\/et_pb_column][\/et_pb_row][et_pb_row _builder_version=&#8221;4.24.2&#8243; _module_preset=&#8221;default&#8221; global_colors_info=&#8221;{}&#8221;][et_pb_column type=&#8221;4_4&#8243; _builder_version=&#8221;4.24.2&#8243; _module_preset=&#8221;default&#8221; global_colors_info=&#8221;{}&#8221;][et_pb_button button_url=&#8221;@ET-DC@eyJkeW5hbWljIjp0cnVlLCJjb250ZW50IjoicG9zdF9saW5rX3VybF9wYWdlIiwic2V0dGluZ3MiOnsicG9zdF9pZCI6IjE1ODU0In19@&#8221; button_text=&#8221;M\u00e1s informaci\u00f3n sobre nuestras certificaciones&#8221; _builder_version=&#8221;4.27.4&#8243; _dynamic_attributes=&#8221;button_url&#8221; _module_preset=&#8221;default&#8221; hover_enabled=&#8221;0&#8243; global_colors_info=&#8221;{}&#8221; sticky_enabled=&#8221;0&#8243;][\/et_pb_button][\/et_pb_column][\/et_pb_row][\/et_pb_section][et_pb_section fb_built=&#8221;1&#8243; _builder_version=&#8221;4.27.4&#8243; _module_preset=&#8221;default&#8221; background_color=&#8221;#FFFFFF&#8221; locked=&#8221;off&#8221; global_colors_info=&#8221;{}&#8221;][et_pb_row _builder_version=&#8221;4.24.2&#8243; _module_preset=&#8221;default&#8221; global_colors_info=&#8221;{}&#8221;][et_pb_column type=&#8221;4_4&#8243; _builder_version=&#8221;4.24.2&#8243; _module_preset=&#8221;default&#8221; global_colors_info=&#8221;{}&#8221;][et_pb_text _builder_version=&#8221;4.27.4&#8243; _module_preset=&#8221;default&#8221; hover_enabled=&#8221;0&#8243; global_colors_info=&#8221;{}&#8221; sticky_enabled=&#8221;0&#8243;]<\/p>\n<h2>Productos certificados Origine France Garantie<\/h2>\n<p>[\/et_pb_text][\/et_pb_column][\/et_pb_row][et_pb_row column_structure=&#8221;1_2,1_2&#8243; disabled_on=&#8221;off|off|off&#8221; _builder_version=&#8221;4.24.2&#8243; _module_preset=&#8221;default&#8221; global_colors_info=&#8221;{}&#8221;][et_pb_column type=&#8221;1_2&#8243; _builder_version=&#8221;4.24.2&#8243; _module_preset=&#8221;default&#8221; global_colors_info=&#8221;{}&#8221;][et_pb_text _builder_version=&#8221;4.27.4&#8243; _module_preset=&#8221;default&#8221; hover_enabled=&#8221;0&#8243; global_colors_info=&#8221;{}&#8221; sticky_enabled=&#8221;0&#8243;]<\/p>\n<p>Nuestras puertas autom\u00e1ticas, automatismos para puertas batientes y rampas niveladoras se dise\u00f1an y fabrican en Francia, cerca de Grenoble (Is\u00e8re).<\/p>\n<p>Esta certificaci\u00f3n demuestra nuestra firme voluntad de ofrecer a nuestros clientes soluciones cuyo origen sea claro e indiscutible.<\/p>\n<p>La etiqueta atestigua nuestro compromiso con la producci\u00f3n local de alta calidad, contribuyendo as\u00ed a impulsar la econom\u00eda francesa.<\/p>\n<p>[\/et_pb_text][\/et_pb_column][et_pb_column type=&#8221;1_2&#8243; _builder_version=&#8221;4.24.2&#8243; _module_preset=&#8221;default&#8221; global_colors_info=&#8221;{}&#8221;][et_pb_image src=&#8221;https:\/\/www.portalp.com\/wp-content\/uploads\/2024\/07\/ofg-logo-1.png&#8221; alt=&#8221;Origine France Garantie&#8221; title_text=&#8221;ofg-logo&#8221; align=&#8221;center&#8221; _builder_version=&#8221;4.24.2&#8243; _module_preset=&#8221;default&#8221; max_width_tablet=&#8221;&#8221; max_width_phone=&#8221;50%&#8221; max_width_last_edited=&#8221;on|phone&#8221; custom_padding=&#8221;|||0px||&#8221; global_colors_info=&#8221;{}&#8221;][\/et_pb_image][\/et_pb_column][\/et_pb_row][\/et_pb_section][et_pb_section fb_built=&#8221;1&#8243; _builder_version=&#8221;4.24.2&#8243; _module_preset=&#8221;default&#8221; background_color=&#8221;#e4dad3&#8243; global_colors_info=&#8221;{}&#8221;][et_pb_row _builder_version=&#8221;4.24.2&#8243; _module_preset=&#8221;default&#8221; global_colors_info=&#8221;{}&#8221;][et_pb_column type=&#8221;4_4&#8243; _builder_version=&#8221;4.24.2&#8243; _module_preset=&#8221;default&#8221; global_colors_info=&#8221;{}&#8221;][et_pb_text _builder_version=&#8221;4.24.2&#8243; _module_preset=&#8221;default&#8221; global_colors_info=&#8221;{}&#8221;]<\/p>\n<h2>Componentes y materiales de alto rendimiento<\/h2>\n<p>[\/et_pb_text][\/et_pb_column][\/et_pb_row][et_pb_row column_structure=&#8221;1_3,1_3,1_3&#8243; make_equal=&#8221;on&#8221; _builder_version=&#8221;4.24.2&#8243; _module_preset=&#8221;default&#8221; global_colors_info=&#8221;{}&#8221;][et_pb_column type=&#8221;1_3&#8243; _builder_version=&#8221;4.24.2&#8243; _module_preset=&#8221;default&#8221; background_color=&#8221;#FFFFFF&#8221; border_radii=&#8221;on|15px|15px|15px|15px&#8221; global_colors_info=&#8221;{}&#8221;][et_pb_image src=&#8221;https:\/\/www.portalp.com\/wp-content\/uploads\/2024\/05\/aluminium-chassis.jpg&#8221; alt=&#8221;Bastidor de aluminio&#8221; _builder_version=&#8221;4.24.2&#8243; _module_preset=&#8221;default&#8221; custom_margin=&#8221;||0px||false|false&#8221; global_colors_info=&#8221;{}&#8221;][\/et_pb_image][et_pb_text _builder_version=&#8221;4.24.2&#8243; _module_preset=&#8221;default&#8221; custom_padding=&#8221;20px|20px|20px|20px|true|true&#8221; global_colors_info=&#8221;{}&#8221;]<\/p>\n<p style=\"color: #005b94; font-weight: bold;\">Aluminio<br \/>para los bastidores<\/p>\n<ul>\n<li>Ligereza<\/li>\n<li>Resistencia a la corrosi\u00f3n<\/li>\n<li>Durabilidad<\/li>\n<li>Adaptabilidad<\/li>\n<li>Conductividad t\u00e9rmica<\/li>\n<li>Reciclabilidad<\/li>\n<\/ul>\n<p>[\/et_pb_text][\/et_pb_column][et_pb_column type=&#8221;1_3&#8243; _builder_version=&#8221;4.24.2&#8243; _module_preset=&#8221;default&#8221; background_color=&#8221;#FFFFFF&#8221; border_radii=&#8221;on|15px|15px|15px|15px&#8221; global_colors_info=&#8221;{}&#8221;][et_pb_image src=&#8221;https:\/\/www.portalp.com\/wp-content\/uploads\/2024\/05\/remplissage-verre.jpg&#8221; alt=&#8221;Relleno de una puerta con vidrio&#8221; _builder_version=&#8221;4.24.2&#8243; _module_preset=&#8221;default&#8221; custom_margin=&#8221;||0px||false|false&#8221; global_colors_info=&#8221;{}&#8221;][\/et_pb_image][et_pb_text _builder_version=&#8221;4.24.2&#8243; _module_preset=&#8221;default&#8221; custom_padding=&#8221;20px|20px|20px|20px|true|true&#8221; global_colors_info=&#8221;{}&#8221;]<\/p>\n<p style=\"color: #005b94; font-weight: bold;\">Vidrio<br \/>para el relleno<\/p>\n<ul>\n<li>Transparencia<\/li>\n<li>Dise\u00f1o<\/li>\n<li>Seguridad<\/li>\n<li>Facilidad para limpieza<\/li>\n<li>Adaptabilidad del dise\u00f1o<\/li>\n<li>Varias configuraciones<\/li>\n<\/ul>\n<p>[\/et_pb_text][\/et_pb_column][et_pb_column type=&#8221;1_3&#8243; _builder_version=&#8221;4.24.2&#8243; _module_preset=&#8221;default&#8221; background_color=&#8221;#FFFFFF&#8221; border_radii=&#8221;on|15px|15px|15px|15px&#8221; global_colors_info=&#8221;{}&#8221;][et_pb_image src=&#8221;https:\/\/www.portalp.com\/wp-content\/uploads\/2024\/05\/carte-electronique-porte-automatique.jpg&#8221; alt=&#8221;Tarjeta electr\u00f3nica para puerta autom\u00e1tica&#8221; _builder_version=&#8221;4.24.2&#8243; _module_preset=&#8221;default&#8221; custom_margin=&#8221;||0px||false|false&#8221; global_colors_info=&#8221;{}&#8221;][\/et_pb_image][et_pb_text _builder_version=&#8221;4.24.2&#8243; _module_preset=&#8221;default&#8221; custom_padding=&#8221;20px|20px|20px|20px|true|true&#8221; global_colors_info=&#8221;{}&#8221;]<\/p>\n<p style=\"color: #005b94; font-weight: bold;\">Electr\u00f3nica<br \/>para la tecnolog\u00eda<\/p>\n<ul>\n<li>Sensores de movimiento avanzados<\/li>\n<li>Control de velocidad y fuerza<\/li>\n<li>Sistema de seguridad integrado<\/li>\n<li>Control remoto y conectividad<\/li>\n<li>Fiabilidad y durabilidad<\/li>\n<\/ul>\n<p>[\/et_pb_text][\/et_pb_column][\/et_pb_row][et_pb_row _builder_version=&#8221;4.24.2&#8243; _module_preset=&#8221;default&#8221; global_colors_info=&#8221;{}&#8221;][et_pb_column type=&#8221;4_4&#8243; _builder_version=&#8221;4.24.2&#8243; _module_preset=&#8221;default&#8221; global_colors_info=&#8221;{}&#8221;][et_pb_button button_text=&#8221;M\u00e1s informaci\u00f3n sobre nuestra pol\u00edtica de responsabilidad social empresarial (RSE)&#8221; _builder_version=&#8221;4.24.2&#8243; _module_preset=&#8221;default&#8221; global_colors_info=&#8221;{}&#8221;][\/et_pb_button][\/et_pb_column][\/et_pb_row][\/et_pb_section]<\/p>\n","protected":false},"excerpt":{"rendered":"<p>El centro de producci\u00f3nEl centro de producci\u00f3n Portalp es una planta de 8000 m2 dedicada a la producci\u00f3n de sus puertas autom\u00e1ticas y otros sistemas autom\u00e1ticos de acceso. Desde esta plataforma, se env\u00edan sus productos a sus centros de trabajo y a nuestras agencias en Francia y en m\u00e1s de 40 pa\u00edses. Para ofrecerle productos [&hellip;]<\/p>\n","protected":false},"author":1,"featured_media":3872,"parent":21378,"menu_order":0,"comment_status":"closed","ping_status":"closed","template":"","meta":{"_et_pb_use_builder":"on","_et_pb_old_content":"","_et_gb_content_width":"","footnotes":""},"class_list":["post-19556","page","type-page","status-publish","has-post-thumbnail","hentry"],"yoast_head":"<!-- This site is optimized with the Yoast SEO plugin v27.4 - https:\/\/yoast.com\/product\/yoast-seo-wordpress\/ -->\n<title>Centro de producci\u00f3n | Portalp<\/title>\n<meta name=\"description\" content=\"Descubre nuestro centro de producci\u00f3n en el coraz\u00f3n de Is\u00e8re, donde el saber hacer y la innovaci\u00f3n se unen para crear soluciones de acceso automatizado de alta calidad.\" \/>\n<meta name=\"robots\" content=\"index, follow, max-snippet:-1, max-image-preview:large, max-video-preview:-1\" \/>\n<link rel=\"canonical\" href=\"https:\/\/www.portalp.com\/es\/empresa\/centro-de-produccion\/\" \/>\n<meta property=\"og:locale\" content=\"es_ES\" \/>\n<meta property=\"og:type\" content=\"article\" \/>\n<meta property=\"og:title\" content=\"Centro de producci\u00f3n | Portalp\" \/>\n<meta property=\"og:description\" content=\"Descubre nuestro centro de producci\u00f3n en el coraz\u00f3n de Is\u00e8re, donde el saber hacer y la innovaci\u00f3n se unen para crear soluciones de acceso automatizado de alta calidad.\" \/>\n<meta property=\"og:url\" content=\"https:\/\/www.portalp.com\/es\/empresa\/centro-de-produccion\/\" \/>\n<meta property=\"og:site_name\" content=\"Portalp\" \/>\n<meta property=\"article:modified_time\" content=\"2024-12-16T15:53:10+00:00\" \/>\n<meta property=\"og:image\" content=\"https:\/\/www.portalp.com\/wp-content\/uploads\/2024\/05\/campus-portalp-vue-aerienne.jpg\" \/>\n\t<meta property=\"og:image:width\" content=\"1920\" \/>\n\t<meta property=\"og:image:height\" content=\"1280\" \/>\n\t<meta property=\"og:image:type\" content=\"image\/jpeg\" \/>\n<meta name=\"twitter:card\" content=\"summary_large_image\" \/>\n<meta name=\"twitter:label1\" content=\"Est. reading time\" \/>\n\t<meta name=\"twitter:data1\" content=\"6 minutes\" \/>\n<script type=\"application\/ld+json\" class=\"yoast-schema-graph\">{\"@context\":\"https:\\\/\\\/schema.org\",\"@graph\":[{\"@type\":\"WebPage\",\"@id\":\"https:\\\/\\\/www.portalp.com\\\/es\\\/empresa\\\/centro-de-produccion\\\/\",\"url\":\"https:\\\/\\\/www.portalp.com\\\/es\\\/empresa\\\/centro-de-produccion\\\/\",\"name\":\"Centro de producci\u00f3n | Portalp\",\"isPartOf\":{\"@id\":\"https:\\\/\\\/www.portalp.com\\\/es\\\/#website\"},\"primaryImageOfPage\":{\"@id\":\"https:\\\/\\\/www.portalp.com\\\/es\\\/empresa\\\/centro-de-produccion\\\/#primaryimage\"},\"image\":{\"@id\":\"https:\\\/\\\/www.portalp.com\\\/es\\\/empresa\\\/centro-de-produccion\\\/#primaryimage\"},\"thumbnailUrl\":\"https:\\\/\\\/www.portalp.com\\\/wp-content\\\/uploads\\\/2024\\\/05\\\/campus-portalp-vue-aerienne.jpg\",\"datePublished\":\"2024-05-30T13:13:18+00:00\",\"dateModified\":\"2024-12-16T15:53:10+00:00\",\"description\":\"Descubre nuestro centro de producci\u00f3n en el coraz\u00f3n de Is\u00e8re, donde el saber hacer y la innovaci\u00f3n se unen para crear soluciones de acceso automatizado de alta calidad.\",\"breadcrumb\":{\"@id\":\"https:\\\/\\\/www.portalp.com\\\/es\\\/empresa\\\/centro-de-produccion\\\/#breadcrumb\"},\"inLanguage\":\"es\",\"potentialAction\":[{\"@type\":\"ReadAction\",\"target\":[\"https:\\\/\\\/www.portalp.com\\\/es\\\/empresa\\\/centro-de-produccion\\\/\"]}]},{\"@type\":\"ImageObject\",\"inLanguage\":\"es\",\"@id\":\"https:\\\/\\\/www.portalp.com\\\/es\\\/empresa\\\/centro-de-produccion\\\/#primaryimage\",\"url\":\"https:\\\/\\\/www.portalp.com\\\/wp-content\\\/uploads\\\/2024\\\/05\\\/campus-portalp-vue-aerienne.jpg\",\"contentUrl\":\"https:\\\/\\\/www.portalp.com\\\/wp-content\\\/uploads\\\/2024\\\/05\\\/campus-portalp-vue-aerienne.jpg\",\"width\":1920,\"height\":1280,\"caption\":\"Vue a\u00e9rienne du campus Portalp\"},{\"@type\":\"BreadcrumbList\",\"@id\":\"https:\\\/\\\/www.portalp.com\\\/es\\\/empresa\\\/centro-de-produccion\\\/#breadcrumb\",\"itemListElement\":[{\"@type\":\"ListItem\",\"position\":1,\"name\":\"Inicio\",\"item\":\"https:\\\/\\\/www.portalp.com\\\/es\\\/\"},{\"@type\":\"ListItem\",\"position\":2,\"name\":\"Empresa\",\"item\":\"https:\\\/\\\/www.portalp.com\\\/es\\\/empresa\\\/\"},{\"@type\":\"ListItem\",\"position\":3,\"name\":\"Centro de producci\u00f3n\"}]},{\"@type\":\"WebSite\",\"@id\":\"https:\\\/\\\/www.portalp.com\\\/es\\\/#website\",\"url\":\"https:\\\/\\\/www.portalp.com\\\/es\\\/\",\"name\":\"Portalp\",\"description\":\"\",\"publisher\":{\"@id\":\"https:\\\/\\\/www.portalp.com\\\/es\\\/#organization\"},\"potentialAction\":[{\"@type\":\"SearchAction\",\"target\":{\"@type\":\"EntryPoint\",\"urlTemplate\":\"https:\\\/\\\/www.portalp.com\\\/es\\\/?s={search_term_string}\"},\"query-input\":{\"@type\":\"PropertyValueSpecification\",\"valueRequired\":true,\"valueName\":\"search_term_string\"}}],\"inLanguage\":\"es\"},{\"@type\":\"Organization\",\"@id\":\"https:\\\/\\\/www.portalp.com\\\/es\\\/#organization\",\"name\":\"Portalp\",\"url\":\"https:\\\/\\\/www.portalp.com\\\/es\\\/\",\"logo\":{\"@type\":\"ImageObject\",\"inLanguage\":\"es\",\"@id\":\"https:\\\/\\\/www.portalp.com\\\/es\\\/#\\\/schema\\\/logo\\\/image\\\/\",\"url\":\"https:\\\/\\\/www.portalp.com\\\/wp-content\\\/uploads\\\/2024\\\/05\\\/Logo-PORTALP_coul-72.png\",\"contentUrl\":\"https:\\\/\\\/www.portalp.com\\\/wp-content\\\/uploads\\\/2024\\\/05\\\/Logo-PORTALP_coul-72.png\",\"width\":375,\"height\":142,\"caption\":\"Portalp\"},\"image\":{\"@id\":\"https:\\\/\\\/www.portalp.com\\\/es\\\/#\\\/schema\\\/logo\\\/image\\\/\"},\"sameAs\":[\"https:\\\/\\\/www.linkedin.com\\\/company\\\/portalp\"]}]}<\/script>\n<!-- \/ Yoast SEO plugin. -->","yoast_head_json":{"title":"Centro de producci\u00f3n | Portalp","description":"Descubre nuestro centro de producci\u00f3n en el coraz\u00f3n de Is\u00e8re, donde el saber hacer y la innovaci\u00f3n se unen para crear soluciones de acceso automatizado de alta calidad.","robots":{"index":"index","follow":"follow","max-snippet":"max-snippet:-1","max-image-preview":"max-image-preview:large","max-video-preview":"max-video-preview:-1"},"canonical":"https:\/\/www.portalp.com\/es\/empresa\/centro-de-produccion\/","og_locale":"es_ES","og_type":"article","og_title":"Centro de producci\u00f3n | Portalp","og_description":"Descubre nuestro centro de producci\u00f3n en el coraz\u00f3n de Is\u00e8re, donde el saber hacer y la innovaci\u00f3n se unen para crear soluciones de acceso automatizado de alta calidad.","og_url":"https:\/\/www.portalp.com\/es\/empresa\/centro-de-produccion\/","og_site_name":"Portalp","article_modified_time":"2024-12-16T15:53:10+00:00","og_image":[{"width":1920,"height":1280,"url":"https:\/\/www.portalp.com\/wp-content\/uploads\/2024\/05\/campus-portalp-vue-aerienne.jpg","type":"image\/jpeg"}],"twitter_card":"summary_large_image","twitter_misc":{"Est. reading time":"6 minutes"},"schema":{"@context":"https:\/\/schema.org","@graph":[{"@type":"WebPage","@id":"https:\/\/www.portalp.com\/es\/empresa\/centro-de-produccion\/","url":"https:\/\/www.portalp.com\/es\/empresa\/centro-de-produccion\/","name":"Centro de producci\u00f3n | Portalp","isPartOf":{"@id":"https:\/\/www.portalp.com\/es\/#website"},"primaryImageOfPage":{"@id":"https:\/\/www.portalp.com\/es\/empresa\/centro-de-produccion\/#primaryimage"},"image":{"@id":"https:\/\/www.portalp.com\/es\/empresa\/centro-de-produccion\/#primaryimage"},"thumbnailUrl":"https:\/\/www.portalp.com\/wp-content\/uploads\/2024\/05\/campus-portalp-vue-aerienne.jpg","datePublished":"2024-05-30T13:13:18+00:00","dateModified":"2024-12-16T15:53:10+00:00","description":"Descubre nuestro centro de producci\u00f3n en el coraz\u00f3n de Is\u00e8re, donde el saber hacer y la innovaci\u00f3n se unen para crear soluciones de acceso automatizado de alta calidad.","breadcrumb":{"@id":"https:\/\/www.portalp.com\/es\/empresa\/centro-de-produccion\/#breadcrumb"},"inLanguage":"es","potentialAction":[{"@type":"ReadAction","target":["https:\/\/www.portalp.com\/es\/empresa\/centro-de-produccion\/"]}]},{"@type":"ImageObject","inLanguage":"es","@id":"https:\/\/www.portalp.com\/es\/empresa\/centro-de-produccion\/#primaryimage","url":"https:\/\/www.portalp.com\/wp-content\/uploads\/2024\/05\/campus-portalp-vue-aerienne.jpg","contentUrl":"https:\/\/www.portalp.com\/wp-content\/uploads\/2024\/05\/campus-portalp-vue-aerienne.jpg","width":1920,"height":1280,"caption":"Vue a\u00e9rienne du campus Portalp"},{"@type":"BreadcrumbList","@id":"https:\/\/www.portalp.com\/es\/empresa\/centro-de-produccion\/#breadcrumb","itemListElement":[{"@type":"ListItem","position":1,"name":"Inicio","item":"https:\/\/www.portalp.com\/es\/"},{"@type":"ListItem","position":2,"name":"Empresa","item":"https:\/\/www.portalp.com\/es\/empresa\/"},{"@type":"ListItem","position":3,"name":"Centro de producci\u00f3n"}]},{"@type":"WebSite","@id":"https:\/\/www.portalp.com\/es\/#website","url":"https:\/\/www.portalp.com\/es\/","name":"Portalp","description":"","publisher":{"@id":"https:\/\/www.portalp.com\/es\/#organization"},"potentialAction":[{"@type":"SearchAction","target":{"@type":"EntryPoint","urlTemplate":"https:\/\/www.portalp.com\/es\/?s={search_term_string}"},"query-input":{"@type":"PropertyValueSpecification","valueRequired":true,"valueName":"search_term_string"}}],"inLanguage":"es"},{"@type":"Organization","@id":"https:\/\/www.portalp.com\/es\/#organization","name":"Portalp","url":"https:\/\/www.portalp.com\/es\/","logo":{"@type":"ImageObject","inLanguage":"es","@id":"https:\/\/www.portalp.com\/es\/#\/schema\/logo\/image\/","url":"https:\/\/www.portalp.com\/wp-content\/uploads\/2024\/05\/Logo-PORTALP_coul-72.png","contentUrl":"https:\/\/www.portalp.com\/wp-content\/uploads\/2024\/05\/Logo-PORTALP_coul-72.png","width":375,"height":142,"caption":"Portalp"},"image":{"@id":"https:\/\/www.portalp.com\/es\/#\/schema\/logo\/image\/"},"sameAs":["https:\/\/www.linkedin.com\/company\/portalp"]}]}},"_links":{"self":[{"href":"https:\/\/www.portalp.com\/es\/wp-json\/wp\/v2\/pages\/19556","targetHints":{"allow":["GET"]}}],"collection":[{"href":"https:\/\/www.portalp.com\/es\/wp-json\/wp\/v2\/pages"}],"about":[{"href":"https:\/\/www.portalp.com\/es\/wp-json\/wp\/v2\/types\/page"}],"author":[{"embeddable":true,"href":"https:\/\/www.portalp.com\/es\/wp-json\/wp\/v2\/users\/1"}],"replies":[{"embeddable":true,"href":"https:\/\/www.portalp.com\/es\/wp-json\/wp\/v2\/comments?post=19556"}],"version-history":[{"count":0,"href":"https:\/\/www.portalp.com\/es\/wp-json\/wp\/v2\/pages\/19556\/revisions"}],"up":[{"embeddable":true,"href":"https:\/\/www.portalp.com\/es\/wp-json\/wp\/v2\/pages\/21378"}],"wp:featuredmedia":[{"embeddable":true,"href":"https:\/\/www.portalp.com\/es\/wp-json\/wp\/v2\/media\/3872"}],"wp:attachment":[{"href":"https:\/\/www.portalp.com\/es\/wp-json\/wp\/v2\/media?parent=19556"}],"curies":[{"name":"wp","href":"https:\/\/api.w.org\/{rel}","templated":true}]}}