{"id":19441,"date":"2024-05-23T12:56:52","date_gmt":"2024-05-23T11:56:52","guid":{"rendered":"https:\/\/www.portalp.com\/donde-encontrarnos\/"},"modified":"2025-01-07T15:50:47","modified_gmt":"2025-01-07T14:50:47","slug":"donde-encontrarnos","status":"publish","type":"page","link":"https:\/\/www.portalp.com\/es\/empresa\/donde-encontrarnos\/","title":{"rendered":"D\u00f3nde encontrarnos"},"content":{"rendered":"<p>[et_pb_section fb_built=&#8221;1&#8243; _builder_version=&#8221;4.24.2&#8243; _module_preset=&#8221;default&#8221; custom_margin=&#8221;110px||||false|false&#8221; custom_margin_tablet=&#8221;110px||||false|false&#8221; custom_margin_phone=&#8221;70px||||false|false&#8221; custom_margin_last_edited=&#8221;on|phone&#8221; custom_padding=&#8221;||8%||false|false&#8221; global_colors_info=&#8221;{}&#8221;][et_pb_row _builder_version=&#8221;4.24.2&#8243; _module_preset=&#8221;default&#8221; global_colors_info=&#8221;{}&#8221;][et_pb_column type=&#8221;4_4&#8243; _builder_version=&#8221;4.24.2&#8243; _module_preset=&#8221;default&#8221; global_colors_info=&#8221;{}&#8221;][et_pb_text _builder_version=&#8221;4.24.2&#8243; _module_preset=&#8221;default&#8221; header_text_color=&#8221;#005B94&#8243; header_font_size=&#8221;40px&#8221; custom_margin=&#8221;||2px|||&#8221; global_colors_info=&#8221;{}&#8221;]<\/p>\n<h1 style=\"text-align: center;\">La red Portalp<\/h1>\n<p>[\/et_pb_text][et_pb_text _builder_version=&#8221;4.24.2&#8243; _module_preset=&#8221;default&#8221; global_colors_info=&#8221;{}&#8221;]<style>\r\n\t#wpsl-stores .wpsl-store-thumb {height:45px !important; width:45px !important;}\r\n\t#wpsl-stores, #wpsl-direction-details, #wpsl-gmap {height:500px !important;}\r\n\t#wpsl-gmap .wpsl-info-window {max-width:225px !important;}\r\n\t.wpsl-input label, #wpsl-radius label, #wpsl-category label {width:95px;}\r\n\t#wpsl-search-input  {width:250px;}\r\n<\/style>\r\n<div id=\"wpsl-wrap\">\r\n\t<div class=\"wpsl-search wpsl-clearfix wpsl-no-filters\">\r\n\t\t<div id=\"wpsl-search-wrap\">\r\n\t\t\t<form autocomplete=\"off\">\r\n\t\t\t<div class=\"wpsl-input\">\r\n\t\t\t\t<div><label for=\"wpsl-search-input\">Tu ubicaci\u00f3n<\/label><\/div>\r\n\t\t\t\t<input id=\"wpsl-search-input\" type=\"text\" value=\"\" name=\"wpsl-search-input\" placeholder=\"\" aria-required=\"true\" \/>\r\n\t\t\t<\/div>\r\n\t\t\t\t<div class=\"wpsl-search-btn-wrap\"><input id=\"wpsl-search-btn\" type=\"submit\" value=\"Buscar\"><\/div>\r\n\t\t<\/form>\r\n\t\t<\/div>\r\n\t<\/div>\r\n\t<div id=\"wpsl-gmap\" class=\"wpsl-gmap-canvas\"><\/div>\r\n\t<div id=\"wpsl-result-list\">\r\n\t\t<div id=\"wpsl-stores\" >\r\n\t\t\t<ul><\/ul>\r\n\t\t<\/div>\r\n\t\t<div id=\"wpsl-direction-details\">\r\n\t\t\t<ul><\/ul>\r\n\t\t<\/div>\r\n\t<\/div>\r\n<\/div>\r\n[\/et_pb_text][\/et_pb_column][\/et_pb_row][\/et_pb_section]<\/p>\n","protected":false},"excerpt":{"rendered":"<p>La red Portalp<style>\r\n\t#wpsl-stores .wpsl-store-thumb {height:45px !important; width:45px !important;}\r\n\t#wpsl-stores, #wpsl-direction-details, #wpsl-gmap {height:500px !important;}\r\n\t#wpsl-gmap .wpsl-info-window {max-width:225px !important;}\r\n\t.wpsl-input label, #wpsl-radius label, #wpsl-category label {width:95px;}\r\n\t#wpsl-search-input  {width:250px;}\r\n<\/style>\r\n<div id=\"wpsl-wrap\">\r\n\t<div class=\"wpsl-search wpsl-clearfix wpsl-no-filters\">\r\n\t\t<div id=\"wpsl-search-wrap\">\r\n\t\t\t<form autocomplete=\"off\">\r\n\t\t\t<div class=\"wpsl-input\">\r\n\t\t\t\t<div><label for=\"wpsl-search-input\">Tu ubicaci\u00f3n<\/label><\/div>\r\n\t\t\t\t<input id=\"wpsl-search-input\" type=\"text\" value=\"\" name=\"wpsl-search-input\" placeholder=\"\" aria-required=\"true\" \/>\r\n\t\t\t<\/div>\r\n\t\t\t\t<div class=\"wpsl-search-btn-wrap\"><input id=\"wpsl-search-btn\" type=\"submit\" value=\"Buscar\"><\/div>\r\n\t\t<\/form>\r\n\t\t<\/div>\r\n\t<\/div>\r\n\t<div id=\"wpsl-gmap\" class=\"wpsl-gmap-canvas\"><\/div>\r\n\t<div id=\"wpsl-result-list\">\r\n\t\t<div id=\"wpsl-stores\" >\r\n\t\t\t<ul><\/ul>\r\n\t\t<\/div>\r\n\t\t<div id=\"wpsl-direction-details\">\r\n\t\t\t<ul><\/ul>\r\n\t\t<\/div>\r\n\t<\/div>\r\n<\/div>\r\n<\/p>\n","protected":false},"author":1,"featured_media":15543,"parent":21378,"menu_order":0,"comment_status":"closed","ping_status":"closed","template":"","meta":{"_et_pb_use_builder":"on","_et_pb_old_content":"","_et_gb_content_width":"","footnotes":""},"class_list":["post-19441","page","type-page","status-publish","has-post-thumbnail","hentry"],"yoast_head":"<!-- This site is optimized with the Yoast SEO plugin v27.4 - https:\/\/yoast.com\/product\/yoast-seo-wordpress\/ -->\n<title>D\u00f3nde encontrarnos | Portalp<\/title>\n<meta name=\"description\" content=\"Nuestro red en Francia e internacionalmente le acompa\u00f1a en todos sus proyectos de automatizaci\u00f3n de puertas, con experiencia y cercan\u00eda.\" \/>\n<meta name=\"robots\" content=\"index, follow, max-snippet:-1, max-image-preview:large, max-video-preview:-1\" \/>\n<link rel=\"canonical\" href=\"https:\/\/www.portalp.com\/es\/empresa\/donde-encontrarnos\/\" \/>\n<meta property=\"og:locale\" content=\"es_ES\" \/>\n<meta property=\"og:type\" content=\"article\" \/>\n<meta property=\"og:title\" content=\"D\u00f3nde encontrarnos | Portalp\" \/>\n<meta property=\"og:description\" content=\"Nuestro red en Francia e internacionalmente le acompa\u00f1a en todos sus proyectos de automatizaci\u00f3n de puertas, con experiencia y cercan\u00eda.\" \/>\n<meta property=\"og:url\" content=\"https:\/\/www.portalp.com\/es\/empresa\/donde-encontrarnos\/\" \/>\n<meta property=\"og:site_name\" content=\"Portalp\" \/>\n<meta property=\"article:modified_time\" content=\"2025-01-07T14:50:47+00:00\" \/>\n<meta property=\"og:image\" content=\"https:\/\/www.portalp.com\/wp-content\/uploads\/2024\/09\/solutions_accesparking_portail_industriel_heras_portalp.jpg\" \/>\n\t<meta property=\"og:image:width\" content=\"1000\" \/>\n\t<meta property=\"og:image:height\" content=\"1000\" \/>\n\t<meta property=\"og:image:type\" content=\"image\/jpeg\" \/>\n<meta name=\"twitter:card\" content=\"summary_large_image\" \/>\n<meta name=\"twitter:label1\" content=\"Est. reading time\" \/>\n\t<meta name=\"twitter:data1\" content=\"1 minute\" \/>\n<script type=\"application\/ld+json\" class=\"yoast-schema-graph\">{\"@context\":\"https:\\\/\\\/schema.org\",\"@graph\":[{\"@type\":\"WebPage\",\"@id\":\"https:\\\/\\\/www.portalp.com\\\/es\\\/empresa\\\/donde-encontrarnos\\\/\",\"url\":\"https:\\\/\\\/www.portalp.com\\\/es\\\/empresa\\\/donde-encontrarnos\\\/\",\"name\":\"D\u00f3nde encontrarnos | Portalp\",\"isPartOf\":{\"@id\":\"https:\\\/\\\/www.portalp.com\\\/es\\\/#website\"},\"primaryImageOfPage\":{\"@id\":\"https:\\\/\\\/www.portalp.com\\\/es\\\/empresa\\\/donde-encontrarnos\\\/#primaryimage\"},\"image\":{\"@id\":\"https:\\\/\\\/www.portalp.com\\\/es\\\/empresa\\\/donde-encontrarnos\\\/#primaryimage\"},\"thumbnailUrl\":\"https:\\\/\\\/www.portalp.com\\\/wp-content\\\/uploads\\\/2024\\\/09\\\/solutions_accesparking_portail_industriel_heras_portalp.jpg\",\"datePublished\":\"2024-05-23T11:56:52+00:00\",\"dateModified\":\"2025-01-07T14:50:47+00:00\",\"description\":\"Nuestro red en Francia e internacionalmente le acompa\u00f1a en todos sus proyectos de automatizaci\u00f3n de puertas, con experiencia y cercan\u00eda.\",\"breadcrumb\":{\"@id\":\"https:\\\/\\\/www.portalp.com\\\/es\\\/empresa\\\/donde-encontrarnos\\\/#breadcrumb\"},\"inLanguage\":\"es\",\"potentialAction\":[{\"@type\":\"ReadAction\",\"target\":[\"https:\\\/\\\/www.portalp.com\\\/es\\\/empresa\\\/donde-encontrarnos\\\/\"]}]},{\"@type\":\"ImageObject\",\"inLanguage\":\"es\",\"@id\":\"https:\\\/\\\/www.portalp.com\\\/es\\\/empresa\\\/donde-encontrarnos\\\/#primaryimage\",\"url\":\"https:\\\/\\\/www.portalp.com\\\/wp-content\\\/uploads\\\/2024\\\/09\\\/solutions_accesparking_portail_industriel_heras_portalp.jpg\",\"contentUrl\":\"https:\\\/\\\/www.portalp.com\\\/wp-content\\\/uploads\\\/2024\\\/09\\\/solutions_accesparking_portail_industriel_heras_portalp.jpg\",\"width\":1000,\"height\":1000,\"caption\":\"Portail industriel autoportant coulissant Heras Portalp\"},{\"@type\":\"BreadcrumbList\",\"@id\":\"https:\\\/\\\/www.portalp.com\\\/es\\\/empresa\\\/donde-encontrarnos\\\/#breadcrumb\",\"itemListElement\":[{\"@type\":\"ListItem\",\"position\":1,\"name\":\"Inicio\",\"item\":\"https:\\\/\\\/www.portalp.com\\\/es\\\/\"},{\"@type\":\"ListItem\",\"position\":2,\"name\":\"Empresa\",\"item\":\"https:\\\/\\\/www.portalp.com\\\/es\\\/empresa\\\/\"},{\"@type\":\"ListItem\",\"position\":3,\"name\":\"D\u00f3nde encontrarnos\"}]},{\"@type\":\"WebSite\",\"@id\":\"https:\\\/\\\/www.portalp.com\\\/es\\\/#website\",\"url\":\"https:\\\/\\\/www.portalp.com\\\/es\\\/\",\"name\":\"Portalp\",\"description\":\"\",\"publisher\":{\"@id\":\"https:\\\/\\\/www.portalp.com\\\/es\\\/#organization\"},\"potentialAction\":[{\"@type\":\"SearchAction\",\"target\":{\"@type\":\"EntryPoint\",\"urlTemplate\":\"https:\\\/\\\/www.portalp.com\\\/es\\\/?s={search_term_string}\"},\"query-input\":{\"@type\":\"PropertyValueSpecification\",\"valueRequired\":true,\"valueName\":\"search_term_string\"}}],\"inLanguage\":\"es\"},{\"@type\":\"Organization\",\"@id\":\"https:\\\/\\\/www.portalp.com\\\/es\\\/#organization\",\"name\":\"Portalp\",\"url\":\"https:\\\/\\\/www.portalp.com\\\/es\\\/\",\"logo\":{\"@type\":\"ImageObject\",\"inLanguage\":\"es\",\"@id\":\"https:\\\/\\\/www.portalp.com\\\/es\\\/#\\\/schema\\\/logo\\\/image\\\/\",\"url\":\"https:\\\/\\\/www.portalp.com\\\/wp-content\\\/uploads\\\/2024\\\/05\\\/Logo-PORTALP_coul-72.png\",\"contentUrl\":\"https:\\\/\\\/www.portalp.com\\\/wp-content\\\/uploads\\\/2024\\\/05\\\/Logo-PORTALP_coul-72.png\",\"width\":375,\"height\":142,\"caption\":\"Portalp\"},\"image\":{\"@id\":\"https:\\\/\\\/www.portalp.com\\\/es\\\/#\\\/schema\\\/logo\\\/image\\\/\"},\"sameAs\":[\"https:\\\/\\\/www.linkedin.com\\\/company\\\/portalp\"]}]}<\/script>\n<!-- \/ Yoast SEO plugin. -->","yoast_head_json":{"title":"D\u00f3nde encontrarnos | Portalp","description":"Nuestro red en Francia e internacionalmente le acompa\u00f1a en todos sus proyectos de automatizaci\u00f3n de puertas, con experiencia y cercan\u00eda.","robots":{"index":"index","follow":"follow","max-snippet":"max-snippet:-1","max-image-preview":"max-image-preview:large","max-video-preview":"max-video-preview:-1"},"canonical":"https:\/\/www.portalp.com\/es\/empresa\/donde-encontrarnos\/","og_locale":"es_ES","og_type":"article","og_title":"D\u00f3nde encontrarnos | Portalp","og_description":"Nuestro red en Francia e internacionalmente le acompa\u00f1a en todos sus proyectos de automatizaci\u00f3n de puertas, con experiencia y cercan\u00eda.","og_url":"https:\/\/www.portalp.com\/es\/empresa\/donde-encontrarnos\/","og_site_name":"Portalp","article_modified_time":"2025-01-07T14:50:47+00:00","og_image":[{"width":1000,"height":1000,"url":"https:\/\/www.portalp.com\/wp-content\/uploads\/2024\/09\/solutions_accesparking_portail_industriel_heras_portalp.jpg","type":"image\/jpeg"}],"twitter_card":"summary_large_image","twitter_misc":{"Est. reading time":"1 minute"},"schema":{"@context":"https:\/\/schema.org","@graph":[{"@type":"WebPage","@id":"https:\/\/www.portalp.com\/es\/empresa\/donde-encontrarnos\/","url":"https:\/\/www.portalp.com\/es\/empresa\/donde-encontrarnos\/","name":"D\u00f3nde encontrarnos | Portalp","isPartOf":{"@id":"https:\/\/www.portalp.com\/es\/#website"},"primaryImageOfPage":{"@id":"https:\/\/www.portalp.com\/es\/empresa\/donde-encontrarnos\/#primaryimage"},"image":{"@id":"https:\/\/www.portalp.com\/es\/empresa\/donde-encontrarnos\/#primaryimage"},"thumbnailUrl":"https:\/\/www.portalp.com\/wp-content\/uploads\/2024\/09\/solutions_accesparking_portail_industriel_heras_portalp.jpg","datePublished":"2024-05-23T11:56:52+00:00","dateModified":"2025-01-07T14:50:47+00:00","description":"Nuestro red en Francia e internacionalmente le acompa\u00f1a en todos sus proyectos de automatizaci\u00f3n de puertas, con experiencia y cercan\u00eda.","breadcrumb":{"@id":"https:\/\/www.portalp.com\/es\/empresa\/donde-encontrarnos\/#breadcrumb"},"inLanguage":"es","potentialAction":[{"@type":"ReadAction","target":["https:\/\/www.portalp.com\/es\/empresa\/donde-encontrarnos\/"]}]},{"@type":"ImageObject","inLanguage":"es","@id":"https:\/\/www.portalp.com\/es\/empresa\/donde-encontrarnos\/#primaryimage","url":"https:\/\/www.portalp.com\/wp-content\/uploads\/2024\/09\/solutions_accesparking_portail_industriel_heras_portalp.jpg","contentUrl":"https:\/\/www.portalp.com\/wp-content\/uploads\/2024\/09\/solutions_accesparking_portail_industriel_heras_portalp.jpg","width":1000,"height":1000,"caption":"Portail industriel autoportant coulissant Heras Portalp"},{"@type":"BreadcrumbList","@id":"https:\/\/www.portalp.com\/es\/empresa\/donde-encontrarnos\/#breadcrumb","itemListElement":[{"@type":"ListItem","position":1,"name":"Inicio","item":"https:\/\/www.portalp.com\/es\/"},{"@type":"ListItem","position":2,"name":"Empresa","item":"https:\/\/www.portalp.com\/es\/empresa\/"},{"@type":"ListItem","position":3,"name":"D\u00f3nde encontrarnos"}]},{"@type":"WebSite","@id":"https:\/\/www.portalp.com\/es\/#website","url":"https:\/\/www.portalp.com\/es\/","name":"Portalp","description":"","publisher":{"@id":"https:\/\/www.portalp.com\/es\/#organization"},"potentialAction":[{"@type":"SearchAction","target":{"@type":"EntryPoint","urlTemplate":"https:\/\/www.portalp.com\/es\/?s={search_term_string}"},"query-input":{"@type":"PropertyValueSpecification","valueRequired":true,"valueName":"search_term_string"}}],"inLanguage":"es"},{"@type":"Organization","@id":"https:\/\/www.portalp.com\/es\/#organization","name":"Portalp","url":"https:\/\/www.portalp.com\/es\/","logo":{"@type":"ImageObject","inLanguage":"es","@id":"https:\/\/www.portalp.com\/es\/#\/schema\/logo\/image\/","url":"https:\/\/www.portalp.com\/wp-content\/uploads\/2024\/05\/Logo-PORTALP_coul-72.png","contentUrl":"https:\/\/www.portalp.com\/wp-content\/uploads\/2024\/05\/Logo-PORTALP_coul-72.png","width":375,"height":142,"caption":"Portalp"},"image":{"@id":"https:\/\/www.portalp.com\/es\/#\/schema\/logo\/image\/"},"sameAs":["https:\/\/www.linkedin.com\/company\/portalp"]}]}},"_links":{"self":[{"href":"https:\/\/www.portalp.com\/es\/wp-json\/wp\/v2\/pages\/19441","targetHints":{"allow":["GET"]}}],"collection":[{"href":"https:\/\/www.portalp.com\/es\/wp-json\/wp\/v2\/pages"}],"about":[{"href":"https:\/\/www.portalp.com\/es\/wp-json\/wp\/v2\/types\/page"}],"author":[{"embeddable":true,"href":"https:\/\/www.portalp.com\/es\/wp-json\/wp\/v2\/users\/1"}],"replies":[{"embeddable":true,"href":"https:\/\/www.portalp.com\/es\/wp-json\/wp\/v2\/comments?post=19441"}],"version-history":[{"count":0,"href":"https:\/\/www.portalp.com\/es\/wp-json\/wp\/v2\/pages\/19441\/revisions"}],"up":[{"embeddable":true,"href":"https:\/\/www.portalp.com\/es\/wp-json\/wp\/v2\/pages\/21378"}],"wp:featuredmedia":[{"embeddable":true,"href":"https:\/\/www.portalp.com\/es\/wp-json\/wp\/v2\/media\/15543"}],"wp:attachment":[{"href":"https:\/\/www.portalp.com\/es\/wp-json\/wp\/v2\/media?parent=19441"}],"curies":[{"name":"wp","href":"https:\/\/api.w.org\/{rel}","templated":true}]}}