{"id":19278,"date":"2024-04-08T13:23:59","date_gmt":"2024-04-08T12:23:59","guid":{"rendered":"https:\/\/www.portalp.com\/fachadas-de-anden\/"},"modified":"2025-01-10T11:28:20","modified_gmt":"2025-01-10T10:28:20","slug":"fachadas-de-anden","status":"publish","type":"page","link":"https:\/\/www.portalp.com\/es\/soluciones\/fachadas-de-anden\/","title":{"rendered":"Fachadas de and\u00e9n"},"content":{"rendered":"<p>[et_pb_section fb_built=&#8221;1&#8243; _builder_version=&#8221;4.24.2&#8243; _module_preset=&#8221;default&#8221; background_image=&#8221;https:\/\/www.portalp.com\/wp-content\/uploads\/2024\/04\/facades-de-quai.jpg&#8221; height=&#8221;80vh&#8221; height_tablet=&#8221;80vh&#8221; height_phone=&#8221;70vh&#8221; height_last_edited=&#8221;on|desktop&#8221; custom_padding=&#8221;||||false|false&#8221; global_colors_info=&#8221;{}&#8221;][et_pb_row column_structure=&#8221;2_5,3_5&#8243; _builder_version=&#8221;4.24.2&#8243; _module_preset=&#8221;default&#8221; position_origin_a=&#8221;bottom_center&#8221; vertical_offset=&#8221;50%&#8221; width=&#8221;100%&#8221; max_width=&#8221;100%&#8221; custom_padding=&#8221;||||false|false&#8221; custom_css_main_element=&#8221;transform: translateY(-30%);&#8221; global_colors_info=&#8221;{}&#8221;][et_pb_column type=&#8221;2_5&#8243; _builder_version=&#8221;4.24.2&#8243; _module_preset=&#8221;default&#8221; background_color=&#8221;rgba(206,27,0,0.58)&#8221; background_enable_color=&#8221;off&#8221; use_background_color_gradient=&#8221;on&#8221; background_color_gradient_stops=&#8221;rgba(0,117,191,0.8) 0%|rgba(0,27,56,0.8) 100%&#8221; transform_translate=&#8221;-20px|0px&#8221; transform_translate_linked=&#8221;off&#8221; transform_skew=&#8221;20deg|0deg&#8221; transform_skew_linked=&#8221;off&#8221; custom_css_main_element=&#8221;max-width:50%;&#8221; border_radii=&#8221;on|60px|60px|60px|60px&#8221; border_radii_tablet=&#8221;on|60px|60px|60px|60px&#8221; border_radii_phone=&#8221;on|40px|40px|40px|40px&#8221; border_radii_last_edited=&#8221;on|phone&#8221; global_colors_info=&#8221;{}&#8221; custom_css_main_element_last_edited=&#8221;on|phone&#8221; custom_css_main_element_phone=&#8221;max-width: 90%;&#8221; custom_css_main_element_tablet=&#8221;max-width:50%;&#8221;][et_pb_text _builder_version=&#8221;4.24.2&#8243; _module_preset=&#8221;default&#8221; header_font=&#8221;|600|||||||&#8221; header_text_color=&#8221;#FFFFFF&#8221; header_font_size=&#8221;40px&#8221; transform_skew=&#8221;-20deg|0deg&#8221; transform_skew_linked=&#8221;off&#8221; min_height=&#8221;30vh&#8221; custom_margin=&#8221;||0px||false|false&#8221; custom_padding=&#8221;8%|10%|8%|15%|true|false&#8221; header_font_size_tablet=&#8221;40px&#8221; header_font_size_phone=&#8221;26px&#8221; header_font_size_last_edited=&#8221;on|phone&#8221; custom_css_main_element=&#8221;display:flex;||align-items: center;&#8221; global_colors_info=&#8221;{}&#8221;]<\/p>\n<h1>Fachadas de and\u00e9n<\/h1>\n<p>[\/et_pb_text][\/et_pb_column][et_pb_column type=&#8221;3_5&#8243; _builder_version=&#8221;4.24.2&#8243; _module_preset=&#8221;default&#8221; global_colors_info=&#8221;{}&#8221;][\/et_pb_column][\/et_pb_row][\/et_pb_section][et_pb_section fb_built=&#8221;1&#8243; _builder_version=&#8221;4.24.2&#8243; _module_preset=&#8221;default&#8221; global_colors_info=&#8221;{}&#8221;][et_pb_row _builder_version=&#8221;4.24.2&#8243; _module_preset=&#8221;default&#8221; global_colors_info=&#8221;{}&#8221;][et_pb_column type=&#8221;4_4&#8243; _builder_version=&#8221;4.24.2&#8243; _module_preset=&#8221;default&#8221; global_colors_info=&#8221;{}&#8221;][et_pb_text _builder_version=&#8221;4.24.2&#8243; _module_preset=&#8221;default&#8221; text_font=&#8221;||on||||||&#8221; text_text_color=&#8221;#B49988&#8243; text_font_size=&#8221;40px&#8221; text_orientation=&#8221;center&#8221; custom_css_free_form=&#8221;selector .et_pb_text_inner {||  display: inline-block;||}||||selector p::before {||  content: url(&#8216;https:\/\/www.portalp.com\/wp-content\/uploads\/2024\/04\/guillemet-ouverture-1.jpg&#8217;);||  margin-right:15px;||}||||selector p::after {||  content: url(&#8216;https:\/\/www.portalp.com\/wp-content\/uploads\/2024\/04\/guillemet-fermeture-1.jpg&#8217;);||  margin-left:15px;||}&#8221; global_colors_info=&#8221;{}&#8221;]<\/p>\n<p>Because <strong style=\"color: #005b94;\">Availability<\/strong> And <strong style=\"color: #005b94;\">Safety<\/strong><br \/>Are More Than <strong style=\"color: #005b94;\">French<\/strong> Luxury<\/p>\n<p>[\/et_pb_text][et_pb_text _builder_version=&#8221;4.24.2&#8243; _module_preset=&#8221;default&#8221; text_orientation=&#8221;center&#8221; global_colors_info=&#8221;{}&#8221;]<\/p>\n<h2>Soluciones de apertura automatizada para infraestructuras ferroviarias<\/h2>\n<p>Portalp Railway cuenta con m\u00e1s de 60 a\u00f1os de experiencia en los automatismos de apertura adaptados a un mercado internacional espec\u00edfico: el transporte ferroviario.<\/p>\n<p>[\/et_pb_text][et_pb_text _builder_version=&#8221;4.24.2&#8243; _module_preset=&#8221;default&#8221; text_orientation=&#8221;center&#8221; global_colors_info=&#8221;{}&#8221;]<\/p>\n<h2>Una gama de fachadas de and\u00e9n de metro a medida<\/h2>\n<p>Portalp ofrece una soluci\u00f3n global para fachadas de and\u00e9n, compuesta por uno o varios m\u00f3dulos de puertas de and\u00e9n, sus m\u00f3dulos de control, una barra antip\u00e1nico y puertas de fin de and\u00e9n. Por \u00faltimo, nuestras soluciones de fachada de and\u00e9n tambi\u00e9n incluyen puertas batientes espec\u00edficas para los conductores.<\/p>\n<p>[\/et_pb_text][et_pb_button button_url=&#8221;https:\/\/railway.portalp.com&#8221; url_new_window=&#8221;on&#8221; button_text=&#8221;Descubra nuestra web dedicada al ferrocarril &#8221; module_class=&#8221;link-to-railway&#8221; _builder_version=&#8221;4.24.2&#8243; _module_preset=&#8221;default&#8221; button_icon=&#8221;&#xf35d;||fa||900&#8243; button_on_hover=&#8221;off&#8221; global_colors_info=&#8221;{}&#8221;][\/et_pb_button][\/et_pb_column][\/et_pb_row][\/et_pb_section][et_pb_section fb_built=&#8221;1&#8243; _builder_version=&#8221;4.24.2&#8243; _module_preset=&#8221;default&#8221; background_color=&#8221;#E4DAD3&#8243; global_colors_info=&#8221;{}&#8221;][et_pb_row _builder_version=&#8221;4.24.2&#8243; _module_preset=&#8221;default&#8221; global_colors_info=&#8221;{}&#8221;][et_pb_column type=&#8221;4_4&#8243; _builder_version=&#8221;4.24.2&#8243; _module_preset=&#8221;default&#8221; global_colors_info=&#8221;{}&#8221;][et_pb_text _builder_version=&#8221;4.24.2&#8243; _module_preset=&#8221;default&#8221; text_orientation=&#8221;center&#8221; global_colors_info=&#8221;{}&#8221;]<\/p>\n<h2>Soluciones de puertas de and\u00e9n completas<\/h2>\n<p>[\/et_pb_text][\/et_pb_column][\/et_pb_row][et_pb_row column_structure=&#8221;1_3,1_3,1_3&#8243; make_equal=&#8221;on&#8221; _builder_version=&#8221;4.24.2&#8243; _module_preset=&#8221;default&#8221; global_colors_info=&#8221;{}&#8221;][et_pb_column type=&#8221;1_3&#8243; _builder_version=&#8221;4.24.2&#8243; _module_preset=&#8221;default&#8221; background_color=&#8221;#FFFFFF&#8221; link_option_url=&#8221;https:\/\/railway.portalp.com\/facades-de-quai\/portes-palieres-quai-hautes\/&#8221; link_option_url_new_window=&#8221;on&#8221; border_radii=&#8221;on|15px|15px|15px|15px&#8221; global_colors_info=&#8221;{}&#8221;][et_pb_image src=&#8221;https:\/\/www.portalp.com\/wp-content\/uploads\/2024\/04\/porte-paliere-quai-haute.jpg&#8221; alt=&#8221;Puertas de and\u00e9n altura completa&#8221; _builder_version=&#8221;4.24.2&#8243; _module_preset=&#8221;default&#8221; global_colors_info=&#8221;{}&#8221;][\/et_pb_image][et_pb_text _builder_version=&#8221;4.24.2&#8243; _module_preset=&#8221;default&#8221; header_3_text_align=&#8221;center&#8221; header_3_text_color=&#8221;#005B94&#8243; text_orientation=&#8221;center&#8221; custom_margin=&#8221;|20px|20px|20px|false|true&#8221; global_colors_info=&#8221;{}&#8221;]<\/p>\n<h3>Puertas de and\u00e9n altura completa<\/h3>\n<p>Nuestras puertas de and\u00e9n altura completa facilitan y hacen m\u00e1s segura la entrada a los vagones, modernizan la infraestructura y mejoran el aislamiento t\u00e9rmico y ac\u00fastico.<\/p>\n<p>[\/et_pb_text][\/et_pb_column][et_pb_column type=&#8221;1_3&#8243; _builder_version=&#8221;4.24.2&#8243; _module_preset=&#8221;default&#8221; background_color=&#8221;#FFFFFF&#8221; link_option_url=&#8221;https:\/\/railway.portalp.com\/facades-de-quai\/portes-palieres-quai-basses\/&#8221; link_option_url_new_window=&#8221;on&#8221; border_radii=&#8221;on|15px|15px|15px|15px&#8221; global_colors_info=&#8221;{}&#8221;][et_pb_image src=&#8221;https:\/\/www.portalp.com\/wp-content\/uploads\/2024\/04\/porte-paliere-quai-basse.jpg&#8221; alt=&#8221;Puertas de and\u00e9n media altura&#8221; _builder_version=&#8221;4.24.2&#8243; _module_preset=&#8221;default&#8221; global_colors_info=&#8221;{}&#8221;][\/et_pb_image][et_pb_text _builder_version=&#8221;4.24.2&#8243; _module_preset=&#8221;default&#8221; header_3_text_align=&#8221;center&#8221; header_3_text_color=&#8221;#005B94&#8243; text_orientation=&#8221;center&#8221; custom_margin=&#8221;|20px|20px|20px|false|true&#8221; global_colors_info=&#8221;{}&#8221;]<\/p>\n<h3>Puertas de and\u00e9n media altura<\/h3>\n<p>Nuestras puertas de and\u00e9n media altura proporcionan un acceso f\u00e1cil y seguro a los vagones y son adecuadas para estaciones al aire libre e instalaciones peque\u00f1as.<\/p>\n<p>[\/et_pb_text][\/et_pb_column][et_pb_column type=&#8221;1_3&#8243; _builder_version=&#8221;4.24.2&#8243; _module_preset=&#8221;default&#8221; background_color=&#8221;#FFFFFF&#8221; link_option_url=&#8221;https:\/\/railway.portalp.com\/facades-de-quai\/portes-extremite-de-quai\/&#8221; link_option_url_new_window=&#8221;on&#8221; border_radii=&#8221;on|15px|15px|15px|15px&#8221; global_colors_info=&#8221;{}&#8221;][et_pb_image src=&#8221;https:\/\/www.portalp.com\/wp-content\/uploads\/2024\/04\/porte-extremite-quai.jpg&#8221; alt=&#8221;Puertas de fin de and\u00e9n&#8221; _builder_version=&#8221;4.24.2&#8243; _module_preset=&#8221;default&#8221; global_colors_info=&#8221;{}&#8221;][\/et_pb_image][et_pb_text _builder_version=&#8221;4.27.2&#8243; _module_preset=&#8221;default&#8221; header_3_text_align=&#8221;center&#8221; header_3_text_color=&#8221;#005B94&#8243; text_orientation=&#8221;center&#8221; custom_margin=&#8221;|20px|20px|20px|false|true&#8221; global_colors_info=&#8221;{}&#8221;]<\/p>\n<h3>Puerta de fin de and\u00e9n<\/h3>\n<p>Las puertas de fin de and\u00e9n restringen el acceso a los t\u00faneles ferroviarios \u00fanicamente a las personas autorizadas y permiten la evacuaci\u00f3n de los t\u00faneles en caso de emergencia.<\/p>\n<p>[\/et_pb_text][\/et_pb_column][\/et_pb_row][et_pb_row column_structure=&#8221;1_3,1_3,1_3&#8243; make_equal=&#8221;on&#8221; _builder_version=&#8221;4.24.2&#8243; _module_preset=&#8221;default&#8221; global_colors_info=&#8221;{}&#8221;][et_pb_column type=&#8221;1_3&#8243; _builder_version=&#8221;4.24.2&#8243; _module_preset=&#8221;default&#8221; background_color=&#8221;#FFFFFF&#8221; link_option_url=&#8221;https:\/\/railway.portalp.com\/facades-de-quai\/push-bar\/&#8221; link_option_url_new_window=&#8221;on&#8221; border_radii=&#8221;on|15px|15px|15px|15px&#8221; global_colors_info=&#8221;{}&#8221;][et_pb_image src=&#8221;https:\/\/www.portalp.com\/wp-content\/uploads\/2024\/04\/push-bar-facade-quai.jpg&#8221; alt=&#8221;Push bar<br \/>&#8221; _builder_version=&#8221;4.24.2&#8243; _module_preset=&#8221;default&#8221; global_colors_info=&#8221;{}&#8221;][\/et_pb_image][et_pb_text _builder_version=&#8221;4.24.2&#8243; _module_preset=&#8221;default&#8221; header_3_text_align=&#8221;center&#8221; header_3_text_color=&#8221;#005B94&#8243; text_orientation=&#8221;center&#8221; custom_margin=&#8221;|20px|20px|20px|false|true&#8221; global_colors_info=&#8221;{}&#8221;]<\/p>\n<h3>Push bar<\/h3>\n<p>El sistema de barras de empuje para puertas batientes de emergencia ha sido desarrollado por Portalp de conformidad con la norma EN 1125 para permitir una evacuaci\u00f3n r\u00e1pida y eficaz desde el and\u00e9n del metro.<\/p>\n<p>[\/et_pb_text][\/et_pb_column][et_pb_column type=&#8221;1_3&#8243; _builder_version=&#8221;4.24.2&#8243; _module_preset=&#8221;default&#8221; background_color=&#8221;#FFFFFF&#8221; link_option_url=&#8221;https:\/\/railway.portalp.com\/solutions-metallerie\/&#8221; link_option_url_new_window=&#8221;on&#8221; border_radii=&#8221;on|15px|15px|15px|15px&#8221; global_colors_info=&#8221;{}&#8221;][et_pb_image src=&#8221;https:\/\/www.portalp.com\/wp-content\/uploads\/2024\/04\/portillon-acces.jpg&#8221; alt=&#8221;Puerta de acceso&#8221; _builder_version=&#8221;4.24.2&#8243; _module_preset=&#8221;default&#8221; global_colors_info=&#8221;{}&#8221;][\/et_pb_image][et_pb_text _builder_version=&#8221;4.24.2&#8243; _module_preset=&#8221;default&#8221; header_3_text_align=&#8221;center&#8221; header_3_text_color=&#8221;#005B94&#8243; text_orientation=&#8221;center&#8221; custom_margin=&#8221;|20px|20px|20px|false|true&#8221; global_colors_info=&#8221;{}&#8221;]<\/p>\n<h3>Equipos y soluciones en carpinteria metalica<\/h3>\n<p>Con nuestra experiencia en construcciones met\u00e1licas y otras soluciones ferroviarias, desarrollamos equipos para mejorar la experiencia de los pasajeros y el personal ferroviario.<\/p>\n<p>[\/et_pb_text][\/et_pb_column][et_pb_column type=&#8221;1_3&#8243; _builder_version=&#8221;4.24.2&#8243; _module_preset=&#8221;default&#8221; background_color=&#8221;#FFFFFF&#8221; link_option_url=&#8221;https:\/\/railway.portalp.com\/services\/maintenance\/&#8221; link_option_url_new_window=&#8221;on&#8221; border_radii=&#8221;on|15px|15px|15px|15px&#8221; global_colors_info=&#8221;{}&#8221;][et_pb_image src=&#8221;https:\/\/www.portalp.com\/wp-content\/uploads\/2024\/04\/maintenance-facade-quai.jpg&#8221; alt=&#8221;Mantenimiento de los fachadas de and\u00e9n&#8221; _builder_version=&#8221;4.24.2&#8243; _module_preset=&#8221;default&#8221; global_colors_info=&#8221;{}&#8221;][\/et_pb_image][et_pb_text _builder_version=&#8221;4.24.2&#8243; _module_preset=&#8221;default&#8221; header_3_text_align=&#8221;center&#8221; header_3_text_color=&#8221;#005B94&#8243; text_orientation=&#8221;center&#8221; custom_margin=&#8221;|20px|20px|20px|false|true&#8221; global_colors_info=&#8221;{}&#8221;]<\/p>\n<h3>Instalaci\u00f3n y mantenimiento<\/h3>\n<p>Nuestra experiencia profesional y nuestra agilidad nos permiten instalar y mantener sus soluciones Portalp Railway o multimarca.<\/p>\n<p>[\/et_pb_text][\/et_pb_column][\/et_pb_row][et_pb_row _builder_version=&#8221;4.24.2&#8243; _module_preset=&#8221;default&#8221; global_colors_info=&#8221;{}&#8221;][et_pb_column type=&#8221;4_4&#8243; _builder_version=&#8221;4.24.2&#8243; _module_preset=&#8221;default&#8221; global_colors_info=&#8221;{}&#8221;][et_pb_button button_url=&#8221;https:\/\/railway.portalp.com\/&#8221; url_new_window=&#8221;on&#8221; button_text=&#8221;Descubra nuestra web dedicada al ferrocarril &#8221; module_class=&#8221;link-to-railway&#8221; _builder_version=&#8221;4.24.2&#8243; _module_preset=&#8221;default&#8221; button_icon=&#8221;&#xf35d;||fa||900&#8243; button_on_hover=&#8221;off&#8221; global_colors_info=&#8221;{}&#8221;][\/et_pb_button][\/et_pb_column][\/et_pb_row][\/et_pb_section]<\/p>\n","protected":false},"excerpt":{"rendered":"<p>Fachadas de and\u00e9nBecause Availability And SafetyAre More Than French LuxurySoluciones de apertura automatizada para infraestructuras ferroviarias Portalp Railway cuenta con m\u00e1s de 60 a\u00f1os de experiencia en los automatismos de apertura adaptados a un mercado internacional espec\u00edfico: el transporte ferroviario.Una gama de fachadas de and\u00e9n de metro a medida Portalp ofrece una soluci\u00f3n global para [&hellip;]<\/p>\n","protected":false},"author":1,"featured_media":7041,"parent":25526,"menu_order":0,"comment_status":"closed","ping_status":"closed","template":"","meta":{"_et_pb_use_builder":"on","_et_pb_old_content":"","_et_gb_content_width":"","footnotes":""},"class_list":["post-19278","page","type-page","status-publish","has-post-thumbnail","hentry"],"yoast_head":"<!-- This site is optimized with the Yoast SEO plugin v27.4 - https:\/\/yoast.com\/product\/yoast-seo-wordpress\/ -->\n<title>Fachadas de and\u00e9n | Portalp<\/title>\n<meta name=\"description\" content=\"Descubra nuestras soluciones automatizadas de fachada de and\u00e9n, dise\u00f1adas para mejorar la seguridad y la eficacia de las infraestructuras ferroviarias.\" \/>\n<meta name=\"robots\" content=\"index, follow, max-snippet:-1, max-image-preview:large, max-video-preview:-1\" \/>\n<link rel=\"canonical\" href=\"https:\/\/www.portalp.com\/es\/soluciones\/fachadas-de-anden\/\" \/>\n<meta property=\"og:locale\" content=\"es_ES\" \/>\n<meta property=\"og:type\" content=\"article\" \/>\n<meta property=\"og:title\" content=\"Fachadas de and\u00e9n | Portalp\" \/>\n<meta property=\"og:description\" content=\"Descubra nuestras soluciones automatizadas de fachada de and\u00e9n, dise\u00f1adas para mejorar la seguridad y la eficacia de las infraestructuras ferroviarias.\" \/>\n<meta property=\"og:url\" content=\"https:\/\/www.portalp.com\/es\/soluciones\/fachadas-de-anden\/\" \/>\n<meta property=\"og:site_name\" content=\"Portalp\" \/>\n<meta property=\"article:modified_time\" content=\"2025-01-10T10:28:20+00:00\" \/>\n<meta property=\"og:image\" content=\"https:\/\/www.portalp.com\/wp-content\/uploads\/2024\/07\/portalp_solutions_facades_de_quai_ferroviaire.jpg\" \/>\n\t<meta property=\"og:image:width\" content=\"500\" \/>\n\t<meta property=\"og:image:height\" content=\"500\" \/>\n\t<meta property=\"og:image:type\" content=\"image\/jpeg\" \/>\n<meta name=\"twitter:card\" content=\"summary_large_image\" \/>\n<meta name=\"twitter:label1\" content=\"Est. reading time\" \/>\n\t<meta name=\"twitter:data1\" content=\"4 minutes\" \/>\n<script type=\"application\/ld+json\" class=\"yoast-schema-graph\">{\"@context\":\"https:\\\/\\\/schema.org\",\"@graph\":[{\"@type\":\"WebPage\",\"@id\":\"https:\\\/\\\/www.portalp.com\\\/es\\\/soluciones\\\/fachadas-de-anden\\\/\",\"url\":\"https:\\\/\\\/www.portalp.com\\\/es\\\/soluciones\\\/fachadas-de-anden\\\/\",\"name\":\"Fachadas de and\u00e9n | Portalp\",\"isPartOf\":{\"@id\":\"https:\\\/\\\/www.portalp.com\\\/es\\\/#website\"},\"primaryImageOfPage\":{\"@id\":\"https:\\\/\\\/www.portalp.com\\\/es\\\/soluciones\\\/fachadas-de-anden\\\/#primaryimage\"},\"image\":{\"@id\":\"https:\\\/\\\/www.portalp.com\\\/es\\\/soluciones\\\/fachadas-de-anden\\\/#primaryimage\"},\"thumbnailUrl\":\"https:\\\/\\\/www.portalp.com\\\/wp-content\\\/uploads\\\/2024\\\/07\\\/portalp_solutions_facades_de_quai_ferroviaire.jpg\",\"datePublished\":\"2024-04-08T12:23:59+00:00\",\"dateModified\":\"2025-01-10T10:28:20+00:00\",\"description\":\"Descubra nuestras soluciones automatizadas de fachada de and\u00e9n, dise\u00f1adas para mejorar la seguridad y la eficacia de las infraestructuras ferroviarias.\",\"breadcrumb\":{\"@id\":\"https:\\\/\\\/www.portalp.com\\\/es\\\/soluciones\\\/fachadas-de-anden\\\/#breadcrumb\"},\"inLanguage\":\"es\",\"potentialAction\":[{\"@type\":\"ReadAction\",\"target\":[\"https:\\\/\\\/www.portalp.com\\\/es\\\/soluciones\\\/fachadas-de-anden\\\/\"]}]},{\"@type\":\"ImageObject\",\"inLanguage\":\"es\",\"@id\":\"https:\\\/\\\/www.portalp.com\\\/es\\\/soluciones\\\/fachadas-de-anden\\\/#primaryimage\",\"url\":\"https:\\\/\\\/www.portalp.com\\\/wp-content\\\/uploads\\\/2024\\\/07\\\/portalp_solutions_facades_de_quai_ferroviaire.jpg\",\"contentUrl\":\"https:\\\/\\\/www.portalp.com\\\/wp-content\\\/uploads\\\/2024\\\/07\\\/portalp_solutions_facades_de_quai_ferroviaire.jpg\",\"width\":500,\"height\":500,\"caption\":\"Fa\u00e7ade de quai\"},{\"@type\":\"BreadcrumbList\",\"@id\":\"https:\\\/\\\/www.portalp.com\\\/es\\\/soluciones\\\/fachadas-de-anden\\\/#breadcrumb\",\"itemListElement\":[{\"@type\":\"ListItem\",\"position\":1,\"name\":\"Inicio\",\"item\":\"https:\\\/\\\/www.portalp.com\\\/es\\\/\"},{\"@type\":\"ListItem\",\"position\":2,\"name\":\"Soluciones\",\"item\":\"https:\\\/\\\/www.portalp.com\\\/es\\\/soluciones\\\/\"},{\"@type\":\"ListItem\",\"position\":3,\"name\":\"Fachadas de and\u00e9n\"}]},{\"@type\":\"WebSite\",\"@id\":\"https:\\\/\\\/www.portalp.com\\\/es\\\/#website\",\"url\":\"https:\\\/\\\/www.portalp.com\\\/es\\\/\",\"name\":\"Portalp\",\"description\":\"\",\"publisher\":{\"@id\":\"https:\\\/\\\/www.portalp.com\\\/es\\\/#organization\"},\"potentialAction\":[{\"@type\":\"SearchAction\",\"target\":{\"@type\":\"EntryPoint\",\"urlTemplate\":\"https:\\\/\\\/www.portalp.com\\\/es\\\/?s={search_term_string}\"},\"query-input\":{\"@type\":\"PropertyValueSpecification\",\"valueRequired\":true,\"valueName\":\"search_term_string\"}}],\"inLanguage\":\"es\"},{\"@type\":\"Organization\",\"@id\":\"https:\\\/\\\/www.portalp.com\\\/es\\\/#organization\",\"name\":\"Portalp\",\"url\":\"https:\\\/\\\/www.portalp.com\\\/es\\\/\",\"logo\":{\"@type\":\"ImageObject\",\"inLanguage\":\"es\",\"@id\":\"https:\\\/\\\/www.portalp.com\\\/es\\\/#\\\/schema\\\/logo\\\/image\\\/\",\"url\":\"https:\\\/\\\/www.portalp.com\\\/wp-content\\\/uploads\\\/2024\\\/05\\\/Logo-PORTALP_coul-72.png\",\"contentUrl\":\"https:\\\/\\\/www.portalp.com\\\/wp-content\\\/uploads\\\/2024\\\/05\\\/Logo-PORTALP_coul-72.png\",\"width\":375,\"height\":142,\"caption\":\"Portalp\"},\"image\":{\"@id\":\"https:\\\/\\\/www.portalp.com\\\/es\\\/#\\\/schema\\\/logo\\\/image\\\/\"},\"sameAs\":[\"https:\\\/\\\/www.linkedin.com\\\/company\\\/portalp\"]}]}<\/script>\n<!-- \/ Yoast SEO plugin. -->","yoast_head_json":{"title":"Fachadas de and\u00e9n | Portalp","description":"Descubra nuestras soluciones automatizadas de fachada de and\u00e9n, dise\u00f1adas para mejorar la seguridad y la eficacia de las infraestructuras ferroviarias.","robots":{"index":"index","follow":"follow","max-snippet":"max-snippet:-1","max-image-preview":"max-image-preview:large","max-video-preview":"max-video-preview:-1"},"canonical":"https:\/\/www.portalp.com\/es\/soluciones\/fachadas-de-anden\/","og_locale":"es_ES","og_type":"article","og_title":"Fachadas de and\u00e9n | Portalp","og_description":"Descubra nuestras soluciones automatizadas de fachada de and\u00e9n, dise\u00f1adas para mejorar la seguridad y la eficacia de las infraestructuras ferroviarias.","og_url":"https:\/\/www.portalp.com\/es\/soluciones\/fachadas-de-anden\/","og_site_name":"Portalp","article_modified_time":"2025-01-10T10:28:20+00:00","og_image":[{"width":500,"height":500,"url":"https:\/\/www.portalp.com\/wp-content\/uploads\/2024\/07\/portalp_solutions_facades_de_quai_ferroviaire.jpg","type":"image\/jpeg"}],"twitter_card":"summary_large_image","twitter_misc":{"Est. reading time":"4 minutes"},"schema":{"@context":"https:\/\/schema.org","@graph":[{"@type":"WebPage","@id":"https:\/\/www.portalp.com\/es\/soluciones\/fachadas-de-anden\/","url":"https:\/\/www.portalp.com\/es\/soluciones\/fachadas-de-anden\/","name":"Fachadas de and\u00e9n | Portalp","isPartOf":{"@id":"https:\/\/www.portalp.com\/es\/#website"},"primaryImageOfPage":{"@id":"https:\/\/www.portalp.com\/es\/soluciones\/fachadas-de-anden\/#primaryimage"},"image":{"@id":"https:\/\/www.portalp.com\/es\/soluciones\/fachadas-de-anden\/#primaryimage"},"thumbnailUrl":"https:\/\/www.portalp.com\/wp-content\/uploads\/2024\/07\/portalp_solutions_facades_de_quai_ferroviaire.jpg","datePublished":"2024-04-08T12:23:59+00:00","dateModified":"2025-01-10T10:28:20+00:00","description":"Descubra nuestras soluciones automatizadas de fachada de and\u00e9n, dise\u00f1adas para mejorar la seguridad y la eficacia de las infraestructuras ferroviarias.","breadcrumb":{"@id":"https:\/\/www.portalp.com\/es\/soluciones\/fachadas-de-anden\/#breadcrumb"},"inLanguage":"es","potentialAction":[{"@type":"ReadAction","target":["https:\/\/www.portalp.com\/es\/soluciones\/fachadas-de-anden\/"]}]},{"@type":"ImageObject","inLanguage":"es","@id":"https:\/\/www.portalp.com\/es\/soluciones\/fachadas-de-anden\/#primaryimage","url":"https:\/\/www.portalp.com\/wp-content\/uploads\/2024\/07\/portalp_solutions_facades_de_quai_ferroviaire.jpg","contentUrl":"https:\/\/www.portalp.com\/wp-content\/uploads\/2024\/07\/portalp_solutions_facades_de_quai_ferroviaire.jpg","width":500,"height":500,"caption":"Fa\u00e7ade de quai"},{"@type":"BreadcrumbList","@id":"https:\/\/www.portalp.com\/es\/soluciones\/fachadas-de-anden\/#breadcrumb","itemListElement":[{"@type":"ListItem","position":1,"name":"Inicio","item":"https:\/\/www.portalp.com\/es\/"},{"@type":"ListItem","position":2,"name":"Soluciones","item":"https:\/\/www.portalp.com\/es\/soluciones\/"},{"@type":"ListItem","position":3,"name":"Fachadas de and\u00e9n"}]},{"@type":"WebSite","@id":"https:\/\/www.portalp.com\/es\/#website","url":"https:\/\/www.portalp.com\/es\/","name":"Portalp","description":"","publisher":{"@id":"https:\/\/www.portalp.com\/es\/#organization"},"potentialAction":[{"@type":"SearchAction","target":{"@type":"EntryPoint","urlTemplate":"https:\/\/www.portalp.com\/es\/?s={search_term_string}"},"query-input":{"@type":"PropertyValueSpecification","valueRequired":true,"valueName":"search_term_string"}}],"inLanguage":"es"},{"@type":"Organization","@id":"https:\/\/www.portalp.com\/es\/#organization","name":"Portalp","url":"https:\/\/www.portalp.com\/es\/","logo":{"@type":"ImageObject","inLanguage":"es","@id":"https:\/\/www.portalp.com\/es\/#\/schema\/logo\/image\/","url":"https:\/\/www.portalp.com\/wp-content\/uploads\/2024\/05\/Logo-PORTALP_coul-72.png","contentUrl":"https:\/\/www.portalp.com\/wp-content\/uploads\/2024\/05\/Logo-PORTALP_coul-72.png","width":375,"height":142,"caption":"Portalp"},"image":{"@id":"https:\/\/www.portalp.com\/es\/#\/schema\/logo\/image\/"},"sameAs":["https:\/\/www.linkedin.com\/company\/portalp"]}]}},"_links":{"self":[{"href":"https:\/\/www.portalp.com\/es\/wp-json\/wp\/v2\/pages\/19278","targetHints":{"allow":["GET"]}}],"collection":[{"href":"https:\/\/www.portalp.com\/es\/wp-json\/wp\/v2\/pages"}],"about":[{"href":"https:\/\/www.portalp.com\/es\/wp-json\/wp\/v2\/types\/page"}],"author":[{"embeddable":true,"href":"https:\/\/www.portalp.com\/es\/wp-json\/wp\/v2\/users\/1"}],"replies":[{"embeddable":true,"href":"https:\/\/www.portalp.com\/es\/wp-json\/wp\/v2\/comments?post=19278"}],"version-history":[{"count":0,"href":"https:\/\/www.portalp.com\/es\/wp-json\/wp\/v2\/pages\/19278\/revisions"}],"up":[{"embeddable":true,"href":"https:\/\/www.portalp.com\/es\/wp-json\/wp\/v2\/pages\/25526"}],"wp:featuredmedia":[{"embeddable":true,"href":"https:\/\/www.portalp.com\/es\/wp-json\/wp\/v2\/media\/7041"}],"wp:attachment":[{"href":"https:\/\/www.portalp.com\/es\/wp-json\/wp\/v2\/media?parent=19278"}],"curies":[{"name":"wp","href":"https:\/\/api.w.org\/{rel}","templated":true}]}}