{"id":25313,"date":"2024-09-30T14:56:08","date_gmt":"2024-09-30T13:56:08","guid":{"rendered":"https:\/\/www.portalp.com\/schutz-von-persoenlichen-daten\/"},"modified":"2025-02-13T16:40:57","modified_gmt":"2025-02-13T15:40:57","slug":"schutz-von-persoenlichen-daten","status":"publish","type":"page","link":"https:\/\/www.portalp.com\/de_AT\/schutz-von-persoenlichen-daten\/","title":{"rendered":"Schutz von pers\u00f6nlichen Daten"},"content":{"rendered":"<p>[et_pb_section fb_built=&#8220;1&#8243; _builder_version=&#8220;4.24.2&#8243; _module_preset=&#8220;default&#8220; custom_margin=&#8220;110px||||false|false&#8220; custom_margin_tablet=&#8220;110px||||false|false&#8220; custom_margin_phone=&#8220;70px||||false|false&#8220; custom_margin_last_edited=&#8220;on|phone&#8220; global_colors_info=&#8220;{}&#8220;][et_pb_row _builder_version=&#8220;4.24.2&#8243; _module_preset=&#8220;default&#8220; global_colors_info=&#8220;{}&#8220;][et_pb_column type=&#8220;4_4&#8243; _builder_version=&#8220;4.24.2&#8243; _module_preset=&#8220;default&#8220; global_colors_info=&#8220;{}&#8220;][et_pb_text _builder_version=&#8220;4.24.2&#8243; _module_preset=&#8220;default&#8220; header_text_align=&#8220;center&#8220; header_text_color=&#8220;#005B94&#8243; global_colors_info=&#8220;{}&#8220;]<\/p>\n<h1>Schutz von pers\u00f6nlichen Daten<\/h1>\n<p>[\/et_pb_text][et_pb_text _builder_version=&#8220;4.24.2&#8243; _module_preset=&#8220;default&#8220; header_2_text_align=&#8220;left&#8220; global_colors_info=&#8220;{}&#8220;]<\/p>\n<h2>Verantwortlicher f\u00fcr die Datenverarbeitung<\/h2>\n<p>Der Verantwortliche f\u00fcr die Verarbeitung der auf dieser Website gesammelten Daten ist <strong>Portalp France SAS<\/strong>, mit Sitz in 4, rue des Charpentiers, Zone Industrielle, 95330 DOMONT \u2013 France.<br \/>Wenn Sie Fragen zum Schutz Ihrer pers\u00f6nlichen Daten haben, k\u00f6nnen Sie uns per E-Mail an <a rel=\"noopener\">info@portalp.com<\/a> oder per Post an die oben genannte Adresse kontaktieren.<\/p>\n<p>[\/et_pb_text][et_pb_text _builder_version=&#8220;4.27.4&#8243; _module_preset=&#8220;default&#8220; header_2_text_align=&#8220;left&#8220; hover_enabled=&#8220;0&#8243; global_colors_info=&#8220;{}&#8220; sticky_enabled=&#8220;0&#8243;]<\/p>\n<h2>Gesammelte pers\u00f6nliche Daten<\/h2>\n<p>Bei der Nutzung unserer Website k\u00f6nnen in den folgenden F\u00e4llen bestimmte personenbezogene Daten erhoben und verarbeitet werden:<\/p>\n<ul>\n<li><strong>Navigation auf der Website<br \/><\/strong>Die folgenden Navigationsverbindungsdaten werden w\u00e4hrend Ihres Besuchs gesammelt: \n<ul>\n<li>Anonymisierte IP-Adresse: Ihre IP-Adresse wird teilweise anonymisiert, um Ihren Standort weniger genau zu bestimmen.<\/li>\n<li>Verwendete Ger\u00e4te und Browser: Diese Daten werden zu statistischen Zwecken gesammelt, um das Design der Website zu verbessern und ein optimales Nutzererlebnis zu bieten.<\/li>\n<\/ul>\n<\/li>\n<li><strong>Kontaktformulare<br \/><\/strong>Beim Ausf\u00fcllen unserer Formulare k\u00f6nnen die folgenden Daten erhoben werden:\n<ul>\n<li>Ihr Name,<\/li>\n<li>Ihr Vorname,<\/li>\n<li>Ihre E-Mail-Adresse,<\/li>\n<li>Ihre Telefonnummer,<\/li>\n<li>Ihr Unternehmen und seine Siret-Nummer,<\/li>\n<li>Ihre Nachricht.<\/li>\n<\/ul>\n<\/li>\n<li><strong>Bewerbungen<br \/><\/strong>Die Formulare, die f\u00fcr das Senden von Bewerbungen verwendet werden, k\u00f6nnen dazu f\u00fchren, dass wir auch Folgendes erfassen: \n<ul>\n<li>Ihr Lebenslauf<\/li>\n<li>Ihr Bewerbungsschreiben<\/li>\n<\/ul>\n<\/li>\n<\/ul>\n<p>[\/et_pb_text][et_pb_text _builder_version=&#8220;4.27.4&#8243; _module_preset=&#8220;default&#8220; header_2_text_align=&#8220;left&#8220; hover_enabled=&#8220;0&#8243; global_colors_info=&#8220;{}&#8220; sticky_enabled=&#8220;0&#8243;]<\/p>\n<h2>Zweck der Verarbeitung<\/h2>\n<p>Die erhobenen Daten werden zu folgenden Zwecken verarbeitet:<\/p>\n<ul>\n<li>Beantwortung Ihrer Anfragen und Nachrichten, die \u00fcber die Kontaktformulare gesendet wurden.<\/li>\n<li>Verbesserung der Nutzererfahrung auf der Website durch die Analyse von Navigationsdaten.<\/li>\n<li>Bearbeitung und Verwaltung Ihrer Bewerbungen auf unsere Stellenangebote.<\/li>\n<\/ul>\n<p>[\/et_pb_text][et_pb_text _builder_version=&#8220;4.27.4&#8243; _module_preset=&#8220;default&#8220; header_2_text_align=&#8220;left&#8220; hover_enabled=&#8220;0&#8243; global_colors_info=&#8220;{}&#8220; sticky_enabled=&#8220;0&#8243;]<\/p>\n<h2>Daten speichern und teilen<\/h2>\n<p>Die \u00fcber die Formulare auf der Portalp-Website gesammelten Daten werden auf unseren in Frankreich ans\u00e4ssigen Servern gespeichert.<\/p>\n<p>Die Navigationsdaten werden auf den sicheren Servern der Firma Matomo (Webanalyse-L\u00f6sung) mit Sitz in Deutschland gespeichert.<\/p>\n<p>Die gesammelten Daten werden ausschlie\u00dflich von <strong>Portalp <\/strong>und seinen Vertriebspartnern verwendet. Es werden keine Daten an Dritte weitergegeben, es sei denn, dies ist gesetzlich vorgeschrieben. <\/p>\n<p>[\/et_pb_text][et_pb_text _builder_version=&#8220;4.24.2&#8243; _module_preset=&#8220;default&#8220; header_2_text_align=&#8220;left&#8220; global_colors_info=&#8220;{}&#8220;]<\/p>\n<h2>Dauer der Speicherung von Daten<\/h2>\n<p>Ihre pers\u00f6nlichen Daten werden nur so lange aufbewahrt, wie es f\u00fcr die Zwecke, f\u00fcr die sie erhoben wurden, notwendig ist :<\/p>\n<ul>\n<li><strong>Verbindungsdaten<\/strong>: 13 Monate lang aufbewahrt.<\/li>\n<li><strong>Kontaktformulare<\/strong>: 3 Jahre lang ab dem letzten Kontakt aufbewahrt.<\/li>\n<li><strong>Bewerbungen<\/strong>: Werden 2 Jahre lang nach dem letzten Kontakt aufbewahrt, wenn die Bewerbung nicht angenommen wurde.<\/li>\n<\/ul>\n<p>Am Ende der Aufbewahrungsfrist werden die Daten gel\u00f6scht oder anonymisiert, es sei denn, eine bestimmte Aufbewahrungsfrist ist gesetzlich vorgeschrieben.<\/p>\n<p>[\/et_pb_text][et_pb_text _builder_version=&#8220;4.24.2&#8243; _module_preset=&#8220;default&#8220; header_2_text_align=&#8220;left&#8220; global_colors_info=&#8220;{}&#8220;]<\/p>\n<h2>Ihre Rechte<\/h2>\n<p>Gem\u00e4\u00df dem ge\u00e4nderten Gesetz \u201eInformatique et Libert\u00e9s\u201c vom 6. Januar 1978 und der RGPD (R\u00e8glement G\u00e9n\u00e9ral sur la Protection des Donn\u00e9es) haben Sie folgende Rechte bez\u00fcglich Ihrer Daten:<\/p>\n<ul>\n<li><strong>Recht auf Zugang<\/strong>: Sie k\u00f6nnen eine Kopie der Daten erhalten, die wir \u00fcber Sie gespeichert haben.<\/li>\n<li><strong>Recht auf Berichtigung<\/strong>: Sie k\u00f6nnen verlangen, dass unrichtige Daten berichtigt werden.<\/li>\n<li><strong>Recht auf L\u00f6schung<\/strong>: Unter bestimmten Bedingungen k\u00f6nnen Sie die L\u00f6schung Ihrer Daten verlangen.<\/li>\n<li><strong>Recht auf Einschr\u00e4nkung<\/strong>: Sie k\u00f6nnen in bestimmten F\u00e4llen verlangen, dass die Verarbeitung Ihrer Daten eingeschr\u00e4nkt wird.<\/li>\n<li><strong>Recht auf \u00dcbertragbarkeit<\/strong>: Sie k\u00f6nnen die Daten, die Sie uns zur Verf\u00fcgung gestellt haben, in einem strukturierten Format erhalten.<\/li>\n<li><strong>Widerspruchsrecht<\/strong>: Sie k\u00f6nnen der Verwendung Ihrer Daten zu Marketingzwecken jederzeit widersprechen.<\/li>\n<\/ul>\n<p>Um diese Rechte auszu\u00fcben, kontaktiere uns unter <a rel=\"noopener\">info@portalp.com<\/a> oder per Post an <strong>Portalp France SAS \u2013 4, rue des Charpentiers, 95330 DOMONT \u2013 France<\/strong>.<\/p>\n<p>[\/et_pb_text][et_pb_text _builder_version=&#8220;4.24.2&#8243; _module_preset=&#8220;default&#8220; header_2_text_align=&#8220;left&#8220; global_colors_info=&#8220;{}&#8220;]<\/p>\n<h2>Sicherheit der Daten<\/h2>\n<p>Wir setzen angemessene technische, physische und organisatorische Ma\u00dfnahmen ein, um Ihre personenbezogenen Daten vor unbefugtem Zugriff, \u00c4nderung, Offenlegung oder Zerst\u00f6rung zu sch\u00fctzen. Dazu geh\u00f6ren unter anderem die Verschl\u00fcsselung sensibler Daten, Firewalls und ein eingeschr\u00e4nkter Zugang zu Informationen. <\/p>\n<p>[\/et_pb_text][et_pb_text _builder_version=&#8220;4.27.4&#8243; _module_preset=&#8220;default&#8220; header_2_text_align=&#8220;left&#8220; hover_enabled=&#8220;0&#8243; global_colors_info=&#8220;{}&#8220; sticky_enabled=&#8220;0&#8243;]<\/p>\n<h2>Internationale Transfers<\/h2>\n<p>Die \u00fcber unsere Formulare gesammelten Daten werden auf unseren in Deutschland ans\u00e4ssigen Servern gespeichert. Die Navigationsdaten hingegen werden auf den in Deutschland ans\u00e4ssigen Servern von Matomo gespeichert. <\/p>\n<p>Keine dieser Daten werden in andere L\u00e4nder weitergegeben.<\/p>\n<p>[\/et_pb_text][et_pb_text _builder_version=&#8220;4.27.4&#8243; _module_preset=&#8220;default&#8220; header_2_text_align=&#8220;left&#8220; header_3_text_color=&#8220;#005B94&#8243; hover_enabled=&#8220;0&#8243; global_colors_info=&#8220;{}&#8220; sticky_enabled=&#8220;0&#8243;]<\/p>\n<h2>Cookies<\/h2>\n<h3>Was ist ein Cookie?<\/h3>\n<p>Ein Cookie ist eine kleine Textdatei, die auf Ihrem Ger\u00e4t (Computer, Tablet, Smartphone) abgelegt wird, wenn Sie auf einer Website surfen. Sie dient insbesondere dazu, Informationen \u00fcber Ihr Surfverhalten zu sammeln, Ihre Nutzererfahrung zu personalisieren und angepasste Inhalte anzubieten. <\/p>\n<h3>Arten der verwendeten Cookies<\/h3>\n<p>Wir verwenden nur Cookies, die f\u00fcr das reibungslose Funktionieren der Website und die Sicherheit der Website unbedingt erforderlich sind: <\/p>\n<ul>\n<li><em>wp-wpml_current_language<\/em> et <em>language-switcher-display<\/em> : Cookies, die dazu bestimmt sind, die aktuelle Version der Website zu speichern (Sprachauswahl).<\/li>\n<li><em>Recaptcha<\/em>: Cookie, um die Website vor Spam zu sch\u00fctzen.<\/li>\n<\/ul>\n<h3>Verwaltung von Cookies<\/h3>\n<p>Sie k\u00f6nnen jederzeit \u00fcber die Einstellungen Ihres Browsers entscheiden, ob Sie Cookies deaktivieren oder l\u00f6schen m\u00f6chten. Einige Funktionen der Website k\u00f6nnten jedoch beeintr\u00e4chtigt werden. <\/p>\n<p>[\/et_pb_text][et_pb_text _builder_version=&#8220;4.24.2&#8243; _module_preset=&#8220;default&#8220; header_2_text_align=&#8220;left&#8220; global_colors_info=&#8220;{}&#8220;]<\/p>\n<h2>Aktualisierungen der Politik<\/h2>\n<p>Wir behalten uns das Recht vor, diese Datenschutzrichtlinie jederzeit zu \u00e4ndern. Die \u00c4nderungen treten in Kraft, sobald sie auf dieser Seite ver\u00f6ffentlicht werden. <\/p>\n<p>[\/et_pb_text][\/et_pb_column][\/et_pb_row][\/et_pb_section]<\/p>\n","protected":false},"excerpt":{"rendered":"<p>Schutz von pers\u00f6nlichen DatenVerantwortlicher f\u00fcr die Datenverarbeitung Der Verantwortliche f\u00fcr die Verarbeitung der auf dieser Website gesammelten Daten ist Portalp France SAS, mit Sitz in 4, rue des Charpentiers, Zone Industrielle, 95330 DOMONT \u2013 France.Wenn Sie Fragen zum Schutz Ihrer pers\u00f6nlichen Daten haben, k\u00f6nnen Sie uns per E-Mail an info@portalp.com oder per Post an die [&hellip;]<\/p>\n","protected":false},"author":1,"featured_media":0,"parent":0,"menu_order":0,"comment_status":"closed","ping_status":"closed","template":"","meta":{"_et_pb_use_builder":"on","_et_pb_old_content":"","_et_gb_content_width":"","footnotes":""},"class_list":["post-25313","page","type-page","status-publish","hentry"],"yoast_head":"<!-- This site is optimized with the Yoast SEO plugin v27.4 - https:\/\/yoast.com\/product\/yoast-seo-wordpress\/ -->\n<title>Schutz von pers\u00f6nlichen Daten | Portalp<\/title>\n<meta name=\"description\" content=\"Erfahren Sie, wie Portalp Ihre pers\u00f6nlichen Daten sch\u00fctzt, indem es den Datenschutz und die DSGVO-Standards beachtet, um Ihre Sicherheit und Ihr Vertrauen zu gew\u00e4hrleisten.\" \/>\n<meta name=\"robots\" content=\"index, follow, max-snippet:-1, max-image-preview:large, max-video-preview:-1\" \/>\n<link rel=\"canonical\" href=\"https:\/\/www.portalp.com\/de_AT\/schutz-von-persoenlichen-daten\/\" \/>\n<meta property=\"og:locale\" content=\"de_DE\" \/>\n<meta property=\"og:type\" content=\"article\" \/>\n<meta property=\"og:title\" content=\"Schutz von pers\u00f6nlichen Daten | Portalp\" \/>\n<meta property=\"og:description\" content=\"Erfahren Sie, wie Portalp Ihre pers\u00f6nlichen Daten sch\u00fctzt, indem es den Datenschutz und die DSGVO-Standards beachtet, um Ihre Sicherheit und Ihr Vertrauen zu gew\u00e4hrleisten.\" \/>\n<meta property=\"og:url\" content=\"https:\/\/www.portalp.com\/de_AT\/schutz-von-persoenlichen-daten\/\" \/>\n<meta property=\"og:site_name\" content=\"Portalp\" \/>\n<meta property=\"article:modified_time\" content=\"2025-02-13T15:40:57+00:00\" \/>\n<meta property=\"og:image\" content=\"https:\/\/www.portalp.com\/wp-content\/uploads\/2024\/05\/Logo-PORTALP_coul-72.png\" \/>\n\t<meta property=\"og:image:width\" content=\"375\" \/>\n\t<meta property=\"og:image:height\" content=\"142\" \/>\n\t<meta property=\"og:image:type\" content=\"image\/png\" \/>\n<meta name=\"twitter:card\" content=\"summary_large_image\" \/>\n<meta name=\"twitter:label1\" content=\"Gesch\u00e4tzte Lesezeit\" \/>\n\t<meta name=\"twitter:data1\" content=\"4 Minuten\" \/>\n<script type=\"application\/ld+json\" class=\"yoast-schema-graph\">{\"@context\":\"https:\\\/\\\/schema.org\",\"@graph\":[{\"@type\":\"WebPage\",\"@id\":\"https:\\\/\\\/www.portalp.com\\\/de_AT\\\/schutz-von-persoenlichen-daten\\\/\",\"url\":\"https:\\\/\\\/www.portalp.com\\\/de_AT\\\/schutz-von-persoenlichen-daten\\\/\",\"name\":\"Schutz von pers\u00f6nlichen Daten | Portalp\",\"isPartOf\":{\"@id\":\"https:\\\/\\\/www.portalp.com\\\/de_AT\\\/#website\"},\"datePublished\":\"2024-09-30T13:56:08+00:00\",\"dateModified\":\"2025-02-13T15:40:57+00:00\",\"description\":\"Erfahren Sie, wie Portalp Ihre pers\u00f6nlichen Daten sch\u00fctzt, indem es den Datenschutz und die DSGVO-Standards beachtet, um Ihre Sicherheit und Ihr Vertrauen zu gew\u00e4hrleisten.\",\"breadcrumb\":{\"@id\":\"https:\\\/\\\/www.portalp.com\\\/de_AT\\\/schutz-von-persoenlichen-daten\\\/#breadcrumb\"},\"inLanguage\":\"de-AT\",\"potentialAction\":[{\"@type\":\"ReadAction\",\"target\":[\"https:\\\/\\\/www.portalp.com\\\/de_AT\\\/schutz-von-persoenlichen-daten\\\/\"]}]},{\"@type\":\"BreadcrumbList\",\"@id\":\"https:\\\/\\\/www.portalp.com\\\/de_AT\\\/schutz-von-persoenlichen-daten\\\/#breadcrumb\",\"itemListElement\":[{\"@type\":\"ListItem\",\"position\":1,\"name\":\"Startseite\",\"item\":\"https:\\\/\\\/www.portalp.com\\\/de_AT\\\/\"},{\"@type\":\"ListItem\",\"position\":2,\"name\":\"Schutz von pers\u00f6nlichen Daten\"}]},{\"@type\":\"WebSite\",\"@id\":\"https:\\\/\\\/www.portalp.com\\\/de_AT\\\/#website\",\"url\":\"https:\\\/\\\/www.portalp.com\\\/de_AT\\\/\",\"name\":\"Portalp\",\"description\":\"\",\"publisher\":{\"@id\":\"https:\\\/\\\/www.portalp.com\\\/de_AT\\\/#organization\"},\"potentialAction\":[{\"@type\":\"SearchAction\",\"target\":{\"@type\":\"EntryPoint\",\"urlTemplate\":\"https:\\\/\\\/www.portalp.com\\\/de_AT\\\/?s={search_term_string}\"},\"query-input\":{\"@type\":\"PropertyValueSpecification\",\"valueRequired\":true,\"valueName\":\"search_term_string\"}}],\"inLanguage\":\"de-AT\"},{\"@type\":\"Organization\",\"@id\":\"https:\\\/\\\/www.portalp.com\\\/de_AT\\\/#organization\",\"name\":\"Portalp\",\"url\":\"https:\\\/\\\/www.portalp.com\\\/de_AT\\\/\",\"logo\":{\"@type\":\"ImageObject\",\"inLanguage\":\"de-AT\",\"@id\":\"https:\\\/\\\/www.portalp.com\\\/de_AT\\\/#\\\/schema\\\/logo\\\/image\\\/\",\"url\":\"https:\\\/\\\/www.portalp.com\\\/wp-content\\\/uploads\\\/2024\\\/05\\\/Logo-PORTALP_coul-72.png\",\"contentUrl\":\"https:\\\/\\\/www.portalp.com\\\/wp-content\\\/uploads\\\/2024\\\/05\\\/Logo-PORTALP_coul-72.png\",\"width\":375,\"height\":142,\"caption\":\"Portalp\"},\"image\":{\"@id\":\"https:\\\/\\\/www.portalp.com\\\/de_AT\\\/#\\\/schema\\\/logo\\\/image\\\/\"},\"sameAs\":[\"https:\\\/\\\/www.linkedin.com\\\/company\\\/portalp\"]}]}<\/script>\n<!-- \/ Yoast SEO plugin. -->","yoast_head_json":{"title":"Schutz von pers\u00f6nlichen Daten | Portalp","description":"Erfahren Sie, wie Portalp Ihre pers\u00f6nlichen Daten sch\u00fctzt, indem es den Datenschutz und die DSGVO-Standards beachtet, um Ihre Sicherheit und Ihr Vertrauen zu gew\u00e4hrleisten.","robots":{"index":"index","follow":"follow","max-snippet":"max-snippet:-1","max-image-preview":"max-image-preview:large","max-video-preview":"max-video-preview:-1"},"canonical":"https:\/\/www.portalp.com\/de_AT\/schutz-von-persoenlichen-daten\/","og_locale":"de_DE","og_type":"article","og_title":"Schutz von pers\u00f6nlichen Daten | Portalp","og_description":"Erfahren Sie, wie Portalp Ihre pers\u00f6nlichen Daten sch\u00fctzt, indem es den Datenschutz und die DSGVO-Standards beachtet, um Ihre Sicherheit und Ihr Vertrauen zu gew\u00e4hrleisten.","og_url":"https:\/\/www.portalp.com\/de_AT\/schutz-von-persoenlichen-daten\/","og_site_name":"Portalp","article_modified_time":"2025-02-13T15:40:57+00:00","og_image":[{"width":375,"height":142,"url":"https:\/\/www.portalp.com\/wp-content\/uploads\/2024\/05\/Logo-PORTALP_coul-72.png","type":"image\/png"}],"twitter_card":"summary_large_image","twitter_misc":{"Gesch\u00e4tzte Lesezeit":"4 Minuten"},"schema":{"@context":"https:\/\/schema.org","@graph":[{"@type":"WebPage","@id":"https:\/\/www.portalp.com\/de_AT\/schutz-von-persoenlichen-daten\/","url":"https:\/\/www.portalp.com\/de_AT\/schutz-von-persoenlichen-daten\/","name":"Schutz von pers\u00f6nlichen Daten | Portalp","isPartOf":{"@id":"https:\/\/www.portalp.com\/de_AT\/#website"},"datePublished":"2024-09-30T13:56:08+00:00","dateModified":"2025-02-13T15:40:57+00:00","description":"Erfahren Sie, wie Portalp Ihre pers\u00f6nlichen Daten sch\u00fctzt, indem es den Datenschutz und die DSGVO-Standards beachtet, um Ihre Sicherheit und Ihr Vertrauen zu gew\u00e4hrleisten.","breadcrumb":{"@id":"https:\/\/www.portalp.com\/de_AT\/schutz-von-persoenlichen-daten\/#breadcrumb"},"inLanguage":"de-AT","potentialAction":[{"@type":"ReadAction","target":["https:\/\/www.portalp.com\/de_AT\/schutz-von-persoenlichen-daten\/"]}]},{"@type":"BreadcrumbList","@id":"https:\/\/www.portalp.com\/de_AT\/schutz-von-persoenlichen-daten\/#breadcrumb","itemListElement":[{"@type":"ListItem","position":1,"name":"Startseite","item":"https:\/\/www.portalp.com\/de_AT\/"},{"@type":"ListItem","position":2,"name":"Schutz von pers\u00f6nlichen Daten"}]},{"@type":"WebSite","@id":"https:\/\/www.portalp.com\/de_AT\/#website","url":"https:\/\/www.portalp.com\/de_AT\/","name":"Portalp","description":"","publisher":{"@id":"https:\/\/www.portalp.com\/de_AT\/#organization"},"potentialAction":[{"@type":"SearchAction","target":{"@type":"EntryPoint","urlTemplate":"https:\/\/www.portalp.com\/de_AT\/?s={search_term_string}"},"query-input":{"@type":"PropertyValueSpecification","valueRequired":true,"valueName":"search_term_string"}}],"inLanguage":"de-AT"},{"@type":"Organization","@id":"https:\/\/www.portalp.com\/de_AT\/#organization","name":"Portalp","url":"https:\/\/www.portalp.com\/de_AT\/","logo":{"@type":"ImageObject","inLanguage":"de-AT","@id":"https:\/\/www.portalp.com\/de_AT\/#\/schema\/logo\/image\/","url":"https:\/\/www.portalp.com\/wp-content\/uploads\/2024\/05\/Logo-PORTALP_coul-72.png","contentUrl":"https:\/\/www.portalp.com\/wp-content\/uploads\/2024\/05\/Logo-PORTALP_coul-72.png","width":375,"height":142,"caption":"Portalp"},"image":{"@id":"https:\/\/www.portalp.com\/de_AT\/#\/schema\/logo\/image\/"},"sameAs":["https:\/\/www.linkedin.com\/company\/portalp"]}]}},"_links":{"self":[{"href":"https:\/\/www.portalp.com\/de_AT\/wp-json\/wp\/v2\/pages\/25313","targetHints":{"allow":["GET"]}}],"collection":[{"href":"https:\/\/www.portalp.com\/de_AT\/wp-json\/wp\/v2\/pages"}],"about":[{"href":"https:\/\/www.portalp.com\/de_AT\/wp-json\/wp\/v2\/types\/page"}],"author":[{"embeddable":true,"href":"https:\/\/www.portalp.com\/de_AT\/wp-json\/wp\/v2\/users\/1"}],"replies":[{"embeddable":true,"href":"https:\/\/www.portalp.com\/de_AT\/wp-json\/wp\/v2\/comments?post=25313"}],"version-history":[{"count":0,"href":"https:\/\/www.portalp.com\/de_AT\/wp-json\/wp\/v2\/pages\/25313\/revisions"}],"wp:attachment":[{"href":"https:\/\/www.portalp.com\/de_AT\/wp-json\/wp\/v2\/media?parent=25313"}],"curies":[{"name":"wp","href":"https:\/\/api.w.org\/{rel}","templated":true}]}}