{"id":25279,"date":"2024-04-12T12:51:23","date_gmt":"2024-04-12T11:51:23","guid":{"rendered":"https:\/\/www.portalp.com\/loesungen\/automatische-tueren\/"},"modified":"2025-01-07T14:35:26","modified_gmt":"2025-01-07T13:35:26","slug":"automatische-tueren","status":"publish","type":"page","link":"https:\/\/www.portalp.com\/de_AT\/loesungen\/automatische-tueren\/","title":{"rendered":"Automatische T\u00fcren"},"content":{"rendered":"<p>[et_pb_section fb_built=&#8220;1&#8243; custom_padding_last_edited=&#8220;on|phone&#8220; _builder_version=&#8220;4.27.4&#8243; _module_preset=&#8220;default&#8220; background_color=&#8220;#E4DAD3&#8243; custom_margin=&#8220;110px||||false|false&#8220; custom_margin_tablet=&#8220;110px||||false|false&#8220; custom_margin_phone=&#8220;60px||||false|false&#8220; custom_margin_last_edited=&#8220;on|phone&#8220; custom_padding=&#8220;||||false|false&#8220; custom_padding_tablet=&#8220;8%||8%||true|false&#8220; custom_padding_phone=&#8220;||||true|false&#8220; global_colors_info=&#8220;{}&#8220;][et_pb_row _builder_version=&#8220;4.24.2&#8243; _module_preset=&#8220;default&#8220; custom_margin=&#8220;|auto|2px|auto|false|false&#8220; global_colors_info=&#8220;{}&#8220;][et_pb_column type=&#8220;4_4&#8243; _builder_version=&#8220;4.24.2&#8243; _module_preset=&#8220;default&#8220; global_colors_info=&#8220;{}&#8220;][et_pb_text _builder_version=&#8220;4.24.2&#8243; _module_preset=&#8220;default&#8220; text_font_size=&#8220;0.8em&#8220; saved_tabs=&#8220;all&#8220; global_colors_info=&#8220;{}&#8220;]<\/p>\n<span><span><a href=\"https:\/\/www.portalp.com\/de_AT\/\">Startseite<\/a><\/span><\/span>\n<p>[\/et_pb_text][et_pb_text _builder_version=&#8220;4.24.2&#8243; _module_preset=&#8220;default&#8220; header_text_color=&#8220;#005B94&#8243; custom_margin=&#8220;||0px|||&#8220; custom_padding=&#8220;||||true|false&#8220; global_colors_info=&#8220;{}&#8220;]<\/p>\n<h1 style=\"text-align: center;\">Automatische T\u00fcren<\/h1>\n<p>[\/et_pb_text][\/et_pb_column][\/et_pb_row][et_pb_row _builder_version=&#8220;4.24.2&#8243; _module_preset=&#8220;default&#8220; width_tablet=&#8220;&#8220; width_phone=&#8220;&#8220; width_last_edited=&#8220;on|phone&#8220; custom_padding=&#8220;0px||0px|10px|false|false&#8220; locked=&#8220;off&#8220; global_colors_info=&#8220;{}&#8220;][et_pb_column type=&#8220;4_4&#8243; _builder_version=&#8220;4.24.2&#8243; _module_preset=&#8220;default&#8220; global_colors_info=&#8220;{}&#8220;][dica_divi_carousel item_width_tablet=&#8220;23%&#8220; item_width_phone=&#8220;75%&#8220; item_width_last_edited=&#8220;on|phone&#8220; show_items_desktop=&#8220;2&#8243; arrow_nav=&#8220;on&#8220; dot_nav=&#8220;on&#8220; equal_height=&#8220;on&#8220; advanced_effect=&#8220;1&#8243; dots_color=&#8220;#FFFFFF&#8220; carousel_container_padding=&#8220;||||false|false&#8220; innercontent_padding=&#8220;||||false|false&#8220; item_padding=&#8220;||50px||false|false&#8220; image_container_padding=&#8220;||||false|false&#8220; content_container_margin=&#8220;20px||20px||false|true&#8220; module_class=&#8220;carousel-with-text&#8220; _builder_version=&#8220;4.27.4&#8243; _module_preset=&#8220;default&#8220; title_font=&#8220;|600|||||||&#8220; title_text_align=&#8220;center&#8220; title_text_color=&#8220;#005B94&#8243; title_font_size=&#8220;18px&#8220; body_text_align=&#8220;center&#8220; body_text_color=&#8220;#706F6F&#8220; custom_margin=&#8220;||44px|||&#8220; custom_padding=&#8220;||||false|false&#8220; custom_css_free_form=&#8220;selector h4 {||  font-weight:600;||  color: #005b94;||}&#8220; custom_css_button=&#8220;position: absolute;||bottom: 15px;||left: 50%;||transform: translateX(-50%);&#8220; global_colors_info=&#8220;{}&#8220; custom_css_carousel_item_last_edited=&#8220;on|phone&#8220;][dica_divi_carouselitem title=&#8220;Schiebe- und teleskopische T\u00fcren&#8220; button_url_new_window=&#8220;1&#8243; image=&#8220;https:\/\/www.portalp.com\/wp-content\/uploads\/2024\/05\/pages_portes_automatiques_portes_pietonnes.jpg&#8220; content_padding=&#8220;|15px||15px|false|true&#8220; _builder_version=&#8220;4.27.4&#8243; _dynamic_attributes=&#8220;link_option_url&#8220; _module_preset=&#8220;default&#8220; header_level=&#8220;h2&#8243; body_text_align=&#8220;center&#8220; body_text_color=&#8220;#706F6F&#8220; background_color=&#8220;#FFFFFF&#8220; background_enable_color=&#8220;on&#8220; custom_button=&#8220;on&#8220; button_text_color=&#8220;#FFFFFF&#8220; button_bg_use_color_gradient=&#8220;on&#8220; button_bg_color_gradient_direction=&#8220;90deg&#8220; button_bg_color_gradient_stops=&#8220;#0075bf 0%|#004876 100%&#8220; button_border_width=&#8220;0px&#8220; button_border_radius=&#8220;50px&#8220; button_use_icon=&#8220;off&#8220; button_alignment=&#8220;center&#8220; link_option_url=&#8220;@ET-DC@eyJkeW5hbWljIjp0cnVlLCJjb250ZW50IjoicG9zdF9saW5rX3VybF9wYWdlIiwic2V0dGluZ3MiOnsicG9zdF9pZCI6IjE2NjcifX0=@&#8220; border_radii_item=&#8220;on|10px|10px|10px|10px&#8220; global_colors_info=&#8220;{}&#8220;]<\/p>\n<p class=\"carousel-btn\" style=\"color: #fff!important;\">Mehr dazu +<\/p>\n<p>[\/dica_divi_carouselitem][dica_divi_carouselitem title=&#8220;Dreht\u00fcrantrieb&#8220; button_url_new_window=&#8220;1&#8243; image=&#8220;https:\/\/www.portalp.com\/wp-content\/uploads\/2024\/05\/pages_portes_automatiques_operateur_porte_battante-1.jpg&#8220; content_padding=&#8220;|15px||15px|false|true&#8220; _builder_version=&#8220;4.27.2&#8243; _dynamic_attributes=&#8220;link_option_url&#8220; _module_preset=&#8220;default&#8220; header_level=&#8220;h2&#8243; background_color=&#8220;#FFFFFF&#8220; background_enable_color=&#8220;on&#8220; custom_button=&#8220;on&#8220; button_text_color=&#8220;#FFFFFF&#8220; button_bg_use_color_gradient=&#8220;on&#8220; button_bg_color_gradient_direction=&#8220;90deg&#8220; button_bg_color_gradient_stops=&#8220;#0075bf 0%|#004876 100%&#8220; button_border_width=&#8220;0px&#8220; button_border_radius=&#8220;50px&#8220; button_use_icon=&#8220;off&#8220; button_alignment=&#8220;center&#8220; link_option_url=&#8220;@ET-DC@eyJkeW5hbWljIjp0cnVlLCJjb250ZW50IjoicG9zdF9saW5rX3VybF9wYWdlIiwic2V0dGluZ3MiOnsicG9zdF9pZCI6Ijg4ODIifX0=@&#8220; border_radii_item=&#8220;on|10px|10px|10px|10px&#8220; global_colors_info=&#8220;{}&#8220;]<\/p>\n<p class=\"carousel-btn\" style=\"color:#fff!important\">Mehr dazu +<\/p>\n<p>[\/dica_divi_carouselitem][\/dica_divi_carousel][et_pb_button button_url=&#8220;@ET-DC@eyJkeW5hbWljIjp0cnVlLCJjb250ZW50IjoicG9zdF9saW5rX3VybF9wYWdlIiwic2V0dGluZ3MiOnsicG9zdF9pZCI6IjE4ODg1In19@&#8220; button_text=&#8220;Kontaktieren Sie uns&#8220; _builder_version=&#8220;4.27.2&#8243; _dynamic_attributes=&#8220;button_url&#8220; _module_preset=&#8220;default&#8220; global_colors_info=&#8220;{}&#8220;][\/et_pb_button][\/et_pb_column][\/et_pb_row][\/et_pb_section]<\/p>\n","protected":false},"excerpt":{"rendered":"<p><span><span><a href=\"https:\/\/www.portalp.com\/de_AT\/\">Startseite<\/a><\/span><\/span>Automatische T\u00fcren<div class=\"et_pb_module dica_divi_carousel dica_divi_carousel_0 carousel-with-text\">\n\t\t\t\t\n\t\t\t\t\n\t\t\t\t\n\t\t\t\t\n\t\t\t\t\n\t\t\t\t\n\t\t\t\t<div class=\"et_pb_module_inner\">\n\t\t\t\t\t<div class=\"dica-container  desktop_middle-inside tablet_middle-inside mobile_middle-inside\" data-props='{\"desktop\":\"2\",\"tablet\":\"3\",\"mobile\":\"1\",\"speed\":\"500\",\"arrow\":\"on\",\"dots\":\"on\",\"autoplay\":\"off\",\"autoSpeed\":\"1000\",\"loop\":\"off\",\"item_spacing\":\"30\",\"center_mode\":\"off\",\"slider_effec\":\"1\",\"cover_rotate\":\"50\",\"pause_onhover\":\"off\",\"multislide\":\"off\",\"cfshadow\":\"on\",\"order\":\"0\",\"lazyload\":\"off\",\"lazybefore\":\"off\",\"scroller_effect\":\"off\",\"autowidth\":\"off\",\"item_spacing_tablet\":\"30\",\"item_spacing_phone\":\"30\",\"scroller_speed\":\"4000\",\"hashNavigation\":\"off\",\"simulatetouch\":\"off\",\"allowtouchmove\":\"off\",\"slide_row\":\"1\",\"slide_row_tablet\":\"1\",\"slide_row_phone\":\"1\",\"keyboard\":\"off\",\"mousewheel\":\"off\",\"autoplay_viewport\":\"\"}'>\n\t\t\t\t\t\t\t \t<div class=\"swiper-container\" >\n\t\t\t\t\t\t\t\t\t<div class=\"swiper-wrapper\"><\/div>\t\n\t\t\t\t\t\t\t\t<\/div>\t\n\t\t\t\t\t\t\t\t<div class=\"swiper-buttton-container\"><div class=\"swiper-button-prev dica-prev-btn-0\" data-icon=\"4\"><\/div><div class=\"swiper-button-next dica-next-btn-0\" data-icon=\"5\"><\/div><\/div>\n\t\t\t\t\t\t\t\t<div class=\"swiper-pagination dica-paination-0\"><\/div>\t\t\t\t\t\t\n\t\t\t\t\t\t\t<\/div>\n\t\t\t\t<\/div>\n\t\t\t<\/div><div class=\"et_pb_module dica_divi_carouselitem dica_divi_carouselitem_0\">\n\t\t\t\t\n\t\t\t\t\n\t\t\t\t\n\t\t\t\t\n\t\t\t\t\n\t\t\t\t\n\t\t\t\t<div class=\"et_pb_module_inner\">\n\t\t\t\t\t <div class=\"dica-item image_top\"   data-hash=\"dica_divi_carouselitem_0\">\n\t\t\t\t\t\t\t\t\t<div class=\"dica-image-container\"><span class=\"image\"><img decoding=\"async\" src=\"&#8220;https:\/\/www.portalp.com\/wp-content\/uploads\/2024\/05\/pages_portes_automatiques_portes_pietonnes.jpg&#8220;\" srcset=\"\" alt=\"\" class=\"dica-item-image\" width=\"f\" height=\"u\"\/><\/span><\/div>\n\t\t\t\t\t\t\t\t\t<div class=\"dica-item-content\"><h4 class=\"item-title\">&#8220;Schiebe-<\/h4>        <\/div>\n\t\t\t\t\t\t\t<\/div>\n\t\t\t\t<\/div>\n\t\t\t<\/div><\/p>\n","protected":false},"author":1,"featured_media":24183,"parent":25547,"menu_order":0,"comment_status":"closed","ping_status":"closed","template":"","meta":{"_et_pb_use_builder":"on","_et_pb_old_content":"","_et_gb_content_width":"","footnotes":""},"class_list":["post-25279","page","type-page","status-publish","has-post-thumbnail","hentry"],"yoast_head":"<!-- This site is optimized with the Yoast SEO plugin v27.4 - https:\/\/yoast.com\/product\/yoast-seo-wordpress\/ -->\n<title>Automatische T\u00fcren | Portalp<\/title>\n<meta name=\"description\" content=\"Automatische T\u00fcren: ma\u00dfgeschneiderte L\u00f6sungen f\u00fcr automatische Fu\u00dfg\u00e4ngert\u00fcren, angepasst an Ihre Branche und hergestellt in Frankreich.\" \/>\n<meta name=\"robots\" content=\"index, follow, max-snippet:-1, max-image-preview:large, max-video-preview:-1\" \/>\n<link rel=\"canonical\" href=\"https:\/\/www.portalp.com\/de_AT\/loesungen\/automatische-tueren\/\" \/>\n<meta property=\"og:locale\" content=\"de_DE\" \/>\n<meta property=\"og:type\" content=\"article\" \/>\n<meta property=\"og:title\" content=\"Automatische T\u00fcren | Portalp\" \/>\n<meta property=\"og:description\" content=\"Automatische T\u00fcren: ma\u00dfgeschneiderte L\u00f6sungen f\u00fcr automatische Fu\u00dfg\u00e4ngert\u00fcren, angepasst an Ihre Branche und hergestellt in Frankreich.\" \/>\n<meta property=\"og:url\" content=\"https:\/\/www.portalp.com\/de_AT\/loesungen\/automatische-tueren\/\" \/>\n<meta property=\"og:site_name\" content=\"Portalp\" \/>\n<meta property=\"article:modified_time\" content=\"2025-01-07T13:35:26+00:00\" \/>\n<meta property=\"og:image\" content=\"https:\/\/www.portalp.com\/wp-content\/uploads\/2024\/11\/portalp_club_des_sports_courchevel_realisation5.jpg\" \/>\n\t<meta property=\"og:image:width\" content=\"800\" \/>\n\t<meta property=\"og:image:height\" content=\"600\" \/>\n\t<meta property=\"og:image:type\" content=\"image\/jpeg\" \/>\n<meta name=\"twitter:card\" content=\"summary_large_image\" \/>\n<meta name=\"twitter:label1\" content=\"Gesch\u00e4tzte Lesezeit\" \/>\n\t<meta name=\"twitter:data1\" content=\"1 Minute\" \/>\n<script type=\"application\/ld+json\" class=\"yoast-schema-graph\">{\"@context\":\"https:\\\/\\\/schema.org\",\"@graph\":[{\"@type\":\"WebPage\",\"@id\":\"https:\\\/\\\/www.portalp.com\\\/de_AT\\\/loesungen\\\/automatische-tueren\\\/\",\"url\":\"https:\\\/\\\/www.portalp.com\\\/de_AT\\\/loesungen\\\/automatische-tueren\\\/\",\"name\":\"Automatische T\u00fcren | Portalp\",\"isPartOf\":{\"@id\":\"https:\\\/\\\/www.portalp.com\\\/de_AT\\\/#website\"},\"primaryImageOfPage\":{\"@id\":\"https:\\\/\\\/www.portalp.com\\\/de_AT\\\/loesungen\\\/automatische-tueren\\\/#primaryimage\"},\"image\":{\"@id\":\"https:\\\/\\\/www.portalp.com\\\/de_AT\\\/loesungen\\\/automatische-tueren\\\/#primaryimage\"},\"thumbnailUrl\":\"https:\\\/\\\/www.portalp.com\\\/wp-content\\\/uploads\\\/2024\\\/11\\\/portalp_club_des_sports_courchevel_realisation5.jpg\",\"datePublished\":\"2024-04-12T11:51:23+00:00\",\"dateModified\":\"2025-01-07T13:35:26+00:00\",\"description\":\"Automatische T\u00fcren: ma\u00dfgeschneiderte L\u00f6sungen f\u00fcr automatische Fu\u00dfg\u00e4ngert\u00fcren, angepasst an Ihre Branche und hergestellt in Frankreich.\",\"breadcrumb\":{\"@id\":\"https:\\\/\\\/www.portalp.com\\\/de_AT\\\/loesungen\\\/automatische-tueren\\\/#breadcrumb\"},\"inLanguage\":\"de-AT\",\"potentialAction\":[{\"@type\":\"ReadAction\",\"target\":[\"https:\\\/\\\/www.portalp.com\\\/de_AT\\\/loesungen\\\/automatische-tueren\\\/\"]}]},{\"@type\":\"ImageObject\",\"inLanguage\":\"de-AT\",\"@id\":\"https:\\\/\\\/www.portalp.com\\\/de_AT\\\/loesungen\\\/automatische-tueren\\\/#primaryimage\",\"url\":\"https:\\\/\\\/www.portalp.com\\\/wp-content\\\/uploads\\\/2024\\\/11\\\/portalp_club_des_sports_courchevel_realisation5.jpg\",\"contentUrl\":\"https:\\\/\\\/www.portalp.com\\\/wp-content\\\/uploads\\\/2024\\\/11\\\/portalp_club_des_sports_courchevel_realisation5.jpg\",\"width\":800,\"height\":600,\"caption\":\"R\u00e9alisation Portalp porte automatique du Club de sports de Courchevel\"},{\"@type\":\"BreadcrumbList\",\"@id\":\"https:\\\/\\\/www.portalp.com\\\/de_AT\\\/loesungen\\\/automatische-tueren\\\/#breadcrumb\",\"itemListElement\":[{\"@type\":\"ListItem\",\"position\":1,\"name\":\"Startseite\",\"item\":\"https:\\\/\\\/www.portalp.com\\\/de_AT\\\/\"},{\"@type\":\"ListItem\",\"position\":2,\"name\":\"L\u00f6sungen\",\"item\":\"https:\\\/\\\/www.portalp.com\\\/de_AT\\\/loesungen\\\/\"},{\"@type\":\"ListItem\",\"position\":3,\"name\":\"Automatische T\u00fcren\"}]},{\"@type\":\"WebSite\",\"@id\":\"https:\\\/\\\/www.portalp.com\\\/de_AT\\\/#website\",\"url\":\"https:\\\/\\\/www.portalp.com\\\/de_AT\\\/\",\"name\":\"Portalp\",\"description\":\"\",\"publisher\":{\"@id\":\"https:\\\/\\\/www.portalp.com\\\/de_AT\\\/#organization\"},\"potentialAction\":[{\"@type\":\"SearchAction\",\"target\":{\"@type\":\"EntryPoint\",\"urlTemplate\":\"https:\\\/\\\/www.portalp.com\\\/de_AT\\\/?s={search_term_string}\"},\"query-input\":{\"@type\":\"PropertyValueSpecification\",\"valueRequired\":true,\"valueName\":\"search_term_string\"}}],\"inLanguage\":\"de-AT\"},{\"@type\":\"Organization\",\"@id\":\"https:\\\/\\\/www.portalp.com\\\/de_AT\\\/#organization\",\"name\":\"Portalp\",\"url\":\"https:\\\/\\\/www.portalp.com\\\/de_AT\\\/\",\"logo\":{\"@type\":\"ImageObject\",\"inLanguage\":\"de-AT\",\"@id\":\"https:\\\/\\\/www.portalp.com\\\/de_AT\\\/#\\\/schema\\\/logo\\\/image\\\/\",\"url\":\"https:\\\/\\\/www.portalp.com\\\/wp-content\\\/uploads\\\/2024\\\/05\\\/Logo-PORTALP_coul-72.png\",\"contentUrl\":\"https:\\\/\\\/www.portalp.com\\\/wp-content\\\/uploads\\\/2024\\\/05\\\/Logo-PORTALP_coul-72.png\",\"width\":375,\"height\":142,\"caption\":\"Portalp\"},\"image\":{\"@id\":\"https:\\\/\\\/www.portalp.com\\\/de_AT\\\/#\\\/schema\\\/logo\\\/image\\\/\"},\"sameAs\":[\"https:\\\/\\\/www.linkedin.com\\\/company\\\/portalp\"]}]}<\/script>\n<!-- \/ Yoast SEO plugin. -->","yoast_head_json":{"title":"Automatische T\u00fcren | Portalp","description":"Automatische T\u00fcren: ma\u00dfgeschneiderte L\u00f6sungen f\u00fcr automatische Fu\u00dfg\u00e4ngert\u00fcren, angepasst an Ihre Branche und hergestellt in Frankreich.","robots":{"index":"index","follow":"follow","max-snippet":"max-snippet:-1","max-image-preview":"max-image-preview:large","max-video-preview":"max-video-preview:-1"},"canonical":"https:\/\/www.portalp.com\/de_AT\/loesungen\/automatische-tueren\/","og_locale":"de_DE","og_type":"article","og_title":"Automatische T\u00fcren | Portalp","og_description":"Automatische T\u00fcren: ma\u00dfgeschneiderte L\u00f6sungen f\u00fcr automatische Fu\u00dfg\u00e4ngert\u00fcren, angepasst an Ihre Branche und hergestellt in Frankreich.","og_url":"https:\/\/www.portalp.com\/de_AT\/loesungen\/automatische-tueren\/","og_site_name":"Portalp","article_modified_time":"2025-01-07T13:35:26+00:00","og_image":[{"width":800,"height":600,"url":"https:\/\/www.portalp.com\/wp-content\/uploads\/2024\/11\/portalp_club_des_sports_courchevel_realisation5.jpg","type":"image\/jpeg"}],"twitter_card":"summary_large_image","twitter_misc":{"Gesch\u00e4tzte Lesezeit":"1 Minute"},"schema":{"@context":"https:\/\/schema.org","@graph":[{"@type":"WebPage","@id":"https:\/\/www.portalp.com\/de_AT\/loesungen\/automatische-tueren\/","url":"https:\/\/www.portalp.com\/de_AT\/loesungen\/automatische-tueren\/","name":"Automatische T\u00fcren | Portalp","isPartOf":{"@id":"https:\/\/www.portalp.com\/de_AT\/#website"},"primaryImageOfPage":{"@id":"https:\/\/www.portalp.com\/de_AT\/loesungen\/automatische-tueren\/#primaryimage"},"image":{"@id":"https:\/\/www.portalp.com\/de_AT\/loesungen\/automatische-tueren\/#primaryimage"},"thumbnailUrl":"https:\/\/www.portalp.com\/wp-content\/uploads\/2024\/11\/portalp_club_des_sports_courchevel_realisation5.jpg","datePublished":"2024-04-12T11:51:23+00:00","dateModified":"2025-01-07T13:35:26+00:00","description":"Automatische T\u00fcren: ma\u00dfgeschneiderte L\u00f6sungen f\u00fcr automatische Fu\u00dfg\u00e4ngert\u00fcren, angepasst an Ihre Branche und hergestellt in Frankreich.","breadcrumb":{"@id":"https:\/\/www.portalp.com\/de_AT\/loesungen\/automatische-tueren\/#breadcrumb"},"inLanguage":"de-AT","potentialAction":[{"@type":"ReadAction","target":["https:\/\/www.portalp.com\/de_AT\/loesungen\/automatische-tueren\/"]}]},{"@type":"ImageObject","inLanguage":"de-AT","@id":"https:\/\/www.portalp.com\/de_AT\/loesungen\/automatische-tueren\/#primaryimage","url":"https:\/\/www.portalp.com\/wp-content\/uploads\/2024\/11\/portalp_club_des_sports_courchevel_realisation5.jpg","contentUrl":"https:\/\/www.portalp.com\/wp-content\/uploads\/2024\/11\/portalp_club_des_sports_courchevel_realisation5.jpg","width":800,"height":600,"caption":"R\u00e9alisation Portalp porte automatique du Club de sports de Courchevel"},{"@type":"BreadcrumbList","@id":"https:\/\/www.portalp.com\/de_AT\/loesungen\/automatische-tueren\/#breadcrumb","itemListElement":[{"@type":"ListItem","position":1,"name":"Startseite","item":"https:\/\/www.portalp.com\/de_AT\/"},{"@type":"ListItem","position":2,"name":"L\u00f6sungen","item":"https:\/\/www.portalp.com\/de_AT\/loesungen\/"},{"@type":"ListItem","position":3,"name":"Automatische T\u00fcren"}]},{"@type":"WebSite","@id":"https:\/\/www.portalp.com\/de_AT\/#website","url":"https:\/\/www.portalp.com\/de_AT\/","name":"Portalp","description":"","publisher":{"@id":"https:\/\/www.portalp.com\/de_AT\/#organization"},"potentialAction":[{"@type":"SearchAction","target":{"@type":"EntryPoint","urlTemplate":"https:\/\/www.portalp.com\/de_AT\/?s={search_term_string}"},"query-input":{"@type":"PropertyValueSpecification","valueRequired":true,"valueName":"search_term_string"}}],"inLanguage":"de-AT"},{"@type":"Organization","@id":"https:\/\/www.portalp.com\/de_AT\/#organization","name":"Portalp","url":"https:\/\/www.portalp.com\/de_AT\/","logo":{"@type":"ImageObject","inLanguage":"de-AT","@id":"https:\/\/www.portalp.com\/de_AT\/#\/schema\/logo\/image\/","url":"https:\/\/www.portalp.com\/wp-content\/uploads\/2024\/05\/Logo-PORTALP_coul-72.png","contentUrl":"https:\/\/www.portalp.com\/wp-content\/uploads\/2024\/05\/Logo-PORTALP_coul-72.png","width":375,"height":142,"caption":"Portalp"},"image":{"@id":"https:\/\/www.portalp.com\/de_AT\/#\/schema\/logo\/image\/"},"sameAs":["https:\/\/www.linkedin.com\/company\/portalp"]}]}},"_links":{"self":[{"href":"https:\/\/www.portalp.com\/de_AT\/wp-json\/wp\/v2\/pages\/25279","targetHints":{"allow":["GET"]}}],"collection":[{"href":"https:\/\/www.portalp.com\/de_AT\/wp-json\/wp\/v2\/pages"}],"about":[{"href":"https:\/\/www.portalp.com\/de_AT\/wp-json\/wp\/v2\/types\/page"}],"author":[{"embeddable":true,"href":"https:\/\/www.portalp.com\/de_AT\/wp-json\/wp\/v2\/users\/1"}],"replies":[{"embeddable":true,"href":"https:\/\/www.portalp.com\/de_AT\/wp-json\/wp\/v2\/comments?post=25279"}],"version-history":[{"count":0,"href":"https:\/\/www.portalp.com\/de_AT\/wp-json\/wp\/v2\/pages\/25279\/revisions"}],"up":[{"embeddable":true,"href":"https:\/\/www.portalp.com\/de_AT\/wp-json\/wp\/v2\/pages\/25547"}],"wp:featuredmedia":[{"embeddable":true,"href":"https:\/\/www.portalp.com\/de_AT\/wp-json\/wp\/v2\/media\/24183"}],"wp:attachment":[{"href":"https:\/\/www.portalp.com\/de_AT\/wp-json\/wp\/v2\/media?parent=25279"}],"curies":[{"name":"wp","href":"https:\/\/api.w.org\/{rel}","templated":true}]}}