{"id":19569,"date":"2024-05-30T14:13:18","date_gmt":"2024-05-30T13:13:18","guid":{"rendered":"https:\/\/www.portalp.com\/unser-fertigungszentrum\/"},"modified":"2024-12-16T16:47:55","modified_gmt":"2024-12-16T15:47:55","slug":"unser-produktionsstaette","status":"publish","type":"page","link":"https:\/\/www.portalp.com\/de_AT\/unternehmen\/unser-produktionsstaette\/","title":{"rendered":"Unser Produktionsst\u00e4tte"},"content":{"rendered":"<p>[et_pb_section fb_built=&#8220;1&#8243; custom_padding_last_edited=&#8220;on|phone&#8220; _builder_version=&#8220;4.24.2&#8243; _module_preset=&#8220;default&#8220; background_image=&#8220;https:\/\/www.portalp.com\/wp-content\/uploads\/2024\/05\/campus-portalp-vue-aerienne.jpg&#8220; height=&#8220;75vh&#8220; custom_margin=&#8220;110px||||false|false&#8220; custom_padding=&#8220;40px||40px||true|false&#8220; custom_padding_tablet=&#8220;5%||5%||true|false&#8220; custom_padding_phone=&#8220;20%||20%||true|false&#8220; background_last_edited=&#8220;on|phone&#8220; background_position_phone=&#8220;center_right&#8220; locked=&#8220;off&#8220; global_colors_info=&#8220;{}&#8220;][et_pb_row _builder_version=&#8220;4.24.2&#8243; _module_preset=&#8220;default&#8220; global_colors_info=&#8220;{}&#8220;][et_pb_column type=&#8220;4_4&#8243; _builder_version=&#8220;4.24.2&#8243; _module_preset=&#8220;default&#8220; global_colors_info=&#8220;{}&#8220;][et_pb_text _builder_version=&#8220;4.24.2&#8243; _module_preset=&#8220;default&#8220; header_text_color=&#8220;#FFFFFF&#8220; global_colors_info=&#8220;{}&#8220;]<\/p>\n<h1 style=\"text-align: center;\">Unser Fertigungszentrum<\/h1>\n<p>[\/et_pb_text][\/et_pb_column][\/et_pb_row][et_pb_row column_structure=&#8220;1_2,1_2&#8243; _builder_version=&#8220;4.24.2&#8243; _module_preset=&#8220;default&#8220; custom_padding=&#8220;15px||15px||true|false&#8220; global_colors_info=&#8220;{}&#8220;][et_pb_column type=&#8220;1_2&#8243; _builder_version=&#8220;4.24.2&#8243; _module_preset=&#8220;default&#8220; background_enable_color=&#8220;off&#8220; custom_padding=&#8220;20px|20px|20px|20px|true|true&#8220; border_radii=&#8220;on|15px|15px|15px|15px&#8220; global_colors_info=&#8220;{}&#8220;][et_pb_text _builder_version=&#8220;4.27.2&#8243; _module_preset=&#8220;default&#8220; background_color=&#8220;rgba(255,255,255,0.9)&#8220; custom_padding=&#8220;20px|20px|20px|20px|true|true&#8220; border_radii=&#8220;on|15px|15px|15px|15px&#8220; global_colors_info=&#8220;{}&#8220;]<\/p>\n<p>Die Portalp- Produktionsst\u00e4tte ist eine 8.000 m2 gro\u00dfe Werkshalle, die der Produktion von Automatikt\u00fcren und anderer automatisierter Zugangssysteme gewidmet ist.<\/p>\n<p>Von hier aus werden Ihre Produkte an unsere Niederlassungen oder internationalen H\u00e4ndlern in \u00fcber 40 L\u00e4ndern versandt.<\/p>\n<p>Damit Sie stets Produkte von h\u00f6chster Qualit\u00e4t erhalten, werden alle unsere Prozesse t\u00e4glich strengen Qualit\u00e4tskontrollen und regelm\u00e4\u00dfigen Audits unterzogen, dies alles im Sinne einer umfassenden Kundenzufriedenheit.<\/p>\n<p>Unser franz\u00f6sisches Know-how wird vom D\u00e9partement Is\u00e8re aus exportiert, aber wie?<\/p>\n<p>[\/et_pb_text][\/et_pb_column][et_pb_column type=&#8220;1_2&#8243; _builder_version=&#8220;4.24.2&#8243; _module_preset=&#8220;default&#8220; global_colors_info=&#8220;{}&#8220;][\/et_pb_column][\/et_pb_row][\/et_pb_section][et_pb_section fb_built=&#8220;1&#8243; _builder_version=&#8220;4.27.4&#8243; _module_preset=&#8220;default&#8220; background_color=&#8220;#E4DAD3&#8243; global_colors_info=&#8220;{}&#8220; locked=&#8220;off&#8220;][et_pb_row _builder_version=&#8220;4.24.2&#8243; _module_preset=&#8220;default&#8220; global_colors_info=&#8220;{}&#8220;][et_pb_column type=&#8220;4_4&#8243; _builder_version=&#8220;4.24.2&#8243; _module_preset=&#8220;default&#8220; global_colors_info=&#8220;{}&#8220;][et_pb_text _builder_version=&#8220;4.27.4&#8243; _module_preset=&#8220;default&#8220; hover_enabled=&#8220;0&#8243; global_colors_info=&#8220;{}&#8220; sticky_enabled=&#8220;0&#8243;]<\/p>\n<h2>Ein bekanntes Engagement f\u00fcr Qualit\u00e4t und Sicherheit<\/h2>\n<p>[\/et_pb_text][et_pb_text _builder_version=&#8220;4.27.4&#8243; _module_preset=&#8220;default&#8220; text_orientation=&#8220;center&#8220; hover_enabled=&#8220;0&#8243; global_colors_info=&#8220;{}&#8220; sticky_enabled=&#8220;0&#8243;]<\/p>\n<p>Da wir seit 2003 nach ISO 9001 zertifiziert sind, unterliegen alle unsere Prozesse einem kontinuierlichen Verbesserungsprozess, der die Qualit\u00e4t unserer Produkte und Dienstleistungen sicherstellt.<\/p>\n<p>Mithilfe unseres der Produktion gewidmeten Qualit\u00e4tsteams und visueller Selbstkontrollen, Ma\u00dfkontrollen usw. werden unsere Produkte w\u00e4hrend des gesamten Prozesses akribisch \u00fcberwacht, um sicherzustellen, dass sie einem pr\u00e4zisen Lastenheft entsprechen.<\/p>\n<p>Auch die Arbeitspl\u00e4tze, Werkzeuge, Maschinen und Ger\u00e4te werden t\u00e4glich kontrolliert, sowohl im Hinblick auf die Qualit\u00e4t als auch auf die Sicherheit.<\/p>\n<p>[\/et_pb_text][\/et_pb_column][\/et_pb_row][et_pb_row _builder_version=&#8220;4.24.2&#8243; _module_preset=&#8220;default&#8220; global_colors_info=&#8220;{}&#8220;][et_pb_column type=&#8220;4_4&#8243; _builder_version=&#8220;4.24.2&#8243; _module_preset=&#8220;default&#8220; global_colors_info=&#8220;{}&#8220;][et_pb_button button_url=&#8220;@ET-DC@eyJkeW5hbWljIjp0cnVlLCJjb250ZW50IjoicG9zdF9saW5rX3VybF9wYWdlIiwic2V0dGluZ3MiOnsicG9zdF9pZCI6IjE1ODU0In19@&#8220; button_text=&#8220;Finden Sie unsere Zertifizierungen&#8220; _builder_version=&#8220;4.27.4&#8243; _dynamic_attributes=&#8220;button_url&#8220; _module_preset=&#8220;default&#8220; hover_enabled=&#8220;0&#8243; global_colors_info=&#8220;{}&#8220; sticky_enabled=&#8220;0&#8243;][\/et_pb_button][\/et_pb_column][\/et_pb_row][\/et_pb_section][et_pb_section fb_built=&#8220;1&#8243; _builder_version=&#8220;4.27.4&#8243; _module_preset=&#8220;default&#8220; background_color=&#8220;#FFFFFF&#8220; locked=&#8220;off&#8220; global_colors_info=&#8220;{}&#8220;][et_pb_row _builder_version=&#8220;4.24.2&#8243; _module_preset=&#8220;default&#8220; global_colors_info=&#8220;{}&#8220;][et_pb_column type=&#8220;4_4&#8243; _builder_version=&#8220;4.24.2&#8243; _module_preset=&#8220;default&#8220; global_colors_info=&#8220;{}&#8220;][et_pb_text _builder_version=&#8220;4.27.4&#8243; _module_preset=&#8220;default&#8220; hover_enabled=&#8220;0&#8243; global_colors_info=&#8220;{}&#8220; sticky_enabled=&#8220;0&#8243;]<\/p>\n<h2>Zertifizierte Produkte aus Origine France Garantie :<\/h2>\n<p>[\/et_pb_text][\/et_pb_column][\/et_pb_row][et_pb_row column_structure=&#8220;1_2,1_2&#8243; disabled_on=&#8220;off|off|off&#8220; _builder_version=&#8220;4.24.2&#8243; _module_preset=&#8220;default&#8220; global_colors_info=&#8220;{}&#8220;][et_pb_column type=&#8220;1_2&#8243; _builder_version=&#8220;4.24.2&#8243; _module_preset=&#8220;default&#8220; global_colors_info=&#8220;{}&#8220;][et_pb_text _builder_version=&#8220;4.27.4&#8243; _module_preset=&#8220;default&#8220; hover_enabled=&#8220;0&#8243; global_colors_info=&#8220;{}&#8220; sticky_enabled=&#8220;0&#8243;]<\/p>\n<p>Unsere automatischen T\u00fcren, Dreht\u00fcrantriebe und Verladefassaden werden in Frankreich, in der N\u00e4he von Grenoble (Is\u00e8re), entwickelt und hergestellt.<\/p>\n<p>Diese Zertifizierung zeugt von unserem unersch\u00fctterlichen Willen, unseren Kunden L\u00f6sungen anzubieten, deren Herkunft klar und unbestreitbar ist.<\/p>\n<p>Die Kennzeichnung belegt unser Engagement f\u00fcr eine lokale und qualitativ hochwertige Produktion und tr\u00e4gt damit zur Dynamisierung der franz\u00f6sischen Wirtschaft bei.<\/p>\n<p>[\/et_pb_text][\/et_pb_column][et_pb_column type=&#8220;1_2&#8243; _builder_version=&#8220;4.24.2&#8243; _module_preset=&#8220;default&#8220; global_colors_info=&#8220;{}&#8220;][et_pb_image src=&#8220;https:\/\/www.portalp.com\/wp-content\/uploads\/2024\/07\/ofg-logo-1.png&#8220; alt=&#8220;Origine France Garantie&#8220; title_text=&#8220;ofg-logo&#8220; align=&#8220;center&#8220; _builder_version=&#8220;4.24.2&#8243; _module_preset=&#8220;default&#8220; max_width_tablet=&#8220;&#8220; max_width_phone=&#8220;50%&#8220; max_width_last_edited=&#8220;on|phone&#8220; custom_padding=&#8220;|||0px||&#8220; global_colors_info=&#8220;{}&#8220;][\/et_pb_image][\/et_pb_column][\/et_pb_row][\/et_pb_section][et_pb_section fb_built=&#8220;1&#8243; _builder_version=&#8220;4.24.2&#8243; _module_preset=&#8220;default&#8220; background_color=&#8220;#e4dad3&#8243; global_colors_info=&#8220;{}&#8220;][et_pb_row _builder_version=&#8220;4.24.2&#8243; _module_preset=&#8220;default&#8220; global_colors_info=&#8220;{}&#8220;][et_pb_column type=&#8220;4_4&#8243; _builder_version=&#8220;4.24.2&#8243; _module_preset=&#8220;default&#8220; global_colors_info=&#8220;{}&#8220;][et_pb_text _builder_version=&#8220;4.24.2&#8243; _module_preset=&#8220;default&#8220; global_colors_info=&#8220;{}&#8220;]<\/p>\n<h2>Leistungsstarke Materialien und Komponenten<\/h2>\n<p>[\/et_pb_text][\/et_pb_column][\/et_pb_row][et_pb_row column_structure=&#8220;1_3,1_3,1_3&#8243; make_equal=&#8220;on&#8220; _builder_version=&#8220;4.24.2&#8243; _module_preset=&#8220;default&#8220; global_colors_info=&#8220;{}&#8220;][et_pb_column type=&#8220;1_3&#8243; _builder_version=&#8220;4.24.2&#8243; _module_preset=&#8220;default&#8220; background_color=&#8220;#FFFFFF&#8220; border_radii=&#8220;on|15px|15px|15px|15px&#8220; global_colors_info=&#8220;{}&#8220;][et_pb_image src=&#8220;https:\/\/www.portalp.com\/wp-content\/uploads\/2024\/05\/aluminium-chassis.jpg&#8220; alt=&#8220;Aluminiumrahmen&#8220; _builder_version=&#8220;4.24.2&#8243; _module_preset=&#8220;default&#8220; custom_margin=&#8220;||0px||false|false&#8220; global_colors_info=&#8220;{}&#8220;][\/et_pb_image][et_pb_text _builder_version=&#8220;4.24.2&#8243; _module_preset=&#8220;default&#8220; custom_padding=&#8220;20px|20px|20px|20px|true|true&#8220; global_colors_info=&#8220;{}&#8220;]<\/p>\n<p style=\"color: #005b94; font-weight: bold;\">Aluminium<br \/>f\u00fcr die T\u00fcrrahmen<\/p>\n<ul>\n<li>Leichtigkeit<\/li>\n<li>Korrosionsbest\u00e4ndigkeit<\/li>\n<li>Dauerhaftigkeit<\/li>\n<li>Anpassungsf\u00e4higkeit<\/li>\n<li>W\u00e4rmeleitf\u00e4higkeit<\/li>\n<li>Recyclingf\u00e4higkeit<\/li>\n<\/ul>\n<p>[\/et_pb_text][\/et_pb_column][et_pb_column type=&#8220;1_3&#8243; _builder_version=&#8220;4.24.2&#8243; _module_preset=&#8220;default&#8220; background_color=&#8220;#FFFFFF&#8220; border_radii=&#8220;on|15px|15px|15px|15px&#8220; global_colors_info=&#8220;{}&#8220;][et_pb_image src=&#8220;https:\/\/www.portalp.com\/wp-content\/uploads\/2024\/05\/remplissage-verre.jpg&#8220; alt=&#8220;T\u00fcrf\u00fcllung mit Glas&#8220; _builder_version=&#8220;4.24.2&#8243; _module_preset=&#8220;default&#8220; custom_margin=&#8220;||0px||false|false&#8220; global_colors_info=&#8220;{}&#8220;][\/et_pb_image][et_pb_text _builder_version=&#8220;4.24.2&#8243; _module_preset=&#8220;default&#8220; custom_padding=&#8220;20px|20px|20px|20px|true|true&#8220; global_colors_info=&#8220;{}&#8220;]<\/p>\n<p style=\"color: #005b94; font-weight: bold;\">Glas<br \/>als F\u00fcllmaterial<\/p>\n<ul>\n<li>Transparenz<\/li>\n<li>\u00c4sthetik<\/li>\n<li>Sicherheit<\/li>\n<li>Einfache Reinigung<\/li>\n<li>Individuelle Gestaltung<\/li>\n<li>Verschiedene Konfigurationen<\/li>\n<\/ul>\n<p>[\/et_pb_text][\/et_pb_column][et_pb_column type=&#8220;1_3&#8243; _builder_version=&#8220;4.24.2&#8243; _module_preset=&#8220;default&#8220; background_color=&#8220;#FFFFFF&#8220; border_radii=&#8220;on|15px|15px|15px|15px&#8220; global_colors_info=&#8220;{}&#8220;][et_pb_image src=&#8220;https:\/\/www.portalp.com\/wp-content\/uploads\/2024\/05\/carte-electronique-porte-automatique.jpg&#8220; alt=&#8220;Elektronische Platine f\u00fcr automatische T\u00fcren&#8220; _builder_version=&#8220;4.24.2&#8243; _module_preset=&#8220;default&#8220; custom_margin=&#8220;||0px||false|false&#8220; global_colors_info=&#8220;{}&#8220;][\/et_pb_image][et_pb_text _builder_version=&#8220;4.24.2&#8243; _module_preset=&#8220;default&#8220; custom_padding=&#8220;20px|20px|20px|20px|true|true&#8220; global_colors_info=&#8220;{}&#8220;]<\/p>\n<p style=\"color: #005b94; font-weight: bold;\">Elektronik<br \/>f\u00fcr die Technologie<\/p>\n<ul>\n<li>Moderne Bewegungssensoren<\/li>\n<li>Geschwindigkeits- und Kraftsteuerung<\/li>\n<li>Integriertes Sicherheitssystem<\/li>\n<li>Fernsteuerung und Konnektivit\u00e4t<\/li>\n<li>Zuverl\u00e4ssigkeit und Langlebigkeit<\/li>\n<\/ul>\n<p>[\/et_pb_text][\/et_pb_column][\/et_pb_row][et_pb_row _builder_version=&#8220;4.24.2&#8243; _module_preset=&#8220;default&#8220; global_colors_info=&#8220;{}&#8220;][et_pb_column type=&#8220;4_4&#8243; _builder_version=&#8220;4.24.2&#8243; _module_preset=&#8220;default&#8220; global_colors_info=&#8220;{}&#8220;][et_pb_button button_text=&#8220;Mehr \u00fcber unsere CSR-Politik&#8220; _builder_version=&#8220;4.24.2&#8243; _module_preset=&#8220;default&#8220; global_colors_info=&#8220;{}&#8220;][\/et_pb_button][\/et_pb_column][\/et_pb_row][\/et_pb_section]<\/p>\n","protected":false},"excerpt":{"rendered":"<p>Unser FertigungszentrumDie Portalp- Produktionsst\u00e4tte ist eine 8.000 m2 gro\u00dfe Werkshalle, die der Produktion von Automatikt\u00fcren und anderer automatisierter Zugangssysteme gewidmet ist. Von hier aus werden Ihre Produkte an unsere Niederlassungen oder internationalen H\u00e4ndlern in \u00fcber 40 L\u00e4ndern versandt. Damit Sie stets Produkte von h\u00f6chster Qualit\u00e4t erhalten, werden alle unsere Prozesse t\u00e4glich strengen Qualit\u00e4tskontrollen und regelm\u00e4\u00dfigen [&hellip;]<\/p>\n","protected":false},"author":1,"featured_media":19570,"parent":21357,"menu_order":0,"comment_status":"closed","ping_status":"closed","template":"","meta":{"_et_pb_use_builder":"on","_et_pb_old_content":"","_et_gb_content_width":"","footnotes":""},"class_list":["post-19569","page","type-page","status-publish","has-post-thumbnail","hentry"],"yoast_head":"<!-- This site is optimized with the Yoast SEO plugin v27.4 - https:\/\/yoast.com\/product\/yoast-seo-wordpress\/ -->\n<title>Unser Produktionsst\u00e4tte | Portalp<\/title>\n<meta name=\"description\" content=\"Entdecken Sie unser Produktionszentrum im Herzen von Is\u00e8re, wo Fachwissen und Innovation zusammenkommen, um hochwertige automatisierte Zugangsl\u00f6sungen zu entwickeln.\" \/>\n<meta name=\"robots\" content=\"index, follow, max-snippet:-1, max-image-preview:large, max-video-preview:-1\" \/>\n<link rel=\"canonical\" href=\"https:\/\/www.portalp.com\/de_AT\/unternehmen\/unser-produktionsstaette\/\" \/>\n<meta property=\"og:locale\" content=\"de_DE\" \/>\n<meta property=\"og:type\" content=\"article\" \/>\n<meta property=\"og:title\" content=\"Unser Produktionsst\u00e4tte | Portalp\" \/>\n<meta property=\"og:description\" content=\"Entdecken Sie unser Produktionszentrum im Herzen von Is\u00e8re, wo Fachwissen und Innovation zusammenkommen, um hochwertige automatisierte Zugangsl\u00f6sungen zu entwickeln.\" \/>\n<meta property=\"og:url\" content=\"https:\/\/www.portalp.com\/de_AT\/unternehmen\/unser-produktionsstaette\/\" \/>\n<meta property=\"og:site_name\" content=\"Portalp\" \/>\n<meta property=\"article:modified_time\" content=\"2024-12-16T15:47:55+00:00\" \/>\n<meta property=\"og:image\" content=\"https:\/\/www.portalp.com\/wp-content\/uploads\/2024\/05\/campus-portalp-vue-aerienne.jpg\" \/>\n\t<meta property=\"og:image:width\" content=\"1920\" \/>\n\t<meta property=\"og:image:height\" content=\"1280\" \/>\n\t<meta property=\"og:image:type\" content=\"image\/jpeg\" \/>\n<meta name=\"twitter:card\" content=\"summary_large_image\" \/>\n<meta name=\"twitter:label1\" content=\"Gesch\u00e4tzte Lesezeit\" \/>\n\t<meta name=\"twitter:data1\" content=\"5 Minuten\" \/>\n<script type=\"application\/ld+json\" class=\"yoast-schema-graph\">{\"@context\":\"https:\\\/\\\/schema.org\",\"@graph\":[{\"@type\":\"WebPage\",\"@id\":\"https:\\\/\\\/www.portalp.com\\\/de_AT\\\/unternehmen\\\/unser-produktionsstaette\\\/\",\"url\":\"https:\\\/\\\/www.portalp.com\\\/de_AT\\\/unternehmen\\\/unser-produktionsstaette\\\/\",\"name\":\"Unser Produktionsst\u00e4tte | Portalp\",\"isPartOf\":{\"@id\":\"https:\\\/\\\/www.portalp.com\\\/de_AT\\\/#website\"},\"primaryImageOfPage\":{\"@id\":\"https:\\\/\\\/www.portalp.com\\\/de_AT\\\/unternehmen\\\/unser-produktionsstaette\\\/#primaryimage\"},\"image\":{\"@id\":\"https:\\\/\\\/www.portalp.com\\\/de_AT\\\/unternehmen\\\/unser-produktionsstaette\\\/#primaryimage\"},\"thumbnailUrl\":\"https:\\\/\\\/www.portalp.com\\\/wp-content\\\/uploads\\\/2024\\\/05\\\/campus-portalp-vue-aerienne.jpg\",\"datePublished\":\"2024-05-30T13:13:18+00:00\",\"dateModified\":\"2024-12-16T15:47:55+00:00\",\"description\":\"Entdecken Sie unser Produktionszentrum im Herzen von Is\u00e8re, wo Fachwissen und Innovation zusammenkommen, um hochwertige automatisierte Zugangsl\u00f6sungen zu entwickeln.\",\"breadcrumb\":{\"@id\":\"https:\\\/\\\/www.portalp.com\\\/de_AT\\\/unternehmen\\\/unser-produktionsstaette\\\/#breadcrumb\"},\"inLanguage\":\"de-AT\",\"potentialAction\":[{\"@type\":\"ReadAction\",\"target\":[\"https:\\\/\\\/www.portalp.com\\\/de_AT\\\/unternehmen\\\/unser-produktionsstaette\\\/\"]}]},{\"@type\":\"ImageObject\",\"inLanguage\":\"de-AT\",\"@id\":\"https:\\\/\\\/www.portalp.com\\\/de_AT\\\/unternehmen\\\/unser-produktionsstaette\\\/#primaryimage\",\"url\":\"https:\\\/\\\/www.portalp.com\\\/wp-content\\\/uploads\\\/2024\\\/05\\\/campus-portalp-vue-aerienne.jpg\",\"contentUrl\":\"https:\\\/\\\/www.portalp.com\\\/wp-content\\\/uploads\\\/2024\\\/05\\\/campus-portalp-vue-aerienne.jpg\",\"width\":1920,\"height\":1280},{\"@type\":\"BreadcrumbList\",\"@id\":\"https:\\\/\\\/www.portalp.com\\\/de_AT\\\/unternehmen\\\/unser-produktionsstaette\\\/#breadcrumb\",\"itemListElement\":[{\"@type\":\"ListItem\",\"position\":1,\"name\":\"Startseite\",\"item\":\"https:\\\/\\\/www.portalp.com\\\/de_AT\\\/\"},{\"@type\":\"ListItem\",\"position\":2,\"name\":\"Unternehmen\",\"item\":\"https:\\\/\\\/www.portalp.com\\\/de_AT\\\/unternehmen\\\/\"},{\"@type\":\"ListItem\",\"position\":3,\"name\":\"Unser Produktionsst\u00e4tte\"}]},{\"@type\":\"WebSite\",\"@id\":\"https:\\\/\\\/www.portalp.com\\\/de_AT\\\/#website\",\"url\":\"https:\\\/\\\/www.portalp.com\\\/de_AT\\\/\",\"name\":\"Portalp\",\"description\":\"\",\"publisher\":{\"@id\":\"https:\\\/\\\/www.portalp.com\\\/de_AT\\\/#organization\"},\"potentialAction\":[{\"@type\":\"SearchAction\",\"target\":{\"@type\":\"EntryPoint\",\"urlTemplate\":\"https:\\\/\\\/www.portalp.com\\\/de_AT\\\/?s={search_term_string}\"},\"query-input\":{\"@type\":\"PropertyValueSpecification\",\"valueRequired\":true,\"valueName\":\"search_term_string\"}}],\"inLanguage\":\"de-AT\"},{\"@type\":\"Organization\",\"@id\":\"https:\\\/\\\/www.portalp.com\\\/de_AT\\\/#organization\",\"name\":\"Portalp\",\"url\":\"https:\\\/\\\/www.portalp.com\\\/de_AT\\\/\",\"logo\":{\"@type\":\"ImageObject\",\"inLanguage\":\"de-AT\",\"@id\":\"https:\\\/\\\/www.portalp.com\\\/de_AT\\\/#\\\/schema\\\/logo\\\/image\\\/\",\"url\":\"https:\\\/\\\/www.portalp.com\\\/wp-content\\\/uploads\\\/2024\\\/05\\\/Logo-PORTALP_coul-72.png\",\"contentUrl\":\"https:\\\/\\\/www.portalp.com\\\/wp-content\\\/uploads\\\/2024\\\/05\\\/Logo-PORTALP_coul-72.png\",\"width\":375,\"height\":142,\"caption\":\"Portalp\"},\"image\":{\"@id\":\"https:\\\/\\\/www.portalp.com\\\/de_AT\\\/#\\\/schema\\\/logo\\\/image\\\/\"},\"sameAs\":[\"https:\\\/\\\/www.linkedin.com\\\/company\\\/portalp\"]}]}<\/script>\n<!-- \/ Yoast SEO plugin. -->","yoast_head_json":{"title":"Unser Produktionsst\u00e4tte | Portalp","description":"Entdecken Sie unser Produktionszentrum im Herzen von Is\u00e8re, wo Fachwissen und Innovation zusammenkommen, um hochwertige automatisierte Zugangsl\u00f6sungen zu entwickeln.","robots":{"index":"index","follow":"follow","max-snippet":"max-snippet:-1","max-image-preview":"max-image-preview:large","max-video-preview":"max-video-preview:-1"},"canonical":"https:\/\/www.portalp.com\/de_AT\/unternehmen\/unser-produktionsstaette\/","og_locale":"de_DE","og_type":"article","og_title":"Unser Produktionsst\u00e4tte | Portalp","og_description":"Entdecken Sie unser Produktionszentrum im Herzen von Is\u00e8re, wo Fachwissen und Innovation zusammenkommen, um hochwertige automatisierte Zugangsl\u00f6sungen zu entwickeln.","og_url":"https:\/\/www.portalp.com\/de_AT\/unternehmen\/unser-produktionsstaette\/","og_site_name":"Portalp","article_modified_time":"2024-12-16T15:47:55+00:00","og_image":[{"width":1920,"height":1280,"url":"https:\/\/www.portalp.com\/wp-content\/uploads\/2024\/05\/campus-portalp-vue-aerienne.jpg","type":"image\/jpeg"}],"twitter_card":"summary_large_image","twitter_misc":{"Gesch\u00e4tzte Lesezeit":"5 Minuten"},"schema":{"@context":"https:\/\/schema.org","@graph":[{"@type":"WebPage","@id":"https:\/\/www.portalp.com\/de_AT\/unternehmen\/unser-produktionsstaette\/","url":"https:\/\/www.portalp.com\/de_AT\/unternehmen\/unser-produktionsstaette\/","name":"Unser Produktionsst\u00e4tte | Portalp","isPartOf":{"@id":"https:\/\/www.portalp.com\/de_AT\/#website"},"primaryImageOfPage":{"@id":"https:\/\/www.portalp.com\/de_AT\/unternehmen\/unser-produktionsstaette\/#primaryimage"},"image":{"@id":"https:\/\/www.portalp.com\/de_AT\/unternehmen\/unser-produktionsstaette\/#primaryimage"},"thumbnailUrl":"https:\/\/www.portalp.com\/wp-content\/uploads\/2024\/05\/campus-portalp-vue-aerienne.jpg","datePublished":"2024-05-30T13:13:18+00:00","dateModified":"2024-12-16T15:47:55+00:00","description":"Entdecken Sie unser Produktionszentrum im Herzen von Is\u00e8re, wo Fachwissen und Innovation zusammenkommen, um hochwertige automatisierte Zugangsl\u00f6sungen zu entwickeln.","breadcrumb":{"@id":"https:\/\/www.portalp.com\/de_AT\/unternehmen\/unser-produktionsstaette\/#breadcrumb"},"inLanguage":"de-AT","potentialAction":[{"@type":"ReadAction","target":["https:\/\/www.portalp.com\/de_AT\/unternehmen\/unser-produktionsstaette\/"]}]},{"@type":"ImageObject","inLanguage":"de-AT","@id":"https:\/\/www.portalp.com\/de_AT\/unternehmen\/unser-produktionsstaette\/#primaryimage","url":"https:\/\/www.portalp.com\/wp-content\/uploads\/2024\/05\/campus-portalp-vue-aerienne.jpg","contentUrl":"https:\/\/www.portalp.com\/wp-content\/uploads\/2024\/05\/campus-portalp-vue-aerienne.jpg","width":1920,"height":1280},{"@type":"BreadcrumbList","@id":"https:\/\/www.portalp.com\/de_AT\/unternehmen\/unser-produktionsstaette\/#breadcrumb","itemListElement":[{"@type":"ListItem","position":1,"name":"Startseite","item":"https:\/\/www.portalp.com\/de_AT\/"},{"@type":"ListItem","position":2,"name":"Unternehmen","item":"https:\/\/www.portalp.com\/de_AT\/unternehmen\/"},{"@type":"ListItem","position":3,"name":"Unser Produktionsst\u00e4tte"}]},{"@type":"WebSite","@id":"https:\/\/www.portalp.com\/de_AT\/#website","url":"https:\/\/www.portalp.com\/de_AT\/","name":"Portalp","description":"","publisher":{"@id":"https:\/\/www.portalp.com\/de_AT\/#organization"},"potentialAction":[{"@type":"SearchAction","target":{"@type":"EntryPoint","urlTemplate":"https:\/\/www.portalp.com\/de_AT\/?s={search_term_string}"},"query-input":{"@type":"PropertyValueSpecification","valueRequired":true,"valueName":"search_term_string"}}],"inLanguage":"de-AT"},{"@type":"Organization","@id":"https:\/\/www.portalp.com\/de_AT\/#organization","name":"Portalp","url":"https:\/\/www.portalp.com\/de_AT\/","logo":{"@type":"ImageObject","inLanguage":"de-AT","@id":"https:\/\/www.portalp.com\/de_AT\/#\/schema\/logo\/image\/","url":"https:\/\/www.portalp.com\/wp-content\/uploads\/2024\/05\/Logo-PORTALP_coul-72.png","contentUrl":"https:\/\/www.portalp.com\/wp-content\/uploads\/2024\/05\/Logo-PORTALP_coul-72.png","width":375,"height":142,"caption":"Portalp"},"image":{"@id":"https:\/\/www.portalp.com\/de_AT\/#\/schema\/logo\/image\/"},"sameAs":["https:\/\/www.linkedin.com\/company\/portalp"]}]}},"_links":{"self":[{"href":"https:\/\/www.portalp.com\/de_AT\/wp-json\/wp\/v2\/pages\/19569","targetHints":{"allow":["GET"]}}],"collection":[{"href":"https:\/\/www.portalp.com\/de_AT\/wp-json\/wp\/v2\/pages"}],"about":[{"href":"https:\/\/www.portalp.com\/de_AT\/wp-json\/wp\/v2\/types\/page"}],"author":[{"embeddable":true,"href":"https:\/\/www.portalp.com\/de_AT\/wp-json\/wp\/v2\/users\/1"}],"replies":[{"embeddable":true,"href":"https:\/\/www.portalp.com\/de_AT\/wp-json\/wp\/v2\/comments?post=19569"}],"version-history":[{"count":0,"href":"https:\/\/www.portalp.com\/de_AT\/wp-json\/wp\/v2\/pages\/19569\/revisions"}],"up":[{"embeddable":true,"href":"https:\/\/www.portalp.com\/de_AT\/wp-json\/wp\/v2\/pages\/21357"}],"wp:featuredmedia":[{"embeddable":true,"href":"https:\/\/www.portalp.com\/de_AT\/wp-json\/wp\/v2\/media\/19570"}],"wp:attachment":[{"href":"https:\/\/www.portalp.com\/de_AT\/wp-json\/wp\/v2\/media?parent=19569"}],"curies":[{"name":"wp","href":"https:\/\/api.w.org\/{rel}","templated":true}]}}