{"id":21349,"date":"2024-03-04T13:50:15","date_gmt":"2024-03-04T12:50:15","guid":{"rendered":"https:\/\/www.portalp.com\/unternehmen\/"},"modified":"2025-07-25T13:43:13","modified_gmt":"2025-07-25T12:43:13","slug":"unternehmen","status":"publish","type":"page","link":"https:\/\/www.portalp.com\/de\/unternehmen\/","title":{"rendered":"Unternehmen"},"content":{"rendered":"<p>[et_pb_section fb_built=&#8220;1&#8243; _builder_version=&#8220;4.24.2&#8243; _module_preset=&#8220;default&#8220; background_color=&#8220;#E4DAD3&#8243; custom_margin=&#8220;110px||||false|false&#8220; custom_margin_tablet=&#8220;110px||||false|false&#8220; custom_margin_phone=&#8220;70px||||false|false&#8220; custom_margin_last_edited=&#8220;on|phone&#8220; custom_padding=&#8220;||||true|false&#8220; global_colors_info=&#8220;{}&#8220;][et_pb_row _builder_version=&#8220;4.24.2&#8243; _module_preset=&#8220;default&#8220; global_colors_info=&#8220;{}&#8220;][et_pb_column type=&#8220;4_4&#8243; _builder_version=&#8220;4.24.2&#8243; _module_preset=&#8220;default&#8220; global_colors_info=&#8220;{}&#8220;][et_pb_text disabled_on=&#8220;off|off|off&#8220; _builder_version=&#8220;4.27.4&#8243; _module_preset=&#8220;default&#8220; text_font_size=&#8220;0.8em&#8220; disabled=&#8220;on&#8220; saved_tabs=&#8220;all&#8220; global_colors_info=&#8220;{}&#8220;]<\/p>\n<span><span><a href=\"https:\/\/www.portalp.com\/de\/\">Startseite<\/a><\/span><\/span>\n<p>[\/et_pb_text][\/et_pb_column][\/et_pb_row][et_pb_row module_id=&#8220;page-mere-marches&#8220; _builder_version=&#8220;4.24.2&#8243; _module_preset=&#8220;default&#8220; global_colors_info=&#8220;{}&#8220;][et_pb_column type=&#8220;4_4&#8243; _builder_version=&#8220;4.24.2&#8243; _module_preset=&#8220;default&#8220; global_colors_info=&#8220;{}&#8220;][et_pb_text _builder_version=&#8220;4.27.2&#8243; _module_preset=&#8220;default&#8220; header_font=&#8220;|700|||||||&#8220; header_text_color=&#8220;#005B94&#8243; custom_margin=&#8220;||32px|||&#8220; global_colors_info=&#8220;{}&#8220;]<\/p>\n<h1 style=\"text-align: center;\">Unternehmen<\/h1>\n<p>[\/et_pb_text][et_pb_text _builder_version=&#8220;4.27.2&#8243; _module_preset=&#8220;default&#8220; text_text_color=&#8220;#005B94&#8243; width=&#8220;80%&#8220; width_tablet=&#8220;80%&#8220; width_phone=&#8220;80%&#8220; width_last_edited=&#8220;on|desktop&#8220; module_alignment=&#8220;center&#8220; global_colors_info=&#8220;{}&#8220;]<\/p>\n<p style=\"text-align: center;\">Seit 1962 entwickelt Portalp f\u00fcr Sie und gemeinsam mit Ihnen automatisierte und sichere Zugangsl\u00f6sungen.<\/p>\n<p>[\/et_pb_text][\/et_pb_column][\/et_pb_row][et_pb_row column_structure=&#8220;1_3,1_3,1_3&#8243; use_custom_gutter=&#8220;on&#8220; gutter_width=&#8220;2&#8243; _builder_version=&#8220;4.24.2&#8243; _module_preset=&#8220;default&#8220; global_colors_info=&#8220;{}&#8220;][et_pb_column type=&#8220;1_3&#8243; _builder_version=&#8220;4.24.2&#8243; _module_preset=&#8220;default&#8220; global_colors_info=&#8220;{}&#8220;][et_pb_blurb image=&#8220;https:\/\/www.portalp.com\/wp-content\/uploads\/2024\/10\/a_propos-1.jpg&#8220; alt=&#8220;Unternehmen Portalp&#8220; _builder_version=&#8220;4.27.2&#8243; _dynamic_attributes=&#8220;link_option_url&#8220; _module_preset=&#8220;default&#8220; header_level=&#8220;h2&#8243; animation=&#8220;off&#8220; link_option_url=&#8220;@ET-DC@eyJkeW5hbWljIjp0cnVlLCJjb250ZW50IjoicG9zdF9saW5rX3VybF9wYWdlIiwic2V0dGluZ3MiOnsicG9zdF9pZCI6IjE3NjAiLCJlbmFibGVfaHRtbCI6Im9mZiJ9fQ==@&#8220; custom_css_free_form=&#8220;selector .et_pb_blurb_container {||  background-color: rgba(255,255,255,0.4);||  margin-top: 10px;||  overflow: hidden;||  border-radius: 10px;||}||||selector .et_pb_blurb_description {||  background-color: #B49988;||  transform: skew(-20deg) translateX(-5px);||  transform-origin: top;||  border-radius: 10px;||  height: 100%;||  transition: linear-gradient 2s ease;||    padding: 10px 20px;||}||||selector h2 {||  font-size:18px;||  transform: skew(20deg);||  transform-origin: top;||  background-color: #B49988;||  color: #fff;||}&#8220; custom_css_blurb_image=&#8220;margin: 0;&#8220; border_radii_image=&#8220;on|15px|15px|15px|15px&#8220; global_colors_info=&#8220;{}&#8220;]<\/p>\n<h2>\u00dcber uns<\/h2>\n<p>[\/et_pb_blurb][\/et_pb_column][et_pb_column type=&#8220;1_3&#8243; _builder_version=&#8220;4.24.2&#8243; _module_preset=&#8220;default&#8220; global_colors_info=&#8220;{}&#8220;][et_pb_blurb image=&#8220;https:\/\/www.portalp.com\/wp-content\/uploads\/2024\/10\/RSE-1.jpg&#8220; alt=&#8220;CSR-Politik&#8220; _builder_version=&#8220;4.27.2&#8243; _dynamic_attributes=&#8220;link_option_url&#8220; _module_preset=&#8220;default&#8220; header_level=&#8220;h2&#8243; animation=&#8220;off&#8220; link_option_url=&#8220;@ET-DC@eyJkeW5hbWljIjp0cnVlLCJjb250ZW50IjoicG9zdF9saW5rX3VybF9wYWdlIiwic2V0dGluZ3MiOnsicG9zdF9pZCI6IjE0NjQzIiwiZW5hYmxlX2h0bWwiOiJvZmYifX0=@&#8220; custom_css_free_form=&#8220;selector .et_pb_blurb_container {||  background-color: rgba(255,255,255,0.4);||  margin-top: 10px;||  overflow: hidden;||  border-radius: 10px;||}||||selector .et_pb_blurb_description {||  background-color: #B49988;||  transform: skew(-20deg) translateX(-5px);||  transform-origin: top;||  border-radius: 10px;||  height: 100%;||  transition: linear-gradient 2s ease;||    padding: 10px 20px;||}||||selector h2 {||  font-size:18px;||  transform: skew(20deg);||  transform-origin: top;||  background-color: #B49988;||  color: #fff;||}&#8220; custom_css_blurb_image=&#8220;margin: 0;&#8220; border_radii_image=&#8220;on|15px|15px|15px|15px&#8220; global_colors_info=&#8220;{}&#8220;]<\/p>\n<h2>CSR<\/h2>\n<p>[\/et_pb_blurb][\/et_pb_column][et_pb_column type=&#8220;1_3&#8243; _builder_version=&#8220;4.24.2&#8243; _module_preset=&#8220;default&#8220; global_colors_info=&#8220;{}&#8220;][et_pb_blurb image=&#8220;https:\/\/www.portalp.com\/wp-content\/uploads\/2024\/10\/certifications.jpg&#8220; alt=&#8220;Zertifizierungen&#8220; _builder_version=&#8220;4.27.2&#8243; _dynamic_attributes=&#8220;link_option_url&#8220; _module_preset=&#8220;default&#8220; header_level=&#8220;h2&#8243; animation=&#8220;off&#8220; link_option_url=&#8220;@ET-DC@eyJkeW5hbWljIjp0cnVlLCJjb250ZW50IjoicG9zdF9saW5rX3VybF9wYWdlIiwic2V0dGluZ3MiOnsicG9zdF9pZCI6IjE1ODU0IiwiZW5hYmxlX2h0bWwiOiJvZmYifX0=@&#8220; custom_css_free_form=&#8220;selector .et_pb_blurb_container {||  background-color: rgba(255,255,255,0.4);||  margin-top: 10px;||  overflow: hidden;||  border-radius: 10px;||}||||selector .et_pb_blurb_description {||  background-color: #B49988;||  transform: skew(-20deg) translateX(-5px);||  transform-origin: top;||  border-radius: 10px;||  height: 100%;||  transition: linear-gradient 2s ease;||    padding: 10px 20px;||}||||selector h2 {||  font-size:18px;||  transform: skew(20deg);||  transform-origin: top;||  background-color: #B49988;||  color: #fff;||}&#8220; custom_css_blurb_image=&#8220;margin: 0;&#8220; border_radii_image=&#8220;on|15px|15px|15px|15px&#8220; global_colors_info=&#8220;{}&#8220;]<\/p>\n<h2>Zertifizierungen<\/h2>\n<p>[\/et_pb_blurb][\/et_pb_column][\/et_pb_row][et_pb_row column_structure=&#8220;1_3,1_3,1_3&#8243; use_custom_gutter=&#8220;on&#8220; gutter_width=&#8220;2&#8243; _builder_version=&#8220;4.24.2&#8243; _module_preset=&#8220;default&#8220; global_colors_info=&#8220;{}&#8220;][et_pb_column type=&#8220;1_3&#8243; _builder_version=&#8220;4.24.2&#8243; _module_preset=&#8220;default&#8220; global_colors_info=&#8220;{}&#8220;][et_pb_blurb image=&#8220;https:\/\/www.portalp.com\/wp-content\/uploads\/2024\/10\/nous-contacter.jpg&#8220; alt=&#8220;Kontakt&#8220; _builder_version=&#8220;4.27.2&#8243; _dynamic_attributes=&#8220;link_option_url&#8220; _module_preset=&#8220;default&#8220; header_level=&#8220;h2&#8243; animation=&#8220;off&#8220; link_option_url=&#8220;@ET-DC@eyJkeW5hbWljIjp0cnVlLCJjb250ZW50IjoicG9zdF9saW5rX3VybF9wYWdlIiwic2V0dGluZ3MiOnsicG9zdF9pZCI6IjMyMzYiLCJlbmFibGVfaHRtbCI6Im9mZiJ9fQ==@&#8220; custom_css_free_form=&#8220;selector .et_pb_blurb_container {||  background-color: rgba(255,255,255,0.4);||  margin-top: 10px;||  overflow: hidden;||  border-radius: 10px;||}||||selector .et_pb_blurb_description {||  background-color: #B49988;||  transform: skew(-20deg) translateX(-5px);||  transform-origin: top;||  border-radius: 10px;||  height: 100%;||  transition: linear-gradient 2s ease;||    padding: 10px 20px;||}||||selector h2 {||  font-size:18px;||  transform: skew(20deg);||  transform-origin: top;||  background-color: #B49988;||  color: #fff;||}&#8220; custom_css_blurb_image=&#8220;margin: 0;&#8220; border_radii_image=&#8220;on|15px|15px|15px|15px&#8220; global_colors_info=&#8220;{}&#8220;]<\/p>\n<h2>Uns finden<\/h2>\n<p>[\/et_pb_blurb][\/et_pb_column][et_pb_column type=&#8220;1_3&#8243; _builder_version=&#8220;4.24.2&#8243; _module_preset=&#8220;default&#8220; global_colors_info=&#8220;{}&#8220;][et_pb_blurb image=&#8220;https:\/\/www.portalp.com\/wp-content\/uploads\/2024\/12\/centre-production-portalp.jpg&#8220; alt=&#8220;Produktionsst\u00e4tte Portalp&#8220; _builder_version=&#8220;4.27.4&#8243; _dynamic_attributes=&#8220;link_option_url&#8220; _module_preset=&#8220;default&#8220; header_level=&#8220;h2&#8243; animation=&#8220;off&#8220; link_option_url=&#8220;@ET-DC@eyJkeW5hbWljIjp0cnVlLCJjb250ZW50IjoicG9zdF9saW5rX3VybF9wYWdlIiwic2V0dGluZ3MiOnsicG9zdF9pZCI6IjM4NTEiLCJlbmFibGVfaHRtbCI6Im9mZiJ9fQ==@&#8220; custom_css_free_form=&#8220;selector .et_pb_blurb_container {||  background-color: rgba(255,255,255,0.4);||  margin-top: 10px;||  overflow: hidden;||  border-radius: 10px;||}||||selector .et_pb_blurb_description {||  background-color: #B49988;||  transform: skew(-20deg) translateX(-5px);||  transform-origin: top;||  border-radius: 10px;||  height: 100%;||  transition: linear-gradient 2s ease;||    padding: 10px 20px;||}||||selector h2 {||  font-size:18px;||  transform: skew(20deg);||  transform-origin: top;||  background-color: #B49988;||  color: #fff;||}&#8220; custom_css_blurb_image=&#8220;margin: 0;&#8220; border_radii_image=&#8220;on|15px|15px|15px|15px&#8220; global_colors_info=&#8220;{}&#8220;]<\/p>\n<h2>Produktionsst\u00e4tte<\/h2>\n<p>[\/et_pb_blurb][\/et_pb_column][et_pb_column type=&#8220;1_3&#8243; _builder_version=&#8220;4.24.2&#8243; _module_preset=&#8220;default&#8220; global_colors_info=&#8220;{}&#8220;][et_pb_blurb image=&#8220;https:\/\/www.portalp.com\/wp-content\/uploads\/2024\/10\/campus-accueil.jpg&#8220; alt=&#8220;Campus Portalp&#8220; _builder_version=&#8220;4.27.4&#8243; _module_preset=&#8220;default&#8220; header_level=&#8220;h2&#8243; animation=&#8220;off&#8220; hover_enabled=&#8220;0&#8243; custom_css_free_form=&#8220;selector .et_pb_blurb_container {||  background-color: rgba(255,255,255,0.4);||  margin-top: 10px;||  overflow: hidden;||  border-radius: 10px;||}||||selector .et_pb_blurb_description {||  background-color: #B49988;||  transform: skew(-20deg) translateX(-5px);||  transform-origin: top;||  border-radius: 10px;||  height: 100%;||  transition: linear-gradient 2s ease;||    padding: 10px 20px;||}||||selector h2 {||  font-size:18px;||  transform: skew(20deg);||  transform-origin: top;||  background-color: #B49988;||  color: #fff;||}&#8220; custom_css_blurb_image=&#8220;margin: 0;&#8220; border_radii_image=&#8220;on|15px|15px|15px|15px&#8220; global_colors_info=&#8220;{}&#8220; link_option_url=&#8220;@ET-DC@eyJkeW5hbWljIjp0cnVlLCJjb250ZW50IjoicG9zdF9saW5rX3VybF9wYWdlIiwic2V0dGluZ3MiOnsicG9zdF9pZCI6IjIxOTk2In19@&#8220; _dynamic_attributes=&#8220;link_option_url&#8220; sticky_enabled=&#8220;0&#8243;]<\/p>\n<h2>Nachrichten<\/h2>\n<p>[\/et_pb_blurb][\/et_pb_column][\/et_pb_row][\/et_pb_section]<\/p>\n","protected":false},"excerpt":{"rendered":"<p><span><span><a href=\"https:\/\/www.portalp.com\/de\/\">Startseite<\/a><\/span><\/span>UnternehmenSeit 1962 entwickelt Portalp f\u00fcr Sie und gemeinsam mit Ihnen automatisierte und sichere Zugangsl\u00f6sungen.\u00dcber unsCSRZertifizierungenUns findenProduktionsst\u00e4tteNachrichten<\/p>\n","protected":false},"author":1,"featured_media":17948,"parent":0,"menu_order":0,"comment_status":"closed","ping_status":"closed","template":"","meta":{"_et_pb_use_builder":"on","_et_pb_old_content":"","_et_gb_content_width":"","footnotes":""},"class_list":["post-21349","page","type-page","status-publish","has-post-thumbnail","hentry"],"yoast_head":"<!-- This site is optimized with the Yoast SEO plugin v27.4 - https:\/\/yoast.com\/product\/yoast-seo-wordpress\/ -->\n<title>Unternehmen | Portalp<\/title>\n<meta name=\"description\" content=\"Seit 1962 entwickelt Portalp automatisierte und sichere Zugangsl\u00f6sungen, die Leistung, Innovation und anerkanntes Know-how vereinen.\" \/>\n<meta name=\"robots\" content=\"index, follow, max-snippet:-1, max-image-preview:large, max-video-preview:-1\" \/>\n<link rel=\"canonical\" href=\"https:\/\/www.portalp.com\/de\/unternehmen\/\" \/>\n<meta property=\"og:locale\" content=\"de_DE\" \/>\n<meta property=\"og:type\" content=\"article\" \/>\n<meta property=\"og:title\" content=\"Unternehmen | Portalp\" \/>\n<meta property=\"og:description\" content=\"Seit 1962 entwickelt Portalp automatisierte und sichere Zugangsl\u00f6sungen, die Leistung, Innovation und anerkanntes Know-how vereinen.\" \/>\n<meta property=\"og:url\" content=\"https:\/\/www.portalp.com\/de\/unternehmen\/\" \/>\n<meta property=\"og:site_name\" content=\"Portalp\" \/>\n<meta property=\"article:modified_time\" content=\"2025-07-25T12:43:13+00:00\" \/>\n<meta property=\"og:image\" content=\"https:\/\/www.portalp.com\/wp-content\/uploads\/2024\/10\/a_propos1.jpg\" \/>\n\t<meta property=\"og:image:width\" content=\"1000\" \/>\n\t<meta property=\"og:image:height\" content=\"1000\" \/>\n\t<meta property=\"og:image:type\" content=\"image\/jpeg\" \/>\n<meta name=\"twitter:card\" content=\"summary_large_image\" \/>\n<meta name=\"twitter:label1\" content=\"Gesch\u00e4tzte Lesezeit\" \/>\n\t<meta name=\"twitter:data1\" content=\"2\u00a0Minuten\" \/>\n<script type=\"application\/ld+json\" class=\"yoast-schema-graph\">{\"@context\":\"https:\\\/\\\/schema.org\",\"@graph\":[{\"@type\":\"WebPage\",\"@id\":\"https:\\\/\\\/www.portalp.com\\\/de\\\/unternehmen\\\/\",\"url\":\"https:\\\/\\\/www.portalp.com\\\/de\\\/unternehmen\\\/\",\"name\":\"Unternehmen | Portalp\",\"isPartOf\":{\"@id\":\"https:\\\/\\\/www.portalp.com\\\/de\\\/#website\"},\"primaryImageOfPage\":{\"@id\":\"https:\\\/\\\/www.portalp.com\\\/de\\\/unternehmen\\\/#primaryimage\"},\"image\":{\"@id\":\"https:\\\/\\\/www.portalp.com\\\/de\\\/unternehmen\\\/#primaryimage\"},\"thumbnailUrl\":\"https:\\\/\\\/www.portalp.com\\\/wp-content\\\/uploads\\\/2024\\\/10\\\/a_propos1.jpg\",\"datePublished\":\"2024-03-04T12:50:15+00:00\",\"dateModified\":\"2025-07-25T12:43:13+00:00\",\"description\":\"Seit 1962 entwickelt Portalp automatisierte und sichere Zugangsl\u00f6sungen, die Leistung, Innovation und anerkanntes Know-how vereinen.\",\"breadcrumb\":{\"@id\":\"https:\\\/\\\/www.portalp.com\\\/de\\\/unternehmen\\\/#breadcrumb\"},\"inLanguage\":\"de\",\"potentialAction\":[{\"@type\":\"ReadAction\",\"target\":[\"https:\\\/\\\/www.portalp.com\\\/de\\\/unternehmen\\\/\"]}]},{\"@type\":\"ImageObject\",\"inLanguage\":\"de\",\"@id\":\"https:\\\/\\\/www.portalp.com\\\/de\\\/unternehmen\\\/#primaryimage\",\"url\":\"https:\\\/\\\/www.portalp.com\\\/wp-content\\\/uploads\\\/2024\\\/10\\\/a_propos1.jpg\",\"contentUrl\":\"https:\\\/\\\/www.portalp.com\\\/wp-content\\\/uploads\\\/2024\\\/10\\\/a_propos1.jpg\",\"width\":1000,\"height\":1000,\"caption\":\"Centre de production Portalp\"},{\"@type\":\"BreadcrumbList\",\"@id\":\"https:\\\/\\\/www.portalp.com\\\/de\\\/unternehmen\\\/#breadcrumb\",\"itemListElement\":[{\"@type\":\"ListItem\",\"position\":1,\"name\":\"Startseite\",\"item\":\"https:\\\/\\\/www.portalp.com\\\/de\\\/\"},{\"@type\":\"ListItem\",\"position\":2,\"name\":\"Unternehmen\"}]},{\"@type\":\"WebSite\",\"@id\":\"https:\\\/\\\/www.portalp.com\\\/de\\\/#website\",\"url\":\"https:\\\/\\\/www.portalp.com\\\/de\\\/\",\"name\":\"Portalp\",\"description\":\"\",\"publisher\":{\"@id\":\"https:\\\/\\\/www.portalp.com\\\/de\\\/#organization\"},\"potentialAction\":[{\"@type\":\"SearchAction\",\"target\":{\"@type\":\"EntryPoint\",\"urlTemplate\":\"https:\\\/\\\/www.portalp.com\\\/de\\\/?s={search_term_string}\"},\"query-input\":{\"@type\":\"PropertyValueSpecification\",\"valueRequired\":true,\"valueName\":\"search_term_string\"}}],\"inLanguage\":\"de\"},{\"@type\":\"Organization\",\"@id\":\"https:\\\/\\\/www.portalp.com\\\/de\\\/#organization\",\"name\":\"Portalp\",\"url\":\"https:\\\/\\\/www.portalp.com\\\/de\\\/\",\"logo\":{\"@type\":\"ImageObject\",\"inLanguage\":\"de\",\"@id\":\"https:\\\/\\\/www.portalp.com\\\/de\\\/#\\\/schema\\\/logo\\\/image\\\/\",\"url\":\"https:\\\/\\\/www.portalp.com\\\/wp-content\\\/uploads\\\/2024\\\/05\\\/Logo-PORTALP_coul-72.png\",\"contentUrl\":\"https:\\\/\\\/www.portalp.com\\\/wp-content\\\/uploads\\\/2024\\\/05\\\/Logo-PORTALP_coul-72.png\",\"width\":375,\"height\":142,\"caption\":\"Portalp\"},\"image\":{\"@id\":\"https:\\\/\\\/www.portalp.com\\\/de\\\/#\\\/schema\\\/logo\\\/image\\\/\"},\"sameAs\":[\"https:\\\/\\\/www.linkedin.com\\\/company\\\/portalp\"]}]}<\/script>\n<!-- \/ Yoast SEO plugin. -->","yoast_head_json":{"title":"Unternehmen | Portalp","description":"Seit 1962 entwickelt Portalp automatisierte und sichere Zugangsl\u00f6sungen, die Leistung, Innovation und anerkanntes Know-how vereinen.","robots":{"index":"index","follow":"follow","max-snippet":"max-snippet:-1","max-image-preview":"max-image-preview:large","max-video-preview":"max-video-preview:-1"},"canonical":"https:\/\/www.portalp.com\/de\/unternehmen\/","og_locale":"de_DE","og_type":"article","og_title":"Unternehmen | Portalp","og_description":"Seit 1962 entwickelt Portalp automatisierte und sichere Zugangsl\u00f6sungen, die Leistung, Innovation und anerkanntes Know-how vereinen.","og_url":"https:\/\/www.portalp.com\/de\/unternehmen\/","og_site_name":"Portalp","article_modified_time":"2025-07-25T12:43:13+00:00","og_image":[{"width":1000,"height":1000,"url":"https:\/\/www.portalp.com\/wp-content\/uploads\/2024\/10\/a_propos1.jpg","type":"image\/jpeg"}],"twitter_card":"summary_large_image","twitter_misc":{"Gesch\u00e4tzte Lesezeit":"2\u00a0Minuten"},"schema":{"@context":"https:\/\/schema.org","@graph":[{"@type":"WebPage","@id":"https:\/\/www.portalp.com\/de\/unternehmen\/","url":"https:\/\/www.portalp.com\/de\/unternehmen\/","name":"Unternehmen | Portalp","isPartOf":{"@id":"https:\/\/www.portalp.com\/de\/#website"},"primaryImageOfPage":{"@id":"https:\/\/www.portalp.com\/de\/unternehmen\/#primaryimage"},"image":{"@id":"https:\/\/www.portalp.com\/de\/unternehmen\/#primaryimage"},"thumbnailUrl":"https:\/\/www.portalp.com\/wp-content\/uploads\/2024\/10\/a_propos1.jpg","datePublished":"2024-03-04T12:50:15+00:00","dateModified":"2025-07-25T12:43:13+00:00","description":"Seit 1962 entwickelt Portalp automatisierte und sichere Zugangsl\u00f6sungen, die Leistung, Innovation und anerkanntes Know-how vereinen.","breadcrumb":{"@id":"https:\/\/www.portalp.com\/de\/unternehmen\/#breadcrumb"},"inLanguage":"de","potentialAction":[{"@type":"ReadAction","target":["https:\/\/www.portalp.com\/de\/unternehmen\/"]}]},{"@type":"ImageObject","inLanguage":"de","@id":"https:\/\/www.portalp.com\/de\/unternehmen\/#primaryimage","url":"https:\/\/www.portalp.com\/wp-content\/uploads\/2024\/10\/a_propos1.jpg","contentUrl":"https:\/\/www.portalp.com\/wp-content\/uploads\/2024\/10\/a_propos1.jpg","width":1000,"height":1000,"caption":"Centre de production Portalp"},{"@type":"BreadcrumbList","@id":"https:\/\/www.portalp.com\/de\/unternehmen\/#breadcrumb","itemListElement":[{"@type":"ListItem","position":1,"name":"Startseite","item":"https:\/\/www.portalp.com\/de\/"},{"@type":"ListItem","position":2,"name":"Unternehmen"}]},{"@type":"WebSite","@id":"https:\/\/www.portalp.com\/de\/#website","url":"https:\/\/www.portalp.com\/de\/","name":"Portalp","description":"","publisher":{"@id":"https:\/\/www.portalp.com\/de\/#organization"},"potentialAction":[{"@type":"SearchAction","target":{"@type":"EntryPoint","urlTemplate":"https:\/\/www.portalp.com\/de\/?s={search_term_string}"},"query-input":{"@type":"PropertyValueSpecification","valueRequired":true,"valueName":"search_term_string"}}],"inLanguage":"de"},{"@type":"Organization","@id":"https:\/\/www.portalp.com\/de\/#organization","name":"Portalp","url":"https:\/\/www.portalp.com\/de\/","logo":{"@type":"ImageObject","inLanguage":"de","@id":"https:\/\/www.portalp.com\/de\/#\/schema\/logo\/image\/","url":"https:\/\/www.portalp.com\/wp-content\/uploads\/2024\/05\/Logo-PORTALP_coul-72.png","contentUrl":"https:\/\/www.portalp.com\/wp-content\/uploads\/2024\/05\/Logo-PORTALP_coul-72.png","width":375,"height":142,"caption":"Portalp"},"image":{"@id":"https:\/\/www.portalp.com\/de\/#\/schema\/logo\/image\/"},"sameAs":["https:\/\/www.linkedin.com\/company\/portalp"]}]}},"_links":{"self":[{"href":"https:\/\/www.portalp.com\/de\/wp-json\/wp\/v2\/pages\/21349","targetHints":{"allow":["GET"]}}],"collection":[{"href":"https:\/\/www.portalp.com\/de\/wp-json\/wp\/v2\/pages"}],"about":[{"href":"https:\/\/www.portalp.com\/de\/wp-json\/wp\/v2\/types\/page"}],"author":[{"embeddable":true,"href":"https:\/\/www.portalp.com\/de\/wp-json\/wp\/v2\/users\/1"}],"replies":[{"embeddable":true,"href":"https:\/\/www.portalp.com\/de\/wp-json\/wp\/v2\/comments?post=21349"}],"version-history":[{"count":0,"href":"https:\/\/www.portalp.com\/de\/wp-json\/wp\/v2\/pages\/21349\/revisions"}],"wp:featuredmedia":[{"embeddable":true,"href":"https:\/\/www.portalp.com\/de\/wp-json\/wp\/v2\/media\/17948"}],"wp:attachment":[{"href":"https:\/\/www.portalp.com\/de\/wp-json\/wp\/v2\/media?parent=21349"}],"curies":[{"name":"wp","href":"https:\/\/api.w.org\/{rel}","templated":true}]}}