{"id":19421,"date":"2024-05-23T12:56:52","date_gmt":"2024-05-23T11:56:52","guid":{"rendered":"https:\/\/www.portalp.com\/?page_id=19421"},"modified":"2025-07-25T13:38:20","modified_gmt":"2025-07-25T12:38:20","slug":"uns-finden","status":"publish","type":"page","link":"https:\/\/www.portalp.com\/de\/unternehmen\/uns-finden\/","title":{"rendered":"Uns finden"},"content":{"rendered":"<p>[et_pb_section fb_built=&#8220;1&#8243; admin_label=&#8220;section&#8220; _builder_version=&#8220;4.16&#8243; global_colors_info=&#8220;{}&#8220;][et_pb_row admin_label=&#8220;row&#8220; _builder_version=&#8220;4.16&#8243; background_size=&#8220;initial&#8220; background_position=&#8220;top_left&#8220; background_repeat=&#8220;repeat&#8220; global_colors_info=&#8220;{}&#8220;][et_pb_column type=&#8220;4_4&#8243; _builder_version=&#8220;4.16&#8243; custom_padding=&#8220;|||&#8220; global_colors_info=&#8220;{}&#8220; custom_padding__hover=&#8220;|||&#8220;][et_pb_text _builder_version=&#8220;4.27.2&#8243; _module_preset=&#8220;default&#8220; header_text_align=&#8220;center&#8220; header_text_color=&#8220;#005B94&#8243; global_colors_info=&#8220;{}&#8220;]<\/p>\n<h1>Das Portalp-Netzwerk<\/h1>\n<p>[\/et_pb_text][et_pb_text _builder_version=&#8220;4.27.2&#8243; _module_preset=&#8220;default&#8220; global_colors_info=&#8220;{}&#8220;]<\/p>\n<style>\r\n\t#wpsl-stores .wpsl-store-thumb {height:45px !important; width:45px !important;}\r\n\t#wpsl-stores, #wpsl-direction-details, #wpsl-gmap {height:500px !important;}\r\n\t#wpsl-gmap .wpsl-info-window {max-width:225px !important;}\r\n\t.wpsl-input label, #wpsl-radius label, #wpsl-category label {width:95px;}\r\n\t#wpsl-search-input  {width:250px;}\r\n<\/style>\r\n<div id=\"wpsl-wrap\">\r\n\t<div class=\"wpsl-search wpsl-clearfix wpsl-no-filters\">\r\n\t\t<div id=\"wpsl-search-wrap\">\r\n\t\t\t<form autocomplete=\"off\">\r\n\t\t\t<div class=\"wpsl-input\">\r\n\t\t\t\t<div><label for=\"wpsl-search-input\">Ihre Adresse<\/label><\/div>\r\n\t\t\t\t<input id=\"wpsl-search-input\" type=\"text\" value=\"\" name=\"wpsl-search-input\" placeholder=\"\" aria-required=\"true\" \/>\r\n\t\t\t<\/div>\r\n\t\t\t\t<div class=\"wpsl-search-btn-wrap\"><input id=\"wpsl-search-btn\" type=\"submit\" value=\"Suchen\"><\/div>\r\n\t\t<\/form>\r\n\t\t<\/div>\r\n\t<\/div>\r\n\t<div id=\"wpsl-gmap\" class=\"wpsl-gmap-canvas\"><\/div>\r\n\t<div id=\"wpsl-result-list\">\r\n\t\t<div id=\"wpsl-stores\" >\r\n\t\t\t<ul><\/ul>\r\n\t\t<\/div>\r\n\t\t<div id=\"wpsl-direction-details\">\r\n\t\t\t<ul><\/ul>\r\n\t\t<\/div>\r\n\t<\/div>\r\n<\/div>\r\n\n<p>[\/et_pb_text][\/et_pb_column][\/et_pb_row][\/et_pb_section]<\/p>\n","protected":false},"excerpt":{"rendered":"<p>Das Portalp-Netzwerk<style>\r\n\t#wpsl-stores .wpsl-store-thumb {height:45px !important; width:45px !important;}\r\n\t#wpsl-stores, #wpsl-direction-details, #wpsl-gmap {height:500px !important;}\r\n\t#wpsl-gmap .wpsl-info-window {max-width:225px !important;}\r\n\t.wpsl-input label, #wpsl-radius label, #wpsl-category label {width:95px;}\r\n\t#wpsl-search-input  {width:250px;}\r\n<\/style>\r\n<div id=\"wpsl-wrap\">\r\n\t<div class=\"wpsl-search wpsl-clearfix wpsl-no-filters\">\r\n\t\t<div id=\"wpsl-search-wrap\">\r\n\t\t\t<form autocomplete=\"off\">\r\n\t\t\t<div class=\"wpsl-input\">\r\n\t\t\t\t<div><label for=\"wpsl-search-input\">Ihre Adresse<\/label><\/div>\r\n\t\t\t\t<input id=\"wpsl-search-input\" type=\"text\" value=\"\" name=\"wpsl-search-input\" placeholder=\"\" aria-required=\"true\" \/>\r\n\t\t\t<\/div>\r\n\t\t\t\t<div class=\"wpsl-search-btn-wrap\"><input id=\"wpsl-search-btn\" type=\"submit\" value=\"Suchen\"><\/div>\r\n\t\t<\/form>\r\n\t\t<\/div>\r\n\t<\/div>\r\n\t<div id=\"wpsl-gmap\" class=\"wpsl-gmap-canvas\"><\/div>\r\n\t<div id=\"wpsl-result-list\">\r\n\t\t<div id=\"wpsl-stores\" >\r\n\t\t\t<ul><\/ul>\r\n\t\t<\/div>\r\n\t\t<div id=\"wpsl-direction-details\">\r\n\t\t\t<ul><\/ul>\r\n\t\t<\/div>\r\n\t<\/div>\r\n<\/div>\r\n<\/p>\n","protected":false},"author":1,"featured_media":15537,"parent":21349,"menu_order":0,"comment_status":"closed","ping_status":"closed","template":"","meta":{"_et_pb_use_builder":"on","_et_pb_old_content":"","_et_gb_content_width":"","footnotes":""},"class_list":["post-19421","page","type-page","status-publish","has-post-thumbnail","hentry"],"yoast_head":"<!-- This site is optimized with the Yoast SEO plugin v27.4 - https:\/\/yoast.com\/product\/yoast-seo-wordpress\/ -->\n<title>Uns finden | Portalp<\/title>\n<meta name=\"description\" content=\"Unser Netzwerk in Frankreich und international begleitet Sie bei allen Ihren Projekten f\u00fcr automatische T\u00fcren mit Expertise und N\u00e4he.\" \/>\n<meta name=\"robots\" content=\"index, follow, max-snippet:-1, max-image-preview:large, max-video-preview:-1\" \/>\n<link rel=\"canonical\" href=\"https:\/\/www.portalp.com\/de\/unternehmen\/uns-finden\/\" \/>\n<meta property=\"og:locale\" content=\"de_DE\" \/>\n<meta property=\"og:type\" content=\"article\" \/>\n<meta property=\"og:title\" content=\"Uns finden | Portalp\" \/>\n<meta property=\"og:description\" content=\"Unser Netzwerk in Frankreich und international begleitet Sie bei allen Ihren Projekten f\u00fcr automatische T\u00fcren mit Expertise und N\u00e4he.\" \/>\n<meta property=\"og:url\" content=\"https:\/\/www.portalp.com\/de\/unternehmen\/uns-finden\/\" \/>\n<meta property=\"og:site_name\" content=\"Portalp\" \/>\n<meta property=\"article:modified_time\" content=\"2025-07-25T12:38:20+00:00\" \/>\n<meta property=\"og:image\" content=\"https:\/\/www.portalp.com\/wp-content\/uploads\/2024\/09\/solutions_accesparking_portail_industriel_heras_portalp.jpg\" \/>\n\t<meta property=\"og:image:width\" content=\"1000\" \/>\n\t<meta property=\"og:image:height\" content=\"1000\" \/>\n\t<meta property=\"og:image:type\" content=\"image\/jpeg\" \/>\n<meta name=\"twitter:card\" content=\"summary_large_image\" \/>\n<meta name=\"twitter:label1\" content=\"Gesch\u00e4tzte Lesezeit\" \/>\n\t<meta name=\"twitter:data1\" content=\"1\u00a0Minute\" \/>\n<script type=\"application\/ld+json\" class=\"yoast-schema-graph\">{\"@context\":\"https:\\\/\\\/schema.org\",\"@graph\":[{\"@type\":\"WebPage\",\"@id\":\"https:\\\/\\\/www.portalp.com\\\/de\\\/unternehmen\\\/uns-finden\\\/\",\"url\":\"https:\\\/\\\/www.portalp.com\\\/de\\\/unternehmen\\\/uns-finden\\\/\",\"name\":\"Uns finden | Portalp\",\"isPartOf\":{\"@id\":\"https:\\\/\\\/www.portalp.com\\\/de\\\/#website\"},\"primaryImageOfPage\":{\"@id\":\"https:\\\/\\\/www.portalp.com\\\/de\\\/unternehmen\\\/uns-finden\\\/#primaryimage\"},\"image\":{\"@id\":\"https:\\\/\\\/www.portalp.com\\\/de\\\/unternehmen\\\/uns-finden\\\/#primaryimage\"},\"thumbnailUrl\":\"https:\\\/\\\/www.portalp.com\\\/wp-content\\\/uploads\\\/2024\\\/09\\\/solutions_accesparking_portail_industriel_heras_portalp.jpg\",\"datePublished\":\"2024-05-23T11:56:52+00:00\",\"dateModified\":\"2025-07-25T12:38:20+00:00\",\"description\":\"Unser Netzwerk in Frankreich und international begleitet Sie bei allen Ihren Projekten f\u00fcr automatische T\u00fcren mit Expertise und N\u00e4he.\",\"breadcrumb\":{\"@id\":\"https:\\\/\\\/www.portalp.com\\\/de\\\/unternehmen\\\/uns-finden\\\/#breadcrumb\"},\"inLanguage\":\"de\",\"potentialAction\":[{\"@type\":\"ReadAction\",\"target\":[\"https:\\\/\\\/www.portalp.com\\\/de\\\/unternehmen\\\/uns-finden\\\/\"]}]},{\"@type\":\"ImageObject\",\"inLanguage\":\"de\",\"@id\":\"https:\\\/\\\/www.portalp.com\\\/de\\\/unternehmen\\\/uns-finden\\\/#primaryimage\",\"url\":\"https:\\\/\\\/www.portalp.com\\\/wp-content\\\/uploads\\\/2024\\\/09\\\/solutions_accesparking_portail_industriel_heras_portalp.jpg\",\"contentUrl\":\"https:\\\/\\\/www.portalp.com\\\/wp-content\\\/uploads\\\/2024\\\/09\\\/solutions_accesparking_portail_industriel_heras_portalp.jpg\",\"width\":1000,\"height\":1000,\"caption\":\"Portail industriel autoportant coulissant Heras Portalp\"},{\"@type\":\"BreadcrumbList\",\"@id\":\"https:\\\/\\\/www.portalp.com\\\/de\\\/unternehmen\\\/uns-finden\\\/#breadcrumb\",\"itemListElement\":[{\"@type\":\"ListItem\",\"position\":1,\"name\":\"Startseite\",\"item\":\"https:\\\/\\\/www.portalp.com\\\/de\\\/\"},{\"@type\":\"ListItem\",\"position\":2,\"name\":\"Unternehmen\",\"item\":\"https:\\\/\\\/www.portalp.com\\\/de\\\/unternehmen\\\/\"},{\"@type\":\"ListItem\",\"position\":3,\"name\":\"Uns finden\"}]},{\"@type\":\"WebSite\",\"@id\":\"https:\\\/\\\/www.portalp.com\\\/de\\\/#website\",\"url\":\"https:\\\/\\\/www.portalp.com\\\/de\\\/\",\"name\":\"Portalp\",\"description\":\"\",\"publisher\":{\"@id\":\"https:\\\/\\\/www.portalp.com\\\/de\\\/#organization\"},\"potentialAction\":[{\"@type\":\"SearchAction\",\"target\":{\"@type\":\"EntryPoint\",\"urlTemplate\":\"https:\\\/\\\/www.portalp.com\\\/de\\\/?s={search_term_string}\"},\"query-input\":{\"@type\":\"PropertyValueSpecification\",\"valueRequired\":true,\"valueName\":\"search_term_string\"}}],\"inLanguage\":\"de\"},{\"@type\":\"Organization\",\"@id\":\"https:\\\/\\\/www.portalp.com\\\/de\\\/#organization\",\"name\":\"Portalp\",\"url\":\"https:\\\/\\\/www.portalp.com\\\/de\\\/\",\"logo\":{\"@type\":\"ImageObject\",\"inLanguage\":\"de\",\"@id\":\"https:\\\/\\\/www.portalp.com\\\/de\\\/#\\\/schema\\\/logo\\\/image\\\/\",\"url\":\"https:\\\/\\\/www.portalp.com\\\/wp-content\\\/uploads\\\/2024\\\/05\\\/Logo-PORTALP_coul-72.png\",\"contentUrl\":\"https:\\\/\\\/www.portalp.com\\\/wp-content\\\/uploads\\\/2024\\\/05\\\/Logo-PORTALP_coul-72.png\",\"width\":375,\"height\":142,\"caption\":\"Portalp\"},\"image\":{\"@id\":\"https:\\\/\\\/www.portalp.com\\\/de\\\/#\\\/schema\\\/logo\\\/image\\\/\"},\"sameAs\":[\"https:\\\/\\\/www.linkedin.com\\\/company\\\/portalp\"]}]}<\/script>\n<!-- \/ Yoast SEO plugin. -->","yoast_head_json":{"title":"Uns finden | Portalp","description":"Unser Netzwerk in Frankreich und international begleitet Sie bei allen Ihren Projekten f\u00fcr automatische T\u00fcren mit Expertise und N\u00e4he.","robots":{"index":"index","follow":"follow","max-snippet":"max-snippet:-1","max-image-preview":"max-image-preview:large","max-video-preview":"max-video-preview:-1"},"canonical":"https:\/\/www.portalp.com\/de\/unternehmen\/uns-finden\/","og_locale":"de_DE","og_type":"article","og_title":"Uns finden | Portalp","og_description":"Unser Netzwerk in Frankreich und international begleitet Sie bei allen Ihren Projekten f\u00fcr automatische T\u00fcren mit Expertise und N\u00e4he.","og_url":"https:\/\/www.portalp.com\/de\/unternehmen\/uns-finden\/","og_site_name":"Portalp","article_modified_time":"2025-07-25T12:38:20+00:00","og_image":[{"width":1000,"height":1000,"url":"https:\/\/www.portalp.com\/wp-content\/uploads\/2024\/09\/solutions_accesparking_portail_industriel_heras_portalp.jpg","type":"image\/jpeg"}],"twitter_card":"summary_large_image","twitter_misc":{"Gesch\u00e4tzte Lesezeit":"1\u00a0Minute"},"schema":{"@context":"https:\/\/schema.org","@graph":[{"@type":"WebPage","@id":"https:\/\/www.portalp.com\/de\/unternehmen\/uns-finden\/","url":"https:\/\/www.portalp.com\/de\/unternehmen\/uns-finden\/","name":"Uns finden | Portalp","isPartOf":{"@id":"https:\/\/www.portalp.com\/de\/#website"},"primaryImageOfPage":{"@id":"https:\/\/www.portalp.com\/de\/unternehmen\/uns-finden\/#primaryimage"},"image":{"@id":"https:\/\/www.portalp.com\/de\/unternehmen\/uns-finden\/#primaryimage"},"thumbnailUrl":"https:\/\/www.portalp.com\/wp-content\/uploads\/2024\/09\/solutions_accesparking_portail_industriel_heras_portalp.jpg","datePublished":"2024-05-23T11:56:52+00:00","dateModified":"2025-07-25T12:38:20+00:00","description":"Unser Netzwerk in Frankreich und international begleitet Sie bei allen Ihren Projekten f\u00fcr automatische T\u00fcren mit Expertise und N\u00e4he.","breadcrumb":{"@id":"https:\/\/www.portalp.com\/de\/unternehmen\/uns-finden\/#breadcrumb"},"inLanguage":"de","potentialAction":[{"@type":"ReadAction","target":["https:\/\/www.portalp.com\/de\/unternehmen\/uns-finden\/"]}]},{"@type":"ImageObject","inLanguage":"de","@id":"https:\/\/www.portalp.com\/de\/unternehmen\/uns-finden\/#primaryimage","url":"https:\/\/www.portalp.com\/wp-content\/uploads\/2024\/09\/solutions_accesparking_portail_industriel_heras_portalp.jpg","contentUrl":"https:\/\/www.portalp.com\/wp-content\/uploads\/2024\/09\/solutions_accesparking_portail_industriel_heras_portalp.jpg","width":1000,"height":1000,"caption":"Portail industriel autoportant coulissant Heras Portalp"},{"@type":"BreadcrumbList","@id":"https:\/\/www.portalp.com\/de\/unternehmen\/uns-finden\/#breadcrumb","itemListElement":[{"@type":"ListItem","position":1,"name":"Startseite","item":"https:\/\/www.portalp.com\/de\/"},{"@type":"ListItem","position":2,"name":"Unternehmen","item":"https:\/\/www.portalp.com\/de\/unternehmen\/"},{"@type":"ListItem","position":3,"name":"Uns finden"}]},{"@type":"WebSite","@id":"https:\/\/www.portalp.com\/de\/#website","url":"https:\/\/www.portalp.com\/de\/","name":"Portalp","description":"","publisher":{"@id":"https:\/\/www.portalp.com\/de\/#organization"},"potentialAction":[{"@type":"SearchAction","target":{"@type":"EntryPoint","urlTemplate":"https:\/\/www.portalp.com\/de\/?s={search_term_string}"},"query-input":{"@type":"PropertyValueSpecification","valueRequired":true,"valueName":"search_term_string"}}],"inLanguage":"de"},{"@type":"Organization","@id":"https:\/\/www.portalp.com\/de\/#organization","name":"Portalp","url":"https:\/\/www.portalp.com\/de\/","logo":{"@type":"ImageObject","inLanguage":"de","@id":"https:\/\/www.portalp.com\/de\/#\/schema\/logo\/image\/","url":"https:\/\/www.portalp.com\/wp-content\/uploads\/2024\/05\/Logo-PORTALP_coul-72.png","contentUrl":"https:\/\/www.portalp.com\/wp-content\/uploads\/2024\/05\/Logo-PORTALP_coul-72.png","width":375,"height":142,"caption":"Portalp"},"image":{"@id":"https:\/\/www.portalp.com\/de\/#\/schema\/logo\/image\/"},"sameAs":["https:\/\/www.linkedin.com\/company\/portalp"]}]}},"_links":{"self":[{"href":"https:\/\/www.portalp.com\/de\/wp-json\/wp\/v2\/pages\/19421","targetHints":{"allow":["GET"]}}],"collection":[{"href":"https:\/\/www.portalp.com\/de\/wp-json\/wp\/v2\/pages"}],"about":[{"href":"https:\/\/www.portalp.com\/de\/wp-json\/wp\/v2\/types\/page"}],"author":[{"embeddable":true,"href":"https:\/\/www.portalp.com\/de\/wp-json\/wp\/v2\/users\/1"}],"replies":[{"embeddable":true,"href":"https:\/\/www.portalp.com\/de\/wp-json\/wp\/v2\/comments?post=19421"}],"version-history":[{"count":0,"href":"https:\/\/www.portalp.com\/de\/wp-json\/wp\/v2\/pages\/19421\/revisions"}],"up":[{"embeddable":true,"href":"https:\/\/www.portalp.com\/de\/wp-json\/wp\/v2\/pages\/21349"}],"wp:featuredmedia":[{"embeddable":true,"href":"https:\/\/www.portalp.com\/de\/wp-json\/wp\/v2\/media\/15537"}],"wp:attachment":[{"href":"https:\/\/www.portalp.com\/de\/wp-json\/wp\/v2\/media?parent=19421"}],"curies":[{"name":"wp","href":"https:\/\/api.w.org\/{rel}","templated":true}]}}