{"id":19232,"date":"2024-04-08T13:23:59","date_gmt":"2024-04-08T12:23:59","guid":{"rendered":"https:\/\/www.portalp.com\/loesungen\/bahnsteigtueren\/"},"modified":"2024-11-25T16:41:47","modified_gmt":"2024-11-25T15:41:47","slug":"bahnsteigtueren","status":"publish","type":"page","link":"https:\/\/www.portalp.com\/de\/loesungen\/bahnsteigtueren\/","title":{"rendered":"Bahnsteigt\u00fcren"},"content":{"rendered":"<p>[et_pb_section fb_built=&#8220;1&#8243; _builder_version=&#8220;4.24.2&#8243; _module_preset=&#8220;default&#8220; background_image=&#8220;https:\/\/www.portalp.com\/wp-content\/uploads\/2024\/04\/facades-de-quai.jpg&#8220; height=&#8220;80vh&#8220; height_tablet=&#8220;80vh&#8220; height_phone=&#8220;70vh&#8220; height_last_edited=&#8220;on|desktop&#8220; custom_padding=&#8220;||||false|false&#8220; global_colors_info=&#8220;{}&#8220;][et_pb_row column_structure=&#8220;2_5,3_5&#8243; _builder_version=&#8220;4.24.2&#8243; _module_preset=&#8220;default&#8220; position_origin_a=&#8220;bottom_center&#8220; vertical_offset=&#8220;50%&#8220; width=&#8220;100%&#8220; max_width=&#8220;100%&#8220; custom_padding=&#8220;||||false|false&#8220; custom_css_main_element=&#8220;transform: translateY(-30%);&#8220; global_colors_info=&#8220;{}&#8220;][et_pb_column type=&#8220;2_5&#8243; _builder_version=&#8220;4.24.2&#8243; _module_preset=&#8220;default&#8220; background_color=&#8220;rgba(206,27,0,0.58)&#8220; background_enable_color=&#8220;off&#8220; use_background_color_gradient=&#8220;on&#8220; background_color_gradient_stops=&#8220;rgba(0,117,191,0.8) 0%|rgba(0,27,56,0.8) 100%&#8220; transform_translate=&#8220;-20px|0px&#8220; transform_translate_linked=&#8220;off&#8220; transform_skew=&#8220;20deg|0deg&#8220; transform_skew_linked=&#8220;off&#8220; custom_css_main_element=&#8220;max-width:50%;&#8220; border_radii=&#8220;on|60px|60px|60px|60px&#8220; border_radii_tablet=&#8220;on|60px|60px|60px|60px&#8220; border_radii_phone=&#8220;on|40px|40px|40px|40px&#8220; border_radii_last_edited=&#8220;on|phone&#8220; global_colors_info=&#8220;{}&#8220; custom_css_main_element_last_edited=&#8220;on|phone&#8220; custom_css_main_element_phone=&#8220;max-width: 90%;&#8220; custom_css_main_element_tablet=&#8220;max-width:50%;&#8220;][et_pb_text _builder_version=&#8220;4.24.2&#8243; _module_preset=&#8220;default&#8220; header_font=&#8220;|600|||||||&#8220; header_text_color=&#8220;#FFFFFF&#8220; header_font_size=&#8220;40px&#8220; transform_skew=&#8220;-20deg|0deg&#8220; transform_skew_linked=&#8220;off&#8220; min_height=&#8220;30vh&#8220; custom_margin=&#8220;||0px||false|false&#8220; custom_padding=&#8220;8%|10%|8%|15%|true|false&#8220; header_font_size_tablet=&#8220;40px&#8220; header_font_size_phone=&#8220;26px&#8220; header_font_size_last_edited=&#8220;on|phone&#8220; custom_css_main_element=&#8220;display:flex;||align-items: center;&#8220; global_colors_info=&#8220;{}&#8220;]<\/p>\n<h1>Bahnsteigt\u00fcrsysteme<\/h1>\n<p>[\/et_pb_text][\/et_pb_column][et_pb_column type=&#8220;3_5&#8243; _builder_version=&#8220;4.24.2&#8243; _module_preset=&#8220;default&#8220; global_colors_info=&#8220;{}&#8220;][\/et_pb_column][\/et_pb_row][\/et_pb_section][et_pb_section fb_built=&#8220;1&#8243; _builder_version=&#8220;4.24.2&#8243; _module_preset=&#8220;default&#8220; global_colors_info=&#8220;{}&#8220;][et_pb_row _builder_version=&#8220;4.24.2&#8243; _module_preset=&#8220;default&#8220; global_colors_info=&#8220;{}&#8220;][et_pb_column type=&#8220;4_4&#8243; _builder_version=&#8220;4.24.2&#8243; _module_preset=&#8220;default&#8220; global_colors_info=&#8220;{}&#8220;][et_pb_text _builder_version=&#8220;4.24.2&#8243; _module_preset=&#8220;default&#8220; text_font=&#8220;||on||||||&#8220; text_text_color=&#8220;#B49988&#8243; text_font_size=&#8220;40px&#8220; text_orientation=&#8220;center&#8220; custom_css_free_form=&#8220;selector .et_pb_text_inner {||  display: inline-block;||}||||selector p::before {||  content: url(&#8218;https:\/\/www.portalp.com\/wp-content\/uploads\/2024\/04\/guillemet-ouverture-1.jpg&#8216;);||  margin-right:15px;||}||||selector p::after {||  content: url(&#8218;https:\/\/www.portalp.com\/wp-content\/uploads\/2024\/04\/guillemet-fermeture-1.jpg&#8216;);||  margin-left:15px;||}&#8220; global_colors_info=&#8220;{}&#8220;]<\/p>\n<p>Because <strong style=\"color: #005b94;\">Availability<\/strong> And <strong style=\"color: #005b94;\">Safety<\/strong><br \/>Are More Than <strong style=\"color: #005b94;\">French<\/strong> Luxury<\/p>\n<p>[\/et_pb_text][et_pb_text _builder_version=&#8220;4.24.2&#8243; _module_preset=&#8220;default&#8220; text_orientation=&#8220;center&#8220; global_colors_info=&#8220;{}&#8220;]<\/p>\n<h2>Automatisierte \u00d6ffnungsl\u00f6sungen f\u00fcr die Eisenbahninfrastruktur<\/h2>\n<p>Portalp Railway steht f\u00fcr mehr als 60 Jahre Erfahrung in der Automatisierung von \u00d6ffnungen, die auf einen speziellen internationalen Markt zugeschnitten ist: den Schienenverkehr.<\/p>\n<p>[\/et_pb_text][et_pb_text _builder_version=&#8220;4.24.2&#8243; _module_preset=&#8220;default&#8220; text_orientation=&#8220;center&#8220; global_colors_info=&#8220;{}&#8220;]<\/p>\n<h2>Ein Angebot f\u00fcr ma\u00dfgeschneiderte Metro-Bahnsteigfassaden<\/h2>\n<p>Portalp bietet eine umfassende L\u00f6sung f\u00fcr Bahnsteigfassaden, die aus einem oder mehreren Modulen von Bahnsteigschachtt\u00fcren, deren Steuermodulen, einer Panikstange und Bahnsteigende-T\u00fcren besteht. Schlie\u00dflich bestehen unsere L\u00f6sungen f\u00fcr die Bahnsteigfassade auch aus den spezifischen Fl\u00fcgelt\u00fcren f\u00fcr die Fahrer.<\/p>\n<p>[\/et_pb_text][et_pb_button button_url=&#8220;https:\/\/railway.portalp.com&#8220; url_new_window=&#8220;on&#8220; button_text=&#8220;Entdecken Sie unsere spezielle Bahn-Website &#8220; module_class=&#8220;link-to-railway&#8220; _builder_version=&#8220;4.24.2&#8243; _module_preset=&#8220;default&#8220; button_icon=&#8220;&#xf35d;||fa||900&#8243; button_on_hover=&#8220;off&#8220; global_colors_info=&#8220;{}&#8220;][\/et_pb_button][\/et_pb_column][\/et_pb_row][\/et_pb_section][et_pb_section fb_built=&#8220;1&#8243; _builder_version=&#8220;4.24.2&#8243; _module_preset=&#8220;default&#8220; background_color=&#8220;#E4DAD3&#8243; global_colors_info=&#8220;{}&#8220;][et_pb_row _builder_version=&#8220;4.24.2&#8243; _module_preset=&#8220;default&#8220; global_colors_info=&#8220;{}&#8220;][et_pb_column type=&#8220;4_4&#8243; _builder_version=&#8220;4.24.2&#8243; _module_preset=&#8220;default&#8220; global_colors_info=&#8220;{}&#8220;][et_pb_text _builder_version=&#8220;4.24.2&#8243; _module_preset=&#8220;default&#8220; text_orientation=&#8220;center&#8220; global_colors_info=&#8220;{}&#8220;]<\/p>\n<h2>Komplette L\u00f6sungen f\u00fcr Bahnsteigfassaden<\/h2>\n<p>[\/et_pb_text][\/et_pb_column][\/et_pb_row][et_pb_row column_structure=&#8220;1_3,1_3,1_3&#8243; make_equal=&#8220;on&#8220; _builder_version=&#8220;4.24.2&#8243; _module_preset=&#8220;default&#8220; global_colors_info=&#8220;{}&#8220;][et_pb_column type=&#8220;1_3&#8243; _builder_version=&#8220;4.24.2&#8243; _module_preset=&#8220;default&#8220; background_color=&#8220;#FFFFFF&#8220; link_option_url=&#8220;https:\/\/railway.portalp.com\/facades-de-quai\/portes-palieres-quai-hautes\/&#8220; link_option_url_new_window=&#8220;on&#8220; border_radii=&#8220;on|15px|15px|15px|15px&#8220; global_colors_info=&#8220;{}&#8220;][et_pb_image src=&#8220;https:\/\/www.portalp.com\/wp-content\/uploads\/2024\/04\/porte-paliere-quai-haute.jpg&#8220; alt=&#8220;Hohe Bahnsteigt\u00fcren&#8220; _builder_version=&#8220;4.24.2&#8243; _module_preset=&#8220;default&#8220; global_colors_info=&#8220;{}&#8220;][\/et_pb_image][et_pb_text _builder_version=&#8220;4.24.2&#8243; _module_preset=&#8220;default&#8220; header_3_text_align=&#8220;center&#8220; header_3_text_color=&#8220;#005B94&#8243; text_orientation=&#8220;center&#8220; custom_margin=&#8220;|20px|20px|20px|false|true&#8220; global_colors_info=&#8220;{}&#8220;]<\/p>\n<h3>Hohe Bahnsteigt\u00fcren<\/h3>\n<p>Unsere hohen Bahnsteigt\u00fcren erleichtern und sichern den Zugang f\u00fcr Autos, modernisieren die Infrastruktur und erm\u00f6glichen einen Gewinn an W\u00e4rme- und Schalld\u00e4mmung.<\/p>\n<p>[\/et_pb_text][\/et_pb_column][et_pb_column type=&#8220;1_3&#8243; _builder_version=&#8220;4.24.2&#8243; _module_preset=&#8220;default&#8220; background_color=&#8220;#FFFFFF&#8220; link_option_url=&#8220;https:\/\/railway.portalp.com\/facades-de-quai\/portes-palieres-quai-basses\/&#8220; link_option_url_new_window=&#8220;on&#8220; border_radii=&#8220;on|15px|15px|15px|15px&#8220; global_colors_info=&#8220;{}&#8220;][et_pb_image src=&#8220;https:\/\/www.portalp.com\/wp-content\/uploads\/2024\/04\/porte-paliere-quai-basse.jpg&#8220; alt=&#8220;Niedrige Bahnsteigt\u00fcren&#8220; _builder_version=&#8220;4.24.2&#8243; _module_preset=&#8220;default&#8220; global_colors_info=&#8220;{}&#8220;][\/et_pb_image][et_pb_text _builder_version=&#8220;4.24.2&#8243; _module_preset=&#8220;default&#8220; header_3_text_align=&#8220;center&#8220; header_3_text_color=&#8220;#005B94&#8243; text_orientation=&#8220;center&#8220; custom_margin=&#8220;|20px|20px|20px|false|true&#8220; global_colors_info=&#8220;{}&#8220;]<\/p>\n<h3>Niedrige Bahnsteigt\u00fcren<\/h3>\n<p>Unsere niedrigen Bahnsteigt\u00fcren erleichtern und sichern den Zugang zu Autos und eignen sich gleichzeitig f\u00fcr Au\u00dfenbahnh\u00f6fe und kleine Infrastrukturen.<\/p>\n<p>[\/et_pb_text][\/et_pb_column][et_pb_column type=&#8220;1_3&#8243; _builder_version=&#8220;4.24.2&#8243; _module_preset=&#8220;default&#8220; background_color=&#8220;#FFFFFF&#8220; link_option_url=&#8220;https:\/\/railway.portalp.com\/facades-de-quai\/portes-extremite-de-quai\/&#8220; link_option_url_new_window=&#8220;on&#8220; border_radii=&#8220;on|15px|15px|15px|15px&#8220; global_colors_info=&#8220;{}&#8220;][et_pb_image src=&#8220;https:\/\/www.portalp.com\/wp-content\/uploads\/2024\/04\/porte-extremite-quai.jpg&#8220; alt=&#8220;Tore am Ende des Bahnsteigs&#8220; _builder_version=&#8220;4.24.2&#8243; _module_preset=&#8220;default&#8220; global_colors_info=&#8220;{}&#8220;][\/et_pb_image][et_pb_text _builder_version=&#8220;4.24.2&#8243; _module_preset=&#8220;default&#8220; header_3_text_align=&#8220;center&#8220; header_3_text_color=&#8220;#005B94&#8243; text_orientation=&#8220;center&#8220; custom_margin=&#8220;|20px|20px|20px|false|true&#8220; global_colors_info=&#8220;{}&#8220;]<\/p>\n<h3>Hohe Bahnsteigt\u00fcren<\/h3>\n<p>Bahnsteigstirnseiten-T\u00fcren gew\u00e4hren nur befugten Personen Zugang zu Eisenbahntunneln und erm\u00f6glichen im Notfall die Evakuierung von Tunneln.<\/p>\n<p>[\/et_pb_text][\/et_pb_column][\/et_pb_row][et_pb_row column_structure=&#8220;1_3,1_3,1_3&#8243; make_equal=&#8220;on&#8220; _builder_version=&#8220;4.24.2&#8243; _module_preset=&#8220;default&#8220; global_colors_info=&#8220;{}&#8220;][et_pb_column type=&#8220;1_3&#8243; _builder_version=&#8220;4.24.2&#8243; _module_preset=&#8220;default&#8220; background_color=&#8220;#FFFFFF&#8220; link_option_url=&#8220;https:\/\/railway.portalp.com\/facades-de-quai\/push-bar\/&#8220; link_option_url_new_window=&#8220;on&#8220; border_radii=&#8220;on|15px|15px|15px|15px&#8220; global_colors_info=&#8220;{}&#8220;][et_pb_image src=&#8220;https:\/\/www.portalp.com\/wp-content\/uploads\/2024\/04\/push-bar-facade-quai.jpg&#8220; alt=&#8220;Push bar&#8220; _builder_version=&#8220;4.24.2&#8243; _module_preset=&#8220;default&#8220; global_colors_info=&#8220;{}&#8220;][\/et_pb_image][et_pb_text _builder_version=&#8220;4.24.2&#8243; _module_preset=&#8220;default&#8220; header_3_text_align=&#8220;center&#8220; header_3_text_color=&#8220;#005B94&#8243; text_orientation=&#8220;center&#8220; custom_margin=&#8220;|20px|20px|20px|false|true&#8220; global_colors_info=&#8220;{}&#8220;]<\/p>\n<h3>Push bar<\/h3>\n<p>Das f\u00fcr Notschwingt\u00fcren geeignete Push-Bar-System wurde von Portalp gem\u00e4\u00df der Norm EN 1125 mit dem Ziel entwickelt, eine schnelle und effiziente Evakuierung vom U-Bahnsteig zu erm\u00f6glichen.<\/p>\n<p>[\/et_pb_text][\/et_pb_column][et_pb_column type=&#8220;1_3&#8243; _builder_version=&#8220;4.24.2&#8243; _module_preset=&#8220;default&#8220; background_color=&#8220;#FFFFFF&#8220; link_option_url=&#8220;https:\/\/railway.portalp.com\/solutions-metallerie\/&#8220; link_option_url_new_window=&#8220;on&#8220; border_radii=&#8220;on|15px|15px|15px|15px&#8220; global_colors_info=&#8220;{}&#8220;][et_pb_image src=&#8220;https:\/\/www.portalp.com\/wp-content\/uploads\/2024\/04\/portillon-acces.jpg&#8220; alt=&#8220;Zugangst\u00fcr&#8220; _builder_version=&#8220;4.24.2&#8243; _module_preset=&#8220;default&#8220; global_colors_info=&#8220;{}&#8220;][\/et_pb_image][et_pb_text _builder_version=&#8220;4.24.2&#8243; _module_preset=&#8220;default&#8220; header_3_text_align=&#8220;center&#8220; header_3_text_color=&#8220;#005B94&#8243; text_orientation=&#8220;center&#8220; custom_margin=&#8220;|20px|20px|20px|false|true&#8220; global_colors_info=&#8220;{}&#8220;]<\/p>\n<h3>Ausr\u00fcstungen und L\u00f6sungen f\u00fcr Metallarbeiten<\/h3>\n<p>Mit unserer Kompetenz in Stahlkonstruktionen und anderen Bahnl\u00f6sungen entwickeln wir Ausr\u00fcstungen, die das Erlebnis f\u00fcr Fahrg\u00e4ste und Bahnpersonal verbessern sollen.<\/p>\n<p>[\/et_pb_text][\/et_pb_column][et_pb_column type=&#8220;1_3&#8243; _builder_version=&#8220;4.24.2&#8243; _module_preset=&#8220;default&#8220; background_color=&#8220;#FFFFFF&#8220; link_option_url=&#8220;https:\/\/railway.portalp.com\/services\/maintenance\/&#8220; link_option_url_new_window=&#8220;on&#8220; border_radii=&#8220;on|15px|15px|15px|15px&#8220; global_colors_info=&#8220;{}&#8220;][et_pb_image src=&#8220;https:\/\/www.portalp.com\/wp-content\/uploads\/2024\/04\/maintenance-facade-quai.jpg&#8220; alt=&#8220;Installation und Wartung&#8220; _builder_version=&#8220;4.24.2&#8243; _module_preset=&#8220;default&#8220; global_colors_info=&#8220;{}&#8220;][\/et_pb_image][et_pb_text _builder_version=&#8220;4.24.2&#8243; _module_preset=&#8220;default&#8220; header_3_text_align=&#8220;center&#8220; header_3_text_color=&#8220;#005B94&#8243; text_orientation=&#8220;center&#8220; custom_margin=&#8220;|20px|20px|20px|false|true&#8220; global_colors_info=&#8220;{}&#8220;]<\/p>\n<h3>Installation und Wartung<\/h3>\n<p>Unsere Fachkenntnisse und unsere Agilit\u00e4t erm\u00f6glichen es uns, Ihre Portalp Railway- oder Multimarken-L\u00f6sungen zu installieren und zu warten.<\/p>\n<p>[\/et_pb_text][\/et_pb_column][\/et_pb_row][et_pb_row _builder_version=&#8220;4.24.2&#8243; _module_preset=&#8220;default&#8220; global_colors_info=&#8220;{}&#8220;][et_pb_column type=&#8220;4_4&#8243; _builder_version=&#8220;4.24.2&#8243; _module_preset=&#8220;default&#8220; global_colors_info=&#8220;{}&#8220;][et_pb_button button_url=&#8220;https:\/\/railway.portalp.com\/&#8220; url_new_window=&#8220;on&#8220; button_text=&#8220;Entdecken Sie unsere spezielle Bahn-Website &#8220; module_class=&#8220;link-to-railway&#8220; _builder_version=&#8220;4.24.2&#8243; _module_preset=&#8220;default&#8220; button_icon=&#8220;&#xf35d;||fa||900&#8243; button_on_hover=&#8220;off&#8220; global_colors_info=&#8220;{}&#8220;][\/et_pb_button][\/et_pb_column][\/et_pb_row][\/et_pb_section]<\/p>\n","protected":false},"excerpt":{"rendered":"<p>Bahnsteigt\u00fcrsystemeBecause Availability And SafetyAre More Than French LuxuryAutomatisierte \u00d6ffnungsl\u00f6sungen f\u00fcr die Eisenbahninfrastruktur Portalp Railway steht f\u00fcr mehr als 60 Jahre Erfahrung in der Automatisierung von \u00d6ffnungen, die auf einen speziellen internationalen Markt zugeschnitten ist: den Schienenverkehr.Ein Angebot f\u00fcr ma\u00dfgeschneiderte Metro-Bahnsteigfassaden Portalp bietet eine umfassende L\u00f6sung f\u00fcr Bahnsteigfassaden, die aus einem oder mehreren Modulen von Bahnsteigschachtt\u00fcren, [&hellip;]<\/p>\n","protected":false},"author":1,"featured_media":7035,"parent":19193,"menu_order":0,"comment_status":"closed","ping_status":"closed","template":"","meta":{"_et_pb_use_builder":"on","_et_pb_old_content":"","_et_gb_content_width":"","footnotes":""},"class_list":["post-19232","page","type-page","status-publish","has-post-thumbnail","hentry"],"yoast_head":"<!-- This site is optimized with the Yoast SEO plugin v27.4 - https:\/\/yoast.com\/product\/yoast-seo-wordpress\/ -->\n<title>Bahnsteigt\u00fcren | Portalp<\/title>\n<meta name=\"description\" content=\"Entdecken Sie unsere L\u00f6sungen f\u00fcr automatisierte Bahnsteigfassaden, die entwickelt wurden, um die Sicherheit und Effizienz der Eisenbahninfrastruktur zu verbessern.\" \/>\n<meta name=\"robots\" content=\"index, follow, max-snippet:-1, max-image-preview:large, max-video-preview:-1\" \/>\n<link rel=\"canonical\" href=\"https:\/\/www.portalp.com\/de\/loesungen\/bahnsteigtueren\/\" \/>\n<meta property=\"og:locale\" content=\"de_DE\" \/>\n<meta property=\"og:type\" content=\"article\" \/>\n<meta property=\"og:title\" content=\"Bahnsteigt\u00fcren | Portalp\" \/>\n<meta property=\"og:description\" content=\"Entdecken Sie unsere L\u00f6sungen f\u00fcr automatisierte Bahnsteigfassaden, die entwickelt wurden, um die Sicherheit und Effizienz der Eisenbahninfrastruktur zu verbessern.\" \/>\n<meta property=\"og:url\" content=\"https:\/\/www.portalp.com\/de\/loesungen\/bahnsteigtueren\/\" \/>\n<meta property=\"og:site_name\" content=\"Portalp\" \/>\n<meta property=\"article:modified_time\" content=\"2024-11-25T15:41:47+00:00\" \/>\n<meta property=\"og:image\" content=\"https:\/\/www.portalp.com\/wp-content\/uploads\/2024\/07\/portalp_solutions_facades_de_quai_ferroviaire.jpg\" \/>\n\t<meta property=\"og:image:width\" content=\"500\" \/>\n\t<meta property=\"og:image:height\" content=\"500\" \/>\n\t<meta property=\"og:image:type\" content=\"image\/jpeg\" \/>\n<meta name=\"twitter:card\" content=\"summary_large_image\" \/>\n<meta name=\"twitter:label1\" content=\"Gesch\u00e4tzte Lesezeit\" \/>\n\t<meta name=\"twitter:data1\" content=\"3\u00a0Minuten\" \/>\n<script type=\"application\/ld+json\" class=\"yoast-schema-graph\">{\"@context\":\"https:\\\/\\\/schema.org\",\"@graph\":[{\"@type\":\"WebPage\",\"@id\":\"https:\\\/\\\/www.portalp.com\\\/de\\\/loesungen\\\/bahnsteigtueren\\\/\",\"url\":\"https:\\\/\\\/www.portalp.com\\\/de\\\/loesungen\\\/bahnsteigtueren\\\/\",\"name\":\"Bahnsteigt\u00fcren | Portalp\",\"isPartOf\":{\"@id\":\"https:\\\/\\\/www.portalp.com\\\/de\\\/#website\"},\"primaryImageOfPage\":{\"@id\":\"https:\\\/\\\/www.portalp.com\\\/de\\\/loesungen\\\/bahnsteigtueren\\\/#primaryimage\"},\"image\":{\"@id\":\"https:\\\/\\\/www.portalp.com\\\/de\\\/loesungen\\\/bahnsteigtueren\\\/#primaryimage\"},\"thumbnailUrl\":\"https:\\\/\\\/www.portalp.com\\\/wp-content\\\/uploads\\\/2024\\\/07\\\/portalp_solutions_facades_de_quai_ferroviaire.jpg\",\"datePublished\":\"2024-04-08T12:23:59+00:00\",\"dateModified\":\"2024-11-25T15:41:47+00:00\",\"description\":\"Entdecken Sie unsere L\u00f6sungen f\u00fcr automatisierte Bahnsteigfassaden, die entwickelt wurden, um die Sicherheit und Effizienz der Eisenbahninfrastruktur zu verbessern.\",\"breadcrumb\":{\"@id\":\"https:\\\/\\\/www.portalp.com\\\/de\\\/loesungen\\\/bahnsteigtueren\\\/#breadcrumb\"},\"inLanguage\":\"de\",\"potentialAction\":[{\"@type\":\"ReadAction\",\"target\":[\"https:\\\/\\\/www.portalp.com\\\/de\\\/loesungen\\\/bahnsteigtueren\\\/\"]}]},{\"@type\":\"ImageObject\",\"inLanguage\":\"de\",\"@id\":\"https:\\\/\\\/www.portalp.com\\\/de\\\/loesungen\\\/bahnsteigtueren\\\/#primaryimage\",\"url\":\"https:\\\/\\\/www.portalp.com\\\/wp-content\\\/uploads\\\/2024\\\/07\\\/portalp_solutions_facades_de_quai_ferroviaire.jpg\",\"contentUrl\":\"https:\\\/\\\/www.portalp.com\\\/wp-content\\\/uploads\\\/2024\\\/07\\\/portalp_solutions_facades_de_quai_ferroviaire.jpg\",\"width\":500,\"height\":500,\"caption\":\"Fa\u00e7ade de quai\"},{\"@type\":\"BreadcrumbList\",\"@id\":\"https:\\\/\\\/www.portalp.com\\\/de\\\/loesungen\\\/bahnsteigtueren\\\/#breadcrumb\",\"itemListElement\":[{\"@type\":\"ListItem\",\"position\":1,\"name\":\"Startseite\",\"item\":\"https:\\\/\\\/www.portalp.com\\\/de\\\/\"},{\"@type\":\"ListItem\",\"position\":2,\"name\":\"L\u00f6sungen\",\"item\":\"https:\\\/\\\/www.portalp.com\\\/de\\\/loesungen\\\/\"},{\"@type\":\"ListItem\",\"position\":3,\"name\":\"Bahnsteigt\u00fcren\"}]},{\"@type\":\"WebSite\",\"@id\":\"https:\\\/\\\/www.portalp.com\\\/de\\\/#website\",\"url\":\"https:\\\/\\\/www.portalp.com\\\/de\\\/\",\"name\":\"Portalp\",\"description\":\"\",\"publisher\":{\"@id\":\"https:\\\/\\\/www.portalp.com\\\/de\\\/#organization\"},\"potentialAction\":[{\"@type\":\"SearchAction\",\"target\":{\"@type\":\"EntryPoint\",\"urlTemplate\":\"https:\\\/\\\/www.portalp.com\\\/de\\\/?s={search_term_string}\"},\"query-input\":{\"@type\":\"PropertyValueSpecification\",\"valueRequired\":true,\"valueName\":\"search_term_string\"}}],\"inLanguage\":\"de\"},{\"@type\":\"Organization\",\"@id\":\"https:\\\/\\\/www.portalp.com\\\/de\\\/#organization\",\"name\":\"Portalp\",\"url\":\"https:\\\/\\\/www.portalp.com\\\/de\\\/\",\"logo\":{\"@type\":\"ImageObject\",\"inLanguage\":\"de\",\"@id\":\"https:\\\/\\\/www.portalp.com\\\/de\\\/#\\\/schema\\\/logo\\\/image\\\/\",\"url\":\"https:\\\/\\\/www.portalp.com\\\/wp-content\\\/uploads\\\/2024\\\/05\\\/Logo-PORTALP_coul-72.png\",\"contentUrl\":\"https:\\\/\\\/www.portalp.com\\\/wp-content\\\/uploads\\\/2024\\\/05\\\/Logo-PORTALP_coul-72.png\",\"width\":375,\"height\":142,\"caption\":\"Portalp\"},\"image\":{\"@id\":\"https:\\\/\\\/www.portalp.com\\\/de\\\/#\\\/schema\\\/logo\\\/image\\\/\"},\"sameAs\":[\"https:\\\/\\\/www.linkedin.com\\\/company\\\/portalp\"]}]}<\/script>\n<!-- \/ Yoast SEO plugin. -->","yoast_head_json":{"title":"Bahnsteigt\u00fcren | Portalp","description":"Entdecken Sie unsere L\u00f6sungen f\u00fcr automatisierte Bahnsteigfassaden, die entwickelt wurden, um die Sicherheit und Effizienz der Eisenbahninfrastruktur zu verbessern.","robots":{"index":"index","follow":"follow","max-snippet":"max-snippet:-1","max-image-preview":"max-image-preview:large","max-video-preview":"max-video-preview:-1"},"canonical":"https:\/\/www.portalp.com\/de\/loesungen\/bahnsteigtueren\/","og_locale":"de_DE","og_type":"article","og_title":"Bahnsteigt\u00fcren | Portalp","og_description":"Entdecken Sie unsere L\u00f6sungen f\u00fcr automatisierte Bahnsteigfassaden, die entwickelt wurden, um die Sicherheit und Effizienz der Eisenbahninfrastruktur zu verbessern.","og_url":"https:\/\/www.portalp.com\/de\/loesungen\/bahnsteigtueren\/","og_site_name":"Portalp","article_modified_time":"2024-11-25T15:41:47+00:00","og_image":[{"width":500,"height":500,"url":"https:\/\/www.portalp.com\/wp-content\/uploads\/2024\/07\/portalp_solutions_facades_de_quai_ferroviaire.jpg","type":"image\/jpeg"}],"twitter_card":"summary_large_image","twitter_misc":{"Gesch\u00e4tzte Lesezeit":"3\u00a0Minuten"},"schema":{"@context":"https:\/\/schema.org","@graph":[{"@type":"WebPage","@id":"https:\/\/www.portalp.com\/de\/loesungen\/bahnsteigtueren\/","url":"https:\/\/www.portalp.com\/de\/loesungen\/bahnsteigtueren\/","name":"Bahnsteigt\u00fcren | Portalp","isPartOf":{"@id":"https:\/\/www.portalp.com\/de\/#website"},"primaryImageOfPage":{"@id":"https:\/\/www.portalp.com\/de\/loesungen\/bahnsteigtueren\/#primaryimage"},"image":{"@id":"https:\/\/www.portalp.com\/de\/loesungen\/bahnsteigtueren\/#primaryimage"},"thumbnailUrl":"https:\/\/www.portalp.com\/wp-content\/uploads\/2024\/07\/portalp_solutions_facades_de_quai_ferroviaire.jpg","datePublished":"2024-04-08T12:23:59+00:00","dateModified":"2024-11-25T15:41:47+00:00","description":"Entdecken Sie unsere L\u00f6sungen f\u00fcr automatisierte Bahnsteigfassaden, die entwickelt wurden, um die Sicherheit und Effizienz der Eisenbahninfrastruktur zu verbessern.","breadcrumb":{"@id":"https:\/\/www.portalp.com\/de\/loesungen\/bahnsteigtueren\/#breadcrumb"},"inLanguage":"de","potentialAction":[{"@type":"ReadAction","target":["https:\/\/www.portalp.com\/de\/loesungen\/bahnsteigtueren\/"]}]},{"@type":"ImageObject","inLanguage":"de","@id":"https:\/\/www.portalp.com\/de\/loesungen\/bahnsteigtueren\/#primaryimage","url":"https:\/\/www.portalp.com\/wp-content\/uploads\/2024\/07\/portalp_solutions_facades_de_quai_ferroviaire.jpg","contentUrl":"https:\/\/www.portalp.com\/wp-content\/uploads\/2024\/07\/portalp_solutions_facades_de_quai_ferroviaire.jpg","width":500,"height":500,"caption":"Fa\u00e7ade de quai"},{"@type":"BreadcrumbList","@id":"https:\/\/www.portalp.com\/de\/loesungen\/bahnsteigtueren\/#breadcrumb","itemListElement":[{"@type":"ListItem","position":1,"name":"Startseite","item":"https:\/\/www.portalp.com\/de\/"},{"@type":"ListItem","position":2,"name":"L\u00f6sungen","item":"https:\/\/www.portalp.com\/de\/loesungen\/"},{"@type":"ListItem","position":3,"name":"Bahnsteigt\u00fcren"}]},{"@type":"WebSite","@id":"https:\/\/www.portalp.com\/de\/#website","url":"https:\/\/www.portalp.com\/de\/","name":"Portalp","description":"","publisher":{"@id":"https:\/\/www.portalp.com\/de\/#organization"},"potentialAction":[{"@type":"SearchAction","target":{"@type":"EntryPoint","urlTemplate":"https:\/\/www.portalp.com\/de\/?s={search_term_string}"},"query-input":{"@type":"PropertyValueSpecification","valueRequired":true,"valueName":"search_term_string"}}],"inLanguage":"de"},{"@type":"Organization","@id":"https:\/\/www.portalp.com\/de\/#organization","name":"Portalp","url":"https:\/\/www.portalp.com\/de\/","logo":{"@type":"ImageObject","inLanguage":"de","@id":"https:\/\/www.portalp.com\/de\/#\/schema\/logo\/image\/","url":"https:\/\/www.portalp.com\/wp-content\/uploads\/2024\/05\/Logo-PORTALP_coul-72.png","contentUrl":"https:\/\/www.portalp.com\/wp-content\/uploads\/2024\/05\/Logo-PORTALP_coul-72.png","width":375,"height":142,"caption":"Portalp"},"image":{"@id":"https:\/\/www.portalp.com\/de\/#\/schema\/logo\/image\/"},"sameAs":["https:\/\/www.linkedin.com\/company\/portalp"]}]}},"_links":{"self":[{"href":"https:\/\/www.portalp.com\/de\/wp-json\/wp\/v2\/pages\/19232","targetHints":{"allow":["GET"]}}],"collection":[{"href":"https:\/\/www.portalp.com\/de\/wp-json\/wp\/v2\/pages"}],"about":[{"href":"https:\/\/www.portalp.com\/de\/wp-json\/wp\/v2\/types\/page"}],"author":[{"embeddable":true,"href":"https:\/\/www.portalp.com\/de\/wp-json\/wp\/v2\/users\/1"}],"replies":[{"embeddable":true,"href":"https:\/\/www.portalp.com\/de\/wp-json\/wp\/v2\/comments?post=19232"}],"version-history":[{"count":0,"href":"https:\/\/www.portalp.com\/de\/wp-json\/wp\/v2\/pages\/19232\/revisions"}],"up":[{"embeddable":true,"href":"https:\/\/www.portalp.com\/de\/wp-json\/wp\/v2\/pages\/19193"}],"wp:featuredmedia":[{"embeddable":true,"href":"https:\/\/www.portalp.com\/de\/wp-json\/wp\/v2\/media\/7035"}],"wp:attachment":[{"href":"https:\/\/www.portalp.com\/de\/wp-json\/wp\/v2\/media?parent=19232"}],"curies":[{"name":"wp","href":"https:\/\/api.w.org\/{rel}","templated":true}]}}