{"id":19193,"date":"2024-03-04T13:49:05","date_gmt":"2024-03-04T12:49:05","guid":{"rendered":"https:\/\/www.portalp.com\/loesungen\/"},"modified":"2025-07-28T10:03:11","modified_gmt":"2025-07-28T09:03:11","slug":"loesungen","status":"publish","type":"page","link":"https:\/\/www.portalp.com\/de\/loesungen\/","title":{"rendered":"L\u00f6sungen"},"content":{"rendered":"<p>[et_pb_section fb_built=&#8220;1&#8243; custom_padding_last_edited=&#8220;on|desktop&#8220; _builder_version=&#8220;4.27.4&#8243; _module_preset=&#8220;default&#8220; background_color=&#8220;#E4DAD3&#8243; custom_margin=&#8220;110px||||false|false&#8220; custom_margin_tablet=&#8220;110px||||false|false&#8220; custom_margin_phone=&#8220;60px||||false|false&#8220; custom_margin_last_edited=&#8220;on|phone&#8220; custom_padding=&#8220;||||false|false&#8220; custom_padding_tablet=&#8220;8%||8%||true|false&#8220; custom_padding_phone=&#8220;||||false|false&#8220; global_colors_info=&#8220;{}&#8220;][et_pb_row _builder_version=&#8220;4.24.2&#8243; _module_preset=&#8220;default&#8220; custom_padding=&#8220;0px||20px||false|false&#8220; global_colors_info=&#8220;{}&#8220;][et_pb_column type=&#8220;4_4&#8243; _builder_version=&#8220;4.24.2&#8243; _module_preset=&#8220;default&#8220; global_colors_info=&#8220;{}&#8220;][et_pb_text _builder_version=&#8220;4.24.2&#8243; _module_preset=&#8220;default&#8220; text_font_size=&#8220;0.8em&#8220; saved_tabs=&#8220;all&#8220; global_colors_info=&#8220;{}&#8220;]<\/p>\n<span><span><a href=\"https:\/\/www.portalp.com\/de\/\">Startseite<\/a><\/span><\/span>\n<p>[\/et_pb_text][\/et_pb_column][\/et_pb_row][et_pb_row _builder_version=&#8220;4.24.2&#8243; _module_preset=&#8220;default&#8220; custom_margin=&#8220;|auto|2px|auto|false|false&#8220; global_colors_info=&#8220;{}&#8220;][et_pb_column type=&#8220;4_4&#8243; _builder_version=&#8220;4.24.2&#8243; _module_preset=&#8220;default&#8220; global_colors_info=&#8220;{}&#8220;][et_pb_text _builder_version=&#8220;4.27.4&#8243; _module_preset=&#8220;default&#8220; header_text_color=&#8220;#005B94&#8243; custom_margin=&#8220;||35px|||&#8220; custom_padding=&#8220;||||true|false&#8220; global_colors_info=&#8220;{}&#8220;]<\/p>\n<h1 style=\"text-align: center;\">Ma\u00dfgeschneiderte L\u00f6sungen f\u00fcr den automatischen Zugang<\/h1>\n<p>[\/et_pb_text][et_pb_text _builder_version=&#8220;4.27.4&#8243; _module_preset=&#8220;default&#8220; custom_margin=&#8220;||12px|||&#8220; locked=&#8220;off&#8220; global_colors_info=&#8220;{}&#8220;]<\/p>\n<p><strong>Entdecken Sie unsere innovativen L\u00f6sungen f\u00fcr automatisierten Zugang, die auf Ihre Bed\u00fcrfnisse zugeschnitten sind.<\/strong><\/p>\n<p>Bei Portalp entwerfen, fertigen und installieren wir ma\u00dfgeschneiderte automatisierte Zugangsl\u00f6sungen, die darauf ausgelegt sind, die Steuerung von Verkehrsstr\u00f6men zu optimieren und die Sicherheit Ihrer Geb\u00e4ude zu erh\u00f6hen. Wir unterst\u00fctzen Sie bei all Ihren Projekten mit zuverl\u00e4ssigen und leistungsstarken Produkten.<\/p>\n<p>[\/et_pb_text][\/et_pb_column][\/et_pb_row][et_pb_row _builder_version=&#8220;4.27.4&#8243; _module_preset=&#8220;default&#8220; width_tablet=&#8220;&#8220; width_phone=&#8220;&#8220; width_last_edited=&#8220;on|phone&#8220; custom_padding=&#8220;0px||0px|10px|false|false&#8220; hover_enabled=&#8220;0&#8243; locked=&#8220;off&#8220; global_colors_info=&#8220;{}&#8220; width=&#8220;60%&#8220; sticky_enabled=&#8220;0&#8243;][et_pb_column type=&#8220;4_4&#8243; _builder_version=&#8220;4.24.2&#8243; _module_preset=&#8220;default&#8220; global_colors_info=&#8220;{}&#8220;][dica_divi_carousel item_width_tablet=&#8220;23%&#8220; item_width_phone=&#8220;75%&#8220; item_width_last_edited=&#8220;on|phone&#8220; show_items_desktop=&#8220;2&#8243; arrow_nav=&#8220;on&#8220; dot_nav=&#8220;on&#8220; equal_height=&#8220;on&#8220; advanced_effect=&#8220;1&#8243; dots_color=&#8220;#FFFFFF&#8220; overlay_color_field_bgcolor=&#8220;rgba(255,255,255,0.85)&#8220; carousel_container_padding=&#8220;||||false|false&#8220; innercontent_padding=&#8220;||||false|false&#8220; item_padding=&#8220;||50px||false|false&#8220; image_container_padding=&#8220;||||false|false&#8220; content_container_margin=&#8220;20px||20px||false|true&#8220; module_class=&#8220;carousel-with-text&#8220; _builder_version=&#8220;4.27.4&#8243; _module_preset=&#8220;default&#8220; title_font=&#8220;|600|||||||&#8220; title_text_align=&#8220;center&#8220; title_text_color=&#8220;#005B94&#8243; title_font_size=&#8220;18px&#8220; body_text_align=&#8220;center&#8220; body_text_color=&#8220;#706F6F&#8220; custom_margin=&#8220;||35px|||&#8220; custom_padding=&#8220;||||true|false&#8220; custom_css_free_form=&#8220;selector h4 {||  font-weight:600;||  color: #005b94;||}&#8220; custom_css_button=&#8220;position: absolute;||bottom: 15px;||left: 50%;||transform: translateX(-50%);&#8220; global_colors_info=&#8220;{}&#8220; custom_css_carousel_item_last_edited=&#8220;on|phone&#8220;][dica_divi_carouselitem title=&#8220;Automatische T\u00fcren&#8220; button_url_new_window=&#8220;1&#8243; image=&#8220;https:\/\/www.portalp.com\/wp-content\/uploads\/2024\/05\/page_solutions-1.jpg&#8220; content_padding=&#8220;|15px||15px|false|true&#8220; _builder_version=&#8220;4.27.4&#8243; _dynamic_attributes=&#8220;link_option_url&#8220; _module_preset=&#8220;default&#8220; header_level=&#8220;h2&#8243; body_text_align=&#8220;center&#8220; body_text_color=&#8220;#706F6F&#8220; background_color=&#8220;#FFFFFF&#8220; background_enable_color=&#8220;on&#8220; custom_button=&#8220;on&#8220; button_text_color=&#8220;#FFFFFF&#8220; button_bg_use_color_gradient=&#8220;on&#8220; button_bg_color_gradient_direction=&#8220;90deg&#8220; button_bg_color_gradient_stops=&#8220;#0075bf 0%|#004876 100%&#8220; button_border_width=&#8220;0px&#8220; button_border_radius=&#8220;50px&#8220; button_use_icon=&#8220;off&#8220; button_alignment=&#8220;center&#8220; link_option_url=&#8220;@ET-DC@eyJkeW5hbWljIjp0cnVlLCJjb250ZW50IjoicG9zdF9saW5rX3VybF9wYWdlIiwic2V0dGluZ3MiOnsicG9zdF9pZCI6IjE4NTcifX0=@&#8220; border_radii_item=&#8220;on|10px|10px|10px|10px&#8220; global_colors_info=&#8220;{}&#8220;]<\/p>\n<p class=\"carousel-btn\" style=\"color: #fff!important;\">Mehr dazu +<\/p>\n<p>[\/dica_divi_carouselitem][dica_divi_carouselitem title=&#8220;Bahnsteigt\u00fcren&#8220; button_url_new_window=&#8220;1&#8243; image=&#8220;https:\/\/www.portalp.com\/wp-content\/uploads\/2024\/05\/metro-saint-denis-pleyel.jpg&#8220; content_padding=&#8220;|15px||15px|false|true&#8220; _builder_version=&#8220;4.27.2&#8243; _dynamic_attributes=&#8220;link_option_url&#8220; _module_preset=&#8220;default&#8220; header_level=&#8220;h2&#8243; body_text_align=&#8220;center&#8220; body_text_color=&#8220;#706F6F&#8220; background_color=&#8220;#FFFFFF&#8220; background_enable_color=&#8220;on&#8220; custom_button=&#8220;on&#8220; button_text_color=&#8220;#FFFFFF&#8220; button_bg_use_color_gradient=&#8220;on&#8220; button_bg_color_gradient_direction=&#8220;90deg&#8220; button_bg_color_gradient_stops=&#8220;#0075bf 0%|#004876 100%&#8220; button_border_width=&#8220;0px&#8220; button_border_radius=&#8220;50px&#8220; button_use_icon=&#8220;off&#8220; button_alignment=&#8220;center&#8220; link_option_url=&#8220;@ET-DC@eyJkeW5hbWljIjp0cnVlLCJjb250ZW50IjoicG9zdF9saW5rX3VybF9wYWdlIiwic2V0dGluZ3MiOnsicG9zdF9pZCI6IjE2NDEifX0=@&#8220; border_radii_item=&#8220;on|10px|10px|10px|10px&#8220; global_colors_info=&#8220;{}&#8220;]<\/p>\n<p class=\"carousel-btn\" style=\"color:#fff!important\">Mehr dazu +<\/p>\n<p>[\/dica_divi_carouselitem][\/dica_divi_carousel][et_pb_button button_url=&#8220;@ET-DC@eyJkeW5hbWljIjp0cnVlLCJjb250ZW50IjoicG9zdF9saW5rX3VybF9wYWdlIiwic2V0dGluZ3MiOnsicG9zdF9pZCI6IjE4ODg1In19@&#8220; button_text=&#8220;Kontaktieren Sie uns&#8220; _builder_version=&#8220;4.27.2&#8243; _dynamic_attributes=&#8220;button_url&#8220; _module_preset=&#8220;default&#8220; global_colors_info=&#8220;{}&#8220;][\/et_pb_button][\/et_pb_column][\/et_pb_row][\/et_pb_section]<\/p>\n","protected":false},"excerpt":{"rendered":"<p><span><span><a href=\"https:\/\/www.portalp.com\/de\/\">Startseite<\/a><\/span><\/span>Ma\u00dfgeschneiderte L\u00f6sungen f\u00fcr den automatischen ZugangEntdecken Sie unsere innovativen L\u00f6sungen f\u00fcr automatisierten Zugang, die auf Ihre Bed\u00fcrfnisse zugeschnitten sind. Bei Portalp entwerfen, fertigen und installieren wir ma\u00dfgeschneiderte automatisierte Zugangsl\u00f6sungen, die darauf ausgelegt sind, die Steuerung von Verkehrsstr\u00f6men zu optimieren und die Sicherheit Ihrer Geb\u00e4ude zu erh\u00f6hen. Wir unterst\u00fctzen Sie bei all Ihren Projekten mit zuverl\u00e4ssigen [&hellip;]<\/p>\n","protected":false},"author":1,"featured_media":3581,"parent":0,"menu_order":0,"comment_status":"closed","ping_status":"closed","template":"","meta":{"_et_pb_use_builder":"on","_et_pb_old_content":"","_et_gb_content_width":"","footnotes":""},"class_list":["post-19193","page","type-page","status-publish","has-post-thumbnail","hentry"],"yoast_head":"<!-- This site is optimized with the Yoast SEO plugin v27.4 - https:\/\/yoast.com\/product\/yoast-seo-wordpress\/ -->\n<title>L\u00f6sungen | Portalp<\/title>\n<meta name=\"description\" content=\"Automatisierte Zugangsl\u00f6sungen: automatische T\u00fcren, Aluminium-Rolll\u00e4den, Parkzugang, Geb\u00e4udesicherheit und Kai-Fassaden.\" \/>\n<meta name=\"robots\" content=\"index, follow, max-snippet:-1, max-image-preview:large, max-video-preview:-1\" \/>\n<link rel=\"canonical\" href=\"https:\/\/www.portalp.com\/de\/loesungen\/\" \/>\n<meta property=\"og:locale\" content=\"de_DE\" \/>\n<meta property=\"og:type\" content=\"article\" \/>\n<meta property=\"og:title\" content=\"L\u00f6sungen | Portalp\" \/>\n<meta property=\"og:description\" content=\"Automatisierte Zugangsl\u00f6sungen: automatische T\u00fcren, Aluminium-Rolll\u00e4den, Parkzugang, Geb\u00e4udesicherheit und Kai-Fassaden.\" \/>\n<meta property=\"og:url\" content=\"https:\/\/www.portalp.com\/de\/loesungen\/\" \/>\n<meta property=\"og:site_name\" content=\"Portalp\" \/>\n<meta property=\"article:modified_time\" content=\"2025-07-28T09:03:11+00:00\" \/>\n<meta property=\"og:image\" content=\"https:\/\/www.portalp.com\/wp-content\/uploads\/2024\/05\/page_solutions-1.jpg\" \/>\n\t<meta property=\"og:image:width\" content=\"894\" \/>\n\t<meta property=\"og:image:height\" content=\"596\" \/>\n\t<meta property=\"og:image:type\" content=\"image\/jpeg\" \/>\n<meta name=\"twitter:card\" content=\"summary_large_image\" \/>\n<meta name=\"twitter:label1\" content=\"Gesch\u00e4tzte Lesezeit\" \/>\n\t<meta name=\"twitter:data1\" content=\"1\u00a0Minute\" \/>\n<script type=\"application\/ld+json\" class=\"yoast-schema-graph\">{\"@context\":\"https:\\\/\\\/schema.org\",\"@graph\":[{\"@type\":\"WebPage\",\"@id\":\"https:\\\/\\\/www.portalp.com\\\/de\\\/loesungen\\\/\",\"url\":\"https:\\\/\\\/www.portalp.com\\\/de\\\/loesungen\\\/\",\"name\":\"L\u00f6sungen | Portalp\",\"isPartOf\":{\"@id\":\"https:\\\/\\\/www.portalp.com\\\/de\\\/#website\"},\"primaryImageOfPage\":{\"@id\":\"https:\\\/\\\/www.portalp.com\\\/de\\\/loesungen\\\/#primaryimage\"},\"image\":{\"@id\":\"https:\\\/\\\/www.portalp.com\\\/de\\\/loesungen\\\/#primaryimage\"},\"thumbnailUrl\":\"https:\\\/\\\/www.portalp.com\\\/wp-content\\\/uploads\\\/2024\\\/05\\\/page_solutions-1.jpg\",\"datePublished\":\"2024-03-04T12:49:05+00:00\",\"dateModified\":\"2025-07-28T09:03:11+00:00\",\"description\":\"Automatisierte Zugangsl\u00f6sungen: automatische T\u00fcren, Aluminium-Rolll\u00e4den, Parkzugang, Geb\u00e4udesicherheit und Kai-Fassaden.\",\"breadcrumb\":{\"@id\":\"https:\\\/\\\/www.portalp.com\\\/de\\\/loesungen\\\/#breadcrumb\"},\"inLanguage\":\"de\",\"potentialAction\":[{\"@type\":\"ReadAction\",\"target\":[\"https:\\\/\\\/www.portalp.com\\\/de\\\/loesungen\\\/\"]}]},{\"@type\":\"ImageObject\",\"inLanguage\":\"de\",\"@id\":\"https:\\\/\\\/www.portalp.com\\\/de\\\/loesungen\\\/#primaryimage\",\"url\":\"https:\\\/\\\/www.portalp.com\\\/wp-content\\\/uploads\\\/2024\\\/05\\\/page_solutions-1.jpg\",\"contentUrl\":\"https:\\\/\\\/www.portalp.com\\\/wp-content\\\/uploads\\\/2024\\\/05\\\/page_solutions-1.jpg\",\"width\":894,\"height\":596,\"caption\":\"Porte automatique pi\u00e9tonne\"},{\"@type\":\"BreadcrumbList\",\"@id\":\"https:\\\/\\\/www.portalp.com\\\/de\\\/loesungen\\\/#breadcrumb\",\"itemListElement\":[{\"@type\":\"ListItem\",\"position\":1,\"name\":\"Startseite\",\"item\":\"https:\\\/\\\/www.portalp.com\\\/de\\\/\"},{\"@type\":\"ListItem\",\"position\":2,\"name\":\"L\u00f6sungen\"}]},{\"@type\":\"WebSite\",\"@id\":\"https:\\\/\\\/www.portalp.com\\\/de\\\/#website\",\"url\":\"https:\\\/\\\/www.portalp.com\\\/de\\\/\",\"name\":\"Portalp\",\"description\":\"\",\"publisher\":{\"@id\":\"https:\\\/\\\/www.portalp.com\\\/de\\\/#organization\"},\"potentialAction\":[{\"@type\":\"SearchAction\",\"target\":{\"@type\":\"EntryPoint\",\"urlTemplate\":\"https:\\\/\\\/www.portalp.com\\\/de\\\/?s={search_term_string}\"},\"query-input\":{\"@type\":\"PropertyValueSpecification\",\"valueRequired\":true,\"valueName\":\"search_term_string\"}}],\"inLanguage\":\"de\"},{\"@type\":\"Organization\",\"@id\":\"https:\\\/\\\/www.portalp.com\\\/de\\\/#organization\",\"name\":\"Portalp\",\"url\":\"https:\\\/\\\/www.portalp.com\\\/de\\\/\",\"logo\":{\"@type\":\"ImageObject\",\"inLanguage\":\"de\",\"@id\":\"https:\\\/\\\/www.portalp.com\\\/de\\\/#\\\/schema\\\/logo\\\/image\\\/\",\"url\":\"https:\\\/\\\/www.portalp.com\\\/wp-content\\\/uploads\\\/2024\\\/05\\\/Logo-PORTALP_coul-72.png\",\"contentUrl\":\"https:\\\/\\\/www.portalp.com\\\/wp-content\\\/uploads\\\/2024\\\/05\\\/Logo-PORTALP_coul-72.png\",\"width\":375,\"height\":142,\"caption\":\"Portalp\"},\"image\":{\"@id\":\"https:\\\/\\\/www.portalp.com\\\/de\\\/#\\\/schema\\\/logo\\\/image\\\/\"},\"sameAs\":[\"https:\\\/\\\/www.linkedin.com\\\/company\\\/portalp\"]}]}<\/script>\n<!-- \/ Yoast SEO plugin. -->","yoast_head_json":{"title":"L\u00f6sungen | Portalp","description":"Automatisierte Zugangsl\u00f6sungen: automatische T\u00fcren, Aluminium-Rolll\u00e4den, Parkzugang, Geb\u00e4udesicherheit und Kai-Fassaden.","robots":{"index":"index","follow":"follow","max-snippet":"max-snippet:-1","max-image-preview":"max-image-preview:large","max-video-preview":"max-video-preview:-1"},"canonical":"https:\/\/www.portalp.com\/de\/loesungen\/","og_locale":"de_DE","og_type":"article","og_title":"L\u00f6sungen | Portalp","og_description":"Automatisierte Zugangsl\u00f6sungen: automatische T\u00fcren, Aluminium-Rolll\u00e4den, Parkzugang, Geb\u00e4udesicherheit und Kai-Fassaden.","og_url":"https:\/\/www.portalp.com\/de\/loesungen\/","og_site_name":"Portalp","article_modified_time":"2025-07-28T09:03:11+00:00","og_image":[{"width":894,"height":596,"url":"https:\/\/www.portalp.com\/wp-content\/uploads\/2024\/05\/page_solutions-1.jpg","type":"image\/jpeg"}],"twitter_card":"summary_large_image","twitter_misc":{"Gesch\u00e4tzte Lesezeit":"1\u00a0Minute"},"schema":{"@context":"https:\/\/schema.org","@graph":[{"@type":"WebPage","@id":"https:\/\/www.portalp.com\/de\/loesungen\/","url":"https:\/\/www.portalp.com\/de\/loesungen\/","name":"L\u00f6sungen | Portalp","isPartOf":{"@id":"https:\/\/www.portalp.com\/de\/#website"},"primaryImageOfPage":{"@id":"https:\/\/www.portalp.com\/de\/loesungen\/#primaryimage"},"image":{"@id":"https:\/\/www.portalp.com\/de\/loesungen\/#primaryimage"},"thumbnailUrl":"https:\/\/www.portalp.com\/wp-content\/uploads\/2024\/05\/page_solutions-1.jpg","datePublished":"2024-03-04T12:49:05+00:00","dateModified":"2025-07-28T09:03:11+00:00","description":"Automatisierte Zugangsl\u00f6sungen: automatische T\u00fcren, Aluminium-Rolll\u00e4den, Parkzugang, Geb\u00e4udesicherheit und Kai-Fassaden.","breadcrumb":{"@id":"https:\/\/www.portalp.com\/de\/loesungen\/#breadcrumb"},"inLanguage":"de","potentialAction":[{"@type":"ReadAction","target":["https:\/\/www.portalp.com\/de\/loesungen\/"]}]},{"@type":"ImageObject","inLanguage":"de","@id":"https:\/\/www.portalp.com\/de\/loesungen\/#primaryimage","url":"https:\/\/www.portalp.com\/wp-content\/uploads\/2024\/05\/page_solutions-1.jpg","contentUrl":"https:\/\/www.portalp.com\/wp-content\/uploads\/2024\/05\/page_solutions-1.jpg","width":894,"height":596,"caption":"Porte automatique pi\u00e9tonne"},{"@type":"BreadcrumbList","@id":"https:\/\/www.portalp.com\/de\/loesungen\/#breadcrumb","itemListElement":[{"@type":"ListItem","position":1,"name":"Startseite","item":"https:\/\/www.portalp.com\/de\/"},{"@type":"ListItem","position":2,"name":"L\u00f6sungen"}]},{"@type":"WebSite","@id":"https:\/\/www.portalp.com\/de\/#website","url":"https:\/\/www.portalp.com\/de\/","name":"Portalp","description":"","publisher":{"@id":"https:\/\/www.portalp.com\/de\/#organization"},"potentialAction":[{"@type":"SearchAction","target":{"@type":"EntryPoint","urlTemplate":"https:\/\/www.portalp.com\/de\/?s={search_term_string}"},"query-input":{"@type":"PropertyValueSpecification","valueRequired":true,"valueName":"search_term_string"}}],"inLanguage":"de"},{"@type":"Organization","@id":"https:\/\/www.portalp.com\/de\/#organization","name":"Portalp","url":"https:\/\/www.portalp.com\/de\/","logo":{"@type":"ImageObject","inLanguage":"de","@id":"https:\/\/www.portalp.com\/de\/#\/schema\/logo\/image\/","url":"https:\/\/www.portalp.com\/wp-content\/uploads\/2024\/05\/Logo-PORTALP_coul-72.png","contentUrl":"https:\/\/www.portalp.com\/wp-content\/uploads\/2024\/05\/Logo-PORTALP_coul-72.png","width":375,"height":142,"caption":"Portalp"},"image":{"@id":"https:\/\/www.portalp.com\/de\/#\/schema\/logo\/image\/"},"sameAs":["https:\/\/www.linkedin.com\/company\/portalp"]}]}},"_links":{"self":[{"href":"https:\/\/www.portalp.com\/de\/wp-json\/wp\/v2\/pages\/19193","targetHints":{"allow":["GET"]}}],"collection":[{"href":"https:\/\/www.portalp.com\/de\/wp-json\/wp\/v2\/pages"}],"about":[{"href":"https:\/\/www.portalp.com\/de\/wp-json\/wp\/v2\/types\/page"}],"author":[{"embeddable":true,"href":"https:\/\/www.portalp.com\/de\/wp-json\/wp\/v2\/users\/1"}],"replies":[{"embeddable":true,"href":"https:\/\/www.portalp.com\/de\/wp-json\/wp\/v2\/comments?post=19193"}],"version-history":[{"count":0,"href":"https:\/\/www.portalp.com\/de\/wp-json\/wp\/v2\/pages\/19193\/revisions"}],"wp:featuredmedia":[{"embeddable":true,"href":"https:\/\/www.portalp.com\/de\/wp-json\/wp\/v2\/media\/3581"}],"wp:attachment":[{"href":"https:\/\/www.portalp.com\/de\/wp-json\/wp\/v2\/media?parent=19193"}],"curies":[{"name":"wp","href":"https:\/\/api.w.org\/{rel}","templated":true}]}}