{"id":17335,"date":"2024-03-04T13:49:18","date_gmt":"2024-03-04T12:49:18","guid":{"rendered":"https:\/\/www.portalp.com\/einsatzbereiche\/"},"modified":"2025-07-25T10:47:23","modified_gmt":"2025-07-25T09:47:23","slug":"branchen","status":"publish","type":"page","link":"https:\/\/www.portalp.com\/de\/branchen\/","title":{"rendered":"Branchen"},"content":{"rendered":"<p>[et_pb_section fb_built=&#8220;1&#8243; _builder_version=&#8220;4.27.2&#8243; _module_preset=&#8220;default&#8220; background_color=&#8220;#E4DAD3&#8243; custom_margin=&#8220;110px||||false|false&#8220; custom_margin_tablet=&#8220;110px||||false|false&#8220; custom_margin_phone=&#8220;70px||||false|false&#8220; custom_margin_last_edited=&#8220;on|phone&#8220; custom_padding=&#8220;||||true|false&#8220; custom_css_free_form=&#8220;selector .et_pb_blurb_container {||  background-color: rgba(255,255,255,0.4);||  margin-top: 10px;||  overflow: hidden;||  border-radius: 10px;||}||||selector .et_pb_blurb_description {||  background-color: #B49988;||  transform: skew(-20deg) translateX(-5px);||  transform-origin: top;||  border-radius: 10px;||  height: 100%;||  transition: linear-gradient 2s ease;||    padding: 10px 20px;||}||||selector h2 {||  font-size:18px;||  transform: skew(20deg);||  transform-origin: top;||  background-color: #B49988;||  color: #fff;||  width:95%||}&#8220; global_colors_info=&#8220;{}&#8220;][et_pb_row _builder_version=&#8220;4.24.2&#8243; _module_preset=&#8220;default&#8220; global_colors_info=&#8220;{}&#8220;][et_pb_column type=&#8220;4_4&#8243; _builder_version=&#8220;4.24.2&#8243; _module_preset=&#8220;default&#8220; global_colors_info=&#8220;{}&#8220;][et_pb_text disabled_on=&#8220;off|off|off&#8220; _builder_version=&#8220;4.24.2&#8243; _module_preset=&#8220;default&#8220; text_font_size=&#8220;0.8em&#8220; saved_tabs=&#8220;all&#8220; global_colors_info=&#8220;{}&#8220;]<\/p>\n<span><span><a href=\"https:\/\/www.portalp.com\/de\/\">Startseite<\/a><\/span><\/span>\n<p>[\/et_pb_text][\/et_pb_column][\/et_pb_row][et_pb_row module_id=&#8220;page-mere-marches&#8220; _builder_version=&#8220;4.24.2&#8243; _module_preset=&#8220;default&#8220; global_colors_info=&#8220;{}&#8220;][et_pb_column type=&#8220;4_4&#8243; _builder_version=&#8220;4.24.2&#8243; _module_preset=&#8220;default&#8220; global_colors_info=&#8220;{}&#8220;][et_pb_text _builder_version=&#8220;4.27.2&#8243; _module_preset=&#8220;default&#8220; header_font=&#8220;|700|||||||&#8220; header_text_color=&#8220;#005B94&#8243; custom_margin=&#8220;||32px|||&#8220; global_colors_info=&#8220;{}&#8220;]<\/p>\n<h1 style=\"text-align: center;\">Ihre Branchen<\/h1>\n<p>[\/et_pb_text][et_pb_text _builder_version=&#8220;4.27.2&#8243; _module_preset=&#8220;default&#8220; text_text_color=&#8220;#005B94&#8243; width=&#8220;80%&#8220; width_tablet=&#8220;80%&#8220; width_phone=&#8220;80%&#8220; width_last_edited=&#8220;on|desktop&#8220; module_alignment=&#8220;center&#8220; global_colors_info=&#8220;{}&#8220;]<\/p>\n<p style=\"text-align: center;\">Wir bieten Ihnen ma\u00dfgeschneiderte automatisierte Zugangsl\u00f6sungen, die so konzipiert sind, dass sie den Besonderheiten und technischen Anforderungen jedes Ihrer Gesch\u00e4ftsbereiche gerecht werden.<\/p>\n<p>[\/et_pb_text][\/et_pb_column][\/et_pb_row][et_pb_row column_structure=&#8220;1_5,1_5,1_5,1_5,1_5&#8243; use_custom_gutter=&#8220;on&#8220; gutter_width=&#8220;2&#8243; _builder_version=&#8220;4.24.2&#8243; _module_preset=&#8220;default&#8220; global_colors_info=&#8220;{}&#8220;][et_pb_column type=&#8220;1_5&#8243; _builder_version=&#8220;4.24.2&#8243; _module_preset=&#8220;default&#8220; global_colors_info=&#8220;{}&#8220;][et_pb_blurb image=&#8220;https:\/\/www.portalp.com\/wp-content\/uploads\/2024\/03\/salles-prores.jpg&#8220; alt=&#8220;Operator in einem Reinraum&#8220; _builder_version=&#8220;4.27.2&#8243; _dynamic_attributes=&#8220;link_option_url&#8220; _module_preset=&#8220;default&#8220; header_level=&#8220;h2&#8243; animation=&#8220;off&#8220; link_option_url=&#8220;@ET-DC@eyJkeW5hbWljIjp0cnVlLCJjb250ZW50IjoicG9zdF9saW5rX3VybF9wYWdlIiwic2V0dGluZ3MiOnsicG9zdF9pZCI6IjIwMzkifX0=@&#8220; custom_css_blurb_image=&#8220;margin: 0;&#8220; border_radii_image=&#8220;on|15px|15px|15px|15px&#8220; global_colors_info=&#8220;{}&#8220;]<\/p>\n<h2>Reinr\u00e4ume<br \/>Laboratorien<\/h2>\n<p>[\/et_pb_blurb][\/et_pb_column][et_pb_column type=&#8220;1_5&#8243; _builder_version=&#8220;4.24.2&#8243; _module_preset=&#8220;default&#8220; global_colors_info=&#8220;{}&#8220;][et_pb_blurb image=&#8220;https:\/\/www.portalp.com\/wp-content\/uploads\/2024\/05\/sante-hospitalier-scaled.jpg&#8220; alt=&#8220;Portalp arbeitet im Gesundheits- und Krankenhaussektor, indem es Infrastrukturen mit automatischen T\u00fcren und anderen automatisierten Zug\u00e4ngen ausstattet.&#8220; _builder_version=&#8220;4.27.2&#8243; _dynamic_attributes=&#8220;link_option_url&#8220; _module_preset=&#8220;default&#8220; header_level=&#8220;h2&#8243; animation=&#8220;off&#8220; link_option_url=&#8220;@ET-DC@eyJkeW5hbWljIjp0cnVlLCJjb250ZW50IjoicG9zdF9saW5rX3VybF9wYWdlIiwic2V0dGluZ3MiOnsicG9zdF9pZCI6Ijk4NzAifX0=@&#8220; custom_css_blurb_image=&#8220;margin: 0;&#8220; border_radii_image=&#8220;on|15px|15px|15px|15px&#8220; global_colors_info=&#8220;{}&#8220;]<\/p>\n<h2>Gesundheitspflege Krankenh\u00e4user<\/h2>\n<p>[\/et_pb_blurb][\/et_pb_column][et_pb_column type=&#8220;1_5&#8243; _builder_version=&#8220;4.24.2&#8243; _module_preset=&#8220;default&#8220; global_colors_info=&#8220;{}&#8220;][et_pb_blurb image=&#8220;https:\/\/www.portalp.com\/wp-content\/uploads\/2024\/05\/archi-entreprise-generale.jpg&#8220; alt=&#8220;Architekten um einen Plan&#8220; _builder_version=&#8220;4.27.2&#8243; _dynamic_attributes=&#8220;link_option_url&#8220; _module_preset=&#8220;default&#8220; header_level=&#8220;h2&#8243; animation=&#8220;off&#8220; link_option_url=&#8220;@ET-DC@eyJkeW5hbWljIjp0cnVlLCJjb250ZW50IjoicG9zdF9saW5rX3VybF9wYWdlIiwic2V0dGluZ3MiOnsicG9zdF9pZCI6IjE4NzUifX0=@&#8220; custom_css_blurb_image=&#8220;margin: 0;&#8220; border_radii_image=&#8220;on|15px|15px|15px|15px&#8220; global_colors_info=&#8220;{}&#8220;]<\/p>\n<h2>Architekten<br \/>Generalunternehmer<\/h2>\n<p>[\/et_pb_blurb][\/et_pb_column][et_pb_column type=&#8220;1_5&#8243; _builder_version=&#8220;4.24.2&#8243; _module_preset=&#8220;default&#8220; global_colors_info=&#8220;{}&#8220;][et_pb_blurb image=&#8220;https:\/\/www.portalp.com\/wp-content\/uploads\/2024\/05\/industries.jpg&#8220; alt=&#8220;Produktionsarbeiter\/in&#8220; _builder_version=&#8220;4.27.2&#8243; _dynamic_attributes=&#8220;link_option_url&#8220; _module_preset=&#8220;default&#8220; header_level=&#8220;h2&#8243; animation=&#8220;off&#8220; link_option_url=&#8220;@ET-DC@eyJkeW5hbWljIjp0cnVlLCJjb250ZW50IjoicG9zdF9saW5rX3VybF9wYWdlIiwic2V0dGluZ3MiOnsicG9zdF9pZCI6IjExNzU1In19@&#8220; custom_css_blurb_image=&#8220;margin: 0;&#8220; border_radii_image=&#8220;on|15px|15px|15px|15px&#8220; global_colors_info=&#8220;{}&#8220;]<\/p>\n<h2>Industrien<br \/><span style=\"color: #b49988;\">&#8211;<\/span><\/h2>\n<p>[\/et_pb_blurb][\/et_pb_column][et_pb_column type=&#8220;1_5&#8243; _builder_version=&#8220;4.24.2&#8243; _module_preset=&#8220;default&#8220; global_colors_info=&#8220;{}&#8220;][et_pb_blurb image=&#8220;https:\/\/www.portalp.com\/wp-content\/uploads\/2024\/05\/bancaire.jpg&#8220; alt=&#8220;Gespr\u00e4ch zwischen einem Mann und einer Frau&#8220; _builder_version=&#8220;4.27.2&#8243; _dynamic_attributes=&#8220;link_option_url&#8220; _module_preset=&#8220;default&#8220; header_level=&#8220;h2&#8243; animation=&#8220;off&#8220; link_option_url=&#8220;@ET-DC@eyJkeW5hbWljIjp0cnVlLCJjb250ZW50IjoicG9zdF9saW5rX3VybF9wYWdlIiwic2V0dGluZ3MiOnsicG9zdF9pZCI6IjEyMzM5In19@&#8220; custom_css_blurb_image=&#8220;margin: 0;&#8220; border_radii_image=&#8220;on|15px|15px|15px|15px&#8220; global_colors_info=&#8220;{}&#8220;]<\/p>\n<h2>Bankensektor<br \/>\n<span style=\"color: #b49988;\">&#8211;<\/span><\/h2>\n<p>[\/et_pb_blurb][\/et_pb_column][\/et_pb_row][et_pb_row column_structure=&#8220;1_5,1_5,1_5,1_5,1_5&#8243; use_custom_gutter=&#8220;on&#8220; gutter_width=&#8220;2&#8243; _builder_version=&#8220;4.24.2&#8243; _module_preset=&#8220;default&#8220; global_colors_info=&#8220;{}&#8220;][et_pb_column type=&#8220;1_5&#8243; _builder_version=&#8220;4.24.2&#8243; _module_preset=&#8220;default&#8220; global_colors_info=&#8220;{}&#8220;][et_pb_blurb image=&#8220;https:\/\/www.portalp.com\/wp-content\/uploads\/2024\/05\/administration-tertiaire.jpg&#8220; alt=&#8220;Angestellte, die sich an einem Schreibtisch unterhalten&#8220; _builder_version=&#8220;4.27.2&#8243; _dynamic_attributes=&#8220;link_option_url&#8220; _module_preset=&#8220;default&#8220; header_level=&#8220;h2&#8243; animation=&#8220;off&#8220; link_option_url=&#8220;@ET-DC@eyJkeW5hbWljIjp0cnVlLCJjb250ZW50IjoicG9zdF9saW5rX3VybF9wYWdlIiwic2V0dGluZ3MiOnsicG9zdF9pZCI6IjE4ODUifX0=@&#8220; custom_css_blurb_image=&#8220;margin: 0;&#8220; border_radii_image=&#8220;on|15px|15px|15px|15px&#8220; global_colors_info=&#8220;{}&#8220;]<\/p>\n<h2>\u00d6ffentliche Verwaltungen Beh\u00f6rden<\/h2>\n<p>[\/et_pb_blurb][\/et_pb_column][et_pb_column type=&#8220;1_5&#8243; _builder_version=&#8220;4.24.2&#8243; _module_preset=&#8220;default&#8220; global_colors_info=&#8220;{}&#8220;][et_pb_blurb image=&#8220;https:\/\/www.portalp.com\/wp-content\/uploads\/2024\/03\/commerces.jpg&#8220; alt=&#8220;Paar in einem Einkaufszentrum&#8220; _builder_version=&#8220;4.24.2&#8243; _dynamic_attributes=&#8220;link_option_url&#8220; _module_preset=&#8220;default&#8220; header_level=&#8220;h2&#8243; animation=&#8220;off&#8220; link_option_url=&#8220;@ET-DC@eyJkeW5hbWljIjp0cnVlLCJjb250ZW50IjoicG9zdF9saW5rX3VybF9wYWdlIiwic2V0dGluZ3MiOnsicG9zdF9pZCI6IjE4ODgifX0=@&#8220; custom_css_blurb_image=&#8220;margin: 0;&#8220; border_radii_image=&#8220;on|15px|15px|15px|15px&#8220; global_colors_info=&#8220;{}&#8220;]<\/p>\n<h2>Einzelhandel<br \/><span style=\"color: #b49988;\">&#8211;<\/span><\/h2>\n<p>[\/et_pb_blurb][\/et_pb_column][et_pb_column type=&#8220;1_5&#8243; _builder_version=&#8220;4.24.2&#8243; _module_preset=&#8220;default&#8220; global_colors_info=&#8220;{}&#8220;][et_pb_blurb image=&#8220;https:\/\/www.portalp.com\/wp-content\/uploads\/2024\/05\/hotellerie-restauration.jpg&#8220; alt=&#8220;Kellnerin, die in einem Restaurant den Tisch deckt&#8220; _builder_version=&#8220;4.27.2&#8243; _dynamic_attributes=&#8220;link_option_url&#8220; _module_preset=&#8220;default&#8220; header_level=&#8220;h2&#8243; animation=&#8220;off&#8220; link_option_url=&#8220;@ET-DC@eyJkeW5hbWljIjp0cnVlLCJjb250ZW50IjoicG9zdF9saW5rX3VybF9wYWdlIiwic2V0dGluZ3MiOnsicG9zdF9pZCI6IjE4OTEifX0=@&#8220; custom_css_blurb_image=&#8220;margin: 0;&#8220; border_radii_image=&#8220;on|15px|15px|15px|15px&#8220; global_colors_info=&#8220;{}&#8220;]<\/p>\n<h2>Gastgewerbe <br \/>Restaurants<\/h2>\n<p>[\/et_pb_blurb][\/et_pb_column][et_pb_column type=&#8220;1_5&#8243; _builder_version=&#8220;4.24.2&#8243; _module_preset=&#8220;default&#8220; global_colors_info=&#8220;{}&#8220;][et_pb_blurb image=&#8220;https:\/\/www.portalp.com\/wp-content\/uploads\/2024\/07\/portalp_solutions_facades_de_quai_ferroviaire.jpg&#8220; alt=&#8220;Bahnsteigt\u00fcren&#8220; _builder_version=&#8220;4.27.2&#8243; _dynamic_attributes=&#8220;link_option_url&#8220; _module_preset=&#8220;default&#8220; header_level=&#8220;h2&#8243; animation=&#8220;off&#8220; link_option_url=&#8220;@ET-DC@eyJkeW5hbWljIjp0cnVlLCJjb250ZW50IjoicG9zdF9saW5rX3VybF9wYWdlIiwic2V0dGluZ3MiOnsicG9zdF9pZCI6IjE2NDEifX0=@&#8220; custom_css_blurb_image=&#8220;margin: 0;&#8220; border_radii_image=&#8220;on|15px|15px|15px|15px&#8220; global_colors_info=&#8220;{}&#8220;]<\/p>\n<h2>Bahnsteigt\u00fcren<br \/><span style=\"color: #b49988;\">&#8211;<\/span><\/h2>\n<p>[\/et_pb_blurb][\/et_pb_column][et_pb_column type=&#8220;1_5&#8243; _builder_version=&#8220;4.24.2&#8243; _module_preset=&#8220;default&#8220; global_colors_info=&#8220;{}&#8220;][et_pb_blurb image=&#8220;https:\/\/www.portalp.com\/wp-content\/uploads\/2024\/05\/copropriete.jpg&#8220; alt=&#8220;Portalp sichert und automatisiert die Eing\u00e4nge zu Geb\u00e4uden von Eigent\u00fcmergemeinschaften und Hausverwaltungen&#8220; _builder_version=&#8220;4.27.2&#8243; _dynamic_attributes=&#8220;link_option_url&#8220; _module_preset=&#8220;default&#8220; header_level=&#8220;h2&#8243; animation=&#8220;off&#8220; link_option_url=&#8220;@ET-DC@eyJkeW5hbWljIjp0cnVlLCJjb250ZW50IjoicG9zdF9saW5rX3VybF9wYWdlIiwic2V0dGluZ3MiOnsicG9zdF9pZCI6IjE4OTUifX0=@&#8220; custom_css_blurb_image=&#8220;margin: 0;&#8220; border_radii_image=&#8220;on|15px|15px|15px|15px&#8220; global_colors_info=&#8220;{}&#8220;]<\/p>\n<h2>Hausverwaltungen Miteigentum<\/h2>\n<p>[\/et_pb_blurb][\/et_pb_column][\/et_pb_row][\/et_pb_section]<\/p>\n","protected":false},"excerpt":{"rendered":"<p><span><span><a href=\"https:\/\/www.portalp.com\/de\/\">Startseite<\/a><\/span><\/span>Ihre BranchenWir bieten Ihnen ma\u00dfgeschneiderte automatisierte Zugangsl\u00f6sungen, die so konzipiert sind, dass sie den Besonderheiten und technischen Anforderungen jedes Ihrer Gesch\u00e4ftsbereiche gerecht werden.Reinr\u00e4umeLaboratorienGesundheitspflege Krankenh\u00e4userArchitektenGeneralunternehmerIndustrien-Bankensektor -\u00d6ffentliche Verwaltungen Beh\u00f6rdenEinzelhandel-Gastgewerbe RestaurantsBahnsteigt\u00fcren-Hausverwaltungen Miteigentum<\/p>\n","protected":false},"author":1,"featured_media":27060,"parent":0,"menu_order":0,"comment_status":"closed","ping_status":"closed","template":"","meta":{"_et_pb_use_builder":"on","_et_pb_old_content":"","_et_gb_content_width":"","footnotes":""},"class_list":["post-17335","page","type-page","status-publish","has-post-thumbnail","hentry"],"yoast_head":"<!-- This site is optimized with the Yoast SEO plugin v27.4 - https:\/\/yoast.com\/product\/yoast-seo-wordpress\/ -->\n<title>Branchen | Portalp<\/title>\n<meta name=\"description\" content=\"Ma\u00dfgeschneiderte automatische Zutrittsl\u00f6sungen, die auf die spezifischen Anforderungen und technischen Einschr\u00e4nkungen Ihrer verschiedenen Branchen abgestimmt sind.\" \/>\n<meta name=\"robots\" content=\"index, follow, max-snippet:-1, max-image-preview:large, max-video-preview:-1\" \/>\n<link rel=\"canonical\" href=\"https:\/\/www.portalp.com\/de\/branchen\/\" \/>\n<meta property=\"og:locale\" content=\"de_DE\" \/>\n<meta property=\"og:type\" content=\"article\" \/>\n<meta property=\"og:title\" content=\"Branchen | Portalp\" \/>\n<meta property=\"og:description\" content=\"Ma\u00dfgeschneiderte automatische Zutrittsl\u00f6sungen, die auf die spezifischen Anforderungen und technischen Einschr\u00e4nkungen Ihrer verschiedenen Branchen abgestimmt sind.\" \/>\n<meta property=\"og:url\" content=\"https:\/\/www.portalp.com\/de\/branchen\/\" \/>\n<meta property=\"og:site_name\" content=\"Portalp\" \/>\n<meta property=\"article:modified_time\" content=\"2025-07-25T09:47:23+00:00\" \/>\n<meta property=\"og:image\" content=\"https:\/\/www.portalp.com\/wp-content\/uploads\/2024\/11\/solutions_portesauto_api_portalp_1.jpg\" \/>\n\t<meta property=\"og:image:width\" content=\"1000\" \/>\n\t<meta property=\"og:image:height\" content=\"1000\" \/>\n\t<meta property=\"og:image:type\" content=\"image\/jpeg\" \/>\n<meta name=\"twitter:card\" content=\"summary_large_image\" \/>\n<meta name=\"twitter:label1\" content=\"Gesch\u00e4tzte Lesezeit\" \/>\n\t<meta name=\"twitter:data1\" content=\"3\u00a0Minuten\" \/>\n<script type=\"application\/ld+json\" class=\"yoast-schema-graph\">{\"@context\":\"https:\\\/\\\/schema.org\",\"@graph\":[{\"@type\":\"WebPage\",\"@id\":\"https:\\\/\\\/www.portalp.com\\\/de\\\/branchen\\\/\",\"url\":\"https:\\\/\\\/www.portalp.com\\\/de\\\/branchen\\\/\",\"name\":\"Branchen | Portalp\",\"isPartOf\":{\"@id\":\"https:\\\/\\\/www.portalp.com\\\/de\\\/#website\"},\"primaryImageOfPage\":{\"@id\":\"https:\\\/\\\/www.portalp.com\\\/de\\\/branchen\\\/#primaryimage\"},\"image\":{\"@id\":\"https:\\\/\\\/www.portalp.com\\\/de\\\/branchen\\\/#primaryimage\"},\"thumbnailUrl\":\"https:\\\/\\\/www.portalp.com\\\/wp-content\\\/uploads\\\/2024\\\/11\\\/solutions_portesauto_api_portalp_1.jpg\",\"datePublished\":\"2024-03-04T12:49:18+00:00\",\"dateModified\":\"2025-07-25T09:47:23+00:00\",\"description\":\"Ma\u00dfgeschneiderte automatische Zutrittsl\u00f6sungen, die auf die spezifischen Anforderungen und technischen Einschr\u00e4nkungen Ihrer verschiedenen Branchen abgestimmt sind.\",\"breadcrumb\":{\"@id\":\"https:\\\/\\\/www.portalp.com\\\/de\\\/branchen\\\/#breadcrumb\"},\"inLanguage\":\"de\",\"potentialAction\":[{\"@type\":\"ReadAction\",\"target\":[\"https:\\\/\\\/www.portalp.com\\\/de\\\/branchen\\\/\"]}]},{\"@type\":\"ImageObject\",\"inLanguage\":\"de\",\"@id\":\"https:\\\/\\\/www.portalp.com\\\/de\\\/branchen\\\/#primaryimage\",\"url\":\"https:\\\/\\\/www.portalp.com\\\/wp-content\\\/uploads\\\/2024\\\/11\\\/solutions_portesauto_api_portalp_1.jpg\",\"contentUrl\":\"https:\\\/\\\/www.portalp.com\\\/wp-content\\\/uploads\\\/2024\\\/11\\\/solutions_portesauto_api_portalp_1.jpg\",\"width\":1000,\"height\":1000,\"caption\":\"Offene API-Automatik\u00adt\u00fcren von Portalp\"},{\"@type\":\"BreadcrumbList\",\"@id\":\"https:\\\/\\\/www.portalp.com\\\/de\\\/branchen\\\/#breadcrumb\",\"itemListElement\":[{\"@type\":\"ListItem\",\"position\":1,\"name\":\"Startseite\",\"item\":\"https:\\\/\\\/www.portalp.com\\\/de\\\/\"},{\"@type\":\"ListItem\",\"position\":2,\"name\":\"Branchen\"}]},{\"@type\":\"WebSite\",\"@id\":\"https:\\\/\\\/www.portalp.com\\\/de\\\/#website\",\"url\":\"https:\\\/\\\/www.portalp.com\\\/de\\\/\",\"name\":\"Portalp\",\"description\":\"\",\"publisher\":{\"@id\":\"https:\\\/\\\/www.portalp.com\\\/de\\\/#organization\"},\"potentialAction\":[{\"@type\":\"SearchAction\",\"target\":{\"@type\":\"EntryPoint\",\"urlTemplate\":\"https:\\\/\\\/www.portalp.com\\\/de\\\/?s={search_term_string}\"},\"query-input\":{\"@type\":\"PropertyValueSpecification\",\"valueRequired\":true,\"valueName\":\"search_term_string\"}}],\"inLanguage\":\"de\"},{\"@type\":\"Organization\",\"@id\":\"https:\\\/\\\/www.portalp.com\\\/de\\\/#organization\",\"name\":\"Portalp\",\"url\":\"https:\\\/\\\/www.portalp.com\\\/de\\\/\",\"logo\":{\"@type\":\"ImageObject\",\"inLanguage\":\"de\",\"@id\":\"https:\\\/\\\/www.portalp.com\\\/de\\\/#\\\/schema\\\/logo\\\/image\\\/\",\"url\":\"https:\\\/\\\/www.portalp.com\\\/wp-content\\\/uploads\\\/2024\\\/05\\\/Logo-PORTALP_coul-72.png\",\"contentUrl\":\"https:\\\/\\\/www.portalp.com\\\/wp-content\\\/uploads\\\/2024\\\/05\\\/Logo-PORTALP_coul-72.png\",\"width\":375,\"height\":142,\"caption\":\"Portalp\"},\"image\":{\"@id\":\"https:\\\/\\\/www.portalp.com\\\/de\\\/#\\\/schema\\\/logo\\\/image\\\/\"},\"sameAs\":[\"https:\\\/\\\/www.linkedin.com\\\/company\\\/portalp\"]}]}<\/script>\n<!-- \/ Yoast SEO plugin. -->","yoast_head_json":{"title":"Branchen | Portalp","description":"Ma\u00dfgeschneiderte automatische Zutrittsl\u00f6sungen, die auf die spezifischen Anforderungen und technischen Einschr\u00e4nkungen Ihrer verschiedenen Branchen abgestimmt sind.","robots":{"index":"index","follow":"follow","max-snippet":"max-snippet:-1","max-image-preview":"max-image-preview:large","max-video-preview":"max-video-preview:-1"},"canonical":"https:\/\/www.portalp.com\/de\/branchen\/","og_locale":"de_DE","og_type":"article","og_title":"Branchen | Portalp","og_description":"Ma\u00dfgeschneiderte automatische Zutrittsl\u00f6sungen, die auf die spezifischen Anforderungen und technischen Einschr\u00e4nkungen Ihrer verschiedenen Branchen abgestimmt sind.","og_url":"https:\/\/www.portalp.com\/de\/branchen\/","og_site_name":"Portalp","article_modified_time":"2025-07-25T09:47:23+00:00","og_image":[{"width":1000,"height":1000,"url":"https:\/\/www.portalp.com\/wp-content\/uploads\/2024\/11\/solutions_portesauto_api_portalp_1.jpg","type":"image\/jpeg"}],"twitter_card":"summary_large_image","twitter_misc":{"Gesch\u00e4tzte Lesezeit":"3\u00a0Minuten"},"schema":{"@context":"https:\/\/schema.org","@graph":[{"@type":"WebPage","@id":"https:\/\/www.portalp.com\/de\/branchen\/","url":"https:\/\/www.portalp.com\/de\/branchen\/","name":"Branchen | Portalp","isPartOf":{"@id":"https:\/\/www.portalp.com\/de\/#website"},"primaryImageOfPage":{"@id":"https:\/\/www.portalp.com\/de\/branchen\/#primaryimage"},"image":{"@id":"https:\/\/www.portalp.com\/de\/branchen\/#primaryimage"},"thumbnailUrl":"https:\/\/www.portalp.com\/wp-content\/uploads\/2024\/11\/solutions_portesauto_api_portalp_1.jpg","datePublished":"2024-03-04T12:49:18+00:00","dateModified":"2025-07-25T09:47:23+00:00","description":"Ma\u00dfgeschneiderte automatische Zutrittsl\u00f6sungen, die auf die spezifischen Anforderungen und technischen Einschr\u00e4nkungen Ihrer verschiedenen Branchen abgestimmt sind.","breadcrumb":{"@id":"https:\/\/www.portalp.com\/de\/branchen\/#breadcrumb"},"inLanguage":"de","potentialAction":[{"@type":"ReadAction","target":["https:\/\/www.portalp.com\/de\/branchen\/"]}]},{"@type":"ImageObject","inLanguage":"de","@id":"https:\/\/www.portalp.com\/de\/branchen\/#primaryimage","url":"https:\/\/www.portalp.com\/wp-content\/uploads\/2024\/11\/solutions_portesauto_api_portalp_1.jpg","contentUrl":"https:\/\/www.portalp.com\/wp-content\/uploads\/2024\/11\/solutions_portesauto_api_portalp_1.jpg","width":1000,"height":1000,"caption":"Offene API-Automatik\u00adt\u00fcren von Portalp"},{"@type":"BreadcrumbList","@id":"https:\/\/www.portalp.com\/de\/branchen\/#breadcrumb","itemListElement":[{"@type":"ListItem","position":1,"name":"Startseite","item":"https:\/\/www.portalp.com\/de\/"},{"@type":"ListItem","position":2,"name":"Branchen"}]},{"@type":"WebSite","@id":"https:\/\/www.portalp.com\/de\/#website","url":"https:\/\/www.portalp.com\/de\/","name":"Portalp","description":"","publisher":{"@id":"https:\/\/www.portalp.com\/de\/#organization"},"potentialAction":[{"@type":"SearchAction","target":{"@type":"EntryPoint","urlTemplate":"https:\/\/www.portalp.com\/de\/?s={search_term_string}"},"query-input":{"@type":"PropertyValueSpecification","valueRequired":true,"valueName":"search_term_string"}}],"inLanguage":"de"},{"@type":"Organization","@id":"https:\/\/www.portalp.com\/de\/#organization","name":"Portalp","url":"https:\/\/www.portalp.com\/de\/","logo":{"@type":"ImageObject","inLanguage":"de","@id":"https:\/\/www.portalp.com\/de\/#\/schema\/logo\/image\/","url":"https:\/\/www.portalp.com\/wp-content\/uploads\/2024\/05\/Logo-PORTALP_coul-72.png","contentUrl":"https:\/\/www.portalp.com\/wp-content\/uploads\/2024\/05\/Logo-PORTALP_coul-72.png","width":375,"height":142,"caption":"Portalp"},"image":{"@id":"https:\/\/www.portalp.com\/de\/#\/schema\/logo\/image\/"},"sameAs":["https:\/\/www.linkedin.com\/company\/portalp"]}]}},"_links":{"self":[{"href":"https:\/\/www.portalp.com\/de\/wp-json\/wp\/v2\/pages\/17335","targetHints":{"allow":["GET"]}}],"collection":[{"href":"https:\/\/www.portalp.com\/de\/wp-json\/wp\/v2\/pages"}],"about":[{"href":"https:\/\/www.portalp.com\/de\/wp-json\/wp\/v2\/types\/page"}],"author":[{"embeddable":true,"href":"https:\/\/www.portalp.com\/de\/wp-json\/wp\/v2\/users\/1"}],"replies":[{"embeddable":true,"href":"https:\/\/www.portalp.com\/de\/wp-json\/wp\/v2\/comments?post=17335"}],"version-history":[{"count":0,"href":"https:\/\/www.portalp.com\/de\/wp-json\/wp\/v2\/pages\/17335\/revisions"}],"wp:featuredmedia":[{"embeddable":true,"href":"https:\/\/www.portalp.com\/de\/wp-json\/wp\/v2\/media\/27060"}],"wp:attachment":[{"href":"https:\/\/www.portalp.com\/de\/wp-json\/wp\/v2\/media?parent=17335"}],"curies":[{"name":"wp","href":"https:\/\/api.w.org\/{rel}","templated":true}]}}